{"id":1099,"date":"2024-07-04T00:07:47","date_gmt":"2024-07-03T22:07:47","guid":{"rendered":"https:\/\/www.winespiritscollection.com\/producto\/whisky-jack-daniels-de-un-solo-barril-tennessee-con-caja-original-de-edicion-limitada\/"},"modified":"2024-07-04T00:07:47","modified_gmt":"2024-07-03T22:07:47","slug":"whisky-jack-daniels-de-un-solo-barril-tennessee-con-caja-original-de-edicion-limitada","status":"publish","type":"product","link":"https:\/\/www.winespiritscollection.com\/es\/producto\/whisky-jack-daniels-de-un-solo-barril-tennessee-con-caja-original-de-edicion-limitada\/","title":{"rendered":"Whisky Jack Daniel&#8217;s de un solo barril Tennessee con caja original de edici\u00f3n limitada"},"content":{"rendered":"<p>Jack Daniel&#8217;s Single Barrel Whisky es una expresi\u00f3n premium de la ic\u00f3nica destiler\u00eda Jack Daniel&#8217;s, ubicada en Lynchburg, Tennessee. A continuaci\u00f3n se muestra una descripci\u00f3n detallada de esta versi\u00f3n anterior:<\/p>\n<p>El Old Jack Daniel&#8217;s Single Barrel es un testimonio del compromiso de la destiler\u00eda con la artesan\u00eda y la calidad, y ofrece una experiencia de degustaci\u00f3n distintiva que resalta las mejores caracter\u00edsticas del whisky de Tennessee.<\/p>\n","protected":false},"excerpt":{"rendered":"<p>Jack Daniel&#8217;s Single Barrel es un whisky premium de Tennessee, seleccionado de barricas \u00fanicas por su calidad excepcional. Tiene un color \u00e1mbar intenso y ofrece aromas complejos de vainilla, caramelo, roble tostado y frutas maduras. En boca es robusto y matizado con sabores de miel, caramelo, nueces tostadas y especias. Su final es largo y persistente, con un c\u00e1lido toque de roble y especias. Con una graduaci\u00f3n alcoh\u00f3lica generalmente entre 45% y 50%, cada botella es \u00fanica y destaca por su presentaci\u00f3n elegante y detallada. Esta botella en concreto es de 70 cl y tiene una graduaci\u00f3n de 40\u00ba de alcohol.<\/p>\n","protected":false},"featured_media":1060,"comment_status":"closed","ping_status":"closed","template":"","meta":{"_acf_changed":false,"_glsr_average":0,"_glsr_ranking":0,"_glsr_reviews":0,"_joinchat":[]},"product_brand":[],"product_cat":[105],"product_tag":[155,153,156,151,154,152],"class_list":{"0":"post-1099","1":"product","2":"type-product","3":"status-publish","4":"has-post-thumbnail","6":"product_cat-coleccion-licores","7":"product_tag-collection-es","8":"product_tag-jack-daniels-es","9":"product_tag-single-es","10":"product_tag-spirits-es","11":"product_tag-tenessee-es","12":"product_tag-whisky-es","14":"first","15":"instock","16":"taxable","17":"shipping-taxable","18":"purchasable","19":"product-type-simple"},"acf":[],"yoast_head":"<!-- This site is optimized with the Yoast SEO plugin v27.2 - https:\/\/yoast.com\/product\/yoast-seo-wordpress\/ -->\n<title>Whisky Jack Daniel&#039;s single barrel Tenessee<\/title>\n<meta name=\"description\" content=\"El Old Jack Daniel&#039;s Single Barrel es un testimonio del compromiso de la destiler\u00eda con la artesan\u00eda y la calidad, la buena elaboraci\u00f3n del whisky.\" \/>\n<meta name=\"robots\" content=\"index, follow, max-snippet:-1, max-image-preview:large, max-video-preview:-1\" \/>\n<link rel=\"canonical\" href=\"https:\/\/www.winespiritscollection.com\/es\/producto\/whisky-jack-daniels-de-un-solo-barril-tennessee-con-caja-original-de-edicion-limitada\/\" \/>\n<meta property=\"og:locale\" content=\"es_ES\" \/>\n<meta property=\"og:type\" content=\"article\" \/>\n<meta property=\"og:title\" content=\"Whisky Jack Daniel&#039;s single barrel Tenessee\" \/>\n<meta property=\"og:description\" content=\"El Old Jack Daniel&#039;s Single Barrel es un testimonio del compromiso de la destiler\u00eda con la artesan\u00eda y la calidad, la buena elaboraci\u00f3n del whisky.\" \/>\n<meta property=\"og:url\" content=\"https:\/\/www.winespiritscollection.com\/es\/producto\/whisky-jack-daniels-de-un-solo-barril-tennessee-con-caja-original-de-edicion-limitada\/\" \/>\n<meta property=\"og:site_name\" content=\"Wine Spirits Collection\" \/>\n<meta property=\"og:image\" content=\"https:\/\/www.winespiritscollection.com\/wp-content\/uploads\/2024\/07\/IMG_8424-removebg-preview.png\" \/>\n\t<meta property=\"og:image:width\" content=\"433\" \/>\n\t<meta property=\"og:image:height\" content=\"577\" \/>\n\t<meta property=\"og:image:type\" content=\"image\/png\" \/>\n<meta name=\"twitter:card\" content=\"summary_large_image\" \/>\n<script type=\"application\/ld+json\" class=\"yoast-schema-graph\">{\"@context\":\"https:\/\/schema.org\",\"@graph\":[{\"@type\":\"WebPage\",\"@id\":\"https:\/\/www.winespiritscollection.com\/es\/producto\/whisky-jack-daniels-de-un-solo-barril-tennessee-con-caja-original-de-edicion-limitada\/\",\"url\":\"https:\/\/www.winespiritscollection.com\/es\/producto\/whisky-jack-daniels-de-un-solo-barril-tennessee-con-caja-original-de-edicion-limitada\/\",\"name\":\"Whisky Jack Daniel's single barrel Tenessee\",\"isPartOf\":{\"@id\":\"https:\/\/www.winespiritscollection.com\/es\/#website\"},\"primaryImageOfPage\":{\"@id\":\"https:\/\/www.winespiritscollection.com\/es\/producto\/whisky-jack-daniels-de-un-solo-barril-tennessee-con-caja-original-de-edicion-limitada\/#primaryimage\"},\"image\":{\"@id\":\"https:\/\/www.winespiritscollection.com\/es\/producto\/whisky-jack-daniels-de-un-solo-barril-tennessee-con-caja-original-de-edicion-limitada\/#primaryimage\"},\"thumbnailUrl\":\"https:\/\/www.winespiritscollection.com\/wp-content\/uploads\/2024\/07\/IMG_8424-removebg-preview.png\",\"datePublished\":\"2024-07-03T22:07:47+00:00\",\"description\":\"El Old Jack Daniel's Single Barrel es un testimonio del compromiso de la destiler\u00eda con la artesan\u00eda y la calidad, la buena elaboraci\u00f3n del whisky.\",\"breadcrumb\":{\"@id\":\"https:\/\/www.winespiritscollection.com\/es\/producto\/whisky-jack-daniels-de-un-solo-barril-tennessee-con-caja-original-de-edicion-limitada\/#breadcrumb\"},\"inLanguage\":\"es\",\"potentialAction\":[{\"@type\":\"ReadAction\",\"target\":[\"https:\/\/www.winespiritscollection.com\/es\/producto\/whisky-jack-daniels-de-un-solo-barril-tennessee-con-caja-original-de-edicion-limitada\/\"]}]},{\"@type\":\"ImageObject\",\"inLanguage\":\"es\",\"@id\":\"https:\/\/www.winespiritscollection.com\/es\/producto\/whisky-jack-daniels-de-un-solo-barril-tennessee-con-caja-original-de-edicion-limitada\/#primaryimage\",\"url\":\"https:\/\/www.winespiritscollection.com\/wp-content\/uploads\/2024\/07\/IMG_8424-removebg-preview.png\",\"contentUrl\":\"https:\/\/www.winespiritscollection.com\/wp-content\/uploads\/2024\/07\/IMG_8424-removebg-preview.png\",\"width\":433,\"height\":577},{\"@type\":\"BreadcrumbList\",\"@id\":\"https:\/\/www.winespiritscollection.com\/es\/producto\/whisky-jack-daniels-de-un-solo-barril-tennessee-con-caja-original-de-edicion-limitada\/#breadcrumb\",\"itemListElement\":[{\"@type\":\"ListItem\",\"position\":1,\"name\":\"Portada\",\"item\":\"https:\/\/www.winespiritscollection.com\/es\/\"},{\"@type\":\"ListItem\",\"position\":2,\"name\":\"Tienda\",\"item\":\"https:\/\/www.winespiritscollection.com\/es\/tienda-de-vinos-y-licores\/\"},{\"@type\":\"ListItem\",\"position\":3,\"name\":\"Whisky Jack Daniel&#8217;s de un solo barril Tennessee con caja original de edici\u00f3n limitada\"}]},{\"@type\":\"WebSite\",\"@id\":\"https:\/\/www.winespiritscollection.com\/es\/#website\",\"url\":\"https:\/\/www.winespiritscollection.com\/es\/\",\"name\":\"Wine Spirits Collection\",\"description\":\"\",\"publisher\":{\"@id\":\"https:\/\/www.winespiritscollection.com\/es\/#organization\"},\"potentialAction\":[{\"@type\":\"SearchAction\",\"target\":{\"@type\":\"EntryPoint\",\"urlTemplate\":\"https:\/\/www.winespiritscollection.com\/es\/?s={search_term_string}\"},\"query-input\":{\"@type\":\"PropertyValueSpecification\",\"valueRequired\":true,\"valueName\":\"search_term_string\"}}],\"inLanguage\":\"es\"},{\"@type\":\"Organization\",\"@id\":\"https:\/\/www.winespiritscollection.com\/es\/#organization\",\"name\":\"Wine Spirits Collection\",\"url\":\"https:\/\/www.winespiritscollection.com\/es\/\",\"logo\":{\"@type\":\"ImageObject\",\"inLanguage\":\"es\",\"@id\":\"https:\/\/www.winespiritscollection.com\/es\/#\/schema\/logo\/image\/\",\"url\":\"https:\/\/www.winespiritscollection.com\/wp-content\/uploads\/2024\/03\/cropped-WINE_SPIRITS-LOGO-PRINCIPAL-NEGRE.png\",\"contentUrl\":\"https:\/\/www.winespiritscollection.com\/wp-content\/uploads\/2024\/03\/cropped-WINE_SPIRITS-LOGO-PRINCIPAL-NEGRE.png\",\"width\":2098,\"height\":1368,\"caption\":\"Wine Spirits Collection\"},\"image\":{\"@id\":\"https:\/\/www.winespiritscollection.com\/es\/#\/schema\/logo\/image\/\"}}]}<\/script>\n<!-- \/ Yoast SEO plugin. -->","yoast_head_json":{"title":"Whisky Jack Daniel's single barrel Tenessee","description":"El Old Jack Daniel's Single Barrel es un testimonio del compromiso de la destiler\u00eda con la artesan\u00eda y la calidad, la buena elaboraci\u00f3n del whisky.","robots":{"index":"index","follow":"follow","max-snippet":"max-snippet:-1","max-image-preview":"max-image-preview:large","max-video-preview":"max-video-preview:-1"},"canonical":"https:\/\/www.winespiritscollection.com\/es\/producto\/whisky-jack-daniels-de-un-solo-barril-tennessee-con-caja-original-de-edicion-limitada\/","og_locale":"es_ES","og_type":"article","og_title":"Whisky Jack Daniel's single barrel Tenessee","og_description":"El Old Jack Daniel's Single Barrel es un testimonio del compromiso de la destiler\u00eda con la artesan\u00eda y la calidad, la buena elaboraci\u00f3n del whisky.","og_url":"https:\/\/www.winespiritscollection.com\/es\/producto\/whisky-jack-daniels-de-un-solo-barril-tennessee-con-caja-original-de-edicion-limitada\/","og_site_name":"Wine Spirits Collection","og_image":[{"width":433,"height":577,"url":"https:\/\/www.winespiritscollection.com\/wp-content\/uploads\/2024\/07\/IMG_8424-removebg-preview.png","type":"image\/png"}],"twitter_card":"summary_large_image","schema":{"@context":"https:\/\/schema.org","@graph":[{"@type":"WebPage","@id":"https:\/\/www.winespiritscollection.com\/es\/producto\/whisky-jack-daniels-de-un-solo-barril-tennessee-con-caja-original-de-edicion-limitada\/","url":"https:\/\/www.winespiritscollection.com\/es\/producto\/whisky-jack-daniels-de-un-solo-barril-tennessee-con-caja-original-de-edicion-limitada\/","name":"Whisky Jack Daniel's single barrel Tenessee","isPartOf":{"@id":"https:\/\/www.winespiritscollection.com\/es\/#website"},"primaryImageOfPage":{"@id":"https:\/\/www.winespiritscollection.com\/es\/producto\/whisky-jack-daniels-de-un-solo-barril-tennessee-con-caja-original-de-edicion-limitada\/#primaryimage"},"image":{"@id":"https:\/\/www.winespiritscollection.com\/es\/producto\/whisky-jack-daniels-de-un-solo-barril-tennessee-con-caja-original-de-edicion-limitada\/#primaryimage"},"thumbnailUrl":"https:\/\/www.winespiritscollection.com\/wp-content\/uploads\/2024\/07\/IMG_8424-removebg-preview.png","datePublished":"2024-07-03T22:07:47+00:00","description":"El Old Jack Daniel's Single Barrel es un testimonio del compromiso de la destiler\u00eda con la artesan\u00eda y la calidad, la buena elaboraci\u00f3n del whisky.","breadcrumb":{"@id":"https:\/\/www.winespiritscollection.com\/es\/producto\/whisky-jack-daniels-de-un-solo-barril-tennessee-con-caja-original-de-edicion-limitada\/#breadcrumb"},"inLanguage":"es","potentialAction":[{"@type":"ReadAction","target":["https:\/\/www.winespiritscollection.com\/es\/producto\/whisky-jack-daniels-de-un-solo-barril-tennessee-con-caja-original-de-edicion-limitada\/"]}]},{"@type":"ImageObject","inLanguage":"es","@id":"https:\/\/www.winespiritscollection.com\/es\/producto\/whisky-jack-daniels-de-un-solo-barril-tennessee-con-caja-original-de-edicion-limitada\/#primaryimage","url":"https:\/\/www.winespiritscollection.com\/wp-content\/uploads\/2024\/07\/IMG_8424-removebg-preview.png","contentUrl":"https:\/\/www.winespiritscollection.com\/wp-content\/uploads\/2024\/07\/IMG_8424-removebg-preview.png","width":433,"height":577},{"@type":"BreadcrumbList","@id":"https:\/\/www.winespiritscollection.com\/es\/producto\/whisky-jack-daniels-de-un-solo-barril-tennessee-con-caja-original-de-edicion-limitada\/#breadcrumb","itemListElement":[{"@type":"ListItem","position":1,"name":"Portada","item":"https:\/\/www.winespiritscollection.com\/es\/"},{"@type":"ListItem","position":2,"name":"Tienda","item":"https:\/\/www.winespiritscollection.com\/es\/tienda-de-vinos-y-licores\/"},{"@type":"ListItem","position":3,"name":"Whisky Jack Daniel&#8217;s de un solo barril Tennessee con caja original de edici\u00f3n limitada"}]},{"@type":"WebSite","@id":"https:\/\/www.winespiritscollection.com\/es\/#website","url":"https:\/\/www.winespiritscollection.com\/es\/","name":"Wine Spirits Collection","description":"","publisher":{"@id":"https:\/\/www.winespiritscollection.com\/es\/#organization"},"potentialAction":[{"@type":"SearchAction","target":{"@type":"EntryPoint","urlTemplate":"https:\/\/www.winespiritscollection.com\/es\/?s={search_term_string}"},"query-input":{"@type":"PropertyValueSpecification","valueRequired":true,"valueName":"search_term_string"}}],"inLanguage":"es"},{"@type":"Organization","@id":"https:\/\/www.winespiritscollection.com\/es\/#organization","name":"Wine Spirits Collection","url":"https:\/\/www.winespiritscollection.com\/es\/","logo":{"@type":"ImageObject","inLanguage":"es","@id":"https:\/\/www.winespiritscollection.com\/es\/#\/schema\/logo\/image\/","url":"https:\/\/www.winespiritscollection.com\/wp-content\/uploads\/2024\/03\/cropped-WINE_SPIRITS-LOGO-PRINCIPAL-NEGRE.png","contentUrl":"https:\/\/www.winespiritscollection.com\/wp-content\/uploads\/2024\/03\/cropped-WINE_SPIRITS-LOGO-PRINCIPAL-NEGRE.png","width":2098,"height":1368,"caption":"Wine Spirits Collection"},"image":{"@id":"https:\/\/www.winespiritscollection.com\/es\/#\/schema\/logo\/image\/"}}]}},"_links":{"self":[{"href":"https:\/\/www.winespiritscollection.com\/es\/wp-json\/wp\/v2\/product\/1099","targetHints":{"allow":["GET"]}}],"collection":[{"href":"https:\/\/www.winespiritscollection.com\/es\/wp-json\/wp\/v2\/product"}],"about":[{"href":"https:\/\/www.winespiritscollection.com\/es\/wp-json\/wp\/v2\/types\/product"}],"replies":[{"embeddable":true,"href":"https:\/\/www.winespiritscollection.com\/es\/wp-json\/wp\/v2\/comments?post=1099"}],"wp:featuredmedia":[{"embeddable":true,"href":"https:\/\/www.winespiritscollection.com\/es\/wp-json\/wp\/v2\/media\/1060"}],"wp:attachment":[{"href":"https:\/\/www.winespiritscollection.com\/es\/wp-json\/wp\/v2\/media?parent=1099"}],"wp:term":[{"taxonomy":"product_brand","embeddable":true,"href":"https:\/\/www.winespiritscollection.com\/es\/wp-json\/wp\/v2\/product_brand?post=1099"},{"taxonomy":"product_cat","embeddable":true,"href":"https:\/\/www.winespiritscollection.com\/es\/wp-json\/wp\/v2\/product_cat?post=1099"},{"taxonomy":"product_tag","embeddable":true,"href":"https:\/\/www.winespiritscollection.com\/es\/wp-json\/wp\/v2\/product_tag?post=1099"}],"curies":[{"name":"wp","href":"https:\/\/api.w.org\/{rel}","templated":true}]}}