{"id":1101,"date":"2024-07-04T00:11:07","date_gmt":"2024-07-03T22:11:07","guid":{"rendered":"https:\/\/www.winespiritscollection.com\/producto\/whisky-jack-daniels-gold-medal-old-no7-15l\/"},"modified":"2024-07-04T00:11:07","modified_gmt":"2024-07-03T22:11:07","slug":"whisky-jack-daniels-gold-medal-old-no7-15l","status":"publish","type":"product","link":"https:\/\/www.winespiritscollection.com\/es\/producto\/whisky-jack-daniels-gold-medal-old-no7-15l\/","title":{"rendered":"Whisky Jack Daniel&#8217;s gold medal old n\u00ba7 1,5L"},"content":{"rendered":"<p>Jack Daniel&#8217;s Gold Medal No. 7 es una edici\u00f3n especial de la destiler\u00eda Jack Daniel&#8217;s, conmemorativa de sus premios en eventos internacionales. Este whisky tiene un color \u00e1mbar brillante y ofrece aromas de caramelo, vainilla, roble y especias suaves. En boca es suave y equilibrado, con sabores a miel, frutos secos y un toque de roble tostado. Su final es largo y c\u00e1lido. Tiene una graduaci\u00f3n alcoh\u00f3lica del 40% y destaca por su elegante presentaci\u00f3n, haciendo honor a la herencia y calidad de Jack Daniel&#8217;s.<\/p>\n","protected":false},"excerpt":{"rendered":"<p>Medalla de oro Jack Daniel&#8217;s n\u00ba7 antigua de 1,5 L y graduaci\u00f3n 45\u00ba<\/p>\n","protected":false},"featured_media":1079,"comment_status":"closed","ping_status":"closed","template":"","meta":{"_acf_changed":false,"_glsr_average":0,"_glsr_ranking":0,"_glsr_reviews":0,"_joinchat":[]},"product_brand":[],"product_cat":[105],"product_tag":[155,153,156,151,154,152],"class_list":{"0":"post-1101","1":"product","2":"type-product","3":"status-publish","4":"has-post-thumbnail","6":"product_cat-coleccion-licores","7":"product_tag-collection-es","8":"product_tag-jack-daniels-es","9":"product_tag-single-es","10":"product_tag-spirits-es","11":"product_tag-tenessee-es","12":"product_tag-whisky-es","14":"first","15":"instock","16":"taxable","17":"shipping-taxable","18":"purchasable","19":"product-type-simple"},"acf":[],"yoast_head":"<!-- This site is optimized with the Yoast SEO plugin v27.2 - https:\/\/yoast.com\/product\/yoast-seo-wordpress\/ -->\n<title>Whisky Jack Daniel&#039;s gold medal old<\/title>\n<meta name=\"description\" content=\"Jack Daniel&#039;s Gold Medal No. 7 es una edici\u00f3n especial de la destiler\u00eda Jack Daniel&#039;s, conmemorativa de sus premios en eventos internacionales.\" \/>\n<meta name=\"robots\" content=\"index, follow, max-snippet:-1, max-image-preview:large, max-video-preview:-1\" \/>\n<link rel=\"canonical\" href=\"https:\/\/www.winespiritscollection.com\/es\/producto\/whisky-jack-daniels-gold-medal-old-no7-15l\/\" \/>\n<meta property=\"og:locale\" content=\"es_ES\" \/>\n<meta property=\"og:type\" content=\"article\" \/>\n<meta property=\"og:title\" content=\"Whisky Jack Daniel&#039;s gold medal old\" \/>\n<meta property=\"og:description\" content=\"Jack Daniel&#039;s Gold Medal No. 7 es una edici\u00f3n especial de la destiler\u00eda Jack Daniel&#039;s, conmemorativa de sus premios en eventos internacionales.\" \/>\n<meta property=\"og:url\" content=\"https:\/\/www.winespiritscollection.com\/es\/producto\/whisky-jack-daniels-gold-medal-old-no7-15l\/\" \/>\n<meta property=\"og:site_name\" content=\"Wine Spirits Collection\" \/>\n<meta property=\"og:image\" content=\"https:\/\/www.winespiritscollection.com\/wp-content\/uploads\/2024\/07\/IMG_8429-removebg-preview1.png\" \/>\n\t<meta property=\"og:image:width\" content=\"433\" \/>\n\t<meta property=\"og:image:height\" content=\"577\" \/>\n\t<meta property=\"og:image:type\" content=\"image\/png\" \/>\n<meta name=\"twitter:card\" content=\"summary_large_image\" \/>\n<script type=\"application\/ld+json\" class=\"yoast-schema-graph\">{\"@context\":\"https:\/\/schema.org\",\"@graph\":[{\"@type\":\"WebPage\",\"@id\":\"https:\/\/www.winespiritscollection.com\/es\/producto\/whisky-jack-daniels-gold-medal-old-no7-15l\/\",\"url\":\"https:\/\/www.winespiritscollection.com\/es\/producto\/whisky-jack-daniels-gold-medal-old-no7-15l\/\",\"name\":\"Whisky Jack Daniel's gold medal old\",\"isPartOf\":{\"@id\":\"https:\/\/www.winespiritscollection.com\/es\/#website\"},\"primaryImageOfPage\":{\"@id\":\"https:\/\/www.winespiritscollection.com\/es\/producto\/whisky-jack-daniels-gold-medal-old-no7-15l\/#primaryimage\"},\"image\":{\"@id\":\"https:\/\/www.winespiritscollection.com\/es\/producto\/whisky-jack-daniels-gold-medal-old-no7-15l\/#primaryimage\"},\"thumbnailUrl\":\"https:\/\/www.winespiritscollection.com\/wp-content\/uploads\/2024\/07\/IMG_8429-removebg-preview1.png\",\"datePublished\":\"2024-07-03T22:11:07+00:00\",\"description\":\"Jack Daniel's Gold Medal No. 7 es una edici\u00f3n especial de la destiler\u00eda Jack Daniel's, conmemorativa de sus premios en eventos internacionales.\",\"breadcrumb\":{\"@id\":\"https:\/\/www.winespiritscollection.com\/es\/producto\/whisky-jack-daniels-gold-medal-old-no7-15l\/#breadcrumb\"},\"inLanguage\":\"es\",\"potentialAction\":[{\"@type\":\"ReadAction\",\"target\":[\"https:\/\/www.winespiritscollection.com\/es\/producto\/whisky-jack-daniels-gold-medal-old-no7-15l\/\"]}]},{\"@type\":\"ImageObject\",\"inLanguage\":\"es\",\"@id\":\"https:\/\/www.winespiritscollection.com\/es\/producto\/whisky-jack-daniels-gold-medal-old-no7-15l\/#primaryimage\",\"url\":\"https:\/\/www.winespiritscollection.com\/wp-content\/uploads\/2024\/07\/IMG_8429-removebg-preview1.png\",\"contentUrl\":\"https:\/\/www.winespiritscollection.com\/wp-content\/uploads\/2024\/07\/IMG_8429-removebg-preview1.png\",\"width\":433,\"height\":577},{\"@type\":\"BreadcrumbList\",\"@id\":\"https:\/\/www.winespiritscollection.com\/es\/producto\/whisky-jack-daniels-gold-medal-old-no7-15l\/#breadcrumb\",\"itemListElement\":[{\"@type\":\"ListItem\",\"position\":1,\"name\":\"Portada\",\"item\":\"https:\/\/www.winespiritscollection.com\/es\/\"},{\"@type\":\"ListItem\",\"position\":2,\"name\":\"Tienda\",\"item\":\"https:\/\/www.winespiritscollection.com\/es\/tienda-de-vinos-y-licores\/\"},{\"@type\":\"ListItem\",\"position\":3,\"name\":\"Whisky Jack Daniel&#8217;s gold medal old n\u00ba7 1,5L\"}]},{\"@type\":\"WebSite\",\"@id\":\"https:\/\/www.winespiritscollection.com\/es\/#website\",\"url\":\"https:\/\/www.winespiritscollection.com\/es\/\",\"name\":\"Wine Spirits Collection\",\"description\":\"\",\"publisher\":{\"@id\":\"https:\/\/www.winespiritscollection.com\/es\/#organization\"},\"potentialAction\":[{\"@type\":\"SearchAction\",\"target\":{\"@type\":\"EntryPoint\",\"urlTemplate\":\"https:\/\/www.winespiritscollection.com\/es\/?s={search_term_string}\"},\"query-input\":{\"@type\":\"PropertyValueSpecification\",\"valueRequired\":true,\"valueName\":\"search_term_string\"}}],\"inLanguage\":\"es\"},{\"@type\":\"Organization\",\"@id\":\"https:\/\/www.winespiritscollection.com\/es\/#organization\",\"name\":\"Wine Spirits Collection\",\"url\":\"https:\/\/www.winespiritscollection.com\/es\/\",\"logo\":{\"@type\":\"ImageObject\",\"inLanguage\":\"es\",\"@id\":\"https:\/\/www.winespiritscollection.com\/es\/#\/schema\/logo\/image\/\",\"url\":\"https:\/\/www.winespiritscollection.com\/wp-content\/uploads\/2024\/03\/cropped-WINE_SPIRITS-LOGO-PRINCIPAL-NEGRE.png\",\"contentUrl\":\"https:\/\/www.winespiritscollection.com\/wp-content\/uploads\/2024\/03\/cropped-WINE_SPIRITS-LOGO-PRINCIPAL-NEGRE.png\",\"width\":2098,\"height\":1368,\"caption\":\"Wine Spirits Collection\"},\"image\":{\"@id\":\"https:\/\/www.winespiritscollection.com\/es\/#\/schema\/logo\/image\/\"}}]}<\/script>\n<!-- \/ Yoast SEO plugin. -->","yoast_head_json":{"title":"Whisky Jack Daniel's gold medal old","description":"Jack Daniel's Gold Medal No. 7 es una edici\u00f3n especial de la destiler\u00eda Jack Daniel's, conmemorativa de sus premios en eventos internacionales.","robots":{"index":"index","follow":"follow","max-snippet":"max-snippet:-1","max-image-preview":"max-image-preview:large","max-video-preview":"max-video-preview:-1"},"canonical":"https:\/\/www.winespiritscollection.com\/es\/producto\/whisky-jack-daniels-gold-medal-old-no7-15l\/","og_locale":"es_ES","og_type":"article","og_title":"Whisky Jack Daniel's gold medal old","og_description":"Jack Daniel's Gold Medal No. 7 es una edici\u00f3n especial de la destiler\u00eda Jack Daniel's, conmemorativa de sus premios en eventos internacionales.","og_url":"https:\/\/www.winespiritscollection.com\/es\/producto\/whisky-jack-daniels-gold-medal-old-no7-15l\/","og_site_name":"Wine Spirits Collection","og_image":[{"width":433,"height":577,"url":"https:\/\/www.winespiritscollection.com\/wp-content\/uploads\/2024\/07\/IMG_8429-removebg-preview1.png","type":"image\/png"}],"twitter_card":"summary_large_image","schema":{"@context":"https:\/\/schema.org","@graph":[{"@type":"WebPage","@id":"https:\/\/www.winespiritscollection.com\/es\/producto\/whisky-jack-daniels-gold-medal-old-no7-15l\/","url":"https:\/\/www.winespiritscollection.com\/es\/producto\/whisky-jack-daniels-gold-medal-old-no7-15l\/","name":"Whisky Jack Daniel's gold medal old","isPartOf":{"@id":"https:\/\/www.winespiritscollection.com\/es\/#website"},"primaryImageOfPage":{"@id":"https:\/\/www.winespiritscollection.com\/es\/producto\/whisky-jack-daniels-gold-medal-old-no7-15l\/#primaryimage"},"image":{"@id":"https:\/\/www.winespiritscollection.com\/es\/producto\/whisky-jack-daniels-gold-medal-old-no7-15l\/#primaryimage"},"thumbnailUrl":"https:\/\/www.winespiritscollection.com\/wp-content\/uploads\/2024\/07\/IMG_8429-removebg-preview1.png","datePublished":"2024-07-03T22:11:07+00:00","description":"Jack Daniel's Gold Medal No. 7 es una edici\u00f3n especial de la destiler\u00eda Jack Daniel's, conmemorativa de sus premios en eventos internacionales.","breadcrumb":{"@id":"https:\/\/www.winespiritscollection.com\/es\/producto\/whisky-jack-daniels-gold-medal-old-no7-15l\/#breadcrumb"},"inLanguage":"es","potentialAction":[{"@type":"ReadAction","target":["https:\/\/www.winespiritscollection.com\/es\/producto\/whisky-jack-daniels-gold-medal-old-no7-15l\/"]}]},{"@type":"ImageObject","inLanguage":"es","@id":"https:\/\/www.winespiritscollection.com\/es\/producto\/whisky-jack-daniels-gold-medal-old-no7-15l\/#primaryimage","url":"https:\/\/www.winespiritscollection.com\/wp-content\/uploads\/2024\/07\/IMG_8429-removebg-preview1.png","contentUrl":"https:\/\/www.winespiritscollection.com\/wp-content\/uploads\/2024\/07\/IMG_8429-removebg-preview1.png","width":433,"height":577},{"@type":"BreadcrumbList","@id":"https:\/\/www.winespiritscollection.com\/es\/producto\/whisky-jack-daniels-gold-medal-old-no7-15l\/#breadcrumb","itemListElement":[{"@type":"ListItem","position":1,"name":"Portada","item":"https:\/\/www.winespiritscollection.com\/es\/"},{"@type":"ListItem","position":2,"name":"Tienda","item":"https:\/\/www.winespiritscollection.com\/es\/tienda-de-vinos-y-licores\/"},{"@type":"ListItem","position":3,"name":"Whisky Jack Daniel&#8217;s gold medal old n\u00ba7 1,5L"}]},{"@type":"WebSite","@id":"https:\/\/www.winespiritscollection.com\/es\/#website","url":"https:\/\/www.winespiritscollection.com\/es\/","name":"Wine Spirits Collection","description":"","publisher":{"@id":"https:\/\/www.winespiritscollection.com\/es\/#organization"},"potentialAction":[{"@type":"SearchAction","target":{"@type":"EntryPoint","urlTemplate":"https:\/\/www.winespiritscollection.com\/es\/?s={search_term_string}"},"query-input":{"@type":"PropertyValueSpecification","valueRequired":true,"valueName":"search_term_string"}}],"inLanguage":"es"},{"@type":"Organization","@id":"https:\/\/www.winespiritscollection.com\/es\/#organization","name":"Wine Spirits Collection","url":"https:\/\/www.winespiritscollection.com\/es\/","logo":{"@type":"ImageObject","inLanguage":"es","@id":"https:\/\/www.winespiritscollection.com\/es\/#\/schema\/logo\/image\/","url":"https:\/\/www.winespiritscollection.com\/wp-content\/uploads\/2024\/03\/cropped-WINE_SPIRITS-LOGO-PRINCIPAL-NEGRE.png","contentUrl":"https:\/\/www.winespiritscollection.com\/wp-content\/uploads\/2024\/03\/cropped-WINE_SPIRITS-LOGO-PRINCIPAL-NEGRE.png","width":2098,"height":1368,"caption":"Wine Spirits Collection"},"image":{"@id":"https:\/\/www.winespiritscollection.com\/es\/#\/schema\/logo\/image\/"}}]}},"_links":{"self":[{"href":"https:\/\/www.winespiritscollection.com\/es\/wp-json\/wp\/v2\/product\/1101","targetHints":{"allow":["GET"]}}],"collection":[{"href":"https:\/\/www.winespiritscollection.com\/es\/wp-json\/wp\/v2\/product"}],"about":[{"href":"https:\/\/www.winespiritscollection.com\/es\/wp-json\/wp\/v2\/types\/product"}],"replies":[{"embeddable":true,"href":"https:\/\/www.winespiritscollection.com\/es\/wp-json\/wp\/v2\/comments?post=1101"}],"wp:featuredmedia":[{"embeddable":true,"href":"https:\/\/www.winespiritscollection.com\/es\/wp-json\/wp\/v2\/media\/1079"}],"wp:attachment":[{"href":"https:\/\/www.winespiritscollection.com\/es\/wp-json\/wp\/v2\/media?parent=1101"}],"wp:term":[{"taxonomy":"product_brand","embeddable":true,"href":"https:\/\/www.winespiritscollection.com\/es\/wp-json\/wp\/v2\/product_brand?post=1101"},{"taxonomy":"product_cat","embeddable":true,"href":"https:\/\/www.winespiritscollection.com\/es\/wp-json\/wp\/v2\/product_cat?post=1101"},{"taxonomy":"product_tag","embeddable":true,"href":"https:\/\/www.winespiritscollection.com\/es\/wp-json\/wp\/v2\/product_tag?post=1101"}],"curies":[{"name":"wp","href":"https:\/\/api.w.org\/{rel}","templated":true}]}}