{"id":1171,"date":"2024-07-11T16:30:41","date_gmt":"2024-07-11T14:30:41","guid":{"rendered":"https:\/\/www.winespiritscollection.com\/?post_type=product&#038;p=1171"},"modified":"2024-07-11T17:01:27","modified_gmt":"2024-07-11T15:01:27","slug":"vino-tinto-pesquera-crianza-2004-ribera-del-duero-75cl-copy","status":"publish","type":"product","link":"https:\/\/www.winespiritscollection.com\/es\/producto\/vino-tinto-pesquera-crianza-2004-ribera-del-duero-75cl-copy\/","title":{"rendered":"Vino tinto pesquera gran reserva 1999 Ribera del Duero 75cl"},"content":{"rendered":"<p>El Pesquera Gran Reserva 1999 es un vino tinto excepcional de la reconocida bodega Alejandro Fern\u00e1ndez, ubicada en la prestigiosa regi\u00f3n de Ribera del Duero, Espa\u00f1a. Este vino destaca por su gran calidad y su capacidad de envejecimiento, lo que lo convierte en una aut\u00e9ntica joya enol\u00f3gica.<br \/>\nEl Pesquera Gran Reserva 1999 es una expresi\u00f3n sublime de los vinos de Ribera del Duero, ofreciendo una experiencia enol\u00f3gica rica, compleja y memorable, ideal para los amantes de los grandes vinos con historia y car\u00e1cter..<\/p>\n","protected":false},"excerpt":{"rendered":"<p>Descripci\u00f3n general:<\/p>\n<p>Bodega: Alejandro Fern\u00e1ndez, Tinto Pesquera.<br \/>\nDenominaci\u00f3n de Origen: Ribera del Duero, Espa\u00f1a.<br \/>\nA\u00f1o de Cosecha: 1999.<br \/>\nTipo de Vino: Gran Reserva (elaborado \u00fanicamente en a\u00f1adas excepcionales y con una larga crianza).<br \/>\nCapacidad: Botella est\u00e1ndar de 750 ml.<\/p>\n","protected":false},"featured_media":1175,"comment_status":"closed","ping_status":"closed","template":"","meta":{"_acf_changed":false,"_glsr_average":0,"_glsr_ranking":0,"_glsr_reviews":0,"_joinchat":[]},"product_brand":[],"product_cat":[110],"product_tag":[185,175,181,174,165],"class_list":{"0":"post-1171","1":"product","2":"type-product","3":"status-publish","4":"has-post-thumbnail","6":"product_cat-ribera-del-duero-es","7":"product_tag-1999-es","8":"product_tag-gran-reserva-es","9":"product_tag-pesquera-es","10":"product_tag-ribera-del-duero-es","11":"product_tag-vino-es","13":"first","14":"instock","15":"taxable","16":"shipping-taxable","17":"purchasable","18":"product-type-simple"},"acf":[],"yoast_head":"<!-- This site is optimized with the Yoast SEO plugin v27.2 - https:\/\/yoast.com\/product\/yoast-seo-wordpress\/ -->\n<title>Vino tinto pesquera gran reserva 1999 Ribera del Duero 75cl - Wine Spirits Collection<\/title>\n<meta name=\"description\" content=\"El Pesquera Gran Reserva 1999 es una expresi\u00f3n sublime de los vinos de Ribera del Duero, ofreciendo una experiencia enol\u00f3gica rica, compleja y memorable.\" \/>\n<meta name=\"robots\" content=\"index, follow, max-snippet:-1, max-image-preview:large, max-video-preview:-1\" \/>\n<link rel=\"canonical\" href=\"https:\/\/www.winespiritscollection.com\/es\/producto\/vino-tinto-pesquera-crianza-2004-ribera-del-duero-75cl-copy\/\" \/>\n<meta property=\"og:locale\" content=\"es_ES\" \/>\n<meta property=\"og:type\" content=\"article\" \/>\n<meta property=\"og:title\" content=\"Vino tinto pesquera gran reserva 1999 Ribera del Duero 75cl - Wine Spirits Collection\" \/>\n<meta property=\"og:description\" content=\"El Pesquera Gran Reserva 1999 es una expresi\u00f3n sublime de los vinos de Ribera del Duero, ofreciendo una experiencia enol\u00f3gica rica, compleja y memorable.\" \/>\n<meta property=\"og:url\" content=\"https:\/\/www.winespiritscollection.com\/es\/producto\/vino-tinto-pesquera-crianza-2004-ribera-del-duero-75cl-copy\/\" \/>\n<meta property=\"og:site_name\" content=\"Wine Spirits Collection\" \/>\n<meta property=\"article:modified_time\" content=\"2024-07-11T15:01:27+00:00\" \/>\n<meta property=\"og:image\" content=\"https:\/\/www.winespiritscollection.com\/wp-content\/uploads\/2024\/07\/IMG_0871-removebg-preview.png\" \/>\n\t<meta property=\"og:image:width\" content=\"433\" \/>\n\t<meta property=\"og:image:height\" content=\"577\" \/>\n\t<meta property=\"og:image:type\" content=\"image\/png\" \/>\n<meta name=\"twitter:card\" content=\"summary_large_image\" \/>\n<script type=\"application\/ld+json\" class=\"yoast-schema-graph\">{\"@context\":\"https:\/\/schema.org\",\"@graph\":[{\"@type\":\"WebPage\",\"@id\":\"https:\/\/www.winespiritscollection.com\/es\/producto\/vino-tinto-pesquera-crianza-2004-ribera-del-duero-75cl-copy\/\",\"url\":\"https:\/\/www.winespiritscollection.com\/es\/producto\/vino-tinto-pesquera-crianza-2004-ribera-del-duero-75cl-copy\/\",\"name\":\"Vino tinto pesquera gran reserva 1999 Ribera del Duero 75cl - Wine Spirits Collection\",\"isPartOf\":{\"@id\":\"https:\/\/www.winespiritscollection.com\/es\/#website\"},\"primaryImageOfPage\":{\"@id\":\"https:\/\/www.winespiritscollection.com\/es\/producto\/vino-tinto-pesquera-crianza-2004-ribera-del-duero-75cl-copy\/#primaryimage\"},\"image\":{\"@id\":\"https:\/\/www.winespiritscollection.com\/es\/producto\/vino-tinto-pesquera-crianza-2004-ribera-del-duero-75cl-copy\/#primaryimage\"},\"thumbnailUrl\":\"https:\/\/www.winespiritscollection.com\/wp-content\/uploads\/2024\/07\/IMG_0871-removebg-preview.png\",\"datePublished\":\"2024-07-11T14:30:41+00:00\",\"dateModified\":\"2024-07-11T15:01:27+00:00\",\"description\":\"El Pesquera Gran Reserva 1999 es una expresi\u00f3n sublime de los vinos de Ribera del Duero, ofreciendo una experiencia enol\u00f3gica rica, compleja y memorable.\",\"breadcrumb\":{\"@id\":\"https:\/\/www.winespiritscollection.com\/es\/producto\/vino-tinto-pesquera-crianza-2004-ribera-del-duero-75cl-copy\/#breadcrumb\"},\"inLanguage\":\"es\",\"potentialAction\":[{\"@type\":\"ReadAction\",\"target\":[\"https:\/\/www.winespiritscollection.com\/es\/producto\/vino-tinto-pesquera-crianza-2004-ribera-del-duero-75cl-copy\/\"]}]},{\"@type\":\"ImageObject\",\"inLanguage\":\"es\",\"@id\":\"https:\/\/www.winespiritscollection.com\/es\/producto\/vino-tinto-pesquera-crianza-2004-ribera-del-duero-75cl-copy\/#primaryimage\",\"url\":\"https:\/\/www.winespiritscollection.com\/wp-content\/uploads\/2024\/07\/IMG_0871-removebg-preview.png\",\"contentUrl\":\"https:\/\/www.winespiritscollection.com\/wp-content\/uploads\/2024\/07\/IMG_0871-removebg-preview.png\",\"width\":433,\"height\":577},{\"@type\":\"BreadcrumbList\",\"@id\":\"https:\/\/www.winespiritscollection.com\/es\/producto\/vino-tinto-pesquera-crianza-2004-ribera-del-duero-75cl-copy\/#breadcrumb\",\"itemListElement\":[{\"@type\":\"ListItem\",\"position\":1,\"name\":\"Portada\",\"item\":\"https:\/\/www.winespiritscollection.com\/es\/\"},{\"@type\":\"ListItem\",\"position\":2,\"name\":\"Tienda\",\"item\":\"https:\/\/www.winespiritscollection.com\/es\/tienda-de-vinos-y-licores\/\"},{\"@type\":\"ListItem\",\"position\":3,\"name\":\"Vino tinto pesquera gran reserva 1999 Ribera del Duero 75cl\"}]},{\"@type\":\"WebSite\",\"@id\":\"https:\/\/www.winespiritscollection.com\/es\/#website\",\"url\":\"https:\/\/www.winespiritscollection.com\/es\/\",\"name\":\"Wine Spirits Collection\",\"description\":\"\",\"publisher\":{\"@id\":\"https:\/\/www.winespiritscollection.com\/es\/#organization\"},\"potentialAction\":[{\"@type\":\"SearchAction\",\"target\":{\"@type\":\"EntryPoint\",\"urlTemplate\":\"https:\/\/www.winespiritscollection.com\/es\/?s={search_term_string}\"},\"query-input\":{\"@type\":\"PropertyValueSpecification\",\"valueRequired\":true,\"valueName\":\"search_term_string\"}}],\"inLanguage\":\"es\"},{\"@type\":\"Organization\",\"@id\":\"https:\/\/www.winespiritscollection.com\/es\/#organization\",\"name\":\"Wine Spirits Collection\",\"url\":\"https:\/\/www.winespiritscollection.com\/es\/\",\"logo\":{\"@type\":\"ImageObject\",\"inLanguage\":\"es\",\"@id\":\"https:\/\/www.winespiritscollection.com\/es\/#\/schema\/logo\/image\/\",\"url\":\"https:\/\/www.winespiritscollection.com\/wp-content\/uploads\/2024\/03\/cropped-WINE_SPIRITS-LOGO-PRINCIPAL-NEGRE.png\",\"contentUrl\":\"https:\/\/www.winespiritscollection.com\/wp-content\/uploads\/2024\/03\/cropped-WINE_SPIRITS-LOGO-PRINCIPAL-NEGRE.png\",\"width\":2098,\"height\":1368,\"caption\":\"Wine Spirits Collection\"},\"image\":{\"@id\":\"https:\/\/www.winespiritscollection.com\/es\/#\/schema\/logo\/image\/\"}}]}<\/script>\n<!-- \/ Yoast SEO plugin. -->","yoast_head_json":{"title":"Vino tinto pesquera gran reserva 1999 Ribera del Duero 75cl - Wine Spirits Collection","description":"El Pesquera Gran Reserva 1999 es una expresi\u00f3n sublime de los vinos de Ribera del Duero, ofreciendo una experiencia enol\u00f3gica rica, compleja y memorable.","robots":{"index":"index","follow":"follow","max-snippet":"max-snippet:-1","max-image-preview":"max-image-preview:large","max-video-preview":"max-video-preview:-1"},"canonical":"https:\/\/www.winespiritscollection.com\/es\/producto\/vino-tinto-pesquera-crianza-2004-ribera-del-duero-75cl-copy\/","og_locale":"es_ES","og_type":"article","og_title":"Vino tinto pesquera gran reserva 1999 Ribera del Duero 75cl - Wine Spirits Collection","og_description":"El Pesquera Gran Reserva 1999 es una expresi\u00f3n sublime de los vinos de Ribera del Duero, ofreciendo una experiencia enol\u00f3gica rica, compleja y memorable.","og_url":"https:\/\/www.winespiritscollection.com\/es\/producto\/vino-tinto-pesquera-crianza-2004-ribera-del-duero-75cl-copy\/","og_site_name":"Wine Spirits Collection","article_modified_time":"2024-07-11T15:01:27+00:00","og_image":[{"width":433,"height":577,"url":"https:\/\/www.winespiritscollection.com\/wp-content\/uploads\/2024\/07\/IMG_0871-removebg-preview.png","type":"image\/png"}],"twitter_card":"summary_large_image","schema":{"@context":"https:\/\/schema.org","@graph":[{"@type":"WebPage","@id":"https:\/\/www.winespiritscollection.com\/es\/producto\/vino-tinto-pesquera-crianza-2004-ribera-del-duero-75cl-copy\/","url":"https:\/\/www.winespiritscollection.com\/es\/producto\/vino-tinto-pesquera-crianza-2004-ribera-del-duero-75cl-copy\/","name":"Vino tinto pesquera gran reserva 1999 Ribera del Duero 75cl - Wine Spirits Collection","isPartOf":{"@id":"https:\/\/www.winespiritscollection.com\/es\/#website"},"primaryImageOfPage":{"@id":"https:\/\/www.winespiritscollection.com\/es\/producto\/vino-tinto-pesquera-crianza-2004-ribera-del-duero-75cl-copy\/#primaryimage"},"image":{"@id":"https:\/\/www.winespiritscollection.com\/es\/producto\/vino-tinto-pesquera-crianza-2004-ribera-del-duero-75cl-copy\/#primaryimage"},"thumbnailUrl":"https:\/\/www.winespiritscollection.com\/wp-content\/uploads\/2024\/07\/IMG_0871-removebg-preview.png","datePublished":"2024-07-11T14:30:41+00:00","dateModified":"2024-07-11T15:01:27+00:00","description":"El Pesquera Gran Reserva 1999 es una expresi\u00f3n sublime de los vinos de Ribera del Duero, ofreciendo una experiencia enol\u00f3gica rica, compleja y memorable.","breadcrumb":{"@id":"https:\/\/www.winespiritscollection.com\/es\/producto\/vino-tinto-pesquera-crianza-2004-ribera-del-duero-75cl-copy\/#breadcrumb"},"inLanguage":"es","potentialAction":[{"@type":"ReadAction","target":["https:\/\/www.winespiritscollection.com\/es\/producto\/vino-tinto-pesquera-crianza-2004-ribera-del-duero-75cl-copy\/"]}]},{"@type":"ImageObject","inLanguage":"es","@id":"https:\/\/www.winespiritscollection.com\/es\/producto\/vino-tinto-pesquera-crianza-2004-ribera-del-duero-75cl-copy\/#primaryimage","url":"https:\/\/www.winespiritscollection.com\/wp-content\/uploads\/2024\/07\/IMG_0871-removebg-preview.png","contentUrl":"https:\/\/www.winespiritscollection.com\/wp-content\/uploads\/2024\/07\/IMG_0871-removebg-preview.png","width":433,"height":577},{"@type":"BreadcrumbList","@id":"https:\/\/www.winespiritscollection.com\/es\/producto\/vino-tinto-pesquera-crianza-2004-ribera-del-duero-75cl-copy\/#breadcrumb","itemListElement":[{"@type":"ListItem","position":1,"name":"Portada","item":"https:\/\/www.winespiritscollection.com\/es\/"},{"@type":"ListItem","position":2,"name":"Tienda","item":"https:\/\/www.winespiritscollection.com\/es\/tienda-de-vinos-y-licores\/"},{"@type":"ListItem","position":3,"name":"Vino tinto pesquera gran reserva 1999 Ribera del Duero 75cl"}]},{"@type":"WebSite","@id":"https:\/\/www.winespiritscollection.com\/es\/#website","url":"https:\/\/www.winespiritscollection.com\/es\/","name":"Wine Spirits Collection","description":"","publisher":{"@id":"https:\/\/www.winespiritscollection.com\/es\/#organization"},"potentialAction":[{"@type":"SearchAction","target":{"@type":"EntryPoint","urlTemplate":"https:\/\/www.winespiritscollection.com\/es\/?s={search_term_string}"},"query-input":{"@type":"PropertyValueSpecification","valueRequired":true,"valueName":"search_term_string"}}],"inLanguage":"es"},{"@type":"Organization","@id":"https:\/\/www.winespiritscollection.com\/es\/#organization","name":"Wine Spirits Collection","url":"https:\/\/www.winespiritscollection.com\/es\/","logo":{"@type":"ImageObject","inLanguage":"es","@id":"https:\/\/www.winespiritscollection.com\/es\/#\/schema\/logo\/image\/","url":"https:\/\/www.winespiritscollection.com\/wp-content\/uploads\/2024\/03\/cropped-WINE_SPIRITS-LOGO-PRINCIPAL-NEGRE.png","contentUrl":"https:\/\/www.winespiritscollection.com\/wp-content\/uploads\/2024\/03\/cropped-WINE_SPIRITS-LOGO-PRINCIPAL-NEGRE.png","width":2098,"height":1368,"caption":"Wine Spirits Collection"},"image":{"@id":"https:\/\/www.winespiritscollection.com\/es\/#\/schema\/logo\/image\/"}}]}},"_links":{"self":[{"href":"https:\/\/www.winespiritscollection.com\/es\/wp-json\/wp\/v2\/product\/1171","targetHints":{"allow":["GET"]}}],"collection":[{"href":"https:\/\/www.winespiritscollection.com\/es\/wp-json\/wp\/v2\/product"}],"about":[{"href":"https:\/\/www.winespiritscollection.com\/es\/wp-json\/wp\/v2\/types\/product"}],"replies":[{"embeddable":true,"href":"https:\/\/www.winespiritscollection.com\/es\/wp-json\/wp\/v2\/comments?post=1171"}],"wp:featuredmedia":[{"embeddable":true,"href":"https:\/\/www.winespiritscollection.com\/es\/wp-json\/wp\/v2\/media\/1175"}],"wp:attachment":[{"href":"https:\/\/www.winespiritscollection.com\/es\/wp-json\/wp\/v2\/media?parent=1171"}],"wp:term":[{"taxonomy":"product_brand","embeddable":true,"href":"https:\/\/www.winespiritscollection.com\/es\/wp-json\/wp\/v2\/product_brand?post=1171"},{"taxonomy":"product_cat","embeddable":true,"href":"https:\/\/www.winespiritscollection.com\/es\/wp-json\/wp\/v2\/product_cat?post=1171"},{"taxonomy":"product_tag","embeddable":true,"href":"https:\/\/www.winespiritscollection.com\/es\/wp-json\/wp\/v2\/product_tag?post=1171"}],"curies":[{"name":"wp","href":"https:\/\/api.w.org\/{rel}","templated":true}]}}