{"id":1256,"date":"2024-07-11T20:35:25","date_gmt":"2024-07-11T18:35:25","guid":{"rendered":"https:\/\/www.winespiritscollection.com\/?post_type=product&#038;p=1256"},"modified":"2024-07-11T20:46:01","modified_gmt":"2024-07-11T18:46:01","slug":"vina-tondonia-vino-reserva-1997-rioja-75cl-copy","status":"publish","type":"product","link":"https:\/\/www.winespiritscollection.com\/es\/producto\/vina-tondonia-vino-reserva-1997-rioja-75cl-copy\/","title":{"rendered":"Vi\u00f1a Tondonia vino reserva 1994 Rioja 75cl"},"content":{"rendered":"<p>Vi\u00f1a Tondonia Reserva 1994 es un vino tinto emblem\u00e1tico de la prestigiosa bodega R. L\u00f3pez de Heredia, una de las bodegas m\u00e1s hist\u00f3ricas y respetadas de la regi\u00f3n de Rioja, Espa\u00f1a. Este vino destaca por su elegancia, complejidad y capacidad de envejecimiento, reflejando la tradici\u00f3n y el saber hacer enol\u00f3gico de la bodega.<br \/>\nEl Vi\u00f1a Tondonia Reserva 1994 es una expresi\u00f3n sublime de los vinos de Rioja, representando la maestr\u00eda y tradici\u00f3n de R. L\u00f3pez de Heredia. Ofrece una experiencia enol\u00f3gica rica, compleja y memorable, ideal para los amantes de los grandes vinos cl\u00e1sicos.<\/p>\n","protected":false},"excerpt":{"rendered":"<p>Descripci\u00f3n general:<\/p>\n<p>Bodega: R. L\u00f3pez de Heredia.<br \/>\nDenominaci\u00f3n de Origen: Rioja, Espa\u00f1a.<br \/>\nA\u00f1o de Cosecha: 1994.<br \/>\nTipo de Vino: Reserva (crianza m\u00ednima de 3 a\u00f1os en barrica y 3 a\u00f1os en botella antes de su comercializaci\u00f3n).<br \/>\nCapacidad: Botella est\u00e1ndar de 750 ml.<\/p>\n","protected":false},"featured_media":1260,"comment_status":"closed","ping_status":"closed","template":"","meta":{"_acf_changed":false,"_glsr_average":0,"_glsr_ranking":0,"_glsr_reviews":0,"_joinchat":[]},"product_brand":[],"product_cat":[111],"product_tag":[202,196,166,194],"class_list":{"0":"post-1256","1":"product","2":"type-product","3":"status-publish","4":"has-post-thumbnail","6":"product_cat-rioja-es","7":"product_tag-1994-es","8":"product_tag-reserva-es","9":"product_tag-rioja-es","10":"product_tag-vina-tondonia-es","12":"first","13":"outofstock","14":"taxable","15":"shipping-taxable","16":"purchasable","17":"product-type-simple"},"acf":[],"yoast_head":"<!-- This site is optimized with the Yoast SEO plugin v27.2 - https:\/\/yoast.com\/product\/yoast-seo-wordpress\/ -->\n<title>Vi\u00f1a Tondonia vino reserva 1994 Rioja 75cl - Wine Spirits Collection<\/title>\n<meta name=\"description\" content=\"El Vi\u00f1a Tondonia Reserva 1994 es una expresi\u00f3n sublime de los vinos de Rioja, representando la maestr\u00eda y tradici\u00f3n de R. L\u00f3pez de Heredia.\" \/>\n<meta name=\"robots\" content=\"index, follow, max-snippet:-1, max-image-preview:large, max-video-preview:-1\" \/>\n<link rel=\"canonical\" href=\"https:\/\/www.winespiritscollection.com\/es\/producto\/vina-tondonia-vino-reserva-1997-rioja-75cl-copy\/\" \/>\n<meta property=\"og:locale\" content=\"es_ES\" \/>\n<meta property=\"og:type\" content=\"article\" \/>\n<meta property=\"og:title\" content=\"Vi\u00f1a Tondonia vino reserva 1994 Rioja 75cl - Wine Spirits Collection\" \/>\n<meta property=\"og:description\" content=\"El Vi\u00f1a Tondonia Reserva 1994 es una expresi\u00f3n sublime de los vinos de Rioja, representando la maestr\u00eda y tradici\u00f3n de R. L\u00f3pez de Heredia.\" \/>\n<meta property=\"og:url\" content=\"https:\/\/www.winespiritscollection.com\/es\/producto\/vina-tondonia-vino-reserva-1997-rioja-75cl-copy\/\" \/>\n<meta property=\"og:site_name\" content=\"Wine Spirits Collection\" \/>\n<meta property=\"article:modified_time\" content=\"2024-07-11T18:46:01+00:00\" \/>\n<meta property=\"og:image\" content=\"https:\/\/www.winespiritscollection.com\/wp-content\/uploads\/2024\/07\/IMG_0933-removebg-preview.png\" \/>\n\t<meta property=\"og:image:width\" content=\"433\" \/>\n\t<meta property=\"og:image:height\" content=\"577\" \/>\n\t<meta property=\"og:image:type\" content=\"image\/png\" \/>\n<meta name=\"twitter:card\" content=\"summary_large_image\" \/>\n<meta name=\"twitter:label1\" content=\"Tiempo de lectura\" \/>\n\t<meta name=\"twitter:data1\" content=\"1 minuto\" \/>\n<script type=\"application\/ld+json\" class=\"yoast-schema-graph\">{\"@context\":\"https:\/\/schema.org\",\"@graph\":[{\"@type\":\"WebPage\",\"@id\":\"https:\/\/www.winespiritscollection.com\/es\/producto\/vina-tondonia-vino-reserva-1997-rioja-75cl-copy\/\",\"url\":\"https:\/\/www.winespiritscollection.com\/es\/producto\/vina-tondonia-vino-reserva-1997-rioja-75cl-copy\/\",\"name\":\"Vi\u00f1a Tondonia vino reserva 1994 Rioja 75cl - Wine Spirits Collection\",\"isPartOf\":{\"@id\":\"https:\/\/www.winespiritscollection.com\/es\/#website\"},\"primaryImageOfPage\":{\"@id\":\"https:\/\/www.winespiritscollection.com\/es\/producto\/vina-tondonia-vino-reserva-1997-rioja-75cl-copy\/#primaryimage\"},\"image\":{\"@id\":\"https:\/\/www.winespiritscollection.com\/es\/producto\/vina-tondonia-vino-reserva-1997-rioja-75cl-copy\/#primaryimage\"},\"thumbnailUrl\":\"https:\/\/www.winespiritscollection.com\/wp-content\/uploads\/2024\/07\/IMG_0933-removebg-preview.png\",\"datePublished\":\"2024-07-11T18:35:25+00:00\",\"dateModified\":\"2024-07-11T18:46:01+00:00\",\"description\":\"El Vi\u00f1a Tondonia Reserva 1994 es una expresi\u00f3n sublime de los vinos de Rioja, representando la maestr\u00eda y tradici\u00f3n de R. L\u00f3pez de Heredia.\",\"breadcrumb\":{\"@id\":\"https:\/\/www.winespiritscollection.com\/es\/producto\/vina-tondonia-vino-reserva-1997-rioja-75cl-copy\/#breadcrumb\"},\"inLanguage\":\"es\",\"potentialAction\":[{\"@type\":\"ReadAction\",\"target\":[\"https:\/\/www.winespiritscollection.com\/es\/producto\/vina-tondonia-vino-reserva-1997-rioja-75cl-copy\/\"]}]},{\"@type\":\"ImageObject\",\"inLanguage\":\"es\",\"@id\":\"https:\/\/www.winespiritscollection.com\/es\/producto\/vina-tondonia-vino-reserva-1997-rioja-75cl-copy\/#primaryimage\",\"url\":\"https:\/\/www.winespiritscollection.com\/wp-content\/uploads\/2024\/07\/IMG_0933-removebg-preview.png\",\"contentUrl\":\"https:\/\/www.winespiritscollection.com\/wp-content\/uploads\/2024\/07\/IMG_0933-removebg-preview.png\",\"width\":433,\"height\":577},{\"@type\":\"BreadcrumbList\",\"@id\":\"https:\/\/www.winespiritscollection.com\/es\/producto\/vina-tondonia-vino-reserva-1997-rioja-75cl-copy\/#breadcrumb\",\"itemListElement\":[{\"@type\":\"ListItem\",\"position\":1,\"name\":\"Portada\",\"item\":\"https:\/\/www.winespiritscollection.com\/es\/\"},{\"@type\":\"ListItem\",\"position\":2,\"name\":\"Tienda\",\"item\":\"https:\/\/www.winespiritscollection.com\/es\/tienda-de-vinos-y-licores\/\"},{\"@type\":\"ListItem\",\"position\":3,\"name\":\"Vi\u00f1a Tondonia vino reserva 1994 Rioja 75cl\"}]},{\"@type\":\"WebSite\",\"@id\":\"https:\/\/www.winespiritscollection.com\/es\/#website\",\"url\":\"https:\/\/www.winespiritscollection.com\/es\/\",\"name\":\"Wine Spirits Collection\",\"description\":\"\",\"publisher\":{\"@id\":\"https:\/\/www.winespiritscollection.com\/es\/#organization\"},\"potentialAction\":[{\"@type\":\"SearchAction\",\"target\":{\"@type\":\"EntryPoint\",\"urlTemplate\":\"https:\/\/www.winespiritscollection.com\/es\/?s={search_term_string}\"},\"query-input\":{\"@type\":\"PropertyValueSpecification\",\"valueRequired\":true,\"valueName\":\"search_term_string\"}}],\"inLanguage\":\"es\"},{\"@type\":\"Organization\",\"@id\":\"https:\/\/www.winespiritscollection.com\/es\/#organization\",\"name\":\"Wine Spirits Collection\",\"url\":\"https:\/\/www.winespiritscollection.com\/es\/\",\"logo\":{\"@type\":\"ImageObject\",\"inLanguage\":\"es\",\"@id\":\"https:\/\/www.winespiritscollection.com\/es\/#\/schema\/logo\/image\/\",\"url\":\"https:\/\/www.winespiritscollection.com\/wp-content\/uploads\/2024\/03\/cropped-WINE_SPIRITS-LOGO-PRINCIPAL-NEGRE.png\",\"contentUrl\":\"https:\/\/www.winespiritscollection.com\/wp-content\/uploads\/2024\/03\/cropped-WINE_SPIRITS-LOGO-PRINCIPAL-NEGRE.png\",\"width\":2098,\"height\":1368,\"caption\":\"Wine Spirits Collection\"},\"image\":{\"@id\":\"https:\/\/www.winespiritscollection.com\/es\/#\/schema\/logo\/image\/\"}}]}<\/script>\n<!-- \/ Yoast SEO plugin. -->","yoast_head_json":{"title":"Vi\u00f1a Tondonia vino reserva 1994 Rioja 75cl - Wine Spirits Collection","description":"El Vi\u00f1a Tondonia Reserva 1994 es una expresi\u00f3n sublime de los vinos de Rioja, representando la maestr\u00eda y tradici\u00f3n de R. L\u00f3pez de Heredia.","robots":{"index":"index","follow":"follow","max-snippet":"max-snippet:-1","max-image-preview":"max-image-preview:large","max-video-preview":"max-video-preview:-1"},"canonical":"https:\/\/www.winespiritscollection.com\/es\/producto\/vina-tondonia-vino-reserva-1997-rioja-75cl-copy\/","og_locale":"es_ES","og_type":"article","og_title":"Vi\u00f1a Tondonia vino reserva 1994 Rioja 75cl - Wine Spirits Collection","og_description":"El Vi\u00f1a Tondonia Reserva 1994 es una expresi\u00f3n sublime de los vinos de Rioja, representando la maestr\u00eda y tradici\u00f3n de R. L\u00f3pez de Heredia.","og_url":"https:\/\/www.winespiritscollection.com\/es\/producto\/vina-tondonia-vino-reserva-1997-rioja-75cl-copy\/","og_site_name":"Wine Spirits Collection","article_modified_time":"2024-07-11T18:46:01+00:00","og_image":[{"width":433,"height":577,"url":"https:\/\/www.winespiritscollection.com\/wp-content\/uploads\/2024\/07\/IMG_0933-removebg-preview.png","type":"image\/png"}],"twitter_card":"summary_large_image","twitter_misc":{"Tiempo de lectura":"1 minuto"},"schema":{"@context":"https:\/\/schema.org","@graph":[{"@type":"WebPage","@id":"https:\/\/www.winespiritscollection.com\/es\/producto\/vina-tondonia-vino-reserva-1997-rioja-75cl-copy\/","url":"https:\/\/www.winespiritscollection.com\/es\/producto\/vina-tondonia-vino-reserva-1997-rioja-75cl-copy\/","name":"Vi\u00f1a Tondonia vino reserva 1994 Rioja 75cl - Wine Spirits Collection","isPartOf":{"@id":"https:\/\/www.winespiritscollection.com\/es\/#website"},"primaryImageOfPage":{"@id":"https:\/\/www.winespiritscollection.com\/es\/producto\/vina-tondonia-vino-reserva-1997-rioja-75cl-copy\/#primaryimage"},"image":{"@id":"https:\/\/www.winespiritscollection.com\/es\/producto\/vina-tondonia-vino-reserva-1997-rioja-75cl-copy\/#primaryimage"},"thumbnailUrl":"https:\/\/www.winespiritscollection.com\/wp-content\/uploads\/2024\/07\/IMG_0933-removebg-preview.png","datePublished":"2024-07-11T18:35:25+00:00","dateModified":"2024-07-11T18:46:01+00:00","description":"El Vi\u00f1a Tondonia Reserva 1994 es una expresi\u00f3n sublime de los vinos de Rioja, representando la maestr\u00eda y tradici\u00f3n de R. L\u00f3pez de Heredia.","breadcrumb":{"@id":"https:\/\/www.winespiritscollection.com\/es\/producto\/vina-tondonia-vino-reserva-1997-rioja-75cl-copy\/#breadcrumb"},"inLanguage":"es","potentialAction":[{"@type":"ReadAction","target":["https:\/\/www.winespiritscollection.com\/es\/producto\/vina-tondonia-vino-reserva-1997-rioja-75cl-copy\/"]}]},{"@type":"ImageObject","inLanguage":"es","@id":"https:\/\/www.winespiritscollection.com\/es\/producto\/vina-tondonia-vino-reserva-1997-rioja-75cl-copy\/#primaryimage","url":"https:\/\/www.winespiritscollection.com\/wp-content\/uploads\/2024\/07\/IMG_0933-removebg-preview.png","contentUrl":"https:\/\/www.winespiritscollection.com\/wp-content\/uploads\/2024\/07\/IMG_0933-removebg-preview.png","width":433,"height":577},{"@type":"BreadcrumbList","@id":"https:\/\/www.winespiritscollection.com\/es\/producto\/vina-tondonia-vino-reserva-1997-rioja-75cl-copy\/#breadcrumb","itemListElement":[{"@type":"ListItem","position":1,"name":"Portada","item":"https:\/\/www.winespiritscollection.com\/es\/"},{"@type":"ListItem","position":2,"name":"Tienda","item":"https:\/\/www.winespiritscollection.com\/es\/tienda-de-vinos-y-licores\/"},{"@type":"ListItem","position":3,"name":"Vi\u00f1a Tondonia vino reserva 1994 Rioja 75cl"}]},{"@type":"WebSite","@id":"https:\/\/www.winespiritscollection.com\/es\/#website","url":"https:\/\/www.winespiritscollection.com\/es\/","name":"Wine Spirits Collection","description":"","publisher":{"@id":"https:\/\/www.winespiritscollection.com\/es\/#organization"},"potentialAction":[{"@type":"SearchAction","target":{"@type":"EntryPoint","urlTemplate":"https:\/\/www.winespiritscollection.com\/es\/?s={search_term_string}"},"query-input":{"@type":"PropertyValueSpecification","valueRequired":true,"valueName":"search_term_string"}}],"inLanguage":"es"},{"@type":"Organization","@id":"https:\/\/www.winespiritscollection.com\/es\/#organization","name":"Wine Spirits Collection","url":"https:\/\/www.winespiritscollection.com\/es\/","logo":{"@type":"ImageObject","inLanguage":"es","@id":"https:\/\/www.winespiritscollection.com\/es\/#\/schema\/logo\/image\/","url":"https:\/\/www.winespiritscollection.com\/wp-content\/uploads\/2024\/03\/cropped-WINE_SPIRITS-LOGO-PRINCIPAL-NEGRE.png","contentUrl":"https:\/\/www.winespiritscollection.com\/wp-content\/uploads\/2024\/03\/cropped-WINE_SPIRITS-LOGO-PRINCIPAL-NEGRE.png","width":2098,"height":1368,"caption":"Wine Spirits Collection"},"image":{"@id":"https:\/\/www.winespiritscollection.com\/es\/#\/schema\/logo\/image\/"}}]}},"_links":{"self":[{"href":"https:\/\/www.winespiritscollection.com\/es\/wp-json\/wp\/v2\/product\/1256","targetHints":{"allow":["GET"]}}],"collection":[{"href":"https:\/\/www.winespiritscollection.com\/es\/wp-json\/wp\/v2\/product"}],"about":[{"href":"https:\/\/www.winespiritscollection.com\/es\/wp-json\/wp\/v2\/types\/product"}],"replies":[{"embeddable":true,"href":"https:\/\/www.winespiritscollection.com\/es\/wp-json\/wp\/v2\/comments?post=1256"}],"wp:featuredmedia":[{"embeddable":true,"href":"https:\/\/www.winespiritscollection.com\/es\/wp-json\/wp\/v2\/media\/1260"}],"wp:attachment":[{"href":"https:\/\/www.winespiritscollection.com\/es\/wp-json\/wp\/v2\/media?parent=1256"}],"wp:term":[{"taxonomy":"product_brand","embeddable":true,"href":"https:\/\/www.winespiritscollection.com\/es\/wp-json\/wp\/v2\/product_brand?post=1256"},{"taxonomy":"product_cat","embeddable":true,"href":"https:\/\/www.winespiritscollection.com\/es\/wp-json\/wp\/v2\/product_cat?post=1256"},{"taxonomy":"product_tag","embeddable":true,"href":"https:\/\/www.winespiritscollection.com\/es\/wp-json\/wp\/v2\/product_tag?post=1256"}],"curies":[{"name":"wp","href":"https:\/\/api.w.org\/{rel}","templated":true}]}}