{"id":1408,"date":"2024-10-31T13:24:36","date_gmt":"2024-10-31T12:24:36","guid":{"rendered":"https:\/\/www.winespiritscollection.com\/?post_type=product&#038;p=1408"},"modified":"2024-10-31T13:50:43","modified_gmt":"2024-10-31T12:50:43","slug":"vina-diezmo-red-wine-reserva-1987-rioja-75-cl","status":"publish","type":"product","link":"https:\/\/www.winespiritscollection.com\/es\/producto\/vina-diezmo-red-wine-reserva-1987-rioja-75-cl\/","title":{"rendered":"Vi\u00f1a Diezmo red wine Reserva 1987 Rioja 75 cl"},"content":{"rendered":"<p>Vi\u00f1a Diezmo es una marca de vino tinto que proviene de la regi\u00f3n de Rioja en Espa\u00f1a, conocida por sus vinos elegantes y bien equilibrados. Este vino suele estar elaborado a partir de la uva Tempranillo, t\u00edpica de la regi\u00f3n, aunque en algunos casos puede contener otras variedades como Graciano o Garnacha para darle mayor complejidad.<\/p>\n<p>Vi\u00f1a Diezmo destaca por su color rojo intenso con reflejos rub\u00ed, y en nariz ofrece aromas a frutos rojos maduros como cerezas y moras, combinados con notas de vainilla, especias y un sutil toque de madera, debido a su crianza en barricas de roble. En boca es equilibrado, con taninos suaves y redondos, y un final persistente y agradable que invita a seguir disfrutando de su sabor.<\/p>\n<p>Es un vino que acompa\u00f1a muy bien platos de carnes rojas, embutidos, quesos curados y guisos, pero tambi\u00e9n es ideal para disfrutarlo solo, apreciando cada matiz de su sabor y aroma.<\/p>\n<p>Nuestros productos son botellas antiguas de colecci\u00f3n. Se han conservado bien en bodega, pero no podemos garantizar su consumo. Consumo responsable. S\u00f3lo apto para mayores de edad.<\/p>\n","protected":false},"excerpt":{"rendered":"<p>Bodega: CASA PRIMICIA<br \/>\nD.O.\/Zona: D.O.RIOJA<br \/>\nPa\u00eds: Espa\u00f1a<br \/>\nLocalidad: LAGUARDIA<br \/>\nTipo de vino: Tinto<br \/>\nCrianza: Crianza<br \/>\nGrado alcoh\u00f3lico (vol): 14%<br \/>\nCapacidad: 75cl<br \/>\nVariedades: Tempranillo<\/p>\n","protected":false},"featured_media":1367,"comment_status":"closed","ping_status":"closed","template":"","meta":{"_acf_changed":false,"_glsr_average":0,"_glsr_ranking":0,"_glsr_reviews":0,"_joinchat":[]},"product_brand":[],"product_cat":[111],"product_tag":[230,196,166],"class_list":{"0":"post-1408","1":"product","2":"type-product","3":"status-publish","4":"has-post-thumbnail","6":"product_cat-rioja-es","7":"product_tag-red-wine-es","8":"product_tag-reserva-es","9":"product_tag-rioja-es","11":"first","12":"instock","13":"taxable","14":"shipping-taxable","15":"purchasable","16":"product-type-simple"},"acf":[],"yoast_head":"<!-- This site is optimized with the Yoast SEO plugin v27.2 - https:\/\/yoast.com\/product\/yoast-seo-wordpress\/ -->\n<title>Vi\u00f1a Diezmo red wine Reserva 1987 Rioja 75 cl - Wine Spirits Collection<\/title>\n<meta name=\"description\" content=\"Descubre Vi\u00f1a Diezmo, un vino tinto riojano con cuerpo y elegante elaborado con uva Tempranillo y envejecido en barrica. Perfecto para acompa\u00f1ar carnes.\" \/>\n<meta name=\"robots\" content=\"index, follow, max-snippet:-1, max-image-preview:large, max-video-preview:-1\" \/>\n<link rel=\"canonical\" href=\"https:\/\/www.winespiritscollection.com\/es\/producto\/vina-diezmo-red-%e2%80%a61987-rioja-75-cl\/\" \/>\n<meta property=\"og:locale\" content=\"es_ES\" \/>\n<meta property=\"og:type\" content=\"article\" \/>\n<meta property=\"og:title\" content=\"Vi\u00f1a Diezmo red wine Reserva 1987 Rioja 75 cl - Wine Spirits Collection\" \/>\n<meta property=\"og:description\" content=\"Descubre Vi\u00f1a Diezmo, un vino tinto riojano con cuerpo y elegante elaborado con uva Tempranillo y envejecido en barrica. Perfecto para acompa\u00f1ar carnes.\" \/>\n<meta property=\"og:url\" content=\"https:\/\/www.winespiritscollection.com\/es\/producto\/vina-diezmo-red-%e2%80%a61987-rioja-75-cl\/\" \/>\n<meta property=\"og:site_name\" content=\"Wine Spirits Collection\" \/>\n<meta property=\"article:modified_time\" content=\"2024-10-31T12:50:43+00:00\" \/>\n<meta property=\"og:image\" content=\"https:\/\/www.winespiritscollection.com\/wp-content\/uploads\/2024\/10\/P1180872-removebg-preview-1.png\" \/>\n\t<meta property=\"og:image:width\" content=\"375\" \/>\n\t<meta property=\"og:image:height\" content=\"666\" \/>\n\t<meta property=\"og:image:type\" content=\"image\/png\" \/>\n<meta name=\"twitter:card\" content=\"summary_large_image\" \/>\n<meta name=\"twitter:label1\" content=\"Tiempo de lectura\" \/>\n\t<meta name=\"twitter:data1\" content=\"1 minuto\" \/>\n<script type=\"application\/ld+json\" class=\"yoast-schema-graph\">{\"@context\":\"https:\/\/schema.org\",\"@graph\":[{\"@type\":\"WebPage\",\"@id\":\"https:\/\/www.winespiritscollection.com\/es\/producto\/vina-diezmo-red-wine-reserva-1987-rioja-75-cl\/\",\"url\":\"https:\/\/www.winespiritscollection.com\/es\/producto\/vina-diezmo-red-%e2%80%a61987-rioja-75-cl\/\",\"name\":\"Vi\u00f1a Diezmo red wine Reserva 1987 Rioja 75 cl - Wine Spirits Collection\",\"isPartOf\":{\"@id\":\"https:\/\/www.winespiritscollection.com\/es\/#website\"},\"primaryImageOfPage\":{\"@id\":\"https:\/\/www.winespiritscollection.com\/es\/producto\/vina-diezmo-red-%e2%80%a61987-rioja-75-cl\/#primaryimage\"},\"image\":{\"@id\":\"https:\/\/www.winespiritscollection.com\/es\/producto\/vina-diezmo-red-%e2%80%a61987-rioja-75-cl\/#primaryimage\"},\"thumbnailUrl\":\"https:\/\/www.winespiritscollection.com\/wp-content\/uploads\/2024\/10\/P1180872-removebg-preview-1.png\",\"datePublished\":\"2024-10-31T12:24:36+00:00\",\"dateModified\":\"2024-10-31T12:50:43+00:00\",\"description\":\"Descubre Vi\u00f1a Diezmo, un vino tinto riojano con cuerpo y elegante elaborado con uva Tempranillo y envejecido en barrica. Perfecto para acompa\u00f1ar carnes.\",\"breadcrumb\":{\"@id\":\"https:\/\/www.winespiritscollection.com\/es\/producto\/vina-diezmo-red-%e2%80%a61987-rioja-75-cl\/#breadcrumb\"},\"inLanguage\":\"es\",\"potentialAction\":[{\"@type\":\"ReadAction\",\"target\":[\"https:\/\/www.winespiritscollection.com\/es\/producto\/vina-diezmo-red-%e2%80%a61987-rioja-75-cl\/\"]}]},{\"@type\":\"ImageObject\",\"inLanguage\":\"es\",\"@id\":\"https:\/\/www.winespiritscollection.com\/es\/producto\/vina-diezmo-red-%e2%80%a61987-rioja-75-cl\/#primaryimage\",\"url\":\"https:\/\/www.winespiritscollection.com\/wp-content\/uploads\/2024\/10\/P1180872-removebg-preview-1.png\",\"contentUrl\":\"https:\/\/www.winespiritscollection.com\/wp-content\/uploads\/2024\/10\/P1180872-removebg-preview-1.png\",\"width\":375,\"height\":666},{\"@type\":\"BreadcrumbList\",\"@id\":\"https:\/\/www.winespiritscollection.com\/es\/producto\/vina-diezmo-red-%e2%80%a61987-rioja-75-cl\/#breadcrumb\",\"itemListElement\":[{\"@type\":\"ListItem\",\"position\":1,\"name\":\"Portada\",\"item\":\"https:\/\/www.winespiritscollection.com\/es\/\"},{\"@type\":\"ListItem\",\"position\":2,\"name\":\"Tienda\",\"item\":\"https:\/\/www.winespiritscollection.com\/es\/tienda-de-vinos-y-licores\/\"},{\"@type\":\"ListItem\",\"position\":3,\"name\":\"Vi\u00f1a Diezmo red wine Reserva 1987 Rioja 75 cl\"}]},{\"@type\":\"WebSite\",\"@id\":\"https:\/\/www.winespiritscollection.com\/es\/#website\",\"url\":\"https:\/\/www.winespiritscollection.com\/es\/\",\"name\":\"Wine Spirits Collection\",\"description\":\"\",\"publisher\":{\"@id\":\"https:\/\/www.winespiritscollection.com\/es\/#organization\"},\"potentialAction\":[{\"@type\":\"SearchAction\",\"target\":{\"@type\":\"EntryPoint\",\"urlTemplate\":\"https:\/\/www.winespiritscollection.com\/es\/?s={search_term_string}\"},\"query-input\":{\"@type\":\"PropertyValueSpecification\",\"valueRequired\":true,\"valueName\":\"search_term_string\"}}],\"inLanguage\":\"es\"},{\"@type\":\"Organization\",\"@id\":\"https:\/\/www.winespiritscollection.com\/es\/#organization\",\"name\":\"Wine Spirits Collection\",\"url\":\"https:\/\/www.winespiritscollection.com\/es\/\",\"logo\":{\"@type\":\"ImageObject\",\"inLanguage\":\"es\",\"@id\":\"https:\/\/www.winespiritscollection.com\/es\/#\/schema\/logo\/image\/\",\"url\":\"https:\/\/www.winespiritscollection.com\/wp-content\/uploads\/2024\/03\/cropped-WINE_SPIRITS-LOGO-PRINCIPAL-NEGRE.png\",\"contentUrl\":\"https:\/\/www.winespiritscollection.com\/wp-content\/uploads\/2024\/03\/cropped-WINE_SPIRITS-LOGO-PRINCIPAL-NEGRE.png\",\"width\":2098,\"height\":1368,\"caption\":\"Wine Spirits Collection\"},\"image\":{\"@id\":\"https:\/\/www.winespiritscollection.com\/es\/#\/schema\/logo\/image\/\"}}]}<\/script>\n<!-- \/ Yoast SEO plugin. -->","yoast_head_json":{"title":"Vi\u00f1a Diezmo red wine Reserva 1987 Rioja 75 cl - Wine Spirits Collection","description":"Descubre Vi\u00f1a Diezmo, un vino tinto riojano con cuerpo y elegante elaborado con uva Tempranillo y envejecido en barrica. Perfecto para acompa\u00f1ar carnes.","robots":{"index":"index","follow":"follow","max-snippet":"max-snippet:-1","max-image-preview":"max-image-preview:large","max-video-preview":"max-video-preview:-1"},"canonical":"https:\/\/www.winespiritscollection.com\/es\/producto\/vina-diezmo-red-%e2%80%a61987-rioja-75-cl\/","og_locale":"es_ES","og_type":"article","og_title":"Vi\u00f1a Diezmo red wine Reserva 1987 Rioja 75 cl - Wine Spirits Collection","og_description":"Descubre Vi\u00f1a Diezmo, un vino tinto riojano con cuerpo y elegante elaborado con uva Tempranillo y envejecido en barrica. Perfecto para acompa\u00f1ar carnes.","og_url":"https:\/\/www.winespiritscollection.com\/es\/producto\/vina-diezmo-red-%e2%80%a61987-rioja-75-cl\/","og_site_name":"Wine Spirits Collection","article_modified_time":"2024-10-31T12:50:43+00:00","og_image":[{"width":375,"height":666,"url":"https:\/\/www.winespiritscollection.com\/wp-content\/uploads\/2024\/10\/P1180872-removebg-preview-1.png","type":"image\/png"}],"twitter_card":"summary_large_image","twitter_misc":{"Tiempo de lectura":"1 minuto"},"schema":{"@context":"https:\/\/schema.org","@graph":[{"@type":"WebPage","@id":"https:\/\/www.winespiritscollection.com\/es\/producto\/vina-diezmo-red-wine-reserva-1987-rioja-75-cl\/","url":"https:\/\/www.winespiritscollection.com\/es\/producto\/vina-diezmo-red-%e2%80%a61987-rioja-75-cl\/","name":"Vi\u00f1a Diezmo red wine Reserva 1987 Rioja 75 cl - Wine Spirits Collection","isPartOf":{"@id":"https:\/\/www.winespiritscollection.com\/es\/#website"},"primaryImageOfPage":{"@id":"https:\/\/www.winespiritscollection.com\/es\/producto\/vina-diezmo-red-%e2%80%a61987-rioja-75-cl\/#primaryimage"},"image":{"@id":"https:\/\/www.winespiritscollection.com\/es\/producto\/vina-diezmo-red-%e2%80%a61987-rioja-75-cl\/#primaryimage"},"thumbnailUrl":"https:\/\/www.winespiritscollection.com\/wp-content\/uploads\/2024\/10\/P1180872-removebg-preview-1.png","datePublished":"2024-10-31T12:24:36+00:00","dateModified":"2024-10-31T12:50:43+00:00","description":"Descubre Vi\u00f1a Diezmo, un vino tinto riojano con cuerpo y elegante elaborado con uva Tempranillo y envejecido en barrica. Perfecto para acompa\u00f1ar carnes.","breadcrumb":{"@id":"https:\/\/www.winespiritscollection.com\/es\/producto\/vina-diezmo-red-%e2%80%a61987-rioja-75-cl\/#breadcrumb"},"inLanguage":"es","potentialAction":[{"@type":"ReadAction","target":["https:\/\/www.winespiritscollection.com\/es\/producto\/vina-diezmo-red-%e2%80%a61987-rioja-75-cl\/"]}]},{"@type":"ImageObject","inLanguage":"es","@id":"https:\/\/www.winespiritscollection.com\/es\/producto\/vina-diezmo-red-%e2%80%a61987-rioja-75-cl\/#primaryimage","url":"https:\/\/www.winespiritscollection.com\/wp-content\/uploads\/2024\/10\/P1180872-removebg-preview-1.png","contentUrl":"https:\/\/www.winespiritscollection.com\/wp-content\/uploads\/2024\/10\/P1180872-removebg-preview-1.png","width":375,"height":666},{"@type":"BreadcrumbList","@id":"https:\/\/www.winespiritscollection.com\/es\/producto\/vina-diezmo-red-%e2%80%a61987-rioja-75-cl\/#breadcrumb","itemListElement":[{"@type":"ListItem","position":1,"name":"Portada","item":"https:\/\/www.winespiritscollection.com\/es\/"},{"@type":"ListItem","position":2,"name":"Tienda","item":"https:\/\/www.winespiritscollection.com\/es\/tienda-de-vinos-y-licores\/"},{"@type":"ListItem","position":3,"name":"Vi\u00f1a Diezmo red wine Reserva 1987 Rioja 75 cl"}]},{"@type":"WebSite","@id":"https:\/\/www.winespiritscollection.com\/es\/#website","url":"https:\/\/www.winespiritscollection.com\/es\/","name":"Wine Spirits Collection","description":"","publisher":{"@id":"https:\/\/www.winespiritscollection.com\/es\/#organization"},"potentialAction":[{"@type":"SearchAction","target":{"@type":"EntryPoint","urlTemplate":"https:\/\/www.winespiritscollection.com\/es\/?s={search_term_string}"},"query-input":{"@type":"PropertyValueSpecification","valueRequired":true,"valueName":"search_term_string"}}],"inLanguage":"es"},{"@type":"Organization","@id":"https:\/\/www.winespiritscollection.com\/es\/#organization","name":"Wine Spirits Collection","url":"https:\/\/www.winespiritscollection.com\/es\/","logo":{"@type":"ImageObject","inLanguage":"es","@id":"https:\/\/www.winespiritscollection.com\/es\/#\/schema\/logo\/image\/","url":"https:\/\/www.winespiritscollection.com\/wp-content\/uploads\/2024\/03\/cropped-WINE_SPIRITS-LOGO-PRINCIPAL-NEGRE.png","contentUrl":"https:\/\/www.winespiritscollection.com\/wp-content\/uploads\/2024\/03\/cropped-WINE_SPIRITS-LOGO-PRINCIPAL-NEGRE.png","width":2098,"height":1368,"caption":"Wine Spirits Collection"},"image":{"@id":"https:\/\/www.winespiritscollection.com\/es\/#\/schema\/logo\/image\/"}}]}},"_links":{"self":[{"href":"https:\/\/www.winespiritscollection.com\/es\/wp-json\/wp\/v2\/product\/1408","targetHints":{"allow":["GET"]}}],"collection":[{"href":"https:\/\/www.winespiritscollection.com\/es\/wp-json\/wp\/v2\/product"}],"about":[{"href":"https:\/\/www.winespiritscollection.com\/es\/wp-json\/wp\/v2\/types\/product"}],"replies":[{"embeddable":true,"href":"https:\/\/www.winespiritscollection.com\/es\/wp-json\/wp\/v2\/comments?post=1408"}],"wp:featuredmedia":[{"embeddable":true,"href":"https:\/\/www.winespiritscollection.com\/es\/wp-json\/wp\/v2\/media\/1367"}],"wp:attachment":[{"href":"https:\/\/www.winespiritscollection.com\/es\/wp-json\/wp\/v2\/media?parent=1408"}],"wp:term":[{"taxonomy":"product_brand","embeddable":true,"href":"https:\/\/www.winespiritscollection.com\/es\/wp-json\/wp\/v2\/product_brand?post=1408"},{"taxonomy":"product_cat","embeddable":true,"href":"https:\/\/www.winespiritscollection.com\/es\/wp-json\/wp\/v2\/product_cat?post=1408"},{"taxonomy":"product_tag","embeddable":true,"href":"https:\/\/www.winespiritscollection.com\/es\/wp-json\/wp\/v2\/product_tag?post=1408"}],"curies":[{"name":"wp","href":"https:\/\/api.w.org\/{rel}","templated":true}]}}