{"id":1497,"date":"2024-11-14T11:42:32","date_gmt":"2024-11-14T10:42:32","guid":{"rendered":"https:\/\/www.winespiritscollection.com\/producto\/matarromera-vino-tinto-crianza-2000-ribera-del-duero-75-cl\/"},"modified":"2024-11-14T11:42:32","modified_gmt":"2024-11-14T10:42:32","slug":"matarromera-vino-tinto-crianza-2000-ribera-del-duero-75-cl","status":"publish","type":"product","link":"https:\/\/www.winespiritscollection.com\/es\/producto\/matarromera-vino-tinto-crianza-2000-ribera-del-duero-75-cl\/","title":{"rendered":"Matarromera vino tinto crianza 2000 Ribera del Duero 75 cl."},"content":{"rendered":"<p>Matarromera Crianza 2000 es un vino tinto emblem\u00e1tico de la prestigiosa bodega Matarromera, situada en el coraz\u00f3n de la Ribera del Duero, una de las zonas vin\u00edcolas m\u00e1s reconocidas de Espa\u00f1a. Este vino, que est\u00e1 elaborado con uvas 100% Tempranillo (tambi\u00e9n conocida como Tinta del Pa\u00eds), representa la apuesta de la bodega por la calidad y la tradici\u00f3n, ofreciendo una experiencia enol\u00f3gica que destaca por su elegancia, complejidad y persistencia. La a\u00f1ada 2000 se caracteriza por ser un a\u00f1o de condiciones clim\u00e1ticas excepcionales en la Ribera del Duero, con un invierno fr\u00edo y lluvioso seguido de una primavera c\u00e1lida que favoreci\u00f3 el desarrollo de las vi\u00f1as. El verano caluroso y seco permiti\u00f3 una maduraci\u00f3n \u00f3ptima de las uvas, con una cosecha en el justo equilibrio entre acidez y az\u00facares, dando como resultado un vino con una estructura y un potencial de envejecimiento notables. Matarromera Crianza 2000 se elabora a partir de uvas seleccionadas a mano de vi\u00f1edos situados a m\u00e1s de 700 metros sobre el nivel del mar, donde los suelos calc\u00e1reos y arcillosos aportan una mineralidad \u00fanica. La fermentaci\u00f3n se lleva a cabo en dep\u00f3sitos de acero inoxidable a temperatura controlada, lo que permite preservar los aromas frutales caracter\u00edsticos del Tempranillo. Posteriormente, el vino envejece en barricas de roble americano y franc\u00e9s durante 14 meses. Esta combinaci\u00f3n de barricas le confiere al vino una complejidad arom\u00e1tica \u00fanica, con matices de vainilla, cacao y especias dulces. Una vez embotellado, el vino reposa al menos 12 meses m\u00e1s en la bodega para alcanzar su plenitud antes de ser comercializado. Nuestros productos son botellas vintage de colecci\u00f3n. Han permanecido en bodega, pero no podemos garantizar su consumo. Consumo responsable. Solo apto para mayores de edad. Matar <\/p>\n","protected":false},"excerpt":{"rendered":"<p>Bodega Matarromera<br \/>\nD.O.\/Zona<br \/>\nD.O. Ribera del Duero<br \/>\nPa\u00eds: Espa\u00f1a<br \/>\nTipo de Vino: Tinto<br \/>\nGraduaci\u00f3n (vol): 13,50%<br \/>\nVarietales: 100% Tinto fino.<\/p>\n","protected":false},"featured_media":1483,"comment_status":"closed","ping_status":"closed","template":"","meta":{"_acf_changed":false,"_glsr_average":0,"_glsr_ranking":0,"_glsr_reviews":0,"_joinchat":[]},"product_brand":[],"product_cat":[110],"product_tag":[188,230,174],"class_list":{"0":"post-1497","1":"product","2":"type-product","3":"status-publish","4":"has-post-thumbnail","6":"product_cat-ribera-del-duero-es","7":"product_tag-crianza-es","8":"product_tag-red-wine-es","9":"product_tag-ribera-del-duero-es","11":"first","12":"instock","13":"taxable","14":"shipping-taxable","15":"purchasable","16":"product-type-simple"},"acf":[],"yoast_head":"<!-- This site is optimized with the Yoast SEO plugin v27.2 - https:\/\/yoast.com\/product\/yoast-seo-wordpress\/ -->\n<title>Matarromera vino tinto crianza 2000 Ribera del Duero 75 cl. - Wine Spirits Collection<\/title>\n<meta name=\"description\" content=\"Descubre Matarromera Crianza 2000, un elegante vino tinto elaborado 100% con Tempranillo que ofrece complejos aromas a fruta madura, vainilla y especias.\" \/>\n<meta name=\"robots\" content=\"index, follow, max-snippet:-1, max-image-preview:large, max-video-preview:-1\" \/>\n<link rel=\"canonical\" href=\"https:\/\/www.winespiritscollection.com\/es\/producto\/matarromera-vino-tinto-crianza-2000-ribera-del-duero-75-cl\/\" \/>\n<meta property=\"og:locale\" content=\"es_ES\" \/>\n<meta property=\"og:type\" content=\"article\" \/>\n<meta property=\"og:title\" content=\"Matarromera vino tinto crianza 2000 Ribera del Duero 75 cl. - Wine Spirits Collection\" \/>\n<meta property=\"og:description\" content=\"Descubre Matarromera Crianza 2000, un elegante vino tinto elaborado 100% con Tempranillo que ofrece complejos aromas a fruta madura, vainilla y especias.\" \/>\n<meta property=\"og:url\" content=\"https:\/\/www.winespiritscollection.com\/es\/producto\/matarromera-vino-tinto-crianza-2000-ribera-del-duero-75-cl\/\" \/>\n<meta property=\"og:site_name\" content=\"Wine Spirits Collection\" \/>\n<meta property=\"og:image\" content=\"https:\/\/www.winespiritscollection.com\/wp-content\/uploads\/2024\/11\/P1180942-removebg-preview.png\" \/>\n\t<meta property=\"og:image:width\" content=\"375\" \/>\n\t<meta property=\"og:image:height\" content=\"666\" \/>\n\t<meta property=\"og:image:type\" content=\"image\/png\" \/>\n<meta name=\"twitter:card\" content=\"summary_large_image\" \/>\n<meta name=\"twitter:label1\" content=\"Tiempo de lectura\" \/>\n\t<meta name=\"twitter:data1\" content=\"2 minutos\" \/>\n<script type=\"application\/ld+json\" class=\"yoast-schema-graph\">{\"@context\":\"https:\/\/schema.org\",\"@graph\":[{\"@type\":\"WebPage\",\"@id\":\"https:\/\/www.winespiritscollection.com\/es\/producto\/matarromera-vino-tinto-crianza-2000-ribera-del-duero-75-cl\/\",\"url\":\"https:\/\/www.winespiritscollection.com\/es\/producto\/matarromera-vino-tinto-crianza-2000-ribera-del-duero-75-cl\/\",\"name\":\"Matarromera vino tinto crianza 2000 Ribera del Duero 75 cl. - Wine Spirits Collection\",\"isPartOf\":{\"@id\":\"https:\/\/www.winespiritscollection.com\/es\/#website\"},\"primaryImageOfPage\":{\"@id\":\"https:\/\/www.winespiritscollection.com\/es\/producto\/matarromera-vino-tinto-crianza-2000-ribera-del-duero-75-cl\/#primaryimage\"},\"image\":{\"@id\":\"https:\/\/www.winespiritscollection.com\/es\/producto\/matarromera-vino-tinto-crianza-2000-ribera-del-duero-75-cl\/#primaryimage\"},\"thumbnailUrl\":\"https:\/\/www.winespiritscollection.com\/wp-content\/uploads\/2024\/11\/P1180942-removebg-preview.png\",\"datePublished\":\"2024-11-14T10:42:32+00:00\",\"description\":\"Descubre Matarromera Crianza 2000, un elegante vino tinto elaborado 100% con Tempranillo que ofrece complejos aromas a fruta madura, vainilla y especias.\",\"breadcrumb\":{\"@id\":\"https:\/\/www.winespiritscollection.com\/es\/producto\/matarromera-vino-tinto-crianza-2000-ribera-del-duero-75-cl\/#breadcrumb\"},\"inLanguage\":\"es\",\"potentialAction\":[{\"@type\":\"ReadAction\",\"target\":[\"https:\/\/www.winespiritscollection.com\/es\/producto\/matarromera-vino-tinto-crianza-2000-ribera-del-duero-75-cl\/\"]}]},{\"@type\":\"ImageObject\",\"inLanguage\":\"es\",\"@id\":\"https:\/\/www.winespiritscollection.com\/es\/producto\/matarromera-vino-tinto-crianza-2000-ribera-del-duero-75-cl\/#primaryimage\",\"url\":\"https:\/\/www.winespiritscollection.com\/wp-content\/uploads\/2024\/11\/P1180942-removebg-preview.png\",\"contentUrl\":\"https:\/\/www.winespiritscollection.com\/wp-content\/uploads\/2024\/11\/P1180942-removebg-preview.png\",\"width\":375,\"height\":666},{\"@type\":\"BreadcrumbList\",\"@id\":\"https:\/\/www.winespiritscollection.com\/es\/producto\/matarromera-vino-tinto-crianza-2000-ribera-del-duero-75-cl\/#breadcrumb\",\"itemListElement\":[{\"@type\":\"ListItem\",\"position\":1,\"name\":\"Portada\",\"item\":\"https:\/\/www.winespiritscollection.com\/es\/\"},{\"@type\":\"ListItem\",\"position\":2,\"name\":\"Tienda\",\"item\":\"https:\/\/www.winespiritscollection.com\/es\/tienda-de-vinos-y-licores\/\"},{\"@type\":\"ListItem\",\"position\":3,\"name\":\"Matarromera vino tinto crianza 2000 Ribera del Duero 75 cl.\"}]},{\"@type\":\"WebSite\",\"@id\":\"https:\/\/www.winespiritscollection.com\/es\/#website\",\"url\":\"https:\/\/www.winespiritscollection.com\/es\/\",\"name\":\"Wine Spirits Collection\",\"description\":\"\",\"publisher\":{\"@id\":\"https:\/\/www.winespiritscollection.com\/es\/#organization\"},\"potentialAction\":[{\"@type\":\"SearchAction\",\"target\":{\"@type\":\"EntryPoint\",\"urlTemplate\":\"https:\/\/www.winespiritscollection.com\/es\/?s={search_term_string}\"},\"query-input\":{\"@type\":\"PropertyValueSpecification\",\"valueRequired\":true,\"valueName\":\"search_term_string\"}}],\"inLanguage\":\"es\"},{\"@type\":\"Organization\",\"@id\":\"https:\/\/www.winespiritscollection.com\/es\/#organization\",\"name\":\"Wine Spirits Collection\",\"url\":\"https:\/\/www.winespiritscollection.com\/es\/\",\"logo\":{\"@type\":\"ImageObject\",\"inLanguage\":\"es\",\"@id\":\"https:\/\/www.winespiritscollection.com\/es\/#\/schema\/logo\/image\/\",\"url\":\"https:\/\/www.winespiritscollection.com\/wp-content\/uploads\/2024\/03\/cropped-WINE_SPIRITS-LOGO-PRINCIPAL-NEGRE.png\",\"contentUrl\":\"https:\/\/www.winespiritscollection.com\/wp-content\/uploads\/2024\/03\/cropped-WINE_SPIRITS-LOGO-PRINCIPAL-NEGRE.png\",\"width\":2098,\"height\":1368,\"caption\":\"Wine Spirits Collection\"},\"image\":{\"@id\":\"https:\/\/www.winespiritscollection.com\/es\/#\/schema\/logo\/image\/\"}}]}<\/script>\n<!-- \/ Yoast SEO plugin. -->","yoast_head_json":{"title":"Matarromera vino tinto crianza 2000 Ribera del Duero 75 cl. - Wine Spirits Collection","description":"Descubre Matarromera Crianza 2000, un elegante vino tinto elaborado 100% con Tempranillo que ofrece complejos aromas a fruta madura, vainilla y especias.","robots":{"index":"index","follow":"follow","max-snippet":"max-snippet:-1","max-image-preview":"max-image-preview:large","max-video-preview":"max-video-preview:-1"},"canonical":"https:\/\/www.winespiritscollection.com\/es\/producto\/matarromera-vino-tinto-crianza-2000-ribera-del-duero-75-cl\/","og_locale":"es_ES","og_type":"article","og_title":"Matarromera vino tinto crianza 2000 Ribera del Duero 75 cl. - Wine Spirits Collection","og_description":"Descubre Matarromera Crianza 2000, un elegante vino tinto elaborado 100% con Tempranillo que ofrece complejos aromas a fruta madura, vainilla y especias.","og_url":"https:\/\/www.winespiritscollection.com\/es\/producto\/matarromera-vino-tinto-crianza-2000-ribera-del-duero-75-cl\/","og_site_name":"Wine Spirits Collection","og_image":[{"width":375,"height":666,"url":"https:\/\/www.winespiritscollection.com\/wp-content\/uploads\/2024\/11\/P1180942-removebg-preview.png","type":"image\/png"}],"twitter_card":"summary_large_image","twitter_misc":{"Tiempo de lectura":"2 minutos"},"schema":{"@context":"https:\/\/schema.org","@graph":[{"@type":"WebPage","@id":"https:\/\/www.winespiritscollection.com\/es\/producto\/matarromera-vino-tinto-crianza-2000-ribera-del-duero-75-cl\/","url":"https:\/\/www.winespiritscollection.com\/es\/producto\/matarromera-vino-tinto-crianza-2000-ribera-del-duero-75-cl\/","name":"Matarromera vino tinto crianza 2000 Ribera del Duero 75 cl. - Wine Spirits Collection","isPartOf":{"@id":"https:\/\/www.winespiritscollection.com\/es\/#website"},"primaryImageOfPage":{"@id":"https:\/\/www.winespiritscollection.com\/es\/producto\/matarromera-vino-tinto-crianza-2000-ribera-del-duero-75-cl\/#primaryimage"},"image":{"@id":"https:\/\/www.winespiritscollection.com\/es\/producto\/matarromera-vino-tinto-crianza-2000-ribera-del-duero-75-cl\/#primaryimage"},"thumbnailUrl":"https:\/\/www.winespiritscollection.com\/wp-content\/uploads\/2024\/11\/P1180942-removebg-preview.png","datePublished":"2024-11-14T10:42:32+00:00","description":"Descubre Matarromera Crianza 2000, un elegante vino tinto elaborado 100% con Tempranillo que ofrece complejos aromas a fruta madura, vainilla y especias.","breadcrumb":{"@id":"https:\/\/www.winespiritscollection.com\/es\/producto\/matarromera-vino-tinto-crianza-2000-ribera-del-duero-75-cl\/#breadcrumb"},"inLanguage":"es","potentialAction":[{"@type":"ReadAction","target":["https:\/\/www.winespiritscollection.com\/es\/producto\/matarromera-vino-tinto-crianza-2000-ribera-del-duero-75-cl\/"]}]},{"@type":"ImageObject","inLanguage":"es","@id":"https:\/\/www.winespiritscollection.com\/es\/producto\/matarromera-vino-tinto-crianza-2000-ribera-del-duero-75-cl\/#primaryimage","url":"https:\/\/www.winespiritscollection.com\/wp-content\/uploads\/2024\/11\/P1180942-removebg-preview.png","contentUrl":"https:\/\/www.winespiritscollection.com\/wp-content\/uploads\/2024\/11\/P1180942-removebg-preview.png","width":375,"height":666},{"@type":"BreadcrumbList","@id":"https:\/\/www.winespiritscollection.com\/es\/producto\/matarromera-vino-tinto-crianza-2000-ribera-del-duero-75-cl\/#breadcrumb","itemListElement":[{"@type":"ListItem","position":1,"name":"Portada","item":"https:\/\/www.winespiritscollection.com\/es\/"},{"@type":"ListItem","position":2,"name":"Tienda","item":"https:\/\/www.winespiritscollection.com\/es\/tienda-de-vinos-y-licores\/"},{"@type":"ListItem","position":3,"name":"Matarromera vino tinto crianza 2000 Ribera del Duero 75 cl."}]},{"@type":"WebSite","@id":"https:\/\/www.winespiritscollection.com\/es\/#website","url":"https:\/\/www.winespiritscollection.com\/es\/","name":"Wine Spirits Collection","description":"","publisher":{"@id":"https:\/\/www.winespiritscollection.com\/es\/#organization"},"potentialAction":[{"@type":"SearchAction","target":{"@type":"EntryPoint","urlTemplate":"https:\/\/www.winespiritscollection.com\/es\/?s={search_term_string}"},"query-input":{"@type":"PropertyValueSpecification","valueRequired":true,"valueName":"search_term_string"}}],"inLanguage":"es"},{"@type":"Organization","@id":"https:\/\/www.winespiritscollection.com\/es\/#organization","name":"Wine Spirits Collection","url":"https:\/\/www.winespiritscollection.com\/es\/","logo":{"@type":"ImageObject","inLanguage":"es","@id":"https:\/\/www.winespiritscollection.com\/es\/#\/schema\/logo\/image\/","url":"https:\/\/www.winespiritscollection.com\/wp-content\/uploads\/2024\/03\/cropped-WINE_SPIRITS-LOGO-PRINCIPAL-NEGRE.png","contentUrl":"https:\/\/www.winespiritscollection.com\/wp-content\/uploads\/2024\/03\/cropped-WINE_SPIRITS-LOGO-PRINCIPAL-NEGRE.png","width":2098,"height":1368,"caption":"Wine Spirits Collection"},"image":{"@id":"https:\/\/www.winespiritscollection.com\/es\/#\/schema\/logo\/image\/"}}]}},"_links":{"self":[{"href":"https:\/\/www.winespiritscollection.com\/es\/wp-json\/wp\/v2\/product\/1497","targetHints":{"allow":["GET"]}}],"collection":[{"href":"https:\/\/www.winespiritscollection.com\/es\/wp-json\/wp\/v2\/product"}],"about":[{"href":"https:\/\/www.winespiritscollection.com\/es\/wp-json\/wp\/v2\/types\/product"}],"replies":[{"embeddable":true,"href":"https:\/\/www.winespiritscollection.com\/es\/wp-json\/wp\/v2\/comments?post=1497"}],"wp:featuredmedia":[{"embeddable":true,"href":"https:\/\/www.winespiritscollection.com\/es\/wp-json\/wp\/v2\/media\/1483"}],"wp:attachment":[{"href":"https:\/\/www.winespiritscollection.com\/es\/wp-json\/wp\/v2\/media?parent=1497"}],"wp:term":[{"taxonomy":"product_brand","embeddable":true,"href":"https:\/\/www.winespiritscollection.com\/es\/wp-json\/wp\/v2\/product_brand?post=1497"},{"taxonomy":"product_cat","embeddable":true,"href":"https:\/\/www.winespiritscollection.com\/es\/wp-json\/wp\/v2\/product_cat?post=1497"},{"taxonomy":"product_tag","embeddable":true,"href":"https:\/\/www.winespiritscollection.com\/es\/wp-json\/wp\/v2\/product_tag?post=1497"}],"curies":[{"name":"wp","href":"https:\/\/api.w.org\/{rel}","templated":true}]}}