{"id":1500,"date":"2024-11-08T15:28:43","date_gmt":"2024-11-08T14:28:43","guid":{"rendered":"https:\/\/www.winespiritscollection.com\/producto\/prado-enea-muga-vino-tinto-gran-reserva-1995-rioja-75-cl\/"},"modified":"2024-11-08T15:28:43","modified_gmt":"2024-11-08T14:28:43","slug":"prado-enea-muga-vino-tinto-gran-reserva-1995-rioja-75-cl","status":"publish","type":"product","link":"https:\/\/www.winespiritscollection.com\/es\/producto\/prado-enea-muga-vino-tinto-gran-reserva-1995-rioja-75-cl\/","title":{"rendered":"Prado Enea Muga vino tinto Gran Reserva 1995 Rioja 75 cl."},"content":{"rendered":"<p>Le Prado Enea Gran Reserva es uno de los vinos m\u00e1s emblem\u00e1ticos de Bodegas Muga, una prestigiosa cueva familiar situada en Haro, en el coraz\u00f3n de la Rioja Alta. Este vino es un gran reserva rojo que refleja perfectamente la tradici\u00f3n y el savoir-faire de la regi\u00f3n.<br \/>\n\u00c0 dominante de Tempranillo (entorno 80%), completo par du Mazuelo, du Garnacha y una peque\u00f1a proporci\u00f3n de Graciano.<br \/>\nLe Prado Enea Gran Reserva est\u00e1 elaborado \u00fanica y exclusivamente durante milenios excepcionales y seg\u00fan los procedimientos tradicionales.<br \/>\nLa fermentaci\u00f3n en lugar de cuves en ch\u00eane sans control de temp\u00e9rature ni junto con los niveles industriales, lo que permite una verdadera expresi\u00f3n del terroir.<br \/>\nEl vino est\u00e1 en suite \u00e9lev\u00e9 colgante environ 12 mois en f\u00fbts de ch\u00eane fran\u00e7ais et am\u00e9ricain neufs et deuxi\u00e8me utilisation. Il passe ensuite 36 mois suppl\u00e9mentaires en f\u00fbts de ch\u00eane usag\u00e9s et est finalement compl\u00e9t\u00e9 par 36 mois suppl\u00e9mentaires de vieillissement en bouteille avant d&#8217;\u00eatre comercialis\u00e9. Nos productos sont des bouteilles vintage de collection. Elles ont \u00e9t\u00e9 conserv\u00e9es en cave, mais nous ne pouvons garantir leur consommation. Responsable de consumo. C\u00f3modo alojamiento \u00fanico para adultos.  <\/p>\n","protected":false},"excerpt":{"rendered":"<p>Bodega: Mug\u00e1<br \/>\nD.O.\/Zona: D.O.Rioja<br \/>\nPa\u00eds: Espa\u00f1a<br \/>\nUbicaci\u00f3n: Haro<br \/>\nTipo de vino: Tinto<br \/>\nEnvejecimiento: Envejecido<br \/>\nGraduaci\u00f3n alcoh\u00f3lica (vol): 14%<br \/>\nCapacidad: 75cl<br \/>\nVarietales: Tempranillo, Garnacha tinta, Mazuelo, Graciano<\/p>\n","protected":false},"featured_media":1442,"comment_status":"closed","ping_status":"closed","template":"","meta":{"_acf_changed":false,"_glsr_average":0,"_glsr_ranking":0,"_glsr_reviews":0,"_joinchat":[]},"product_brand":[],"product_cat":[106,111],"product_tag":[175,230,166],"class_list":{"0":"post-1500","1":"product","2":"type-product","3":"status-publish","4":"has-post-thumbnail","6":"product_cat-coleccion-vinos","7":"product_cat-rioja-es","8":"product_tag-gran-reserva-es","9":"product_tag-red-wine-es","10":"product_tag-rioja-es","12":"first","13":"instock","14":"taxable","15":"shipping-taxable","16":"purchasable","17":"product-type-simple"},"acf":[],"yoast_head":"<!-- This site is optimized with the Yoast SEO plugin v27.2 - https:\/\/yoast.com\/product\/yoast-seo-wordpress\/ -->\n<title>Prado Enea Muga vino tinto Gran Reserva 1995 Rioja 75 cl. - Wine Spirits Collection<\/title>\n<meta name=\"description\" content=\"Cueva : MugaD.O.\/Zona : D.O.RiojaPays : EspagneLocalisation : HaroType de vin : RougeVieillissement : VieilliTeneur en alcool (vol) : 14pacit\u00e9 : 75 clC\u00e9pages : Tempranillo, Garnacha tinta, Mazuelo, Graciano\" \/>\n<meta name=\"robots\" content=\"index, follow, max-snippet:-1, max-image-preview:large, max-video-preview:-1\" \/>\n<link rel=\"canonical\" href=\"https:\/\/www.winespiritscollection.com\/es\/producto\/prado-enea-muga-vino-tinto-gran-reserva-1995-rioja-75-cl\/\" \/>\n<meta property=\"og:locale\" content=\"es_ES\" \/>\n<meta property=\"og:type\" content=\"article\" \/>\n<meta property=\"og:title\" content=\"Prado Enea Muga vino tinto Gran Reserva 1995 Rioja 75 cl. - Wine Spirits Collection\" \/>\n<meta property=\"og:description\" content=\"Cueva : MugaD.O.\/Zona : D.O.RiojaPays : EspagneLocalisation : HaroType de vin : RougeVieillissement : VieilliTeneur en alcool (vol) : 14pacit\u00e9 : 75 clC\u00e9pages : Tempranillo, Garnacha tinta, Mazuelo, Graciano\" \/>\n<meta property=\"og:url\" content=\"https:\/\/www.winespiritscollection.com\/es\/producto\/prado-enea-muga-vino-tinto-gran-reserva-1995-rioja-75-cl\/\" \/>\n<meta property=\"og:site_name\" content=\"Wine Spirits Collection\" \/>\n<meta property=\"og:image\" content=\"https:\/\/www.winespiritscollection.com\/wp-content\/uploads\/2024\/11\/P1180926-removebg-preview-1-1.png\" \/>\n\t<meta property=\"og:image:width\" content=\"375\" \/>\n\t<meta property=\"og:image:height\" content=\"666\" \/>\n\t<meta property=\"og:image:type\" content=\"image\/png\" \/>\n<meta name=\"twitter:card\" content=\"summary_large_image\" \/>\n<meta name=\"twitter:label1\" content=\"Tiempo de lectura\" \/>\n\t<meta name=\"twitter:data1\" content=\"1 minuto\" \/>\n<script type=\"application\/ld+json\" class=\"yoast-schema-graph\">{\"@context\":\"https:\/\/schema.org\",\"@graph\":[{\"@type\":\"WebPage\",\"@id\":\"https:\/\/www.winespiritscollection.com\/es\/producto\/prado-enea-muga-vino-tinto-gran-reserva-1995-rioja-75-cl\/\",\"url\":\"https:\/\/www.winespiritscollection.com\/es\/producto\/prado-enea-muga-vino-tinto-gran-reserva-1995-rioja-75-cl\/\",\"name\":\"Prado Enea Muga vino tinto Gran Reserva 1995 Rioja 75 cl. - Wine Spirits Collection\",\"isPartOf\":{\"@id\":\"https:\/\/www.winespiritscollection.com\/es\/#website\"},\"primaryImageOfPage\":{\"@id\":\"https:\/\/www.winespiritscollection.com\/es\/producto\/prado-enea-muga-vino-tinto-gran-reserva-1995-rioja-75-cl\/#primaryimage\"},\"image\":{\"@id\":\"https:\/\/www.winespiritscollection.com\/es\/producto\/prado-enea-muga-vino-tinto-gran-reserva-1995-rioja-75-cl\/#primaryimage\"},\"thumbnailUrl\":\"https:\/\/www.winespiritscollection.com\/wp-content\/uploads\/2024\/11\/P1180926-removebg-preview-1-1.png\",\"datePublished\":\"2024-11-08T14:28:43+00:00\",\"description\":\"Cueva : MugaD.O.\/Zona : D.O.RiojaPays : EspagneLocalisation : HaroType de vin : RougeVieillissement : VieilliTeneur en alcool (vol) : 14pacit\u00e9 : 75 clC\u00e9pages : Tempranillo, Garnacha tinta, Mazuelo, Graciano\",\"breadcrumb\":{\"@id\":\"https:\/\/www.winespiritscollection.com\/es\/producto\/prado-enea-muga-vino-tinto-gran-reserva-1995-rioja-75-cl\/#breadcrumb\"},\"inLanguage\":\"es\",\"potentialAction\":[{\"@type\":\"ReadAction\",\"target\":[\"https:\/\/www.winespiritscollection.com\/es\/producto\/prado-enea-muga-vino-tinto-gran-reserva-1995-rioja-75-cl\/\"]}]},{\"@type\":\"ImageObject\",\"inLanguage\":\"es\",\"@id\":\"https:\/\/www.winespiritscollection.com\/es\/producto\/prado-enea-muga-vino-tinto-gran-reserva-1995-rioja-75-cl\/#primaryimage\",\"url\":\"https:\/\/www.winespiritscollection.com\/wp-content\/uploads\/2024\/11\/P1180926-removebg-preview-1-1.png\",\"contentUrl\":\"https:\/\/www.winespiritscollection.com\/wp-content\/uploads\/2024\/11\/P1180926-removebg-preview-1-1.png\",\"width\":375,\"height\":666},{\"@type\":\"BreadcrumbList\",\"@id\":\"https:\/\/www.winespiritscollection.com\/es\/producto\/prado-enea-muga-vino-tinto-gran-reserva-1995-rioja-75-cl\/#breadcrumb\",\"itemListElement\":[{\"@type\":\"ListItem\",\"position\":1,\"name\":\"Portada\",\"item\":\"https:\/\/www.winespiritscollection.com\/es\/\"},{\"@type\":\"ListItem\",\"position\":2,\"name\":\"Tienda\",\"item\":\"https:\/\/www.winespiritscollection.com\/es\/tienda-de-vinos-y-licores\/\"},{\"@type\":\"ListItem\",\"position\":3,\"name\":\"Prado Enea Muga vino tinto Gran Reserva 1995 Rioja 75 cl.\"}]},{\"@type\":\"WebSite\",\"@id\":\"https:\/\/www.winespiritscollection.com\/es\/#website\",\"url\":\"https:\/\/www.winespiritscollection.com\/es\/\",\"name\":\"Wine Spirits Collection\",\"description\":\"\",\"publisher\":{\"@id\":\"https:\/\/www.winespiritscollection.com\/es\/#organization\"},\"potentialAction\":[{\"@type\":\"SearchAction\",\"target\":{\"@type\":\"EntryPoint\",\"urlTemplate\":\"https:\/\/www.winespiritscollection.com\/es\/?s={search_term_string}\"},\"query-input\":{\"@type\":\"PropertyValueSpecification\",\"valueRequired\":true,\"valueName\":\"search_term_string\"}}],\"inLanguage\":\"es\"},{\"@type\":\"Organization\",\"@id\":\"https:\/\/www.winespiritscollection.com\/es\/#organization\",\"name\":\"Wine Spirits Collection\",\"url\":\"https:\/\/www.winespiritscollection.com\/es\/\",\"logo\":{\"@type\":\"ImageObject\",\"inLanguage\":\"es\",\"@id\":\"https:\/\/www.winespiritscollection.com\/es\/#\/schema\/logo\/image\/\",\"url\":\"https:\/\/www.winespiritscollection.com\/wp-content\/uploads\/2024\/03\/cropped-WINE_SPIRITS-LOGO-PRINCIPAL-NEGRE.png\",\"contentUrl\":\"https:\/\/www.winespiritscollection.com\/wp-content\/uploads\/2024\/03\/cropped-WINE_SPIRITS-LOGO-PRINCIPAL-NEGRE.png\",\"width\":2098,\"height\":1368,\"caption\":\"Wine Spirits Collection\"},\"image\":{\"@id\":\"https:\/\/www.winespiritscollection.com\/es\/#\/schema\/logo\/image\/\"}}]}<\/script>\n<!-- \/ Yoast SEO plugin. -->","yoast_head_json":{"title":"Prado Enea Muga vino tinto Gran Reserva 1995 Rioja 75 cl. - Wine Spirits Collection","description":"Cueva : MugaD.O.\/Zona : D.O.RiojaPays : EspagneLocalisation : HaroType de vin : RougeVieillissement : VieilliTeneur en alcool (vol) : 14pacit\u00e9 : 75 clC\u00e9pages : Tempranillo, Garnacha tinta, Mazuelo, Graciano","robots":{"index":"index","follow":"follow","max-snippet":"max-snippet:-1","max-image-preview":"max-image-preview:large","max-video-preview":"max-video-preview:-1"},"canonical":"https:\/\/www.winespiritscollection.com\/es\/producto\/prado-enea-muga-vino-tinto-gran-reserva-1995-rioja-75-cl\/","og_locale":"es_ES","og_type":"article","og_title":"Prado Enea Muga vino tinto Gran Reserva 1995 Rioja 75 cl. - Wine Spirits Collection","og_description":"Cueva : MugaD.O.\/Zona : D.O.RiojaPays : EspagneLocalisation : HaroType de vin : RougeVieillissement : VieilliTeneur en alcool (vol) : 14pacit\u00e9 : 75 clC\u00e9pages : Tempranillo, Garnacha tinta, Mazuelo, Graciano","og_url":"https:\/\/www.winespiritscollection.com\/es\/producto\/prado-enea-muga-vino-tinto-gran-reserva-1995-rioja-75-cl\/","og_site_name":"Wine Spirits Collection","og_image":[{"width":375,"height":666,"url":"https:\/\/www.winespiritscollection.com\/wp-content\/uploads\/2024\/11\/P1180926-removebg-preview-1-1.png","type":"image\/png"}],"twitter_card":"summary_large_image","twitter_misc":{"Tiempo de lectura":"1 minuto"},"schema":{"@context":"https:\/\/schema.org","@graph":[{"@type":"WebPage","@id":"https:\/\/www.winespiritscollection.com\/es\/producto\/prado-enea-muga-vino-tinto-gran-reserva-1995-rioja-75-cl\/","url":"https:\/\/www.winespiritscollection.com\/es\/producto\/prado-enea-muga-vino-tinto-gran-reserva-1995-rioja-75-cl\/","name":"Prado Enea Muga vino tinto Gran Reserva 1995 Rioja 75 cl. - Wine Spirits Collection","isPartOf":{"@id":"https:\/\/www.winespiritscollection.com\/es\/#website"},"primaryImageOfPage":{"@id":"https:\/\/www.winespiritscollection.com\/es\/producto\/prado-enea-muga-vino-tinto-gran-reserva-1995-rioja-75-cl\/#primaryimage"},"image":{"@id":"https:\/\/www.winespiritscollection.com\/es\/producto\/prado-enea-muga-vino-tinto-gran-reserva-1995-rioja-75-cl\/#primaryimage"},"thumbnailUrl":"https:\/\/www.winespiritscollection.com\/wp-content\/uploads\/2024\/11\/P1180926-removebg-preview-1-1.png","datePublished":"2024-11-08T14:28:43+00:00","description":"Cueva : MugaD.O.\/Zona : D.O.RiojaPays : EspagneLocalisation : HaroType de vin : RougeVieillissement : VieilliTeneur en alcool (vol) : 14pacit\u00e9 : 75 clC\u00e9pages : Tempranillo, Garnacha tinta, Mazuelo, Graciano","breadcrumb":{"@id":"https:\/\/www.winespiritscollection.com\/es\/producto\/prado-enea-muga-vino-tinto-gran-reserva-1995-rioja-75-cl\/#breadcrumb"},"inLanguage":"es","potentialAction":[{"@type":"ReadAction","target":["https:\/\/www.winespiritscollection.com\/es\/producto\/prado-enea-muga-vino-tinto-gran-reserva-1995-rioja-75-cl\/"]}]},{"@type":"ImageObject","inLanguage":"es","@id":"https:\/\/www.winespiritscollection.com\/es\/producto\/prado-enea-muga-vino-tinto-gran-reserva-1995-rioja-75-cl\/#primaryimage","url":"https:\/\/www.winespiritscollection.com\/wp-content\/uploads\/2024\/11\/P1180926-removebg-preview-1-1.png","contentUrl":"https:\/\/www.winespiritscollection.com\/wp-content\/uploads\/2024\/11\/P1180926-removebg-preview-1-1.png","width":375,"height":666},{"@type":"BreadcrumbList","@id":"https:\/\/www.winespiritscollection.com\/es\/producto\/prado-enea-muga-vino-tinto-gran-reserva-1995-rioja-75-cl\/#breadcrumb","itemListElement":[{"@type":"ListItem","position":1,"name":"Portada","item":"https:\/\/www.winespiritscollection.com\/es\/"},{"@type":"ListItem","position":2,"name":"Tienda","item":"https:\/\/www.winespiritscollection.com\/es\/tienda-de-vinos-y-licores\/"},{"@type":"ListItem","position":3,"name":"Prado Enea Muga vino tinto Gran Reserva 1995 Rioja 75 cl."}]},{"@type":"WebSite","@id":"https:\/\/www.winespiritscollection.com\/es\/#website","url":"https:\/\/www.winespiritscollection.com\/es\/","name":"Wine Spirits Collection","description":"","publisher":{"@id":"https:\/\/www.winespiritscollection.com\/es\/#organization"},"potentialAction":[{"@type":"SearchAction","target":{"@type":"EntryPoint","urlTemplate":"https:\/\/www.winespiritscollection.com\/es\/?s={search_term_string}"},"query-input":{"@type":"PropertyValueSpecification","valueRequired":true,"valueName":"search_term_string"}}],"inLanguage":"es"},{"@type":"Organization","@id":"https:\/\/www.winespiritscollection.com\/es\/#organization","name":"Wine Spirits Collection","url":"https:\/\/www.winespiritscollection.com\/es\/","logo":{"@type":"ImageObject","inLanguage":"es","@id":"https:\/\/www.winespiritscollection.com\/es\/#\/schema\/logo\/image\/","url":"https:\/\/www.winespiritscollection.com\/wp-content\/uploads\/2024\/03\/cropped-WINE_SPIRITS-LOGO-PRINCIPAL-NEGRE.png","contentUrl":"https:\/\/www.winespiritscollection.com\/wp-content\/uploads\/2024\/03\/cropped-WINE_SPIRITS-LOGO-PRINCIPAL-NEGRE.png","width":2098,"height":1368,"caption":"Wine Spirits Collection"},"image":{"@id":"https:\/\/www.winespiritscollection.com\/es\/#\/schema\/logo\/image\/"}}]}},"_links":{"self":[{"href":"https:\/\/www.winespiritscollection.com\/es\/wp-json\/wp\/v2\/product\/1500","targetHints":{"allow":["GET"]}}],"collection":[{"href":"https:\/\/www.winespiritscollection.com\/es\/wp-json\/wp\/v2\/product"}],"about":[{"href":"https:\/\/www.winespiritscollection.com\/es\/wp-json\/wp\/v2\/types\/product"}],"replies":[{"embeddable":true,"href":"https:\/\/www.winespiritscollection.com\/es\/wp-json\/wp\/v2\/comments?post=1500"}],"wp:featuredmedia":[{"embeddable":true,"href":"https:\/\/www.winespiritscollection.com\/es\/wp-json\/wp\/v2\/media\/1442"}],"wp:attachment":[{"href":"https:\/\/www.winespiritscollection.com\/es\/wp-json\/wp\/v2\/media?parent=1500"}],"wp:term":[{"taxonomy":"product_brand","embeddable":true,"href":"https:\/\/www.winespiritscollection.com\/es\/wp-json\/wp\/v2\/product_brand?post=1500"},{"taxonomy":"product_cat","embeddable":true,"href":"https:\/\/www.winespiritscollection.com\/es\/wp-json\/wp\/v2\/product_cat?post=1500"},{"taxonomy":"product_tag","embeddable":true,"href":"https:\/\/www.winespiritscollection.com\/es\/wp-json\/wp\/v2\/product_tag?post=1500"}],"curies":[{"name":"wp","href":"https:\/\/api.w.org\/{rel}","templated":true}]}}