{"id":1535,"date":"2024-11-14T12:38:13","date_gmt":"2024-11-14T11:38:13","guid":{"rendered":"https:\/\/www.winespiritscollection.com\/producto\/imperial-vino-tinto-reserva-2000-rioja-75-cl\/"},"modified":"2024-11-14T12:38:13","modified_gmt":"2024-11-14T11:38:13","slug":"imperial-vino-tinto-reserva-2000-rioja-75-cl","status":"publish","type":"product","link":"https:\/\/www.winespiritscollection.com\/es\/producto\/imperial-vino-tinto-reserva-2000-rioja-75-cl\/","title":{"rendered":"Imperial vino tinto Reserva 2000 Rioja 75 cl."},"content":{"rendered":"<p>El Imperial Reserva 2000 es un vino tinto de la ic\u00f3nica bodega CVNE (Compa\u00f1\u00eda Vin\u00edcola del Norte de Espa\u00f1a), uno de los nombres m\u00e1s antiguos y respetados de Rioja. Este vino es un ejemplo de la excelencia y tradici\u00f3n de la regi\u00f3n, destacando por su elegancia, complejidad y capacidad de envejecimiento. Elaborado principalmente con uvas Tempranillo, complementadas con Graciano y Mazuelo, ofrece una experiencia vin\u00edcola \u00fanica que refleja el car\u00e1cter del terroir de Rioja.<\/p>\n<p>Caracter\u00edsticas del Vi\u00f1edo y Vendimia<br \/>\nLa a\u00f1ada 2000 fue excepcional en Rioja, caracterizada por un clima equilibrado que permiti\u00f3 una maduraci\u00f3n lenta y uniforme de la uva. Los vi\u00f1edos de los que procede este vino est\u00e1n situados en zonas altas de la Rioja Alta, con suelos arcillo-calc\u00e1reos que aportan mineralidad y estructura al vino. La vendimia se realiz\u00f3 de forma manual, seleccionando las mejores uvas para garantizar la m\u00e1xima calidad en cada botella.<\/p>\n<p>Elaboraci\u00f3n y Crianza<br \/>\nImperial Reserva 2000 se vinifica de forma tradicional en dep\u00f3sitos de acero inoxidable a temperatura controlada, lo que permite una fermentaci\u00f3n lenta y suave. Luego se envejece en barricas de roble americano y franc\u00e9s durante 24 meses, seguido de una crianza en botella durante al menos 2 a\u00f1os antes de salir al mercado. Este largo y meticuloso proceso de crianza permite que el vino desarrolle una profundidad y complejidad excepcionales, integrando los taninos y creando una perfecta armon\u00eda entre fruta y madera.<\/p>\n<p>Nuestros productos son botellas vintage de colecci\u00f3n. Se han conservado en una bodega, pero no podemos garantizar su consumo. Consumo responsable. S\u00f3lo apto para adultos.<\/p>\n","protected":false},"excerpt":{"rendered":"<p>Bodega: COMPA\u00d1IA VINICOLA DEL NORTE DE ESPA\u00d1A<br \/>\nD.O.\/Zona: D.O.RIOJA<br \/>\nPa\u00eds: Espa\u00f1a<br \/>\nLocalidad: HARO<br \/>\nTipo de vino: Tinto<br \/>\nCrianza: Criado<br \/>\nGrado alcoh\u00f3lico (vol): 14%<br \/>\nCapacidad: 75 cl<br \/>\nVarietales: TEMPRANILLO<\/p>\n","protected":false},"featured_media":1522,"comment_status":"closed","ping_status":"closed","template":"","meta":{"_acf_changed":false,"_glsr_average":0,"_glsr_ranking":0,"_glsr_reviews":0,"_joinchat":[]},"product_brand":[],"product_cat":[111],"product_tag":[230,196,166],"class_list":{"0":"post-1535","1":"product","2":"type-product","3":"status-publish","4":"has-post-thumbnail","6":"product_cat-rioja-es","7":"product_tag-red-wine-es","8":"product_tag-reserva-es","9":"product_tag-rioja-es","11":"first","12":"instock","13":"taxable","14":"shipping-taxable","15":"purchasable","16":"product-type-simple"},"acf":[],"yoast_head":"<!-- This site is optimized with the Yoast SEO plugin v27.2 - https:\/\/yoast.com\/product\/yoast-seo-wordpress\/ -->\n<title>Imperial vino tinto Reserva 2000 Rioja 75 cl. - Wine Spirits Collection<\/title>\n<meta name=\"description\" content=\"Elaborado con uvas Tempranillo, Graciano y Mazuelo, destaca por su elegancia y complejidad con notas de fruta madura, vainilla y especias.\" \/>\n<meta name=\"robots\" content=\"index, follow, max-snippet:-1, max-image-preview:large, max-video-preview:-1\" \/>\n<link rel=\"canonical\" href=\"https:\/\/www.winespiritscollection.com\/es\/producto\/imperial-vino-tinto-reserva-2000-rioja-75-cl\/\" \/>\n<meta property=\"og:locale\" content=\"es_ES\" \/>\n<meta property=\"og:type\" content=\"article\" \/>\n<meta property=\"og:title\" content=\"Imperial vino tinto Reserva 2000 Rioja 75 cl. - Wine Spirits Collection\" \/>\n<meta property=\"og:description\" content=\"Elaborado con uvas Tempranillo, Graciano y Mazuelo, destaca por su elegancia y complejidad con notas de fruta madura, vainilla y especias.\" \/>\n<meta property=\"og:url\" content=\"https:\/\/www.winespiritscollection.com\/es\/producto\/imperial-vino-tinto-reserva-2000-rioja-75-cl\/\" \/>\n<meta property=\"og:site_name\" content=\"Wine Spirits Collection\" \/>\n<meta property=\"og:image\" content=\"https:\/\/www.winespiritscollection.com\/wp-content\/uploads\/2024\/11\/P1180937-removebg-preview-1.png\" \/>\n\t<meta property=\"og:image:width\" content=\"375\" \/>\n\t<meta property=\"og:image:height\" content=\"666\" \/>\n\t<meta property=\"og:image:type\" content=\"image\/png\" \/>\n<meta name=\"twitter:card\" content=\"summary_large_image\" \/>\n<meta name=\"twitter:label1\" content=\"Tiempo de lectura\" \/>\n\t<meta name=\"twitter:data1\" content=\"1 minuto\" \/>\n<script type=\"application\/ld+json\" class=\"yoast-schema-graph\">{\"@context\":\"https:\/\/schema.org\",\"@graph\":[{\"@type\":\"WebPage\",\"@id\":\"https:\/\/www.winespiritscollection.com\/es\/producto\/imperial-vino-tinto-reserva-2000-rioja-75-cl\/\",\"url\":\"https:\/\/www.winespiritscollection.com\/es\/producto\/imperial-vino-tinto-reserva-2000-rioja-75-cl\/\",\"name\":\"Imperial vino tinto Reserva 2000 Rioja 75 cl. - Wine Spirits Collection\",\"isPartOf\":{\"@id\":\"https:\/\/www.winespiritscollection.com\/es\/#website\"},\"primaryImageOfPage\":{\"@id\":\"https:\/\/www.winespiritscollection.com\/es\/producto\/imperial-vino-tinto-reserva-2000-rioja-75-cl\/#primaryimage\"},\"image\":{\"@id\":\"https:\/\/www.winespiritscollection.com\/es\/producto\/imperial-vino-tinto-reserva-2000-rioja-75-cl\/#primaryimage\"},\"thumbnailUrl\":\"https:\/\/www.winespiritscollection.com\/wp-content\/uploads\/2024\/11\/P1180937-removebg-preview-1.png\",\"datePublished\":\"2024-11-14T11:38:13+00:00\",\"description\":\"Elaborado con uvas Tempranillo, Graciano y Mazuelo, destaca por su elegancia y complejidad con notas de fruta madura, vainilla y especias.\",\"breadcrumb\":{\"@id\":\"https:\/\/www.winespiritscollection.com\/es\/producto\/imperial-vino-tinto-reserva-2000-rioja-75-cl\/#breadcrumb\"},\"inLanguage\":\"es\",\"potentialAction\":[{\"@type\":\"ReadAction\",\"target\":[\"https:\/\/www.winespiritscollection.com\/es\/producto\/imperial-vino-tinto-reserva-2000-rioja-75-cl\/\"]}]},{\"@type\":\"ImageObject\",\"inLanguage\":\"es\",\"@id\":\"https:\/\/www.winespiritscollection.com\/es\/producto\/imperial-vino-tinto-reserva-2000-rioja-75-cl\/#primaryimage\",\"url\":\"https:\/\/www.winespiritscollection.com\/wp-content\/uploads\/2024\/11\/P1180937-removebg-preview-1.png\",\"contentUrl\":\"https:\/\/www.winespiritscollection.com\/wp-content\/uploads\/2024\/11\/P1180937-removebg-preview-1.png\",\"width\":375,\"height\":666},{\"@type\":\"BreadcrumbList\",\"@id\":\"https:\/\/www.winespiritscollection.com\/es\/producto\/imperial-vino-tinto-reserva-2000-rioja-75-cl\/#breadcrumb\",\"itemListElement\":[{\"@type\":\"ListItem\",\"position\":1,\"name\":\"Portada\",\"item\":\"https:\/\/www.winespiritscollection.com\/es\/\"},{\"@type\":\"ListItem\",\"position\":2,\"name\":\"Tienda\",\"item\":\"https:\/\/www.winespiritscollection.com\/es\/tienda-de-vinos-y-licores\/\"},{\"@type\":\"ListItem\",\"position\":3,\"name\":\"Imperial vino tinto Reserva 2000 Rioja 75 cl.\"}]},{\"@type\":\"WebSite\",\"@id\":\"https:\/\/www.winespiritscollection.com\/es\/#website\",\"url\":\"https:\/\/www.winespiritscollection.com\/es\/\",\"name\":\"Wine Spirits Collection\",\"description\":\"\",\"publisher\":{\"@id\":\"https:\/\/www.winespiritscollection.com\/es\/#organization\"},\"potentialAction\":[{\"@type\":\"SearchAction\",\"target\":{\"@type\":\"EntryPoint\",\"urlTemplate\":\"https:\/\/www.winespiritscollection.com\/es\/?s={search_term_string}\"},\"query-input\":{\"@type\":\"PropertyValueSpecification\",\"valueRequired\":true,\"valueName\":\"search_term_string\"}}],\"inLanguage\":\"es\"},{\"@type\":\"Organization\",\"@id\":\"https:\/\/www.winespiritscollection.com\/es\/#organization\",\"name\":\"Wine Spirits Collection\",\"url\":\"https:\/\/www.winespiritscollection.com\/es\/\",\"logo\":{\"@type\":\"ImageObject\",\"inLanguage\":\"es\",\"@id\":\"https:\/\/www.winespiritscollection.com\/es\/#\/schema\/logo\/image\/\",\"url\":\"https:\/\/www.winespiritscollection.com\/wp-content\/uploads\/2024\/03\/cropped-WINE_SPIRITS-LOGO-PRINCIPAL-NEGRE.png\",\"contentUrl\":\"https:\/\/www.winespiritscollection.com\/wp-content\/uploads\/2024\/03\/cropped-WINE_SPIRITS-LOGO-PRINCIPAL-NEGRE.png\",\"width\":2098,\"height\":1368,\"caption\":\"Wine Spirits Collection\"},\"image\":{\"@id\":\"https:\/\/www.winespiritscollection.com\/es\/#\/schema\/logo\/image\/\"}}]}<\/script>\n<!-- \/ Yoast SEO plugin. -->","yoast_head_json":{"title":"Imperial vino tinto Reserva 2000 Rioja 75 cl. - Wine Spirits Collection","description":"Elaborado con uvas Tempranillo, Graciano y Mazuelo, destaca por su elegancia y complejidad con notas de fruta madura, vainilla y especias.","robots":{"index":"index","follow":"follow","max-snippet":"max-snippet:-1","max-image-preview":"max-image-preview:large","max-video-preview":"max-video-preview:-1"},"canonical":"https:\/\/www.winespiritscollection.com\/es\/producto\/imperial-vino-tinto-reserva-2000-rioja-75-cl\/","og_locale":"es_ES","og_type":"article","og_title":"Imperial vino tinto Reserva 2000 Rioja 75 cl. - Wine Spirits Collection","og_description":"Elaborado con uvas Tempranillo, Graciano y Mazuelo, destaca por su elegancia y complejidad con notas de fruta madura, vainilla y especias.","og_url":"https:\/\/www.winespiritscollection.com\/es\/producto\/imperial-vino-tinto-reserva-2000-rioja-75-cl\/","og_site_name":"Wine Spirits Collection","og_image":[{"width":375,"height":666,"url":"https:\/\/www.winespiritscollection.com\/wp-content\/uploads\/2024\/11\/P1180937-removebg-preview-1.png","type":"image\/png"}],"twitter_card":"summary_large_image","twitter_misc":{"Tiempo de lectura":"1 minuto"},"schema":{"@context":"https:\/\/schema.org","@graph":[{"@type":"WebPage","@id":"https:\/\/www.winespiritscollection.com\/es\/producto\/imperial-vino-tinto-reserva-2000-rioja-75-cl\/","url":"https:\/\/www.winespiritscollection.com\/es\/producto\/imperial-vino-tinto-reserva-2000-rioja-75-cl\/","name":"Imperial vino tinto Reserva 2000 Rioja 75 cl. - Wine Spirits Collection","isPartOf":{"@id":"https:\/\/www.winespiritscollection.com\/es\/#website"},"primaryImageOfPage":{"@id":"https:\/\/www.winespiritscollection.com\/es\/producto\/imperial-vino-tinto-reserva-2000-rioja-75-cl\/#primaryimage"},"image":{"@id":"https:\/\/www.winespiritscollection.com\/es\/producto\/imperial-vino-tinto-reserva-2000-rioja-75-cl\/#primaryimage"},"thumbnailUrl":"https:\/\/www.winespiritscollection.com\/wp-content\/uploads\/2024\/11\/P1180937-removebg-preview-1.png","datePublished":"2024-11-14T11:38:13+00:00","description":"Elaborado con uvas Tempranillo, Graciano y Mazuelo, destaca por su elegancia y complejidad con notas de fruta madura, vainilla y especias.","breadcrumb":{"@id":"https:\/\/www.winespiritscollection.com\/es\/producto\/imperial-vino-tinto-reserva-2000-rioja-75-cl\/#breadcrumb"},"inLanguage":"es","potentialAction":[{"@type":"ReadAction","target":["https:\/\/www.winespiritscollection.com\/es\/producto\/imperial-vino-tinto-reserva-2000-rioja-75-cl\/"]}]},{"@type":"ImageObject","inLanguage":"es","@id":"https:\/\/www.winespiritscollection.com\/es\/producto\/imperial-vino-tinto-reserva-2000-rioja-75-cl\/#primaryimage","url":"https:\/\/www.winespiritscollection.com\/wp-content\/uploads\/2024\/11\/P1180937-removebg-preview-1.png","contentUrl":"https:\/\/www.winespiritscollection.com\/wp-content\/uploads\/2024\/11\/P1180937-removebg-preview-1.png","width":375,"height":666},{"@type":"BreadcrumbList","@id":"https:\/\/www.winespiritscollection.com\/es\/producto\/imperial-vino-tinto-reserva-2000-rioja-75-cl\/#breadcrumb","itemListElement":[{"@type":"ListItem","position":1,"name":"Portada","item":"https:\/\/www.winespiritscollection.com\/es\/"},{"@type":"ListItem","position":2,"name":"Tienda","item":"https:\/\/www.winespiritscollection.com\/es\/tienda-de-vinos-y-licores\/"},{"@type":"ListItem","position":3,"name":"Imperial vino tinto Reserva 2000 Rioja 75 cl."}]},{"@type":"WebSite","@id":"https:\/\/www.winespiritscollection.com\/es\/#website","url":"https:\/\/www.winespiritscollection.com\/es\/","name":"Wine Spirits Collection","description":"","publisher":{"@id":"https:\/\/www.winespiritscollection.com\/es\/#organization"},"potentialAction":[{"@type":"SearchAction","target":{"@type":"EntryPoint","urlTemplate":"https:\/\/www.winespiritscollection.com\/es\/?s={search_term_string}"},"query-input":{"@type":"PropertyValueSpecification","valueRequired":true,"valueName":"search_term_string"}}],"inLanguage":"es"},{"@type":"Organization","@id":"https:\/\/www.winespiritscollection.com\/es\/#organization","name":"Wine Spirits Collection","url":"https:\/\/www.winespiritscollection.com\/es\/","logo":{"@type":"ImageObject","inLanguage":"es","@id":"https:\/\/www.winespiritscollection.com\/es\/#\/schema\/logo\/image\/","url":"https:\/\/www.winespiritscollection.com\/wp-content\/uploads\/2024\/03\/cropped-WINE_SPIRITS-LOGO-PRINCIPAL-NEGRE.png","contentUrl":"https:\/\/www.winespiritscollection.com\/wp-content\/uploads\/2024\/03\/cropped-WINE_SPIRITS-LOGO-PRINCIPAL-NEGRE.png","width":2098,"height":1368,"caption":"Wine Spirits Collection"},"image":{"@id":"https:\/\/www.winespiritscollection.com\/es\/#\/schema\/logo\/image\/"}}]}},"_links":{"self":[{"href":"https:\/\/www.winespiritscollection.com\/es\/wp-json\/wp\/v2\/product\/1535","targetHints":{"allow":["GET"]}}],"collection":[{"href":"https:\/\/www.winespiritscollection.com\/es\/wp-json\/wp\/v2\/product"}],"about":[{"href":"https:\/\/www.winespiritscollection.com\/es\/wp-json\/wp\/v2\/types\/product"}],"replies":[{"embeddable":true,"href":"https:\/\/www.winespiritscollection.com\/es\/wp-json\/wp\/v2\/comments?post=1535"}],"wp:featuredmedia":[{"embeddable":true,"href":"https:\/\/www.winespiritscollection.com\/es\/wp-json\/wp\/v2\/media\/1522"}],"wp:attachment":[{"href":"https:\/\/www.winespiritscollection.com\/es\/wp-json\/wp\/v2\/media?parent=1535"}],"wp:term":[{"taxonomy":"product_brand","embeddable":true,"href":"https:\/\/www.winespiritscollection.com\/es\/wp-json\/wp\/v2\/product_brand?post=1535"},{"taxonomy":"product_cat","embeddable":true,"href":"https:\/\/www.winespiritscollection.com\/es\/wp-json\/wp\/v2\/product_cat?post=1535"},{"taxonomy":"product_tag","embeddable":true,"href":"https:\/\/www.winespiritscollection.com\/es\/wp-json\/wp\/v2\/product_tag?post=1535"}],"curies":[{"name":"wp","href":"https:\/\/api.w.org\/{rel}","templated":true}]}}