{"id":1572,"date":"2024-11-14T14:06:33","date_gmt":"2024-11-14T13:06:33","guid":{"rendered":"https:\/\/www.winespiritscollection.com\/producto\/vino-tinto-matarromera-gran-reserva-2000-ribera-del-duero-75cl\/"},"modified":"2024-11-14T14:06:33","modified_gmt":"2024-11-14T13:06:33","slug":"vino-tinto-matarromera-gran-reserva-2000-ribera-del-duero-75cl","status":"publish","type":"product","link":"https:\/\/www.winespiritscollection.com\/es\/producto\/vino-tinto-matarromera-gran-reserva-2000-ribera-del-duero-75cl\/","title":{"rendered":"Vino tinto Matarromera. Gran Reserva 2000 Ribera del Duero 75cl"},"content":{"rendered":"<p>Espa\u00f1olEl Matarromera Gran Reserva 2000 es un vino tinto de Ribera del Duero que representa la m\u00e1xima expresi\u00f3n de la bodega Matarromera. Elaborado con uva Tempranillo (Tinta del Pa\u00eds), es una obra maestra que combina la tradici\u00f3n vitivin\u00edcola de la regi\u00f3n con el estilo innovador de la bodega. Este Gran Reserva, fruto de una a\u00f1ada excepcional, destaca por su complejidad, profundidad y capacidad de envejecimiento, lo que lo hace ideal para quienes buscan un vino refinado y con car\u00e1cter. El proceso de elaboraci\u00f3n de Matarromera Gran Reserva 2000 es minucioso y de gran calidad. Tras la fermentaci\u00f3n en dep\u00f3sitos de acero inoxidable a temperatura controlada, el vino envejece en barricas de roble franc\u00e9s y americano durante un periodo de 24 meses. Esta larga crianza le confiere una complejidad arom\u00e1tica excepcional, con notas de frutos negros, especias, cuero y un toque bals\u00e1mico. Tras la crianza en barrica, el vino contin\u00faa afin\u00e1ndose en botella durante varios a\u00f1os, lo que le permite alcanzar su m\u00e1xima expresi\u00f3n.  <\/p>\n<p>Nuestros productos son botellas vintage de colecci\u00f3n. Se han conservado en una bodega, pero no podemos garantizar su consumo. Consumo responsable. S\u00f3lo apto para adultos.<\/p>\n","protected":false},"excerpt":{"rendered":"<p>Tipo de Vino: Tinto Gran Reserva<br \/>\nBodega: Bodega Matarromera<br \/>\nRegiones: D.O. Ribera del Duero<br \/>\nVariedad de uva: 100% Tempranillo<br \/>\nEn\u00f3logo: F\u00e9lix A. Gonz\u00e1lez Jim\u00e9nez<br \/>\nEn\u00f3logo: Carlos Moro Gonz\u00e1lez<br \/>\nTipo de barrica: Barricas de roble americano de tostado medio y ligero.<br \/>\nTipo de botella: Formato bordel\u00e9s magnum<br \/>\nCrianza en barrica: 24 meses<br \/>\nCapacidad (cl): 150<br \/>\nConsumo: Temperatura ambiente de 17 \u00baC.<br \/>\nEmbotellado: 01\/01\/2001<br \/>\nGrado alcoh\u00f3lico (% vol.): 14,00<\/p>\n","protected":false},"featured_media":1558,"comment_status":"closed","ping_status":"closed","template":"","meta":{"_acf_changed":false,"_glsr_average":0,"_glsr_ranking":0,"_glsr_reviews":0,"_joinchat":[]},"product_brand":[],"product_cat":[110],"product_tag":[],"class_list":{"0":"post-1572","1":"product","2":"type-product","3":"status-publish","4":"has-post-thumbnail","6":"product_cat-ribera-del-duero-es","8":"first","9":"instock","10":"taxable","11":"shipping-taxable","12":"purchasable","13":"product-type-simple"},"acf":[],"yoast_head":"<!-- This site is optimized with the Yoast SEO plugin v27.2 - https:\/\/yoast.com\/product\/yoast-seo-wordpress\/ -->\n<title>Vino tinto Matarromera. Gran Reserva 2000 Ribera del Duero 75cl - Wine Spirits Collection<\/title>\n<meta name=\"description\" content=\"Matarromera 2000 Gran Reserva es un vino tinto excepcional de Ribera del Duero, elaborado con uva Tempranillo. Ideal para maridar con carnes rojas.\" \/>\n<meta name=\"robots\" content=\"index, follow, max-snippet:-1, max-image-preview:large, max-video-preview:-1\" \/>\n<link rel=\"canonical\" href=\"https:\/\/www.winespiritscollection.com\/es\/producto\/vino-tinto-matarromera-gran-reserva-2000-ribera-del-duero-75cl\/\" \/>\n<meta property=\"og:locale\" content=\"es_ES\" \/>\n<meta property=\"og:type\" content=\"article\" \/>\n<meta property=\"og:title\" content=\"Vino tinto Matarromera. Gran Reserva 2000 Ribera del Duero 75cl - Wine Spirits Collection\" \/>\n<meta property=\"og:description\" content=\"Matarromera 2000 Gran Reserva es un vino tinto excepcional de Ribera del Duero, elaborado con uva Tempranillo. Ideal para maridar con carnes rojas.\" \/>\n<meta property=\"og:url\" content=\"https:\/\/www.winespiritscollection.com\/es\/producto\/vino-tinto-matarromera-gran-reserva-2000-ribera-del-duero-75cl\/\" \/>\n<meta property=\"og:site_name\" content=\"Wine Spirits Collection\" \/>\n<meta property=\"og:image\" content=\"https:\/\/www.winespiritscollection.com\/wp-content\/uploads\/2024\/11\/P1180956-removebg-preview.png\" \/>\n\t<meta property=\"og:image:width\" content=\"375\" \/>\n\t<meta property=\"og:image:height\" content=\"666\" \/>\n\t<meta property=\"og:image:type\" content=\"image\/png\" \/>\n<meta name=\"twitter:card\" content=\"summary_large_image\" \/>\n<meta name=\"twitter:label1\" content=\"Tiempo de lectura\" \/>\n\t<meta name=\"twitter:data1\" content=\"1 minuto\" \/>\n<script type=\"application\/ld+json\" class=\"yoast-schema-graph\">{\"@context\":\"https:\/\/schema.org\",\"@graph\":[{\"@type\":\"WebPage\",\"@id\":\"https:\/\/www.winespiritscollection.com\/es\/producto\/vino-tinto-matarromera-gran-reserva-2000-ribera-del-duero-75cl\/\",\"url\":\"https:\/\/www.winespiritscollection.com\/es\/producto\/vino-tinto-matarromera-gran-reserva-2000-ribera-del-duero-75cl\/\",\"name\":\"Vino tinto Matarromera. Gran Reserva 2000 Ribera del Duero 75cl - Wine Spirits Collection\",\"isPartOf\":{\"@id\":\"https:\/\/www.winespiritscollection.com\/es\/#website\"},\"primaryImageOfPage\":{\"@id\":\"https:\/\/www.winespiritscollection.com\/es\/producto\/vino-tinto-matarromera-gran-reserva-2000-ribera-del-duero-75cl\/#primaryimage\"},\"image\":{\"@id\":\"https:\/\/www.winespiritscollection.com\/es\/producto\/vino-tinto-matarromera-gran-reserva-2000-ribera-del-duero-75cl\/#primaryimage\"},\"thumbnailUrl\":\"https:\/\/www.winespiritscollection.com\/wp-content\/uploads\/2024\/11\/P1180956-removebg-preview.png\",\"datePublished\":\"2024-11-14T13:06:33+00:00\",\"description\":\"Matarromera 2000 Gran Reserva es un vino tinto excepcional de Ribera del Duero, elaborado con uva Tempranillo. Ideal para maridar con carnes rojas.\",\"breadcrumb\":{\"@id\":\"https:\/\/www.winespiritscollection.com\/es\/producto\/vino-tinto-matarromera-gran-reserva-2000-ribera-del-duero-75cl\/#breadcrumb\"},\"inLanguage\":\"es\",\"potentialAction\":[{\"@type\":\"ReadAction\",\"target\":[\"https:\/\/www.winespiritscollection.com\/es\/producto\/vino-tinto-matarromera-gran-reserva-2000-ribera-del-duero-75cl\/\"]}]},{\"@type\":\"ImageObject\",\"inLanguage\":\"es\",\"@id\":\"https:\/\/www.winespiritscollection.com\/es\/producto\/vino-tinto-matarromera-gran-reserva-2000-ribera-del-duero-75cl\/#primaryimage\",\"url\":\"https:\/\/www.winespiritscollection.com\/wp-content\/uploads\/2024\/11\/P1180956-removebg-preview.png\",\"contentUrl\":\"https:\/\/www.winespiritscollection.com\/wp-content\/uploads\/2024\/11\/P1180956-removebg-preview.png\",\"width\":375,\"height\":666},{\"@type\":\"BreadcrumbList\",\"@id\":\"https:\/\/www.winespiritscollection.com\/es\/producto\/vino-tinto-matarromera-gran-reserva-2000-ribera-del-duero-75cl\/#breadcrumb\",\"itemListElement\":[{\"@type\":\"ListItem\",\"position\":1,\"name\":\"Portada\",\"item\":\"https:\/\/www.winespiritscollection.com\/es\/\"},{\"@type\":\"ListItem\",\"position\":2,\"name\":\"Tienda\",\"item\":\"https:\/\/www.winespiritscollection.com\/es\/tienda-de-vinos-y-licores\/\"},{\"@type\":\"ListItem\",\"position\":3,\"name\":\"Vino tinto Matarromera. Gran Reserva 2000 Ribera del Duero 75cl\"}]},{\"@type\":\"WebSite\",\"@id\":\"https:\/\/www.winespiritscollection.com\/es\/#website\",\"url\":\"https:\/\/www.winespiritscollection.com\/es\/\",\"name\":\"Wine Spirits Collection\",\"description\":\"\",\"publisher\":{\"@id\":\"https:\/\/www.winespiritscollection.com\/es\/#organization\"},\"potentialAction\":[{\"@type\":\"SearchAction\",\"target\":{\"@type\":\"EntryPoint\",\"urlTemplate\":\"https:\/\/www.winespiritscollection.com\/es\/?s={search_term_string}\"},\"query-input\":{\"@type\":\"PropertyValueSpecification\",\"valueRequired\":true,\"valueName\":\"search_term_string\"}}],\"inLanguage\":\"es\"},{\"@type\":\"Organization\",\"@id\":\"https:\/\/www.winespiritscollection.com\/es\/#organization\",\"name\":\"Wine Spirits Collection\",\"url\":\"https:\/\/www.winespiritscollection.com\/es\/\",\"logo\":{\"@type\":\"ImageObject\",\"inLanguage\":\"es\",\"@id\":\"https:\/\/www.winespiritscollection.com\/es\/#\/schema\/logo\/image\/\",\"url\":\"https:\/\/www.winespiritscollection.com\/wp-content\/uploads\/2024\/03\/cropped-WINE_SPIRITS-LOGO-PRINCIPAL-NEGRE.png\",\"contentUrl\":\"https:\/\/www.winespiritscollection.com\/wp-content\/uploads\/2024\/03\/cropped-WINE_SPIRITS-LOGO-PRINCIPAL-NEGRE.png\",\"width\":2098,\"height\":1368,\"caption\":\"Wine Spirits Collection\"},\"image\":{\"@id\":\"https:\/\/www.winespiritscollection.com\/es\/#\/schema\/logo\/image\/\"}}]}<\/script>\n<!-- \/ Yoast SEO plugin. -->","yoast_head_json":{"title":"Vino tinto Matarromera. Gran Reserva 2000 Ribera del Duero 75cl - Wine Spirits Collection","description":"Matarromera 2000 Gran Reserva es un vino tinto excepcional de Ribera del Duero, elaborado con uva Tempranillo. Ideal para maridar con carnes rojas.","robots":{"index":"index","follow":"follow","max-snippet":"max-snippet:-1","max-image-preview":"max-image-preview:large","max-video-preview":"max-video-preview:-1"},"canonical":"https:\/\/www.winespiritscollection.com\/es\/producto\/vino-tinto-matarromera-gran-reserva-2000-ribera-del-duero-75cl\/","og_locale":"es_ES","og_type":"article","og_title":"Vino tinto Matarromera. Gran Reserva 2000 Ribera del Duero 75cl - Wine Spirits Collection","og_description":"Matarromera 2000 Gran Reserva es un vino tinto excepcional de Ribera del Duero, elaborado con uva Tempranillo. Ideal para maridar con carnes rojas.","og_url":"https:\/\/www.winespiritscollection.com\/es\/producto\/vino-tinto-matarromera-gran-reserva-2000-ribera-del-duero-75cl\/","og_site_name":"Wine Spirits Collection","og_image":[{"width":375,"height":666,"url":"https:\/\/www.winespiritscollection.com\/wp-content\/uploads\/2024\/11\/P1180956-removebg-preview.png","type":"image\/png"}],"twitter_card":"summary_large_image","twitter_misc":{"Tiempo de lectura":"1 minuto"},"schema":{"@context":"https:\/\/schema.org","@graph":[{"@type":"WebPage","@id":"https:\/\/www.winespiritscollection.com\/es\/producto\/vino-tinto-matarromera-gran-reserva-2000-ribera-del-duero-75cl\/","url":"https:\/\/www.winespiritscollection.com\/es\/producto\/vino-tinto-matarromera-gran-reserva-2000-ribera-del-duero-75cl\/","name":"Vino tinto Matarromera. Gran Reserva 2000 Ribera del Duero 75cl - Wine Spirits Collection","isPartOf":{"@id":"https:\/\/www.winespiritscollection.com\/es\/#website"},"primaryImageOfPage":{"@id":"https:\/\/www.winespiritscollection.com\/es\/producto\/vino-tinto-matarromera-gran-reserva-2000-ribera-del-duero-75cl\/#primaryimage"},"image":{"@id":"https:\/\/www.winespiritscollection.com\/es\/producto\/vino-tinto-matarromera-gran-reserva-2000-ribera-del-duero-75cl\/#primaryimage"},"thumbnailUrl":"https:\/\/www.winespiritscollection.com\/wp-content\/uploads\/2024\/11\/P1180956-removebg-preview.png","datePublished":"2024-11-14T13:06:33+00:00","description":"Matarromera 2000 Gran Reserva es un vino tinto excepcional de Ribera del Duero, elaborado con uva Tempranillo. Ideal para maridar con carnes rojas.","breadcrumb":{"@id":"https:\/\/www.winespiritscollection.com\/es\/producto\/vino-tinto-matarromera-gran-reserva-2000-ribera-del-duero-75cl\/#breadcrumb"},"inLanguage":"es","potentialAction":[{"@type":"ReadAction","target":["https:\/\/www.winespiritscollection.com\/es\/producto\/vino-tinto-matarromera-gran-reserva-2000-ribera-del-duero-75cl\/"]}]},{"@type":"ImageObject","inLanguage":"es","@id":"https:\/\/www.winespiritscollection.com\/es\/producto\/vino-tinto-matarromera-gran-reserva-2000-ribera-del-duero-75cl\/#primaryimage","url":"https:\/\/www.winespiritscollection.com\/wp-content\/uploads\/2024\/11\/P1180956-removebg-preview.png","contentUrl":"https:\/\/www.winespiritscollection.com\/wp-content\/uploads\/2024\/11\/P1180956-removebg-preview.png","width":375,"height":666},{"@type":"BreadcrumbList","@id":"https:\/\/www.winespiritscollection.com\/es\/producto\/vino-tinto-matarromera-gran-reserva-2000-ribera-del-duero-75cl\/#breadcrumb","itemListElement":[{"@type":"ListItem","position":1,"name":"Portada","item":"https:\/\/www.winespiritscollection.com\/es\/"},{"@type":"ListItem","position":2,"name":"Tienda","item":"https:\/\/www.winespiritscollection.com\/es\/tienda-de-vinos-y-licores\/"},{"@type":"ListItem","position":3,"name":"Vino tinto Matarromera. Gran Reserva 2000 Ribera del Duero 75cl"}]},{"@type":"WebSite","@id":"https:\/\/www.winespiritscollection.com\/es\/#website","url":"https:\/\/www.winespiritscollection.com\/es\/","name":"Wine Spirits Collection","description":"","publisher":{"@id":"https:\/\/www.winespiritscollection.com\/es\/#organization"},"potentialAction":[{"@type":"SearchAction","target":{"@type":"EntryPoint","urlTemplate":"https:\/\/www.winespiritscollection.com\/es\/?s={search_term_string}"},"query-input":{"@type":"PropertyValueSpecification","valueRequired":true,"valueName":"search_term_string"}}],"inLanguage":"es"},{"@type":"Organization","@id":"https:\/\/www.winespiritscollection.com\/es\/#organization","name":"Wine Spirits Collection","url":"https:\/\/www.winespiritscollection.com\/es\/","logo":{"@type":"ImageObject","inLanguage":"es","@id":"https:\/\/www.winespiritscollection.com\/es\/#\/schema\/logo\/image\/","url":"https:\/\/www.winespiritscollection.com\/wp-content\/uploads\/2024\/03\/cropped-WINE_SPIRITS-LOGO-PRINCIPAL-NEGRE.png","contentUrl":"https:\/\/www.winespiritscollection.com\/wp-content\/uploads\/2024\/03\/cropped-WINE_SPIRITS-LOGO-PRINCIPAL-NEGRE.png","width":2098,"height":1368,"caption":"Wine Spirits Collection"},"image":{"@id":"https:\/\/www.winespiritscollection.com\/es\/#\/schema\/logo\/image\/"}}]}},"_links":{"self":[{"href":"https:\/\/www.winespiritscollection.com\/es\/wp-json\/wp\/v2\/product\/1572","targetHints":{"allow":["GET"]}}],"collection":[{"href":"https:\/\/www.winespiritscollection.com\/es\/wp-json\/wp\/v2\/product"}],"about":[{"href":"https:\/\/www.winespiritscollection.com\/es\/wp-json\/wp\/v2\/types\/product"}],"replies":[{"embeddable":true,"href":"https:\/\/www.winespiritscollection.com\/es\/wp-json\/wp\/v2\/comments?post=1572"}],"wp:featuredmedia":[{"embeddable":true,"href":"https:\/\/www.winespiritscollection.com\/es\/wp-json\/wp\/v2\/media\/1558"}],"wp:attachment":[{"href":"https:\/\/www.winespiritscollection.com\/es\/wp-json\/wp\/v2\/media?parent=1572"}],"wp:term":[{"taxonomy":"product_brand","embeddable":true,"href":"https:\/\/www.winespiritscollection.com\/es\/wp-json\/wp\/v2\/product_brand?post=1572"},{"taxonomy":"product_cat","embeddable":true,"href":"https:\/\/www.winespiritscollection.com\/es\/wp-json\/wp\/v2\/product_cat?post=1572"},{"taxonomy":"product_tag","embeddable":true,"href":"https:\/\/www.winespiritscollection.com\/es\/wp-json\/wp\/v2\/product_tag?post=1572"}],"curies":[{"name":"wp","href":"https:\/\/api.w.org\/{rel}","templated":true}]}}