{"id":1663,"date":"2025-04-07T12:50:09","date_gmt":"2025-04-07T10:50:09","guid":{"rendered":"https:\/\/www.winespiritscollection.com\/producto\/pesquera-vino-tinto-reserva-1999-ribera-del-duero-75cl\/"},"modified":"2025-04-07T12:50:09","modified_gmt":"2025-04-07T10:50:09","slug":"pesquera-vino-tinto-reserva-1999-ribera-del-duero-75cl","status":"publish","type":"product","link":"https:\/\/www.winespiritscollection.com\/es\/producto\/pesquera-vino-tinto-reserva-1999-ribera-del-duero-75cl\/","title":{"rendered":"Pesquera vino tinto Reserva 1999. Ribera del Duero. 75cl"},"content":{"rendered":"<p>Pesquera Reserva 1999 es un vino emblem\u00e1tico de la Denominaci\u00f3n de Origen Ribera del Duero, elaborado por la bodega Pesquera. Este vino se caracteriza por su gran complejidad y elegancia, derivadas de la alta calidad de la uva Tempranillo (tambi\u00e9n conocida como Tinto Fino en Ribera del Duero), procedente de vi\u00f1edos de m\u00e1s de 30 a\u00f1os. En 1999, una a\u00f1ada excepcional por su madurez y equilibrio, dio lugar a un vino con gran capacidad de envejecimiento.<br \/>\nNuestros productos son botellas de colecci\u00f3n antigua. Se han conservado en bodega, pero no podemos garantizar su consumo.    Consumo responsable. S\u00f3lo apto para adultos.<\/p>\n","protected":false},"excerpt":{"rendered":"<p>Variedad de uva: Tempranillo (Tinto Fino).<\/p>\n<p>Denominaci\u00f3n de Origen: Ribera del Duero.<\/p>\n<p>Color: Rub\u00ed profundo con reflejos granate.<\/p>\n<p>Aromas:Fruta madura (cereza, ar\u00e1ndanos).<\/p>\n<p>Notas especiadas (pimienta negra fina y canela).<\/p>\n<p>Notas de roble (tostado, cacao, tabaco).<\/p>\n<p>Complejidad y elegancia.<\/p>\n<p>Boca:Anchura y estructura robusta.<\/p>\n<p>Taninos suaves y sedosos.<\/p>\n<p>Equilibrio entre notas frutales y de madera.<\/p>\n<p>Final: Largo, persistente y equilibrado, con sensaci\u00f3n de frescor.<\/p>\n<p>Crianza: Pasa m\u00e1s de 24 meses en barricas de roble.<\/p>\n<p>Capacidad de almacenamiento: Alta, con una evoluci\u00f3n continua en el tiempo.<\/p>\n<p>Temperatura de servicio: Recomendada entre 16-18\u00b0C.<\/p>\n<p>Maridaje: Ideal con carnes rojas, embutidos curados, quesos curados y platos con salsa de carne.<\/p>\n","protected":false},"featured_media":1649,"comment_status":"closed","ping_status":"closed","template":"","meta":{"_acf_changed":false,"_glsr_average":0,"_glsr_ranking":0,"_glsr_reviews":0,"_joinchat":[]},"product_brand":[],"product_cat":[110],"product_tag":[230,196,174],"class_list":{"0":"post-1663","1":"product","2":"type-product","3":"status-publish","4":"has-post-thumbnail","6":"product_cat-ribera-del-duero-es","7":"product_tag-red-wine-es","8":"product_tag-reserva-es","9":"product_tag-ribera-del-duero-es","11":"first","12":"instock","13":"taxable","14":"shipping-taxable","15":"purchasable","16":"product-type-simple"},"acf":[],"yoast_head":"<!-- This site is optimized with the Yoast SEO plugin v27.2 - https:\/\/yoast.com\/product\/yoast-seo-wordpress\/ -->\n<title>Pesquera vino tinto Reserva 1999. Ribera del Duero. 75cl - Wine Spirits Collection<\/title>\n<meta name=\"description\" content=\"El Pesquera Tinto 1999 Reserva es un vino de Ribera del Duero elaborado con uva Tempranillo. De gran complejidad arom\u00e1tica y gustativa.\" \/>\n<meta name=\"robots\" content=\"index, follow, max-snippet:-1, max-image-preview:large, max-video-preview:-1\" \/>\n<link rel=\"canonical\" href=\"https:\/\/www.winespiritscollection.com\/es\/producto\/pesquera-vino-tinto-reserva-1999-ribera-del-duero-75cl\/\" \/>\n<meta property=\"og:locale\" content=\"es_ES\" \/>\n<meta property=\"og:type\" content=\"article\" \/>\n<meta property=\"og:title\" content=\"Pesquera vino tinto Reserva 1999. Ribera del Duero. 75cl - Wine Spirits Collection\" \/>\n<meta property=\"og:description\" content=\"El Pesquera Tinto 1999 Reserva es un vino de Ribera del Duero elaborado con uva Tempranillo. De gran complejidad arom\u00e1tica y gustativa.\" \/>\n<meta property=\"og:url\" content=\"https:\/\/www.winespiritscollection.com\/es\/producto\/pesquera-vino-tinto-reserva-1999-ribera-del-duero-75cl\/\" \/>\n<meta property=\"og:site_name\" content=\"Wine Spirits Collection\" \/>\n<meta property=\"og:image\" content=\"https:\/\/www.winespiritscollection.com\/wp-content\/uploads\/2025\/04\/P1190095-removebg-preview.png\" \/>\n\t<meta property=\"og:image:width\" content=\"375\" \/>\n\t<meta property=\"og:image:height\" content=\"666\" \/>\n\t<meta property=\"og:image:type\" content=\"image\/png\" \/>\n<meta name=\"twitter:card\" content=\"summary_large_image\" \/>\n<meta name=\"twitter:label1\" content=\"Tiempo de lectura\" \/>\n\t<meta name=\"twitter:data1\" content=\"1 minuto\" \/>\n<script type=\"application\/ld+json\" class=\"yoast-schema-graph\">{\"@context\":\"https:\/\/schema.org\",\"@graph\":[{\"@type\":\"WebPage\",\"@id\":\"https:\/\/www.winespiritscollection.com\/es\/producto\/pesquera-vino-tinto-reserva-1999-ribera-del-duero-75cl\/\",\"url\":\"https:\/\/www.winespiritscollection.com\/es\/producto\/pesquera-vino-tinto-reserva-1999-ribera-del-duero-75cl\/\",\"name\":\"Pesquera vino tinto Reserva 1999. Ribera del Duero. 75cl - Wine Spirits Collection\",\"isPartOf\":{\"@id\":\"https:\/\/www.winespiritscollection.com\/es\/#website\"},\"primaryImageOfPage\":{\"@id\":\"https:\/\/www.winespiritscollection.com\/es\/producto\/pesquera-vino-tinto-reserva-1999-ribera-del-duero-75cl\/#primaryimage\"},\"image\":{\"@id\":\"https:\/\/www.winespiritscollection.com\/es\/producto\/pesquera-vino-tinto-reserva-1999-ribera-del-duero-75cl\/#primaryimage\"},\"thumbnailUrl\":\"https:\/\/www.winespiritscollection.com\/wp-content\/uploads\/2025\/04\/P1190095-removebg-preview.png\",\"datePublished\":\"2025-04-07T10:50:09+00:00\",\"description\":\"El Pesquera Tinto 1999 Reserva es un vino de Ribera del Duero elaborado con uva Tempranillo. De gran complejidad arom\u00e1tica y gustativa.\",\"breadcrumb\":{\"@id\":\"https:\/\/www.winespiritscollection.com\/es\/producto\/pesquera-vino-tinto-reserva-1999-ribera-del-duero-75cl\/#breadcrumb\"},\"inLanguage\":\"es\",\"potentialAction\":[{\"@type\":\"ReadAction\",\"target\":[\"https:\/\/www.winespiritscollection.com\/es\/producto\/pesquera-vino-tinto-reserva-1999-ribera-del-duero-75cl\/\"]}]},{\"@type\":\"ImageObject\",\"inLanguage\":\"es\",\"@id\":\"https:\/\/www.winespiritscollection.com\/es\/producto\/pesquera-vino-tinto-reserva-1999-ribera-del-duero-75cl\/#primaryimage\",\"url\":\"https:\/\/www.winespiritscollection.com\/wp-content\/uploads\/2025\/04\/P1190095-removebg-preview.png\",\"contentUrl\":\"https:\/\/www.winespiritscollection.com\/wp-content\/uploads\/2025\/04\/P1190095-removebg-preview.png\",\"width\":375,\"height\":666},{\"@type\":\"BreadcrumbList\",\"@id\":\"https:\/\/www.winespiritscollection.com\/es\/producto\/pesquera-vino-tinto-reserva-1999-ribera-del-duero-75cl\/#breadcrumb\",\"itemListElement\":[{\"@type\":\"ListItem\",\"position\":1,\"name\":\"Portada\",\"item\":\"https:\/\/www.winespiritscollection.com\/es\/\"},{\"@type\":\"ListItem\",\"position\":2,\"name\":\"Tienda\",\"item\":\"https:\/\/www.winespiritscollection.com\/es\/tienda-de-vinos-y-licores\/\"},{\"@type\":\"ListItem\",\"position\":3,\"name\":\"Pesquera vino tinto Reserva 1999. Ribera del Duero. 75cl\"}]},{\"@type\":\"WebSite\",\"@id\":\"https:\/\/www.winespiritscollection.com\/es\/#website\",\"url\":\"https:\/\/www.winespiritscollection.com\/es\/\",\"name\":\"Wine Spirits Collection\",\"description\":\"\",\"publisher\":{\"@id\":\"https:\/\/www.winespiritscollection.com\/es\/#organization\"},\"potentialAction\":[{\"@type\":\"SearchAction\",\"target\":{\"@type\":\"EntryPoint\",\"urlTemplate\":\"https:\/\/www.winespiritscollection.com\/es\/?s={search_term_string}\"},\"query-input\":{\"@type\":\"PropertyValueSpecification\",\"valueRequired\":true,\"valueName\":\"search_term_string\"}}],\"inLanguage\":\"es\"},{\"@type\":\"Organization\",\"@id\":\"https:\/\/www.winespiritscollection.com\/es\/#organization\",\"name\":\"Wine Spirits Collection\",\"url\":\"https:\/\/www.winespiritscollection.com\/es\/\",\"logo\":{\"@type\":\"ImageObject\",\"inLanguage\":\"es\",\"@id\":\"https:\/\/www.winespiritscollection.com\/es\/#\/schema\/logo\/image\/\",\"url\":\"https:\/\/www.winespiritscollection.com\/wp-content\/uploads\/2024\/03\/cropped-WINE_SPIRITS-LOGO-PRINCIPAL-NEGRE.png\",\"contentUrl\":\"https:\/\/www.winespiritscollection.com\/wp-content\/uploads\/2024\/03\/cropped-WINE_SPIRITS-LOGO-PRINCIPAL-NEGRE.png\",\"width\":2098,\"height\":1368,\"caption\":\"Wine Spirits Collection\"},\"image\":{\"@id\":\"https:\/\/www.winespiritscollection.com\/es\/#\/schema\/logo\/image\/\"}}]}<\/script>\n<!-- \/ Yoast SEO plugin. -->","yoast_head_json":{"title":"Pesquera vino tinto Reserva 1999. Ribera del Duero. 75cl - Wine Spirits Collection","description":"El Pesquera Tinto 1999 Reserva es un vino de Ribera del Duero elaborado con uva Tempranillo. De gran complejidad arom\u00e1tica y gustativa.","robots":{"index":"index","follow":"follow","max-snippet":"max-snippet:-1","max-image-preview":"max-image-preview:large","max-video-preview":"max-video-preview:-1"},"canonical":"https:\/\/www.winespiritscollection.com\/es\/producto\/pesquera-vino-tinto-reserva-1999-ribera-del-duero-75cl\/","og_locale":"es_ES","og_type":"article","og_title":"Pesquera vino tinto Reserva 1999. Ribera del Duero. 75cl - Wine Spirits Collection","og_description":"El Pesquera Tinto 1999 Reserva es un vino de Ribera del Duero elaborado con uva Tempranillo. De gran complejidad arom\u00e1tica y gustativa.","og_url":"https:\/\/www.winespiritscollection.com\/es\/producto\/pesquera-vino-tinto-reserva-1999-ribera-del-duero-75cl\/","og_site_name":"Wine Spirits Collection","og_image":[{"width":375,"height":666,"url":"https:\/\/www.winespiritscollection.com\/wp-content\/uploads\/2025\/04\/P1190095-removebg-preview.png","type":"image\/png"}],"twitter_card":"summary_large_image","twitter_misc":{"Tiempo de lectura":"1 minuto"},"schema":{"@context":"https:\/\/schema.org","@graph":[{"@type":"WebPage","@id":"https:\/\/www.winespiritscollection.com\/es\/producto\/pesquera-vino-tinto-reserva-1999-ribera-del-duero-75cl\/","url":"https:\/\/www.winespiritscollection.com\/es\/producto\/pesquera-vino-tinto-reserva-1999-ribera-del-duero-75cl\/","name":"Pesquera vino tinto Reserva 1999. Ribera del Duero. 75cl - Wine Spirits Collection","isPartOf":{"@id":"https:\/\/www.winespiritscollection.com\/es\/#website"},"primaryImageOfPage":{"@id":"https:\/\/www.winespiritscollection.com\/es\/producto\/pesquera-vino-tinto-reserva-1999-ribera-del-duero-75cl\/#primaryimage"},"image":{"@id":"https:\/\/www.winespiritscollection.com\/es\/producto\/pesquera-vino-tinto-reserva-1999-ribera-del-duero-75cl\/#primaryimage"},"thumbnailUrl":"https:\/\/www.winespiritscollection.com\/wp-content\/uploads\/2025\/04\/P1190095-removebg-preview.png","datePublished":"2025-04-07T10:50:09+00:00","description":"El Pesquera Tinto 1999 Reserva es un vino de Ribera del Duero elaborado con uva Tempranillo. De gran complejidad arom\u00e1tica y gustativa.","breadcrumb":{"@id":"https:\/\/www.winespiritscollection.com\/es\/producto\/pesquera-vino-tinto-reserva-1999-ribera-del-duero-75cl\/#breadcrumb"},"inLanguage":"es","potentialAction":[{"@type":"ReadAction","target":["https:\/\/www.winespiritscollection.com\/es\/producto\/pesquera-vino-tinto-reserva-1999-ribera-del-duero-75cl\/"]}]},{"@type":"ImageObject","inLanguage":"es","@id":"https:\/\/www.winespiritscollection.com\/es\/producto\/pesquera-vino-tinto-reserva-1999-ribera-del-duero-75cl\/#primaryimage","url":"https:\/\/www.winespiritscollection.com\/wp-content\/uploads\/2025\/04\/P1190095-removebg-preview.png","contentUrl":"https:\/\/www.winespiritscollection.com\/wp-content\/uploads\/2025\/04\/P1190095-removebg-preview.png","width":375,"height":666},{"@type":"BreadcrumbList","@id":"https:\/\/www.winespiritscollection.com\/es\/producto\/pesquera-vino-tinto-reserva-1999-ribera-del-duero-75cl\/#breadcrumb","itemListElement":[{"@type":"ListItem","position":1,"name":"Portada","item":"https:\/\/www.winespiritscollection.com\/es\/"},{"@type":"ListItem","position":2,"name":"Tienda","item":"https:\/\/www.winespiritscollection.com\/es\/tienda-de-vinos-y-licores\/"},{"@type":"ListItem","position":3,"name":"Pesquera vino tinto Reserva 1999. Ribera del Duero. 75cl"}]},{"@type":"WebSite","@id":"https:\/\/www.winespiritscollection.com\/es\/#website","url":"https:\/\/www.winespiritscollection.com\/es\/","name":"Wine Spirits Collection","description":"","publisher":{"@id":"https:\/\/www.winespiritscollection.com\/es\/#organization"},"potentialAction":[{"@type":"SearchAction","target":{"@type":"EntryPoint","urlTemplate":"https:\/\/www.winespiritscollection.com\/es\/?s={search_term_string}"},"query-input":{"@type":"PropertyValueSpecification","valueRequired":true,"valueName":"search_term_string"}}],"inLanguage":"es"},{"@type":"Organization","@id":"https:\/\/www.winespiritscollection.com\/es\/#organization","name":"Wine Spirits Collection","url":"https:\/\/www.winespiritscollection.com\/es\/","logo":{"@type":"ImageObject","inLanguage":"es","@id":"https:\/\/www.winespiritscollection.com\/es\/#\/schema\/logo\/image\/","url":"https:\/\/www.winespiritscollection.com\/wp-content\/uploads\/2024\/03\/cropped-WINE_SPIRITS-LOGO-PRINCIPAL-NEGRE.png","contentUrl":"https:\/\/www.winespiritscollection.com\/wp-content\/uploads\/2024\/03\/cropped-WINE_SPIRITS-LOGO-PRINCIPAL-NEGRE.png","width":2098,"height":1368,"caption":"Wine Spirits Collection"},"image":{"@id":"https:\/\/www.winespiritscollection.com\/es\/#\/schema\/logo\/image\/"}}]}},"_links":{"self":[{"href":"https:\/\/www.winespiritscollection.com\/es\/wp-json\/wp\/v2\/product\/1663","targetHints":{"allow":["GET"]}}],"collection":[{"href":"https:\/\/www.winespiritscollection.com\/es\/wp-json\/wp\/v2\/product"}],"about":[{"href":"https:\/\/www.winespiritscollection.com\/es\/wp-json\/wp\/v2\/types\/product"}],"replies":[{"embeddable":true,"href":"https:\/\/www.winespiritscollection.com\/es\/wp-json\/wp\/v2\/comments?post=1663"}],"wp:featuredmedia":[{"embeddable":true,"href":"https:\/\/www.winespiritscollection.com\/es\/wp-json\/wp\/v2\/media\/1649"}],"wp:attachment":[{"href":"https:\/\/www.winespiritscollection.com\/es\/wp-json\/wp\/v2\/media?parent=1663"}],"wp:term":[{"taxonomy":"product_brand","embeddable":true,"href":"https:\/\/www.winespiritscollection.com\/es\/wp-json\/wp\/v2\/product_brand?post=1663"},{"taxonomy":"product_cat","embeddable":true,"href":"https:\/\/www.winespiritscollection.com\/es\/wp-json\/wp\/v2\/product_cat?post=1663"},{"taxonomy":"product_tag","embeddable":true,"href":"https:\/\/www.winespiritscollection.com\/es\/wp-json\/wp\/v2\/product_tag?post=1663"}],"curies":[{"name":"wp","href":"https:\/\/api.w.org\/{rel}","templated":true}]}}