{"id":1681,"date":"2025-04-07T14:26:06","date_gmt":"2025-04-07T12:26:06","guid":{"rendered":"https:\/\/www.winespiritscollection.com\/producto\/pesquera-vino-tinto-gran-reserva-2001-ribera-del-duero-75-cl\/"},"modified":"2025-04-07T14:26:06","modified_gmt":"2025-04-07T12:26:06","slug":"pesquera-vino-tinto-gran-reserva-2001-ribera-del-duero-75-cl","status":"publish","type":"product","link":"https:\/\/www.winespiritscollection.com\/es\/producto\/pesquera-vino-tinto-gran-reserva-2001-ribera-del-duero-75-cl\/","title":{"rendered":"Pesquera vino tinto. Gran Reserva 2001 . Ribera del Duero .  75 cl."},"content":{"rendered":"<p>Pesquera Vino Tinto 2001 Gran Reserva es un vino de la Denominaci\u00f3n de Origen Ribera del Duero que representa la esencia de la bodega Pesquera. Este vino se elabora con una selecci\u00f3n de uvas Tempranillo (Tinto Fino) de vi\u00f1edos viejos, que le aportan una gran concentraci\u00f3n de sabor y complejidad. Su elaboraci\u00f3n se caracteriza por una larga crianza, con m\u00e1s de 24 meses en barricas de roble franc\u00e9s y americano, que le confieren una personalidad distintiva y una excelente capacidad de envejecimiento.  <\/p>\n<p>Nuestros productos son botellas de colecci\u00f3n antiguas. Se han conservado en bodega, pero no podemos garantizar su consumo.  Consumo responsable. S\u00f3lo apto para adultos.<\/p>\n","protected":false},"excerpt":{"rendered":"<p>Variedad de uva: Tempranillo (Tinto Fino).<br \/>\nDenominaci\u00f3n de Origen: Ribera del Duero.<br \/>\nColor: Rub\u00ed intenso con reflejos granates.<br \/>\nAromas: Fruta madura (cereza, ciruela, ar\u00e1ndanos). Notas especiadas (pimienta negra, canela, clavo). Madera de roble (tabaco, cacao, cuero). Toques bals\u00e1micos y sutiles.<br \/>\nBoca: Gran estructura y cuerpo robusto. Taninos suaves, sedosos y bien integrados. Perfecto equilibrio entre fruta y madera.<br \/>\nFinal: Largo, persistente y con una elegante frescura.<br \/>\nCrianza: M\u00e1s de 24 meses en barricas de roble franc\u00e9s y americano, seguido de maduraci\u00f3n en botella.<\/p>\n","protected":false},"featured_media":1667,"comment_status":"closed","ping_status":"closed","template":"","meta":{"_acf_changed":false,"_glsr_average":0,"_glsr_ranking":0,"_glsr_reviews":0,"_joinchat":[]},"product_brand":[],"product_cat":[110],"product_tag":[175,230,166],"class_list":{"0":"post-1681","1":"product","2":"type-product","3":"status-publish","4":"has-post-thumbnail","6":"product_cat-ribera-del-duero-es","7":"product_tag-gran-reserva-es","8":"product_tag-red-wine-es","9":"product_tag-rioja-es","11":"first","12":"instock","13":"taxable","14":"shipping-taxable","15":"purchasable","16":"product-type-simple"},"acf":[],"yoast_head":"<!-- This site is optimized with the Yoast SEO plugin v27.2 - https:\/\/yoast.com\/product\/yoast-seo-wordpress\/ -->\n<title>Pesquera vino tinto. Gran Reserva 2001 . Ribera del Duero . 75 cl. - Wine Spirits Collection<\/title>\n<meta name=\"description\" content=\"Pesquera Gran Reserva 2001 es un vino de Ribera del Duero elaborado con uva Tempranillo, con una crianza de m\u00e1s de 24 meses en barricas de roble.\" \/>\n<meta name=\"robots\" content=\"index, follow, max-snippet:-1, max-image-preview:large, max-video-preview:-1\" \/>\n<link rel=\"canonical\" href=\"https:\/\/www.winespiritscollection.com\/es\/producto\/pesquera-vino-tinto-gran-reserva-2001-ribera-del-duero-75-cl\/\" \/>\n<meta property=\"og:locale\" content=\"es_ES\" \/>\n<meta property=\"og:type\" content=\"article\" \/>\n<meta property=\"og:title\" content=\"Pesquera vino tinto. Gran Reserva 2001 . Ribera del Duero . 75 cl. - Wine Spirits Collection\" \/>\n<meta property=\"og:description\" content=\"Pesquera Gran Reserva 2001 es un vino de Ribera del Duero elaborado con uva Tempranillo, con una crianza de m\u00e1s de 24 meses en barricas de roble.\" \/>\n<meta property=\"og:url\" content=\"https:\/\/www.winespiritscollection.com\/es\/producto\/pesquera-vino-tinto-gran-reserva-2001-ribera-del-duero-75-cl\/\" \/>\n<meta property=\"og:site_name\" content=\"Wine Spirits Collection\" \/>\n<meta property=\"og:image\" content=\"https:\/\/www.winespiritscollection.com\/wp-content\/uploads\/2025\/04\/P1190107-removebg-preview.png\" \/>\n\t<meta property=\"og:image:width\" content=\"375\" \/>\n\t<meta property=\"og:image:height\" content=\"666\" \/>\n\t<meta property=\"og:image:type\" content=\"image\/png\" \/>\n<meta name=\"twitter:card\" content=\"summary_large_image\" \/>\n<meta name=\"twitter:label1\" content=\"Tiempo de lectura\" \/>\n\t<meta name=\"twitter:data1\" content=\"1 minuto\" \/>\n<script type=\"application\/ld+json\" class=\"yoast-schema-graph\">{\"@context\":\"https:\/\/schema.org\",\"@graph\":[{\"@type\":\"WebPage\",\"@id\":\"https:\/\/www.winespiritscollection.com\/es\/producto\/pesquera-vino-tinto-gran-reserva-2001-ribera-del-duero-75-cl\/\",\"url\":\"https:\/\/www.winespiritscollection.com\/es\/producto\/pesquera-vino-tinto-gran-reserva-2001-ribera-del-duero-75-cl\/\",\"name\":\"Pesquera vino tinto. Gran Reserva 2001 . Ribera del Duero . 75 cl. - Wine Spirits Collection\",\"isPartOf\":{\"@id\":\"https:\/\/www.winespiritscollection.com\/es\/#website\"},\"primaryImageOfPage\":{\"@id\":\"https:\/\/www.winespiritscollection.com\/es\/producto\/pesquera-vino-tinto-gran-reserva-2001-ribera-del-duero-75-cl\/#primaryimage\"},\"image\":{\"@id\":\"https:\/\/www.winespiritscollection.com\/es\/producto\/pesquera-vino-tinto-gran-reserva-2001-ribera-del-duero-75-cl\/#primaryimage\"},\"thumbnailUrl\":\"https:\/\/www.winespiritscollection.com\/wp-content\/uploads\/2025\/04\/P1190107-removebg-preview.png\",\"datePublished\":\"2025-04-07T12:26:06+00:00\",\"description\":\"Pesquera Gran Reserva 2001 es un vino de Ribera del Duero elaborado con uva Tempranillo, con una crianza de m\u00e1s de 24 meses en barricas de roble.\",\"breadcrumb\":{\"@id\":\"https:\/\/www.winespiritscollection.com\/es\/producto\/pesquera-vino-tinto-gran-reserva-2001-ribera-del-duero-75-cl\/#breadcrumb\"},\"inLanguage\":\"es\",\"potentialAction\":[{\"@type\":\"ReadAction\",\"target\":[\"https:\/\/www.winespiritscollection.com\/es\/producto\/pesquera-vino-tinto-gran-reserva-2001-ribera-del-duero-75-cl\/\"]}]},{\"@type\":\"ImageObject\",\"inLanguage\":\"es\",\"@id\":\"https:\/\/www.winespiritscollection.com\/es\/producto\/pesquera-vino-tinto-gran-reserva-2001-ribera-del-duero-75-cl\/#primaryimage\",\"url\":\"https:\/\/www.winespiritscollection.com\/wp-content\/uploads\/2025\/04\/P1190107-removebg-preview.png\",\"contentUrl\":\"https:\/\/www.winespiritscollection.com\/wp-content\/uploads\/2025\/04\/P1190107-removebg-preview.png\",\"width\":375,\"height\":666},{\"@type\":\"BreadcrumbList\",\"@id\":\"https:\/\/www.winespiritscollection.com\/es\/producto\/pesquera-vino-tinto-gran-reserva-2001-ribera-del-duero-75-cl\/#breadcrumb\",\"itemListElement\":[{\"@type\":\"ListItem\",\"position\":1,\"name\":\"Portada\",\"item\":\"https:\/\/www.winespiritscollection.com\/es\/\"},{\"@type\":\"ListItem\",\"position\":2,\"name\":\"Tienda\",\"item\":\"https:\/\/www.winespiritscollection.com\/es\/tienda-de-vinos-y-licores\/\"},{\"@type\":\"ListItem\",\"position\":3,\"name\":\"Pesquera vino tinto. Gran Reserva 2001 . Ribera del Duero . 75 cl.\"}]},{\"@type\":\"WebSite\",\"@id\":\"https:\/\/www.winespiritscollection.com\/es\/#website\",\"url\":\"https:\/\/www.winespiritscollection.com\/es\/\",\"name\":\"Wine Spirits Collection\",\"description\":\"\",\"publisher\":{\"@id\":\"https:\/\/www.winespiritscollection.com\/es\/#organization\"},\"potentialAction\":[{\"@type\":\"SearchAction\",\"target\":{\"@type\":\"EntryPoint\",\"urlTemplate\":\"https:\/\/www.winespiritscollection.com\/es\/?s={search_term_string}\"},\"query-input\":{\"@type\":\"PropertyValueSpecification\",\"valueRequired\":true,\"valueName\":\"search_term_string\"}}],\"inLanguage\":\"es\"},{\"@type\":\"Organization\",\"@id\":\"https:\/\/www.winespiritscollection.com\/es\/#organization\",\"name\":\"Wine Spirits Collection\",\"url\":\"https:\/\/www.winespiritscollection.com\/es\/\",\"logo\":{\"@type\":\"ImageObject\",\"inLanguage\":\"es\",\"@id\":\"https:\/\/www.winespiritscollection.com\/es\/#\/schema\/logo\/image\/\",\"url\":\"https:\/\/www.winespiritscollection.com\/wp-content\/uploads\/2024\/03\/cropped-WINE_SPIRITS-LOGO-PRINCIPAL-NEGRE.png\",\"contentUrl\":\"https:\/\/www.winespiritscollection.com\/wp-content\/uploads\/2024\/03\/cropped-WINE_SPIRITS-LOGO-PRINCIPAL-NEGRE.png\",\"width\":2098,\"height\":1368,\"caption\":\"Wine Spirits Collection\"},\"image\":{\"@id\":\"https:\/\/www.winespiritscollection.com\/es\/#\/schema\/logo\/image\/\"}}]}<\/script>\n<!-- \/ Yoast SEO plugin. -->","yoast_head_json":{"title":"Pesquera vino tinto. Gran Reserva 2001 . Ribera del Duero . 75 cl. - Wine Spirits Collection","description":"Pesquera Gran Reserva 2001 es un vino de Ribera del Duero elaborado con uva Tempranillo, con una crianza de m\u00e1s de 24 meses en barricas de roble.","robots":{"index":"index","follow":"follow","max-snippet":"max-snippet:-1","max-image-preview":"max-image-preview:large","max-video-preview":"max-video-preview:-1"},"canonical":"https:\/\/www.winespiritscollection.com\/es\/producto\/pesquera-vino-tinto-gran-reserva-2001-ribera-del-duero-75-cl\/","og_locale":"es_ES","og_type":"article","og_title":"Pesquera vino tinto. Gran Reserva 2001 . Ribera del Duero . 75 cl. - Wine Spirits Collection","og_description":"Pesquera Gran Reserva 2001 es un vino de Ribera del Duero elaborado con uva Tempranillo, con una crianza de m\u00e1s de 24 meses en barricas de roble.","og_url":"https:\/\/www.winespiritscollection.com\/es\/producto\/pesquera-vino-tinto-gran-reserva-2001-ribera-del-duero-75-cl\/","og_site_name":"Wine Spirits Collection","og_image":[{"width":375,"height":666,"url":"https:\/\/www.winespiritscollection.com\/wp-content\/uploads\/2025\/04\/P1190107-removebg-preview.png","type":"image\/png"}],"twitter_card":"summary_large_image","twitter_misc":{"Tiempo de lectura":"1 minuto"},"schema":{"@context":"https:\/\/schema.org","@graph":[{"@type":"WebPage","@id":"https:\/\/www.winespiritscollection.com\/es\/producto\/pesquera-vino-tinto-gran-reserva-2001-ribera-del-duero-75-cl\/","url":"https:\/\/www.winespiritscollection.com\/es\/producto\/pesquera-vino-tinto-gran-reserva-2001-ribera-del-duero-75-cl\/","name":"Pesquera vino tinto. Gran Reserva 2001 . Ribera del Duero . 75 cl. - Wine Spirits Collection","isPartOf":{"@id":"https:\/\/www.winespiritscollection.com\/es\/#website"},"primaryImageOfPage":{"@id":"https:\/\/www.winespiritscollection.com\/es\/producto\/pesquera-vino-tinto-gran-reserva-2001-ribera-del-duero-75-cl\/#primaryimage"},"image":{"@id":"https:\/\/www.winespiritscollection.com\/es\/producto\/pesquera-vino-tinto-gran-reserva-2001-ribera-del-duero-75-cl\/#primaryimage"},"thumbnailUrl":"https:\/\/www.winespiritscollection.com\/wp-content\/uploads\/2025\/04\/P1190107-removebg-preview.png","datePublished":"2025-04-07T12:26:06+00:00","description":"Pesquera Gran Reserva 2001 es un vino de Ribera del Duero elaborado con uva Tempranillo, con una crianza de m\u00e1s de 24 meses en barricas de roble.","breadcrumb":{"@id":"https:\/\/www.winespiritscollection.com\/es\/producto\/pesquera-vino-tinto-gran-reserva-2001-ribera-del-duero-75-cl\/#breadcrumb"},"inLanguage":"es","potentialAction":[{"@type":"ReadAction","target":["https:\/\/www.winespiritscollection.com\/es\/producto\/pesquera-vino-tinto-gran-reserva-2001-ribera-del-duero-75-cl\/"]}]},{"@type":"ImageObject","inLanguage":"es","@id":"https:\/\/www.winespiritscollection.com\/es\/producto\/pesquera-vino-tinto-gran-reserva-2001-ribera-del-duero-75-cl\/#primaryimage","url":"https:\/\/www.winespiritscollection.com\/wp-content\/uploads\/2025\/04\/P1190107-removebg-preview.png","contentUrl":"https:\/\/www.winespiritscollection.com\/wp-content\/uploads\/2025\/04\/P1190107-removebg-preview.png","width":375,"height":666},{"@type":"BreadcrumbList","@id":"https:\/\/www.winespiritscollection.com\/es\/producto\/pesquera-vino-tinto-gran-reserva-2001-ribera-del-duero-75-cl\/#breadcrumb","itemListElement":[{"@type":"ListItem","position":1,"name":"Portada","item":"https:\/\/www.winespiritscollection.com\/es\/"},{"@type":"ListItem","position":2,"name":"Tienda","item":"https:\/\/www.winespiritscollection.com\/es\/tienda-de-vinos-y-licores\/"},{"@type":"ListItem","position":3,"name":"Pesquera vino tinto. Gran Reserva 2001 . Ribera del Duero . 75 cl."}]},{"@type":"WebSite","@id":"https:\/\/www.winespiritscollection.com\/es\/#website","url":"https:\/\/www.winespiritscollection.com\/es\/","name":"Wine Spirits Collection","description":"","publisher":{"@id":"https:\/\/www.winespiritscollection.com\/es\/#organization"},"potentialAction":[{"@type":"SearchAction","target":{"@type":"EntryPoint","urlTemplate":"https:\/\/www.winespiritscollection.com\/es\/?s={search_term_string}"},"query-input":{"@type":"PropertyValueSpecification","valueRequired":true,"valueName":"search_term_string"}}],"inLanguage":"es"},{"@type":"Organization","@id":"https:\/\/www.winespiritscollection.com\/es\/#organization","name":"Wine Spirits Collection","url":"https:\/\/www.winespiritscollection.com\/es\/","logo":{"@type":"ImageObject","inLanguage":"es","@id":"https:\/\/www.winespiritscollection.com\/es\/#\/schema\/logo\/image\/","url":"https:\/\/www.winespiritscollection.com\/wp-content\/uploads\/2024\/03\/cropped-WINE_SPIRITS-LOGO-PRINCIPAL-NEGRE.png","contentUrl":"https:\/\/www.winespiritscollection.com\/wp-content\/uploads\/2024\/03\/cropped-WINE_SPIRITS-LOGO-PRINCIPAL-NEGRE.png","width":2098,"height":1368,"caption":"Wine Spirits Collection"},"image":{"@id":"https:\/\/www.winespiritscollection.com\/es\/#\/schema\/logo\/image\/"}}]}},"_links":{"self":[{"href":"https:\/\/www.winespiritscollection.com\/es\/wp-json\/wp\/v2\/product\/1681","targetHints":{"allow":["GET"]}}],"collection":[{"href":"https:\/\/www.winespiritscollection.com\/es\/wp-json\/wp\/v2\/product"}],"about":[{"href":"https:\/\/www.winespiritscollection.com\/es\/wp-json\/wp\/v2\/types\/product"}],"replies":[{"embeddable":true,"href":"https:\/\/www.winespiritscollection.com\/es\/wp-json\/wp\/v2\/comments?post=1681"}],"wp:featuredmedia":[{"embeddable":true,"href":"https:\/\/www.winespiritscollection.com\/es\/wp-json\/wp\/v2\/media\/1667"}],"wp:attachment":[{"href":"https:\/\/www.winespiritscollection.com\/es\/wp-json\/wp\/v2\/media?parent=1681"}],"wp:term":[{"taxonomy":"product_brand","embeddable":true,"href":"https:\/\/www.winespiritscollection.com\/es\/wp-json\/wp\/v2\/product_brand?post=1681"},{"taxonomy":"product_cat","embeddable":true,"href":"https:\/\/www.winespiritscollection.com\/es\/wp-json\/wp\/v2\/product_cat?post=1681"},{"taxonomy":"product_tag","embeddable":true,"href":"https:\/\/www.winespiritscollection.com\/es\/wp-json\/wp\/v2\/product_tag?post=1681"}],"curies":[{"name":"wp","href":"https:\/\/api.w.org\/{rel}","templated":true}]}}