{"id":1696,"date":"2025-04-07T14:49:56","date_gmt":"2025-04-07T12:49:56","guid":{"rendered":"https:\/\/www.winespiritscollection.com\/producto\/marques-de-riscal-vino-tinco-1968-crianza-75cl\/"},"modified":"2025-04-07T14:49:56","modified_gmt":"2025-04-07T12:49:56","slug":"marques-de-riscal-vino-tinco-1968-crianza-75cl","status":"publish","type":"product","link":"https:\/\/www.winespiritscollection.com\/es\/producto\/marques-de-riscal-vino-tinco-1968-crianza-75cl\/","title":{"rendered":"Marques de Riscal vino tinco 1968. Crianza. 75cl"},"content":{"rendered":"<p>Marqu\u00e9s de Riscal 1968 es un vino ic\u00f3nico de la Denominaci\u00f3n de Origen Rioja, elaborado por la prestigiosa bodega Marqu\u00e9s de Riscal, una de las m\u00e1s antiguas y reconocidas de la regi\u00f3n. Este vino, referente de la viticultura espa\u00f1ola, destaca por su edad y evoluci\u00f3n, siendo una aut\u00e9ntica joya para los amantes de los vinos con gran capacidad de envejecimiento. Marqu\u00e9s de Riscal 1968 es un cl\u00e1sico elaborado principalmente con uvas Tempranillo, aunque tambi\u00e9n puede contener otras variedades aut\u00f3ctonas de la zona como Graciano y Mazuelo.  <\/p>\n<p>Nuestros productos son botellas de colecci\u00f3n antiguas. Se han conservado en bodega, pero no podemos garantizar su consumo.  Consumo responsable. S\u00f3lo apto para adultos.<\/p>\n","protected":false},"excerpt":{"rendered":"<p>Bodega: Herederos del Marqu\u00e9s de Riscal<br \/>\nD.O.\/Zona: D.O. Rioja<br \/>\nPa\u00eds: Espa\u00f1a<br \/>\nUbicaci\u00f3n: El Ciego<br \/>\nTipo de vino: Tinto<br \/>\nCrianza: Con crianza<br \/>\nGraduaci\u00f3n: 14%<br \/>\nCapacidad: 75 cl<br \/>\nVariedad: Tempranillo<br \/>\nCONTIENE SULFITO<\/p>\n","protected":false},"featured_media":1685,"comment_status":"closed","ping_status":"closed","template":"","meta":{"_acf_changed":false,"_glsr_average":0,"_glsr_ranking":0,"_glsr_reviews":0,"_joinchat":[]},"product_brand":[],"product_cat":[111],"product_tag":[188,230,166,233],"class_list":{"0":"post-1696","1":"product","2":"type-product","3":"status-publish","4":"has-post-thumbnail","6":"product_cat-rioja-es","7":"product_tag-crianza-es","8":"product_tag-red-wine-es","9":"product_tag-rioja-es","10":"product_tag-vino-tinto-es","12":"first","13":"instock","14":"taxable","15":"shipping-taxable","16":"purchasable","17":"product-type-simple"},"acf":[],"yoast_head":"<!-- This site is optimized with the Yoast SEO plugin v27.2 - https:\/\/yoast.com\/product\/yoast-seo-wordpress\/ -->\n<title>Marques de Riscal vino tinco 1968. Crianza. 75cl - Wine Spirits Collection<\/title>\n<meta name=\"description\" content=\"Marqu\u00e9s de Riscal 1968 es un vino riojano de gran complejidad, elaborado principalmente con Tempranillo. Con una crianza de m\u00e1s de 50 a\u00f1os,\" \/>\n<meta name=\"robots\" content=\"index, follow, max-snippet:-1, max-image-preview:large, max-video-preview:-1\" \/>\n<link rel=\"canonical\" href=\"https:\/\/www.winespiritscollection.com\/es\/producto\/marques-de-riscal-vino-tinco-1968-crianza-75cl\/\" \/>\n<meta property=\"og:locale\" content=\"es_ES\" \/>\n<meta property=\"og:type\" content=\"article\" \/>\n<meta property=\"og:title\" content=\"Marques de Riscal vino tinco 1968. Crianza. 75cl - Wine Spirits Collection\" \/>\n<meta property=\"og:description\" content=\"Marqu\u00e9s de Riscal 1968 es un vino riojano de gran complejidad, elaborado principalmente con Tempranillo. Con una crianza de m\u00e1s de 50 a\u00f1os,\" \/>\n<meta property=\"og:url\" content=\"https:\/\/www.winespiritscollection.com\/es\/producto\/marques-de-riscal-vino-tinco-1968-crianza-75cl\/\" \/>\n<meta property=\"og:site_name\" content=\"Wine Spirits Collection\" \/>\n<meta property=\"og:image\" content=\"https:\/\/www.winespiritscollection.com\/wp-content\/uploads\/2025\/04\/P1190112-removebg-preview.png\" \/>\n\t<meta property=\"og:image:width\" content=\"375\" \/>\n\t<meta property=\"og:image:height\" content=\"666\" \/>\n\t<meta property=\"og:image:type\" content=\"image\/png\" \/>\n<meta name=\"twitter:card\" content=\"summary_large_image\" \/>\n<meta name=\"twitter:label1\" content=\"Tiempo de lectura\" \/>\n\t<meta name=\"twitter:data1\" content=\"1 minuto\" \/>\n<script type=\"application\/ld+json\" class=\"yoast-schema-graph\">{\"@context\":\"https:\/\/schema.org\",\"@graph\":[{\"@type\":\"WebPage\",\"@id\":\"https:\/\/www.winespiritscollection.com\/es\/producto\/marques-de-riscal-vino-tinco-1968-crianza-75cl\/\",\"url\":\"https:\/\/www.winespiritscollection.com\/es\/producto\/marques-de-riscal-vino-tinco-1968-crianza-75cl\/\",\"name\":\"Marques de Riscal vino tinco 1968. Crianza. 75cl - Wine Spirits Collection\",\"isPartOf\":{\"@id\":\"https:\/\/www.winespiritscollection.com\/es\/#website\"},\"primaryImageOfPage\":{\"@id\":\"https:\/\/www.winespiritscollection.com\/es\/producto\/marques-de-riscal-vino-tinco-1968-crianza-75cl\/#primaryimage\"},\"image\":{\"@id\":\"https:\/\/www.winespiritscollection.com\/es\/producto\/marques-de-riscal-vino-tinco-1968-crianza-75cl\/#primaryimage\"},\"thumbnailUrl\":\"https:\/\/www.winespiritscollection.com\/wp-content\/uploads\/2025\/04\/P1190112-removebg-preview.png\",\"datePublished\":\"2025-04-07T12:49:56+00:00\",\"description\":\"Marqu\u00e9s de Riscal 1968 es un vino riojano de gran complejidad, elaborado principalmente con Tempranillo. Con una crianza de m\u00e1s de 50 a\u00f1os,\",\"breadcrumb\":{\"@id\":\"https:\/\/www.winespiritscollection.com\/es\/producto\/marques-de-riscal-vino-tinco-1968-crianza-75cl\/#breadcrumb\"},\"inLanguage\":\"es\",\"potentialAction\":[{\"@type\":\"ReadAction\",\"target\":[\"https:\/\/www.winespiritscollection.com\/es\/producto\/marques-de-riscal-vino-tinco-1968-crianza-75cl\/\"]}]},{\"@type\":\"ImageObject\",\"inLanguage\":\"es\",\"@id\":\"https:\/\/www.winespiritscollection.com\/es\/producto\/marques-de-riscal-vino-tinco-1968-crianza-75cl\/#primaryimage\",\"url\":\"https:\/\/www.winespiritscollection.com\/wp-content\/uploads\/2025\/04\/P1190112-removebg-preview.png\",\"contentUrl\":\"https:\/\/www.winespiritscollection.com\/wp-content\/uploads\/2025\/04\/P1190112-removebg-preview.png\",\"width\":375,\"height\":666},{\"@type\":\"BreadcrumbList\",\"@id\":\"https:\/\/www.winespiritscollection.com\/es\/producto\/marques-de-riscal-vino-tinco-1968-crianza-75cl\/#breadcrumb\",\"itemListElement\":[{\"@type\":\"ListItem\",\"position\":1,\"name\":\"Portada\",\"item\":\"https:\/\/www.winespiritscollection.com\/es\/\"},{\"@type\":\"ListItem\",\"position\":2,\"name\":\"Tienda\",\"item\":\"https:\/\/www.winespiritscollection.com\/es\/tienda-de-vinos-y-licores\/\"},{\"@type\":\"ListItem\",\"position\":3,\"name\":\"Marques de Riscal vino tinco 1968. Crianza. 75cl\"}]},{\"@type\":\"WebSite\",\"@id\":\"https:\/\/www.winespiritscollection.com\/es\/#website\",\"url\":\"https:\/\/www.winespiritscollection.com\/es\/\",\"name\":\"Wine Spirits Collection\",\"description\":\"\",\"publisher\":{\"@id\":\"https:\/\/www.winespiritscollection.com\/es\/#organization\"},\"potentialAction\":[{\"@type\":\"SearchAction\",\"target\":{\"@type\":\"EntryPoint\",\"urlTemplate\":\"https:\/\/www.winespiritscollection.com\/es\/?s={search_term_string}\"},\"query-input\":{\"@type\":\"PropertyValueSpecification\",\"valueRequired\":true,\"valueName\":\"search_term_string\"}}],\"inLanguage\":\"es\"},{\"@type\":\"Organization\",\"@id\":\"https:\/\/www.winespiritscollection.com\/es\/#organization\",\"name\":\"Wine Spirits Collection\",\"url\":\"https:\/\/www.winespiritscollection.com\/es\/\",\"logo\":{\"@type\":\"ImageObject\",\"inLanguage\":\"es\",\"@id\":\"https:\/\/www.winespiritscollection.com\/es\/#\/schema\/logo\/image\/\",\"url\":\"https:\/\/www.winespiritscollection.com\/wp-content\/uploads\/2024\/03\/cropped-WINE_SPIRITS-LOGO-PRINCIPAL-NEGRE.png\",\"contentUrl\":\"https:\/\/www.winespiritscollection.com\/wp-content\/uploads\/2024\/03\/cropped-WINE_SPIRITS-LOGO-PRINCIPAL-NEGRE.png\",\"width\":2098,\"height\":1368,\"caption\":\"Wine Spirits Collection\"},\"image\":{\"@id\":\"https:\/\/www.winespiritscollection.com\/es\/#\/schema\/logo\/image\/\"}}]}<\/script>\n<!-- \/ Yoast SEO plugin. -->","yoast_head_json":{"title":"Marques de Riscal vino tinco 1968. Crianza. 75cl - Wine Spirits Collection","description":"Marqu\u00e9s de Riscal 1968 es un vino riojano de gran complejidad, elaborado principalmente con Tempranillo. Con una crianza de m\u00e1s de 50 a\u00f1os,","robots":{"index":"index","follow":"follow","max-snippet":"max-snippet:-1","max-image-preview":"max-image-preview:large","max-video-preview":"max-video-preview:-1"},"canonical":"https:\/\/www.winespiritscollection.com\/es\/producto\/marques-de-riscal-vino-tinco-1968-crianza-75cl\/","og_locale":"es_ES","og_type":"article","og_title":"Marques de Riscal vino tinco 1968. Crianza. 75cl - Wine Spirits Collection","og_description":"Marqu\u00e9s de Riscal 1968 es un vino riojano de gran complejidad, elaborado principalmente con Tempranillo. Con una crianza de m\u00e1s de 50 a\u00f1os,","og_url":"https:\/\/www.winespiritscollection.com\/es\/producto\/marques-de-riscal-vino-tinco-1968-crianza-75cl\/","og_site_name":"Wine Spirits Collection","og_image":[{"width":375,"height":666,"url":"https:\/\/www.winespiritscollection.com\/wp-content\/uploads\/2025\/04\/P1190112-removebg-preview.png","type":"image\/png"}],"twitter_card":"summary_large_image","twitter_misc":{"Tiempo de lectura":"1 minuto"},"schema":{"@context":"https:\/\/schema.org","@graph":[{"@type":"WebPage","@id":"https:\/\/www.winespiritscollection.com\/es\/producto\/marques-de-riscal-vino-tinco-1968-crianza-75cl\/","url":"https:\/\/www.winespiritscollection.com\/es\/producto\/marques-de-riscal-vino-tinco-1968-crianza-75cl\/","name":"Marques de Riscal vino tinco 1968. Crianza. 75cl - Wine Spirits Collection","isPartOf":{"@id":"https:\/\/www.winespiritscollection.com\/es\/#website"},"primaryImageOfPage":{"@id":"https:\/\/www.winespiritscollection.com\/es\/producto\/marques-de-riscal-vino-tinco-1968-crianza-75cl\/#primaryimage"},"image":{"@id":"https:\/\/www.winespiritscollection.com\/es\/producto\/marques-de-riscal-vino-tinco-1968-crianza-75cl\/#primaryimage"},"thumbnailUrl":"https:\/\/www.winespiritscollection.com\/wp-content\/uploads\/2025\/04\/P1190112-removebg-preview.png","datePublished":"2025-04-07T12:49:56+00:00","description":"Marqu\u00e9s de Riscal 1968 es un vino riojano de gran complejidad, elaborado principalmente con Tempranillo. Con una crianza de m\u00e1s de 50 a\u00f1os,","breadcrumb":{"@id":"https:\/\/www.winespiritscollection.com\/es\/producto\/marques-de-riscal-vino-tinco-1968-crianza-75cl\/#breadcrumb"},"inLanguage":"es","potentialAction":[{"@type":"ReadAction","target":["https:\/\/www.winespiritscollection.com\/es\/producto\/marques-de-riscal-vino-tinco-1968-crianza-75cl\/"]}]},{"@type":"ImageObject","inLanguage":"es","@id":"https:\/\/www.winespiritscollection.com\/es\/producto\/marques-de-riscal-vino-tinco-1968-crianza-75cl\/#primaryimage","url":"https:\/\/www.winespiritscollection.com\/wp-content\/uploads\/2025\/04\/P1190112-removebg-preview.png","contentUrl":"https:\/\/www.winespiritscollection.com\/wp-content\/uploads\/2025\/04\/P1190112-removebg-preview.png","width":375,"height":666},{"@type":"BreadcrumbList","@id":"https:\/\/www.winespiritscollection.com\/es\/producto\/marques-de-riscal-vino-tinco-1968-crianza-75cl\/#breadcrumb","itemListElement":[{"@type":"ListItem","position":1,"name":"Portada","item":"https:\/\/www.winespiritscollection.com\/es\/"},{"@type":"ListItem","position":2,"name":"Tienda","item":"https:\/\/www.winespiritscollection.com\/es\/tienda-de-vinos-y-licores\/"},{"@type":"ListItem","position":3,"name":"Marques de Riscal vino tinco 1968. Crianza. 75cl"}]},{"@type":"WebSite","@id":"https:\/\/www.winespiritscollection.com\/es\/#website","url":"https:\/\/www.winespiritscollection.com\/es\/","name":"Wine Spirits Collection","description":"","publisher":{"@id":"https:\/\/www.winespiritscollection.com\/es\/#organization"},"potentialAction":[{"@type":"SearchAction","target":{"@type":"EntryPoint","urlTemplate":"https:\/\/www.winespiritscollection.com\/es\/?s={search_term_string}"},"query-input":{"@type":"PropertyValueSpecification","valueRequired":true,"valueName":"search_term_string"}}],"inLanguage":"es"},{"@type":"Organization","@id":"https:\/\/www.winespiritscollection.com\/es\/#organization","name":"Wine Spirits Collection","url":"https:\/\/www.winespiritscollection.com\/es\/","logo":{"@type":"ImageObject","inLanguage":"es","@id":"https:\/\/www.winespiritscollection.com\/es\/#\/schema\/logo\/image\/","url":"https:\/\/www.winespiritscollection.com\/wp-content\/uploads\/2024\/03\/cropped-WINE_SPIRITS-LOGO-PRINCIPAL-NEGRE.png","contentUrl":"https:\/\/www.winespiritscollection.com\/wp-content\/uploads\/2024\/03\/cropped-WINE_SPIRITS-LOGO-PRINCIPAL-NEGRE.png","width":2098,"height":1368,"caption":"Wine Spirits Collection"},"image":{"@id":"https:\/\/www.winespiritscollection.com\/es\/#\/schema\/logo\/image\/"}}]}},"_links":{"self":[{"href":"https:\/\/www.winespiritscollection.com\/es\/wp-json\/wp\/v2\/product\/1696","targetHints":{"allow":["GET"]}}],"collection":[{"href":"https:\/\/www.winespiritscollection.com\/es\/wp-json\/wp\/v2\/product"}],"about":[{"href":"https:\/\/www.winespiritscollection.com\/es\/wp-json\/wp\/v2\/types\/product"}],"replies":[{"embeddable":true,"href":"https:\/\/www.winespiritscollection.com\/es\/wp-json\/wp\/v2\/comments?post=1696"}],"wp:featuredmedia":[{"embeddable":true,"href":"https:\/\/www.winespiritscollection.com\/es\/wp-json\/wp\/v2\/media\/1685"}],"wp:attachment":[{"href":"https:\/\/www.winespiritscollection.com\/es\/wp-json\/wp\/v2\/media?parent=1696"}],"wp:term":[{"taxonomy":"product_brand","embeddable":true,"href":"https:\/\/www.winespiritscollection.com\/es\/wp-json\/wp\/v2\/product_brand?post=1696"},{"taxonomy":"product_cat","embeddable":true,"href":"https:\/\/www.winespiritscollection.com\/es\/wp-json\/wp\/v2\/product_cat?post=1696"},{"taxonomy":"product_tag","embeddable":true,"href":"https:\/\/www.winespiritscollection.com\/es\/wp-json\/wp\/v2\/product_tag?post=1696"}],"curies":[{"name":"wp","href":"https:\/\/api.w.org\/{rel}","templated":true}]}}