{"id":1751,"date":"2025-04-08T15:16:29","date_gmt":"2025-04-08T13:16:29","guid":{"rendered":"https:\/\/www.winespiritscollection.com\/producto\/vino-tinto-coma-vella-2001-priorat-75-cl\/"},"modified":"2025-04-08T15:16:29","modified_gmt":"2025-04-08T13:16:29","slug":"vino-tinto-coma-vella-2001-priorat-75-cl","status":"publish","type":"product","link":"https:\/\/www.winespiritscollection.com\/es\/producto\/vino-tinto-coma-vella-2001-priorat-75-cl\/","title":{"rendered":"Vino Tinto Coma Vella. 2001. Priorat 75 cl"},"content":{"rendered":"<p>Coma Vella 2001 es un vino con car\u00e1cter, fruto de los az\u00facares del regaliz del Priorat, con un indiscutible contenido mineral. Con el paso de los a\u00f1os, muestra una elegante evoluci\u00f3n, conservando toda su frescura y estructura. Nuestros productos son botellas vintage de colecci\u00f3n.  Se han conservado en una bodega, pero no podemos garantizar su consumo. Consumo responsable. S\u00f3lo apto para adultos.<\/p>\n","protected":false},"excerpt":{"rendered":"<p>Bodega: Viticultors Mas d\u2019en Gil<\/p>\n<p>Nombre de Origen: D.O.Q. Priorat<\/p>\n<p>Country: Espa\u00f1a<\/p>\n<p>A\u00f1ada: 2001 (others available)<\/p>\n<p>Tipo de vino: Tinto<\/p>\n<p>Variedades: Garnacha, Cari\u00f1ena, Syrah<\/p>\n<p>Crianza: 12 meses en barricas de roble franc\u00e9s<\/p>\n<p>Alcohol content: ~14.5% vol<\/p>\n<p>Suelo: Licorella (pizarra caracter\u00edstica del Priorat)<\/p>\n<p>Altitud de la monta\u00f1a: entre 300 y 500 metros sobre el nivel del mar<\/p>\n<p>Producci\u00f3n limitada: Si (seg\u00fan a\u00f1ada)<\/p>\n","protected":false},"featured_media":1738,"comment_status":"closed","ping_status":"closed","template":"","meta":{"_acf_changed":false,"_glsr_average":0,"_glsr_ranking":0,"_glsr_reviews":0,"_joinchat":[]},"product_brand":[],"product_cat":[109],"product_tag":[],"class_list":{"0":"post-1751","1":"product","2":"type-product","3":"status-publish","4":"has-post-thumbnail","6":"product_cat-priorat-es","8":"first","9":"instock","10":"taxable","11":"shipping-taxable","12":"purchasable","13":"product-type-simple"},"acf":[],"yoast_head":"<!-- This site is optimized with the Yoast SEO plugin v27.2 - https:\/\/yoast.com\/product\/yoast-seo-wordpress\/ -->\n<title>Vino Tinto Coma Vella. 2001. Priorat 75 cl - Wine Spirits Collection<\/title>\n<meta name=\"description\" content=\"Descubre Coma Vella 2001, un vino del Priorat con elegancia y profundidad. Notas de fruta madura, minerales y crianza en roble. Perfecto para amantes del vino con historia.\" \/>\n<meta name=\"robots\" content=\"index, follow, max-snippet:-1, max-image-preview:large, max-video-preview:-1\" \/>\n<link rel=\"canonical\" href=\"https:\/\/www.winespiritscollection.com\/es\/producto\/vino-tinto-coma-vella-2001-priorat-75-cl\/\" \/>\n<meta property=\"og:locale\" content=\"es_ES\" \/>\n<meta property=\"og:type\" content=\"article\" \/>\n<meta property=\"og:title\" content=\"Vino Tinto Coma Vella. 2001. Priorat 75 cl - Wine Spirits Collection\" \/>\n<meta property=\"og:description\" content=\"Descubre Coma Vella 2001, un vino del Priorat con elegancia y profundidad. Notas de fruta madura, minerales y crianza en roble. Perfecto para amantes del vino con historia.\" \/>\n<meta property=\"og:url\" content=\"https:\/\/www.winespiritscollection.com\/es\/producto\/vino-tinto-coma-vella-2001-priorat-75-cl\/\" \/>\n<meta property=\"og:site_name\" content=\"Wine Spirits Collection\" \/>\n<meta property=\"og:image\" content=\"https:\/\/www.winespiritscollection.com\/wp-content\/uploads\/2025\/04\/P1190156-removebg-preview.png\" \/>\n\t<meta property=\"og:image:width\" content=\"375\" \/>\n\t<meta property=\"og:image:height\" content=\"666\" \/>\n\t<meta property=\"og:image:type\" content=\"image\/png\" \/>\n<meta name=\"twitter:card\" content=\"summary_large_image\" \/>\n<script type=\"application\/ld+json\" class=\"yoast-schema-graph\">{\"@context\":\"https:\/\/schema.org\",\"@graph\":[{\"@type\":\"WebPage\",\"@id\":\"https:\/\/www.winespiritscollection.com\/es\/producto\/vino-tinto-coma-vella-2001-priorat-75-cl\/\",\"url\":\"https:\/\/www.winespiritscollection.com\/es\/producto\/vino-tinto-coma-vella-2001-priorat-75-cl\/\",\"name\":\"Vino Tinto Coma Vella. 2001. Priorat 75 cl - Wine Spirits Collection\",\"isPartOf\":{\"@id\":\"https:\/\/www.winespiritscollection.com\/es\/#website\"},\"primaryImageOfPage\":{\"@id\":\"https:\/\/www.winespiritscollection.com\/es\/producto\/vino-tinto-coma-vella-2001-priorat-75-cl\/#primaryimage\"},\"image\":{\"@id\":\"https:\/\/www.winespiritscollection.com\/es\/producto\/vino-tinto-coma-vella-2001-priorat-75-cl\/#primaryimage\"},\"thumbnailUrl\":\"https:\/\/www.winespiritscollection.com\/wp-content\/uploads\/2025\/04\/P1190156-removebg-preview.png\",\"datePublished\":\"2025-04-08T13:16:29+00:00\",\"description\":\"Descubre Coma Vella 2001, un vino del Priorat con elegancia y profundidad. Notas de fruta madura, minerales y crianza en roble. Perfecto para amantes del vino con historia.\",\"breadcrumb\":{\"@id\":\"https:\/\/www.winespiritscollection.com\/es\/producto\/vino-tinto-coma-vella-2001-priorat-75-cl\/#breadcrumb\"},\"inLanguage\":\"es\",\"potentialAction\":[{\"@type\":\"ReadAction\",\"target\":[\"https:\/\/www.winespiritscollection.com\/es\/producto\/vino-tinto-coma-vella-2001-priorat-75-cl\/\"]}]},{\"@type\":\"ImageObject\",\"inLanguage\":\"es\",\"@id\":\"https:\/\/www.winespiritscollection.com\/es\/producto\/vino-tinto-coma-vella-2001-priorat-75-cl\/#primaryimage\",\"url\":\"https:\/\/www.winespiritscollection.com\/wp-content\/uploads\/2025\/04\/P1190156-removebg-preview.png\",\"contentUrl\":\"https:\/\/www.winespiritscollection.com\/wp-content\/uploads\/2025\/04\/P1190156-removebg-preview.png\",\"width\":375,\"height\":666},{\"@type\":\"BreadcrumbList\",\"@id\":\"https:\/\/www.winespiritscollection.com\/es\/producto\/vino-tinto-coma-vella-2001-priorat-75-cl\/#breadcrumb\",\"itemListElement\":[{\"@type\":\"ListItem\",\"position\":1,\"name\":\"Portada\",\"item\":\"https:\/\/www.winespiritscollection.com\/es\/\"},{\"@type\":\"ListItem\",\"position\":2,\"name\":\"Tienda\",\"item\":\"https:\/\/www.winespiritscollection.com\/es\/tienda-de-vinos-y-licores\/\"},{\"@type\":\"ListItem\",\"position\":3,\"name\":\"Vino Tinto Coma Vella. 2001. Priorat 75 cl\"}]},{\"@type\":\"WebSite\",\"@id\":\"https:\/\/www.winespiritscollection.com\/es\/#website\",\"url\":\"https:\/\/www.winespiritscollection.com\/es\/\",\"name\":\"Wine Spirits Collection\",\"description\":\"\",\"publisher\":{\"@id\":\"https:\/\/www.winespiritscollection.com\/es\/#organization\"},\"potentialAction\":[{\"@type\":\"SearchAction\",\"target\":{\"@type\":\"EntryPoint\",\"urlTemplate\":\"https:\/\/www.winespiritscollection.com\/es\/?s={search_term_string}\"},\"query-input\":{\"@type\":\"PropertyValueSpecification\",\"valueRequired\":true,\"valueName\":\"search_term_string\"}}],\"inLanguage\":\"es\"},{\"@type\":\"Organization\",\"@id\":\"https:\/\/www.winespiritscollection.com\/es\/#organization\",\"name\":\"Wine Spirits Collection\",\"url\":\"https:\/\/www.winespiritscollection.com\/es\/\",\"logo\":{\"@type\":\"ImageObject\",\"inLanguage\":\"es\",\"@id\":\"https:\/\/www.winespiritscollection.com\/es\/#\/schema\/logo\/image\/\",\"url\":\"https:\/\/www.winespiritscollection.com\/wp-content\/uploads\/2024\/03\/cropped-WINE_SPIRITS-LOGO-PRINCIPAL-NEGRE.png\",\"contentUrl\":\"https:\/\/www.winespiritscollection.com\/wp-content\/uploads\/2024\/03\/cropped-WINE_SPIRITS-LOGO-PRINCIPAL-NEGRE.png\",\"width\":2098,\"height\":1368,\"caption\":\"Wine Spirits Collection\"},\"image\":{\"@id\":\"https:\/\/www.winespiritscollection.com\/es\/#\/schema\/logo\/image\/\"}}]}<\/script>\n<!-- \/ Yoast SEO plugin. -->","yoast_head_json":{"title":"Vino Tinto Coma Vella. 2001. Priorat 75 cl - Wine Spirits Collection","description":"Descubre Coma Vella 2001, un vino del Priorat con elegancia y profundidad. Notas de fruta madura, minerales y crianza en roble. Perfecto para amantes del vino con historia.","robots":{"index":"index","follow":"follow","max-snippet":"max-snippet:-1","max-image-preview":"max-image-preview:large","max-video-preview":"max-video-preview:-1"},"canonical":"https:\/\/www.winespiritscollection.com\/es\/producto\/vino-tinto-coma-vella-2001-priorat-75-cl\/","og_locale":"es_ES","og_type":"article","og_title":"Vino Tinto Coma Vella. 2001. Priorat 75 cl - Wine Spirits Collection","og_description":"Descubre Coma Vella 2001, un vino del Priorat con elegancia y profundidad. Notas de fruta madura, minerales y crianza en roble. Perfecto para amantes del vino con historia.","og_url":"https:\/\/www.winespiritscollection.com\/es\/producto\/vino-tinto-coma-vella-2001-priorat-75-cl\/","og_site_name":"Wine Spirits Collection","og_image":[{"width":375,"height":666,"url":"https:\/\/www.winespiritscollection.com\/wp-content\/uploads\/2025\/04\/P1190156-removebg-preview.png","type":"image\/png"}],"twitter_card":"summary_large_image","schema":{"@context":"https:\/\/schema.org","@graph":[{"@type":"WebPage","@id":"https:\/\/www.winespiritscollection.com\/es\/producto\/vino-tinto-coma-vella-2001-priorat-75-cl\/","url":"https:\/\/www.winespiritscollection.com\/es\/producto\/vino-tinto-coma-vella-2001-priorat-75-cl\/","name":"Vino Tinto Coma Vella. 2001. Priorat 75 cl - Wine Spirits Collection","isPartOf":{"@id":"https:\/\/www.winespiritscollection.com\/es\/#website"},"primaryImageOfPage":{"@id":"https:\/\/www.winespiritscollection.com\/es\/producto\/vino-tinto-coma-vella-2001-priorat-75-cl\/#primaryimage"},"image":{"@id":"https:\/\/www.winespiritscollection.com\/es\/producto\/vino-tinto-coma-vella-2001-priorat-75-cl\/#primaryimage"},"thumbnailUrl":"https:\/\/www.winespiritscollection.com\/wp-content\/uploads\/2025\/04\/P1190156-removebg-preview.png","datePublished":"2025-04-08T13:16:29+00:00","description":"Descubre Coma Vella 2001, un vino del Priorat con elegancia y profundidad. Notas de fruta madura, minerales y crianza en roble. Perfecto para amantes del vino con historia.","breadcrumb":{"@id":"https:\/\/www.winespiritscollection.com\/es\/producto\/vino-tinto-coma-vella-2001-priorat-75-cl\/#breadcrumb"},"inLanguage":"es","potentialAction":[{"@type":"ReadAction","target":["https:\/\/www.winespiritscollection.com\/es\/producto\/vino-tinto-coma-vella-2001-priorat-75-cl\/"]}]},{"@type":"ImageObject","inLanguage":"es","@id":"https:\/\/www.winespiritscollection.com\/es\/producto\/vino-tinto-coma-vella-2001-priorat-75-cl\/#primaryimage","url":"https:\/\/www.winespiritscollection.com\/wp-content\/uploads\/2025\/04\/P1190156-removebg-preview.png","contentUrl":"https:\/\/www.winespiritscollection.com\/wp-content\/uploads\/2025\/04\/P1190156-removebg-preview.png","width":375,"height":666},{"@type":"BreadcrumbList","@id":"https:\/\/www.winespiritscollection.com\/es\/producto\/vino-tinto-coma-vella-2001-priorat-75-cl\/#breadcrumb","itemListElement":[{"@type":"ListItem","position":1,"name":"Portada","item":"https:\/\/www.winespiritscollection.com\/es\/"},{"@type":"ListItem","position":2,"name":"Tienda","item":"https:\/\/www.winespiritscollection.com\/es\/tienda-de-vinos-y-licores\/"},{"@type":"ListItem","position":3,"name":"Vino Tinto Coma Vella. 2001. Priorat 75 cl"}]},{"@type":"WebSite","@id":"https:\/\/www.winespiritscollection.com\/es\/#website","url":"https:\/\/www.winespiritscollection.com\/es\/","name":"Wine Spirits Collection","description":"","publisher":{"@id":"https:\/\/www.winespiritscollection.com\/es\/#organization"},"potentialAction":[{"@type":"SearchAction","target":{"@type":"EntryPoint","urlTemplate":"https:\/\/www.winespiritscollection.com\/es\/?s={search_term_string}"},"query-input":{"@type":"PropertyValueSpecification","valueRequired":true,"valueName":"search_term_string"}}],"inLanguage":"es"},{"@type":"Organization","@id":"https:\/\/www.winespiritscollection.com\/es\/#organization","name":"Wine Spirits Collection","url":"https:\/\/www.winespiritscollection.com\/es\/","logo":{"@type":"ImageObject","inLanguage":"es","@id":"https:\/\/www.winespiritscollection.com\/es\/#\/schema\/logo\/image\/","url":"https:\/\/www.winespiritscollection.com\/wp-content\/uploads\/2024\/03\/cropped-WINE_SPIRITS-LOGO-PRINCIPAL-NEGRE.png","contentUrl":"https:\/\/www.winespiritscollection.com\/wp-content\/uploads\/2024\/03\/cropped-WINE_SPIRITS-LOGO-PRINCIPAL-NEGRE.png","width":2098,"height":1368,"caption":"Wine Spirits Collection"},"image":{"@id":"https:\/\/www.winespiritscollection.com\/es\/#\/schema\/logo\/image\/"}}]}},"_links":{"self":[{"href":"https:\/\/www.winespiritscollection.com\/es\/wp-json\/wp\/v2\/product\/1751","targetHints":{"allow":["GET"]}}],"collection":[{"href":"https:\/\/www.winespiritscollection.com\/es\/wp-json\/wp\/v2\/product"}],"about":[{"href":"https:\/\/www.winespiritscollection.com\/es\/wp-json\/wp\/v2\/types\/product"}],"replies":[{"embeddable":true,"href":"https:\/\/www.winespiritscollection.com\/es\/wp-json\/wp\/v2\/comments?post=1751"}],"wp:featuredmedia":[{"embeddable":true,"href":"https:\/\/www.winespiritscollection.com\/es\/wp-json\/wp\/v2\/media\/1738"}],"wp:attachment":[{"href":"https:\/\/www.winespiritscollection.com\/es\/wp-json\/wp\/v2\/media?parent=1751"}],"wp:term":[{"taxonomy":"product_brand","embeddable":true,"href":"https:\/\/www.winespiritscollection.com\/es\/wp-json\/wp\/v2\/product_brand?post=1751"},{"taxonomy":"product_cat","embeddable":true,"href":"https:\/\/www.winespiritscollection.com\/es\/wp-json\/wp\/v2\/product_cat?post=1751"},{"taxonomy":"product_tag","embeddable":true,"href":"https:\/\/www.winespiritscollection.com\/es\/wp-json\/wp\/v2\/product_tag?post=1751"}],"curies":[{"name":"wp","href":"https:\/\/api.w.org\/{rel}","templated":true}]}}