{"id":1771,"date":"2025-04-09T13:00:33","date_gmt":"2025-04-09T11:00:33","guid":{"rendered":"https:\/\/www.winespiritscollection.com\/producto\/marcas-ygay-de-murrieta-vino-tinto-reserva-1999-rioja-75-cl\/"},"modified":"2025-04-09T13:00:33","modified_gmt":"2025-04-09T11:00:33","slug":"marcas-ygay-de-murrieta-vino-tinto-reserva-1999-rioja-75-cl","status":"publish","type":"product","link":"https:\/\/www.winespiritscollection.com\/es\/producto\/marcas-ygay-de-murrieta-vino-tinto-reserva-1999-rioja-75-cl\/","title":{"rendered":"Marcas YGAY de Murrieta. vino tinto. Reserva 1999. Rioja. 75 cl"},"content":{"rendered":"<p>El Castillo Ygay Reserva Especial 1999 es un vino que refleja la m\u00e1s pura esencia de la tradici\u00f3n riojana y la maestr\u00eda vitivin\u00edcola de Marqu\u00e9s de Murrieta, una de las bodegas m\u00e1s antiguas y prestigiosas de Espa\u00f1a. Producido \u00fanicamente en a\u00f1adas excepcionales, este vino es fruto de una cuidadosa selecci\u00f3n de uvas del hist\u00f3rico vi\u00f1edo Finca Ygay, situado en Rioja Alta, donde el clima continental y los suelos arcillo-calc\u00e1reos crean un entorno ideal para vinos longevos y complejos. La cosecha de 1999 se caracteriz\u00f3 por un ciclo vegetativo equilibrado y condiciones clim\u00e1ticas favorables que permitieron una maduraci\u00f3n lenta y completa de la uva, dando como resultado una cosecha de excelente calidad. Se han conservado en una bodega, pero no podemos garantizar su consumo. Consumo responsable. S\u00f3lo apto para adultos.  Se han conservado en una bodega, pero no podemos garantizar su consumo. Consumo responsable. S\u00f3lo apto para adultos.<\/p>\n","protected":false},"excerpt":{"rendered":"<ul>\n<li>Bodega: Marqu\u00e9s de Murrieta, S.A.<\/li>\n<li>Denominaci\u00f3n de Origen: D.O.Ca RiojaDesignation of Origin: D.O.Ca Rioja<\/li>\n<li>Pa\u00eds: Espa\u00f1a<\/li>\n<li>Tipo de vino: Reserva Tinto<\/li>\n<li>A\u00f1ada: 1999<\/li>\n<li>Variedades de uva: 85% Tempranillo, 8% Mazuelo, 7% Garnacha Tinta<\/li>\n<li>Contenido de alcohol: 13% Vol.<\/li>\n<li>Producci\u00f3n: Agricultura convencional con una edad media de vi\u00f1a de 30 a\u00f1os.<\/li>\n<\/ul>\n","protected":false},"featured_media":1756,"comment_status":"closed","ping_status":"closed","template":"","meta":{"_acf_changed":false,"_glsr_average":0,"_glsr_ranking":0,"_glsr_reviews":0,"_joinchat":[]},"product_brand":[],"product_cat":[111],"product_tag":[],"class_list":{"0":"post-1771","1":"product","2":"type-product","3":"status-publish","4":"has-post-thumbnail","6":"product_cat-rioja-es","8":"first","9":"instock","10":"taxable","11":"shipping-taxable","12":"purchasable","13":"product-type-simple"},"acf":[],"yoast_head":"<!-- This site is optimized with the Yoast SEO plugin v27.2 - https:\/\/yoast.com\/product\/yoast-seo-wordpress\/ -->\n<title>Marcas YGAY de Murrieta. vino tinto. Reserva 1999. Rioja. 75 cl - Wine Spirits Collection<\/title>\n<meta name=\"description\" content=\"Descubre Marqu\u00e9s de Murrieta Reserva 1999, un vino tinto de Rioja cl\u00e1sico, elegante y complejo. Elaborado con Tempranillo y criado en barrica.\" \/>\n<meta name=\"robots\" content=\"index, follow, max-snippet:-1, max-image-preview:large, max-video-preview:-1\" \/>\n<link rel=\"canonical\" href=\"https:\/\/www.winespiritscollection.com\/es\/producto\/marcas-ygay-de-murrieta-vino-tinto-reserva-1999-rioja-75-cl\/\" \/>\n<meta property=\"og:locale\" content=\"es_ES\" \/>\n<meta property=\"og:type\" content=\"article\" \/>\n<meta property=\"og:title\" content=\"Marcas YGAY de Murrieta. vino tinto. Reserva 1999. Rioja. 75 cl - Wine Spirits Collection\" \/>\n<meta property=\"og:description\" content=\"Descubre Marqu\u00e9s de Murrieta Reserva 1999, un vino tinto de Rioja cl\u00e1sico, elegante y complejo. Elaborado con Tempranillo y criado en barrica.\" \/>\n<meta property=\"og:url\" content=\"https:\/\/www.winespiritscollection.com\/es\/producto\/marcas-ygay-de-murrieta-vino-tinto-reserva-1999-rioja-75-cl\/\" \/>\n<meta property=\"og:site_name\" content=\"Wine Spirits Collection\" \/>\n<meta property=\"og:image\" content=\"https:\/\/www.winespiritscollection.com\/wp-content\/uploads\/2025\/04\/P1190191-removebg-preview.png\" \/>\n\t<meta property=\"og:image:width\" content=\"375\" \/>\n\t<meta property=\"og:image:height\" content=\"666\" \/>\n\t<meta property=\"og:image:type\" content=\"image\/png\" \/>\n<meta name=\"twitter:card\" content=\"summary_large_image\" \/>\n<meta name=\"twitter:label1\" content=\"Tiempo de lectura\" \/>\n\t<meta name=\"twitter:data1\" content=\"1 minuto\" \/>\n<script type=\"application\/ld+json\" class=\"yoast-schema-graph\">{\"@context\":\"https:\/\/schema.org\",\"@graph\":[{\"@type\":\"WebPage\",\"@id\":\"https:\/\/www.winespiritscollection.com\/es\/producto\/marcas-ygay-de-murrieta-vino-tinto-reserva-1999-rioja-75-cl\/\",\"url\":\"https:\/\/www.winespiritscollection.com\/es\/producto\/marcas-ygay-de-murrieta-vino-tinto-reserva-1999-rioja-75-cl\/\",\"name\":\"Marcas YGAY de Murrieta. vino tinto. Reserva 1999. Rioja. 75 cl - Wine Spirits Collection\",\"isPartOf\":{\"@id\":\"https:\/\/www.winespiritscollection.com\/es\/#website\"},\"primaryImageOfPage\":{\"@id\":\"https:\/\/www.winespiritscollection.com\/es\/producto\/marcas-ygay-de-murrieta-vino-tinto-reserva-1999-rioja-75-cl\/#primaryimage\"},\"image\":{\"@id\":\"https:\/\/www.winespiritscollection.com\/es\/producto\/marcas-ygay-de-murrieta-vino-tinto-reserva-1999-rioja-75-cl\/#primaryimage\"},\"thumbnailUrl\":\"https:\/\/www.winespiritscollection.com\/wp-content\/uploads\/2025\/04\/P1190191-removebg-preview.png\",\"datePublished\":\"2025-04-09T11:00:33+00:00\",\"description\":\"Descubre Marqu\u00e9s de Murrieta Reserva 1999, un vino tinto de Rioja cl\u00e1sico, elegante y complejo. Elaborado con Tempranillo y criado en barrica.\",\"breadcrumb\":{\"@id\":\"https:\/\/www.winespiritscollection.com\/es\/producto\/marcas-ygay-de-murrieta-vino-tinto-reserva-1999-rioja-75-cl\/#breadcrumb\"},\"inLanguage\":\"es\",\"potentialAction\":[{\"@type\":\"ReadAction\",\"target\":[\"https:\/\/www.winespiritscollection.com\/es\/producto\/marcas-ygay-de-murrieta-vino-tinto-reserva-1999-rioja-75-cl\/\"]}]},{\"@type\":\"ImageObject\",\"inLanguage\":\"es\",\"@id\":\"https:\/\/www.winespiritscollection.com\/es\/producto\/marcas-ygay-de-murrieta-vino-tinto-reserva-1999-rioja-75-cl\/#primaryimage\",\"url\":\"https:\/\/www.winespiritscollection.com\/wp-content\/uploads\/2025\/04\/P1190191-removebg-preview.png\",\"contentUrl\":\"https:\/\/www.winespiritscollection.com\/wp-content\/uploads\/2025\/04\/P1190191-removebg-preview.png\",\"width\":375,\"height\":666},{\"@type\":\"BreadcrumbList\",\"@id\":\"https:\/\/www.winespiritscollection.com\/es\/producto\/marcas-ygay-de-murrieta-vino-tinto-reserva-1999-rioja-75-cl\/#breadcrumb\",\"itemListElement\":[{\"@type\":\"ListItem\",\"position\":1,\"name\":\"Portada\",\"item\":\"https:\/\/www.winespiritscollection.com\/es\/\"},{\"@type\":\"ListItem\",\"position\":2,\"name\":\"Tienda\",\"item\":\"https:\/\/www.winespiritscollection.com\/es\/tienda-de-vinos-y-licores\/\"},{\"@type\":\"ListItem\",\"position\":3,\"name\":\"Marcas YGAY de Murrieta. vino tinto. Reserva 1999. Rioja. 75 cl\"}]},{\"@type\":\"WebSite\",\"@id\":\"https:\/\/www.winespiritscollection.com\/es\/#website\",\"url\":\"https:\/\/www.winespiritscollection.com\/es\/\",\"name\":\"Wine Spirits Collection\",\"description\":\"\",\"publisher\":{\"@id\":\"https:\/\/www.winespiritscollection.com\/es\/#organization\"},\"potentialAction\":[{\"@type\":\"SearchAction\",\"target\":{\"@type\":\"EntryPoint\",\"urlTemplate\":\"https:\/\/www.winespiritscollection.com\/es\/?s={search_term_string}\"},\"query-input\":{\"@type\":\"PropertyValueSpecification\",\"valueRequired\":true,\"valueName\":\"search_term_string\"}}],\"inLanguage\":\"es\"},{\"@type\":\"Organization\",\"@id\":\"https:\/\/www.winespiritscollection.com\/es\/#organization\",\"name\":\"Wine Spirits Collection\",\"url\":\"https:\/\/www.winespiritscollection.com\/es\/\",\"logo\":{\"@type\":\"ImageObject\",\"inLanguage\":\"es\",\"@id\":\"https:\/\/www.winespiritscollection.com\/es\/#\/schema\/logo\/image\/\",\"url\":\"https:\/\/www.winespiritscollection.com\/wp-content\/uploads\/2024\/03\/cropped-WINE_SPIRITS-LOGO-PRINCIPAL-NEGRE.png\",\"contentUrl\":\"https:\/\/www.winespiritscollection.com\/wp-content\/uploads\/2024\/03\/cropped-WINE_SPIRITS-LOGO-PRINCIPAL-NEGRE.png\",\"width\":2098,\"height\":1368,\"caption\":\"Wine Spirits Collection\"},\"image\":{\"@id\":\"https:\/\/www.winespiritscollection.com\/es\/#\/schema\/logo\/image\/\"}}]}<\/script>\n<!-- \/ Yoast SEO plugin. -->","yoast_head_json":{"title":"Marcas YGAY de Murrieta. vino tinto. Reserva 1999. Rioja. 75 cl - Wine Spirits Collection","description":"Descubre Marqu\u00e9s de Murrieta Reserva 1999, un vino tinto de Rioja cl\u00e1sico, elegante y complejo. Elaborado con Tempranillo y criado en barrica.","robots":{"index":"index","follow":"follow","max-snippet":"max-snippet:-1","max-image-preview":"max-image-preview:large","max-video-preview":"max-video-preview:-1"},"canonical":"https:\/\/www.winespiritscollection.com\/es\/producto\/marcas-ygay-de-murrieta-vino-tinto-reserva-1999-rioja-75-cl\/","og_locale":"es_ES","og_type":"article","og_title":"Marcas YGAY de Murrieta. vino tinto. Reserva 1999. Rioja. 75 cl - Wine Spirits Collection","og_description":"Descubre Marqu\u00e9s de Murrieta Reserva 1999, un vino tinto de Rioja cl\u00e1sico, elegante y complejo. Elaborado con Tempranillo y criado en barrica.","og_url":"https:\/\/www.winespiritscollection.com\/es\/producto\/marcas-ygay-de-murrieta-vino-tinto-reserva-1999-rioja-75-cl\/","og_site_name":"Wine Spirits Collection","og_image":[{"width":375,"height":666,"url":"https:\/\/www.winespiritscollection.com\/wp-content\/uploads\/2025\/04\/P1190191-removebg-preview.png","type":"image\/png"}],"twitter_card":"summary_large_image","twitter_misc":{"Tiempo de lectura":"1 minuto"},"schema":{"@context":"https:\/\/schema.org","@graph":[{"@type":"WebPage","@id":"https:\/\/www.winespiritscollection.com\/es\/producto\/marcas-ygay-de-murrieta-vino-tinto-reserva-1999-rioja-75-cl\/","url":"https:\/\/www.winespiritscollection.com\/es\/producto\/marcas-ygay-de-murrieta-vino-tinto-reserva-1999-rioja-75-cl\/","name":"Marcas YGAY de Murrieta. vino tinto. Reserva 1999. Rioja. 75 cl - Wine Spirits Collection","isPartOf":{"@id":"https:\/\/www.winespiritscollection.com\/es\/#website"},"primaryImageOfPage":{"@id":"https:\/\/www.winespiritscollection.com\/es\/producto\/marcas-ygay-de-murrieta-vino-tinto-reserva-1999-rioja-75-cl\/#primaryimage"},"image":{"@id":"https:\/\/www.winespiritscollection.com\/es\/producto\/marcas-ygay-de-murrieta-vino-tinto-reserva-1999-rioja-75-cl\/#primaryimage"},"thumbnailUrl":"https:\/\/www.winespiritscollection.com\/wp-content\/uploads\/2025\/04\/P1190191-removebg-preview.png","datePublished":"2025-04-09T11:00:33+00:00","description":"Descubre Marqu\u00e9s de Murrieta Reserva 1999, un vino tinto de Rioja cl\u00e1sico, elegante y complejo. Elaborado con Tempranillo y criado en barrica.","breadcrumb":{"@id":"https:\/\/www.winespiritscollection.com\/es\/producto\/marcas-ygay-de-murrieta-vino-tinto-reserva-1999-rioja-75-cl\/#breadcrumb"},"inLanguage":"es","potentialAction":[{"@type":"ReadAction","target":["https:\/\/www.winespiritscollection.com\/es\/producto\/marcas-ygay-de-murrieta-vino-tinto-reserva-1999-rioja-75-cl\/"]}]},{"@type":"ImageObject","inLanguage":"es","@id":"https:\/\/www.winespiritscollection.com\/es\/producto\/marcas-ygay-de-murrieta-vino-tinto-reserva-1999-rioja-75-cl\/#primaryimage","url":"https:\/\/www.winespiritscollection.com\/wp-content\/uploads\/2025\/04\/P1190191-removebg-preview.png","contentUrl":"https:\/\/www.winespiritscollection.com\/wp-content\/uploads\/2025\/04\/P1190191-removebg-preview.png","width":375,"height":666},{"@type":"BreadcrumbList","@id":"https:\/\/www.winespiritscollection.com\/es\/producto\/marcas-ygay-de-murrieta-vino-tinto-reserva-1999-rioja-75-cl\/#breadcrumb","itemListElement":[{"@type":"ListItem","position":1,"name":"Portada","item":"https:\/\/www.winespiritscollection.com\/es\/"},{"@type":"ListItem","position":2,"name":"Tienda","item":"https:\/\/www.winespiritscollection.com\/es\/tienda-de-vinos-y-licores\/"},{"@type":"ListItem","position":3,"name":"Marcas YGAY de Murrieta. vino tinto. Reserva 1999. Rioja. 75 cl"}]},{"@type":"WebSite","@id":"https:\/\/www.winespiritscollection.com\/es\/#website","url":"https:\/\/www.winespiritscollection.com\/es\/","name":"Wine Spirits Collection","description":"","publisher":{"@id":"https:\/\/www.winespiritscollection.com\/es\/#organization"},"potentialAction":[{"@type":"SearchAction","target":{"@type":"EntryPoint","urlTemplate":"https:\/\/www.winespiritscollection.com\/es\/?s={search_term_string}"},"query-input":{"@type":"PropertyValueSpecification","valueRequired":true,"valueName":"search_term_string"}}],"inLanguage":"es"},{"@type":"Organization","@id":"https:\/\/www.winespiritscollection.com\/es\/#organization","name":"Wine Spirits Collection","url":"https:\/\/www.winespiritscollection.com\/es\/","logo":{"@type":"ImageObject","inLanguage":"es","@id":"https:\/\/www.winespiritscollection.com\/es\/#\/schema\/logo\/image\/","url":"https:\/\/www.winespiritscollection.com\/wp-content\/uploads\/2024\/03\/cropped-WINE_SPIRITS-LOGO-PRINCIPAL-NEGRE.png","contentUrl":"https:\/\/www.winespiritscollection.com\/wp-content\/uploads\/2024\/03\/cropped-WINE_SPIRITS-LOGO-PRINCIPAL-NEGRE.png","width":2098,"height":1368,"caption":"Wine Spirits Collection"},"image":{"@id":"https:\/\/www.winespiritscollection.com\/es\/#\/schema\/logo\/image\/"}}]}},"_links":{"self":[{"href":"https:\/\/www.winespiritscollection.com\/es\/wp-json\/wp\/v2\/product\/1771","targetHints":{"allow":["GET"]}}],"collection":[{"href":"https:\/\/www.winespiritscollection.com\/es\/wp-json\/wp\/v2\/product"}],"about":[{"href":"https:\/\/www.winespiritscollection.com\/es\/wp-json\/wp\/v2\/types\/product"}],"replies":[{"embeddable":true,"href":"https:\/\/www.winespiritscollection.com\/es\/wp-json\/wp\/v2\/comments?post=1771"}],"wp:featuredmedia":[{"embeddable":true,"href":"https:\/\/www.winespiritscollection.com\/es\/wp-json\/wp\/v2\/media\/1756"}],"wp:attachment":[{"href":"https:\/\/www.winespiritscollection.com\/es\/wp-json\/wp\/v2\/media?parent=1771"}],"wp:term":[{"taxonomy":"product_brand","embeddable":true,"href":"https:\/\/www.winespiritscollection.com\/es\/wp-json\/wp\/v2\/product_brand?post=1771"},{"taxonomy":"product_cat","embeddable":true,"href":"https:\/\/www.winespiritscollection.com\/es\/wp-json\/wp\/v2\/product_cat?post=1771"},{"taxonomy":"product_tag","embeddable":true,"href":"https:\/\/www.winespiritscollection.com\/es\/wp-json\/wp\/v2\/product_tag?post=1771"}],"curies":[{"name":"wp","href":"https:\/\/api.w.org\/{rel}","templated":true}]}}