{"id":1809,"date":"2025-04-09T13:38:48","date_gmt":"2025-04-09T11:38:48","guid":{"rendered":"https:\/\/www.winespiritscollection.com\/producto\/vino-tinto-legaris-reserva-2005-ribera-del-duero-75-cl\/"},"modified":"2025-04-09T13:38:48","modified_gmt":"2025-04-09T11:38:48","slug":"vino-tinto-legaris-reserva-2005-ribera-del-duero-75-cl","status":"publish","type":"product","link":"https:\/\/www.winespiritscollection.com\/es\/producto\/vino-tinto-legaris-reserva-2005-ribera-del-duero-75-cl\/","title":{"rendered":"Vino tinto Legaris. Reserva 2005. Ribera del Duero.   75 cl"},"content":{"rendered":"<p>El Legaris Reserva 2005 es un vino tinto de la Denominaci\u00f3n de Origen Ribera del Duero, elaborado por Bodegas Legaris. Este monovarietal de Tempranillo refleja la esencia de la regi\u00f3n y el minucioso trabajo de la bodega. La vendimia se realiza manualmente, seleccionando las uvas en su punto \u00f3ptimo de maduraci\u00f3n. Tras una maceraci\u00f3n en fr\u00edo para extraer aromas y color, la fermentaci\u00f3n alcoh\u00f3lica se realiza en dep\u00f3sitos de acero inoxidable a temperatura controlada. Posteriormente, el vino realiza la fermentaci\u00f3n malol\u00e1ctica en barricas nuevas de roble franc\u00e9s. La crianza se extiende durante 13 meses en barricas nuevas y robustas de diferentes tonos, granos y tostados, hasta obtener un vino con una estructura y una carga completas. Nuestros productos son botellas vintage de colecci\u00f3n. Han permanecido en bodega, pero no podemos garantizar su consumo. Consumo responsable. Solo apto para adultos.      Se han conservado en una bodega, pero no podemos garantizar su consumo. Consumo responsable. S\u00f3lo apto para adultos.<\/p>\n","protected":false},"excerpt":{"rendered":"<p>Bodega: Legaris (Grupo Codorn\u00edu)<br \/>\nDenominaci\u00f3n de Origen: Ribera del Duero (D.O.)<br \/>\nPa\u00eds: Espa\u00f1a<br \/>\nTipo de vino: Tinto Reserva<br \/>\nCanad\u00e1: 2005<br \/>\nVariedad de uva: 100% Tempranillo (Tinta Fina)<br \/>\nEdad de vida: Vinos viejos (mayores de 40 a\u00f1os)<\/p>\n","protected":false},"featured_media":1794,"comment_status":"closed","ping_status":"closed","template":"","meta":{"_acf_changed":false,"_glsr_average":0,"_glsr_ranking":0,"_glsr_reviews":0,"_joinchat":[]},"product_brand":[],"product_cat":[110],"product_tag":[],"class_list":{"0":"post-1809","1":"product","2":"type-product","3":"status-publish","4":"has-post-thumbnail","6":"product_cat-ribera-del-duero-es","8":"first","9":"instock","10":"taxable","11":"shipping-taxable","12":"purchasable","13":"product-type-simple"},"acf":[],"yoast_head":"<!-- This site is optimized with the Yoast SEO plugin v27.2 - https:\/\/yoast.com\/product\/yoast-seo-wordpress\/ -->\n<title>Vino tinto Legaris. Reserva 2005. Ribera del Duero.  75 cl - Wine Spirits Collection<\/title>\n<meta name=\"description\" content=\"Legaris Reserva 2005 es un elegante vino tinto de Ribera del Duero, 100% Tempranillo, con 13 meses en barrica de roble franc\u00e9s\" \/>\n<meta name=\"robots\" content=\"index, follow, max-snippet:-1, max-image-preview:large, max-video-preview:-1\" \/>\n<link rel=\"canonical\" href=\"https:\/\/www.winespiritscollection.com\/es\/producto\/vino-tinto-legaris-reserva-2005-ribera-del-duero-75-cl\/\" \/>\n<meta property=\"og:locale\" content=\"es_ES\" \/>\n<meta property=\"og:type\" content=\"article\" \/>\n<meta property=\"og:title\" content=\"Vino tinto Legaris. Reserva 2005. Ribera del Duero.  75 cl - Wine Spirits Collection\" \/>\n<meta property=\"og:description\" content=\"Legaris Reserva 2005 es un elegante vino tinto de Ribera del Duero, 100% Tempranillo, con 13 meses en barrica de roble franc\u00e9s\" \/>\n<meta property=\"og:url\" content=\"https:\/\/www.winespiritscollection.com\/es\/producto\/vino-tinto-legaris-reserva-2005-ribera-del-duero-75-cl\/\" \/>\n<meta property=\"og:site_name\" content=\"Wine Spirits Collection\" \/>\n<meta property=\"og:image\" content=\"https:\/\/www.winespiritscollection.com\/wp-content\/uploads\/2025\/04\/P1190172-removebg-preview.png\" \/>\n\t<meta property=\"og:image:width\" content=\"375\" \/>\n\t<meta property=\"og:image:height\" content=\"666\" \/>\n\t<meta property=\"og:image:type\" content=\"image\/png\" \/>\n<meta name=\"twitter:card\" content=\"summary_large_image\" \/>\n<meta name=\"twitter:label1\" content=\"Tiempo de lectura\" \/>\n\t<meta name=\"twitter:data1\" content=\"1 minuto\" \/>\n<script type=\"application\/ld+json\" class=\"yoast-schema-graph\">{\"@context\":\"https:\/\/schema.org\",\"@graph\":[{\"@type\":\"WebPage\",\"@id\":\"https:\/\/www.winespiritscollection.com\/es\/producto\/vino-tinto-legaris-reserva-2005-ribera-del-duero-75-cl\/\",\"url\":\"https:\/\/www.winespiritscollection.com\/es\/producto\/vino-tinto-legaris-reserva-2005-ribera-del-duero-75-cl\/\",\"name\":\"Vino tinto Legaris. Reserva 2005. Ribera del Duero. 75 cl - Wine Spirits Collection\",\"isPartOf\":{\"@id\":\"https:\/\/www.winespiritscollection.com\/es\/#website\"},\"primaryImageOfPage\":{\"@id\":\"https:\/\/www.winespiritscollection.com\/es\/producto\/vino-tinto-legaris-reserva-2005-ribera-del-duero-75-cl\/#primaryimage\"},\"image\":{\"@id\":\"https:\/\/www.winespiritscollection.com\/es\/producto\/vino-tinto-legaris-reserva-2005-ribera-del-duero-75-cl\/#primaryimage\"},\"thumbnailUrl\":\"https:\/\/www.winespiritscollection.com\/wp-content\/uploads\/2025\/04\/P1190172-removebg-preview.png\",\"datePublished\":\"2025-04-09T11:38:48+00:00\",\"description\":\"Legaris Reserva 2005 es un elegante vino tinto de Ribera del Duero, 100% Tempranillo, con 13 meses en barrica de roble franc\u00e9s\",\"breadcrumb\":{\"@id\":\"https:\/\/www.winespiritscollection.com\/es\/producto\/vino-tinto-legaris-reserva-2005-ribera-del-duero-75-cl\/#breadcrumb\"},\"inLanguage\":\"es\",\"potentialAction\":[{\"@type\":\"ReadAction\",\"target\":[\"https:\/\/www.winespiritscollection.com\/es\/producto\/vino-tinto-legaris-reserva-2005-ribera-del-duero-75-cl\/\"]}]},{\"@type\":\"ImageObject\",\"inLanguage\":\"es\",\"@id\":\"https:\/\/www.winespiritscollection.com\/es\/producto\/vino-tinto-legaris-reserva-2005-ribera-del-duero-75-cl\/#primaryimage\",\"url\":\"https:\/\/www.winespiritscollection.com\/wp-content\/uploads\/2025\/04\/P1190172-removebg-preview.png\",\"contentUrl\":\"https:\/\/www.winespiritscollection.com\/wp-content\/uploads\/2025\/04\/P1190172-removebg-preview.png\",\"width\":375,\"height\":666},{\"@type\":\"BreadcrumbList\",\"@id\":\"https:\/\/www.winespiritscollection.com\/es\/producto\/vino-tinto-legaris-reserva-2005-ribera-del-duero-75-cl\/#breadcrumb\",\"itemListElement\":[{\"@type\":\"ListItem\",\"position\":1,\"name\":\"Portada\",\"item\":\"https:\/\/www.winespiritscollection.com\/es\/\"},{\"@type\":\"ListItem\",\"position\":2,\"name\":\"Tienda\",\"item\":\"https:\/\/www.winespiritscollection.com\/es\/tienda-de-vinos-y-licores\/\"},{\"@type\":\"ListItem\",\"position\":3,\"name\":\"Vino tinto Legaris. Reserva 2005. Ribera del Duero. 75 cl\"}]},{\"@type\":\"WebSite\",\"@id\":\"https:\/\/www.winespiritscollection.com\/es\/#website\",\"url\":\"https:\/\/www.winespiritscollection.com\/es\/\",\"name\":\"Wine Spirits Collection\",\"description\":\"\",\"publisher\":{\"@id\":\"https:\/\/www.winespiritscollection.com\/es\/#organization\"},\"potentialAction\":[{\"@type\":\"SearchAction\",\"target\":{\"@type\":\"EntryPoint\",\"urlTemplate\":\"https:\/\/www.winespiritscollection.com\/es\/?s={search_term_string}\"},\"query-input\":{\"@type\":\"PropertyValueSpecification\",\"valueRequired\":true,\"valueName\":\"search_term_string\"}}],\"inLanguage\":\"es\"},{\"@type\":\"Organization\",\"@id\":\"https:\/\/www.winespiritscollection.com\/es\/#organization\",\"name\":\"Wine Spirits Collection\",\"url\":\"https:\/\/www.winespiritscollection.com\/es\/\",\"logo\":{\"@type\":\"ImageObject\",\"inLanguage\":\"es\",\"@id\":\"https:\/\/www.winespiritscollection.com\/es\/#\/schema\/logo\/image\/\",\"url\":\"https:\/\/www.winespiritscollection.com\/wp-content\/uploads\/2024\/03\/cropped-WINE_SPIRITS-LOGO-PRINCIPAL-NEGRE.png\",\"contentUrl\":\"https:\/\/www.winespiritscollection.com\/wp-content\/uploads\/2024\/03\/cropped-WINE_SPIRITS-LOGO-PRINCIPAL-NEGRE.png\",\"width\":2098,\"height\":1368,\"caption\":\"Wine Spirits Collection\"},\"image\":{\"@id\":\"https:\/\/www.winespiritscollection.com\/es\/#\/schema\/logo\/image\/\"}}]}<\/script>\n<!-- \/ Yoast SEO plugin. -->","yoast_head_json":{"title":"Vino tinto Legaris. Reserva 2005. Ribera del Duero.  75 cl - Wine Spirits Collection","description":"Legaris Reserva 2005 es un elegante vino tinto de Ribera del Duero, 100% Tempranillo, con 13 meses en barrica de roble franc\u00e9s","robots":{"index":"index","follow":"follow","max-snippet":"max-snippet:-1","max-image-preview":"max-image-preview:large","max-video-preview":"max-video-preview:-1"},"canonical":"https:\/\/www.winespiritscollection.com\/es\/producto\/vino-tinto-legaris-reserva-2005-ribera-del-duero-75-cl\/","og_locale":"es_ES","og_type":"article","og_title":"Vino tinto Legaris. Reserva 2005. Ribera del Duero.  75 cl - Wine Spirits Collection","og_description":"Legaris Reserva 2005 es un elegante vino tinto de Ribera del Duero, 100% Tempranillo, con 13 meses en barrica de roble franc\u00e9s","og_url":"https:\/\/www.winespiritscollection.com\/es\/producto\/vino-tinto-legaris-reserva-2005-ribera-del-duero-75-cl\/","og_site_name":"Wine Spirits Collection","og_image":[{"width":375,"height":666,"url":"https:\/\/www.winespiritscollection.com\/wp-content\/uploads\/2025\/04\/P1190172-removebg-preview.png","type":"image\/png"}],"twitter_card":"summary_large_image","twitter_misc":{"Tiempo de lectura":"1 minuto"},"schema":{"@context":"https:\/\/schema.org","@graph":[{"@type":"WebPage","@id":"https:\/\/www.winespiritscollection.com\/es\/producto\/vino-tinto-legaris-reserva-2005-ribera-del-duero-75-cl\/","url":"https:\/\/www.winespiritscollection.com\/es\/producto\/vino-tinto-legaris-reserva-2005-ribera-del-duero-75-cl\/","name":"Vino tinto Legaris. Reserva 2005. Ribera del Duero. 75 cl - Wine Spirits Collection","isPartOf":{"@id":"https:\/\/www.winespiritscollection.com\/es\/#website"},"primaryImageOfPage":{"@id":"https:\/\/www.winespiritscollection.com\/es\/producto\/vino-tinto-legaris-reserva-2005-ribera-del-duero-75-cl\/#primaryimage"},"image":{"@id":"https:\/\/www.winespiritscollection.com\/es\/producto\/vino-tinto-legaris-reserva-2005-ribera-del-duero-75-cl\/#primaryimage"},"thumbnailUrl":"https:\/\/www.winespiritscollection.com\/wp-content\/uploads\/2025\/04\/P1190172-removebg-preview.png","datePublished":"2025-04-09T11:38:48+00:00","description":"Legaris Reserva 2005 es un elegante vino tinto de Ribera del Duero, 100% Tempranillo, con 13 meses en barrica de roble franc\u00e9s","breadcrumb":{"@id":"https:\/\/www.winespiritscollection.com\/es\/producto\/vino-tinto-legaris-reserva-2005-ribera-del-duero-75-cl\/#breadcrumb"},"inLanguage":"es","potentialAction":[{"@type":"ReadAction","target":["https:\/\/www.winespiritscollection.com\/es\/producto\/vino-tinto-legaris-reserva-2005-ribera-del-duero-75-cl\/"]}]},{"@type":"ImageObject","inLanguage":"es","@id":"https:\/\/www.winespiritscollection.com\/es\/producto\/vino-tinto-legaris-reserva-2005-ribera-del-duero-75-cl\/#primaryimage","url":"https:\/\/www.winespiritscollection.com\/wp-content\/uploads\/2025\/04\/P1190172-removebg-preview.png","contentUrl":"https:\/\/www.winespiritscollection.com\/wp-content\/uploads\/2025\/04\/P1190172-removebg-preview.png","width":375,"height":666},{"@type":"BreadcrumbList","@id":"https:\/\/www.winespiritscollection.com\/es\/producto\/vino-tinto-legaris-reserva-2005-ribera-del-duero-75-cl\/#breadcrumb","itemListElement":[{"@type":"ListItem","position":1,"name":"Portada","item":"https:\/\/www.winespiritscollection.com\/es\/"},{"@type":"ListItem","position":2,"name":"Tienda","item":"https:\/\/www.winespiritscollection.com\/es\/tienda-de-vinos-y-licores\/"},{"@type":"ListItem","position":3,"name":"Vino tinto Legaris. Reserva 2005. Ribera del Duero. 75 cl"}]},{"@type":"WebSite","@id":"https:\/\/www.winespiritscollection.com\/es\/#website","url":"https:\/\/www.winespiritscollection.com\/es\/","name":"Wine Spirits Collection","description":"","publisher":{"@id":"https:\/\/www.winespiritscollection.com\/es\/#organization"},"potentialAction":[{"@type":"SearchAction","target":{"@type":"EntryPoint","urlTemplate":"https:\/\/www.winespiritscollection.com\/es\/?s={search_term_string}"},"query-input":{"@type":"PropertyValueSpecification","valueRequired":true,"valueName":"search_term_string"}}],"inLanguage":"es"},{"@type":"Organization","@id":"https:\/\/www.winespiritscollection.com\/es\/#organization","name":"Wine Spirits Collection","url":"https:\/\/www.winespiritscollection.com\/es\/","logo":{"@type":"ImageObject","inLanguage":"es","@id":"https:\/\/www.winespiritscollection.com\/es\/#\/schema\/logo\/image\/","url":"https:\/\/www.winespiritscollection.com\/wp-content\/uploads\/2024\/03\/cropped-WINE_SPIRITS-LOGO-PRINCIPAL-NEGRE.png","contentUrl":"https:\/\/www.winespiritscollection.com\/wp-content\/uploads\/2024\/03\/cropped-WINE_SPIRITS-LOGO-PRINCIPAL-NEGRE.png","width":2098,"height":1368,"caption":"Wine Spirits Collection"},"image":{"@id":"https:\/\/www.winespiritscollection.com\/es\/#\/schema\/logo\/image\/"}}]}},"_links":{"self":[{"href":"https:\/\/www.winespiritscollection.com\/es\/wp-json\/wp\/v2\/product\/1809","targetHints":{"allow":["GET"]}}],"collection":[{"href":"https:\/\/www.winespiritscollection.com\/es\/wp-json\/wp\/v2\/product"}],"about":[{"href":"https:\/\/www.winespiritscollection.com\/es\/wp-json\/wp\/v2\/types\/product"}],"replies":[{"embeddable":true,"href":"https:\/\/www.winespiritscollection.com\/es\/wp-json\/wp\/v2\/comments?post=1809"}],"wp:featuredmedia":[{"embeddable":true,"href":"https:\/\/www.winespiritscollection.com\/es\/wp-json\/wp\/v2\/media\/1794"}],"wp:attachment":[{"href":"https:\/\/www.winespiritscollection.com\/es\/wp-json\/wp\/v2\/media?parent=1809"}],"wp:term":[{"taxonomy":"product_brand","embeddable":true,"href":"https:\/\/www.winespiritscollection.com\/es\/wp-json\/wp\/v2\/product_brand?post=1809"},{"taxonomy":"product_cat","embeddable":true,"href":"https:\/\/www.winespiritscollection.com\/es\/wp-json\/wp\/v2\/product_cat?post=1809"},{"taxonomy":"product_tag","embeddable":true,"href":"https:\/\/www.winespiritscollection.com\/es\/wp-json\/wp\/v2\/product_tag?post=1809"}],"curies":[{"name":"wp","href":"https:\/\/api.w.org\/{rel}","templated":true}]}}