{"id":1884,"date":"2025-04-10T11:41:19","date_gmt":"2025-04-10T09:41:19","guid":{"rendered":"https:\/\/www.winespiritscollection.com\/producto\/vina-tondonia-vino-tinto-sexto-ano-anos-70-rioja-75-cl\/"},"modified":"2025-04-10T11:41:19","modified_gmt":"2025-04-10T09:41:19","slug":"vina-tondonia-vino-tinto-sexto-ano-anos-70-rioja-75-cl","status":"publish","type":"product","link":"https:\/\/www.winespiritscollection.com\/es\/producto\/vina-tondonia-vino-tinto-sexto-ano-anos-70-rioja-75-cl\/","title":{"rendered":"Vi\u00f1a Tondonia . vino tinto . Sexto A\u00f1o. A\u00f1os 70. Rioja .     75 cl"},"content":{"rendered":"<p>Vi\u00f1a Tondonia Sexto A\u00f1o es una expresi\u00f3n cl\u00e1sica y atemporal de Rioja Alta, elaborada por la hist\u00f3rica bodega R. L\u00f3pez en Heredia. Este vino ha sido criado durante seis a\u00f1os en barricas de roble, respetando los procesos tradicionales de crianza que definen a los grandes reservas espa\u00f1oles. De color rojo rub\u00ed brillante con matices teja, muestra una complejidad envolvente en nariz con notas de frutos secos, cuero, tabaco, especias y un elegante fondo de roble. En boca, es sedoso, equilibrado y persistente, con taninos finos y una acidez que mantiene su frescura a lo largo del tiempo. Nuestros productos son botellas vintage de colecci\u00f3n. Se han conservado en una bodega, pero no podemos garantizar su consumo. Consumo responsable. Solo apto para adultos.       <\/p>\n","protected":false},"excerpt":{"rendered":"<p>Nom complet : Vi\u00f1a Tondonia Reserva \u2013 Sixi\u00e8me ann\u00e9e<br \/>\nCave : R. L\u00f3pez de Heredia Vi\u00f1a Tondonia<br \/>\nOrigine : Haro, La Rioja Alta \u2013 D.O.Ca. Rioja, Espagne<br \/>\nType de vin : Reserva Rouge<br \/>\nC\u00e9pages : Tempranillo, Grenache, Graciano Mazuelo<br \/>\n\u00c9levage : 6 ans en f\u00fbts de ch\u00eane am\u00e9ricain<br \/>\nSoutirage manuel deux fois par an<br \/>\nAffinage en bouteille avant commercialisation <\/p>\n","protected":false},"featured_media":1868,"comment_status":"closed","ping_status":"closed","template":"","meta":{"_acf_changed":false,"_glsr_average":0,"_glsr_ranking":0,"_glsr_reviews":0,"_joinchat":[]},"product_brand":[],"product_cat":[111],"product_tag":[],"class_list":{"0":"post-1884","1":"product","2":"type-product","3":"status-publish","4":"has-post-thumbnail","6":"product_cat-rioja-es","8":"first","9":"instock","10":"taxable","11":"shipping-taxable","12":"purchasable","13":"product-type-simple"},"acf":[],"yoast_head":"<!-- This site is optimized with the Yoast SEO plugin v27.2 - https:\/\/yoast.com\/product\/yoast-seo-wordpress\/ -->\n<title>Vi\u00f1a Tondonia . vino tinto . Sexto A\u00f1o. A\u00f1os 70. Rioja .   75 cl - Wine Spirits Collection<\/title>\n<meta name=\"description\" content=\"Vi\u00f1a Tondonia Sexto A\u00f1o: un vino cl\u00e1sico de Rioja con una crianza de seis a\u00f1os en barrica. Elegancia, tradici\u00f3n y car\u00e1cter en cada botella.\" \/>\n<meta name=\"robots\" content=\"index, follow, max-snippet:-1, max-image-preview:large, max-video-preview:-1\" \/>\n<link rel=\"canonical\" href=\"https:\/\/www.winespiritscollection.com\/es\/producto\/vina-tondonia-vino-tinto-sexto-ano-anos-70-rioja-75-cl\/\" \/>\n<meta property=\"og:locale\" content=\"es_ES\" \/>\n<meta property=\"og:type\" content=\"article\" \/>\n<meta property=\"og:title\" content=\"Vi\u00f1a Tondonia . vino tinto . Sexto A\u00f1o. A\u00f1os 70. Rioja .   75 cl - Wine Spirits Collection\" \/>\n<meta property=\"og:description\" content=\"Vi\u00f1a Tondonia Sexto A\u00f1o: un vino cl\u00e1sico de Rioja con una crianza de seis a\u00f1os en barrica. Elegancia, tradici\u00f3n y car\u00e1cter en cada botella.\" \/>\n<meta property=\"og:url\" content=\"https:\/\/www.winespiritscollection.com\/es\/producto\/vina-tondonia-vino-tinto-sexto-ano-anos-70-rioja-75-cl\/\" \/>\n<meta property=\"og:site_name\" content=\"Wine Spirits Collection\" \/>\n<meta property=\"og:image\" content=\"https:\/\/www.winespiritscollection.com\/wp-content\/uploads\/2025\/04\/P1190200-removebg-preview.png\" \/>\n\t<meta property=\"og:image:width\" content=\"375\" \/>\n\t<meta property=\"og:image:height\" content=\"666\" \/>\n\t<meta property=\"og:image:type\" content=\"image\/png\" \/>\n<meta name=\"twitter:card\" content=\"summary_large_image\" \/>\n<meta name=\"twitter:label1\" content=\"Tiempo de lectura\" \/>\n\t<meta name=\"twitter:data1\" content=\"1 minuto\" \/>\n<script type=\"application\/ld+json\" class=\"yoast-schema-graph\">{\"@context\":\"https:\/\/schema.org\",\"@graph\":[{\"@type\":\"WebPage\",\"@id\":\"https:\/\/www.winespiritscollection.com\/es\/producto\/vina-tondonia-vino-tinto-sexto-ano-anos-70-rioja-75-cl\/\",\"url\":\"https:\/\/www.winespiritscollection.com\/es\/producto\/vina-tondonia-vino-tinto-sexto-ano-anos-70-rioja-75-cl\/\",\"name\":\"Vi\u00f1a Tondonia . vino tinto . Sexto A\u00f1o. A\u00f1os 70. Rioja . 75 cl - Wine Spirits Collection\",\"isPartOf\":{\"@id\":\"https:\/\/www.winespiritscollection.com\/es\/#website\"},\"primaryImageOfPage\":{\"@id\":\"https:\/\/www.winespiritscollection.com\/es\/producto\/vina-tondonia-vino-tinto-sexto-ano-anos-70-rioja-75-cl\/#primaryimage\"},\"image\":{\"@id\":\"https:\/\/www.winespiritscollection.com\/es\/producto\/vina-tondonia-vino-tinto-sexto-ano-anos-70-rioja-75-cl\/#primaryimage\"},\"thumbnailUrl\":\"https:\/\/www.winespiritscollection.com\/wp-content\/uploads\/2025\/04\/P1190200-removebg-preview.png\",\"datePublished\":\"2025-04-10T09:41:19+00:00\",\"description\":\"Vi\u00f1a Tondonia Sexto A\u00f1o: un vino cl\u00e1sico de Rioja con una crianza de seis a\u00f1os en barrica. Elegancia, tradici\u00f3n y car\u00e1cter en cada botella.\",\"breadcrumb\":{\"@id\":\"https:\/\/www.winespiritscollection.com\/es\/producto\/vina-tondonia-vino-tinto-sexto-ano-anos-70-rioja-75-cl\/#breadcrumb\"},\"inLanguage\":\"es\",\"potentialAction\":[{\"@type\":\"ReadAction\",\"target\":[\"https:\/\/www.winespiritscollection.com\/es\/producto\/vina-tondonia-vino-tinto-sexto-ano-anos-70-rioja-75-cl\/\"]}]},{\"@type\":\"ImageObject\",\"inLanguage\":\"es\",\"@id\":\"https:\/\/www.winespiritscollection.com\/es\/producto\/vina-tondonia-vino-tinto-sexto-ano-anos-70-rioja-75-cl\/#primaryimage\",\"url\":\"https:\/\/www.winespiritscollection.com\/wp-content\/uploads\/2025\/04\/P1190200-removebg-preview.png\",\"contentUrl\":\"https:\/\/www.winespiritscollection.com\/wp-content\/uploads\/2025\/04\/P1190200-removebg-preview.png\",\"width\":375,\"height\":666},{\"@type\":\"BreadcrumbList\",\"@id\":\"https:\/\/www.winespiritscollection.com\/es\/producto\/vina-tondonia-vino-tinto-sexto-ano-anos-70-rioja-75-cl\/#breadcrumb\",\"itemListElement\":[{\"@type\":\"ListItem\",\"position\":1,\"name\":\"Portada\",\"item\":\"https:\/\/www.winespiritscollection.com\/es\/\"},{\"@type\":\"ListItem\",\"position\":2,\"name\":\"Tienda\",\"item\":\"https:\/\/www.winespiritscollection.com\/es\/tienda-de-vinos-y-licores\/\"},{\"@type\":\"ListItem\",\"position\":3,\"name\":\"Vi\u00f1a Tondonia . vino tinto . Sexto A\u00f1o. A\u00f1os 70. Rioja . 75 cl\"}]},{\"@type\":\"WebSite\",\"@id\":\"https:\/\/www.winespiritscollection.com\/es\/#website\",\"url\":\"https:\/\/www.winespiritscollection.com\/es\/\",\"name\":\"Wine Spirits Collection\",\"description\":\"\",\"publisher\":{\"@id\":\"https:\/\/www.winespiritscollection.com\/es\/#organization\"},\"potentialAction\":[{\"@type\":\"SearchAction\",\"target\":{\"@type\":\"EntryPoint\",\"urlTemplate\":\"https:\/\/www.winespiritscollection.com\/es\/?s={search_term_string}\"},\"query-input\":{\"@type\":\"PropertyValueSpecification\",\"valueRequired\":true,\"valueName\":\"search_term_string\"}}],\"inLanguage\":\"es\"},{\"@type\":\"Organization\",\"@id\":\"https:\/\/www.winespiritscollection.com\/es\/#organization\",\"name\":\"Wine Spirits Collection\",\"url\":\"https:\/\/www.winespiritscollection.com\/es\/\",\"logo\":{\"@type\":\"ImageObject\",\"inLanguage\":\"es\",\"@id\":\"https:\/\/www.winespiritscollection.com\/es\/#\/schema\/logo\/image\/\",\"url\":\"https:\/\/www.winespiritscollection.com\/wp-content\/uploads\/2024\/03\/cropped-WINE_SPIRITS-LOGO-PRINCIPAL-NEGRE.png\",\"contentUrl\":\"https:\/\/www.winespiritscollection.com\/wp-content\/uploads\/2024\/03\/cropped-WINE_SPIRITS-LOGO-PRINCIPAL-NEGRE.png\",\"width\":2098,\"height\":1368,\"caption\":\"Wine Spirits Collection\"},\"image\":{\"@id\":\"https:\/\/www.winespiritscollection.com\/es\/#\/schema\/logo\/image\/\"}}]}<\/script>\n<!-- \/ Yoast SEO plugin. -->","yoast_head_json":{"title":"Vi\u00f1a Tondonia . vino tinto . Sexto A\u00f1o. A\u00f1os 70. Rioja .   75 cl - Wine Spirits Collection","description":"Vi\u00f1a Tondonia Sexto A\u00f1o: un vino cl\u00e1sico de Rioja con una crianza de seis a\u00f1os en barrica. Elegancia, tradici\u00f3n y car\u00e1cter en cada botella.","robots":{"index":"index","follow":"follow","max-snippet":"max-snippet:-1","max-image-preview":"max-image-preview:large","max-video-preview":"max-video-preview:-1"},"canonical":"https:\/\/www.winespiritscollection.com\/es\/producto\/vina-tondonia-vino-tinto-sexto-ano-anos-70-rioja-75-cl\/","og_locale":"es_ES","og_type":"article","og_title":"Vi\u00f1a Tondonia . vino tinto . Sexto A\u00f1o. A\u00f1os 70. Rioja .   75 cl - Wine Spirits Collection","og_description":"Vi\u00f1a Tondonia Sexto A\u00f1o: un vino cl\u00e1sico de Rioja con una crianza de seis a\u00f1os en barrica. Elegancia, tradici\u00f3n y car\u00e1cter en cada botella.","og_url":"https:\/\/www.winespiritscollection.com\/es\/producto\/vina-tondonia-vino-tinto-sexto-ano-anos-70-rioja-75-cl\/","og_site_name":"Wine Spirits Collection","og_image":[{"width":375,"height":666,"url":"https:\/\/www.winespiritscollection.com\/wp-content\/uploads\/2025\/04\/P1190200-removebg-preview.png","type":"image\/png"}],"twitter_card":"summary_large_image","twitter_misc":{"Tiempo de lectura":"1 minuto"},"schema":{"@context":"https:\/\/schema.org","@graph":[{"@type":"WebPage","@id":"https:\/\/www.winespiritscollection.com\/es\/producto\/vina-tondonia-vino-tinto-sexto-ano-anos-70-rioja-75-cl\/","url":"https:\/\/www.winespiritscollection.com\/es\/producto\/vina-tondonia-vino-tinto-sexto-ano-anos-70-rioja-75-cl\/","name":"Vi\u00f1a Tondonia . vino tinto . Sexto A\u00f1o. A\u00f1os 70. Rioja . 75 cl - Wine Spirits Collection","isPartOf":{"@id":"https:\/\/www.winespiritscollection.com\/es\/#website"},"primaryImageOfPage":{"@id":"https:\/\/www.winespiritscollection.com\/es\/producto\/vina-tondonia-vino-tinto-sexto-ano-anos-70-rioja-75-cl\/#primaryimage"},"image":{"@id":"https:\/\/www.winespiritscollection.com\/es\/producto\/vina-tondonia-vino-tinto-sexto-ano-anos-70-rioja-75-cl\/#primaryimage"},"thumbnailUrl":"https:\/\/www.winespiritscollection.com\/wp-content\/uploads\/2025\/04\/P1190200-removebg-preview.png","datePublished":"2025-04-10T09:41:19+00:00","description":"Vi\u00f1a Tondonia Sexto A\u00f1o: un vino cl\u00e1sico de Rioja con una crianza de seis a\u00f1os en barrica. Elegancia, tradici\u00f3n y car\u00e1cter en cada botella.","breadcrumb":{"@id":"https:\/\/www.winespiritscollection.com\/es\/producto\/vina-tondonia-vino-tinto-sexto-ano-anos-70-rioja-75-cl\/#breadcrumb"},"inLanguage":"es","potentialAction":[{"@type":"ReadAction","target":["https:\/\/www.winespiritscollection.com\/es\/producto\/vina-tondonia-vino-tinto-sexto-ano-anos-70-rioja-75-cl\/"]}]},{"@type":"ImageObject","inLanguage":"es","@id":"https:\/\/www.winespiritscollection.com\/es\/producto\/vina-tondonia-vino-tinto-sexto-ano-anos-70-rioja-75-cl\/#primaryimage","url":"https:\/\/www.winespiritscollection.com\/wp-content\/uploads\/2025\/04\/P1190200-removebg-preview.png","contentUrl":"https:\/\/www.winespiritscollection.com\/wp-content\/uploads\/2025\/04\/P1190200-removebg-preview.png","width":375,"height":666},{"@type":"BreadcrumbList","@id":"https:\/\/www.winespiritscollection.com\/es\/producto\/vina-tondonia-vino-tinto-sexto-ano-anos-70-rioja-75-cl\/#breadcrumb","itemListElement":[{"@type":"ListItem","position":1,"name":"Portada","item":"https:\/\/www.winespiritscollection.com\/es\/"},{"@type":"ListItem","position":2,"name":"Tienda","item":"https:\/\/www.winespiritscollection.com\/es\/tienda-de-vinos-y-licores\/"},{"@type":"ListItem","position":3,"name":"Vi\u00f1a Tondonia . vino tinto . Sexto A\u00f1o. A\u00f1os 70. Rioja . 75 cl"}]},{"@type":"WebSite","@id":"https:\/\/www.winespiritscollection.com\/es\/#website","url":"https:\/\/www.winespiritscollection.com\/es\/","name":"Wine Spirits Collection","description":"","publisher":{"@id":"https:\/\/www.winespiritscollection.com\/es\/#organization"},"potentialAction":[{"@type":"SearchAction","target":{"@type":"EntryPoint","urlTemplate":"https:\/\/www.winespiritscollection.com\/es\/?s={search_term_string}"},"query-input":{"@type":"PropertyValueSpecification","valueRequired":true,"valueName":"search_term_string"}}],"inLanguage":"es"},{"@type":"Organization","@id":"https:\/\/www.winespiritscollection.com\/es\/#organization","name":"Wine Spirits Collection","url":"https:\/\/www.winespiritscollection.com\/es\/","logo":{"@type":"ImageObject","inLanguage":"es","@id":"https:\/\/www.winespiritscollection.com\/es\/#\/schema\/logo\/image\/","url":"https:\/\/www.winespiritscollection.com\/wp-content\/uploads\/2024\/03\/cropped-WINE_SPIRITS-LOGO-PRINCIPAL-NEGRE.png","contentUrl":"https:\/\/www.winespiritscollection.com\/wp-content\/uploads\/2024\/03\/cropped-WINE_SPIRITS-LOGO-PRINCIPAL-NEGRE.png","width":2098,"height":1368,"caption":"Wine Spirits Collection"},"image":{"@id":"https:\/\/www.winespiritscollection.com\/es\/#\/schema\/logo\/image\/"}}]}},"_links":{"self":[{"href":"https:\/\/www.winespiritscollection.com\/es\/wp-json\/wp\/v2\/product\/1884","targetHints":{"allow":["GET"]}}],"collection":[{"href":"https:\/\/www.winespiritscollection.com\/es\/wp-json\/wp\/v2\/product"}],"about":[{"href":"https:\/\/www.winespiritscollection.com\/es\/wp-json\/wp\/v2\/types\/product"}],"replies":[{"embeddable":true,"href":"https:\/\/www.winespiritscollection.com\/es\/wp-json\/wp\/v2\/comments?post=1884"}],"wp:featuredmedia":[{"embeddable":true,"href":"https:\/\/www.winespiritscollection.com\/es\/wp-json\/wp\/v2\/media\/1868"}],"wp:attachment":[{"href":"https:\/\/www.winespiritscollection.com\/es\/wp-json\/wp\/v2\/media?parent=1884"}],"wp:term":[{"taxonomy":"product_brand","embeddable":true,"href":"https:\/\/www.winespiritscollection.com\/es\/wp-json\/wp\/v2\/product_brand?post=1884"},{"taxonomy":"product_cat","embeddable":true,"href":"https:\/\/www.winespiritscollection.com\/es\/wp-json\/wp\/v2\/product_cat?post=1884"},{"taxonomy":"product_tag","embeddable":true,"href":"https:\/\/www.winespiritscollection.com\/es\/wp-json\/wp\/v2\/product_tag?post=1884"}],"curies":[{"name":"wp","href":"https:\/\/api.w.org\/{rel}","templated":true}]}}