{"id":1901,"date":"2025-04-10T12:40:56","date_gmt":"2025-04-10T10:40:56","guid":{"rendered":"https:\/\/www.winespiritscollection.com\/producto\/vina-tondonia-vino-tinto-centenary-bottle-1987-rioja-75cl\/"},"modified":"2025-04-10T12:40:56","modified_gmt":"2025-04-10T10:40:56","slug":"vina-tondonia-vino-tinto-centenary-bottle-1987-rioja-75cl","status":"publish","type":"product","link":"https:\/\/www.winespiritscollection.com\/es\/producto\/vina-tondonia-vino-tinto-centenary-bottle-1987-rioja-75cl\/","title":{"rendered":"Vi\u00f1a Tondonia vino tinto. centenary bottle.  1987. Rioja. 75cl"},"content":{"rendered":"<p>Vi\u00f1a Tondonia es un vi\u00f1edo emblem\u00e1tico de m\u00e1s de 100 hect\u00e1reas, ubicado en la ribera rural del r\u00edo Ebro, en la comarca de Haro, La Rioja. Fundado entre 1913 y 1914 por la bodega R. L\u00f3pez de Heredia, este vino ha sido uno de los m\u00e1s antiguos del mundo. Estos vinos centenarios de Vi\u00f1a Tondonia, elaborados con variedades como Tempranillo, Garnacha, Graciano y Mazuelo para tintos, y Viura y Malvas\u00eda para blancos, aportan una finura y una acidez natural que son clave para la larga duraci\u00f3n y el complemento perfecto de nuestros vinos. Nuestros productos son botellas vintage de colecci\u00f3n.   Se han conservado en una bodega, pero no podemos garantizar su consumo. Consumo responsable. S\u00f3lo apto para adultos.<\/p>\n","protected":false},"excerpt":{"rendered":"<p>Lanzamiento: 1977, para celebrar los 100 a\u00f1os de la bodega (fundada en 1877)<br \/>\nTipo: Tinto Gran Reserva<br \/>\nVariedades: Tempranillo, Garnacha, Mazuelo<br \/>\nCrianza: Crianza prolongada en roble y en botella (m\u00e1s de 10 a\u00f1os)<br \/>\nNotas: Muy elegante, con notas terciarias (cuero, tabaco, fruta madura)<\/p>\n","protected":false},"featured_media":1888,"comment_status":"closed","ping_status":"closed","template":"","meta":{"_acf_changed":false,"_glsr_average":0,"_glsr_ranking":0,"_glsr_reviews":0,"_joinchat":[]},"product_brand":[],"product_cat":[111],"product_tag":[],"class_list":{"0":"post-1901","1":"product","2":"type-product","3":"status-publish","4":"has-post-thumbnail","6":"product_cat-rioja-es","8":"first","9":"instock","10":"taxable","11":"shipping-taxable","12":"purchasable","13":"product-type-simple"},"acf":[],"yoast_head":"<!-- This site is optimized with the Yoast SEO plugin v27.2 - https:\/\/yoast.com\/product\/yoast-seo-wordpress\/ -->\n<title>Vi\u00f1a Tondonia vino tinto. centenary bottle. 1987. Rioja. 75cl - Wine Spirits Collection<\/title>\n<meta name=\"description\" content=\"Los grandes vinos de crianza, elaborados con variedades de cepas como Tempranillo y Viura, proceden de vi\u00f1as centenarias y envejecidos en barricas robustas.\" \/>\n<meta name=\"robots\" content=\"index, follow, max-snippet:-1, max-image-preview:large, max-video-preview:-1\" \/>\n<link rel=\"canonical\" href=\"https:\/\/www.winespiritscollection.com\/es\/producto\/vina-tondonia-vino-tinto-centenary-bottle-1987-rioja-75cl\/\" \/>\n<meta property=\"og:locale\" content=\"es_ES\" \/>\n<meta property=\"og:type\" content=\"article\" \/>\n<meta property=\"og:title\" content=\"Vi\u00f1a Tondonia vino tinto. centenary bottle. 1987. Rioja. 75cl - Wine Spirits Collection\" \/>\n<meta property=\"og:description\" content=\"Los grandes vinos de crianza, elaborados con variedades de cepas como Tempranillo y Viura, proceden de vi\u00f1as centenarias y envejecidos en barricas robustas.\" \/>\n<meta property=\"og:url\" content=\"https:\/\/www.winespiritscollection.com\/es\/producto\/vina-tondonia-vino-tinto-centenary-bottle-1987-rioja-75cl\/\" \/>\n<meta property=\"og:site_name\" content=\"Wine Spirits Collection\" \/>\n<meta property=\"og:image\" content=\"https:\/\/www.winespiritscollection.com\/wp-content\/uploads\/2025\/04\/P1190206-removebg-preview.png\" \/>\n\t<meta property=\"og:image:width\" content=\"375\" \/>\n\t<meta property=\"og:image:height\" content=\"666\" \/>\n\t<meta property=\"og:image:type\" content=\"image\/png\" \/>\n<meta name=\"twitter:card\" content=\"summary_large_image\" \/>\n<meta name=\"twitter:label1\" content=\"Tiempo de lectura\" \/>\n\t<meta name=\"twitter:data1\" content=\"1 minuto\" \/>\n<script type=\"application\/ld+json\" class=\"yoast-schema-graph\">{\"@context\":\"https:\/\/schema.org\",\"@graph\":[{\"@type\":\"WebPage\",\"@id\":\"https:\/\/www.winespiritscollection.com\/es\/producto\/vina-tondonia-vino-tinto-centenary-bottle-1987-rioja-75cl\/\",\"url\":\"https:\/\/www.winespiritscollection.com\/es\/producto\/vina-tondonia-vino-tinto-centenary-bottle-1987-rioja-75cl\/\",\"name\":\"Vi\u00f1a Tondonia vino tinto. centenary bottle. 1987. Rioja. 75cl - Wine Spirits Collection\",\"isPartOf\":{\"@id\":\"https:\/\/www.winespiritscollection.com\/es\/#website\"},\"primaryImageOfPage\":{\"@id\":\"https:\/\/www.winespiritscollection.com\/es\/producto\/vina-tondonia-vino-tinto-centenary-bottle-1987-rioja-75cl\/#primaryimage\"},\"image\":{\"@id\":\"https:\/\/www.winespiritscollection.com\/es\/producto\/vina-tondonia-vino-tinto-centenary-bottle-1987-rioja-75cl\/#primaryimage\"},\"thumbnailUrl\":\"https:\/\/www.winespiritscollection.com\/wp-content\/uploads\/2025\/04\/P1190206-removebg-preview.png\",\"datePublished\":\"2025-04-10T10:40:56+00:00\",\"description\":\"Los grandes vinos de crianza, elaborados con variedades de cepas como Tempranillo y Viura, proceden de vi\u00f1as centenarias y envejecidos en barricas robustas.\",\"breadcrumb\":{\"@id\":\"https:\/\/www.winespiritscollection.com\/es\/producto\/vina-tondonia-vino-tinto-centenary-bottle-1987-rioja-75cl\/#breadcrumb\"},\"inLanguage\":\"es\",\"potentialAction\":[{\"@type\":\"ReadAction\",\"target\":[\"https:\/\/www.winespiritscollection.com\/es\/producto\/vina-tondonia-vino-tinto-centenary-bottle-1987-rioja-75cl\/\"]}]},{\"@type\":\"ImageObject\",\"inLanguage\":\"es\",\"@id\":\"https:\/\/www.winespiritscollection.com\/es\/producto\/vina-tondonia-vino-tinto-centenary-bottle-1987-rioja-75cl\/#primaryimage\",\"url\":\"https:\/\/www.winespiritscollection.com\/wp-content\/uploads\/2025\/04\/P1190206-removebg-preview.png\",\"contentUrl\":\"https:\/\/www.winespiritscollection.com\/wp-content\/uploads\/2025\/04\/P1190206-removebg-preview.png\",\"width\":375,\"height\":666},{\"@type\":\"BreadcrumbList\",\"@id\":\"https:\/\/www.winespiritscollection.com\/es\/producto\/vina-tondonia-vino-tinto-centenary-bottle-1987-rioja-75cl\/#breadcrumb\",\"itemListElement\":[{\"@type\":\"ListItem\",\"position\":1,\"name\":\"Portada\",\"item\":\"https:\/\/www.winespiritscollection.com\/es\/\"},{\"@type\":\"ListItem\",\"position\":2,\"name\":\"Tienda\",\"item\":\"https:\/\/www.winespiritscollection.com\/es\/tienda-de-vinos-y-licores\/\"},{\"@type\":\"ListItem\",\"position\":3,\"name\":\"Vi\u00f1a Tondonia vino tinto. centenary bottle. 1987. Rioja. 75cl\"}]},{\"@type\":\"WebSite\",\"@id\":\"https:\/\/www.winespiritscollection.com\/es\/#website\",\"url\":\"https:\/\/www.winespiritscollection.com\/es\/\",\"name\":\"Wine Spirits Collection\",\"description\":\"\",\"publisher\":{\"@id\":\"https:\/\/www.winespiritscollection.com\/es\/#organization\"},\"potentialAction\":[{\"@type\":\"SearchAction\",\"target\":{\"@type\":\"EntryPoint\",\"urlTemplate\":\"https:\/\/www.winespiritscollection.com\/es\/?s={search_term_string}\"},\"query-input\":{\"@type\":\"PropertyValueSpecification\",\"valueRequired\":true,\"valueName\":\"search_term_string\"}}],\"inLanguage\":\"es\"},{\"@type\":\"Organization\",\"@id\":\"https:\/\/www.winespiritscollection.com\/es\/#organization\",\"name\":\"Wine Spirits Collection\",\"url\":\"https:\/\/www.winespiritscollection.com\/es\/\",\"logo\":{\"@type\":\"ImageObject\",\"inLanguage\":\"es\",\"@id\":\"https:\/\/www.winespiritscollection.com\/es\/#\/schema\/logo\/image\/\",\"url\":\"https:\/\/www.winespiritscollection.com\/wp-content\/uploads\/2024\/03\/cropped-WINE_SPIRITS-LOGO-PRINCIPAL-NEGRE.png\",\"contentUrl\":\"https:\/\/www.winespiritscollection.com\/wp-content\/uploads\/2024\/03\/cropped-WINE_SPIRITS-LOGO-PRINCIPAL-NEGRE.png\",\"width\":2098,\"height\":1368,\"caption\":\"Wine Spirits Collection\"},\"image\":{\"@id\":\"https:\/\/www.winespiritscollection.com\/es\/#\/schema\/logo\/image\/\"}}]}<\/script>\n<!-- \/ Yoast SEO plugin. -->","yoast_head_json":{"title":"Vi\u00f1a Tondonia vino tinto. centenary bottle. 1987. Rioja. 75cl - Wine Spirits Collection","description":"Los grandes vinos de crianza, elaborados con variedades de cepas como Tempranillo y Viura, proceden de vi\u00f1as centenarias y envejecidos en barricas robustas.","robots":{"index":"index","follow":"follow","max-snippet":"max-snippet:-1","max-image-preview":"max-image-preview:large","max-video-preview":"max-video-preview:-1"},"canonical":"https:\/\/www.winespiritscollection.com\/es\/producto\/vina-tondonia-vino-tinto-centenary-bottle-1987-rioja-75cl\/","og_locale":"es_ES","og_type":"article","og_title":"Vi\u00f1a Tondonia vino tinto. centenary bottle. 1987. Rioja. 75cl - Wine Spirits Collection","og_description":"Los grandes vinos de crianza, elaborados con variedades de cepas como Tempranillo y Viura, proceden de vi\u00f1as centenarias y envejecidos en barricas robustas.","og_url":"https:\/\/www.winespiritscollection.com\/es\/producto\/vina-tondonia-vino-tinto-centenary-bottle-1987-rioja-75cl\/","og_site_name":"Wine Spirits Collection","og_image":[{"width":375,"height":666,"url":"https:\/\/www.winespiritscollection.com\/wp-content\/uploads\/2025\/04\/P1190206-removebg-preview.png","type":"image\/png"}],"twitter_card":"summary_large_image","twitter_misc":{"Tiempo de lectura":"1 minuto"},"schema":{"@context":"https:\/\/schema.org","@graph":[{"@type":"WebPage","@id":"https:\/\/www.winespiritscollection.com\/es\/producto\/vina-tondonia-vino-tinto-centenary-bottle-1987-rioja-75cl\/","url":"https:\/\/www.winespiritscollection.com\/es\/producto\/vina-tondonia-vino-tinto-centenary-bottle-1987-rioja-75cl\/","name":"Vi\u00f1a Tondonia vino tinto. centenary bottle. 1987. Rioja. 75cl - Wine Spirits Collection","isPartOf":{"@id":"https:\/\/www.winespiritscollection.com\/es\/#website"},"primaryImageOfPage":{"@id":"https:\/\/www.winespiritscollection.com\/es\/producto\/vina-tondonia-vino-tinto-centenary-bottle-1987-rioja-75cl\/#primaryimage"},"image":{"@id":"https:\/\/www.winespiritscollection.com\/es\/producto\/vina-tondonia-vino-tinto-centenary-bottle-1987-rioja-75cl\/#primaryimage"},"thumbnailUrl":"https:\/\/www.winespiritscollection.com\/wp-content\/uploads\/2025\/04\/P1190206-removebg-preview.png","datePublished":"2025-04-10T10:40:56+00:00","description":"Los grandes vinos de crianza, elaborados con variedades de cepas como Tempranillo y Viura, proceden de vi\u00f1as centenarias y envejecidos en barricas robustas.","breadcrumb":{"@id":"https:\/\/www.winespiritscollection.com\/es\/producto\/vina-tondonia-vino-tinto-centenary-bottle-1987-rioja-75cl\/#breadcrumb"},"inLanguage":"es","potentialAction":[{"@type":"ReadAction","target":["https:\/\/www.winespiritscollection.com\/es\/producto\/vina-tondonia-vino-tinto-centenary-bottle-1987-rioja-75cl\/"]}]},{"@type":"ImageObject","inLanguage":"es","@id":"https:\/\/www.winespiritscollection.com\/es\/producto\/vina-tondonia-vino-tinto-centenary-bottle-1987-rioja-75cl\/#primaryimage","url":"https:\/\/www.winespiritscollection.com\/wp-content\/uploads\/2025\/04\/P1190206-removebg-preview.png","contentUrl":"https:\/\/www.winespiritscollection.com\/wp-content\/uploads\/2025\/04\/P1190206-removebg-preview.png","width":375,"height":666},{"@type":"BreadcrumbList","@id":"https:\/\/www.winespiritscollection.com\/es\/producto\/vina-tondonia-vino-tinto-centenary-bottle-1987-rioja-75cl\/#breadcrumb","itemListElement":[{"@type":"ListItem","position":1,"name":"Portada","item":"https:\/\/www.winespiritscollection.com\/es\/"},{"@type":"ListItem","position":2,"name":"Tienda","item":"https:\/\/www.winespiritscollection.com\/es\/tienda-de-vinos-y-licores\/"},{"@type":"ListItem","position":3,"name":"Vi\u00f1a Tondonia vino tinto. centenary bottle. 1987. Rioja. 75cl"}]},{"@type":"WebSite","@id":"https:\/\/www.winespiritscollection.com\/es\/#website","url":"https:\/\/www.winespiritscollection.com\/es\/","name":"Wine Spirits Collection","description":"","publisher":{"@id":"https:\/\/www.winespiritscollection.com\/es\/#organization"},"potentialAction":[{"@type":"SearchAction","target":{"@type":"EntryPoint","urlTemplate":"https:\/\/www.winespiritscollection.com\/es\/?s={search_term_string}"},"query-input":{"@type":"PropertyValueSpecification","valueRequired":true,"valueName":"search_term_string"}}],"inLanguage":"es"},{"@type":"Organization","@id":"https:\/\/www.winespiritscollection.com\/es\/#organization","name":"Wine Spirits Collection","url":"https:\/\/www.winespiritscollection.com\/es\/","logo":{"@type":"ImageObject","inLanguage":"es","@id":"https:\/\/www.winespiritscollection.com\/es\/#\/schema\/logo\/image\/","url":"https:\/\/www.winespiritscollection.com\/wp-content\/uploads\/2024\/03\/cropped-WINE_SPIRITS-LOGO-PRINCIPAL-NEGRE.png","contentUrl":"https:\/\/www.winespiritscollection.com\/wp-content\/uploads\/2024\/03\/cropped-WINE_SPIRITS-LOGO-PRINCIPAL-NEGRE.png","width":2098,"height":1368,"caption":"Wine Spirits Collection"},"image":{"@id":"https:\/\/www.winespiritscollection.com\/es\/#\/schema\/logo\/image\/"}}]}},"_links":{"self":[{"href":"https:\/\/www.winespiritscollection.com\/es\/wp-json\/wp\/v2\/product\/1901","targetHints":{"allow":["GET"]}}],"collection":[{"href":"https:\/\/www.winespiritscollection.com\/es\/wp-json\/wp\/v2\/product"}],"about":[{"href":"https:\/\/www.winespiritscollection.com\/es\/wp-json\/wp\/v2\/types\/product"}],"replies":[{"embeddable":true,"href":"https:\/\/www.winespiritscollection.com\/es\/wp-json\/wp\/v2\/comments?post=1901"}],"wp:featuredmedia":[{"embeddable":true,"href":"https:\/\/www.winespiritscollection.com\/es\/wp-json\/wp\/v2\/media\/1888"}],"wp:attachment":[{"href":"https:\/\/www.winespiritscollection.com\/es\/wp-json\/wp\/v2\/media?parent=1901"}],"wp:term":[{"taxonomy":"product_brand","embeddable":true,"href":"https:\/\/www.winespiritscollection.com\/es\/wp-json\/wp\/v2\/product_brand?post=1901"},{"taxonomy":"product_cat","embeddable":true,"href":"https:\/\/www.winespiritscollection.com\/es\/wp-json\/wp\/v2\/product_cat?post=1901"},{"taxonomy":"product_tag","embeddable":true,"href":"https:\/\/www.winespiritscollection.com\/es\/wp-json\/wp\/v2\/product_tag?post=1901"}],"curies":[{"name":"wp","href":"https:\/\/api.w.org\/{rel}","templated":true}]}}