{"id":2000,"date":"2025-04-10T14:00:57","date_gmt":"2025-04-10T12:00:57","guid":{"rendered":"https:\/\/www.winespiritscollection.com\/producto\/vino-tinto-vina-tondonia-reserva-1987-rioja-75cl\/"},"modified":"2025-04-10T14:00:57","modified_gmt":"2025-04-10T12:00:57","slug":"vino-tinto-vina-tondonia-reserva-1987-rioja-75cl","status":"publish","type":"product","link":"https:\/\/www.winespiritscollection.com\/es\/producto\/vino-tinto-vina-tondonia-reserva-1987-rioja-75cl\/","title":{"rendered":"Vino tinto vi\u00f1a tondonia. Reserva 1987. Rioja 75cl."},"content":{"rendered":"<p>Vi\u00f1a Tondonia 1987. Reserva es uno de los grandes cl\u00e1sicos de La Rioja, elaborado por la prestigiosa bodega L\u00f3pez de Heredia. Con m\u00e1s de 30 a\u00f1os de evoluci\u00f3n, este vino muestra una armon\u00eda excepcional: notas terciarias de cuero, especias y frutos secos se entrelazan con una acidez viva y taninos ricos. Una joya enol\u00f3gica para coleccionistas y amantes de los vinos con alma e historia. Nuestros productos son botellas vintage de colecci\u00f3n. Han permanecido en bodega, pero no podemos garantizar su consumo. Consumo responsable. Solo apto para adultos.       <\/p>\n","protected":false},"excerpt":{"rendered":"<p>Bodega: R. L\u00f3pez de Heredia Vi\u00f1a Tondonia<br \/>\nDenominaci\u00f3n de Origen: DOCa Rioja, Espa\u00f1a<br \/>\nA\u00f1ada: 1987<br \/>\nTipo de vino: Tinto Gran Reserva<br \/>\nVariedades de uva: Tempranillo (aprox. 75%), Garnacha, Graciano y Mazuelo<br \/>\nCrianza: En barricas de roble americano durante 6 a\u00f1os<br \/>\nRefinado en botella durante d\u00e9cadas<br \/>\nGrado alcoh\u00f3lico: ~12,5 % vol.<\/p>\n","protected":false},"featured_media":1987,"comment_status":"closed","ping_status":"closed","template":"","meta":{"_acf_changed":false,"_glsr_average":0,"_glsr_ranking":0,"_glsr_reviews":0,"_joinchat":[]},"product_brand":[],"product_cat":[111],"product_tag":[],"class_list":{"0":"post-2000","1":"product","2":"type-product","3":"status-publish","4":"has-post-thumbnail","6":"product_cat-rioja-es","8":"first","9":"outofstock","10":"taxable","11":"shipping-taxable","12":"purchasable","13":"product-type-simple"},"acf":[],"yoast_head":"<!-- This site is optimized with the Yoast SEO plugin v27.2 - https:\/\/yoast.com\/product\/yoast-seo-wordpress\/ -->\n<title>Vino tinto vi\u00f1a tondonia. Reserva 1987. Rioja 75cl. - Wine Spirits Collection<\/title>\n<meta name=\"description\" content=\"Vi\u00f1a Tondonia 1987, un cl\u00e1sico Gran Reserva de Rioja, destaca por su elegancia atemporal. Aromas complejos, notas de fruta madura y cuero.\" \/>\n<meta name=\"robots\" content=\"index, follow, max-snippet:-1, max-image-preview:large, max-video-preview:-1\" \/>\n<link rel=\"canonical\" href=\"https:\/\/www.winespiritscollection.com\/es\/producto\/vino-tinto-vina-tondonia-reserva-1987-rioja-75cl\/\" \/>\n<meta property=\"og:locale\" content=\"es_ES\" \/>\n<meta property=\"og:type\" content=\"article\" \/>\n<meta property=\"og:title\" content=\"Vino tinto vi\u00f1a tondonia. Reserva 1987. Rioja 75cl. - Wine Spirits Collection\" \/>\n<meta property=\"og:description\" content=\"Vi\u00f1a Tondonia 1987, un cl\u00e1sico Gran Reserva de Rioja, destaca por su elegancia atemporal. Aromas complejos, notas de fruta madura y cuero.\" \/>\n<meta property=\"og:url\" content=\"https:\/\/www.winespiritscollection.com\/es\/producto\/vino-tinto-vina-tondonia-reserva-1987-rioja-75cl\/\" \/>\n<meta property=\"og:site_name\" content=\"Wine Spirits Collection\" \/>\n<meta property=\"og:image\" content=\"https:\/\/www.winespiritscollection.com\/wp-content\/uploads\/2025\/04\/P1190226-removebg-preview.png\" \/>\n\t<meta property=\"og:image:width\" content=\"375\" \/>\n\t<meta property=\"og:image:height\" content=\"666\" \/>\n\t<meta property=\"og:image:type\" content=\"image\/png\" \/>\n<meta name=\"twitter:card\" content=\"summary_large_image\" \/>\n<script type=\"application\/ld+json\" class=\"yoast-schema-graph\">{\"@context\":\"https:\/\/schema.org\",\"@graph\":[{\"@type\":\"WebPage\",\"@id\":\"https:\/\/www.winespiritscollection.com\/es\/producto\/vino-tinto-vina-tondonia-reserva-1987-rioja-75cl\/\",\"url\":\"https:\/\/www.winespiritscollection.com\/es\/producto\/vino-tinto-vina-tondonia-reserva-1987-rioja-75cl\/\",\"name\":\"Vino tinto vi\u00f1a tondonia. Reserva 1987. Rioja 75cl. - Wine Spirits Collection\",\"isPartOf\":{\"@id\":\"https:\/\/www.winespiritscollection.com\/es\/#website\"},\"primaryImageOfPage\":{\"@id\":\"https:\/\/www.winespiritscollection.com\/es\/producto\/vino-tinto-vina-tondonia-reserva-1987-rioja-75cl\/#primaryimage\"},\"image\":{\"@id\":\"https:\/\/www.winespiritscollection.com\/es\/producto\/vino-tinto-vina-tondonia-reserva-1987-rioja-75cl\/#primaryimage\"},\"thumbnailUrl\":\"https:\/\/www.winespiritscollection.com\/wp-content\/uploads\/2025\/04\/P1190226-removebg-preview.png\",\"datePublished\":\"2025-04-10T12:00:57+00:00\",\"description\":\"Vi\u00f1a Tondonia 1987, un cl\u00e1sico Gran Reserva de Rioja, destaca por su elegancia atemporal. Aromas complejos, notas de fruta madura y cuero.\",\"breadcrumb\":{\"@id\":\"https:\/\/www.winespiritscollection.com\/es\/producto\/vino-tinto-vina-tondonia-reserva-1987-rioja-75cl\/#breadcrumb\"},\"inLanguage\":\"es\",\"potentialAction\":[{\"@type\":\"ReadAction\",\"target\":[\"https:\/\/www.winespiritscollection.com\/es\/producto\/vino-tinto-vina-tondonia-reserva-1987-rioja-75cl\/\"]}]},{\"@type\":\"ImageObject\",\"inLanguage\":\"es\",\"@id\":\"https:\/\/www.winespiritscollection.com\/es\/producto\/vino-tinto-vina-tondonia-reserva-1987-rioja-75cl\/#primaryimage\",\"url\":\"https:\/\/www.winespiritscollection.com\/wp-content\/uploads\/2025\/04\/P1190226-removebg-preview.png\",\"contentUrl\":\"https:\/\/www.winespiritscollection.com\/wp-content\/uploads\/2025\/04\/P1190226-removebg-preview.png\",\"width\":375,\"height\":666},{\"@type\":\"BreadcrumbList\",\"@id\":\"https:\/\/www.winespiritscollection.com\/es\/producto\/vino-tinto-vina-tondonia-reserva-1987-rioja-75cl\/#breadcrumb\",\"itemListElement\":[{\"@type\":\"ListItem\",\"position\":1,\"name\":\"Portada\",\"item\":\"https:\/\/www.winespiritscollection.com\/es\/\"},{\"@type\":\"ListItem\",\"position\":2,\"name\":\"Tienda\",\"item\":\"https:\/\/www.winespiritscollection.com\/es\/tienda-de-vinos-y-licores\/\"},{\"@type\":\"ListItem\",\"position\":3,\"name\":\"Vino tinto vi\u00f1a tondonia. Reserva 1987. Rioja 75cl.\"}]},{\"@type\":\"WebSite\",\"@id\":\"https:\/\/www.winespiritscollection.com\/es\/#website\",\"url\":\"https:\/\/www.winespiritscollection.com\/es\/\",\"name\":\"Wine Spirits Collection\",\"description\":\"\",\"publisher\":{\"@id\":\"https:\/\/www.winespiritscollection.com\/es\/#organization\"},\"potentialAction\":[{\"@type\":\"SearchAction\",\"target\":{\"@type\":\"EntryPoint\",\"urlTemplate\":\"https:\/\/www.winespiritscollection.com\/es\/?s={search_term_string}\"},\"query-input\":{\"@type\":\"PropertyValueSpecification\",\"valueRequired\":true,\"valueName\":\"search_term_string\"}}],\"inLanguage\":\"es\"},{\"@type\":\"Organization\",\"@id\":\"https:\/\/www.winespiritscollection.com\/es\/#organization\",\"name\":\"Wine Spirits Collection\",\"url\":\"https:\/\/www.winespiritscollection.com\/es\/\",\"logo\":{\"@type\":\"ImageObject\",\"inLanguage\":\"es\",\"@id\":\"https:\/\/www.winespiritscollection.com\/es\/#\/schema\/logo\/image\/\",\"url\":\"https:\/\/www.winespiritscollection.com\/wp-content\/uploads\/2024\/03\/cropped-WINE_SPIRITS-LOGO-PRINCIPAL-NEGRE.png\",\"contentUrl\":\"https:\/\/www.winespiritscollection.com\/wp-content\/uploads\/2024\/03\/cropped-WINE_SPIRITS-LOGO-PRINCIPAL-NEGRE.png\",\"width\":2098,\"height\":1368,\"caption\":\"Wine Spirits Collection\"},\"image\":{\"@id\":\"https:\/\/www.winespiritscollection.com\/es\/#\/schema\/logo\/image\/\"}}]}<\/script>\n<!-- \/ Yoast SEO plugin. -->","yoast_head_json":{"title":"Vino tinto vi\u00f1a tondonia. Reserva 1987. Rioja 75cl. - Wine Spirits Collection","description":"Vi\u00f1a Tondonia 1987, un cl\u00e1sico Gran Reserva de Rioja, destaca por su elegancia atemporal. Aromas complejos, notas de fruta madura y cuero.","robots":{"index":"index","follow":"follow","max-snippet":"max-snippet:-1","max-image-preview":"max-image-preview:large","max-video-preview":"max-video-preview:-1"},"canonical":"https:\/\/www.winespiritscollection.com\/es\/producto\/vino-tinto-vina-tondonia-reserva-1987-rioja-75cl\/","og_locale":"es_ES","og_type":"article","og_title":"Vino tinto vi\u00f1a tondonia. Reserva 1987. Rioja 75cl. - Wine Spirits Collection","og_description":"Vi\u00f1a Tondonia 1987, un cl\u00e1sico Gran Reserva de Rioja, destaca por su elegancia atemporal. Aromas complejos, notas de fruta madura y cuero.","og_url":"https:\/\/www.winespiritscollection.com\/es\/producto\/vino-tinto-vina-tondonia-reserva-1987-rioja-75cl\/","og_site_name":"Wine Spirits Collection","og_image":[{"width":375,"height":666,"url":"https:\/\/www.winespiritscollection.com\/wp-content\/uploads\/2025\/04\/P1190226-removebg-preview.png","type":"image\/png"}],"twitter_card":"summary_large_image","schema":{"@context":"https:\/\/schema.org","@graph":[{"@type":"WebPage","@id":"https:\/\/www.winespiritscollection.com\/es\/producto\/vino-tinto-vina-tondonia-reserva-1987-rioja-75cl\/","url":"https:\/\/www.winespiritscollection.com\/es\/producto\/vino-tinto-vina-tondonia-reserva-1987-rioja-75cl\/","name":"Vino tinto vi\u00f1a tondonia. Reserva 1987. Rioja 75cl. - Wine Spirits Collection","isPartOf":{"@id":"https:\/\/www.winespiritscollection.com\/es\/#website"},"primaryImageOfPage":{"@id":"https:\/\/www.winespiritscollection.com\/es\/producto\/vino-tinto-vina-tondonia-reserva-1987-rioja-75cl\/#primaryimage"},"image":{"@id":"https:\/\/www.winespiritscollection.com\/es\/producto\/vino-tinto-vina-tondonia-reserva-1987-rioja-75cl\/#primaryimage"},"thumbnailUrl":"https:\/\/www.winespiritscollection.com\/wp-content\/uploads\/2025\/04\/P1190226-removebg-preview.png","datePublished":"2025-04-10T12:00:57+00:00","description":"Vi\u00f1a Tondonia 1987, un cl\u00e1sico Gran Reserva de Rioja, destaca por su elegancia atemporal. Aromas complejos, notas de fruta madura y cuero.","breadcrumb":{"@id":"https:\/\/www.winespiritscollection.com\/es\/producto\/vino-tinto-vina-tondonia-reserva-1987-rioja-75cl\/#breadcrumb"},"inLanguage":"es","potentialAction":[{"@type":"ReadAction","target":["https:\/\/www.winespiritscollection.com\/es\/producto\/vino-tinto-vina-tondonia-reserva-1987-rioja-75cl\/"]}]},{"@type":"ImageObject","inLanguage":"es","@id":"https:\/\/www.winespiritscollection.com\/es\/producto\/vino-tinto-vina-tondonia-reserva-1987-rioja-75cl\/#primaryimage","url":"https:\/\/www.winespiritscollection.com\/wp-content\/uploads\/2025\/04\/P1190226-removebg-preview.png","contentUrl":"https:\/\/www.winespiritscollection.com\/wp-content\/uploads\/2025\/04\/P1190226-removebg-preview.png","width":375,"height":666},{"@type":"BreadcrumbList","@id":"https:\/\/www.winespiritscollection.com\/es\/producto\/vino-tinto-vina-tondonia-reserva-1987-rioja-75cl\/#breadcrumb","itemListElement":[{"@type":"ListItem","position":1,"name":"Portada","item":"https:\/\/www.winespiritscollection.com\/es\/"},{"@type":"ListItem","position":2,"name":"Tienda","item":"https:\/\/www.winespiritscollection.com\/es\/tienda-de-vinos-y-licores\/"},{"@type":"ListItem","position":3,"name":"Vino tinto vi\u00f1a tondonia. Reserva 1987. Rioja 75cl."}]},{"@type":"WebSite","@id":"https:\/\/www.winespiritscollection.com\/es\/#website","url":"https:\/\/www.winespiritscollection.com\/es\/","name":"Wine Spirits Collection","description":"","publisher":{"@id":"https:\/\/www.winespiritscollection.com\/es\/#organization"},"potentialAction":[{"@type":"SearchAction","target":{"@type":"EntryPoint","urlTemplate":"https:\/\/www.winespiritscollection.com\/es\/?s={search_term_string}"},"query-input":{"@type":"PropertyValueSpecification","valueRequired":true,"valueName":"search_term_string"}}],"inLanguage":"es"},{"@type":"Organization","@id":"https:\/\/www.winespiritscollection.com\/es\/#organization","name":"Wine Spirits Collection","url":"https:\/\/www.winespiritscollection.com\/es\/","logo":{"@type":"ImageObject","inLanguage":"es","@id":"https:\/\/www.winespiritscollection.com\/es\/#\/schema\/logo\/image\/","url":"https:\/\/www.winespiritscollection.com\/wp-content\/uploads\/2024\/03\/cropped-WINE_SPIRITS-LOGO-PRINCIPAL-NEGRE.png","contentUrl":"https:\/\/www.winespiritscollection.com\/wp-content\/uploads\/2024\/03\/cropped-WINE_SPIRITS-LOGO-PRINCIPAL-NEGRE.png","width":2098,"height":1368,"caption":"Wine Spirits Collection"},"image":{"@id":"https:\/\/www.winespiritscollection.com\/es\/#\/schema\/logo\/image\/"}}]}},"_links":{"self":[{"href":"https:\/\/www.winespiritscollection.com\/es\/wp-json\/wp\/v2\/product\/2000","targetHints":{"allow":["GET"]}}],"collection":[{"href":"https:\/\/www.winespiritscollection.com\/es\/wp-json\/wp\/v2\/product"}],"about":[{"href":"https:\/\/www.winespiritscollection.com\/es\/wp-json\/wp\/v2\/types\/product"}],"replies":[{"embeddable":true,"href":"https:\/\/www.winespiritscollection.com\/es\/wp-json\/wp\/v2\/comments?post=2000"}],"wp:featuredmedia":[{"embeddable":true,"href":"https:\/\/www.winespiritscollection.com\/es\/wp-json\/wp\/v2\/media\/1987"}],"wp:attachment":[{"href":"https:\/\/www.winespiritscollection.com\/es\/wp-json\/wp\/v2\/media?parent=2000"}],"wp:term":[{"taxonomy":"product_brand","embeddable":true,"href":"https:\/\/www.winespiritscollection.com\/es\/wp-json\/wp\/v2\/product_brand?post=2000"},{"taxonomy":"product_cat","embeddable":true,"href":"https:\/\/www.winespiritscollection.com\/es\/wp-json\/wp\/v2\/product_cat?post=2000"},{"taxonomy":"product_tag","embeddable":true,"href":"https:\/\/www.winespiritscollection.com\/es\/wp-json\/wp\/v2\/product_tag?post=2000"}],"curies":[{"name":"wp","href":"https:\/\/api.w.org\/{rel}","templated":true}]}}