{"id":2041,"date":"2025-04-29T15:04:28","date_gmt":"2025-04-29T13:04:28","guid":{"rendered":"https:\/\/www.winespiritscollection.com\/producto\/palacio-especial-vin-rouge-reserva-2000-rioja-75cl\/"},"modified":"2025-04-29T15:04:28","modified_gmt":"2025-04-29T13:04:28","slug":"palacio-especial-vin-rouge-reserva-2000-rioja-75cl","status":"publish","type":"product","link":"https:\/\/www.winespiritscollection.com\/es\/producto\/palacio-especial-vin-rouge-reserva-2000-rioja-75cl\/","title":{"rendered":"Palacio Especial vin rouge Reserva 2000 Rioja 75cl."},"content":{"rendered":"<p>Este elegante vino tinto representa la expresi\u00f3n cl\u00e1sica de Rioja, cuidadosamente elaborado a partir de uvas Tempranillo seleccionadas y envejecido pacientemente durante m\u00e1s de tres a\u00f1os en barricas de roble, seguido de un largo refinamiento en botella. Nuestros nuevos productos son botellas de colecci\u00f3n vintage. Si lo conservas en una bodega no puedes garantizar su consumo. Consumo responsable. S\u00f3lo apto para adultos.    <\/p>\n","protected":false},"excerpt":{"rendered":"<p>Nombre: Bodega Especial Reserva Rioja 2000<br \/>\nDenominaci\u00f3n de Origen: D.O.Ca. la Rioja<br \/>\nTipo de vino: Tinto Reserva<br \/>\nA\u00f1o de cosecha: 2000<br \/>\nVariedad de uva: principalmente Tempranillo<br \/>\nCrianza: M\u00ednimo 36 meses en barrica de roble y botella.<br \/>\nContenido de alcohol: ~13-14% vol.<br \/>\nNotas de Cata: Color: Rojo rub\u00ed con reflejos teja, signo de envejecimiento.<br \/>\nNariz: Aromas complejos de fruta madura, cuero, vainilla, tabaco y especias.<br \/>\nPaladar: Equilibrado, con taninos suaves, acidez bien integrada y un final persistente.<br \/>\nMaridaje recomendado: Carnes rojas, caza, quesos curados, guisos tradicionales.<br \/>\nTemperatura de servicio: 17\u201318 \u00b0C <\/p>\n","protected":false},"featured_media":2028,"comment_status":"closed","ping_status":"closed","template":"","meta":{"_acf_changed":false,"_glsr_average":0,"_glsr_ranking":0,"_glsr_reviews":0,"_joinchat":[]},"product_brand":[],"product_cat":[111],"product_tag":[],"class_list":{"0":"post-2041","1":"product","2":"type-product","3":"status-publish","4":"has-post-thumbnail","6":"product_cat-rioja-es","8":"first","9":"instock","10":"taxable","11":"shipping-taxable","12":"purchasable","13":"product-type-simple"},"acf":[],"yoast_head":"<!-- This site is optimized with the Yoast SEO plugin v27.2 - https:\/\/yoast.com\/product\/yoast-seo-wordpress\/ -->\n<title>Palacio Especial vin rouge Reserva 2000 Rioja 75cl. - Wine Spirits Collection<\/title>\n<meta name=\"description\" content=\"Un vino tinto elegante y con crianza, con notas de fruta madura, roble y especias.&quot;Bodega Especial Reserva Rioja 2000 Vino: Un vino tinto elegante y con crianza, con notas de fruta madura.\" \/>\n<meta name=\"robots\" content=\"index, follow, max-snippet:-1, max-image-preview:large, max-video-preview:-1\" \/>\n<link rel=\"canonical\" href=\"https:\/\/www.winespiritscollection.com\/es\/producto\/palacio-especial-vin-rouge-reserva-2000-rioja-75cl\/\" \/>\n<meta property=\"og:locale\" content=\"es_ES\" \/>\n<meta property=\"og:type\" content=\"article\" \/>\n<meta property=\"og:title\" content=\"Palacio Especial vin rouge Reserva 2000 Rioja 75cl. - Wine Spirits Collection\" \/>\n<meta property=\"og:description\" content=\"Un vino tinto elegante y con crianza, con notas de fruta madura, roble y especias.&quot;Bodega Especial Reserva Rioja 2000 Vino: Un vino tinto elegante y con crianza, con notas de fruta madura.\" \/>\n<meta property=\"og:url\" content=\"https:\/\/www.winespiritscollection.com\/es\/producto\/palacio-especial-vin-rouge-reserva-2000-rioja-75cl\/\" \/>\n<meta property=\"og:site_name\" content=\"Wine Spirits Collection\" \/>\n<meta property=\"og:image\" content=\"https:\/\/www.winespiritscollection.com\/wp-content\/uploads\/2025\/04\/P1190240-removebg-preview.png\" \/>\n\t<meta property=\"og:image:width\" content=\"375\" \/>\n\t<meta property=\"og:image:height\" content=\"666\" \/>\n\t<meta property=\"og:image:type\" content=\"image\/png\" \/>\n<meta name=\"twitter:card\" content=\"summary_large_image\" \/>\n<script type=\"application\/ld+json\" class=\"yoast-schema-graph\">{\"@context\":\"https:\/\/schema.org\",\"@graph\":[{\"@type\":\"WebPage\",\"@id\":\"https:\/\/www.winespiritscollection.com\/es\/producto\/palacio-especial-vin-rouge-reserva-2000-rioja-75cl\/\",\"url\":\"https:\/\/www.winespiritscollection.com\/es\/producto\/palacio-especial-vin-rouge-reserva-2000-rioja-75cl\/\",\"name\":\"Palacio Especial vin rouge Reserva 2000 Rioja 75cl. - Wine Spirits Collection\",\"isPartOf\":{\"@id\":\"https:\/\/www.winespiritscollection.com\/es\/#website\"},\"primaryImageOfPage\":{\"@id\":\"https:\/\/www.winespiritscollection.com\/es\/producto\/palacio-especial-vin-rouge-reserva-2000-rioja-75cl\/#primaryimage\"},\"image\":{\"@id\":\"https:\/\/www.winespiritscollection.com\/es\/producto\/palacio-especial-vin-rouge-reserva-2000-rioja-75cl\/#primaryimage\"},\"thumbnailUrl\":\"https:\/\/www.winespiritscollection.com\/wp-content\/uploads\/2025\/04\/P1190240-removebg-preview.png\",\"datePublished\":\"2025-04-29T13:04:28+00:00\",\"description\":\"Un vino tinto elegante y con crianza, con notas de fruta madura, roble y especias.\\\"Bodega Especial Reserva Rioja 2000 Vino: Un vino tinto elegante y con crianza, con notas de fruta madura.\",\"breadcrumb\":{\"@id\":\"https:\/\/www.winespiritscollection.com\/es\/producto\/palacio-especial-vin-rouge-reserva-2000-rioja-75cl\/#breadcrumb\"},\"inLanguage\":\"es\",\"potentialAction\":[{\"@type\":\"ReadAction\",\"target\":[\"https:\/\/www.winespiritscollection.com\/es\/producto\/palacio-especial-vin-rouge-reserva-2000-rioja-75cl\/\"]}]},{\"@type\":\"ImageObject\",\"inLanguage\":\"es\",\"@id\":\"https:\/\/www.winespiritscollection.com\/es\/producto\/palacio-especial-vin-rouge-reserva-2000-rioja-75cl\/#primaryimage\",\"url\":\"https:\/\/www.winespiritscollection.com\/wp-content\/uploads\/2025\/04\/P1190240-removebg-preview.png\",\"contentUrl\":\"https:\/\/www.winespiritscollection.com\/wp-content\/uploads\/2025\/04\/P1190240-removebg-preview.png\",\"width\":375,\"height\":666},{\"@type\":\"BreadcrumbList\",\"@id\":\"https:\/\/www.winespiritscollection.com\/es\/producto\/palacio-especial-vin-rouge-reserva-2000-rioja-75cl\/#breadcrumb\",\"itemListElement\":[{\"@type\":\"ListItem\",\"position\":1,\"name\":\"Portada\",\"item\":\"https:\/\/www.winespiritscollection.com\/es\/\"},{\"@type\":\"ListItem\",\"position\":2,\"name\":\"Tienda\",\"item\":\"https:\/\/www.winespiritscollection.com\/es\/tienda-de-vinos-y-licores\/\"},{\"@type\":\"ListItem\",\"position\":3,\"name\":\"Palacio Especial vin rouge Reserva 2000 Rioja 75cl.\"}]},{\"@type\":\"WebSite\",\"@id\":\"https:\/\/www.winespiritscollection.com\/es\/#website\",\"url\":\"https:\/\/www.winespiritscollection.com\/es\/\",\"name\":\"Wine Spirits Collection\",\"description\":\"\",\"publisher\":{\"@id\":\"https:\/\/www.winespiritscollection.com\/es\/#organization\"},\"potentialAction\":[{\"@type\":\"SearchAction\",\"target\":{\"@type\":\"EntryPoint\",\"urlTemplate\":\"https:\/\/www.winespiritscollection.com\/es\/?s={search_term_string}\"},\"query-input\":{\"@type\":\"PropertyValueSpecification\",\"valueRequired\":true,\"valueName\":\"search_term_string\"}}],\"inLanguage\":\"es\"},{\"@type\":\"Organization\",\"@id\":\"https:\/\/www.winespiritscollection.com\/es\/#organization\",\"name\":\"Wine Spirits Collection\",\"url\":\"https:\/\/www.winespiritscollection.com\/es\/\",\"logo\":{\"@type\":\"ImageObject\",\"inLanguage\":\"es\",\"@id\":\"https:\/\/www.winespiritscollection.com\/es\/#\/schema\/logo\/image\/\",\"url\":\"https:\/\/www.winespiritscollection.com\/wp-content\/uploads\/2024\/03\/cropped-WINE_SPIRITS-LOGO-PRINCIPAL-NEGRE.png\",\"contentUrl\":\"https:\/\/www.winespiritscollection.com\/wp-content\/uploads\/2024\/03\/cropped-WINE_SPIRITS-LOGO-PRINCIPAL-NEGRE.png\",\"width\":2098,\"height\":1368,\"caption\":\"Wine Spirits Collection\"},\"image\":{\"@id\":\"https:\/\/www.winespiritscollection.com\/es\/#\/schema\/logo\/image\/\"}}]}<\/script>\n<!-- \/ Yoast SEO plugin. -->","yoast_head_json":{"title":"Palacio Especial vin rouge Reserva 2000 Rioja 75cl. - Wine Spirits Collection","description":"Un vino tinto elegante y con crianza, con notas de fruta madura, roble y especias.\"Bodega Especial Reserva Rioja 2000 Vino: Un vino tinto elegante y con crianza, con notas de fruta madura.","robots":{"index":"index","follow":"follow","max-snippet":"max-snippet:-1","max-image-preview":"max-image-preview:large","max-video-preview":"max-video-preview:-1"},"canonical":"https:\/\/www.winespiritscollection.com\/es\/producto\/palacio-especial-vin-rouge-reserva-2000-rioja-75cl\/","og_locale":"es_ES","og_type":"article","og_title":"Palacio Especial vin rouge Reserva 2000 Rioja 75cl. - Wine Spirits Collection","og_description":"Un vino tinto elegante y con crianza, con notas de fruta madura, roble y especias.\"Bodega Especial Reserva Rioja 2000 Vino: Un vino tinto elegante y con crianza, con notas de fruta madura.","og_url":"https:\/\/www.winespiritscollection.com\/es\/producto\/palacio-especial-vin-rouge-reserva-2000-rioja-75cl\/","og_site_name":"Wine Spirits Collection","og_image":[{"width":375,"height":666,"url":"https:\/\/www.winespiritscollection.com\/wp-content\/uploads\/2025\/04\/P1190240-removebg-preview.png","type":"image\/png"}],"twitter_card":"summary_large_image","schema":{"@context":"https:\/\/schema.org","@graph":[{"@type":"WebPage","@id":"https:\/\/www.winespiritscollection.com\/es\/producto\/palacio-especial-vin-rouge-reserva-2000-rioja-75cl\/","url":"https:\/\/www.winespiritscollection.com\/es\/producto\/palacio-especial-vin-rouge-reserva-2000-rioja-75cl\/","name":"Palacio Especial vin rouge Reserva 2000 Rioja 75cl. - Wine Spirits Collection","isPartOf":{"@id":"https:\/\/www.winespiritscollection.com\/es\/#website"},"primaryImageOfPage":{"@id":"https:\/\/www.winespiritscollection.com\/es\/producto\/palacio-especial-vin-rouge-reserva-2000-rioja-75cl\/#primaryimage"},"image":{"@id":"https:\/\/www.winespiritscollection.com\/es\/producto\/palacio-especial-vin-rouge-reserva-2000-rioja-75cl\/#primaryimage"},"thumbnailUrl":"https:\/\/www.winespiritscollection.com\/wp-content\/uploads\/2025\/04\/P1190240-removebg-preview.png","datePublished":"2025-04-29T13:04:28+00:00","description":"Un vino tinto elegante y con crianza, con notas de fruta madura, roble y especias.\"Bodega Especial Reserva Rioja 2000 Vino: Un vino tinto elegante y con crianza, con notas de fruta madura.","breadcrumb":{"@id":"https:\/\/www.winespiritscollection.com\/es\/producto\/palacio-especial-vin-rouge-reserva-2000-rioja-75cl\/#breadcrumb"},"inLanguage":"es","potentialAction":[{"@type":"ReadAction","target":["https:\/\/www.winespiritscollection.com\/es\/producto\/palacio-especial-vin-rouge-reserva-2000-rioja-75cl\/"]}]},{"@type":"ImageObject","inLanguage":"es","@id":"https:\/\/www.winespiritscollection.com\/es\/producto\/palacio-especial-vin-rouge-reserva-2000-rioja-75cl\/#primaryimage","url":"https:\/\/www.winespiritscollection.com\/wp-content\/uploads\/2025\/04\/P1190240-removebg-preview.png","contentUrl":"https:\/\/www.winespiritscollection.com\/wp-content\/uploads\/2025\/04\/P1190240-removebg-preview.png","width":375,"height":666},{"@type":"BreadcrumbList","@id":"https:\/\/www.winespiritscollection.com\/es\/producto\/palacio-especial-vin-rouge-reserva-2000-rioja-75cl\/#breadcrumb","itemListElement":[{"@type":"ListItem","position":1,"name":"Portada","item":"https:\/\/www.winespiritscollection.com\/es\/"},{"@type":"ListItem","position":2,"name":"Tienda","item":"https:\/\/www.winespiritscollection.com\/es\/tienda-de-vinos-y-licores\/"},{"@type":"ListItem","position":3,"name":"Palacio Especial vin rouge Reserva 2000 Rioja 75cl."}]},{"@type":"WebSite","@id":"https:\/\/www.winespiritscollection.com\/es\/#website","url":"https:\/\/www.winespiritscollection.com\/es\/","name":"Wine Spirits Collection","description":"","publisher":{"@id":"https:\/\/www.winespiritscollection.com\/es\/#organization"},"potentialAction":[{"@type":"SearchAction","target":{"@type":"EntryPoint","urlTemplate":"https:\/\/www.winespiritscollection.com\/es\/?s={search_term_string}"},"query-input":{"@type":"PropertyValueSpecification","valueRequired":true,"valueName":"search_term_string"}}],"inLanguage":"es"},{"@type":"Organization","@id":"https:\/\/www.winespiritscollection.com\/es\/#organization","name":"Wine Spirits Collection","url":"https:\/\/www.winespiritscollection.com\/es\/","logo":{"@type":"ImageObject","inLanguage":"es","@id":"https:\/\/www.winespiritscollection.com\/es\/#\/schema\/logo\/image\/","url":"https:\/\/www.winespiritscollection.com\/wp-content\/uploads\/2024\/03\/cropped-WINE_SPIRITS-LOGO-PRINCIPAL-NEGRE.png","contentUrl":"https:\/\/www.winespiritscollection.com\/wp-content\/uploads\/2024\/03\/cropped-WINE_SPIRITS-LOGO-PRINCIPAL-NEGRE.png","width":2098,"height":1368,"caption":"Wine Spirits Collection"},"image":{"@id":"https:\/\/www.winespiritscollection.com\/es\/#\/schema\/logo\/image\/"}}]}},"_links":{"self":[{"href":"https:\/\/www.winespiritscollection.com\/es\/wp-json\/wp\/v2\/product\/2041","targetHints":{"allow":["GET"]}}],"collection":[{"href":"https:\/\/www.winespiritscollection.com\/es\/wp-json\/wp\/v2\/product"}],"about":[{"href":"https:\/\/www.winespiritscollection.com\/es\/wp-json\/wp\/v2\/types\/product"}],"replies":[{"embeddable":true,"href":"https:\/\/www.winespiritscollection.com\/es\/wp-json\/wp\/v2\/comments?post=2041"}],"wp:featuredmedia":[{"embeddable":true,"href":"https:\/\/www.winespiritscollection.com\/es\/wp-json\/wp\/v2\/media\/2028"}],"wp:attachment":[{"href":"https:\/\/www.winespiritscollection.com\/es\/wp-json\/wp\/v2\/media?parent=2041"}],"wp:term":[{"taxonomy":"product_brand","embeddable":true,"href":"https:\/\/www.winespiritscollection.com\/es\/wp-json\/wp\/v2\/product_brand?post=2041"},{"taxonomy":"product_cat","embeddable":true,"href":"https:\/\/www.winespiritscollection.com\/es\/wp-json\/wp\/v2\/product_cat?post=2041"},{"taxonomy":"product_tag","embeddable":true,"href":"https:\/\/www.winespiritscollection.com\/es\/wp-json\/wp\/v2\/product_tag?post=2041"}],"curies":[{"name":"wp","href":"https:\/\/api.w.org\/{rel}","templated":true}]}}