{"id":2126,"date":"2025-04-30T12:03:26","date_gmt":"2025-04-30T10:03:26","guid":{"rendered":"https:\/\/www.winespiritscollection.com\/producto\/vino-tinto-contino-reserva-1995-rioja-75cl\/"},"modified":"2025-04-30T12:03:26","modified_gmt":"2025-04-30T10:03:26","slug":"vino-tinto-contino-reserva-1995-rioja-75cl","status":"publish","type":"product","link":"https:\/\/www.winespiritscollection.com\/es\/producto\/vino-tinto-contino-reserva-1995-rioja-75cl\/","title":{"rendered":"Vino tinto Contino Reserva 1995. Rioja 75cl"},"content":{"rendered":"<p>El Cotino 1995 es un vino tinto de la Denominaci\u00f3n de Origen Calificada Rioja, de una a\u00f1ada reconocida como &#8220;muy buena&#8221; por el Consejo Regulador, con condiciones clim\u00e1ticas favorables que permitieron una maduraci\u00f3n \u00f3ptima de la uva. Esta etiqueta, menos conocida, captura el esp\u00edritu de un Rioja tradicional. Nuestros productos son botellas vintage de colecci\u00f3n.  Se han conservado en una bodega, pero no podemos garantizar su consumo. Consumo responsable. S\u00f3lo apto para adultos.<\/p>\n<p>&nbsp;<\/p>\n","protected":false},"excerpt":{"rendered":"<p>Nombre: Contino<br \/>\nTipo: Vino Tinto<br \/>\nA\u00f1ada: 1995<br \/>\nDenominaci\u00f3n de Origen: D.O.Ca. Rioja<br \/>\nBodega: Vi\u00f1edos del Contino (CVNE \u2013 Compa\u00f1\u00eda Vin\u00edcola del Norte de Espa\u00f1a)<br \/>\nVariedades de uva: Tempranillo (mayoritaria), con posibles aportaciones de Graciano, Mazuelo y Garnacha<br \/>\nCrianza: En barricas de roble (principalmente franc\u00e9s y americano) durante aproximadamente 18-24 meses, seguido de crianza en botella<br \/>\nColor: Rojo rub\u00ed con tonos teja<br \/>\nNariz: Notas de fruta madura, cuero, especias, cacao, tabaco y sutiles notas minerales<br \/>\nPalma: Estructurado, elegante, con taninos pulidos, buena acidez y un final largo y armonioso<br \/>\nGrado alcoh\u00f3lico: Aproximadamente 13 % vol. <\/p>\n","protected":false},"featured_media":2112,"comment_status":"closed","ping_status":"closed","template":"","meta":{"_acf_changed":false,"_glsr_average":0,"_glsr_ranking":0,"_glsr_reviews":0,"_joinchat":[]},"product_brand":[],"product_cat":[111],"product_tag":[230,196,166],"class_list":{"0":"post-2126","1":"product","2":"type-product","3":"status-publish","4":"has-post-thumbnail","6":"product_cat-rioja-es","7":"product_tag-red-wine-es","8":"product_tag-reserva-es","9":"product_tag-rioja-es","11":"first","12":"instock","13":"taxable","14":"shipping-taxable","15":"product-type-simple"},"acf":[],"yoast_head":"<!-- This site is optimized with the Yoast SEO plugin v27.2 - https:\/\/yoast.com\/product\/yoast-seo-wordpress\/ -->\n<title>Vino tinto Contino Reserva 1995. Rioja 75cl - Wine Spirits Collection<\/title>\n<meta name=\"description\" content=\"Vino tinto Cotino 1995 de Rioja, expresi\u00f3n cl\u00e1sica de una muy buena a\u00f1ada, con notas maduras, crianza tradicional y elegancia atemporal para los amantes de los vinos de crianza.\" \/>\n<meta name=\"robots\" content=\"index, follow, max-snippet:-1, max-image-preview:large, max-video-preview:-1\" \/>\n<link rel=\"canonical\" href=\"https:\/\/www.winespiritscollection.com\/es\/producto\/vino-tinto-contino-reserva-1995-rioja-75cl\/\" \/>\n<meta property=\"og:locale\" content=\"es_ES\" \/>\n<meta property=\"og:type\" content=\"article\" \/>\n<meta property=\"og:title\" content=\"Vino tinto Contino Reserva 1995. Rioja 75cl - Wine Spirits Collection\" \/>\n<meta property=\"og:description\" content=\"Vino tinto Cotino 1995 de Rioja, expresi\u00f3n cl\u00e1sica de una muy buena a\u00f1ada, con notas maduras, crianza tradicional y elegancia atemporal para los amantes de los vinos de crianza.\" \/>\n<meta property=\"og:url\" content=\"https:\/\/www.winespiritscollection.com\/es\/producto\/vino-tinto-contino-reserva-1995-rioja-75cl\/\" \/>\n<meta property=\"og:site_name\" content=\"Wine Spirits Collection\" \/>\n<meta property=\"og:image\" content=\"https:\/\/www.winespiritscollection.com\/wp-content\/uploads\/2025\/04\/P1190263-removebg-preview.png\" \/>\n\t<meta property=\"og:image:width\" content=\"375\" \/>\n\t<meta property=\"og:image:height\" content=\"666\" \/>\n\t<meta property=\"og:image:type\" content=\"image\/png\" \/>\n<meta name=\"twitter:card\" content=\"summary_large_image\" \/>\n<script type=\"application\/ld+json\" class=\"yoast-schema-graph\">{\"@context\":\"https:\/\/schema.org\",\"@graph\":[{\"@type\":\"WebPage\",\"@id\":\"https:\/\/www.winespiritscollection.com\/es\/producto\/vino-tinto-contino-reserva-1995-rioja-75cl\/\",\"url\":\"https:\/\/www.winespiritscollection.com\/es\/producto\/vino-tinto-contino-reserva-1995-rioja-75cl\/\",\"name\":\"Vino tinto Contino Reserva 1995. Rioja 75cl - Wine Spirits Collection\",\"isPartOf\":{\"@id\":\"https:\/\/www.winespiritscollection.com\/es\/#website\"},\"primaryImageOfPage\":{\"@id\":\"https:\/\/www.winespiritscollection.com\/es\/producto\/vino-tinto-contino-reserva-1995-rioja-75cl\/#primaryimage\"},\"image\":{\"@id\":\"https:\/\/www.winespiritscollection.com\/es\/producto\/vino-tinto-contino-reserva-1995-rioja-75cl\/#primaryimage\"},\"thumbnailUrl\":\"https:\/\/www.winespiritscollection.com\/wp-content\/uploads\/2025\/04\/P1190263-removebg-preview.png\",\"datePublished\":\"2025-04-30T10:03:26+00:00\",\"description\":\"Vino tinto Cotino 1995 de Rioja, expresi\u00f3n cl\u00e1sica de una muy buena a\u00f1ada, con notas maduras, crianza tradicional y elegancia atemporal para los amantes de los vinos de crianza.\",\"breadcrumb\":{\"@id\":\"https:\/\/www.winespiritscollection.com\/es\/producto\/vino-tinto-contino-reserva-1995-rioja-75cl\/#breadcrumb\"},\"inLanguage\":\"es\",\"potentialAction\":[{\"@type\":\"ReadAction\",\"target\":[\"https:\/\/www.winespiritscollection.com\/es\/producto\/vino-tinto-contino-reserva-1995-rioja-75cl\/\"]}]},{\"@type\":\"ImageObject\",\"inLanguage\":\"es\",\"@id\":\"https:\/\/www.winespiritscollection.com\/es\/producto\/vino-tinto-contino-reserva-1995-rioja-75cl\/#primaryimage\",\"url\":\"https:\/\/www.winespiritscollection.com\/wp-content\/uploads\/2025\/04\/P1190263-removebg-preview.png\",\"contentUrl\":\"https:\/\/www.winespiritscollection.com\/wp-content\/uploads\/2025\/04\/P1190263-removebg-preview.png\",\"width\":375,\"height\":666},{\"@type\":\"BreadcrumbList\",\"@id\":\"https:\/\/www.winespiritscollection.com\/es\/producto\/vino-tinto-contino-reserva-1995-rioja-75cl\/#breadcrumb\",\"itemListElement\":[{\"@type\":\"ListItem\",\"position\":1,\"name\":\"Portada\",\"item\":\"https:\/\/www.winespiritscollection.com\/es\/\"},{\"@type\":\"ListItem\",\"position\":2,\"name\":\"Tienda\",\"item\":\"https:\/\/www.winespiritscollection.com\/es\/tienda-de-vinos-y-licores\/\"},{\"@type\":\"ListItem\",\"position\":3,\"name\":\"Vino tinto Contino Reserva 1995. Rioja 75cl\"}]},{\"@type\":\"WebSite\",\"@id\":\"https:\/\/www.winespiritscollection.com\/es\/#website\",\"url\":\"https:\/\/www.winespiritscollection.com\/es\/\",\"name\":\"Wine Spirits Collection\",\"description\":\"\",\"publisher\":{\"@id\":\"https:\/\/www.winespiritscollection.com\/es\/#organization\"},\"potentialAction\":[{\"@type\":\"SearchAction\",\"target\":{\"@type\":\"EntryPoint\",\"urlTemplate\":\"https:\/\/www.winespiritscollection.com\/es\/?s={search_term_string}\"},\"query-input\":{\"@type\":\"PropertyValueSpecification\",\"valueRequired\":true,\"valueName\":\"search_term_string\"}}],\"inLanguage\":\"es\"},{\"@type\":\"Organization\",\"@id\":\"https:\/\/www.winespiritscollection.com\/es\/#organization\",\"name\":\"Wine Spirits Collection\",\"url\":\"https:\/\/www.winespiritscollection.com\/es\/\",\"logo\":{\"@type\":\"ImageObject\",\"inLanguage\":\"es\",\"@id\":\"https:\/\/www.winespiritscollection.com\/es\/#\/schema\/logo\/image\/\",\"url\":\"https:\/\/www.winespiritscollection.com\/wp-content\/uploads\/2024\/03\/cropped-WINE_SPIRITS-LOGO-PRINCIPAL-NEGRE.png\",\"contentUrl\":\"https:\/\/www.winespiritscollection.com\/wp-content\/uploads\/2024\/03\/cropped-WINE_SPIRITS-LOGO-PRINCIPAL-NEGRE.png\",\"width\":2098,\"height\":1368,\"caption\":\"Wine Spirits Collection\"},\"image\":{\"@id\":\"https:\/\/www.winespiritscollection.com\/es\/#\/schema\/logo\/image\/\"}}]}<\/script>\n<!-- \/ Yoast SEO plugin. -->","yoast_head_json":{"title":"Vino tinto Contino Reserva 1995. Rioja 75cl - Wine Spirits Collection","description":"Vino tinto Cotino 1995 de Rioja, expresi\u00f3n cl\u00e1sica de una muy buena a\u00f1ada, con notas maduras, crianza tradicional y elegancia atemporal para los amantes de los vinos de crianza.","robots":{"index":"index","follow":"follow","max-snippet":"max-snippet:-1","max-image-preview":"max-image-preview:large","max-video-preview":"max-video-preview:-1"},"canonical":"https:\/\/www.winespiritscollection.com\/es\/producto\/vino-tinto-contino-reserva-1995-rioja-75cl\/","og_locale":"es_ES","og_type":"article","og_title":"Vino tinto Contino Reserva 1995. Rioja 75cl - Wine Spirits Collection","og_description":"Vino tinto Cotino 1995 de Rioja, expresi\u00f3n cl\u00e1sica de una muy buena a\u00f1ada, con notas maduras, crianza tradicional y elegancia atemporal para los amantes de los vinos de crianza.","og_url":"https:\/\/www.winespiritscollection.com\/es\/producto\/vino-tinto-contino-reserva-1995-rioja-75cl\/","og_site_name":"Wine Spirits Collection","og_image":[{"width":375,"height":666,"url":"https:\/\/www.winespiritscollection.com\/wp-content\/uploads\/2025\/04\/P1190263-removebg-preview.png","type":"image\/png"}],"twitter_card":"summary_large_image","schema":{"@context":"https:\/\/schema.org","@graph":[{"@type":"WebPage","@id":"https:\/\/www.winespiritscollection.com\/es\/producto\/vino-tinto-contino-reserva-1995-rioja-75cl\/","url":"https:\/\/www.winespiritscollection.com\/es\/producto\/vino-tinto-contino-reserva-1995-rioja-75cl\/","name":"Vino tinto Contino Reserva 1995. Rioja 75cl - Wine Spirits Collection","isPartOf":{"@id":"https:\/\/www.winespiritscollection.com\/es\/#website"},"primaryImageOfPage":{"@id":"https:\/\/www.winespiritscollection.com\/es\/producto\/vino-tinto-contino-reserva-1995-rioja-75cl\/#primaryimage"},"image":{"@id":"https:\/\/www.winespiritscollection.com\/es\/producto\/vino-tinto-contino-reserva-1995-rioja-75cl\/#primaryimage"},"thumbnailUrl":"https:\/\/www.winespiritscollection.com\/wp-content\/uploads\/2025\/04\/P1190263-removebg-preview.png","datePublished":"2025-04-30T10:03:26+00:00","description":"Vino tinto Cotino 1995 de Rioja, expresi\u00f3n cl\u00e1sica de una muy buena a\u00f1ada, con notas maduras, crianza tradicional y elegancia atemporal para los amantes de los vinos de crianza.","breadcrumb":{"@id":"https:\/\/www.winespiritscollection.com\/es\/producto\/vino-tinto-contino-reserva-1995-rioja-75cl\/#breadcrumb"},"inLanguage":"es","potentialAction":[{"@type":"ReadAction","target":["https:\/\/www.winespiritscollection.com\/es\/producto\/vino-tinto-contino-reserva-1995-rioja-75cl\/"]}]},{"@type":"ImageObject","inLanguage":"es","@id":"https:\/\/www.winespiritscollection.com\/es\/producto\/vino-tinto-contino-reserva-1995-rioja-75cl\/#primaryimage","url":"https:\/\/www.winespiritscollection.com\/wp-content\/uploads\/2025\/04\/P1190263-removebg-preview.png","contentUrl":"https:\/\/www.winespiritscollection.com\/wp-content\/uploads\/2025\/04\/P1190263-removebg-preview.png","width":375,"height":666},{"@type":"BreadcrumbList","@id":"https:\/\/www.winespiritscollection.com\/es\/producto\/vino-tinto-contino-reserva-1995-rioja-75cl\/#breadcrumb","itemListElement":[{"@type":"ListItem","position":1,"name":"Portada","item":"https:\/\/www.winespiritscollection.com\/es\/"},{"@type":"ListItem","position":2,"name":"Tienda","item":"https:\/\/www.winespiritscollection.com\/es\/tienda-de-vinos-y-licores\/"},{"@type":"ListItem","position":3,"name":"Vino tinto Contino Reserva 1995. Rioja 75cl"}]},{"@type":"WebSite","@id":"https:\/\/www.winespiritscollection.com\/es\/#website","url":"https:\/\/www.winespiritscollection.com\/es\/","name":"Wine Spirits Collection","description":"","publisher":{"@id":"https:\/\/www.winespiritscollection.com\/es\/#organization"},"potentialAction":[{"@type":"SearchAction","target":{"@type":"EntryPoint","urlTemplate":"https:\/\/www.winespiritscollection.com\/es\/?s={search_term_string}"},"query-input":{"@type":"PropertyValueSpecification","valueRequired":true,"valueName":"search_term_string"}}],"inLanguage":"es"},{"@type":"Organization","@id":"https:\/\/www.winespiritscollection.com\/es\/#organization","name":"Wine Spirits Collection","url":"https:\/\/www.winespiritscollection.com\/es\/","logo":{"@type":"ImageObject","inLanguage":"es","@id":"https:\/\/www.winespiritscollection.com\/es\/#\/schema\/logo\/image\/","url":"https:\/\/www.winespiritscollection.com\/wp-content\/uploads\/2024\/03\/cropped-WINE_SPIRITS-LOGO-PRINCIPAL-NEGRE.png","contentUrl":"https:\/\/www.winespiritscollection.com\/wp-content\/uploads\/2024\/03\/cropped-WINE_SPIRITS-LOGO-PRINCIPAL-NEGRE.png","width":2098,"height":1368,"caption":"Wine Spirits Collection"},"image":{"@id":"https:\/\/www.winespiritscollection.com\/es\/#\/schema\/logo\/image\/"}}]}},"_links":{"self":[{"href":"https:\/\/www.winespiritscollection.com\/es\/wp-json\/wp\/v2\/product\/2126","targetHints":{"allow":["GET"]}}],"collection":[{"href":"https:\/\/www.winespiritscollection.com\/es\/wp-json\/wp\/v2\/product"}],"about":[{"href":"https:\/\/www.winespiritscollection.com\/es\/wp-json\/wp\/v2\/types\/product"}],"replies":[{"embeddable":true,"href":"https:\/\/www.winespiritscollection.com\/es\/wp-json\/wp\/v2\/comments?post=2126"}],"wp:featuredmedia":[{"embeddable":true,"href":"https:\/\/www.winespiritscollection.com\/es\/wp-json\/wp\/v2\/media\/2112"}],"wp:attachment":[{"href":"https:\/\/www.winespiritscollection.com\/es\/wp-json\/wp\/v2\/media?parent=2126"}],"wp:term":[{"taxonomy":"product_brand","embeddable":true,"href":"https:\/\/www.winespiritscollection.com\/es\/wp-json\/wp\/v2\/product_brand?post=2126"},{"taxonomy":"product_cat","embeddable":true,"href":"https:\/\/www.winespiritscollection.com\/es\/wp-json\/wp\/v2\/product_cat?post=2126"},{"taxonomy":"product_tag","embeddable":true,"href":"https:\/\/www.winespiritscollection.com\/es\/wp-json\/wp\/v2\/product_tag?post=2126"}],"curies":[{"name":"wp","href":"https:\/\/api.w.org\/{rel}","templated":true}]}}