{"id":878,"date":"2024-05-16T00:48:29","date_gmt":"2024-05-15T22:48:29","guid":{"rendered":"https:\/\/www.winespiritscollection.com\/producto\/chartreuse-tarragona-amarilla-seisentena-1959-1965\/"},"modified":"2024-05-16T00:48:29","modified_gmt":"2024-05-15T22:48:29","slug":"chartreuse-tarragona-amarilla-seisentena-1959-1965","status":"publish","type":"product","link":"https:\/\/www.winespiritscollection.com\/es\/producto\/chartreuse-tarragona-amarilla-seisentena-1959-1965\/","title":{"rendered":"Chartreuse Tarragona amarilla seisentena 1959\/1965"},"content":{"rendered":"<p>Un licor de gran valor hist\u00f3rico elaborado por los Padres Cartujos en Tarragona hasta el a\u00f1o 1989, aunque sus inicios fueron en Francia.<\/p>\n<p>Cuando los monjes fueron expulsados de Francia en 1903, les quitaron su secreto e implantaron una destiler\u00eda en Tarragona y la llamaron licor: &#8220;Tarragona&#8221;.<\/p>\n<p>La receta nunca ha sido patentada. S\u00f3lo 3 monjes conocen un tercio de la receta y se transmite de generaci\u00f3n en generaci\u00f3n.<\/p>\n<p>La combinaci\u00f3n de sus sabores es \u00fanica, tal y como aseguran sus numerosos seguidores, quienes afirman que cuanto m\u00e1s tiempo se mantiene el sorbo en la boca, m\u00e1s matices de sabores se encuentran.<\/p>\n<p>Los Chartreuse de Tarragona son una de las botellas m\u00e1s buscadas y apreciadas por los coleccionistas del mundo.<\/p>\n<p>\u00bfPor qu\u00e9 elegir el Chartreuse de Tarragona?<\/p>\n<p>&#8211; sabor inigualable: nuestro licor ofrece una mezcla perfecta de dulzor y complejidad herbal<br \/>\n&#8211; historia y tradici\u00f3n: con m\u00e1s de 400 a\u00f1os de historia, Chartreuse Tarragona es un s\u00edmbolo de artesan\u00eda y calidad<br \/>\n&#8211; Versatilidad: Disfr\u00fatalo solo, en c\u00f3cteles o como ingrediente en platos gourmet para darle un toque distintivo.<\/p>\n","protected":false},"excerpt":{"rendered":"<p>licor amarillo chartreuse de tarragona seisentena &#8211; 75.cl &#8211; 40\u00ba &#8211; periodo de fabricaci\u00f3n 1959\/1965.<\/p>\n<p>comprar licor chartreuse tarragona de alta gama m\u00e1s apreciado por los sumilleres en restaurantes de lujo y el m\u00e1s buscado por los coleccionistas de licores<\/p>\n<p>Botella original sin abrir.<\/p>\n<p>&nbsp;<\/p>\n","protected":false},"featured_media":823,"comment_status":"open","ping_status":"closed","template":"","meta":{"_acf_changed":false,"_glsr_average":0,"_glsr_ranking":0,"_glsr_reviews":0,"_joinchat":[]},"product_brand":[],"product_cat":[104],"product_tag":[129,133,136,130,132,134,135,131],"class_list":{"0":"post-878","1":"product","2":"type-product","3":"status-publish","4":"has-post-thumbnail","6":"product_cat-coleccion-chartreuse","7":"product_tag-chartreuse-es","8":"product_tag-cocktail-es","9":"product_tag-elixir-es","10":"product_tag-liqueur-es","11":"product_tag-luxury-es","12":"product_tag-premium-es","13":"product_tag-sommelier-es","14":"product_tag-tarragone-es","16":"first","17":"outofstock","18":"taxable","19":"shipping-taxable","20":"purchasable","21":"product-type-simple"},"acf":[],"yoast_head":"<!-- This site is optimized with the Yoast SEO plugin v27.2 - https:\/\/yoast.com\/product\/yoast-seo-wordpress\/ -->\n<title>Chartreuse Tarragona amarilla seisentena 1959\/1965 - Wine Spirits Collection<\/title>\n<meta name=\"description\" content=\"comprar licor chartreuse amarillo de tarragona, \u00e9poca 1959\/1965. Chartreuse es una de las botellas m\u00e1s buscadas y apreciadas por los coleccionistas.\" \/>\n<meta name=\"robots\" content=\"index, follow, max-snippet:-1, max-image-preview:large, max-video-preview:-1\" \/>\n<link rel=\"canonical\" href=\"https:\/\/www.winespiritscollection.com\/es\/producto\/chartreuse-tarragona-amarilla-seisentena-1959-1965\/\" \/>\n<meta property=\"og:locale\" content=\"es_ES\" \/>\n<meta property=\"og:type\" content=\"article\" \/>\n<meta property=\"og:title\" content=\"Chartreuse Tarragona amarilla seisentena 1959\/1965 - Wine Spirits Collection\" \/>\n<meta property=\"og:description\" content=\"comprar licor chartreuse amarillo de tarragona, \u00e9poca 1959\/1965. Chartreuse es una de las botellas m\u00e1s buscadas y apreciadas por los coleccionistas.\" \/>\n<meta property=\"og:url\" content=\"https:\/\/www.winespiritscollection.com\/es\/producto\/chartreuse-tarragona-amarilla-seisentena-1959-1965\/\" \/>\n<meta property=\"og:site_name\" content=\"Wine Spirits Collection\" \/>\n<meta property=\"og:image\" content=\"https:\/\/www.winespiritscollection.com\/wp-content\/uploads\/2024\/05\/IMG_8384-removebg-preview.png\" \/>\n\t<meta property=\"og:image:width\" content=\"433\" \/>\n\t<meta property=\"og:image:height\" content=\"577\" \/>\n\t<meta property=\"og:image:type\" content=\"image\/png\" \/>\n<meta name=\"twitter:card\" content=\"summary_large_image\" \/>\n<meta name=\"twitter:label1\" content=\"Tiempo de lectura\" \/>\n\t<meta name=\"twitter:data1\" content=\"1 minuto\" \/>\n<script type=\"application\/ld+json\" class=\"yoast-schema-graph\">{\"@context\":\"https:\/\/schema.org\",\"@graph\":[{\"@type\":\"WebPage\",\"@id\":\"https:\/\/www.winespiritscollection.com\/es\/producto\/chartreuse-tarragona-amarilla-seisentena-1959-1965\/\",\"url\":\"https:\/\/www.winespiritscollection.com\/es\/producto\/chartreuse-tarragona-amarilla-seisentena-1959-1965\/\",\"name\":\"Chartreuse Tarragona amarilla seisentena 1959\/1965 - Wine Spirits Collection\",\"isPartOf\":{\"@id\":\"https:\/\/www.winespiritscollection.com\/es\/#website\"},\"primaryImageOfPage\":{\"@id\":\"https:\/\/www.winespiritscollection.com\/es\/producto\/chartreuse-tarragona-amarilla-seisentena-1959-1965\/#primaryimage\"},\"image\":{\"@id\":\"https:\/\/www.winespiritscollection.com\/es\/producto\/chartreuse-tarragona-amarilla-seisentena-1959-1965\/#primaryimage\"},\"thumbnailUrl\":\"https:\/\/www.winespiritscollection.com\/wp-content\/uploads\/2024\/05\/IMG_8384-removebg-preview.png\",\"datePublished\":\"2024-05-15T22:48:29+00:00\",\"description\":\"comprar licor chartreuse amarillo de tarragona, \u00e9poca 1959\/1965. Chartreuse es una de las botellas m\u00e1s buscadas y apreciadas por los coleccionistas.\",\"breadcrumb\":{\"@id\":\"https:\/\/www.winespiritscollection.com\/es\/producto\/chartreuse-tarragona-amarilla-seisentena-1959-1965\/#breadcrumb\"},\"inLanguage\":\"es\",\"potentialAction\":[{\"@type\":\"ReadAction\",\"target\":[\"https:\/\/www.winespiritscollection.com\/es\/producto\/chartreuse-tarragona-amarilla-seisentena-1959-1965\/\"]}]},{\"@type\":\"ImageObject\",\"inLanguage\":\"es\",\"@id\":\"https:\/\/www.winespiritscollection.com\/es\/producto\/chartreuse-tarragona-amarilla-seisentena-1959-1965\/#primaryimage\",\"url\":\"https:\/\/www.winespiritscollection.com\/wp-content\/uploads\/2024\/05\/IMG_8384-removebg-preview.png\",\"contentUrl\":\"https:\/\/www.winespiritscollection.com\/wp-content\/uploads\/2024\/05\/IMG_8384-removebg-preview.png\",\"width\":433,\"height\":577},{\"@type\":\"BreadcrumbList\",\"@id\":\"https:\/\/www.winespiritscollection.com\/es\/producto\/chartreuse-tarragona-amarilla-seisentena-1959-1965\/#breadcrumb\",\"itemListElement\":[{\"@type\":\"ListItem\",\"position\":1,\"name\":\"Portada\",\"item\":\"https:\/\/www.winespiritscollection.com\/es\/\"},{\"@type\":\"ListItem\",\"position\":2,\"name\":\"Tienda\",\"item\":\"https:\/\/www.winespiritscollection.com\/es\/tienda-de-vinos-y-licores\/\"},{\"@type\":\"ListItem\",\"position\":3,\"name\":\"Chartreuse Tarragona amarilla seisentena 1959\/1965\"}]},{\"@type\":\"WebSite\",\"@id\":\"https:\/\/www.winespiritscollection.com\/es\/#website\",\"url\":\"https:\/\/www.winespiritscollection.com\/es\/\",\"name\":\"Wine Spirits Collection\",\"description\":\"\",\"publisher\":{\"@id\":\"https:\/\/www.winespiritscollection.com\/es\/#organization\"},\"potentialAction\":[{\"@type\":\"SearchAction\",\"target\":{\"@type\":\"EntryPoint\",\"urlTemplate\":\"https:\/\/www.winespiritscollection.com\/es\/?s={search_term_string}\"},\"query-input\":{\"@type\":\"PropertyValueSpecification\",\"valueRequired\":true,\"valueName\":\"search_term_string\"}}],\"inLanguage\":\"es\"},{\"@type\":\"Organization\",\"@id\":\"https:\/\/www.winespiritscollection.com\/es\/#organization\",\"name\":\"Wine Spirits Collection\",\"url\":\"https:\/\/www.winespiritscollection.com\/es\/\",\"logo\":{\"@type\":\"ImageObject\",\"inLanguage\":\"es\",\"@id\":\"https:\/\/www.winespiritscollection.com\/es\/#\/schema\/logo\/image\/\",\"url\":\"https:\/\/www.winespiritscollection.com\/wp-content\/uploads\/2024\/03\/cropped-WINE_SPIRITS-LOGO-PRINCIPAL-NEGRE.png\",\"contentUrl\":\"https:\/\/www.winespiritscollection.com\/wp-content\/uploads\/2024\/03\/cropped-WINE_SPIRITS-LOGO-PRINCIPAL-NEGRE.png\",\"width\":2098,\"height\":1368,\"caption\":\"Wine Spirits Collection\"},\"image\":{\"@id\":\"https:\/\/www.winespiritscollection.com\/es\/#\/schema\/logo\/image\/\"}}]}<\/script>\n<!-- \/ Yoast SEO plugin. -->","yoast_head_json":{"title":"Chartreuse Tarragona amarilla seisentena 1959\/1965 - Wine Spirits Collection","description":"comprar licor chartreuse amarillo de tarragona, \u00e9poca 1959\/1965. Chartreuse es una de las botellas m\u00e1s buscadas y apreciadas por los coleccionistas.","robots":{"index":"index","follow":"follow","max-snippet":"max-snippet:-1","max-image-preview":"max-image-preview:large","max-video-preview":"max-video-preview:-1"},"canonical":"https:\/\/www.winespiritscollection.com\/es\/producto\/chartreuse-tarragona-amarilla-seisentena-1959-1965\/","og_locale":"es_ES","og_type":"article","og_title":"Chartreuse Tarragona amarilla seisentena 1959\/1965 - Wine Spirits Collection","og_description":"comprar licor chartreuse amarillo de tarragona, \u00e9poca 1959\/1965. Chartreuse es una de las botellas m\u00e1s buscadas y apreciadas por los coleccionistas.","og_url":"https:\/\/www.winespiritscollection.com\/es\/producto\/chartreuse-tarragona-amarilla-seisentena-1959-1965\/","og_site_name":"Wine Spirits Collection","og_image":[{"width":433,"height":577,"url":"https:\/\/www.winespiritscollection.com\/wp-content\/uploads\/2024\/05\/IMG_8384-removebg-preview.png","type":"image\/png"}],"twitter_card":"summary_large_image","twitter_misc":{"Tiempo de lectura":"1 minuto"},"schema":{"@context":"https:\/\/schema.org","@graph":[{"@type":"WebPage","@id":"https:\/\/www.winespiritscollection.com\/es\/producto\/chartreuse-tarragona-amarilla-seisentena-1959-1965\/","url":"https:\/\/www.winespiritscollection.com\/es\/producto\/chartreuse-tarragona-amarilla-seisentena-1959-1965\/","name":"Chartreuse Tarragona amarilla seisentena 1959\/1965 - Wine Spirits Collection","isPartOf":{"@id":"https:\/\/www.winespiritscollection.com\/es\/#website"},"primaryImageOfPage":{"@id":"https:\/\/www.winespiritscollection.com\/es\/producto\/chartreuse-tarragona-amarilla-seisentena-1959-1965\/#primaryimage"},"image":{"@id":"https:\/\/www.winespiritscollection.com\/es\/producto\/chartreuse-tarragona-amarilla-seisentena-1959-1965\/#primaryimage"},"thumbnailUrl":"https:\/\/www.winespiritscollection.com\/wp-content\/uploads\/2024\/05\/IMG_8384-removebg-preview.png","datePublished":"2024-05-15T22:48:29+00:00","description":"comprar licor chartreuse amarillo de tarragona, \u00e9poca 1959\/1965. Chartreuse es una de las botellas m\u00e1s buscadas y apreciadas por los coleccionistas.","breadcrumb":{"@id":"https:\/\/www.winespiritscollection.com\/es\/producto\/chartreuse-tarragona-amarilla-seisentena-1959-1965\/#breadcrumb"},"inLanguage":"es","potentialAction":[{"@type":"ReadAction","target":["https:\/\/www.winespiritscollection.com\/es\/producto\/chartreuse-tarragona-amarilla-seisentena-1959-1965\/"]}]},{"@type":"ImageObject","inLanguage":"es","@id":"https:\/\/www.winespiritscollection.com\/es\/producto\/chartreuse-tarragona-amarilla-seisentena-1959-1965\/#primaryimage","url":"https:\/\/www.winespiritscollection.com\/wp-content\/uploads\/2024\/05\/IMG_8384-removebg-preview.png","contentUrl":"https:\/\/www.winespiritscollection.com\/wp-content\/uploads\/2024\/05\/IMG_8384-removebg-preview.png","width":433,"height":577},{"@type":"BreadcrumbList","@id":"https:\/\/www.winespiritscollection.com\/es\/producto\/chartreuse-tarragona-amarilla-seisentena-1959-1965\/#breadcrumb","itemListElement":[{"@type":"ListItem","position":1,"name":"Portada","item":"https:\/\/www.winespiritscollection.com\/es\/"},{"@type":"ListItem","position":2,"name":"Tienda","item":"https:\/\/www.winespiritscollection.com\/es\/tienda-de-vinos-y-licores\/"},{"@type":"ListItem","position":3,"name":"Chartreuse Tarragona amarilla seisentena 1959\/1965"}]},{"@type":"WebSite","@id":"https:\/\/www.winespiritscollection.com\/es\/#website","url":"https:\/\/www.winespiritscollection.com\/es\/","name":"Wine Spirits Collection","description":"","publisher":{"@id":"https:\/\/www.winespiritscollection.com\/es\/#organization"},"potentialAction":[{"@type":"SearchAction","target":{"@type":"EntryPoint","urlTemplate":"https:\/\/www.winespiritscollection.com\/es\/?s={search_term_string}"},"query-input":{"@type":"PropertyValueSpecification","valueRequired":true,"valueName":"search_term_string"}}],"inLanguage":"es"},{"@type":"Organization","@id":"https:\/\/www.winespiritscollection.com\/es\/#organization","name":"Wine Spirits Collection","url":"https:\/\/www.winespiritscollection.com\/es\/","logo":{"@type":"ImageObject","inLanguage":"es","@id":"https:\/\/www.winespiritscollection.com\/es\/#\/schema\/logo\/image\/","url":"https:\/\/www.winespiritscollection.com\/wp-content\/uploads\/2024\/03\/cropped-WINE_SPIRITS-LOGO-PRINCIPAL-NEGRE.png","contentUrl":"https:\/\/www.winespiritscollection.com\/wp-content\/uploads\/2024\/03\/cropped-WINE_SPIRITS-LOGO-PRINCIPAL-NEGRE.png","width":2098,"height":1368,"caption":"Wine Spirits Collection"},"image":{"@id":"https:\/\/www.winespiritscollection.com\/es\/#\/schema\/logo\/image\/"}}]}},"_links":{"self":[{"href":"https:\/\/www.winespiritscollection.com\/es\/wp-json\/wp\/v2\/product\/878","targetHints":{"allow":["GET"]}}],"collection":[{"href":"https:\/\/www.winespiritscollection.com\/es\/wp-json\/wp\/v2\/product"}],"about":[{"href":"https:\/\/www.winespiritscollection.com\/es\/wp-json\/wp\/v2\/types\/product"}],"replies":[{"embeddable":true,"href":"https:\/\/www.winespiritscollection.com\/es\/wp-json\/wp\/v2\/comments?post=878"}],"wp:featuredmedia":[{"embeddable":true,"href":"https:\/\/www.winespiritscollection.com\/es\/wp-json\/wp\/v2\/media\/823"}],"wp:attachment":[{"href":"https:\/\/www.winespiritscollection.com\/es\/wp-json\/wp\/v2\/media?parent=878"}],"wp:term":[{"taxonomy":"product_brand","embeddable":true,"href":"https:\/\/www.winespiritscollection.com\/es\/wp-json\/wp\/v2\/product_brand?post=878"},{"taxonomy":"product_cat","embeddable":true,"href":"https:\/\/www.winespiritscollection.com\/es\/wp-json\/wp\/v2\/product_cat?post=878"},{"taxonomy":"product_tag","embeddable":true,"href":"https:\/\/www.winespiritscollection.com\/es\/wp-json\/wp\/v2\/product_tag?post=878"}],"curies":[{"name":"wp","href":"https:\/\/api.w.org\/{rel}","templated":true}]}}