{"id":896,"date":"2024-03-19T17:20:50","date_gmt":"2024-03-19T16:20:50","guid":{"rendered":"https:\/\/www.winespiritscollection.com\/producto\/chartreuse-santa-tecla-2004-licor-anejo-de-tarragona\/"},"modified":"2024-06-13T17:25:11","modified_gmt":"2024-06-13T15:25:11","slug":"chartreuse-santa-tecla-2004-licor-anejo-de-tarragona","status":"publish","type":"product","link":"https:\/\/www.winespiritscollection.com\/es\/producto\/chartreuse-santa-tecla-2004-licor-anejo-de-tarragona\/","title":{"rendered":"Chartreuse Santa Tecla 2004 licor a\u00f1ejo de tarragona"},"content":{"rendered":"<p>70 cl, 40% vol &#8211; Sin abrir y en perfecto estado. Con caja original. Edici\u00f3n limitada de 4000 botellas envejecidas en las viejas botas de Tarragona.<\/p>\n","protected":false},"excerpt":{"rendered":"<p>Edici\u00f3n limitada de 4000 botellas envejecidas en las viejas botas de Tarragona<\/p>\n","protected":false},"featured_media":600,"comment_status":"open","ping_status":"closed","template":"","meta":{"_acf_changed":false,"_glsr_average":0,"_glsr_ranking":0,"_glsr_reviews":0,"_joinchat":[]},"product_brand":[],"product_cat":[104],"product_tag":[129,130,131],"class_list":{"0":"post-896","1":"product","2":"type-product","3":"status-publish","4":"has-post-thumbnail","6":"product_cat-coleccion-chartreuse","7":"product_tag-chartreuse-es","8":"product_tag-liqueur-es","9":"product_tag-tarragone-es","11":"first","12":"instock","13":"taxable","14":"shipping-taxable","15":"purchasable","16":"product-type-simple"},"acf":[],"yoast_head":"<!-- This site is optimized with the Yoast SEO plugin v27.2 - https:\/\/yoast.com\/product\/yoast-seo-wordpress\/ -->\n<title>Chartreuse Santa Tecla 2004 licor a\u00f1ejo de tarragona - Wine Spirits Collection<\/title>\n<meta name=\"description\" content=\"Edici\u00f3n limitada envejecida en las viejas botas de Tarragona, Chartreuse Santa Tecla, el licor m\u00e1s coleccionable y buscado por los coleccionistas\" \/>\n<meta name=\"robots\" content=\"index, follow, max-snippet:-1, max-image-preview:large, max-video-preview:-1\" \/>\n<link rel=\"canonical\" href=\"https:\/\/www.winespiritscollection.com\/es\/producto\/chartreuse-santa-tecla-2004-licor-anejo-de-tarragona\/\" \/>\n<meta property=\"og:locale\" content=\"es_ES\" \/>\n<meta property=\"og:type\" content=\"article\" \/>\n<meta property=\"og:title\" content=\"Chartreuse Santa Tecla 2004 licor a\u00f1ejo de tarragona - Wine Spirits Collection\" \/>\n<meta property=\"og:description\" content=\"Edici\u00f3n limitada envejecida en las viejas botas de Tarragona, Chartreuse Santa Tecla, el licor m\u00e1s coleccionable y buscado por los coleccionistas\" \/>\n<meta property=\"og:url\" content=\"https:\/\/www.winespiritscollection.com\/es\/producto\/chartreuse-santa-tecla-2004-licor-anejo-de-tarragona\/\" \/>\n<meta property=\"og:site_name\" content=\"Wine Spirits Collection\" \/>\n<meta property=\"article:modified_time\" content=\"2024-06-13T15:25:11+00:00\" \/>\n<meta property=\"og:image\" content=\"https:\/\/www.winespiritscollection.com\/wp-content\/uploads\/2024\/03\/IMG_9300-removebg-preview.png\" \/>\n\t<meta property=\"og:image:width\" content=\"433\" \/>\n\t<meta property=\"og:image:height\" content=\"577\" \/>\n\t<meta property=\"og:image:type\" content=\"image\/png\" \/>\n<meta name=\"twitter:card\" content=\"summary_large_image\" \/>\n<script type=\"application\/ld+json\" class=\"yoast-schema-graph\">{\"@context\":\"https:\/\/schema.org\",\"@graph\":[{\"@type\":\"WebPage\",\"@id\":\"https:\/\/www.winespiritscollection.com\/es\/producto\/chartreuse-santa-tecla-2004-licor-anejo-de-tarragona\/\",\"url\":\"https:\/\/www.winespiritscollection.com\/es\/producto\/chartreuse-santa-tecla-2004-licor-anejo-de-tarragona\/\",\"name\":\"Chartreuse Santa Tecla 2004 licor a\u00f1ejo de tarragona - Wine Spirits Collection\",\"isPartOf\":{\"@id\":\"https:\/\/www.winespiritscollection.com\/es\/#website\"},\"primaryImageOfPage\":{\"@id\":\"https:\/\/www.winespiritscollection.com\/es\/producto\/chartreuse-santa-tecla-2004-licor-anejo-de-tarragona\/#primaryimage\"},\"image\":{\"@id\":\"https:\/\/www.winespiritscollection.com\/es\/producto\/chartreuse-santa-tecla-2004-licor-anejo-de-tarragona\/#primaryimage\"},\"thumbnailUrl\":\"https:\/\/www.winespiritscollection.com\/wp-content\/uploads\/2024\/03\/IMG_9300-removebg-preview.png\",\"datePublished\":\"2024-03-19T16:20:50+00:00\",\"dateModified\":\"2024-06-13T15:25:11+00:00\",\"description\":\"Edici\u00f3n limitada envejecida en las viejas botas de Tarragona, Chartreuse Santa Tecla, el licor m\u00e1s coleccionable y buscado por los coleccionistas\",\"breadcrumb\":{\"@id\":\"https:\/\/www.winespiritscollection.com\/es\/producto\/chartreuse-santa-tecla-2004-licor-anejo-de-tarragona\/#breadcrumb\"},\"inLanguage\":\"es\",\"potentialAction\":[{\"@type\":\"ReadAction\",\"target\":[\"https:\/\/www.winespiritscollection.com\/es\/producto\/chartreuse-santa-tecla-2004-licor-anejo-de-tarragona\/\"]}]},{\"@type\":\"ImageObject\",\"inLanguage\":\"es\",\"@id\":\"https:\/\/www.winespiritscollection.com\/es\/producto\/chartreuse-santa-tecla-2004-licor-anejo-de-tarragona\/#primaryimage\",\"url\":\"https:\/\/www.winespiritscollection.com\/wp-content\/uploads\/2024\/03\/IMG_9300-removebg-preview.png\",\"contentUrl\":\"https:\/\/www.winespiritscollection.com\/wp-content\/uploads\/2024\/03\/IMG_9300-removebg-preview.png\",\"width\":433,\"height\":577},{\"@type\":\"BreadcrumbList\",\"@id\":\"https:\/\/www.winespiritscollection.com\/es\/producto\/chartreuse-santa-tecla-2004-licor-anejo-de-tarragona\/#breadcrumb\",\"itemListElement\":[{\"@type\":\"ListItem\",\"position\":1,\"name\":\"Portada\",\"item\":\"https:\/\/www.winespiritscollection.com\/es\/\"},{\"@type\":\"ListItem\",\"position\":2,\"name\":\"Tienda\",\"item\":\"https:\/\/www.winespiritscollection.com\/es\/tienda-de-vinos-y-licores\/\"},{\"@type\":\"ListItem\",\"position\":3,\"name\":\"Chartreuse Santa Tecla 2004 licor a\u00f1ejo de tarragona\"}]},{\"@type\":\"WebSite\",\"@id\":\"https:\/\/www.winespiritscollection.com\/es\/#website\",\"url\":\"https:\/\/www.winespiritscollection.com\/es\/\",\"name\":\"Wine Spirits Collection\",\"description\":\"\",\"publisher\":{\"@id\":\"https:\/\/www.winespiritscollection.com\/es\/#organization\"},\"potentialAction\":[{\"@type\":\"SearchAction\",\"target\":{\"@type\":\"EntryPoint\",\"urlTemplate\":\"https:\/\/www.winespiritscollection.com\/es\/?s={search_term_string}\"},\"query-input\":{\"@type\":\"PropertyValueSpecification\",\"valueRequired\":true,\"valueName\":\"search_term_string\"}}],\"inLanguage\":\"es\"},{\"@type\":\"Organization\",\"@id\":\"https:\/\/www.winespiritscollection.com\/es\/#organization\",\"name\":\"Wine Spirits Collection\",\"url\":\"https:\/\/www.winespiritscollection.com\/es\/\",\"logo\":{\"@type\":\"ImageObject\",\"inLanguage\":\"es\",\"@id\":\"https:\/\/www.winespiritscollection.com\/es\/#\/schema\/logo\/image\/\",\"url\":\"https:\/\/www.winespiritscollection.com\/wp-content\/uploads\/2024\/03\/cropped-WINE_SPIRITS-LOGO-PRINCIPAL-NEGRE.png\",\"contentUrl\":\"https:\/\/www.winespiritscollection.com\/wp-content\/uploads\/2024\/03\/cropped-WINE_SPIRITS-LOGO-PRINCIPAL-NEGRE.png\",\"width\":2098,\"height\":1368,\"caption\":\"Wine Spirits Collection\"},\"image\":{\"@id\":\"https:\/\/www.winespiritscollection.com\/es\/#\/schema\/logo\/image\/\"}}]}<\/script>\n<!-- \/ Yoast SEO plugin. -->","yoast_head_json":{"title":"Chartreuse Santa Tecla 2004 licor a\u00f1ejo de tarragona - Wine Spirits Collection","description":"Edici\u00f3n limitada envejecida en las viejas botas de Tarragona, Chartreuse Santa Tecla, el licor m\u00e1s coleccionable y buscado por los coleccionistas","robots":{"index":"index","follow":"follow","max-snippet":"max-snippet:-1","max-image-preview":"max-image-preview:large","max-video-preview":"max-video-preview:-1"},"canonical":"https:\/\/www.winespiritscollection.com\/es\/producto\/chartreuse-santa-tecla-2004-licor-anejo-de-tarragona\/","og_locale":"es_ES","og_type":"article","og_title":"Chartreuse Santa Tecla 2004 licor a\u00f1ejo de tarragona - Wine Spirits Collection","og_description":"Edici\u00f3n limitada envejecida en las viejas botas de Tarragona, Chartreuse Santa Tecla, el licor m\u00e1s coleccionable y buscado por los coleccionistas","og_url":"https:\/\/www.winespiritscollection.com\/es\/producto\/chartreuse-santa-tecla-2004-licor-anejo-de-tarragona\/","og_site_name":"Wine Spirits Collection","article_modified_time":"2024-06-13T15:25:11+00:00","og_image":[{"width":433,"height":577,"url":"https:\/\/www.winespiritscollection.com\/wp-content\/uploads\/2024\/03\/IMG_9300-removebg-preview.png","type":"image\/png"}],"twitter_card":"summary_large_image","schema":{"@context":"https:\/\/schema.org","@graph":[{"@type":"WebPage","@id":"https:\/\/www.winespiritscollection.com\/es\/producto\/chartreuse-santa-tecla-2004-licor-anejo-de-tarragona\/","url":"https:\/\/www.winespiritscollection.com\/es\/producto\/chartreuse-santa-tecla-2004-licor-anejo-de-tarragona\/","name":"Chartreuse Santa Tecla 2004 licor a\u00f1ejo de tarragona - Wine Spirits Collection","isPartOf":{"@id":"https:\/\/www.winespiritscollection.com\/es\/#website"},"primaryImageOfPage":{"@id":"https:\/\/www.winespiritscollection.com\/es\/producto\/chartreuse-santa-tecla-2004-licor-anejo-de-tarragona\/#primaryimage"},"image":{"@id":"https:\/\/www.winespiritscollection.com\/es\/producto\/chartreuse-santa-tecla-2004-licor-anejo-de-tarragona\/#primaryimage"},"thumbnailUrl":"https:\/\/www.winespiritscollection.com\/wp-content\/uploads\/2024\/03\/IMG_9300-removebg-preview.png","datePublished":"2024-03-19T16:20:50+00:00","dateModified":"2024-06-13T15:25:11+00:00","description":"Edici\u00f3n limitada envejecida en las viejas botas de Tarragona, Chartreuse Santa Tecla, el licor m\u00e1s coleccionable y buscado por los coleccionistas","breadcrumb":{"@id":"https:\/\/www.winespiritscollection.com\/es\/producto\/chartreuse-santa-tecla-2004-licor-anejo-de-tarragona\/#breadcrumb"},"inLanguage":"es","potentialAction":[{"@type":"ReadAction","target":["https:\/\/www.winespiritscollection.com\/es\/producto\/chartreuse-santa-tecla-2004-licor-anejo-de-tarragona\/"]}]},{"@type":"ImageObject","inLanguage":"es","@id":"https:\/\/www.winespiritscollection.com\/es\/producto\/chartreuse-santa-tecla-2004-licor-anejo-de-tarragona\/#primaryimage","url":"https:\/\/www.winespiritscollection.com\/wp-content\/uploads\/2024\/03\/IMG_9300-removebg-preview.png","contentUrl":"https:\/\/www.winespiritscollection.com\/wp-content\/uploads\/2024\/03\/IMG_9300-removebg-preview.png","width":433,"height":577},{"@type":"BreadcrumbList","@id":"https:\/\/www.winespiritscollection.com\/es\/producto\/chartreuse-santa-tecla-2004-licor-anejo-de-tarragona\/#breadcrumb","itemListElement":[{"@type":"ListItem","position":1,"name":"Portada","item":"https:\/\/www.winespiritscollection.com\/es\/"},{"@type":"ListItem","position":2,"name":"Tienda","item":"https:\/\/www.winespiritscollection.com\/es\/tienda-de-vinos-y-licores\/"},{"@type":"ListItem","position":3,"name":"Chartreuse Santa Tecla 2004 licor a\u00f1ejo de tarragona"}]},{"@type":"WebSite","@id":"https:\/\/www.winespiritscollection.com\/es\/#website","url":"https:\/\/www.winespiritscollection.com\/es\/","name":"Wine Spirits Collection","description":"","publisher":{"@id":"https:\/\/www.winespiritscollection.com\/es\/#organization"},"potentialAction":[{"@type":"SearchAction","target":{"@type":"EntryPoint","urlTemplate":"https:\/\/www.winespiritscollection.com\/es\/?s={search_term_string}"},"query-input":{"@type":"PropertyValueSpecification","valueRequired":true,"valueName":"search_term_string"}}],"inLanguage":"es"},{"@type":"Organization","@id":"https:\/\/www.winespiritscollection.com\/es\/#organization","name":"Wine Spirits Collection","url":"https:\/\/www.winespiritscollection.com\/es\/","logo":{"@type":"ImageObject","inLanguage":"es","@id":"https:\/\/www.winespiritscollection.com\/es\/#\/schema\/logo\/image\/","url":"https:\/\/www.winespiritscollection.com\/wp-content\/uploads\/2024\/03\/cropped-WINE_SPIRITS-LOGO-PRINCIPAL-NEGRE.png","contentUrl":"https:\/\/www.winespiritscollection.com\/wp-content\/uploads\/2024\/03\/cropped-WINE_SPIRITS-LOGO-PRINCIPAL-NEGRE.png","width":2098,"height":1368,"caption":"Wine Spirits Collection"},"image":{"@id":"https:\/\/www.winespiritscollection.com\/es\/#\/schema\/logo\/image\/"}}]}},"_links":{"self":[{"href":"https:\/\/www.winespiritscollection.com\/es\/wp-json\/wp\/v2\/product\/896","targetHints":{"allow":["GET"]}}],"collection":[{"href":"https:\/\/www.winespiritscollection.com\/es\/wp-json\/wp\/v2\/product"}],"about":[{"href":"https:\/\/www.winespiritscollection.com\/es\/wp-json\/wp\/v2\/types\/product"}],"replies":[{"embeddable":true,"href":"https:\/\/www.winespiritscollection.com\/es\/wp-json\/wp\/v2\/comments?post=896"}],"wp:featuredmedia":[{"embeddable":true,"href":"https:\/\/www.winespiritscollection.com\/es\/wp-json\/wp\/v2\/media\/600"}],"wp:attachment":[{"href":"https:\/\/www.winespiritscollection.com\/es\/wp-json\/wp\/v2\/media?parent=896"}],"wp:term":[{"taxonomy":"product_brand","embeddable":true,"href":"https:\/\/www.winespiritscollection.com\/es\/wp-json\/wp\/v2\/product_brand?post=896"},{"taxonomy":"product_cat","embeddable":true,"href":"https:\/\/www.winespiritscollection.com\/es\/wp-json\/wp\/v2\/product_cat?post=896"},{"taxonomy":"product_tag","embeddable":true,"href":"https:\/\/www.winespiritscollection.com\/es\/wp-json\/wp\/v2\/product_tag?post=896"}],"curies":[{"name":"wp","href":"https:\/\/api.w.org\/{rel}","templated":true}]}}