{"id":899,"date":"2023-12-21T00:00:00","date_gmt":"2023-12-20T23:00:00","guid":{"rendered":"https:\/\/www.winespiritscollection.com\/producto\/federico-paternina-gran-reserva-60s-4-botellas\/"},"modified":"2023-12-21T00:00:00","modified_gmt":"2023-12-20T23:00:00","slug":"federico-paternina-gran-reserva-60s-4-botellas","status":"publish","type":"product","link":"https:\/\/www.winespiritscollection.com\/es\/producto\/federico-paternina-gran-reserva-60s-4-botellas\/","title":{"rendered":"Federico Paternina gran reserva 60s (4 botellas)"},"content":{"rendered":"<p>A\u00f1o de fundaci\u00f3n: 1896<\/p>\n<p>Bodegas Paternina es la primera gran empresa vitivin\u00edcola de Rioja; los m\u00e1s influyentes, din\u00e1micos y econ\u00f3micamente poderosos. Sus or\u00edgenes se remontan a Eduardo de Paternina, padre de Federico y marqu\u00e9s de Ter\u00e1n, uno de los precursores de la viticultura moderna en Rioja a petici\u00f3n de su \u00edntimo amigo el bar\u00f3n de Rothschild que a\u00f1os antes hab\u00eda adquirido Ch\u00e2teau Brane-Mouton.<\/p>\n<p>En 1898 Federico de Paternina Josu\u00e9 adquiere tres bodegas en el municipio de Ollauri y funda su propia empresa. Los inicios fueron apasionantes y llenos de grandes \u00e9xitos. Los vinos de Paternina fueron reconocidos como los mejores de Espa\u00f1a. La entrada del banquero logro\u00f1o Joaqu\u00edn Herro de la Riva como m\u00e1ximo accionista consolid\u00f3 la posici\u00f3n privilegiada de esta legendaria bodega.<\/p>\n<p>Algunos de los mejores vinos elaborados en Espa\u00f1a proceden de las antiguas bodegas de Ollauri. De los lagares subterr\u00e1neos del Conde de los Andes surgi\u00f3 el que fue durante a\u00f1os el Gran Reserva m\u00e1s exclusivo de Rioja. Los vinos de Paternina son referentes ineludibles para varias generaciones de espa\u00f1oles.<\/p>\n<p>Vinos hist\u00f3ricos: Paternina &#8220;Cepa Sauternes&#8221; (blanco), Paternina &#8220;Cepa Rhin&#8221; (blanco), Paternina &#8220;Cepa Chablis&#8221; (blanco), Paternina Rhin Gran Reserva (blanco), Paternina Blanco Seco, Paternina Banda Dorada (blanco), Paternina Rinsol (blanco), Paternina Rosado 4\u00ba A\u00f1o, Paternina Monte-Haro (blanco, semidulce, dulce), Paternina Banda Azul, Paternina Vi\u00f1a Vial, Paternina &#8220;Cepa Burgo\u00f1a&#8221;, Paternina Gran Reserva, Conde de los Andes Gran Reserva.<\/p>\n","protected":false},"excerpt":{"rendered":"<p>El precio es por 4 unidades, si quieres unidades individuales tambi\u00e9n es posible si contactas con nosotros por email<\/p>\n<p>Bodega: BODEGAS PATERNINA<br \/>\nD.O.\/Zone: D.O.RIOJA<br \/>\npais espa\u00f1a<br \/>\nUbicaci\u00f3n: FUENMAYOR<br \/>\nTipo de vino: Tinto<br \/>\nEnvejecimiento: Con envejecimiento<br \/>\nGraduaci\u00f3n (vol): 14%<br \/>\nCapacidad: 75cl<\/p>\n","protected":false},"featured_media":594,"comment_status":"open","ping_status":"closed","template":"","meta":{"_acf_changed":false,"_glsr_average":0,"_glsr_ranking":0,"_glsr_reviews":0,"_joinchat":[]},"product_brand":[],"product_cat":[106,111],"product_tag":[],"class_list":{"0":"post-899","1":"product","2":"type-product","3":"status-publish","4":"has-post-thumbnail","6":"product_cat-coleccion-vinos","7":"product_cat-rioja-es","9":"first","10":"instock","11":"taxable","12":"shipping-taxable","13":"purchasable","14":"product-type-simple"},"acf":[],"yoast_head":"<!-- This site is optimized with the Yoast SEO plugin v27.2 - https:\/\/yoast.com\/product\/yoast-seo-wordpress\/ -->\n<title>Federico Paternina gran reserva 60s (4 botellas) - Wine Spirits Collection<\/title>\n<meta name=\"robots\" content=\"index, follow, max-snippet:-1, max-image-preview:large, max-video-preview:-1\" \/>\n<link rel=\"canonical\" href=\"https:\/\/www.winespiritscollection.com\/es\/producto\/federico-paternina-gran-reserva-60s-4-botellas\/\" \/>\n<meta property=\"og:locale\" content=\"es_ES\" \/>\n<meta property=\"og:type\" content=\"article\" \/>\n<meta property=\"og:title\" content=\"Federico Paternina gran reserva 60s (4 botellas) - Wine Spirits Collection\" \/>\n<meta property=\"og:description\" content=\"El precio es por 4 unidades, si quieres unidades individuales tambi\u00e9n es posible si contactas con nosotros por email Bodega: BODEGAS PATERNINA D.O.\/Zone: D.O.RIOJA pais espa\u00f1a Ubicaci\u00f3n: FUENMAYOR Tipo de vino: Tinto Envejecimiento: Con envejecimiento Graduaci\u00f3n (vol): 14% Capacidad: 75cl\" \/>\n<meta property=\"og:url\" content=\"https:\/\/www.winespiritscollection.com\/es\/producto\/federico-paternina-gran-reserva-60s-4-botellas\/\" \/>\n<meta property=\"og:site_name\" content=\"Wine Spirits Collection\" \/>\n<meta property=\"og:image\" content=\"https:\/\/www.winespiritscollection.com\/wp-content\/uploads\/2024\/03\/IMG_2833-removebg-preview.png\" \/>\n\t<meta property=\"og:image:width\" content=\"433\" \/>\n\t<meta property=\"og:image:height\" content=\"577\" \/>\n\t<meta property=\"og:image:type\" content=\"image\/png\" \/>\n<meta name=\"twitter:card\" content=\"summary_large_image\" \/>\n<meta name=\"twitter:label1\" content=\"Tiempo de lectura\" \/>\n\t<meta name=\"twitter:data1\" content=\"1 minuto\" \/>\n<script type=\"application\/ld+json\" class=\"yoast-schema-graph\">{\"@context\":\"https:\/\/schema.org\",\"@graph\":[{\"@type\":\"WebPage\",\"@id\":\"https:\/\/www.winespiritscollection.com\/es\/producto\/federico-paternina-gran-reserva-60s-4-botellas\/\",\"url\":\"https:\/\/www.winespiritscollection.com\/es\/producto\/federico-paternina-gran-reserva-60s-4-botellas\/\",\"name\":\"Federico Paternina gran reserva 60s (4 botellas) - Wine Spirits Collection\",\"isPartOf\":{\"@id\":\"https:\/\/www.winespiritscollection.com\/es\/#website\"},\"primaryImageOfPage\":{\"@id\":\"https:\/\/www.winespiritscollection.com\/es\/producto\/federico-paternina-gran-reserva-60s-4-botellas\/#primaryimage\"},\"image\":{\"@id\":\"https:\/\/www.winespiritscollection.com\/es\/producto\/federico-paternina-gran-reserva-60s-4-botellas\/#primaryimage\"},\"thumbnailUrl\":\"https:\/\/www.winespiritscollection.com\/wp-content\/uploads\/2024\/03\/IMG_2833-removebg-preview.png\",\"datePublished\":\"2023-12-20T23:00:00+00:00\",\"breadcrumb\":{\"@id\":\"https:\/\/www.winespiritscollection.com\/es\/producto\/federico-paternina-gran-reserva-60s-4-botellas\/#breadcrumb\"},\"inLanguage\":\"es\",\"potentialAction\":[{\"@type\":\"ReadAction\",\"target\":[\"https:\/\/www.winespiritscollection.com\/es\/producto\/federico-paternina-gran-reserva-60s-4-botellas\/\"]}]},{\"@type\":\"ImageObject\",\"inLanguage\":\"es\",\"@id\":\"https:\/\/www.winespiritscollection.com\/es\/producto\/federico-paternina-gran-reserva-60s-4-botellas\/#primaryimage\",\"url\":\"https:\/\/www.winespiritscollection.com\/wp-content\/uploads\/2024\/03\/IMG_2833-removebg-preview.png\",\"contentUrl\":\"https:\/\/www.winespiritscollection.com\/wp-content\/uploads\/2024\/03\/IMG_2833-removebg-preview.png\",\"width\":433,\"height\":577},{\"@type\":\"BreadcrumbList\",\"@id\":\"https:\/\/www.winespiritscollection.com\/es\/producto\/federico-paternina-gran-reserva-60s-4-botellas\/#breadcrumb\",\"itemListElement\":[{\"@type\":\"ListItem\",\"position\":1,\"name\":\"Portada\",\"item\":\"https:\/\/www.winespiritscollection.com\/es\/\"},{\"@type\":\"ListItem\",\"position\":2,\"name\":\"Tienda\",\"item\":\"https:\/\/www.winespiritscollection.com\/es\/tienda-de-vinos-y-licores\/\"},{\"@type\":\"ListItem\",\"position\":3,\"name\":\"Federico Paternina gran reserva 60s (4 botellas)\"}]},{\"@type\":\"WebSite\",\"@id\":\"https:\/\/www.winespiritscollection.com\/es\/#website\",\"url\":\"https:\/\/www.winespiritscollection.com\/es\/\",\"name\":\"Wine Spirits Collection\",\"description\":\"\",\"publisher\":{\"@id\":\"https:\/\/www.winespiritscollection.com\/es\/#organization\"},\"potentialAction\":[{\"@type\":\"SearchAction\",\"target\":{\"@type\":\"EntryPoint\",\"urlTemplate\":\"https:\/\/www.winespiritscollection.com\/es\/?s={search_term_string}\"},\"query-input\":{\"@type\":\"PropertyValueSpecification\",\"valueRequired\":true,\"valueName\":\"search_term_string\"}}],\"inLanguage\":\"es\"},{\"@type\":\"Organization\",\"@id\":\"https:\/\/www.winespiritscollection.com\/es\/#organization\",\"name\":\"Wine Spirits Collection\",\"url\":\"https:\/\/www.winespiritscollection.com\/es\/\",\"logo\":{\"@type\":\"ImageObject\",\"inLanguage\":\"es\",\"@id\":\"https:\/\/www.winespiritscollection.com\/es\/#\/schema\/logo\/image\/\",\"url\":\"https:\/\/www.winespiritscollection.com\/wp-content\/uploads\/2024\/03\/cropped-WINE_SPIRITS-LOGO-PRINCIPAL-NEGRE.png\",\"contentUrl\":\"https:\/\/www.winespiritscollection.com\/wp-content\/uploads\/2024\/03\/cropped-WINE_SPIRITS-LOGO-PRINCIPAL-NEGRE.png\",\"width\":2098,\"height\":1368,\"caption\":\"Wine Spirits Collection\"},\"image\":{\"@id\":\"https:\/\/www.winespiritscollection.com\/es\/#\/schema\/logo\/image\/\"}}]}<\/script>\n<!-- \/ Yoast SEO plugin. -->","yoast_head_json":{"title":"Federico Paternina gran reserva 60s (4 botellas) - Wine Spirits Collection","robots":{"index":"index","follow":"follow","max-snippet":"max-snippet:-1","max-image-preview":"max-image-preview:large","max-video-preview":"max-video-preview:-1"},"canonical":"https:\/\/www.winespiritscollection.com\/es\/producto\/federico-paternina-gran-reserva-60s-4-botellas\/","og_locale":"es_ES","og_type":"article","og_title":"Federico Paternina gran reserva 60s (4 botellas) - Wine Spirits Collection","og_description":"El precio es por 4 unidades, si quieres unidades individuales tambi\u00e9n es posible si contactas con nosotros por email Bodega: BODEGAS PATERNINA D.O.\/Zone: D.O.RIOJA pais espa\u00f1a Ubicaci\u00f3n: FUENMAYOR Tipo de vino: Tinto Envejecimiento: Con envejecimiento Graduaci\u00f3n (vol): 14% Capacidad: 75cl","og_url":"https:\/\/www.winespiritscollection.com\/es\/producto\/federico-paternina-gran-reserva-60s-4-botellas\/","og_site_name":"Wine Spirits Collection","og_image":[{"width":433,"height":577,"url":"https:\/\/www.winespiritscollection.com\/wp-content\/uploads\/2024\/03\/IMG_2833-removebg-preview.png","type":"image\/png"}],"twitter_card":"summary_large_image","twitter_misc":{"Tiempo de lectura":"1 minuto"},"schema":{"@context":"https:\/\/schema.org","@graph":[{"@type":"WebPage","@id":"https:\/\/www.winespiritscollection.com\/es\/producto\/federico-paternina-gran-reserva-60s-4-botellas\/","url":"https:\/\/www.winespiritscollection.com\/es\/producto\/federico-paternina-gran-reserva-60s-4-botellas\/","name":"Federico Paternina gran reserva 60s (4 botellas) - Wine Spirits Collection","isPartOf":{"@id":"https:\/\/www.winespiritscollection.com\/es\/#website"},"primaryImageOfPage":{"@id":"https:\/\/www.winespiritscollection.com\/es\/producto\/federico-paternina-gran-reserva-60s-4-botellas\/#primaryimage"},"image":{"@id":"https:\/\/www.winespiritscollection.com\/es\/producto\/federico-paternina-gran-reserva-60s-4-botellas\/#primaryimage"},"thumbnailUrl":"https:\/\/www.winespiritscollection.com\/wp-content\/uploads\/2024\/03\/IMG_2833-removebg-preview.png","datePublished":"2023-12-20T23:00:00+00:00","breadcrumb":{"@id":"https:\/\/www.winespiritscollection.com\/es\/producto\/federico-paternina-gran-reserva-60s-4-botellas\/#breadcrumb"},"inLanguage":"es","potentialAction":[{"@type":"ReadAction","target":["https:\/\/www.winespiritscollection.com\/es\/producto\/federico-paternina-gran-reserva-60s-4-botellas\/"]}]},{"@type":"ImageObject","inLanguage":"es","@id":"https:\/\/www.winespiritscollection.com\/es\/producto\/federico-paternina-gran-reserva-60s-4-botellas\/#primaryimage","url":"https:\/\/www.winespiritscollection.com\/wp-content\/uploads\/2024\/03\/IMG_2833-removebg-preview.png","contentUrl":"https:\/\/www.winespiritscollection.com\/wp-content\/uploads\/2024\/03\/IMG_2833-removebg-preview.png","width":433,"height":577},{"@type":"BreadcrumbList","@id":"https:\/\/www.winespiritscollection.com\/es\/producto\/federico-paternina-gran-reserva-60s-4-botellas\/#breadcrumb","itemListElement":[{"@type":"ListItem","position":1,"name":"Portada","item":"https:\/\/www.winespiritscollection.com\/es\/"},{"@type":"ListItem","position":2,"name":"Tienda","item":"https:\/\/www.winespiritscollection.com\/es\/tienda-de-vinos-y-licores\/"},{"@type":"ListItem","position":3,"name":"Federico Paternina gran reserva 60s (4 botellas)"}]},{"@type":"WebSite","@id":"https:\/\/www.winespiritscollection.com\/es\/#website","url":"https:\/\/www.winespiritscollection.com\/es\/","name":"Wine Spirits Collection","description":"","publisher":{"@id":"https:\/\/www.winespiritscollection.com\/es\/#organization"},"potentialAction":[{"@type":"SearchAction","target":{"@type":"EntryPoint","urlTemplate":"https:\/\/www.winespiritscollection.com\/es\/?s={search_term_string}"},"query-input":{"@type":"PropertyValueSpecification","valueRequired":true,"valueName":"search_term_string"}}],"inLanguage":"es"},{"@type":"Organization","@id":"https:\/\/www.winespiritscollection.com\/es\/#organization","name":"Wine Spirits Collection","url":"https:\/\/www.winespiritscollection.com\/es\/","logo":{"@type":"ImageObject","inLanguage":"es","@id":"https:\/\/www.winespiritscollection.com\/es\/#\/schema\/logo\/image\/","url":"https:\/\/www.winespiritscollection.com\/wp-content\/uploads\/2024\/03\/cropped-WINE_SPIRITS-LOGO-PRINCIPAL-NEGRE.png","contentUrl":"https:\/\/www.winespiritscollection.com\/wp-content\/uploads\/2024\/03\/cropped-WINE_SPIRITS-LOGO-PRINCIPAL-NEGRE.png","width":2098,"height":1368,"caption":"Wine Spirits Collection"},"image":{"@id":"https:\/\/www.winespiritscollection.com\/es\/#\/schema\/logo\/image\/"}}]}},"_links":{"self":[{"href":"https:\/\/www.winespiritscollection.com\/es\/wp-json\/wp\/v2\/product\/899","targetHints":{"allow":["GET"]}}],"collection":[{"href":"https:\/\/www.winespiritscollection.com\/es\/wp-json\/wp\/v2\/product"}],"about":[{"href":"https:\/\/www.winespiritscollection.com\/es\/wp-json\/wp\/v2\/types\/product"}],"replies":[{"embeddable":true,"href":"https:\/\/www.winespiritscollection.com\/es\/wp-json\/wp\/v2\/comments?post=899"}],"wp:featuredmedia":[{"embeddable":true,"href":"https:\/\/www.winespiritscollection.com\/es\/wp-json\/wp\/v2\/media\/594"}],"wp:attachment":[{"href":"https:\/\/www.winespiritscollection.com\/es\/wp-json\/wp\/v2\/media?parent=899"}],"wp:term":[{"taxonomy":"product_brand","embeddable":true,"href":"https:\/\/www.winespiritscollection.com\/es\/wp-json\/wp\/v2\/product_brand?post=899"},{"taxonomy":"product_cat","embeddable":true,"href":"https:\/\/www.winespiritscollection.com\/es\/wp-json\/wp\/v2\/product_cat?post=899"},{"taxonomy":"product_tag","embeddable":true,"href":"https:\/\/www.winespiritscollection.com\/es\/wp-json\/wp\/v2\/product_tag?post=899"}],"curies":[{"name":"wp","href":"https:\/\/api.w.org\/{rel}","templated":true}]}}