{"id":1098,"date":"2024-07-04T00:07:47","date_gmt":"2024-07-03T22:07:47","guid":{"rendered":"https:\/\/www.winespiritscollection.com\/producto\/whisky-jack-daniels-single-barrel-tenessee-avec-boite-originale-en-edition-limitee\/"},"modified":"2024-07-04T00:07:47","modified_gmt":"2024-07-03T22:07:47","slug":"whisky-jack-daniels-single-barrel-tenessee-avec-boite-originale-en-edition-limitee","status":"publish","type":"product","link":"https:\/\/www.winespiritscollection.com\/fr\/producto\/whisky-jack-daniels-single-barrel-tenessee-avec-boite-originale-en-edition-limitee\/","title":{"rendered":"Whisky Jack Daniel&#8217;s Single Barrel Tenessee avec bo\u00eete originale en \u00e9dition limit\u00e9e"},"content":{"rendered":"<p>Le whisky Jack Daniel&#8217;s Single Barrel est une expression haut de gamme de la distillerie embl\u00e9matique Jack Daniel&#8217;s, situ\u00e9e \u00e0 Lynchburg, Tennessee. Ci-dessous une description d\u00e9taill\u00e9e de cette ancienne version :<\/p>\n<p>Le Old Jack Daniel&#8217;s Single Barrel t\u00e9moigne de l&#8217;engagement de la distillerie envers l&#8217;artisanat et la qualit\u00e9, offrant une exp\u00e9rience de d\u00e9gustation distinctive qui met en valeur les meilleures caract\u00e9ristiques du whisky du Tennessee.<\/p>\n","protected":false},"excerpt":{"rendered":"<p>Jack Daniel&#8217;s Single Barrel est un whisky premium du Tennessee, s\u00e9lectionn\u00e9 \u00e0 partir de f\u00fbts uniques pour leur qualit\u00e9 exceptionnelle. Il pr\u00e9sente une robe ambr\u00e9e profonde et offre des ar\u00f4mes complexes de vanille, de caramel, de ch\u00eane grill\u00e9 et de fruits m\u00fbrs. En bouche, il est charpent\u00e9 et nuanc\u00e9 avec des saveurs de miel, de caramel, de noix grill\u00e9es et d&#8217;\u00e9pices. Sa finale est longue et persistante, avec une touche chaleureuse de ch\u00eane et d&#8217;\u00e9pices. Avec une teneur en alcool g\u00e9n\u00e9ralement comprise entre 45 et 50 %, chaque bouteille est unique et se distingue par sa pr\u00e9sentation \u00e9l\u00e9gante et d\u00e9taill\u00e9e. Cette bouteille sp\u00e9cifique mesure 70 cl et titre 40\u00ba d&#8217;alcool.<\/p>\n","protected":false},"featured_media":1059,"comment_status":"closed","ping_status":"closed","template":"","meta":{"_acf_changed":false,"_glsr_average":0,"_glsr_ranking":0,"_glsr_reviews":0,"_joinchat":[]},"product_brand":[],"product_cat":[114],"product_tag":[149,147,150,145,148,146],"class_list":{"0":"post-1098","1":"product","2":"type-product","3":"status-publish","4":"has-post-thumbnail","6":"product_cat-collection-de-liqueurs","7":"product_tag-collection-fr","8":"product_tag-jack-daniels-fr","9":"product_tag-single-fr","10":"product_tag-spirits-fr","11":"product_tag-tenessee-fr","12":"product_tag-whisky-fr","14":"first","15":"instock","16":"taxable","17":"shipping-taxable","18":"purchasable","19":"product-type-simple"},"acf":[],"yoast_head":"<!-- This site is optimized with the Yoast SEO plugin v27.2 - https:\/\/yoast.com\/product\/yoast-seo-wordpress\/ -->\n<title>Whisky Jack Daniel&#039;s single barrel Tenessee<\/title>\n<meta name=\"description\" content=\"Le Old Jack Daniel&#039;s Single Barrel t\u00e9moigne de l&#039;engagement de la distillerie envers l&#039;artisanat et la qualit\u00e9, ainsi que la bonne fabrication du whisky.\" \/>\n<meta name=\"robots\" content=\"index, follow, max-snippet:-1, max-image-preview:large, max-video-preview:-1\" \/>\n<link rel=\"canonical\" href=\"https:\/\/www.winespiritscollection.com\/fr\/producto\/whisky-jack-daniels-single-barrel-tenessee-avec-boite-originale-en-edition-limitee\/\" \/>\n<meta property=\"og:locale\" content=\"fr_FR\" \/>\n<meta property=\"og:type\" content=\"article\" \/>\n<meta property=\"og:title\" content=\"Whisky Jack Daniel&#039;s single barrel Tenessee\" \/>\n<meta property=\"og:description\" content=\"Le Old Jack Daniel&#039;s Single Barrel t\u00e9moigne de l&#039;engagement de la distillerie envers l&#039;artisanat et la qualit\u00e9, ainsi que la bonne fabrication du whisky.\" \/>\n<meta property=\"og:url\" content=\"https:\/\/www.winespiritscollection.com\/fr\/producto\/whisky-jack-daniels-single-barrel-tenessee-avec-boite-originale-en-edition-limitee\/\" \/>\n<meta property=\"og:site_name\" content=\"Wine Spirits Collection\" \/>\n<meta property=\"og:image\" content=\"https:\/\/www.winespiritscollection.com\/wp-content\/uploads\/2024\/07\/IMG_8424-removebg-preview.png\" \/>\n\t<meta property=\"og:image:width\" content=\"433\" \/>\n\t<meta property=\"og:image:height\" content=\"577\" \/>\n\t<meta property=\"og:image:type\" content=\"image\/png\" \/>\n<meta name=\"twitter:card\" content=\"summary_large_image\" \/>\n<script type=\"application\/ld+json\" class=\"yoast-schema-graph\">{\"@context\":\"https:\/\/schema.org\",\"@graph\":[{\"@type\":\"WebPage\",\"@id\":\"https:\/\/www.winespiritscollection.com\/fr\/producto\/whisky-jack-daniels-single-barrel-tenessee-avec-boite-originale-en-edition-limitee\/\",\"url\":\"https:\/\/www.winespiritscollection.com\/fr\/producto\/whisky-jack-daniels-single-barrel-tenessee-avec-boite-originale-en-edition-limitee\/\",\"name\":\"Whisky Jack Daniel's single barrel Tenessee\",\"isPartOf\":{\"@id\":\"https:\/\/www.winespiritscollection.com\/fr\/#website\"},\"primaryImageOfPage\":{\"@id\":\"https:\/\/www.winespiritscollection.com\/fr\/producto\/whisky-jack-daniels-single-barrel-tenessee-avec-boite-originale-en-edition-limitee\/#primaryimage\"},\"image\":{\"@id\":\"https:\/\/www.winespiritscollection.com\/fr\/producto\/whisky-jack-daniels-single-barrel-tenessee-avec-boite-originale-en-edition-limitee\/#primaryimage\"},\"thumbnailUrl\":\"https:\/\/www.winespiritscollection.com\/wp-content\/uploads\/2024\/07\/IMG_8424-removebg-preview.png\",\"datePublished\":\"2024-07-03T22:07:47+00:00\",\"description\":\"Le Old Jack Daniel's Single Barrel t\u00e9moigne de l'engagement de la distillerie envers l'artisanat et la qualit\u00e9, ainsi que la bonne fabrication du whisky.\",\"breadcrumb\":{\"@id\":\"https:\/\/www.winespiritscollection.com\/fr\/producto\/whisky-jack-daniels-single-barrel-tenessee-avec-boite-originale-en-edition-limitee\/#breadcrumb\"},\"inLanguage\":\"fr-FR\",\"potentialAction\":[{\"@type\":\"ReadAction\",\"target\":[\"https:\/\/www.winespiritscollection.com\/fr\/producto\/whisky-jack-daniels-single-barrel-tenessee-avec-boite-originale-en-edition-limitee\/\"]}]},{\"@type\":\"ImageObject\",\"inLanguage\":\"fr-FR\",\"@id\":\"https:\/\/www.winespiritscollection.com\/fr\/producto\/whisky-jack-daniels-single-barrel-tenessee-avec-boite-originale-en-edition-limitee\/#primaryimage\",\"url\":\"https:\/\/www.winespiritscollection.com\/wp-content\/uploads\/2024\/07\/IMG_8424-removebg-preview.png\",\"contentUrl\":\"https:\/\/www.winespiritscollection.com\/wp-content\/uploads\/2024\/07\/IMG_8424-removebg-preview.png\",\"width\":433,\"height\":577},{\"@type\":\"BreadcrumbList\",\"@id\":\"https:\/\/www.winespiritscollection.com\/fr\/producto\/whisky-jack-daniels-single-barrel-tenessee-avec-boite-originale-en-edition-limitee\/#breadcrumb\",\"itemListElement\":[{\"@type\":\"ListItem\",\"position\":1,\"name\":\"Portada\",\"item\":\"https:\/\/www.winespiritscollection.com\/fr\/\"},{\"@type\":\"ListItem\",\"position\":2,\"name\":\"Boutique\",\"item\":\"https:\/\/www.winespiritscollection.com\/fr\/boutique-de-vins-et-spiritueux\/\"},{\"@type\":\"ListItem\",\"position\":3,\"name\":\"Whisky Jack Daniel&#8217;s Single Barrel Tenessee avec bo\u00eete originale en \u00e9dition limit\u00e9e\"}]},{\"@type\":\"WebSite\",\"@id\":\"https:\/\/www.winespiritscollection.com\/fr\/#website\",\"url\":\"https:\/\/www.winespiritscollection.com\/fr\/\",\"name\":\"Wine Spirits Collection\",\"description\":\"\",\"publisher\":{\"@id\":\"https:\/\/www.winespiritscollection.com\/fr\/#organization\"},\"potentialAction\":[{\"@type\":\"SearchAction\",\"target\":{\"@type\":\"EntryPoint\",\"urlTemplate\":\"https:\/\/www.winespiritscollection.com\/fr\/?s={search_term_string}\"},\"query-input\":{\"@type\":\"PropertyValueSpecification\",\"valueRequired\":true,\"valueName\":\"search_term_string\"}}],\"inLanguage\":\"fr-FR\"},{\"@type\":\"Organization\",\"@id\":\"https:\/\/www.winespiritscollection.com\/fr\/#organization\",\"name\":\"Wine Spirits Collection\",\"url\":\"https:\/\/www.winespiritscollection.com\/fr\/\",\"logo\":{\"@type\":\"ImageObject\",\"inLanguage\":\"fr-FR\",\"@id\":\"https:\/\/www.winespiritscollection.com\/fr\/#\/schema\/logo\/image\/\",\"url\":\"https:\/\/www.winespiritscollection.com\/wp-content\/uploads\/2024\/03\/cropped-WINE_SPIRITS-LOGO-PRINCIPAL-NEGRE.png\",\"contentUrl\":\"https:\/\/www.winespiritscollection.com\/wp-content\/uploads\/2024\/03\/cropped-WINE_SPIRITS-LOGO-PRINCIPAL-NEGRE.png\",\"width\":2098,\"height\":1368,\"caption\":\"Wine Spirits Collection\"},\"image\":{\"@id\":\"https:\/\/www.winespiritscollection.com\/fr\/#\/schema\/logo\/image\/\"}}]}<\/script>\n<!-- \/ Yoast SEO plugin. -->","yoast_head_json":{"title":"Whisky Jack Daniel's single barrel Tenessee","description":"Le Old Jack Daniel's Single Barrel t\u00e9moigne de l'engagement de la distillerie envers l'artisanat et la qualit\u00e9, ainsi que la bonne fabrication du whisky.","robots":{"index":"index","follow":"follow","max-snippet":"max-snippet:-1","max-image-preview":"max-image-preview:large","max-video-preview":"max-video-preview:-1"},"canonical":"https:\/\/www.winespiritscollection.com\/fr\/producto\/whisky-jack-daniels-single-barrel-tenessee-avec-boite-originale-en-edition-limitee\/","og_locale":"fr_FR","og_type":"article","og_title":"Whisky Jack Daniel's single barrel Tenessee","og_description":"Le Old Jack Daniel's Single Barrel t\u00e9moigne de l'engagement de la distillerie envers l'artisanat et la qualit\u00e9, ainsi que la bonne fabrication du whisky.","og_url":"https:\/\/www.winespiritscollection.com\/fr\/producto\/whisky-jack-daniels-single-barrel-tenessee-avec-boite-originale-en-edition-limitee\/","og_site_name":"Wine Spirits Collection","og_image":[{"width":433,"height":577,"url":"https:\/\/www.winespiritscollection.com\/wp-content\/uploads\/2024\/07\/IMG_8424-removebg-preview.png","type":"image\/png"}],"twitter_card":"summary_large_image","schema":{"@context":"https:\/\/schema.org","@graph":[{"@type":"WebPage","@id":"https:\/\/www.winespiritscollection.com\/fr\/producto\/whisky-jack-daniels-single-barrel-tenessee-avec-boite-originale-en-edition-limitee\/","url":"https:\/\/www.winespiritscollection.com\/fr\/producto\/whisky-jack-daniels-single-barrel-tenessee-avec-boite-originale-en-edition-limitee\/","name":"Whisky Jack Daniel's single barrel Tenessee","isPartOf":{"@id":"https:\/\/www.winespiritscollection.com\/fr\/#website"},"primaryImageOfPage":{"@id":"https:\/\/www.winespiritscollection.com\/fr\/producto\/whisky-jack-daniels-single-barrel-tenessee-avec-boite-originale-en-edition-limitee\/#primaryimage"},"image":{"@id":"https:\/\/www.winespiritscollection.com\/fr\/producto\/whisky-jack-daniels-single-barrel-tenessee-avec-boite-originale-en-edition-limitee\/#primaryimage"},"thumbnailUrl":"https:\/\/www.winespiritscollection.com\/wp-content\/uploads\/2024\/07\/IMG_8424-removebg-preview.png","datePublished":"2024-07-03T22:07:47+00:00","description":"Le Old Jack Daniel's Single Barrel t\u00e9moigne de l'engagement de la distillerie envers l'artisanat et la qualit\u00e9, ainsi que la bonne fabrication du whisky.","breadcrumb":{"@id":"https:\/\/www.winespiritscollection.com\/fr\/producto\/whisky-jack-daniels-single-barrel-tenessee-avec-boite-originale-en-edition-limitee\/#breadcrumb"},"inLanguage":"fr-FR","potentialAction":[{"@type":"ReadAction","target":["https:\/\/www.winespiritscollection.com\/fr\/producto\/whisky-jack-daniels-single-barrel-tenessee-avec-boite-originale-en-edition-limitee\/"]}]},{"@type":"ImageObject","inLanguage":"fr-FR","@id":"https:\/\/www.winespiritscollection.com\/fr\/producto\/whisky-jack-daniels-single-barrel-tenessee-avec-boite-originale-en-edition-limitee\/#primaryimage","url":"https:\/\/www.winespiritscollection.com\/wp-content\/uploads\/2024\/07\/IMG_8424-removebg-preview.png","contentUrl":"https:\/\/www.winespiritscollection.com\/wp-content\/uploads\/2024\/07\/IMG_8424-removebg-preview.png","width":433,"height":577},{"@type":"BreadcrumbList","@id":"https:\/\/www.winespiritscollection.com\/fr\/producto\/whisky-jack-daniels-single-barrel-tenessee-avec-boite-originale-en-edition-limitee\/#breadcrumb","itemListElement":[{"@type":"ListItem","position":1,"name":"Portada","item":"https:\/\/www.winespiritscollection.com\/fr\/"},{"@type":"ListItem","position":2,"name":"Boutique","item":"https:\/\/www.winespiritscollection.com\/fr\/boutique-de-vins-et-spiritueux\/"},{"@type":"ListItem","position":3,"name":"Whisky Jack Daniel&#8217;s Single Barrel Tenessee avec bo\u00eete originale en \u00e9dition limit\u00e9e"}]},{"@type":"WebSite","@id":"https:\/\/www.winespiritscollection.com\/fr\/#website","url":"https:\/\/www.winespiritscollection.com\/fr\/","name":"Wine Spirits Collection","description":"","publisher":{"@id":"https:\/\/www.winespiritscollection.com\/fr\/#organization"},"potentialAction":[{"@type":"SearchAction","target":{"@type":"EntryPoint","urlTemplate":"https:\/\/www.winespiritscollection.com\/fr\/?s={search_term_string}"},"query-input":{"@type":"PropertyValueSpecification","valueRequired":true,"valueName":"search_term_string"}}],"inLanguage":"fr-FR"},{"@type":"Organization","@id":"https:\/\/www.winespiritscollection.com\/fr\/#organization","name":"Wine Spirits Collection","url":"https:\/\/www.winespiritscollection.com\/fr\/","logo":{"@type":"ImageObject","inLanguage":"fr-FR","@id":"https:\/\/www.winespiritscollection.com\/fr\/#\/schema\/logo\/image\/","url":"https:\/\/www.winespiritscollection.com\/wp-content\/uploads\/2024\/03\/cropped-WINE_SPIRITS-LOGO-PRINCIPAL-NEGRE.png","contentUrl":"https:\/\/www.winespiritscollection.com\/wp-content\/uploads\/2024\/03\/cropped-WINE_SPIRITS-LOGO-PRINCIPAL-NEGRE.png","width":2098,"height":1368,"caption":"Wine Spirits Collection"},"image":{"@id":"https:\/\/www.winespiritscollection.com\/fr\/#\/schema\/logo\/image\/"}}]}},"_links":{"self":[{"href":"https:\/\/www.winespiritscollection.com\/fr\/wp-json\/wp\/v2\/product\/1098","targetHints":{"allow":["GET"]}}],"collection":[{"href":"https:\/\/www.winespiritscollection.com\/fr\/wp-json\/wp\/v2\/product"}],"about":[{"href":"https:\/\/www.winespiritscollection.com\/fr\/wp-json\/wp\/v2\/types\/product"}],"replies":[{"embeddable":true,"href":"https:\/\/www.winespiritscollection.com\/fr\/wp-json\/wp\/v2\/comments?post=1098"}],"wp:featuredmedia":[{"embeddable":true,"href":"https:\/\/www.winespiritscollection.com\/fr\/wp-json\/wp\/v2\/media\/1059"}],"wp:attachment":[{"href":"https:\/\/www.winespiritscollection.com\/fr\/wp-json\/wp\/v2\/media?parent=1098"}],"wp:term":[{"taxonomy":"product_brand","embeddable":true,"href":"https:\/\/www.winespiritscollection.com\/fr\/wp-json\/wp\/v2\/product_brand?post=1098"},{"taxonomy":"product_cat","embeddable":true,"href":"https:\/\/www.winespiritscollection.com\/fr\/wp-json\/wp\/v2\/product_cat?post=1098"},{"taxonomy":"product_tag","embeddable":true,"href":"https:\/\/www.winespiritscollection.com\/fr\/wp-json\/wp\/v2\/product_tag?post=1098"}],"curies":[{"name":"wp","href":"https:\/\/api.w.org\/{rel}","templated":true}]}}