{"id":1100,"date":"2024-07-04T00:11:07","date_gmt":"2024-07-03T22:11:07","guid":{"rendered":"https:\/\/www.winespiritscollection.com\/producto\/whisky-jack-daniels-gold-medal-old-no7-15l\/"},"modified":"2024-07-04T00:11:07","modified_gmt":"2024-07-03T22:11:07","slug":"whisky-jack-daniels-gold-medal-old-no7-15l","status":"publish","type":"product","link":"https:\/\/www.winespiritscollection.com\/fr\/producto\/whisky-jack-daniels-gold-medal-old-no7-15l\/","title":{"rendered":"Whisky Jack Daniel&#8217;s gold medal old n\u00ba7 1,5L"},"content":{"rendered":"<p>La Jack Daniel&#8217;s Gold Medal No. 7 est une \u00e9dition sp\u00e9ciale de la distillerie Jack Daniel&#8217;s, comm\u00e9morant ses r\u00e9compenses lors d&#8217;\u00e9v\u00e9nements internationaux. Ce whisky a une robe ambr\u00e9e brillante et offre des ar\u00f4mes de caramel, de vanille, de ch\u00eane et d&#8217;\u00e9pices douces.  En bouche, il est doux et \u00e9quilibr\u00e9, avec des saveurs de miel, de fruits secs et une touche de ch\u00eane grill\u00e9. Sa finale est longue et chaleureuse. Il a un titre alcoom\u00e9trique de 40% et se distingue par sa pr\u00e9sentation \u00e9l\u00e9gante, honorant l&#8217;h\u00e9ritage et la qualit\u00e9 de Jack Daniel&#8217;s.<\/p>\n","protected":false},"excerpt":{"rendered":"<p>M\u00e9daille d&#8217;or Jack Daniel&#8217;s n\u00ba7 ancienne de 1,5 L et graduation 45\u00ba<\/p>\n","protected":false},"featured_media":1078,"comment_status":"closed","ping_status":"closed","template":"","meta":{"_acf_changed":false,"_glsr_average":0,"_glsr_ranking":0,"_glsr_reviews":0,"_joinchat":[]},"product_brand":[],"product_cat":[114],"product_tag":[149,147,150,145,148,146],"class_list":{"0":"post-1100","1":"product","2":"type-product","3":"status-publish","4":"has-post-thumbnail","6":"product_cat-collection-de-liqueurs","7":"product_tag-collection-fr","8":"product_tag-jack-daniels-fr","9":"product_tag-single-fr","10":"product_tag-spirits-fr","11":"product_tag-tenessee-fr","12":"product_tag-whisky-fr","14":"first","15":"instock","16":"taxable","17":"shipping-taxable","18":"purchasable","19":"product-type-simple"},"acf":[],"yoast_head":"<!-- This site is optimized with the Yoast SEO plugin v27.2 - https:\/\/yoast.com\/product\/yoast-seo-wordpress\/ -->\n<title>Whisky Jack Daniel&#039;s gold medal old<\/title>\n<meta name=\"description\" content=\"La Jack Daniel&#039;s Gold Medal No. 7 est une \u00e9dition sp\u00e9ciale de la distillerie Jack Daniel&#039;s, comm\u00e9morant ses r\u00e9compenses lors d&#039;\u00e9v\u00e9nements internationaux.\" \/>\n<meta name=\"robots\" content=\"index, follow, max-snippet:-1, max-image-preview:large, max-video-preview:-1\" \/>\n<link rel=\"canonical\" href=\"https:\/\/www.winespiritscollection.com\/fr\/producto\/whisky-jack-daniels-gold-medal-old-no7-15l\/\" \/>\n<meta property=\"og:locale\" content=\"fr_FR\" \/>\n<meta property=\"og:type\" content=\"article\" \/>\n<meta property=\"og:title\" content=\"Whisky Jack Daniel&#039;s gold medal old\" \/>\n<meta property=\"og:description\" content=\"La Jack Daniel&#039;s Gold Medal No. 7 est une \u00e9dition sp\u00e9ciale de la distillerie Jack Daniel&#039;s, comm\u00e9morant ses r\u00e9compenses lors d&#039;\u00e9v\u00e9nements internationaux.\" \/>\n<meta property=\"og:url\" content=\"https:\/\/www.winespiritscollection.com\/fr\/producto\/whisky-jack-daniels-gold-medal-old-no7-15l\/\" \/>\n<meta property=\"og:site_name\" content=\"Wine Spirits Collection\" \/>\n<meta property=\"og:image\" content=\"https:\/\/www.winespiritscollection.com\/wp-content\/uploads\/2024\/07\/IMG_8429-removebg-preview1.png\" \/>\n\t<meta property=\"og:image:width\" content=\"433\" \/>\n\t<meta property=\"og:image:height\" content=\"577\" \/>\n\t<meta property=\"og:image:type\" content=\"image\/png\" \/>\n<meta name=\"twitter:card\" content=\"summary_large_image\" \/>\n<meta name=\"twitter:label1\" content=\"Dur\u00e9e de lecture estim\u00e9e\" \/>\n\t<meta name=\"twitter:data1\" content=\"1 minute\" \/>\n<script type=\"application\/ld+json\" class=\"yoast-schema-graph\">{\"@context\":\"https:\/\/schema.org\",\"@graph\":[{\"@type\":\"WebPage\",\"@id\":\"https:\/\/www.winespiritscollection.com\/fr\/producto\/whisky-jack-daniels-gold-medal-old-no7-15l\/\",\"url\":\"https:\/\/www.winespiritscollection.com\/fr\/producto\/whisky-jack-daniels-gold-medal-old-no7-15l\/\",\"name\":\"Whisky Jack Daniel's gold medal old\",\"isPartOf\":{\"@id\":\"https:\/\/www.winespiritscollection.com\/fr\/#website\"},\"primaryImageOfPage\":{\"@id\":\"https:\/\/www.winespiritscollection.com\/fr\/producto\/whisky-jack-daniels-gold-medal-old-no7-15l\/#primaryimage\"},\"image\":{\"@id\":\"https:\/\/www.winespiritscollection.com\/fr\/producto\/whisky-jack-daniels-gold-medal-old-no7-15l\/#primaryimage\"},\"thumbnailUrl\":\"https:\/\/www.winespiritscollection.com\/wp-content\/uploads\/2024\/07\/IMG_8429-removebg-preview1.png\",\"datePublished\":\"2024-07-03T22:11:07+00:00\",\"description\":\"La Jack Daniel's Gold Medal No. 7 est une \u00e9dition sp\u00e9ciale de la distillerie Jack Daniel's, comm\u00e9morant ses r\u00e9compenses lors d'\u00e9v\u00e9nements internationaux.\",\"breadcrumb\":{\"@id\":\"https:\/\/www.winespiritscollection.com\/fr\/producto\/whisky-jack-daniels-gold-medal-old-no7-15l\/#breadcrumb\"},\"inLanguage\":\"fr-FR\",\"potentialAction\":[{\"@type\":\"ReadAction\",\"target\":[\"https:\/\/www.winespiritscollection.com\/fr\/producto\/whisky-jack-daniels-gold-medal-old-no7-15l\/\"]}]},{\"@type\":\"ImageObject\",\"inLanguage\":\"fr-FR\",\"@id\":\"https:\/\/www.winespiritscollection.com\/fr\/producto\/whisky-jack-daniels-gold-medal-old-no7-15l\/#primaryimage\",\"url\":\"https:\/\/www.winespiritscollection.com\/wp-content\/uploads\/2024\/07\/IMG_8429-removebg-preview1.png\",\"contentUrl\":\"https:\/\/www.winespiritscollection.com\/wp-content\/uploads\/2024\/07\/IMG_8429-removebg-preview1.png\",\"width\":433,\"height\":577},{\"@type\":\"BreadcrumbList\",\"@id\":\"https:\/\/www.winespiritscollection.com\/fr\/producto\/whisky-jack-daniels-gold-medal-old-no7-15l\/#breadcrumb\",\"itemListElement\":[{\"@type\":\"ListItem\",\"position\":1,\"name\":\"Portada\",\"item\":\"https:\/\/www.winespiritscollection.com\/fr\/\"},{\"@type\":\"ListItem\",\"position\":2,\"name\":\"Boutique\",\"item\":\"https:\/\/www.winespiritscollection.com\/fr\/boutique-de-vins-et-spiritueux\/\"},{\"@type\":\"ListItem\",\"position\":3,\"name\":\"Whisky Jack Daniel&#8217;s gold medal old n\u00ba7 1,5L\"}]},{\"@type\":\"WebSite\",\"@id\":\"https:\/\/www.winespiritscollection.com\/fr\/#website\",\"url\":\"https:\/\/www.winespiritscollection.com\/fr\/\",\"name\":\"Wine Spirits Collection\",\"description\":\"\",\"publisher\":{\"@id\":\"https:\/\/www.winespiritscollection.com\/fr\/#organization\"},\"potentialAction\":[{\"@type\":\"SearchAction\",\"target\":{\"@type\":\"EntryPoint\",\"urlTemplate\":\"https:\/\/www.winespiritscollection.com\/fr\/?s={search_term_string}\"},\"query-input\":{\"@type\":\"PropertyValueSpecification\",\"valueRequired\":true,\"valueName\":\"search_term_string\"}}],\"inLanguage\":\"fr-FR\"},{\"@type\":\"Organization\",\"@id\":\"https:\/\/www.winespiritscollection.com\/fr\/#organization\",\"name\":\"Wine Spirits Collection\",\"url\":\"https:\/\/www.winespiritscollection.com\/fr\/\",\"logo\":{\"@type\":\"ImageObject\",\"inLanguage\":\"fr-FR\",\"@id\":\"https:\/\/www.winespiritscollection.com\/fr\/#\/schema\/logo\/image\/\",\"url\":\"https:\/\/www.winespiritscollection.com\/wp-content\/uploads\/2024\/03\/cropped-WINE_SPIRITS-LOGO-PRINCIPAL-NEGRE.png\",\"contentUrl\":\"https:\/\/www.winespiritscollection.com\/wp-content\/uploads\/2024\/03\/cropped-WINE_SPIRITS-LOGO-PRINCIPAL-NEGRE.png\",\"width\":2098,\"height\":1368,\"caption\":\"Wine Spirits Collection\"},\"image\":{\"@id\":\"https:\/\/www.winespiritscollection.com\/fr\/#\/schema\/logo\/image\/\"}}]}<\/script>\n<!-- \/ Yoast SEO plugin. -->","yoast_head_json":{"title":"Whisky Jack Daniel's gold medal old","description":"La Jack Daniel's Gold Medal No. 7 est une \u00e9dition sp\u00e9ciale de la distillerie Jack Daniel's, comm\u00e9morant ses r\u00e9compenses lors d'\u00e9v\u00e9nements internationaux.","robots":{"index":"index","follow":"follow","max-snippet":"max-snippet:-1","max-image-preview":"max-image-preview:large","max-video-preview":"max-video-preview:-1"},"canonical":"https:\/\/www.winespiritscollection.com\/fr\/producto\/whisky-jack-daniels-gold-medal-old-no7-15l\/","og_locale":"fr_FR","og_type":"article","og_title":"Whisky Jack Daniel's gold medal old","og_description":"La Jack Daniel's Gold Medal No. 7 est une \u00e9dition sp\u00e9ciale de la distillerie Jack Daniel's, comm\u00e9morant ses r\u00e9compenses lors d'\u00e9v\u00e9nements internationaux.","og_url":"https:\/\/www.winespiritscollection.com\/fr\/producto\/whisky-jack-daniels-gold-medal-old-no7-15l\/","og_site_name":"Wine Spirits Collection","og_image":[{"width":433,"height":577,"url":"https:\/\/www.winespiritscollection.com\/wp-content\/uploads\/2024\/07\/IMG_8429-removebg-preview1.png","type":"image\/png"}],"twitter_card":"summary_large_image","twitter_misc":{"Dur\u00e9e de lecture estim\u00e9e":"1 minute"},"schema":{"@context":"https:\/\/schema.org","@graph":[{"@type":"WebPage","@id":"https:\/\/www.winespiritscollection.com\/fr\/producto\/whisky-jack-daniels-gold-medal-old-no7-15l\/","url":"https:\/\/www.winespiritscollection.com\/fr\/producto\/whisky-jack-daniels-gold-medal-old-no7-15l\/","name":"Whisky Jack Daniel's gold medal old","isPartOf":{"@id":"https:\/\/www.winespiritscollection.com\/fr\/#website"},"primaryImageOfPage":{"@id":"https:\/\/www.winespiritscollection.com\/fr\/producto\/whisky-jack-daniels-gold-medal-old-no7-15l\/#primaryimage"},"image":{"@id":"https:\/\/www.winespiritscollection.com\/fr\/producto\/whisky-jack-daniels-gold-medal-old-no7-15l\/#primaryimage"},"thumbnailUrl":"https:\/\/www.winespiritscollection.com\/wp-content\/uploads\/2024\/07\/IMG_8429-removebg-preview1.png","datePublished":"2024-07-03T22:11:07+00:00","description":"La Jack Daniel's Gold Medal No. 7 est une \u00e9dition sp\u00e9ciale de la distillerie Jack Daniel's, comm\u00e9morant ses r\u00e9compenses lors d'\u00e9v\u00e9nements internationaux.","breadcrumb":{"@id":"https:\/\/www.winespiritscollection.com\/fr\/producto\/whisky-jack-daniels-gold-medal-old-no7-15l\/#breadcrumb"},"inLanguage":"fr-FR","potentialAction":[{"@type":"ReadAction","target":["https:\/\/www.winespiritscollection.com\/fr\/producto\/whisky-jack-daniels-gold-medal-old-no7-15l\/"]}]},{"@type":"ImageObject","inLanguage":"fr-FR","@id":"https:\/\/www.winespiritscollection.com\/fr\/producto\/whisky-jack-daniels-gold-medal-old-no7-15l\/#primaryimage","url":"https:\/\/www.winespiritscollection.com\/wp-content\/uploads\/2024\/07\/IMG_8429-removebg-preview1.png","contentUrl":"https:\/\/www.winespiritscollection.com\/wp-content\/uploads\/2024\/07\/IMG_8429-removebg-preview1.png","width":433,"height":577},{"@type":"BreadcrumbList","@id":"https:\/\/www.winespiritscollection.com\/fr\/producto\/whisky-jack-daniels-gold-medal-old-no7-15l\/#breadcrumb","itemListElement":[{"@type":"ListItem","position":1,"name":"Portada","item":"https:\/\/www.winespiritscollection.com\/fr\/"},{"@type":"ListItem","position":2,"name":"Boutique","item":"https:\/\/www.winespiritscollection.com\/fr\/boutique-de-vins-et-spiritueux\/"},{"@type":"ListItem","position":3,"name":"Whisky Jack Daniel&#8217;s gold medal old n\u00ba7 1,5L"}]},{"@type":"WebSite","@id":"https:\/\/www.winespiritscollection.com\/fr\/#website","url":"https:\/\/www.winespiritscollection.com\/fr\/","name":"Wine Spirits Collection","description":"","publisher":{"@id":"https:\/\/www.winespiritscollection.com\/fr\/#organization"},"potentialAction":[{"@type":"SearchAction","target":{"@type":"EntryPoint","urlTemplate":"https:\/\/www.winespiritscollection.com\/fr\/?s={search_term_string}"},"query-input":{"@type":"PropertyValueSpecification","valueRequired":true,"valueName":"search_term_string"}}],"inLanguage":"fr-FR"},{"@type":"Organization","@id":"https:\/\/www.winespiritscollection.com\/fr\/#organization","name":"Wine Spirits Collection","url":"https:\/\/www.winespiritscollection.com\/fr\/","logo":{"@type":"ImageObject","inLanguage":"fr-FR","@id":"https:\/\/www.winespiritscollection.com\/fr\/#\/schema\/logo\/image\/","url":"https:\/\/www.winespiritscollection.com\/wp-content\/uploads\/2024\/03\/cropped-WINE_SPIRITS-LOGO-PRINCIPAL-NEGRE.png","contentUrl":"https:\/\/www.winespiritscollection.com\/wp-content\/uploads\/2024\/03\/cropped-WINE_SPIRITS-LOGO-PRINCIPAL-NEGRE.png","width":2098,"height":1368,"caption":"Wine Spirits Collection"},"image":{"@id":"https:\/\/www.winespiritscollection.com\/fr\/#\/schema\/logo\/image\/"}}]}},"_links":{"self":[{"href":"https:\/\/www.winespiritscollection.com\/fr\/wp-json\/wp\/v2\/product\/1100","targetHints":{"allow":["GET"]}}],"collection":[{"href":"https:\/\/www.winespiritscollection.com\/fr\/wp-json\/wp\/v2\/product"}],"about":[{"href":"https:\/\/www.winespiritscollection.com\/fr\/wp-json\/wp\/v2\/types\/product"}],"replies":[{"embeddable":true,"href":"https:\/\/www.winespiritscollection.com\/fr\/wp-json\/wp\/v2\/comments?post=1100"}],"wp:featuredmedia":[{"embeddable":true,"href":"https:\/\/www.winespiritscollection.com\/fr\/wp-json\/wp\/v2\/media\/1078"}],"wp:attachment":[{"href":"https:\/\/www.winespiritscollection.com\/fr\/wp-json\/wp\/v2\/media?parent=1100"}],"wp:term":[{"taxonomy":"product_brand","embeddable":true,"href":"https:\/\/www.winespiritscollection.com\/fr\/wp-json\/wp\/v2\/product_brand?post=1100"},{"taxonomy":"product_cat","embeddable":true,"href":"https:\/\/www.winespiritscollection.com\/fr\/wp-json\/wp\/v2\/product_cat?post=1100"},{"taxonomy":"product_tag","embeddable":true,"href":"https:\/\/www.winespiritscollection.com\/fr\/wp-json\/wp\/v2\/product_tag?post=1100"}],"curies":[{"name":"wp","href":"https:\/\/api.w.org\/{rel}","templated":true}]}}