{"id":1168,"date":"2024-07-11T16:23:58","date_gmt":"2024-07-11T14:23:58","guid":{"rendered":"https:\/\/www.winespiritscollection.com\/producto\/pesquera-vin-rouge-crianza-2004-ribera-del-duero-75cl\/"},"modified":"2024-07-11T16:23:58","modified_gmt":"2024-07-11T14:23:58","slug":"pesquera-vin-rouge-crianza-2004-ribera-del-duero-75cl","status":"publish","type":"product","link":"https:\/\/www.winespiritscollection.com\/fr\/producto\/pesquera-vin-rouge-crianza-2004-ribera-del-duero-75cl\/","title":{"rendered":"Pesquera vin rouge crianza 2004 Ribera del Duero 75cl"},"content":{"rendered":"<p>Pesquera 2004 est un vin rouge de haute qualit\u00e9 produit par la prestigieuse cave Alejandro Fern\u00e1ndez dans la r\u00e9gion de Ribera del Duero, en Espagne. Ce vin est connu pour son caract\u00e8re charpent\u00e9 et sa capacit\u00e9 de garde.<br \/>\nLa Pesquera 2004 est un excellent exemple des vins de Ribera del Duero, connus pour sa richesse, sa profondeur et sa capacit\u00e9 de vieillissement, offrant une exp\u00e9rience \u0153nologique m\u00e9morable et sophistiqu\u00e9e.<\/p>\n","protected":false},"excerpt":{"rendered":"<p>Description g\u00e9n\u00e9rale :<\/p>\n<p>Cave : Alejandro Fern\u00e1ndez, Tinto Pesquera.<br \/>\nAppellation d&#8217;origine : Ribera del Duero, Espagne.<br \/>\nAnn\u00e9e de r\u00e9colte : 2004.<br \/>\nType de vin : Rouge.<br \/>\nContenance : Flacon standard de 750 ml.<\/p>\n","protected":false},"featured_media":1157,"comment_status":"closed","ping_status":"closed","template":"","meta":{"_acf_changed":false,"_glsr_average":0,"_glsr_ranking":0,"_glsr_reviews":0,"_joinchat":[]},"product_brand":[],"product_cat":[118],"product_tag":[180,179,171,139],"class_list":{"0":"post-1168","1":"product","2":"type-product","3":"status-publish","4":"has-post-thumbnail","6":"product_cat-ribera-del-duero-fr","7":"product_tag-2004-fr","8":"product_tag-pesquera-fr","9":"product_tag-ribera-del-duero-fr","10":"product_tag-wine-fr","12":"first","13":"instock","14":"taxable","15":"shipping-taxable","16":"purchasable","17":"product-type-simple"},"acf":[],"yoast_head":"<!-- This site is optimized with the Yoast SEO plugin v27.2 - https:\/\/yoast.com\/product\/yoast-seo-wordpress\/ -->\n<title>Pesquera vin rouge crianza 2004 Ribera del Duero 75cl - Wine Spirits Collection<\/title>\n<meta name=\"description\" content=\"La Pesquera 2004 est un excellent exemple des vins de Ribera del Duero, connu pour sa richesse, sa profondeur et sa capacit\u00e9 de vieillissement, offrant un s\u00e9jour m\u00e9morable.\" \/>\n<meta name=\"robots\" content=\"index, follow, max-snippet:-1, max-image-preview:large, max-video-preview:-1\" \/>\n<link rel=\"canonical\" href=\"https:\/\/www.winespiritscollection.com\/fr\/producto\/pesquera-vin-rouge-crianza-2004-ribera-del-duero-75cl\/\" \/>\n<meta property=\"og:locale\" content=\"fr_FR\" \/>\n<meta property=\"og:type\" content=\"article\" \/>\n<meta property=\"og:title\" content=\"Pesquera vin rouge crianza 2004 Ribera del Duero 75cl - Wine Spirits Collection\" \/>\n<meta property=\"og:description\" content=\"La Pesquera 2004 est un excellent exemple des vins de Ribera del Duero, connu pour sa richesse, sa profondeur et sa capacit\u00e9 de vieillissement, offrant un s\u00e9jour m\u00e9morable.\" \/>\n<meta property=\"og:url\" content=\"https:\/\/www.winespiritscollection.com\/fr\/producto\/pesquera-vin-rouge-crianza-2004-ribera-del-duero-75cl\/\" \/>\n<meta property=\"og:site_name\" content=\"Wine Spirits Collection\" \/>\n<meta property=\"og:image\" content=\"https:\/\/www.winespiritscollection.com\/wp-content\/uploads\/2024\/07\/IMG_0867-removebg-preview.png\" \/>\n\t<meta property=\"og:image:width\" content=\"433\" \/>\n\t<meta property=\"og:image:height\" content=\"577\" \/>\n\t<meta property=\"og:image:type\" content=\"image\/png\" \/>\n<meta name=\"twitter:card\" content=\"summary_large_image\" \/>\n<script type=\"application\/ld+json\" class=\"yoast-schema-graph\">{\"@context\":\"https:\/\/schema.org\",\"@graph\":[{\"@type\":\"WebPage\",\"@id\":\"https:\/\/www.winespiritscollection.com\/fr\/producto\/pesquera-vin-rouge-crianza-2004-ribera-del-duero-75cl\/\",\"url\":\"https:\/\/www.winespiritscollection.com\/fr\/producto\/pesquera-vin-rouge-crianza-2004-ribera-del-duero-75cl\/\",\"name\":\"Pesquera vin rouge crianza 2004 Ribera del Duero 75cl - Wine Spirits Collection\",\"isPartOf\":{\"@id\":\"https:\/\/www.winespiritscollection.com\/fr\/#website\"},\"primaryImageOfPage\":{\"@id\":\"https:\/\/www.winespiritscollection.com\/fr\/producto\/pesquera-vin-rouge-crianza-2004-ribera-del-duero-75cl\/#primaryimage\"},\"image\":{\"@id\":\"https:\/\/www.winespiritscollection.com\/fr\/producto\/pesquera-vin-rouge-crianza-2004-ribera-del-duero-75cl\/#primaryimage\"},\"thumbnailUrl\":\"https:\/\/www.winespiritscollection.com\/wp-content\/uploads\/2024\/07\/IMG_0867-removebg-preview.png\",\"datePublished\":\"2024-07-11T14:23:58+00:00\",\"description\":\"La Pesquera 2004 est un excellent exemple des vins de Ribera del Duero, connu pour sa richesse, sa profondeur et sa capacit\u00e9 de vieillissement, offrant un s\u00e9jour m\u00e9morable.\",\"breadcrumb\":{\"@id\":\"https:\/\/www.winespiritscollection.com\/fr\/producto\/pesquera-vin-rouge-crianza-2004-ribera-del-duero-75cl\/#breadcrumb\"},\"inLanguage\":\"fr-FR\",\"potentialAction\":[{\"@type\":\"ReadAction\",\"target\":[\"https:\/\/www.winespiritscollection.com\/fr\/producto\/pesquera-vin-rouge-crianza-2004-ribera-del-duero-75cl\/\"]}]},{\"@type\":\"ImageObject\",\"inLanguage\":\"fr-FR\",\"@id\":\"https:\/\/www.winespiritscollection.com\/fr\/producto\/pesquera-vin-rouge-crianza-2004-ribera-del-duero-75cl\/#primaryimage\",\"url\":\"https:\/\/www.winespiritscollection.com\/wp-content\/uploads\/2024\/07\/IMG_0867-removebg-preview.png\",\"contentUrl\":\"https:\/\/www.winespiritscollection.com\/wp-content\/uploads\/2024\/07\/IMG_0867-removebg-preview.png\",\"width\":433,\"height\":577},{\"@type\":\"BreadcrumbList\",\"@id\":\"https:\/\/www.winespiritscollection.com\/fr\/producto\/pesquera-vin-rouge-crianza-2004-ribera-del-duero-75cl\/#breadcrumb\",\"itemListElement\":[{\"@type\":\"ListItem\",\"position\":1,\"name\":\"Portada\",\"item\":\"https:\/\/www.winespiritscollection.com\/fr\/\"},{\"@type\":\"ListItem\",\"position\":2,\"name\":\"Boutique\",\"item\":\"https:\/\/www.winespiritscollection.com\/fr\/boutique-de-vins-et-spiritueux\/\"},{\"@type\":\"ListItem\",\"position\":3,\"name\":\"Pesquera vin rouge crianza 2004 Ribera del Duero 75cl\"}]},{\"@type\":\"WebSite\",\"@id\":\"https:\/\/www.winespiritscollection.com\/fr\/#website\",\"url\":\"https:\/\/www.winespiritscollection.com\/fr\/\",\"name\":\"Wine Spirits Collection\",\"description\":\"\",\"publisher\":{\"@id\":\"https:\/\/www.winespiritscollection.com\/fr\/#organization\"},\"potentialAction\":[{\"@type\":\"SearchAction\",\"target\":{\"@type\":\"EntryPoint\",\"urlTemplate\":\"https:\/\/www.winespiritscollection.com\/fr\/?s={search_term_string}\"},\"query-input\":{\"@type\":\"PropertyValueSpecification\",\"valueRequired\":true,\"valueName\":\"search_term_string\"}}],\"inLanguage\":\"fr-FR\"},{\"@type\":\"Organization\",\"@id\":\"https:\/\/www.winespiritscollection.com\/fr\/#organization\",\"name\":\"Wine Spirits Collection\",\"url\":\"https:\/\/www.winespiritscollection.com\/fr\/\",\"logo\":{\"@type\":\"ImageObject\",\"inLanguage\":\"fr-FR\",\"@id\":\"https:\/\/www.winespiritscollection.com\/fr\/#\/schema\/logo\/image\/\",\"url\":\"https:\/\/www.winespiritscollection.com\/wp-content\/uploads\/2024\/03\/cropped-WINE_SPIRITS-LOGO-PRINCIPAL-NEGRE.png\",\"contentUrl\":\"https:\/\/www.winespiritscollection.com\/wp-content\/uploads\/2024\/03\/cropped-WINE_SPIRITS-LOGO-PRINCIPAL-NEGRE.png\",\"width\":2098,\"height\":1368,\"caption\":\"Wine Spirits Collection\"},\"image\":{\"@id\":\"https:\/\/www.winespiritscollection.com\/fr\/#\/schema\/logo\/image\/\"}}]}<\/script>\n<!-- \/ Yoast SEO plugin. -->","yoast_head_json":{"title":"Pesquera vin rouge crianza 2004 Ribera del Duero 75cl - Wine Spirits Collection","description":"La Pesquera 2004 est un excellent exemple des vins de Ribera del Duero, connu pour sa richesse, sa profondeur et sa capacit\u00e9 de vieillissement, offrant un s\u00e9jour m\u00e9morable.","robots":{"index":"index","follow":"follow","max-snippet":"max-snippet:-1","max-image-preview":"max-image-preview:large","max-video-preview":"max-video-preview:-1"},"canonical":"https:\/\/www.winespiritscollection.com\/fr\/producto\/pesquera-vin-rouge-crianza-2004-ribera-del-duero-75cl\/","og_locale":"fr_FR","og_type":"article","og_title":"Pesquera vin rouge crianza 2004 Ribera del Duero 75cl - Wine Spirits Collection","og_description":"La Pesquera 2004 est un excellent exemple des vins de Ribera del Duero, connu pour sa richesse, sa profondeur et sa capacit\u00e9 de vieillissement, offrant un s\u00e9jour m\u00e9morable.","og_url":"https:\/\/www.winespiritscollection.com\/fr\/producto\/pesquera-vin-rouge-crianza-2004-ribera-del-duero-75cl\/","og_site_name":"Wine Spirits Collection","og_image":[{"width":433,"height":577,"url":"https:\/\/www.winespiritscollection.com\/wp-content\/uploads\/2024\/07\/IMG_0867-removebg-preview.png","type":"image\/png"}],"twitter_card":"summary_large_image","schema":{"@context":"https:\/\/schema.org","@graph":[{"@type":"WebPage","@id":"https:\/\/www.winespiritscollection.com\/fr\/producto\/pesquera-vin-rouge-crianza-2004-ribera-del-duero-75cl\/","url":"https:\/\/www.winespiritscollection.com\/fr\/producto\/pesquera-vin-rouge-crianza-2004-ribera-del-duero-75cl\/","name":"Pesquera vin rouge crianza 2004 Ribera del Duero 75cl - Wine Spirits Collection","isPartOf":{"@id":"https:\/\/www.winespiritscollection.com\/fr\/#website"},"primaryImageOfPage":{"@id":"https:\/\/www.winespiritscollection.com\/fr\/producto\/pesquera-vin-rouge-crianza-2004-ribera-del-duero-75cl\/#primaryimage"},"image":{"@id":"https:\/\/www.winespiritscollection.com\/fr\/producto\/pesquera-vin-rouge-crianza-2004-ribera-del-duero-75cl\/#primaryimage"},"thumbnailUrl":"https:\/\/www.winespiritscollection.com\/wp-content\/uploads\/2024\/07\/IMG_0867-removebg-preview.png","datePublished":"2024-07-11T14:23:58+00:00","description":"La Pesquera 2004 est un excellent exemple des vins de Ribera del Duero, connu pour sa richesse, sa profondeur et sa capacit\u00e9 de vieillissement, offrant un s\u00e9jour m\u00e9morable.","breadcrumb":{"@id":"https:\/\/www.winespiritscollection.com\/fr\/producto\/pesquera-vin-rouge-crianza-2004-ribera-del-duero-75cl\/#breadcrumb"},"inLanguage":"fr-FR","potentialAction":[{"@type":"ReadAction","target":["https:\/\/www.winespiritscollection.com\/fr\/producto\/pesquera-vin-rouge-crianza-2004-ribera-del-duero-75cl\/"]}]},{"@type":"ImageObject","inLanguage":"fr-FR","@id":"https:\/\/www.winespiritscollection.com\/fr\/producto\/pesquera-vin-rouge-crianza-2004-ribera-del-duero-75cl\/#primaryimage","url":"https:\/\/www.winespiritscollection.com\/wp-content\/uploads\/2024\/07\/IMG_0867-removebg-preview.png","contentUrl":"https:\/\/www.winespiritscollection.com\/wp-content\/uploads\/2024\/07\/IMG_0867-removebg-preview.png","width":433,"height":577},{"@type":"BreadcrumbList","@id":"https:\/\/www.winespiritscollection.com\/fr\/producto\/pesquera-vin-rouge-crianza-2004-ribera-del-duero-75cl\/#breadcrumb","itemListElement":[{"@type":"ListItem","position":1,"name":"Portada","item":"https:\/\/www.winespiritscollection.com\/fr\/"},{"@type":"ListItem","position":2,"name":"Boutique","item":"https:\/\/www.winespiritscollection.com\/fr\/boutique-de-vins-et-spiritueux\/"},{"@type":"ListItem","position":3,"name":"Pesquera vin rouge crianza 2004 Ribera del Duero 75cl"}]},{"@type":"WebSite","@id":"https:\/\/www.winespiritscollection.com\/fr\/#website","url":"https:\/\/www.winespiritscollection.com\/fr\/","name":"Wine Spirits Collection","description":"","publisher":{"@id":"https:\/\/www.winespiritscollection.com\/fr\/#organization"},"potentialAction":[{"@type":"SearchAction","target":{"@type":"EntryPoint","urlTemplate":"https:\/\/www.winespiritscollection.com\/fr\/?s={search_term_string}"},"query-input":{"@type":"PropertyValueSpecification","valueRequired":true,"valueName":"search_term_string"}}],"inLanguage":"fr-FR"},{"@type":"Organization","@id":"https:\/\/www.winespiritscollection.com\/fr\/#organization","name":"Wine Spirits Collection","url":"https:\/\/www.winespiritscollection.com\/fr\/","logo":{"@type":"ImageObject","inLanguage":"fr-FR","@id":"https:\/\/www.winespiritscollection.com\/fr\/#\/schema\/logo\/image\/","url":"https:\/\/www.winespiritscollection.com\/wp-content\/uploads\/2024\/03\/cropped-WINE_SPIRITS-LOGO-PRINCIPAL-NEGRE.png","contentUrl":"https:\/\/www.winespiritscollection.com\/wp-content\/uploads\/2024\/03\/cropped-WINE_SPIRITS-LOGO-PRINCIPAL-NEGRE.png","width":2098,"height":1368,"caption":"Wine Spirits Collection"},"image":{"@id":"https:\/\/www.winespiritscollection.com\/fr\/#\/schema\/logo\/image\/"}}]}},"_links":{"self":[{"href":"https:\/\/www.winespiritscollection.com\/fr\/wp-json\/wp\/v2\/product\/1168","targetHints":{"allow":["GET"]}}],"collection":[{"href":"https:\/\/www.winespiritscollection.com\/fr\/wp-json\/wp\/v2\/product"}],"about":[{"href":"https:\/\/www.winespiritscollection.com\/fr\/wp-json\/wp\/v2\/types\/product"}],"replies":[{"embeddable":true,"href":"https:\/\/www.winespiritscollection.com\/fr\/wp-json\/wp\/v2\/comments?post=1168"}],"wp:featuredmedia":[{"embeddable":true,"href":"https:\/\/www.winespiritscollection.com\/fr\/wp-json\/wp\/v2\/media\/1157"}],"wp:attachment":[{"href":"https:\/\/www.winespiritscollection.com\/fr\/wp-json\/wp\/v2\/media?parent=1168"}],"wp:term":[{"taxonomy":"product_brand","embeddable":true,"href":"https:\/\/www.winespiritscollection.com\/fr\/wp-json\/wp\/v2\/product_brand?post=1168"},{"taxonomy":"product_cat","embeddable":true,"href":"https:\/\/www.winespiritscollection.com\/fr\/wp-json\/wp\/v2\/product_cat?post=1168"},{"taxonomy":"product_tag","embeddable":true,"href":"https:\/\/www.winespiritscollection.com\/fr\/wp-json\/wp\/v2\/product_tag?post=1168"}],"curies":[{"name":"wp","href":"https:\/\/api.w.org\/{rel}","templated":true}]}}