{"id":1216,"date":"2024-07-11T19:33:22","date_gmt":"2024-07-11T17:33:22","guid":{"rendered":"https:\/\/www.winespiritscollection.com\/producto\/vin-de-reserve-vina-tondonia-1995-rioja-75cl\/"},"modified":"2024-07-11T19:33:22","modified_gmt":"2024-07-11T17:33:22","slug":"vin-de-reserve-vina-tondonia-1995-rioja-75cl","status":"publish","type":"product","link":"https:\/\/www.winespiritscollection.com\/fr\/producto\/vin-de-reserve-vina-tondonia-1995-rioja-75cl\/","title":{"rendered":"Vin de r\u00e9serve Vi\u00f1a Tondonia 1995 Rioja 75cl"},"content":{"rendered":"<p>Vi\u00f1a Tondonia Reserva 1995 est un vin rouge embl\u00e9matique de la prestigieuse cave R. L\u00f3pez de Heredia, l&#8217;une des caves les plus historiques et les plus respect\u00e9es de la r\u00e9gion de la Rioja, en Espagne. Ce vin se distingue par son \u00e9l\u00e9gance, sa complexit\u00e9 et sa capacit\u00e9 de vieillissement, refl\u00e9tant la tradition et le savoir-faire \u0153nologique de la cave.<br \/>\nLa Vi\u00f1a Tondonia Reserva 1995 est une expression sublime des vins de la Rioja, repr\u00e9sentant la ma\u00eetrise et la tradition de R. L\u00f3pez de Heredia. Il offre une exp\u00e9rience \u0153nologique riche, complexe et m\u00e9morable, id\u00e9ale pour les amateurs de grands vins classiques.<\/p>\n","protected":false},"excerpt":{"rendered":"<p>Description g\u00e9n\u00e9rale :<\/p>\n<p>Cave : R. L\u00f3pez de Heredia.<br \/>\nAppellation d&#8217;origine : Rioja, Espagne.<br \/>\nAnn\u00e9e de r\u00e9colte : 1995.<br \/>\nType de vin : R\u00e9serve (vieilli minimum 3 ans en f\u00fbt et 3 ans en bouteille avant commercialisation).<br \/>\nContenance : Flacon standard de 750 ml.<\/p>\n","protected":false},"featured_media":1202,"comment_status":"closed","ping_status":"closed","template":"","meta":{"_acf_changed":false,"_glsr_average":0,"_glsr_ranking":0,"_glsr_reviews":0,"_joinchat":[]},"product_brand":[],"product_cat":[119],"product_tag":[192,193,162,191],"class_list":{"0":"post-1216","1":"product","2":"type-product","3":"status-publish","4":"has-post-thumbnail","6":"product_cat-rioja-fr","7":"product_tag-1995-fr","8":"product_tag-reserva-fr","9":"product_tag-rioja-fr","10":"product_tag-vina-tondonia-fr","12":"first","13":"instock","14":"taxable","15":"shipping-taxable","16":"purchasable","17":"product-type-simple"},"acf":[],"yoast_head":"<!-- This site is optimized with the Yoast SEO plugin v27.2 - https:\/\/yoast.com\/product\/yoast-seo-wordpress\/ -->\n<title>Vin de r\u00e9serve Vi\u00f1a Tondonia 1995 Rioja 75cl - Wine Spirits Collection<\/title>\n<meta name=\"description\" content=\"La Vi\u00f1a Tondonia Reserva 1995 est une expression sublime des vins de la Rioja, repr\u00e9sentant la ma\u00eetrise et la tradition de R. L\u00f3pez de Heredia.\" \/>\n<meta name=\"robots\" content=\"index, follow, max-snippet:-1, max-image-preview:large, max-video-preview:-1\" \/>\n<link rel=\"canonical\" href=\"https:\/\/www.winespiritscollection.com\/fr\/producto\/vin-de-reserve-vina-tondonia-1995-rioja-75cl\/\" \/>\n<meta property=\"og:locale\" content=\"fr_FR\" \/>\n<meta property=\"og:type\" content=\"article\" \/>\n<meta property=\"og:title\" content=\"Vin de r\u00e9serve Vi\u00f1a Tondonia 1995 Rioja 75cl - Wine Spirits Collection\" \/>\n<meta property=\"og:description\" content=\"La Vi\u00f1a Tondonia Reserva 1995 est une expression sublime des vins de la Rioja, repr\u00e9sentant la ma\u00eetrise et la tradition de R. L\u00f3pez de Heredia.\" \/>\n<meta property=\"og:url\" content=\"https:\/\/www.winespiritscollection.com\/fr\/producto\/vin-de-reserve-vina-tondonia-1995-rioja-75cl\/\" \/>\n<meta property=\"og:site_name\" content=\"Wine Spirits Collection\" \/>\n<meta property=\"og:image\" content=\"https:\/\/www.winespiritscollection.com\/wp-content\/uploads\/2024\/07\/IMG_0918-removebg-preview.png\" \/>\n\t<meta property=\"og:image:width\" content=\"433\" \/>\n\t<meta property=\"og:image:height\" content=\"577\" \/>\n\t<meta property=\"og:image:type\" content=\"image\/png\" \/>\n<meta name=\"twitter:card\" content=\"summary_large_image\" \/>\n<meta name=\"twitter:label1\" content=\"Dur\u00e9e de lecture estim\u00e9e\" \/>\n\t<meta name=\"twitter:data1\" content=\"1 minute\" \/>\n<script type=\"application\/ld+json\" class=\"yoast-schema-graph\">{\"@context\":\"https:\/\/schema.org\",\"@graph\":[{\"@type\":\"WebPage\",\"@id\":\"https:\/\/www.winespiritscollection.com\/fr\/producto\/vin-de-reserve-vina-tondonia-1995-rioja-75cl\/\",\"url\":\"https:\/\/www.winespiritscollection.com\/fr\/producto\/vin-de-reserve-vina-tondonia-1995-rioja-75cl\/\",\"name\":\"Vin de r\u00e9serve Vi\u00f1a Tondonia 1995 Rioja 75cl - Wine Spirits Collection\",\"isPartOf\":{\"@id\":\"https:\/\/www.winespiritscollection.com\/fr\/#website\"},\"primaryImageOfPage\":{\"@id\":\"https:\/\/www.winespiritscollection.com\/fr\/producto\/vin-de-reserve-vina-tondonia-1995-rioja-75cl\/#primaryimage\"},\"image\":{\"@id\":\"https:\/\/www.winespiritscollection.com\/fr\/producto\/vin-de-reserve-vina-tondonia-1995-rioja-75cl\/#primaryimage\"},\"thumbnailUrl\":\"https:\/\/www.winespiritscollection.com\/wp-content\/uploads\/2024\/07\/IMG_0918-removebg-preview.png\",\"datePublished\":\"2024-07-11T17:33:22+00:00\",\"description\":\"La Vi\u00f1a Tondonia Reserva 1995 est une expression sublime des vins de la Rioja, repr\u00e9sentant la ma\u00eetrise et la tradition de R. L\u00f3pez de Heredia.\",\"breadcrumb\":{\"@id\":\"https:\/\/www.winespiritscollection.com\/fr\/producto\/vin-de-reserve-vina-tondonia-1995-rioja-75cl\/#breadcrumb\"},\"inLanguage\":\"fr-FR\",\"potentialAction\":[{\"@type\":\"ReadAction\",\"target\":[\"https:\/\/www.winespiritscollection.com\/fr\/producto\/vin-de-reserve-vina-tondonia-1995-rioja-75cl\/\"]}]},{\"@type\":\"ImageObject\",\"inLanguage\":\"fr-FR\",\"@id\":\"https:\/\/www.winespiritscollection.com\/fr\/producto\/vin-de-reserve-vina-tondonia-1995-rioja-75cl\/#primaryimage\",\"url\":\"https:\/\/www.winespiritscollection.com\/wp-content\/uploads\/2024\/07\/IMG_0918-removebg-preview.png\",\"contentUrl\":\"https:\/\/www.winespiritscollection.com\/wp-content\/uploads\/2024\/07\/IMG_0918-removebg-preview.png\",\"width\":433,\"height\":577},{\"@type\":\"BreadcrumbList\",\"@id\":\"https:\/\/www.winespiritscollection.com\/fr\/producto\/vin-de-reserve-vina-tondonia-1995-rioja-75cl\/#breadcrumb\",\"itemListElement\":[{\"@type\":\"ListItem\",\"position\":1,\"name\":\"Portada\",\"item\":\"https:\/\/www.winespiritscollection.com\/fr\/\"},{\"@type\":\"ListItem\",\"position\":2,\"name\":\"Boutique\",\"item\":\"https:\/\/www.winespiritscollection.com\/fr\/boutique-de-vins-et-spiritueux\/\"},{\"@type\":\"ListItem\",\"position\":3,\"name\":\"Vin de r\u00e9serve Vi\u00f1a Tondonia 1995 Rioja 75cl\"}]},{\"@type\":\"WebSite\",\"@id\":\"https:\/\/www.winespiritscollection.com\/fr\/#website\",\"url\":\"https:\/\/www.winespiritscollection.com\/fr\/\",\"name\":\"Wine Spirits Collection\",\"description\":\"\",\"publisher\":{\"@id\":\"https:\/\/www.winespiritscollection.com\/fr\/#organization\"},\"potentialAction\":[{\"@type\":\"SearchAction\",\"target\":{\"@type\":\"EntryPoint\",\"urlTemplate\":\"https:\/\/www.winespiritscollection.com\/fr\/?s={search_term_string}\"},\"query-input\":{\"@type\":\"PropertyValueSpecification\",\"valueRequired\":true,\"valueName\":\"search_term_string\"}}],\"inLanguage\":\"fr-FR\"},{\"@type\":\"Organization\",\"@id\":\"https:\/\/www.winespiritscollection.com\/fr\/#organization\",\"name\":\"Wine Spirits Collection\",\"url\":\"https:\/\/www.winespiritscollection.com\/fr\/\",\"logo\":{\"@type\":\"ImageObject\",\"inLanguage\":\"fr-FR\",\"@id\":\"https:\/\/www.winespiritscollection.com\/fr\/#\/schema\/logo\/image\/\",\"url\":\"https:\/\/www.winespiritscollection.com\/wp-content\/uploads\/2024\/03\/cropped-WINE_SPIRITS-LOGO-PRINCIPAL-NEGRE.png\",\"contentUrl\":\"https:\/\/www.winespiritscollection.com\/wp-content\/uploads\/2024\/03\/cropped-WINE_SPIRITS-LOGO-PRINCIPAL-NEGRE.png\",\"width\":2098,\"height\":1368,\"caption\":\"Wine Spirits Collection\"},\"image\":{\"@id\":\"https:\/\/www.winespiritscollection.com\/fr\/#\/schema\/logo\/image\/\"}}]}<\/script>\n<!-- \/ Yoast SEO plugin. -->","yoast_head_json":{"title":"Vin de r\u00e9serve Vi\u00f1a Tondonia 1995 Rioja 75cl - Wine Spirits Collection","description":"La Vi\u00f1a Tondonia Reserva 1995 est une expression sublime des vins de la Rioja, repr\u00e9sentant la ma\u00eetrise et la tradition de R. L\u00f3pez de Heredia.","robots":{"index":"index","follow":"follow","max-snippet":"max-snippet:-1","max-image-preview":"max-image-preview:large","max-video-preview":"max-video-preview:-1"},"canonical":"https:\/\/www.winespiritscollection.com\/fr\/producto\/vin-de-reserve-vina-tondonia-1995-rioja-75cl\/","og_locale":"fr_FR","og_type":"article","og_title":"Vin de r\u00e9serve Vi\u00f1a Tondonia 1995 Rioja 75cl - Wine Spirits Collection","og_description":"La Vi\u00f1a Tondonia Reserva 1995 est une expression sublime des vins de la Rioja, repr\u00e9sentant la ma\u00eetrise et la tradition de R. L\u00f3pez de Heredia.","og_url":"https:\/\/www.winespiritscollection.com\/fr\/producto\/vin-de-reserve-vina-tondonia-1995-rioja-75cl\/","og_site_name":"Wine Spirits Collection","og_image":[{"width":433,"height":577,"url":"https:\/\/www.winespiritscollection.com\/wp-content\/uploads\/2024\/07\/IMG_0918-removebg-preview.png","type":"image\/png"}],"twitter_card":"summary_large_image","twitter_misc":{"Dur\u00e9e de lecture estim\u00e9e":"1 minute"},"schema":{"@context":"https:\/\/schema.org","@graph":[{"@type":"WebPage","@id":"https:\/\/www.winespiritscollection.com\/fr\/producto\/vin-de-reserve-vina-tondonia-1995-rioja-75cl\/","url":"https:\/\/www.winespiritscollection.com\/fr\/producto\/vin-de-reserve-vina-tondonia-1995-rioja-75cl\/","name":"Vin de r\u00e9serve Vi\u00f1a Tondonia 1995 Rioja 75cl - Wine Spirits Collection","isPartOf":{"@id":"https:\/\/www.winespiritscollection.com\/fr\/#website"},"primaryImageOfPage":{"@id":"https:\/\/www.winespiritscollection.com\/fr\/producto\/vin-de-reserve-vina-tondonia-1995-rioja-75cl\/#primaryimage"},"image":{"@id":"https:\/\/www.winespiritscollection.com\/fr\/producto\/vin-de-reserve-vina-tondonia-1995-rioja-75cl\/#primaryimage"},"thumbnailUrl":"https:\/\/www.winespiritscollection.com\/wp-content\/uploads\/2024\/07\/IMG_0918-removebg-preview.png","datePublished":"2024-07-11T17:33:22+00:00","description":"La Vi\u00f1a Tondonia Reserva 1995 est une expression sublime des vins de la Rioja, repr\u00e9sentant la ma\u00eetrise et la tradition de R. L\u00f3pez de Heredia.","breadcrumb":{"@id":"https:\/\/www.winespiritscollection.com\/fr\/producto\/vin-de-reserve-vina-tondonia-1995-rioja-75cl\/#breadcrumb"},"inLanguage":"fr-FR","potentialAction":[{"@type":"ReadAction","target":["https:\/\/www.winespiritscollection.com\/fr\/producto\/vin-de-reserve-vina-tondonia-1995-rioja-75cl\/"]}]},{"@type":"ImageObject","inLanguage":"fr-FR","@id":"https:\/\/www.winespiritscollection.com\/fr\/producto\/vin-de-reserve-vina-tondonia-1995-rioja-75cl\/#primaryimage","url":"https:\/\/www.winespiritscollection.com\/wp-content\/uploads\/2024\/07\/IMG_0918-removebg-preview.png","contentUrl":"https:\/\/www.winespiritscollection.com\/wp-content\/uploads\/2024\/07\/IMG_0918-removebg-preview.png","width":433,"height":577},{"@type":"BreadcrumbList","@id":"https:\/\/www.winespiritscollection.com\/fr\/producto\/vin-de-reserve-vina-tondonia-1995-rioja-75cl\/#breadcrumb","itemListElement":[{"@type":"ListItem","position":1,"name":"Portada","item":"https:\/\/www.winespiritscollection.com\/fr\/"},{"@type":"ListItem","position":2,"name":"Boutique","item":"https:\/\/www.winespiritscollection.com\/fr\/boutique-de-vins-et-spiritueux\/"},{"@type":"ListItem","position":3,"name":"Vin de r\u00e9serve Vi\u00f1a Tondonia 1995 Rioja 75cl"}]},{"@type":"WebSite","@id":"https:\/\/www.winespiritscollection.com\/fr\/#website","url":"https:\/\/www.winespiritscollection.com\/fr\/","name":"Wine Spirits Collection","description":"","publisher":{"@id":"https:\/\/www.winespiritscollection.com\/fr\/#organization"},"potentialAction":[{"@type":"SearchAction","target":{"@type":"EntryPoint","urlTemplate":"https:\/\/www.winespiritscollection.com\/fr\/?s={search_term_string}"},"query-input":{"@type":"PropertyValueSpecification","valueRequired":true,"valueName":"search_term_string"}}],"inLanguage":"fr-FR"},{"@type":"Organization","@id":"https:\/\/www.winespiritscollection.com\/fr\/#organization","name":"Wine Spirits Collection","url":"https:\/\/www.winespiritscollection.com\/fr\/","logo":{"@type":"ImageObject","inLanguage":"fr-FR","@id":"https:\/\/www.winespiritscollection.com\/fr\/#\/schema\/logo\/image\/","url":"https:\/\/www.winespiritscollection.com\/wp-content\/uploads\/2024\/03\/cropped-WINE_SPIRITS-LOGO-PRINCIPAL-NEGRE.png","contentUrl":"https:\/\/www.winespiritscollection.com\/wp-content\/uploads\/2024\/03\/cropped-WINE_SPIRITS-LOGO-PRINCIPAL-NEGRE.png","width":2098,"height":1368,"caption":"Wine Spirits Collection"},"image":{"@id":"https:\/\/www.winespiritscollection.com\/fr\/#\/schema\/logo\/image\/"}}]}},"_links":{"self":[{"href":"https:\/\/www.winespiritscollection.com\/fr\/wp-json\/wp\/v2\/product\/1216","targetHints":{"allow":["GET"]}}],"collection":[{"href":"https:\/\/www.winespiritscollection.com\/fr\/wp-json\/wp\/v2\/product"}],"about":[{"href":"https:\/\/www.winespiritscollection.com\/fr\/wp-json\/wp\/v2\/types\/product"}],"replies":[{"embeddable":true,"href":"https:\/\/www.winespiritscollection.com\/fr\/wp-json\/wp\/v2\/comments?post=1216"}],"wp:featuredmedia":[{"embeddable":true,"href":"https:\/\/www.winespiritscollection.com\/fr\/wp-json\/wp\/v2\/media\/1202"}],"wp:attachment":[{"href":"https:\/\/www.winespiritscollection.com\/fr\/wp-json\/wp\/v2\/media?parent=1216"}],"wp:term":[{"taxonomy":"product_brand","embeddable":true,"href":"https:\/\/www.winespiritscollection.com\/fr\/wp-json\/wp\/v2\/product_brand?post=1216"},{"taxonomy":"product_cat","embeddable":true,"href":"https:\/\/www.winespiritscollection.com\/fr\/wp-json\/wp\/v2\/product_cat?post=1216"},{"taxonomy":"product_tag","embeddable":true,"href":"https:\/\/www.winespiritscollection.com\/fr\/wp-json\/wp\/v2\/product_tag?post=1216"}],"curies":[{"name":"wp","href":"https:\/\/api.w.org\/{rel}","templated":true}]}}