{"id":1289,"date":"2024-07-22T21:32:27","date_gmt":"2024-07-22T19:32:27","guid":{"rendered":"https:\/\/www.winespiritscollection.com\/producto\/huile-dolive-extra-vierge-arbaget-oove\/"},"modified":"2024-07-22T21:32:27","modified_gmt":"2024-07-22T19:32:27","slug":"huile-dolive-extra-vierge-arbaget-oove","status":"publish","type":"product","link":"https:\/\/www.winespiritscollection.com\/fr\/producto\/huile-dolive-extra-vierge-arbaget-oove\/","title":{"rendered":"Huile d&#8217;olive extra vierge, Arbaget OOVE"},"content":{"rendered":"<p>Notre produit est une huile d&#8217;olive extra vierge avec un degr\u00e9 d&#8217;acidit\u00e9 de 0,18. Il convient de garder \u00e0 l\u2019esprit que pour \u00eatre extra vierge, il doit \u00eatre compris entre 0 et 0,8, car plus il est proche de 0, plus le produit sera de qualit\u00e9. Pour fabriquer un litre de cette huile, nous avons d\u00fb r\u00e9colter environ 8 kgj d&#8217;olives. Cela signifie un rendement assez faible, mais nous avons voulu privil\u00e9gier la qualit\u00e9 de l&#8217;huile et une olive verte et saine pour en avoir plus de litres. Vous remarquerez \u00e0 l&#8217;ouverture du paquet une odeur puissante et un go\u00fbt fruit\u00e9 lorsque vous l&#8217;ing\u00e9rerez. Mais ce qui d\u00e9terminera qu&#8217;il s&#8217;agit d&#8217;une qualit\u00e9 sup\u00e9rieure \u00e0 la limite, ce sera une d\u00e9mangeaison qui dispara\u00eetra de l&#8217;int\u00e9rieur quelques secondes apr\u00e8s l&#8217;avoir go\u00fbt\u00e9.<\/p>\n","protected":false},"excerpt":{"rendered":"<p>L&#8217;huile d&#8217;olive extra vierge Arbaget, produite \u00e0 Riudecanyes, province de Tarragone, se distingue par sa qualit\u00e9 exceptionnelle. Cette huile est \u00e9labor\u00e9e \u00e0 partir d&#8217;olives de vari\u00e9t\u00e9s indig\u00e8nes, r\u00e9colt\u00e9es au moment optimal de maturit\u00e9, produites en conversion vers l&#8217;agriculture biologique. Flacon de 500 ml, huile filtr\u00e9e. Pour les achats en box vous pouvez demander les frais d&#8217;exp\u00e9dition avant de passer commande, merci<\/p>\n","protected":false},"featured_media":1278,"comment_status":"closed","ping_status":"closed","template":"","meta":{"_acf_changed":false,"_glsr_average":0,"_glsr_ranking":0,"_glsr_reviews":0,"_joinchat":[]},"product_brand":[],"product_cat":[207],"product_tag":[210,209,208,211],"class_list":{"0":"post-1289","1":"product","2":"type-product","3":"status-publish","4":"has-post-thumbnail","6":"product_cat-huile-dolive-fr","7":"product_tag-extra-fr","8":"product_tag-huile","9":"product_tag-olive-fr","10":"product_tag-vierge","12":"first","13":"instock","14":"taxable","15":"shipping-taxable","16":"purchasable","17":"product-type-simple"},"acf":[],"yoast_head":"<!-- This site is optimized with the Yoast SEO plugin v27.2 - https:\/\/yoast.com\/product\/yoast-seo-wordpress\/ -->\n<title>Huile d&#039;olive extra vierge, Arbaget OOVE - Wine Spirits Collection<\/title>\n<meta name=\"description\" content=\"Notre produit est une huile d&#039;olive extra vierge avec un degr\u00e9 d&#039;acidit\u00e9 de 0,18. Huile d&#039;olive extra vierge Arbaget, produite \u00e0 Riudecanyes, province de Tarragone.\" \/>\n<meta name=\"robots\" content=\"index, follow, max-snippet:-1, max-image-preview:large, max-video-preview:-1\" \/>\n<link rel=\"canonical\" href=\"https:\/\/www.winespiritscollection.com\/fr\/producto\/huile-dolive-extra-vierge-arbaget-oove\/\" \/>\n<meta property=\"og:locale\" content=\"fr_FR\" \/>\n<meta property=\"og:type\" content=\"article\" \/>\n<meta property=\"og:title\" content=\"Huile d&#039;olive extra vierge, Arbaget OOVE - Wine Spirits Collection\" \/>\n<meta property=\"og:description\" content=\"Notre produit est une huile d&#039;olive extra vierge avec un degr\u00e9 d&#039;acidit\u00e9 de 0,18. Huile d&#039;olive extra vierge Arbaget, produite \u00e0 Riudecanyes, province de Tarragone.\" \/>\n<meta property=\"og:url\" content=\"https:\/\/www.winespiritscollection.com\/fr\/producto\/huile-dolive-extra-vierge-arbaget-oove\/\" \/>\n<meta property=\"og:site_name\" content=\"Wine Spirits Collection\" \/>\n<meta property=\"og:image\" content=\"https:\/\/www.winespiritscollection.com\/wp-content\/uploads\/2024\/07\/IMG_0850-removebg-preview.png\" \/>\n\t<meta property=\"og:image:width\" content=\"433\" \/>\n\t<meta property=\"og:image:height\" content=\"577\" \/>\n\t<meta property=\"og:image:type\" content=\"image\/png\" \/>\n<meta name=\"twitter:card\" content=\"summary_large_image\" \/>\n<meta name=\"twitter:label1\" content=\"Dur\u00e9e de lecture estim\u00e9e\" \/>\n\t<meta name=\"twitter:data1\" content=\"1 minute\" \/>\n<script type=\"application\/ld+json\" class=\"yoast-schema-graph\">{\"@context\":\"https:\/\/schema.org\",\"@graph\":[{\"@type\":\"WebPage\",\"@id\":\"https:\/\/www.winespiritscollection.com\/fr\/producto\/huile-dolive-extra-vierge-arbaget-oove\/\",\"url\":\"https:\/\/www.winespiritscollection.com\/fr\/producto\/huile-dolive-extra-vierge-arbaget-oove\/\",\"name\":\"Huile d'olive extra vierge, Arbaget OOVE - Wine Spirits Collection\",\"isPartOf\":{\"@id\":\"https:\/\/www.winespiritscollection.com\/fr\/#website\"},\"primaryImageOfPage\":{\"@id\":\"https:\/\/www.winespiritscollection.com\/fr\/producto\/huile-dolive-extra-vierge-arbaget-oove\/#primaryimage\"},\"image\":{\"@id\":\"https:\/\/www.winespiritscollection.com\/fr\/producto\/huile-dolive-extra-vierge-arbaget-oove\/#primaryimage\"},\"thumbnailUrl\":\"https:\/\/www.winespiritscollection.com\/wp-content\/uploads\/2024\/07\/IMG_0850-removebg-preview.png\",\"datePublished\":\"2024-07-22T19:32:27+00:00\",\"description\":\"Notre produit est une huile d'olive extra vierge avec un degr\u00e9 d'acidit\u00e9 de 0,18. Huile d'olive extra vierge Arbaget, produite \u00e0 Riudecanyes, province de Tarragone.\",\"breadcrumb\":{\"@id\":\"https:\/\/www.winespiritscollection.com\/fr\/producto\/huile-dolive-extra-vierge-arbaget-oove\/#breadcrumb\"},\"inLanguage\":\"fr-FR\",\"potentialAction\":[{\"@type\":\"ReadAction\",\"target\":[\"https:\/\/www.winespiritscollection.com\/fr\/producto\/huile-dolive-extra-vierge-arbaget-oove\/\"]}]},{\"@type\":\"ImageObject\",\"inLanguage\":\"fr-FR\",\"@id\":\"https:\/\/www.winespiritscollection.com\/fr\/producto\/huile-dolive-extra-vierge-arbaget-oove\/#primaryimage\",\"url\":\"https:\/\/www.winespiritscollection.com\/wp-content\/uploads\/2024\/07\/IMG_0850-removebg-preview.png\",\"contentUrl\":\"https:\/\/www.winespiritscollection.com\/wp-content\/uploads\/2024\/07\/IMG_0850-removebg-preview.png\",\"width\":433,\"height\":577},{\"@type\":\"BreadcrumbList\",\"@id\":\"https:\/\/www.winespiritscollection.com\/fr\/producto\/huile-dolive-extra-vierge-arbaget-oove\/#breadcrumb\",\"itemListElement\":[{\"@type\":\"ListItem\",\"position\":1,\"name\":\"Portada\",\"item\":\"https:\/\/www.winespiritscollection.com\/fr\/\"},{\"@type\":\"ListItem\",\"position\":2,\"name\":\"Boutique\",\"item\":\"https:\/\/www.winespiritscollection.com\/fr\/boutique-de-vins-et-spiritueux\/\"},{\"@type\":\"ListItem\",\"position\":3,\"name\":\"Huile d&#8217;olive extra vierge, Arbaget OOVE\"}]},{\"@type\":\"WebSite\",\"@id\":\"https:\/\/www.winespiritscollection.com\/fr\/#website\",\"url\":\"https:\/\/www.winespiritscollection.com\/fr\/\",\"name\":\"Wine Spirits Collection\",\"description\":\"\",\"publisher\":{\"@id\":\"https:\/\/www.winespiritscollection.com\/fr\/#organization\"},\"potentialAction\":[{\"@type\":\"SearchAction\",\"target\":{\"@type\":\"EntryPoint\",\"urlTemplate\":\"https:\/\/www.winespiritscollection.com\/fr\/?s={search_term_string}\"},\"query-input\":{\"@type\":\"PropertyValueSpecification\",\"valueRequired\":true,\"valueName\":\"search_term_string\"}}],\"inLanguage\":\"fr-FR\"},{\"@type\":\"Organization\",\"@id\":\"https:\/\/www.winespiritscollection.com\/fr\/#organization\",\"name\":\"Wine Spirits Collection\",\"url\":\"https:\/\/www.winespiritscollection.com\/fr\/\",\"logo\":{\"@type\":\"ImageObject\",\"inLanguage\":\"fr-FR\",\"@id\":\"https:\/\/www.winespiritscollection.com\/fr\/#\/schema\/logo\/image\/\",\"url\":\"https:\/\/www.winespiritscollection.com\/wp-content\/uploads\/2024\/03\/cropped-WINE_SPIRITS-LOGO-PRINCIPAL-NEGRE.png\",\"contentUrl\":\"https:\/\/www.winespiritscollection.com\/wp-content\/uploads\/2024\/03\/cropped-WINE_SPIRITS-LOGO-PRINCIPAL-NEGRE.png\",\"width\":2098,\"height\":1368,\"caption\":\"Wine Spirits Collection\"},\"image\":{\"@id\":\"https:\/\/www.winespiritscollection.com\/fr\/#\/schema\/logo\/image\/\"}}]}<\/script>\n<!-- \/ Yoast SEO plugin. -->","yoast_head_json":{"title":"Huile d'olive extra vierge, Arbaget OOVE - Wine Spirits Collection","description":"Notre produit est une huile d'olive extra vierge avec un degr\u00e9 d'acidit\u00e9 de 0,18. Huile d'olive extra vierge Arbaget, produite \u00e0 Riudecanyes, province de Tarragone.","robots":{"index":"index","follow":"follow","max-snippet":"max-snippet:-1","max-image-preview":"max-image-preview:large","max-video-preview":"max-video-preview:-1"},"canonical":"https:\/\/www.winespiritscollection.com\/fr\/producto\/huile-dolive-extra-vierge-arbaget-oove\/","og_locale":"fr_FR","og_type":"article","og_title":"Huile d'olive extra vierge, Arbaget OOVE - Wine Spirits Collection","og_description":"Notre produit est une huile d'olive extra vierge avec un degr\u00e9 d'acidit\u00e9 de 0,18. Huile d'olive extra vierge Arbaget, produite \u00e0 Riudecanyes, province de Tarragone.","og_url":"https:\/\/www.winespiritscollection.com\/fr\/producto\/huile-dolive-extra-vierge-arbaget-oove\/","og_site_name":"Wine Spirits Collection","og_image":[{"width":433,"height":577,"url":"https:\/\/www.winespiritscollection.com\/wp-content\/uploads\/2024\/07\/IMG_0850-removebg-preview.png","type":"image\/png"}],"twitter_card":"summary_large_image","twitter_misc":{"Dur\u00e9e de lecture estim\u00e9e":"1 minute"},"schema":{"@context":"https:\/\/schema.org","@graph":[{"@type":"WebPage","@id":"https:\/\/www.winespiritscollection.com\/fr\/producto\/huile-dolive-extra-vierge-arbaget-oove\/","url":"https:\/\/www.winespiritscollection.com\/fr\/producto\/huile-dolive-extra-vierge-arbaget-oove\/","name":"Huile d'olive extra vierge, Arbaget OOVE - Wine Spirits Collection","isPartOf":{"@id":"https:\/\/www.winespiritscollection.com\/fr\/#website"},"primaryImageOfPage":{"@id":"https:\/\/www.winespiritscollection.com\/fr\/producto\/huile-dolive-extra-vierge-arbaget-oove\/#primaryimage"},"image":{"@id":"https:\/\/www.winespiritscollection.com\/fr\/producto\/huile-dolive-extra-vierge-arbaget-oove\/#primaryimage"},"thumbnailUrl":"https:\/\/www.winespiritscollection.com\/wp-content\/uploads\/2024\/07\/IMG_0850-removebg-preview.png","datePublished":"2024-07-22T19:32:27+00:00","description":"Notre produit est une huile d'olive extra vierge avec un degr\u00e9 d'acidit\u00e9 de 0,18. Huile d'olive extra vierge Arbaget, produite \u00e0 Riudecanyes, province de Tarragone.","breadcrumb":{"@id":"https:\/\/www.winespiritscollection.com\/fr\/producto\/huile-dolive-extra-vierge-arbaget-oove\/#breadcrumb"},"inLanguage":"fr-FR","potentialAction":[{"@type":"ReadAction","target":["https:\/\/www.winespiritscollection.com\/fr\/producto\/huile-dolive-extra-vierge-arbaget-oove\/"]}]},{"@type":"ImageObject","inLanguage":"fr-FR","@id":"https:\/\/www.winespiritscollection.com\/fr\/producto\/huile-dolive-extra-vierge-arbaget-oove\/#primaryimage","url":"https:\/\/www.winespiritscollection.com\/wp-content\/uploads\/2024\/07\/IMG_0850-removebg-preview.png","contentUrl":"https:\/\/www.winespiritscollection.com\/wp-content\/uploads\/2024\/07\/IMG_0850-removebg-preview.png","width":433,"height":577},{"@type":"BreadcrumbList","@id":"https:\/\/www.winespiritscollection.com\/fr\/producto\/huile-dolive-extra-vierge-arbaget-oove\/#breadcrumb","itemListElement":[{"@type":"ListItem","position":1,"name":"Portada","item":"https:\/\/www.winespiritscollection.com\/fr\/"},{"@type":"ListItem","position":2,"name":"Boutique","item":"https:\/\/www.winespiritscollection.com\/fr\/boutique-de-vins-et-spiritueux\/"},{"@type":"ListItem","position":3,"name":"Huile d&#8217;olive extra vierge, Arbaget OOVE"}]},{"@type":"WebSite","@id":"https:\/\/www.winespiritscollection.com\/fr\/#website","url":"https:\/\/www.winespiritscollection.com\/fr\/","name":"Wine Spirits Collection","description":"","publisher":{"@id":"https:\/\/www.winespiritscollection.com\/fr\/#organization"},"potentialAction":[{"@type":"SearchAction","target":{"@type":"EntryPoint","urlTemplate":"https:\/\/www.winespiritscollection.com\/fr\/?s={search_term_string}"},"query-input":{"@type":"PropertyValueSpecification","valueRequired":true,"valueName":"search_term_string"}}],"inLanguage":"fr-FR"},{"@type":"Organization","@id":"https:\/\/www.winespiritscollection.com\/fr\/#organization","name":"Wine Spirits Collection","url":"https:\/\/www.winespiritscollection.com\/fr\/","logo":{"@type":"ImageObject","inLanguage":"fr-FR","@id":"https:\/\/www.winespiritscollection.com\/fr\/#\/schema\/logo\/image\/","url":"https:\/\/www.winespiritscollection.com\/wp-content\/uploads\/2024\/03\/cropped-WINE_SPIRITS-LOGO-PRINCIPAL-NEGRE.png","contentUrl":"https:\/\/www.winespiritscollection.com\/wp-content\/uploads\/2024\/03\/cropped-WINE_SPIRITS-LOGO-PRINCIPAL-NEGRE.png","width":2098,"height":1368,"caption":"Wine Spirits Collection"},"image":{"@id":"https:\/\/www.winespiritscollection.com\/fr\/#\/schema\/logo\/image\/"}}]}},"_links":{"self":[{"href":"https:\/\/www.winespiritscollection.com\/fr\/wp-json\/wp\/v2\/product\/1289","targetHints":{"allow":["GET"]}}],"collection":[{"href":"https:\/\/www.winespiritscollection.com\/fr\/wp-json\/wp\/v2\/product"}],"about":[{"href":"https:\/\/www.winespiritscollection.com\/fr\/wp-json\/wp\/v2\/types\/product"}],"replies":[{"embeddable":true,"href":"https:\/\/www.winespiritscollection.com\/fr\/wp-json\/wp\/v2\/comments?post=1289"}],"wp:featuredmedia":[{"embeddable":true,"href":"https:\/\/www.winespiritscollection.com\/fr\/wp-json\/wp\/v2\/media\/1278"}],"wp:attachment":[{"href":"https:\/\/www.winespiritscollection.com\/fr\/wp-json\/wp\/v2\/media?parent=1289"}],"wp:term":[{"taxonomy":"product_brand","embeddable":true,"href":"https:\/\/www.winespiritscollection.com\/fr\/wp-json\/wp\/v2\/product_brand?post=1289"},{"taxonomy":"product_cat","embeddable":true,"href":"https:\/\/www.winespiritscollection.com\/fr\/wp-json\/wp\/v2\/product_cat?post=1289"},{"taxonomy":"product_tag","embeddable":true,"href":"https:\/\/www.winespiritscollection.com\/fr\/wp-json\/wp\/v2\/product_tag?post=1289"}],"curies":[{"name":"wp","href":"https:\/\/api.w.org\/{rel}","templated":true}]}}