{"id":1335,"date":"2024-07-23T17:06:18","date_gmt":"2024-07-23T15:06:18","guid":{"rendered":"https:\/\/www.winespiritscollection.com\/producto\/vin-vega-sicilia-unico-magnum-2010\/"},"modified":"2025-03-18T09:40:32","modified_gmt":"2025-03-18T08:40:32","slug":"vin-vega-sicilia-unico-magnum-2010","status":"publish","type":"product","link":"https:\/\/www.winespiritscollection.com\/fr\/producto\/vin-vega-sicilia-unico-magnum-2010\/","title":{"rendered":"Vin Vega Sicilia Unico Magnum 2010"},"content":{"rendered":"<p>Caract\u00e9ristiques du Vega Sicilia \u00danico Magnum 2010 : C\u00e9pages : Pr\u00e9dominance de Tempranillo (Tinto Fino) avec une petite proportion de Cabernet Sauvignon. Pr\u00e9paration : La s\u00e9lection minutieuse des raisins et le processus de fermentation sont compl\u00e9t\u00e9s par un vieillissement prolong\u00e9 d&#8217;environ 10 ans. Ce processus comprend un vieillissement en f\u00fbts de ch\u00eane fran\u00e7ais et am\u00e9ricain, suivi d&#8217;un affinage en bouteille. Ar\u00f4me : Complexe et \u00e9l\u00e9gant, avec des notes de fruits noirs m\u00fbrs, d&#8217;\u00e9pices, de tabac, de cuir et des touches balsamiques. On retrouve \u00e9galement des nuances de cacao et de caf\u00e9. Go\u00fbt : En bouche, il est \u00e9quilibr\u00e9, avec une structure robuste mais harmonieuse. Les tanins sont souples et bien int\u00e9gr\u00e9s, offrant une texture soyeuse. L&#8217;acidit\u00e9 est parfaitement \u00e9quilibr\u00e9e, lui conf\u00e9rant de la fra\u00eecheur et un long potentiel de garde. La finale est longue et persistante, avec une agr\u00e9able sensation de fruits et d&#8217;\u00e9pices. Pr\u00e9sentation : Au format magnum (1,5 litres), qui favorise une \u00e9volution plus lente et plus longue du vin, pr\u00e9servant plus longtemps sa fra\u00eecheur et sa complexit\u00e9.         <\/p>\n","protected":false},"excerpt":{"rendered":"<p>Le Vega Sicilia \u00danico Magnum 2010 est un vin rouge d&#8217;exception du prestigieux domaine viticole Vega Sicilia, situ\u00e9 \u00e0 Ribera del Duero, en Espagne. Ce vin t\u00e9moigne de l&#8217;excellence et de la tradition \u0153nologique de la cave, reconnue mondialement pour sa qualit\u00e9 et sa long\u00e9vit\u00e9. Le Vega Sicilia \u00danico Magnum 2010 est un vin qui se distingue par sa profondeur et sa sophistication, id\u00e9al pour les occasions sp\u00e9ciales et les collectionneurs \u00e0 la recherche du meilleur de la viticulture espagnole. bo\u00eete non ouverte   <\/p>\n","protected":false},"featured_media":1321,"comment_status":"closed","ping_status":"closed","template":"","meta":{"_acf_changed":false,"_glsr_average":0,"_glsr_ranking":0,"_glsr_reviews":0,"_joinchat":[]},"product_brand":[],"product_cat":[118],"product_tag":[224,221,223,222,220,139],"class_list":{"0":"post-1335","1":"product","2":"type-product","3":"status-publish","4":"has-post-thumbnail","6":"product_cat-ribera-del-duero-fr","7":"product_tag-2010-fr","8":"product_tag-magnum-fr","9":"product_tag-unico-fr","10":"product_tag-vega-sicilia-fr","11":"product_tag-vin","12":"product_tag-wine-fr","14":"first","15":"outofstock","16":"taxable","17":"shipping-taxable","18":"purchasable","19":"product-type-simple"},"acf":[],"yoast_head":"<!-- This site is optimized with the Yoast SEO plugin v27.2 - https:\/\/yoast.com\/product\/yoast-seo-wordpress\/ -->\n<title>Vin Vega Sicilia Unico Magnum 2010 - Wine Spirits Collection<\/title>\n<meta name=\"description\" content=\"Le Vega Sicilia \u00danico Magnum 2010 est un vin rouge d&#039;exception du prestigieux domaine viticole Vega Sicilia, situ\u00e9 \u00e0 Ribera del Duero, en Espagne.\" \/>\n<meta name=\"robots\" content=\"index, follow, max-snippet:-1, max-image-preview:large, max-video-preview:-1\" \/>\n<link rel=\"canonical\" href=\"https:\/\/www.winespiritscollection.com\/fr\/producto\/vin-vega-sicilia-unico-magnum-2010\/\" \/>\n<meta property=\"og:locale\" content=\"fr_FR\" \/>\n<meta property=\"og:type\" content=\"article\" \/>\n<meta property=\"og:title\" content=\"Vin Vega Sicilia Unico Magnum 2010 - Wine Spirits Collection\" \/>\n<meta property=\"og:description\" content=\"Le Vega Sicilia \u00danico Magnum 2010 est un vin rouge d&#039;exception du prestigieux domaine viticole Vega Sicilia, situ\u00e9 \u00e0 Ribera del Duero, en Espagne.\" \/>\n<meta property=\"og:url\" content=\"https:\/\/www.winespiritscollection.com\/fr\/producto\/vin-vega-sicilia-unico-magnum-2010\/\" \/>\n<meta property=\"og:site_name\" content=\"Wine Spirits Collection\" \/>\n<meta property=\"article:modified_time\" content=\"2025-03-18T08:40:32+00:00\" \/>\n<meta property=\"og:image\" content=\"https:\/\/www.winespiritscollection.com\/wp-content\/uploads\/2024\/07\/IMG_8447-removebg-preview.png\" \/>\n\t<meta property=\"og:image:width\" content=\"433\" \/>\n\t<meta property=\"og:image:height\" content=\"577\" \/>\n\t<meta property=\"og:image:type\" content=\"image\/png\" \/>\n<meta name=\"twitter:card\" content=\"summary_large_image\" \/>\n<meta name=\"twitter:label1\" content=\"Dur\u00e9e de lecture estim\u00e9e\" \/>\n\t<meta name=\"twitter:data1\" content=\"1 minute\" \/>\n<script type=\"application\/ld+json\" class=\"yoast-schema-graph\">{\"@context\":\"https:\/\/schema.org\",\"@graph\":[{\"@type\":\"WebPage\",\"@id\":\"https:\/\/www.winespiritscollection.com\/fr\/producto\/vin-vega-sicilia-unico-magnum-2010\/\",\"url\":\"https:\/\/www.winespiritscollection.com\/fr\/producto\/vin-vega-sicilia-unico-magnum-2010\/\",\"name\":\"Vin Vega Sicilia Unico Magnum 2010 - Wine Spirits Collection\",\"isPartOf\":{\"@id\":\"https:\/\/www.winespiritscollection.com\/fr\/#website\"},\"primaryImageOfPage\":{\"@id\":\"https:\/\/www.winespiritscollection.com\/fr\/producto\/vin-vega-sicilia-unico-magnum-2010\/#primaryimage\"},\"image\":{\"@id\":\"https:\/\/www.winespiritscollection.com\/fr\/producto\/vin-vega-sicilia-unico-magnum-2010\/#primaryimage\"},\"thumbnailUrl\":\"https:\/\/www.winespiritscollection.com\/wp-content\/uploads\/2024\/07\/IMG_8447-removebg-preview.png\",\"datePublished\":\"2024-07-23T15:06:18+00:00\",\"dateModified\":\"2025-03-18T08:40:32+00:00\",\"description\":\"Le Vega Sicilia \u00danico Magnum 2010 est un vin rouge d'exception du prestigieux domaine viticole Vega Sicilia, situ\u00e9 \u00e0 Ribera del Duero, en Espagne.\",\"breadcrumb\":{\"@id\":\"https:\/\/www.winespiritscollection.com\/fr\/producto\/vin-vega-sicilia-unico-magnum-2010\/#breadcrumb\"},\"inLanguage\":\"fr-FR\",\"potentialAction\":[{\"@type\":\"ReadAction\",\"target\":[\"https:\/\/www.winespiritscollection.com\/fr\/producto\/vin-vega-sicilia-unico-magnum-2010\/\"]}]},{\"@type\":\"ImageObject\",\"inLanguage\":\"fr-FR\",\"@id\":\"https:\/\/www.winespiritscollection.com\/fr\/producto\/vin-vega-sicilia-unico-magnum-2010\/#primaryimage\",\"url\":\"https:\/\/www.winespiritscollection.com\/wp-content\/uploads\/2024\/07\/IMG_8447-removebg-preview.png\",\"contentUrl\":\"https:\/\/www.winespiritscollection.com\/wp-content\/uploads\/2024\/07\/IMG_8447-removebg-preview.png\",\"width\":433,\"height\":577},{\"@type\":\"BreadcrumbList\",\"@id\":\"https:\/\/www.winespiritscollection.com\/fr\/producto\/vin-vega-sicilia-unico-magnum-2010\/#breadcrumb\",\"itemListElement\":[{\"@type\":\"ListItem\",\"position\":1,\"name\":\"Portada\",\"item\":\"https:\/\/www.winespiritscollection.com\/fr\/\"},{\"@type\":\"ListItem\",\"position\":2,\"name\":\"Boutique\",\"item\":\"https:\/\/www.winespiritscollection.com\/fr\/boutique-de-vins-et-spiritueux\/\"},{\"@type\":\"ListItem\",\"position\":3,\"name\":\"Vin Vega Sicilia Unico Magnum 2010\"}]},{\"@type\":\"WebSite\",\"@id\":\"https:\/\/www.winespiritscollection.com\/fr\/#website\",\"url\":\"https:\/\/www.winespiritscollection.com\/fr\/\",\"name\":\"Wine Spirits Collection\",\"description\":\"\",\"publisher\":{\"@id\":\"https:\/\/www.winespiritscollection.com\/fr\/#organization\"},\"potentialAction\":[{\"@type\":\"SearchAction\",\"target\":{\"@type\":\"EntryPoint\",\"urlTemplate\":\"https:\/\/www.winespiritscollection.com\/fr\/?s={search_term_string}\"},\"query-input\":{\"@type\":\"PropertyValueSpecification\",\"valueRequired\":true,\"valueName\":\"search_term_string\"}}],\"inLanguage\":\"fr-FR\"},{\"@type\":\"Organization\",\"@id\":\"https:\/\/www.winespiritscollection.com\/fr\/#organization\",\"name\":\"Wine Spirits Collection\",\"url\":\"https:\/\/www.winespiritscollection.com\/fr\/\",\"logo\":{\"@type\":\"ImageObject\",\"inLanguage\":\"fr-FR\",\"@id\":\"https:\/\/www.winespiritscollection.com\/fr\/#\/schema\/logo\/image\/\",\"url\":\"https:\/\/www.winespiritscollection.com\/wp-content\/uploads\/2024\/03\/cropped-WINE_SPIRITS-LOGO-PRINCIPAL-NEGRE.png\",\"contentUrl\":\"https:\/\/www.winespiritscollection.com\/wp-content\/uploads\/2024\/03\/cropped-WINE_SPIRITS-LOGO-PRINCIPAL-NEGRE.png\",\"width\":2098,\"height\":1368,\"caption\":\"Wine Spirits Collection\"},\"image\":{\"@id\":\"https:\/\/www.winespiritscollection.com\/fr\/#\/schema\/logo\/image\/\"}}]}<\/script>\n<!-- \/ Yoast SEO plugin. -->","yoast_head_json":{"title":"Vin Vega Sicilia Unico Magnum 2010 - Wine Spirits Collection","description":"Le Vega Sicilia \u00danico Magnum 2010 est un vin rouge d'exception du prestigieux domaine viticole Vega Sicilia, situ\u00e9 \u00e0 Ribera del Duero, en Espagne.","robots":{"index":"index","follow":"follow","max-snippet":"max-snippet:-1","max-image-preview":"max-image-preview:large","max-video-preview":"max-video-preview:-1"},"canonical":"https:\/\/www.winespiritscollection.com\/fr\/producto\/vin-vega-sicilia-unico-magnum-2010\/","og_locale":"fr_FR","og_type":"article","og_title":"Vin Vega Sicilia Unico Magnum 2010 - Wine Spirits Collection","og_description":"Le Vega Sicilia \u00danico Magnum 2010 est un vin rouge d'exception du prestigieux domaine viticole Vega Sicilia, situ\u00e9 \u00e0 Ribera del Duero, en Espagne.","og_url":"https:\/\/www.winespiritscollection.com\/fr\/producto\/vin-vega-sicilia-unico-magnum-2010\/","og_site_name":"Wine Spirits Collection","article_modified_time":"2025-03-18T08:40:32+00:00","og_image":[{"width":433,"height":577,"url":"https:\/\/www.winespiritscollection.com\/wp-content\/uploads\/2024\/07\/IMG_8447-removebg-preview.png","type":"image\/png"}],"twitter_card":"summary_large_image","twitter_misc":{"Dur\u00e9e de lecture estim\u00e9e":"1 minute"},"schema":{"@context":"https:\/\/schema.org","@graph":[{"@type":"WebPage","@id":"https:\/\/www.winespiritscollection.com\/fr\/producto\/vin-vega-sicilia-unico-magnum-2010\/","url":"https:\/\/www.winespiritscollection.com\/fr\/producto\/vin-vega-sicilia-unico-magnum-2010\/","name":"Vin Vega Sicilia Unico Magnum 2010 - Wine Spirits Collection","isPartOf":{"@id":"https:\/\/www.winespiritscollection.com\/fr\/#website"},"primaryImageOfPage":{"@id":"https:\/\/www.winespiritscollection.com\/fr\/producto\/vin-vega-sicilia-unico-magnum-2010\/#primaryimage"},"image":{"@id":"https:\/\/www.winespiritscollection.com\/fr\/producto\/vin-vega-sicilia-unico-magnum-2010\/#primaryimage"},"thumbnailUrl":"https:\/\/www.winespiritscollection.com\/wp-content\/uploads\/2024\/07\/IMG_8447-removebg-preview.png","datePublished":"2024-07-23T15:06:18+00:00","dateModified":"2025-03-18T08:40:32+00:00","description":"Le Vega Sicilia \u00danico Magnum 2010 est un vin rouge d'exception du prestigieux domaine viticole Vega Sicilia, situ\u00e9 \u00e0 Ribera del Duero, en Espagne.","breadcrumb":{"@id":"https:\/\/www.winespiritscollection.com\/fr\/producto\/vin-vega-sicilia-unico-magnum-2010\/#breadcrumb"},"inLanguage":"fr-FR","potentialAction":[{"@type":"ReadAction","target":["https:\/\/www.winespiritscollection.com\/fr\/producto\/vin-vega-sicilia-unico-magnum-2010\/"]}]},{"@type":"ImageObject","inLanguage":"fr-FR","@id":"https:\/\/www.winespiritscollection.com\/fr\/producto\/vin-vega-sicilia-unico-magnum-2010\/#primaryimage","url":"https:\/\/www.winespiritscollection.com\/wp-content\/uploads\/2024\/07\/IMG_8447-removebg-preview.png","contentUrl":"https:\/\/www.winespiritscollection.com\/wp-content\/uploads\/2024\/07\/IMG_8447-removebg-preview.png","width":433,"height":577},{"@type":"BreadcrumbList","@id":"https:\/\/www.winespiritscollection.com\/fr\/producto\/vin-vega-sicilia-unico-magnum-2010\/#breadcrumb","itemListElement":[{"@type":"ListItem","position":1,"name":"Portada","item":"https:\/\/www.winespiritscollection.com\/fr\/"},{"@type":"ListItem","position":2,"name":"Boutique","item":"https:\/\/www.winespiritscollection.com\/fr\/boutique-de-vins-et-spiritueux\/"},{"@type":"ListItem","position":3,"name":"Vin Vega Sicilia Unico Magnum 2010"}]},{"@type":"WebSite","@id":"https:\/\/www.winespiritscollection.com\/fr\/#website","url":"https:\/\/www.winespiritscollection.com\/fr\/","name":"Wine Spirits Collection","description":"","publisher":{"@id":"https:\/\/www.winespiritscollection.com\/fr\/#organization"},"potentialAction":[{"@type":"SearchAction","target":{"@type":"EntryPoint","urlTemplate":"https:\/\/www.winespiritscollection.com\/fr\/?s={search_term_string}"},"query-input":{"@type":"PropertyValueSpecification","valueRequired":true,"valueName":"search_term_string"}}],"inLanguage":"fr-FR"},{"@type":"Organization","@id":"https:\/\/www.winespiritscollection.com\/fr\/#organization","name":"Wine Spirits Collection","url":"https:\/\/www.winespiritscollection.com\/fr\/","logo":{"@type":"ImageObject","inLanguage":"fr-FR","@id":"https:\/\/www.winespiritscollection.com\/fr\/#\/schema\/logo\/image\/","url":"https:\/\/www.winespiritscollection.com\/wp-content\/uploads\/2024\/03\/cropped-WINE_SPIRITS-LOGO-PRINCIPAL-NEGRE.png","contentUrl":"https:\/\/www.winespiritscollection.com\/wp-content\/uploads\/2024\/03\/cropped-WINE_SPIRITS-LOGO-PRINCIPAL-NEGRE.png","width":2098,"height":1368,"caption":"Wine Spirits Collection"},"image":{"@id":"https:\/\/www.winespiritscollection.com\/fr\/#\/schema\/logo\/image\/"}}]}},"_links":{"self":[{"href":"https:\/\/www.winespiritscollection.com\/fr\/wp-json\/wp\/v2\/product\/1335","targetHints":{"allow":["GET"]}}],"collection":[{"href":"https:\/\/www.winespiritscollection.com\/fr\/wp-json\/wp\/v2\/product"}],"about":[{"href":"https:\/\/www.winespiritscollection.com\/fr\/wp-json\/wp\/v2\/types\/product"}],"replies":[{"embeddable":true,"href":"https:\/\/www.winespiritscollection.com\/fr\/wp-json\/wp\/v2\/comments?post=1335"}],"wp:featuredmedia":[{"embeddable":true,"href":"https:\/\/www.winespiritscollection.com\/fr\/wp-json\/wp\/v2\/media\/1321"}],"wp:attachment":[{"href":"https:\/\/www.winespiritscollection.com\/fr\/wp-json\/wp\/v2\/media?parent=1335"}],"wp:term":[{"taxonomy":"product_brand","embeddable":true,"href":"https:\/\/www.winespiritscollection.com\/fr\/wp-json\/wp\/v2\/product_brand?post=1335"},{"taxonomy":"product_cat","embeddable":true,"href":"https:\/\/www.winespiritscollection.com\/fr\/wp-json\/wp\/v2\/product_cat?post=1335"},{"taxonomy":"product_tag","embeddable":true,"href":"https:\/\/www.winespiritscollection.com\/fr\/wp-json\/wp\/v2\/product_tag?post=1335"}],"curies":[{"name":"wp","href":"https:\/\/api.w.org\/{rel}","templated":true}]}}