{"id":1412,"date":"2024-10-31T13:24:36","date_gmt":"2024-10-31T12:24:36","guid":{"rendered":"https:\/\/www.winespiritscollection.com\/producto\/vin-rouge-vina-diezmo-reserva-1987-rioja-75-cl\/"},"modified":"2024-11-14T12:30:28","modified_gmt":"2024-11-14T11:30:28","slug":"vin-rouge-vina-diezmo-reserva-1987-rioja-75-cl","status":"publish","type":"product","link":"https:\/\/www.winespiritscollection.com\/fr\/producto\/vin-rouge-vina-diezmo-reserva-1987-rioja-75-cl\/","title":{"rendered":"Vin rouge Vi\u00f1a Diezmo Reserva 1987 Rioja 75 cl"},"content":{"rendered":"<p>Vi\u00f1a Diezmo est une marque de vin rouge originaire de la r\u00e9gion de la Rioja en Espagne, connue pour ses vins \u00e9l\u00e9gants et \u00e9quilibr\u00e9s. Ce vin est g\u00e9n\u00e9ralement \u00e9labor\u00e9 \u00e0 partir du c\u00e9page Tempranillo, typique de la r\u00e9gion, bien que dans certains cas il puisse contenir d&#8217;autres c\u00e9pages comme le Graciano ou le Garnacha pour lui donner une plus grande complexit\u00e9.<\/p>\n<p>Vi\u00f1a Diezmo se distingue par sa couleur rouge intense aux reflets rubis, et au nez elle offre des ar\u00f4mes de fruits rouges m\u00fbrs comme les cerises et les m\u00fbres, associ\u00e9s \u00e0 des notes de vanille, d&#8217;\u00e9pices et une subtile touche de bois, due \u00e0 son vieillissement. en f\u00fbts de ch\u00eane. En bouche, il est \u00e9quilibr\u00e9, avec des tanins souples et ronds, et une finale persistante et agr\u00e9able qui vous invite \u00e0 continuer \u00e0 profiter de sa saveur.<\/p>\n<p>C&#8217;est un vin qui accompagne tr\u00e8s bien les plats de viande rouge, les saucisses, les fromages affin\u00e9s et les rago\u00fbts, mais il est \u00e9galement id\u00e9al \u00e0 d\u00e9guster seul, en appr\u00e9ciant chaque nuance de sa saveur et de son ar\u00f4me.<\/p>\n<p>Nos produits sont des bouteilles de collection antiques. Ils ont \u00e9t\u00e9 bien conserv\u00e9s en cave, mais nous ne pouvons garantir leur consommation. Consommation responsable. Convient uniquement aux adultes.<\/p>\n","protected":false},"excerpt":{"rendered":"<p>Domaine viticole : CASA PRIMICIA<br \/>\nD.O.\/Zone : D.O.RIOJA<br \/>\nPays : Espagne<br \/>\nLieu: LAGUARDIA<br \/>\nType de vin : Rouge<br \/>\nParentalit\u00e9 : parentalit\u00e9<br \/>\nTitre alcoom\u00e9trique (vol): 14%<br \/>\nCapacit\u00e9 : 75cl<br \/>\nVari\u00e9t\u00e9s : Tempranillo<\/p>\n","protected":false},"featured_media":1366,"comment_status":"closed","ping_status":"closed","template":"","meta":{"_acf_changed":false,"_glsr_average":0,"_glsr_ranking":0,"_glsr_reviews":0,"_joinchat":[]},"product_brand":[],"product_cat":[119],"product_tag":[138,193,162],"class_list":{"0":"post-1412","1":"product","2":"type-product","3":"status-publish","4":"has-post-thumbnail","6":"product_cat-rioja-fr","7":"product_tag-red-wine-fr","8":"product_tag-reserva-fr","9":"product_tag-rioja-fr","11":"first","12":"instock","13":"taxable","14":"shipping-taxable","15":"purchasable","16":"product-type-simple"},"acf":[],"yoast_head":"<!-- This site is optimized with the Yoast SEO plugin v27.2 - https:\/\/yoast.com\/product\/yoast-seo-wordpress\/ -->\n<title>Vin rouge Vi\u00f1a Diezmo Reserva 1987 Rioja 75 cl - Wine Spirits Collection<\/title>\n<meta name=\"description\" content=\"D\u00e9couvrez Vi\u00f1a Diezmo, un vin riche et \u00e9l\u00e9gant teint\u00e9 Rio, \u00e9labor\u00e9 \u00e0 partir de raisins Tempranillo et \u00e9lev\u00e9 en f\u00fbts. Parfait pour accompagner les viandes.\" \/>\n<meta name=\"robots\" content=\"index, follow, max-snippet:-1, max-image-preview:large, max-video-preview:-1\" \/>\n<link rel=\"canonical\" href=\"https:\/\/www.winespiritscollection.com\/fr\/producto\/vin-rouge-vina-diezmo-reserva-1987-rioja-75-cl\/\" \/>\n<meta property=\"og:locale\" content=\"fr_FR\" \/>\n<meta property=\"og:type\" content=\"article\" \/>\n<meta property=\"og:title\" content=\"Vin rouge Vi\u00f1a Diezmo Reserva 1987 Rioja 75 cl - Wine Spirits Collection\" \/>\n<meta property=\"og:description\" content=\"D\u00e9couvrez Vi\u00f1a Diezmo, un vin riche et \u00e9l\u00e9gant teint\u00e9 Rio, \u00e9labor\u00e9 \u00e0 partir de raisins Tempranillo et \u00e9lev\u00e9 en f\u00fbts. Parfait pour accompagner les viandes.\" \/>\n<meta property=\"og:url\" content=\"https:\/\/www.winespiritscollection.com\/fr\/producto\/vin-rouge-vina-diezmo-reserva-1987-rioja-75-cl\/\" \/>\n<meta property=\"og:site_name\" content=\"Wine Spirits Collection\" \/>\n<meta property=\"article:modified_time\" content=\"2024-11-14T11:30:28+00:00\" \/>\n<meta property=\"og:image\" content=\"https:\/\/www.winespiritscollection.com\/wp-content\/uploads\/2024\/10\/P1180872-removebg-preview-1.png\" \/>\n\t<meta property=\"og:image:width\" content=\"375\" \/>\n\t<meta property=\"og:image:height\" content=\"666\" \/>\n\t<meta property=\"og:image:type\" content=\"image\/png\" \/>\n<meta name=\"twitter:card\" content=\"summary_large_image\" \/>\n<meta name=\"twitter:label1\" content=\"Dur\u00e9e de lecture estim\u00e9e\" \/>\n\t<meta name=\"twitter:data1\" content=\"1 minute\" \/>\n<script type=\"application\/ld+json\" class=\"yoast-schema-graph\">{\"@context\":\"https:\/\/schema.org\",\"@graph\":[{\"@type\":\"WebPage\",\"@id\":\"https:\/\/www.winespiritscollection.com\/fr\/producto\/vin-rouge-vina-diezmo-reserva-1987-rioja-75-cl\/\",\"url\":\"https:\/\/www.winespiritscollection.com\/fr\/producto\/vin-rouge-vina-diezmo-reserva-1987-rioja-75-cl\/\",\"name\":\"Vin rouge Vi\u00f1a Diezmo Reserva 1987 Rioja 75 cl - Wine Spirits Collection\",\"isPartOf\":{\"@id\":\"https:\/\/www.winespiritscollection.com\/fr\/#website\"},\"primaryImageOfPage\":{\"@id\":\"https:\/\/www.winespiritscollection.com\/fr\/producto\/vin-rouge-vina-diezmo-reserva-1987-rioja-75-cl\/#primaryimage\"},\"image\":{\"@id\":\"https:\/\/www.winespiritscollection.com\/fr\/producto\/vin-rouge-vina-diezmo-reserva-1987-rioja-75-cl\/#primaryimage\"},\"thumbnailUrl\":\"https:\/\/www.winespiritscollection.com\/wp-content\/uploads\/2024\/10\/P1180872-removebg-preview-1.png\",\"datePublished\":\"2024-10-31T12:24:36+00:00\",\"dateModified\":\"2024-11-14T11:30:28+00:00\",\"description\":\"D\u00e9couvrez Vi\u00f1a Diezmo, un vin riche et \u00e9l\u00e9gant teint\u00e9 Rio, \u00e9labor\u00e9 \u00e0 partir de raisins Tempranillo et \u00e9lev\u00e9 en f\u00fbts. Parfait pour accompagner les viandes.\",\"breadcrumb\":{\"@id\":\"https:\/\/www.winespiritscollection.com\/fr\/producto\/vin-rouge-vina-diezmo-reserva-1987-rioja-75-cl\/#breadcrumb\"},\"inLanguage\":\"fr-FR\",\"potentialAction\":[{\"@type\":\"ReadAction\",\"target\":[\"https:\/\/www.winespiritscollection.com\/fr\/producto\/vin-rouge-vina-diezmo-reserva-1987-rioja-75-cl\/\"]}]},{\"@type\":\"ImageObject\",\"inLanguage\":\"fr-FR\",\"@id\":\"https:\/\/www.winespiritscollection.com\/fr\/producto\/vin-rouge-vina-diezmo-reserva-1987-rioja-75-cl\/#primaryimage\",\"url\":\"https:\/\/www.winespiritscollection.com\/wp-content\/uploads\/2024\/10\/P1180872-removebg-preview-1.png\",\"contentUrl\":\"https:\/\/www.winespiritscollection.com\/wp-content\/uploads\/2024\/10\/P1180872-removebg-preview-1.png\",\"width\":375,\"height\":666},{\"@type\":\"BreadcrumbList\",\"@id\":\"https:\/\/www.winespiritscollection.com\/fr\/producto\/vin-rouge-vina-diezmo-reserva-1987-rioja-75-cl\/#breadcrumb\",\"itemListElement\":[{\"@type\":\"ListItem\",\"position\":1,\"name\":\"Portada\",\"item\":\"https:\/\/www.winespiritscollection.com\/fr\/\"},{\"@type\":\"ListItem\",\"position\":2,\"name\":\"Boutique\",\"item\":\"https:\/\/www.winespiritscollection.com\/fr\/boutique-de-vins-et-spiritueux\/\"},{\"@type\":\"ListItem\",\"position\":3,\"name\":\"Vin rouge Vi\u00f1a Diezmo Reserva 1987 Rioja 75 cl\"}]},{\"@type\":\"WebSite\",\"@id\":\"https:\/\/www.winespiritscollection.com\/fr\/#website\",\"url\":\"https:\/\/www.winespiritscollection.com\/fr\/\",\"name\":\"Wine Spirits Collection\",\"description\":\"\",\"publisher\":{\"@id\":\"https:\/\/www.winespiritscollection.com\/fr\/#organization\"},\"potentialAction\":[{\"@type\":\"SearchAction\",\"target\":{\"@type\":\"EntryPoint\",\"urlTemplate\":\"https:\/\/www.winespiritscollection.com\/fr\/?s={search_term_string}\"},\"query-input\":{\"@type\":\"PropertyValueSpecification\",\"valueRequired\":true,\"valueName\":\"search_term_string\"}}],\"inLanguage\":\"fr-FR\"},{\"@type\":\"Organization\",\"@id\":\"https:\/\/www.winespiritscollection.com\/fr\/#organization\",\"name\":\"Wine Spirits Collection\",\"url\":\"https:\/\/www.winespiritscollection.com\/fr\/\",\"logo\":{\"@type\":\"ImageObject\",\"inLanguage\":\"fr-FR\",\"@id\":\"https:\/\/www.winespiritscollection.com\/fr\/#\/schema\/logo\/image\/\",\"url\":\"https:\/\/www.winespiritscollection.com\/wp-content\/uploads\/2024\/03\/cropped-WINE_SPIRITS-LOGO-PRINCIPAL-NEGRE.png\",\"contentUrl\":\"https:\/\/www.winespiritscollection.com\/wp-content\/uploads\/2024\/03\/cropped-WINE_SPIRITS-LOGO-PRINCIPAL-NEGRE.png\",\"width\":2098,\"height\":1368,\"caption\":\"Wine Spirits Collection\"},\"image\":{\"@id\":\"https:\/\/www.winespiritscollection.com\/fr\/#\/schema\/logo\/image\/\"}}]}<\/script>\n<!-- \/ Yoast SEO plugin. -->","yoast_head_json":{"title":"Vin rouge Vi\u00f1a Diezmo Reserva 1987 Rioja 75 cl - Wine Spirits Collection","description":"D\u00e9couvrez Vi\u00f1a Diezmo, un vin riche et \u00e9l\u00e9gant teint\u00e9 Rio, \u00e9labor\u00e9 \u00e0 partir de raisins Tempranillo et \u00e9lev\u00e9 en f\u00fbts. Parfait pour accompagner les viandes.","robots":{"index":"index","follow":"follow","max-snippet":"max-snippet:-1","max-image-preview":"max-image-preview:large","max-video-preview":"max-video-preview:-1"},"canonical":"https:\/\/www.winespiritscollection.com\/fr\/producto\/vin-rouge-vina-diezmo-reserva-1987-rioja-75-cl\/","og_locale":"fr_FR","og_type":"article","og_title":"Vin rouge Vi\u00f1a Diezmo Reserva 1987 Rioja 75 cl - Wine Spirits Collection","og_description":"D\u00e9couvrez Vi\u00f1a Diezmo, un vin riche et \u00e9l\u00e9gant teint\u00e9 Rio, \u00e9labor\u00e9 \u00e0 partir de raisins Tempranillo et \u00e9lev\u00e9 en f\u00fbts. Parfait pour accompagner les viandes.","og_url":"https:\/\/www.winespiritscollection.com\/fr\/producto\/vin-rouge-vina-diezmo-reserva-1987-rioja-75-cl\/","og_site_name":"Wine Spirits Collection","article_modified_time":"2024-11-14T11:30:28+00:00","og_image":[{"width":375,"height":666,"url":"https:\/\/www.winespiritscollection.com\/wp-content\/uploads\/2024\/10\/P1180872-removebg-preview-1.png","type":"image\/png"}],"twitter_card":"summary_large_image","twitter_misc":{"Dur\u00e9e de lecture estim\u00e9e":"1 minute"},"schema":{"@context":"https:\/\/schema.org","@graph":[{"@type":"WebPage","@id":"https:\/\/www.winespiritscollection.com\/fr\/producto\/vin-rouge-vina-diezmo-reserva-1987-rioja-75-cl\/","url":"https:\/\/www.winespiritscollection.com\/fr\/producto\/vin-rouge-vina-diezmo-reserva-1987-rioja-75-cl\/","name":"Vin rouge Vi\u00f1a Diezmo Reserva 1987 Rioja 75 cl - Wine Spirits Collection","isPartOf":{"@id":"https:\/\/www.winespiritscollection.com\/fr\/#website"},"primaryImageOfPage":{"@id":"https:\/\/www.winespiritscollection.com\/fr\/producto\/vin-rouge-vina-diezmo-reserva-1987-rioja-75-cl\/#primaryimage"},"image":{"@id":"https:\/\/www.winespiritscollection.com\/fr\/producto\/vin-rouge-vina-diezmo-reserva-1987-rioja-75-cl\/#primaryimage"},"thumbnailUrl":"https:\/\/www.winespiritscollection.com\/wp-content\/uploads\/2024\/10\/P1180872-removebg-preview-1.png","datePublished":"2024-10-31T12:24:36+00:00","dateModified":"2024-11-14T11:30:28+00:00","description":"D\u00e9couvrez Vi\u00f1a Diezmo, un vin riche et \u00e9l\u00e9gant teint\u00e9 Rio, \u00e9labor\u00e9 \u00e0 partir de raisins Tempranillo et \u00e9lev\u00e9 en f\u00fbts. Parfait pour accompagner les viandes.","breadcrumb":{"@id":"https:\/\/www.winespiritscollection.com\/fr\/producto\/vin-rouge-vina-diezmo-reserva-1987-rioja-75-cl\/#breadcrumb"},"inLanguage":"fr-FR","potentialAction":[{"@type":"ReadAction","target":["https:\/\/www.winespiritscollection.com\/fr\/producto\/vin-rouge-vina-diezmo-reserva-1987-rioja-75-cl\/"]}]},{"@type":"ImageObject","inLanguage":"fr-FR","@id":"https:\/\/www.winespiritscollection.com\/fr\/producto\/vin-rouge-vina-diezmo-reserva-1987-rioja-75-cl\/#primaryimage","url":"https:\/\/www.winespiritscollection.com\/wp-content\/uploads\/2024\/10\/P1180872-removebg-preview-1.png","contentUrl":"https:\/\/www.winespiritscollection.com\/wp-content\/uploads\/2024\/10\/P1180872-removebg-preview-1.png","width":375,"height":666},{"@type":"BreadcrumbList","@id":"https:\/\/www.winespiritscollection.com\/fr\/producto\/vin-rouge-vina-diezmo-reserva-1987-rioja-75-cl\/#breadcrumb","itemListElement":[{"@type":"ListItem","position":1,"name":"Portada","item":"https:\/\/www.winespiritscollection.com\/fr\/"},{"@type":"ListItem","position":2,"name":"Boutique","item":"https:\/\/www.winespiritscollection.com\/fr\/boutique-de-vins-et-spiritueux\/"},{"@type":"ListItem","position":3,"name":"Vin rouge Vi\u00f1a Diezmo Reserva 1987 Rioja 75 cl"}]},{"@type":"WebSite","@id":"https:\/\/www.winespiritscollection.com\/fr\/#website","url":"https:\/\/www.winespiritscollection.com\/fr\/","name":"Wine Spirits Collection","description":"","publisher":{"@id":"https:\/\/www.winespiritscollection.com\/fr\/#organization"},"potentialAction":[{"@type":"SearchAction","target":{"@type":"EntryPoint","urlTemplate":"https:\/\/www.winespiritscollection.com\/fr\/?s={search_term_string}"},"query-input":{"@type":"PropertyValueSpecification","valueRequired":true,"valueName":"search_term_string"}}],"inLanguage":"fr-FR"},{"@type":"Organization","@id":"https:\/\/www.winespiritscollection.com\/fr\/#organization","name":"Wine Spirits Collection","url":"https:\/\/www.winespiritscollection.com\/fr\/","logo":{"@type":"ImageObject","inLanguage":"fr-FR","@id":"https:\/\/www.winespiritscollection.com\/fr\/#\/schema\/logo\/image\/","url":"https:\/\/www.winespiritscollection.com\/wp-content\/uploads\/2024\/03\/cropped-WINE_SPIRITS-LOGO-PRINCIPAL-NEGRE.png","contentUrl":"https:\/\/www.winespiritscollection.com\/wp-content\/uploads\/2024\/03\/cropped-WINE_SPIRITS-LOGO-PRINCIPAL-NEGRE.png","width":2098,"height":1368,"caption":"Wine Spirits Collection"},"image":{"@id":"https:\/\/www.winespiritscollection.com\/fr\/#\/schema\/logo\/image\/"}}]}},"_links":{"self":[{"href":"https:\/\/www.winespiritscollection.com\/fr\/wp-json\/wp\/v2\/product\/1412","targetHints":{"allow":["GET"]}}],"collection":[{"href":"https:\/\/www.winespiritscollection.com\/fr\/wp-json\/wp\/v2\/product"}],"about":[{"href":"https:\/\/www.winespiritscollection.com\/fr\/wp-json\/wp\/v2\/types\/product"}],"replies":[{"embeddable":true,"href":"https:\/\/www.winespiritscollection.com\/fr\/wp-json\/wp\/v2\/comments?post=1412"}],"wp:featuredmedia":[{"embeddable":true,"href":"https:\/\/www.winespiritscollection.com\/fr\/wp-json\/wp\/v2\/media\/1366"}],"wp:attachment":[{"href":"https:\/\/www.winespiritscollection.com\/fr\/wp-json\/wp\/v2\/media?parent=1412"}],"wp:term":[{"taxonomy":"product_brand","embeddable":true,"href":"https:\/\/www.winespiritscollection.com\/fr\/wp-json\/wp\/v2\/product_brand?post=1412"},{"taxonomy":"product_cat","embeddable":true,"href":"https:\/\/www.winespiritscollection.com\/fr\/wp-json\/wp\/v2\/product_cat?post=1412"},{"taxonomy":"product_tag","embeddable":true,"href":"https:\/\/www.winespiritscollection.com\/fr\/wp-json\/wp\/v2\/product_tag?post=1412"}],"curies":[{"name":"wp","href":"https:\/\/api.w.org\/{rel}","templated":true}]}}