{"id":1496,"date":"2024-11-14T11:42:32","date_gmt":"2024-11-14T10:42:32","guid":{"rendered":"https:\/\/www.winespiritscollection.com\/producto\/vin-rouge-matarromera-crianza-2000-ribera-del-duero-75-cl\/"},"modified":"2024-11-14T11:42:32","modified_gmt":"2024-11-14T10:42:32","slug":"vin-rouge-matarromera-crianza-2000-ribera-del-duero-75-cl","status":"publish","type":"product","link":"https:\/\/www.winespiritscollection.com\/fr\/producto\/vin-rouge-matarromera-crianza-2000-ribera-del-duero-75-cl\/","title":{"rendered":"Vin rouge Matarromera Crianza 2000 Ribera del Duero 75 cl."},"content":{"rendered":"<p>Le Matarromera Crianza 2000 est un vin rouge embl\u00e9matique de la prestigieuse cave Matarromera, situ\u00e9e au c\u0153ur de la Ribera del Duero, l&#8217;une des r\u00e9gions viticoles les plus renomm\u00e9es d&#8217;Espagne. Ce vin, \u00e9labor\u00e9 \u00e0 partir de raisins 100% Tempranillo (\u00e9galement connu sous le nom de Tinta del Pa\u00eds), repr\u00e9sente l&#8217;engagement de la cave envers la qualit\u00e9 et la tradition, offrant une exp\u00e9rience \u0153nologique qui se distingue par son \u00e9l\u00e9gance, sa complexit\u00e9 et sa persistance. Le mill\u00e9sime 2000 se caract\u00e9rise par des conditions climatiques exceptionnelles dans la Ribera del Duero, avec un hiver froid et pluvieux suivi d&#8217;un printemps chaud qui a favoris\u00e9 le d\u00e9veloppement des vignes. L&#8217;\u00e9t\u00e9 chaud et sec a permis une maturation optimale des raisins, avec une r\u00e9colte au juste \u00e9quilibre entre acidit\u00e9 et sucres, donnant un vin \u00e0 la structure et au potentiel de garde remarquables. Matarromera Crianza 2000 est \u00e9labor\u00e9 \u00e0 partir de raisins s\u00e9lectionn\u00e9s \u00e0 la main dans des vignobles situ\u00e9s \u00e0 plus de 700 m\u00e8tres d&#8217;altitude, o\u00f9 les sols calcaires et argileux apportent une min\u00e9ralit\u00e9 unique. La fermentation se d\u00e9roule dans des cuves en acier inoxydable \u00e0 temp\u00e9rature contr\u00f4l\u00e9e, ce qui permet de pr\u00e9server les ar\u00f4mes fruit\u00e9s caract\u00e9ristiques du Tempranillo. Le vin est ensuite vieilli en f\u00fbts de ch\u00eane am\u00e9ricain et fran\u00e7ais pendant 14 mois. Cet assemblage de f\u00fbts conf\u00e8re au vin une complexit\u00e9 aromatique unique, avec des nuances de vanille, de cacao et d&#8217;\u00e9pices douces. Une fois mis en bouteille, le vin reste encore au moins 12 mois en cave pour atteindre sa pl\u00e9nitude avant d&#8217;\u00eatre commercialis\u00e9. Nos produits sont des bouteilles de collection vintage. Ils ont \u00e9t\u00e9 conserv\u00e9s en cave, mais nous ne pouvons garantir leur consommation. Consommation responsable. Convient uniquement aux adultes.Tuer <\/p>\n","protected":false},"excerpt":{"rendered":"<p>Domaine viticole Matarromera<br \/>\nD.O.\/Zone<br \/>\nFAIRE. Ribera du Duero<br \/>\nPays : Espagne<br \/>\nType de vin : Rouge<br \/>\nDipl\u00f4me (vol): 13,50%<br \/>\nC\u00e9pages : 100% Tinto Fino.<\/p>\n","protected":false},"featured_media":1482,"comment_status":"closed","ping_status":"closed","template":"","meta":{"_acf_changed":false,"_glsr_average":0,"_glsr_ranking":0,"_glsr_reviews":0,"_joinchat":[]},"product_brand":[],"product_cat":[118],"product_tag":[187,138,171],"class_list":{"0":"post-1496","1":"product","2":"type-product","3":"status-publish","4":"has-post-thumbnail","6":"product_cat-ribera-del-duero-fr","7":"product_tag-crianza-fr","8":"product_tag-red-wine-fr","9":"product_tag-ribera-del-duero-fr","11":"first","12":"instock","13":"taxable","14":"shipping-taxable","15":"purchasable","16":"product-type-simple"},"acf":[],"yoast_head":"<!-- This site is optimized with the Yoast SEO plugin v27.2 - https:\/\/yoast.com\/product\/yoast-seo-wordpress\/ -->\n<title>Vin rouge Matarromera Crianza 2000 Ribera del Duero 75 cl. - Wine Spirits Collection<\/title>\n<meta name=\"description\" content=\"Discover Matarromera Crianza 2000 an elegant red wine. Made from 100% Tempranillo it offers complex aromas of ripe fruit, vanilla ans spices\" \/>\n<meta name=\"robots\" content=\"index, follow, max-snippet:-1, max-image-preview:large, max-video-preview:-1\" \/>\n<link rel=\"canonical\" href=\"https:\/\/www.winespiritscollection.com\/fr\/producto\/vin-rouge-matarromera-crianza-2000-ribera-del-duero-75-cl\/\" \/>\n<meta property=\"og:locale\" content=\"fr_FR\" \/>\n<meta property=\"og:type\" content=\"article\" \/>\n<meta property=\"og:title\" content=\"Vin rouge Matarromera Crianza 2000 Ribera del Duero 75 cl. - Wine Spirits Collection\" \/>\n<meta property=\"og:description\" content=\"Discover Matarromera Crianza 2000 an elegant red wine. Made from 100% Tempranillo it offers complex aromas of ripe fruit, vanilla ans spices\" \/>\n<meta property=\"og:url\" content=\"https:\/\/www.winespiritscollection.com\/fr\/producto\/vin-rouge-matarromera-crianza-2000-ribera-del-duero-75-cl\/\" \/>\n<meta property=\"og:site_name\" content=\"Wine Spirits Collection\" \/>\n<meta property=\"og:image\" content=\"https:\/\/www.winespiritscollection.com\/wp-content\/uploads\/2024\/11\/P1180942-removebg-preview.png\" \/>\n\t<meta property=\"og:image:width\" content=\"375\" \/>\n\t<meta property=\"og:image:height\" content=\"666\" \/>\n\t<meta property=\"og:image:type\" content=\"image\/png\" \/>\n<meta name=\"twitter:card\" content=\"summary_large_image\" \/>\n<meta name=\"twitter:label1\" content=\"Dur\u00e9e de lecture estim\u00e9e\" \/>\n\t<meta name=\"twitter:data1\" content=\"2 minutes\" \/>\n<script type=\"application\/ld+json\" class=\"yoast-schema-graph\">{\"@context\":\"https:\/\/schema.org\",\"@graph\":[{\"@type\":\"WebPage\",\"@id\":\"https:\/\/www.winespiritscollection.com\/fr\/producto\/vin-rouge-matarromera-crianza-2000-ribera-del-duero-75-cl\/\",\"url\":\"https:\/\/www.winespiritscollection.com\/fr\/producto\/vin-rouge-matarromera-crianza-2000-ribera-del-duero-75-cl\/\",\"name\":\"Vin rouge Matarromera Crianza 2000 Ribera del Duero 75 cl. - Wine Spirits Collection\",\"isPartOf\":{\"@id\":\"https:\/\/www.winespiritscollection.com\/fr\/#website\"},\"primaryImageOfPage\":{\"@id\":\"https:\/\/www.winespiritscollection.com\/fr\/producto\/vin-rouge-matarromera-crianza-2000-ribera-del-duero-75-cl\/#primaryimage\"},\"image\":{\"@id\":\"https:\/\/www.winespiritscollection.com\/fr\/producto\/vin-rouge-matarromera-crianza-2000-ribera-del-duero-75-cl\/#primaryimage\"},\"thumbnailUrl\":\"https:\/\/www.winespiritscollection.com\/wp-content\/uploads\/2024\/11\/P1180942-removebg-preview.png\",\"datePublished\":\"2024-11-14T10:42:32+00:00\",\"description\":\"Discover Matarromera Crianza 2000 an elegant red wine. Made from 100% Tempranillo it offers complex aromas of ripe fruit, vanilla ans spices\",\"breadcrumb\":{\"@id\":\"https:\/\/www.winespiritscollection.com\/fr\/producto\/vin-rouge-matarromera-crianza-2000-ribera-del-duero-75-cl\/#breadcrumb\"},\"inLanguage\":\"fr-FR\",\"potentialAction\":[{\"@type\":\"ReadAction\",\"target\":[\"https:\/\/www.winespiritscollection.com\/fr\/producto\/vin-rouge-matarromera-crianza-2000-ribera-del-duero-75-cl\/\"]}]},{\"@type\":\"ImageObject\",\"inLanguage\":\"fr-FR\",\"@id\":\"https:\/\/www.winespiritscollection.com\/fr\/producto\/vin-rouge-matarromera-crianza-2000-ribera-del-duero-75-cl\/#primaryimage\",\"url\":\"https:\/\/www.winespiritscollection.com\/wp-content\/uploads\/2024\/11\/P1180942-removebg-preview.png\",\"contentUrl\":\"https:\/\/www.winespiritscollection.com\/wp-content\/uploads\/2024\/11\/P1180942-removebg-preview.png\",\"width\":375,\"height\":666},{\"@type\":\"BreadcrumbList\",\"@id\":\"https:\/\/www.winespiritscollection.com\/fr\/producto\/vin-rouge-matarromera-crianza-2000-ribera-del-duero-75-cl\/#breadcrumb\",\"itemListElement\":[{\"@type\":\"ListItem\",\"position\":1,\"name\":\"Portada\",\"item\":\"https:\/\/www.winespiritscollection.com\/fr\/\"},{\"@type\":\"ListItem\",\"position\":2,\"name\":\"Boutique\",\"item\":\"https:\/\/www.winespiritscollection.com\/fr\/boutique-de-vins-et-spiritueux\/\"},{\"@type\":\"ListItem\",\"position\":3,\"name\":\"Vin rouge Matarromera Crianza 2000 Ribera del Duero 75 cl.\"}]},{\"@type\":\"WebSite\",\"@id\":\"https:\/\/www.winespiritscollection.com\/fr\/#website\",\"url\":\"https:\/\/www.winespiritscollection.com\/fr\/\",\"name\":\"Wine Spirits Collection\",\"description\":\"\",\"publisher\":{\"@id\":\"https:\/\/www.winespiritscollection.com\/fr\/#organization\"},\"potentialAction\":[{\"@type\":\"SearchAction\",\"target\":{\"@type\":\"EntryPoint\",\"urlTemplate\":\"https:\/\/www.winespiritscollection.com\/fr\/?s={search_term_string}\"},\"query-input\":{\"@type\":\"PropertyValueSpecification\",\"valueRequired\":true,\"valueName\":\"search_term_string\"}}],\"inLanguage\":\"fr-FR\"},{\"@type\":\"Organization\",\"@id\":\"https:\/\/www.winespiritscollection.com\/fr\/#organization\",\"name\":\"Wine Spirits Collection\",\"url\":\"https:\/\/www.winespiritscollection.com\/fr\/\",\"logo\":{\"@type\":\"ImageObject\",\"inLanguage\":\"fr-FR\",\"@id\":\"https:\/\/www.winespiritscollection.com\/fr\/#\/schema\/logo\/image\/\",\"url\":\"https:\/\/www.winespiritscollection.com\/wp-content\/uploads\/2024\/03\/cropped-WINE_SPIRITS-LOGO-PRINCIPAL-NEGRE.png\",\"contentUrl\":\"https:\/\/www.winespiritscollection.com\/wp-content\/uploads\/2024\/03\/cropped-WINE_SPIRITS-LOGO-PRINCIPAL-NEGRE.png\",\"width\":2098,\"height\":1368,\"caption\":\"Wine Spirits Collection\"},\"image\":{\"@id\":\"https:\/\/www.winespiritscollection.com\/fr\/#\/schema\/logo\/image\/\"}}]}<\/script>\n<!-- \/ Yoast SEO plugin. -->","yoast_head_json":{"title":"Vin rouge Matarromera Crianza 2000 Ribera del Duero 75 cl. - Wine Spirits Collection","description":"Discover Matarromera Crianza 2000 an elegant red wine. Made from 100% Tempranillo it offers complex aromas of ripe fruit, vanilla ans spices","robots":{"index":"index","follow":"follow","max-snippet":"max-snippet:-1","max-image-preview":"max-image-preview:large","max-video-preview":"max-video-preview:-1"},"canonical":"https:\/\/www.winespiritscollection.com\/fr\/producto\/vin-rouge-matarromera-crianza-2000-ribera-del-duero-75-cl\/","og_locale":"fr_FR","og_type":"article","og_title":"Vin rouge Matarromera Crianza 2000 Ribera del Duero 75 cl. - Wine Spirits Collection","og_description":"Discover Matarromera Crianza 2000 an elegant red wine. Made from 100% Tempranillo it offers complex aromas of ripe fruit, vanilla ans spices","og_url":"https:\/\/www.winespiritscollection.com\/fr\/producto\/vin-rouge-matarromera-crianza-2000-ribera-del-duero-75-cl\/","og_site_name":"Wine Spirits Collection","og_image":[{"width":375,"height":666,"url":"https:\/\/www.winespiritscollection.com\/wp-content\/uploads\/2024\/11\/P1180942-removebg-preview.png","type":"image\/png"}],"twitter_card":"summary_large_image","twitter_misc":{"Dur\u00e9e de lecture estim\u00e9e":"2 minutes"},"schema":{"@context":"https:\/\/schema.org","@graph":[{"@type":"WebPage","@id":"https:\/\/www.winespiritscollection.com\/fr\/producto\/vin-rouge-matarromera-crianza-2000-ribera-del-duero-75-cl\/","url":"https:\/\/www.winespiritscollection.com\/fr\/producto\/vin-rouge-matarromera-crianza-2000-ribera-del-duero-75-cl\/","name":"Vin rouge Matarromera Crianza 2000 Ribera del Duero 75 cl. - Wine Spirits Collection","isPartOf":{"@id":"https:\/\/www.winespiritscollection.com\/fr\/#website"},"primaryImageOfPage":{"@id":"https:\/\/www.winespiritscollection.com\/fr\/producto\/vin-rouge-matarromera-crianza-2000-ribera-del-duero-75-cl\/#primaryimage"},"image":{"@id":"https:\/\/www.winespiritscollection.com\/fr\/producto\/vin-rouge-matarromera-crianza-2000-ribera-del-duero-75-cl\/#primaryimage"},"thumbnailUrl":"https:\/\/www.winespiritscollection.com\/wp-content\/uploads\/2024\/11\/P1180942-removebg-preview.png","datePublished":"2024-11-14T10:42:32+00:00","description":"Discover Matarromera Crianza 2000 an elegant red wine. Made from 100% Tempranillo it offers complex aromas of ripe fruit, vanilla ans spices","breadcrumb":{"@id":"https:\/\/www.winespiritscollection.com\/fr\/producto\/vin-rouge-matarromera-crianza-2000-ribera-del-duero-75-cl\/#breadcrumb"},"inLanguage":"fr-FR","potentialAction":[{"@type":"ReadAction","target":["https:\/\/www.winespiritscollection.com\/fr\/producto\/vin-rouge-matarromera-crianza-2000-ribera-del-duero-75-cl\/"]}]},{"@type":"ImageObject","inLanguage":"fr-FR","@id":"https:\/\/www.winespiritscollection.com\/fr\/producto\/vin-rouge-matarromera-crianza-2000-ribera-del-duero-75-cl\/#primaryimage","url":"https:\/\/www.winespiritscollection.com\/wp-content\/uploads\/2024\/11\/P1180942-removebg-preview.png","contentUrl":"https:\/\/www.winespiritscollection.com\/wp-content\/uploads\/2024\/11\/P1180942-removebg-preview.png","width":375,"height":666},{"@type":"BreadcrumbList","@id":"https:\/\/www.winespiritscollection.com\/fr\/producto\/vin-rouge-matarromera-crianza-2000-ribera-del-duero-75-cl\/#breadcrumb","itemListElement":[{"@type":"ListItem","position":1,"name":"Portada","item":"https:\/\/www.winespiritscollection.com\/fr\/"},{"@type":"ListItem","position":2,"name":"Boutique","item":"https:\/\/www.winespiritscollection.com\/fr\/boutique-de-vins-et-spiritueux\/"},{"@type":"ListItem","position":3,"name":"Vin rouge Matarromera Crianza 2000 Ribera del Duero 75 cl."}]},{"@type":"WebSite","@id":"https:\/\/www.winespiritscollection.com\/fr\/#website","url":"https:\/\/www.winespiritscollection.com\/fr\/","name":"Wine Spirits Collection","description":"","publisher":{"@id":"https:\/\/www.winespiritscollection.com\/fr\/#organization"},"potentialAction":[{"@type":"SearchAction","target":{"@type":"EntryPoint","urlTemplate":"https:\/\/www.winespiritscollection.com\/fr\/?s={search_term_string}"},"query-input":{"@type":"PropertyValueSpecification","valueRequired":true,"valueName":"search_term_string"}}],"inLanguage":"fr-FR"},{"@type":"Organization","@id":"https:\/\/www.winespiritscollection.com\/fr\/#organization","name":"Wine Spirits Collection","url":"https:\/\/www.winespiritscollection.com\/fr\/","logo":{"@type":"ImageObject","inLanguage":"fr-FR","@id":"https:\/\/www.winespiritscollection.com\/fr\/#\/schema\/logo\/image\/","url":"https:\/\/www.winespiritscollection.com\/wp-content\/uploads\/2024\/03\/cropped-WINE_SPIRITS-LOGO-PRINCIPAL-NEGRE.png","contentUrl":"https:\/\/www.winespiritscollection.com\/wp-content\/uploads\/2024\/03\/cropped-WINE_SPIRITS-LOGO-PRINCIPAL-NEGRE.png","width":2098,"height":1368,"caption":"Wine Spirits Collection"},"image":{"@id":"https:\/\/www.winespiritscollection.com\/fr\/#\/schema\/logo\/image\/"}}]}},"_links":{"self":[{"href":"https:\/\/www.winespiritscollection.com\/fr\/wp-json\/wp\/v2\/product\/1496","targetHints":{"allow":["GET"]}}],"collection":[{"href":"https:\/\/www.winespiritscollection.com\/fr\/wp-json\/wp\/v2\/product"}],"about":[{"href":"https:\/\/www.winespiritscollection.com\/fr\/wp-json\/wp\/v2\/types\/product"}],"replies":[{"embeddable":true,"href":"https:\/\/www.winespiritscollection.com\/fr\/wp-json\/wp\/v2\/comments?post=1496"}],"wp:featuredmedia":[{"embeddable":true,"href":"https:\/\/www.winespiritscollection.com\/fr\/wp-json\/wp\/v2\/media\/1482"}],"wp:attachment":[{"href":"https:\/\/www.winespiritscollection.com\/fr\/wp-json\/wp\/v2\/media?parent=1496"}],"wp:term":[{"taxonomy":"product_brand","embeddable":true,"href":"https:\/\/www.winespiritscollection.com\/fr\/wp-json\/wp\/v2\/product_brand?post=1496"},{"taxonomy":"product_cat","embeddable":true,"href":"https:\/\/www.winespiritscollection.com\/fr\/wp-json\/wp\/v2\/product_cat?post=1496"},{"taxonomy":"product_tag","embeddable":true,"href":"https:\/\/www.winespiritscollection.com\/fr\/wp-json\/wp\/v2\/product_tag?post=1496"}],"curies":[{"name":"wp","href":"https:\/\/api.w.org\/{rel}","templated":true}]}}