{"id":1499,"date":"2024-11-08T15:28:43","date_gmt":"2024-11-08T14:28:43","guid":{"rendered":"https:\/\/www.winespiritscollection.com\/producto\/prado-enea-muga-vin-rouge-gran-reserva-1995-rioja-75-cl\/"},"modified":"2024-11-08T15:28:43","modified_gmt":"2024-11-08T14:28:43","slug":"prado-enea-muga-vin-rouge-gran-reserva-1995-rioja-75-cl","status":"publish","type":"product","link":"https:\/\/www.winespiritscollection.com\/fr\/producto\/prado-enea-muga-vin-rouge-gran-reserva-1995-rioja-75-cl\/","title":{"rendered":"Prado Enea Muga vin rouge Gran Reserva 1995 Rioja 75 cl."},"content":{"rendered":"<p>Le Prado Enea Gran Reserva est l&#8217;un des vins les plus embl\u00e9matiques de Bodegas Muga, une prestigieuse cave familiale situ\u00e9e \u00e0 Haro, au c\u0153ur de la Rioja Alta. Ce vin est un rouge Gran Reserva qui refl\u00e8te parfaitement la tradition et le savoir-faire de la r\u00e9gion.<br \/>\n\u00c0 dominante de Tempranillo (environ 80 %), compl\u00e9t\u00e9 par du Mazuelo, du Garnacha et une petite proportion de Graciano.<br \/>\nLe Prado Enea Gran Reserva est \u00e9labor\u00e9 uniquement lors de mill\u00e9simes exceptionnels et selon des proc\u00e9d\u00e9s traditionnels.<br \/>\nLa fermentation a lieu dans des cuves en ch\u00eane sans contr\u00f4le de temp\u00e9rature ni ajout de levures industrielles, ce qui permet une v\u00e9ritable expression du terroir.<br \/>\nLe vin est ensuite \u00e9lev\u00e9 pendant environ 12 mois en f\u00fbts de ch\u00eane fran\u00e7ais et am\u00e9ricain neufs et de deuxi\u00e8me utilisation. Il passe ensuite 36 mois suppl\u00e9mentaires en f\u00fbts de ch\u00eane usag\u00e9s et est finalement compl\u00e9t\u00e9 par 36 mois suppl\u00e9mentaires de vieillissement en bouteille avant d&#8217;\u00eatre commercialis\u00e9. Nos produits sont des bouteilles vintage de collection. Elles ont \u00e9t\u00e9 conserv\u00e9es en cave, mais nous ne pouvons garantir leur consommation. Consommation responsable. Convient uniquement aux adultes  <\/p>\n","protected":false},"excerpt":{"rendered":"<p>Winery: Muga<br \/>\nD.O.\/Zone: D.O.Rioja<br \/>\nCountry: Spain<br \/>\nLocation: Haro<br \/>\nType of wine: Red<br \/>\nAging: Aged<br \/>\nAlcohol content (vol): 14%<br \/>\nCapacity: 75 cl<br \/>\nVarietals: Tempranillo, Garnacha tinta, Mazuelo, Graciano<\/p>\n","protected":false},"featured_media":1441,"comment_status":"closed","ping_status":"closed","template":"","meta":{"_acf_changed":false,"_glsr_average":0,"_glsr_ranking":0,"_glsr_reviews":0,"_joinchat":[]},"product_brand":[],"product_cat":[115,119],"product_tag":[172,138,162],"class_list":{"0":"post-1499","1":"product","2":"type-product","3":"status-publish","4":"has-post-thumbnail","6":"product_cat-collection-de-vins","7":"product_cat-rioja-fr","8":"product_tag-gran-reserva-fr","9":"product_tag-red-wine-fr","10":"product_tag-rioja-fr","12":"first","13":"instock","14":"taxable","15":"shipping-taxable","16":"purchasable","17":"product-type-simple"},"acf":[],"yoast_head":"<!-- This site is optimized with the Yoast SEO plugin v27.2 - https:\/\/yoast.com\/product\/yoast-seo-wordpress\/ -->\n<title>Prado Enea Muga vin rouge Gran Reserva 1995 Rioja 75 cl. - Wine Spirits Collection<\/title>\n<meta name=\"description\" content=\"Prado Enea Gran Reserva de Bodegas Muga, un vin de Rioja Alta \u00e9l\u00e9gant et complexe, vieilli pendant plus de 5 ans. Vin de Rioja Alta \u00e9l\u00e9gant et complexe.\" \/>\n<meta name=\"robots\" content=\"index, follow, max-snippet:-1, max-image-preview:large, max-video-preview:-1\" \/>\n<link rel=\"canonical\" href=\"https:\/\/www.winespiritscollection.com\/fr\/producto\/prado-enea-muga-vin-rouge-gran-reserva-1995-rioja-75-cl\/\" \/>\n<meta property=\"og:locale\" content=\"fr_FR\" \/>\n<meta property=\"og:type\" content=\"article\" \/>\n<meta property=\"og:title\" content=\"Prado Enea Muga vin rouge Gran Reserva 1995 Rioja 75 cl. - Wine Spirits Collection\" \/>\n<meta property=\"og:description\" content=\"Prado Enea Gran Reserva de Bodegas Muga, un vin de Rioja Alta \u00e9l\u00e9gant et complexe, vieilli pendant plus de 5 ans. Vin de Rioja Alta \u00e9l\u00e9gant et complexe.\" \/>\n<meta property=\"og:url\" content=\"https:\/\/www.winespiritscollection.com\/fr\/producto\/prado-enea-muga-vin-rouge-gran-reserva-1995-rioja-75-cl\/\" \/>\n<meta property=\"og:site_name\" content=\"Wine Spirits Collection\" \/>\n<meta property=\"og:image\" content=\"https:\/\/www.winespiritscollection.com\/wp-content\/uploads\/2024\/11\/P1180926-removebg-preview-1-1.png\" \/>\n\t<meta property=\"og:image:width\" content=\"375\" \/>\n\t<meta property=\"og:image:height\" content=\"666\" \/>\n\t<meta property=\"og:image:type\" content=\"image\/png\" \/>\n<meta name=\"twitter:card\" content=\"summary_large_image\" \/>\n<meta name=\"twitter:label1\" content=\"Dur\u00e9e de lecture estim\u00e9e\" \/>\n\t<meta name=\"twitter:data1\" content=\"1 minute\" \/>\n<script type=\"application\/ld+json\" class=\"yoast-schema-graph\">{\"@context\":\"https:\/\/schema.org\",\"@graph\":[{\"@type\":\"WebPage\",\"@id\":\"https:\/\/www.winespiritscollection.com\/fr\/producto\/prado-enea-muga-vin-rouge-gran-reserva-1995-rioja-75-cl\/\",\"url\":\"https:\/\/www.winespiritscollection.com\/fr\/producto\/prado-enea-muga-vin-rouge-gran-reserva-1995-rioja-75-cl\/\",\"name\":\"Prado Enea Muga vin rouge Gran Reserva 1995 Rioja 75 cl. - Wine Spirits Collection\",\"isPartOf\":{\"@id\":\"https:\/\/www.winespiritscollection.com\/fr\/#website\"},\"primaryImageOfPage\":{\"@id\":\"https:\/\/www.winespiritscollection.com\/fr\/producto\/prado-enea-muga-vin-rouge-gran-reserva-1995-rioja-75-cl\/#primaryimage\"},\"image\":{\"@id\":\"https:\/\/www.winespiritscollection.com\/fr\/producto\/prado-enea-muga-vin-rouge-gran-reserva-1995-rioja-75-cl\/#primaryimage\"},\"thumbnailUrl\":\"https:\/\/www.winespiritscollection.com\/wp-content\/uploads\/2024\/11\/P1180926-removebg-preview-1-1.png\",\"datePublished\":\"2024-11-08T14:28:43+00:00\",\"description\":\"Prado Enea Gran Reserva de Bodegas Muga, un vin de Rioja Alta \u00e9l\u00e9gant et complexe, vieilli pendant plus de 5 ans. Vin de Rioja Alta \u00e9l\u00e9gant et complexe.\",\"breadcrumb\":{\"@id\":\"https:\/\/www.winespiritscollection.com\/fr\/producto\/prado-enea-muga-vin-rouge-gran-reserva-1995-rioja-75-cl\/#breadcrumb\"},\"inLanguage\":\"fr-FR\",\"potentialAction\":[{\"@type\":\"ReadAction\",\"target\":[\"https:\/\/www.winespiritscollection.com\/fr\/producto\/prado-enea-muga-vin-rouge-gran-reserva-1995-rioja-75-cl\/\"]}]},{\"@type\":\"ImageObject\",\"inLanguage\":\"fr-FR\",\"@id\":\"https:\/\/www.winespiritscollection.com\/fr\/producto\/prado-enea-muga-vin-rouge-gran-reserva-1995-rioja-75-cl\/#primaryimage\",\"url\":\"https:\/\/www.winespiritscollection.com\/wp-content\/uploads\/2024\/11\/P1180926-removebg-preview-1-1.png\",\"contentUrl\":\"https:\/\/www.winespiritscollection.com\/wp-content\/uploads\/2024\/11\/P1180926-removebg-preview-1-1.png\",\"width\":375,\"height\":666},{\"@type\":\"BreadcrumbList\",\"@id\":\"https:\/\/www.winespiritscollection.com\/fr\/producto\/prado-enea-muga-vin-rouge-gran-reserva-1995-rioja-75-cl\/#breadcrumb\",\"itemListElement\":[{\"@type\":\"ListItem\",\"position\":1,\"name\":\"Portada\",\"item\":\"https:\/\/www.winespiritscollection.com\/fr\/\"},{\"@type\":\"ListItem\",\"position\":2,\"name\":\"Boutique\",\"item\":\"https:\/\/www.winespiritscollection.com\/fr\/boutique-de-vins-et-spiritueux\/\"},{\"@type\":\"ListItem\",\"position\":3,\"name\":\"Prado Enea Muga vin rouge Gran Reserva 1995 Rioja 75 cl.\"}]},{\"@type\":\"WebSite\",\"@id\":\"https:\/\/www.winespiritscollection.com\/fr\/#website\",\"url\":\"https:\/\/www.winespiritscollection.com\/fr\/\",\"name\":\"Wine Spirits Collection\",\"description\":\"\",\"publisher\":{\"@id\":\"https:\/\/www.winespiritscollection.com\/fr\/#organization\"},\"potentialAction\":[{\"@type\":\"SearchAction\",\"target\":{\"@type\":\"EntryPoint\",\"urlTemplate\":\"https:\/\/www.winespiritscollection.com\/fr\/?s={search_term_string}\"},\"query-input\":{\"@type\":\"PropertyValueSpecification\",\"valueRequired\":true,\"valueName\":\"search_term_string\"}}],\"inLanguage\":\"fr-FR\"},{\"@type\":\"Organization\",\"@id\":\"https:\/\/www.winespiritscollection.com\/fr\/#organization\",\"name\":\"Wine Spirits Collection\",\"url\":\"https:\/\/www.winespiritscollection.com\/fr\/\",\"logo\":{\"@type\":\"ImageObject\",\"inLanguage\":\"fr-FR\",\"@id\":\"https:\/\/www.winespiritscollection.com\/fr\/#\/schema\/logo\/image\/\",\"url\":\"https:\/\/www.winespiritscollection.com\/wp-content\/uploads\/2024\/03\/cropped-WINE_SPIRITS-LOGO-PRINCIPAL-NEGRE.png\",\"contentUrl\":\"https:\/\/www.winespiritscollection.com\/wp-content\/uploads\/2024\/03\/cropped-WINE_SPIRITS-LOGO-PRINCIPAL-NEGRE.png\",\"width\":2098,\"height\":1368,\"caption\":\"Wine Spirits Collection\"},\"image\":{\"@id\":\"https:\/\/www.winespiritscollection.com\/fr\/#\/schema\/logo\/image\/\"}}]}<\/script>\n<!-- \/ Yoast SEO plugin. -->","yoast_head_json":{"title":"Prado Enea Muga vin rouge Gran Reserva 1995 Rioja 75 cl. - Wine Spirits Collection","description":"Prado Enea Gran Reserva de Bodegas Muga, un vin de Rioja Alta \u00e9l\u00e9gant et complexe, vieilli pendant plus de 5 ans. Vin de Rioja Alta \u00e9l\u00e9gant et complexe.","robots":{"index":"index","follow":"follow","max-snippet":"max-snippet:-1","max-image-preview":"max-image-preview:large","max-video-preview":"max-video-preview:-1"},"canonical":"https:\/\/www.winespiritscollection.com\/fr\/producto\/prado-enea-muga-vin-rouge-gran-reserva-1995-rioja-75-cl\/","og_locale":"fr_FR","og_type":"article","og_title":"Prado Enea Muga vin rouge Gran Reserva 1995 Rioja 75 cl. - Wine Spirits Collection","og_description":"Prado Enea Gran Reserva de Bodegas Muga, un vin de Rioja Alta \u00e9l\u00e9gant et complexe, vieilli pendant plus de 5 ans. Vin de Rioja Alta \u00e9l\u00e9gant et complexe.","og_url":"https:\/\/www.winespiritscollection.com\/fr\/producto\/prado-enea-muga-vin-rouge-gran-reserva-1995-rioja-75-cl\/","og_site_name":"Wine Spirits Collection","og_image":[{"width":375,"height":666,"url":"https:\/\/www.winespiritscollection.com\/wp-content\/uploads\/2024\/11\/P1180926-removebg-preview-1-1.png","type":"image\/png"}],"twitter_card":"summary_large_image","twitter_misc":{"Dur\u00e9e de lecture estim\u00e9e":"1 minute"},"schema":{"@context":"https:\/\/schema.org","@graph":[{"@type":"WebPage","@id":"https:\/\/www.winespiritscollection.com\/fr\/producto\/prado-enea-muga-vin-rouge-gran-reserva-1995-rioja-75-cl\/","url":"https:\/\/www.winespiritscollection.com\/fr\/producto\/prado-enea-muga-vin-rouge-gran-reserva-1995-rioja-75-cl\/","name":"Prado Enea Muga vin rouge Gran Reserva 1995 Rioja 75 cl. - Wine Spirits Collection","isPartOf":{"@id":"https:\/\/www.winespiritscollection.com\/fr\/#website"},"primaryImageOfPage":{"@id":"https:\/\/www.winespiritscollection.com\/fr\/producto\/prado-enea-muga-vin-rouge-gran-reserva-1995-rioja-75-cl\/#primaryimage"},"image":{"@id":"https:\/\/www.winespiritscollection.com\/fr\/producto\/prado-enea-muga-vin-rouge-gran-reserva-1995-rioja-75-cl\/#primaryimage"},"thumbnailUrl":"https:\/\/www.winespiritscollection.com\/wp-content\/uploads\/2024\/11\/P1180926-removebg-preview-1-1.png","datePublished":"2024-11-08T14:28:43+00:00","description":"Prado Enea Gran Reserva de Bodegas Muga, un vin de Rioja Alta \u00e9l\u00e9gant et complexe, vieilli pendant plus de 5 ans. Vin de Rioja Alta \u00e9l\u00e9gant et complexe.","breadcrumb":{"@id":"https:\/\/www.winespiritscollection.com\/fr\/producto\/prado-enea-muga-vin-rouge-gran-reserva-1995-rioja-75-cl\/#breadcrumb"},"inLanguage":"fr-FR","potentialAction":[{"@type":"ReadAction","target":["https:\/\/www.winespiritscollection.com\/fr\/producto\/prado-enea-muga-vin-rouge-gran-reserva-1995-rioja-75-cl\/"]}]},{"@type":"ImageObject","inLanguage":"fr-FR","@id":"https:\/\/www.winespiritscollection.com\/fr\/producto\/prado-enea-muga-vin-rouge-gran-reserva-1995-rioja-75-cl\/#primaryimage","url":"https:\/\/www.winespiritscollection.com\/wp-content\/uploads\/2024\/11\/P1180926-removebg-preview-1-1.png","contentUrl":"https:\/\/www.winespiritscollection.com\/wp-content\/uploads\/2024\/11\/P1180926-removebg-preview-1-1.png","width":375,"height":666},{"@type":"BreadcrumbList","@id":"https:\/\/www.winespiritscollection.com\/fr\/producto\/prado-enea-muga-vin-rouge-gran-reserva-1995-rioja-75-cl\/#breadcrumb","itemListElement":[{"@type":"ListItem","position":1,"name":"Portada","item":"https:\/\/www.winespiritscollection.com\/fr\/"},{"@type":"ListItem","position":2,"name":"Boutique","item":"https:\/\/www.winespiritscollection.com\/fr\/boutique-de-vins-et-spiritueux\/"},{"@type":"ListItem","position":3,"name":"Prado Enea Muga vin rouge Gran Reserva 1995 Rioja 75 cl."}]},{"@type":"WebSite","@id":"https:\/\/www.winespiritscollection.com\/fr\/#website","url":"https:\/\/www.winespiritscollection.com\/fr\/","name":"Wine Spirits Collection","description":"","publisher":{"@id":"https:\/\/www.winespiritscollection.com\/fr\/#organization"},"potentialAction":[{"@type":"SearchAction","target":{"@type":"EntryPoint","urlTemplate":"https:\/\/www.winespiritscollection.com\/fr\/?s={search_term_string}"},"query-input":{"@type":"PropertyValueSpecification","valueRequired":true,"valueName":"search_term_string"}}],"inLanguage":"fr-FR"},{"@type":"Organization","@id":"https:\/\/www.winespiritscollection.com\/fr\/#organization","name":"Wine Spirits Collection","url":"https:\/\/www.winespiritscollection.com\/fr\/","logo":{"@type":"ImageObject","inLanguage":"fr-FR","@id":"https:\/\/www.winespiritscollection.com\/fr\/#\/schema\/logo\/image\/","url":"https:\/\/www.winespiritscollection.com\/wp-content\/uploads\/2024\/03\/cropped-WINE_SPIRITS-LOGO-PRINCIPAL-NEGRE.png","contentUrl":"https:\/\/www.winespiritscollection.com\/wp-content\/uploads\/2024\/03\/cropped-WINE_SPIRITS-LOGO-PRINCIPAL-NEGRE.png","width":2098,"height":1368,"caption":"Wine Spirits Collection"},"image":{"@id":"https:\/\/www.winespiritscollection.com\/fr\/#\/schema\/logo\/image\/"}}]}},"_links":{"self":[{"href":"https:\/\/www.winespiritscollection.com\/fr\/wp-json\/wp\/v2\/product\/1499","targetHints":{"allow":["GET"]}}],"collection":[{"href":"https:\/\/www.winespiritscollection.com\/fr\/wp-json\/wp\/v2\/product"}],"about":[{"href":"https:\/\/www.winespiritscollection.com\/fr\/wp-json\/wp\/v2\/types\/product"}],"replies":[{"embeddable":true,"href":"https:\/\/www.winespiritscollection.com\/fr\/wp-json\/wp\/v2\/comments?post=1499"}],"wp:featuredmedia":[{"embeddable":true,"href":"https:\/\/www.winespiritscollection.com\/fr\/wp-json\/wp\/v2\/media\/1441"}],"wp:attachment":[{"href":"https:\/\/www.winespiritscollection.com\/fr\/wp-json\/wp\/v2\/media?parent=1499"}],"wp:term":[{"taxonomy":"product_brand","embeddable":true,"href":"https:\/\/www.winespiritscollection.com\/fr\/wp-json\/wp\/v2\/product_brand?post=1499"},{"taxonomy":"product_cat","embeddable":true,"href":"https:\/\/www.winespiritscollection.com\/fr\/wp-json\/wp\/v2\/product_cat?post=1499"},{"taxonomy":"product_tag","embeddable":true,"href":"https:\/\/www.winespiritscollection.com\/fr\/wp-json\/wp\/v2\/product_tag?post=1499"}],"curies":[{"name":"wp","href":"https:\/\/api.w.org\/{rel}","templated":true}]}}