{"id":1519,"date":"2024-11-14T12:38:13","date_gmt":"2024-11-14T11:38:13","guid":{"rendered":"https:\/\/www.winespiritscollection.com\/?post_type=product&#038;p=1519"},"modified":"2025-01-28T18:26:40","modified_gmt":"2025-01-28T17:26:40","slug":"imperial-red-wine-reserva-2000-rioja-75-cl","status":"publish","type":"product","link":"https:\/\/www.winespiritscollection.com\/fr\/producto\/imperial-red-wine-reserva-2000-rioja-75-cl\/","title":{"rendered":"Imperial red wine Reserva 2000 Rioja 75 cl."},"content":{"rendered":"<p>The Imperial Reserva 2000 is a red wine from the iconic CVNE (Compa\u00f1\u00eda Vin\u00edcola del Norte de Espa\u00f1a) winery, one of the oldest and most respected names in Rioja. This wine is an example of the excellence and tradition of the region, standing out for its elegance, complexity and ageing capacity. Made primarily from Tempranillo grapes, complemented by Graciano and Mazuelo, it offers a unique wine experience that reflects the character of the Rioja terroir.<\/p>\n<p>Characteristics of the Vineyard and Harvest<br \/>\nThe 2000 vintage was exceptional in Rioja, characterized by a balanced climate that allowed for a slow and uniform ripening of the grapes. The vineyards from which this wine comes are located in high areas of Rioja Alta, with clay-calcareous soils that provide minerality and structure to the wine. The harvest was carried out manually, selecting the best grapes to guarantee the highest quality in each bottle.<\/p>\n<p>Production and Ageing<br \/>\nImperial Reserva 2000 undergoes traditional vinification in temperature-controlled stainless steel tanks, allowing for slow and gentle fermentation. It is then aged in American and French oak barrels for 24 months, followed by bottle-aging for at least 2 years before release to the market. This long and meticulous ageing process allows the wine to develop exceptional depth and complexity, integrating the tannins and creating a perfect harmony between fruit and wood.<\/p>\n<p>Our products are vintage collector&#8217;s bottles. They have been kept in a cellar, but we cannot guarantee their consumption. Responsible consumption. Only suitable for adults.<\/p>\n","protected":false},"excerpt":{"rendered":"<p>Winery: COMPA\u00d1IA VINICOLA DEL NORTE DE ESPA\u00d1A<br \/>\nD.O.\/Zone: D.O.RIOJA<br \/>\nCountry: Spain<br \/>\nLocation: HARO<br \/>\nType of wine: Red<br \/>\nAging: Aged<br \/>\nAlcohol content (vol): 14%<br \/>\nCapacity: 75 cl<br \/>\nVarietals: TEMPRANILLO<\/p>\n","protected":false},"featured_media":1520,"comment_status":"closed","ping_status":"closed","template":"","meta":{"_acf_changed":false,"_glsr_average":0,"_glsr_ranking":0,"_glsr_reviews":0,"_joinchat":[]},"product_brand":[],"product_cat":[32],"product_tag":[27,190,65],"class_list":{"0":"post-1519","1":"product","2":"type-product","3":"status-publish","4":"has-post-thumbnail","6":"product_cat-rioja","7":"product_tag-red-wine","8":"product_tag-reserva","9":"product_tag-rioja","11":"first","12":"instock","13":"taxable","14":"shipping-taxable","15":"purchasable","16":"product-type-simple"},"acf":[],"yoast_head":"<!-- This site is optimized with the Yoast SEO plugin v27.2 - https:\/\/yoast.com\/product\/yoast-seo-wordpress\/ -->\n<title>Imperial red wine Reserva 2000 Rioja 75 cl. - Wine Spirits Collection<\/title>\n<meta name=\"description\" content=\"Made from Tempranillo, Graciano and Mazuelo grapes, it stands out for its elegance and complexity with notes of ripe fruit, vanilla and spices\" \/>\n<meta name=\"robots\" content=\"index, follow, max-snippet:-1, max-image-preview:large, max-video-preview:-1\" \/>\n<link rel=\"canonical\" href=\"https:\/\/www.winespiritscollection.com\/fr\/producto\/imperial-red-wine-reserva-2000-rioja-75-cl\/\" \/>\n<meta property=\"og:locale\" content=\"fr_FR\" \/>\n<meta property=\"og:type\" content=\"article\" \/>\n<meta property=\"og:title\" content=\"Imperial red wine Reserva 2000 Rioja 75 cl. - Wine Spirits Collection\" \/>\n<meta property=\"og:description\" content=\"Made from Tempranillo, Graciano and Mazuelo grapes, it stands out for its elegance and complexity with notes of ripe fruit, vanilla and spices\" \/>\n<meta property=\"og:url\" content=\"https:\/\/www.winespiritscollection.com\/fr\/producto\/imperial-red-wine-reserva-2000-rioja-75-cl\/\" \/>\n<meta property=\"og:site_name\" content=\"Wine Spirits Collection\" \/>\n<meta property=\"article:modified_time\" content=\"2025-01-28T17:26:40+00:00\" \/>\n<meta property=\"og:image\" content=\"https:\/\/www.winespiritscollection.com\/wp-content\/uploads\/2024\/11\/P1180937-removebg-preview-1.png\" \/>\n\t<meta property=\"og:image:width\" content=\"375\" \/>\n\t<meta property=\"og:image:height\" content=\"666\" \/>\n\t<meta property=\"og:image:type\" content=\"image\/png\" \/>\n<meta name=\"twitter:card\" content=\"summary_large_image\" \/>\n<meta name=\"twitter:label1\" content=\"Dur\u00e9e de lecture estim\u00e9e\" \/>\n\t<meta name=\"twitter:data1\" content=\"2 minutes\" \/>\n<script type=\"application\/ld+json\" class=\"yoast-schema-graph\">{\"@context\":\"https:\/\/schema.org\",\"@graph\":[{\"@type\":\"WebPage\",\"@id\":\"https:\/\/www.winespiritscollection.com\/fr\/producto\/imperial-red-wine-reserva-2000-rioja-75-cl\/\",\"url\":\"https:\/\/www.winespiritscollection.com\/fr\/producto\/imperial-red-wine-reserva-2000-rioja-75-cl\/\",\"name\":\"Imperial red wine Reserva 2000 Rioja 75 cl. - Wine Spirits Collection\",\"isPartOf\":{\"@id\":\"https:\/\/www.winespiritscollection.com\/fr\/#website\"},\"primaryImageOfPage\":{\"@id\":\"https:\/\/www.winespiritscollection.com\/fr\/producto\/imperial-red-wine-reserva-2000-rioja-75-cl\/#primaryimage\"},\"image\":{\"@id\":\"https:\/\/www.winespiritscollection.com\/fr\/producto\/imperial-red-wine-reserva-2000-rioja-75-cl\/#primaryimage\"},\"thumbnailUrl\":\"https:\/\/www.winespiritscollection.com\/wp-content\/uploads\/2024\/11\/P1180937-removebg-preview-1.png\",\"datePublished\":\"2024-11-14T11:38:13+00:00\",\"dateModified\":\"2025-01-28T17:26:40+00:00\",\"description\":\"Made from Tempranillo, Graciano and Mazuelo grapes, it stands out for its elegance and complexity with notes of ripe fruit, vanilla and spices\",\"breadcrumb\":{\"@id\":\"https:\/\/www.winespiritscollection.com\/fr\/producto\/imperial-red-wine-reserva-2000-rioja-75-cl\/#breadcrumb\"},\"inLanguage\":\"fr-FR\",\"potentialAction\":[{\"@type\":\"ReadAction\",\"target\":[\"https:\/\/www.winespiritscollection.com\/fr\/producto\/imperial-red-wine-reserva-2000-rioja-75-cl\/\"]}]},{\"@type\":\"ImageObject\",\"inLanguage\":\"fr-FR\",\"@id\":\"https:\/\/www.winespiritscollection.com\/fr\/producto\/imperial-red-wine-reserva-2000-rioja-75-cl\/#primaryimage\",\"url\":\"https:\/\/www.winespiritscollection.com\/wp-content\/uploads\/2024\/11\/P1180937-removebg-preview-1.png\",\"contentUrl\":\"https:\/\/www.winespiritscollection.com\/wp-content\/uploads\/2024\/11\/P1180937-removebg-preview-1.png\",\"width\":375,\"height\":666},{\"@type\":\"BreadcrumbList\",\"@id\":\"https:\/\/www.winespiritscollection.com\/fr\/producto\/imperial-red-wine-reserva-2000-rioja-75-cl\/#breadcrumb\",\"itemListElement\":[{\"@type\":\"ListItem\",\"position\":1,\"name\":\"Portada\",\"item\":\"https:\/\/www.winespiritscollection.com\/fr\/\"},{\"@type\":\"ListItem\",\"position\":2,\"name\":\"Boutique\",\"item\":\"https:\/\/www.winespiritscollection.com\/fr\/boutique-de-vins-et-spiritueux\/\"},{\"@type\":\"ListItem\",\"position\":3,\"name\":\"Imperial red wine Reserva 2000 Rioja 75 cl.\"}]},{\"@type\":\"WebSite\",\"@id\":\"https:\/\/www.winespiritscollection.com\/fr\/#website\",\"url\":\"https:\/\/www.winespiritscollection.com\/fr\/\",\"name\":\"Wine Spirits Collection\",\"description\":\"\",\"publisher\":{\"@id\":\"https:\/\/www.winespiritscollection.com\/fr\/#organization\"},\"potentialAction\":[{\"@type\":\"SearchAction\",\"target\":{\"@type\":\"EntryPoint\",\"urlTemplate\":\"https:\/\/www.winespiritscollection.com\/fr\/?s={search_term_string}\"},\"query-input\":{\"@type\":\"PropertyValueSpecification\",\"valueRequired\":true,\"valueName\":\"search_term_string\"}}],\"inLanguage\":\"fr-FR\"},{\"@type\":\"Organization\",\"@id\":\"https:\/\/www.winespiritscollection.com\/fr\/#organization\",\"name\":\"Wine Spirits Collection\",\"url\":\"https:\/\/www.winespiritscollection.com\/fr\/\",\"logo\":{\"@type\":\"ImageObject\",\"inLanguage\":\"fr-FR\",\"@id\":\"https:\/\/www.winespiritscollection.com\/fr\/#\/schema\/logo\/image\/\",\"url\":\"https:\/\/www.winespiritscollection.com\/wp-content\/uploads\/2024\/03\/cropped-WINE_SPIRITS-LOGO-PRINCIPAL-NEGRE.png\",\"contentUrl\":\"https:\/\/www.winespiritscollection.com\/wp-content\/uploads\/2024\/03\/cropped-WINE_SPIRITS-LOGO-PRINCIPAL-NEGRE.png\",\"width\":2098,\"height\":1368,\"caption\":\"Wine Spirits Collection\"},\"image\":{\"@id\":\"https:\/\/www.winespiritscollection.com\/fr\/#\/schema\/logo\/image\/\"}}]}<\/script>\n<!-- \/ Yoast SEO plugin. -->","yoast_head_json":{"title":"Imperial red wine Reserva 2000 Rioja 75 cl. - Wine Spirits Collection","description":"Made from Tempranillo, Graciano and Mazuelo grapes, it stands out for its elegance and complexity with notes of ripe fruit, vanilla and spices","robots":{"index":"index","follow":"follow","max-snippet":"max-snippet:-1","max-image-preview":"max-image-preview:large","max-video-preview":"max-video-preview:-1"},"canonical":"https:\/\/www.winespiritscollection.com\/fr\/producto\/imperial-red-wine-reserva-2000-rioja-75-cl\/","og_locale":"fr_FR","og_type":"article","og_title":"Imperial red wine Reserva 2000 Rioja 75 cl. - Wine Spirits Collection","og_description":"Made from Tempranillo, Graciano and Mazuelo grapes, it stands out for its elegance and complexity with notes of ripe fruit, vanilla and spices","og_url":"https:\/\/www.winespiritscollection.com\/fr\/producto\/imperial-red-wine-reserva-2000-rioja-75-cl\/","og_site_name":"Wine Spirits Collection","article_modified_time":"2025-01-28T17:26:40+00:00","og_image":[{"width":375,"height":666,"url":"https:\/\/www.winespiritscollection.com\/wp-content\/uploads\/2024\/11\/P1180937-removebg-preview-1.png","type":"image\/png"}],"twitter_card":"summary_large_image","twitter_misc":{"Dur\u00e9e de lecture estim\u00e9e":"2 minutes"},"schema":{"@context":"https:\/\/schema.org","@graph":[{"@type":"WebPage","@id":"https:\/\/www.winespiritscollection.com\/fr\/producto\/imperial-red-wine-reserva-2000-rioja-75-cl\/","url":"https:\/\/www.winespiritscollection.com\/fr\/producto\/imperial-red-wine-reserva-2000-rioja-75-cl\/","name":"Imperial red wine Reserva 2000 Rioja 75 cl. - Wine Spirits Collection","isPartOf":{"@id":"https:\/\/www.winespiritscollection.com\/fr\/#website"},"primaryImageOfPage":{"@id":"https:\/\/www.winespiritscollection.com\/fr\/producto\/imperial-red-wine-reserva-2000-rioja-75-cl\/#primaryimage"},"image":{"@id":"https:\/\/www.winespiritscollection.com\/fr\/producto\/imperial-red-wine-reserva-2000-rioja-75-cl\/#primaryimage"},"thumbnailUrl":"https:\/\/www.winespiritscollection.com\/wp-content\/uploads\/2024\/11\/P1180937-removebg-preview-1.png","datePublished":"2024-11-14T11:38:13+00:00","dateModified":"2025-01-28T17:26:40+00:00","description":"Made from Tempranillo, Graciano and Mazuelo grapes, it stands out for its elegance and complexity with notes of ripe fruit, vanilla and spices","breadcrumb":{"@id":"https:\/\/www.winespiritscollection.com\/fr\/producto\/imperial-red-wine-reserva-2000-rioja-75-cl\/#breadcrumb"},"inLanguage":"fr-FR","potentialAction":[{"@type":"ReadAction","target":["https:\/\/www.winespiritscollection.com\/fr\/producto\/imperial-red-wine-reserva-2000-rioja-75-cl\/"]}]},{"@type":"ImageObject","inLanguage":"fr-FR","@id":"https:\/\/www.winespiritscollection.com\/fr\/producto\/imperial-red-wine-reserva-2000-rioja-75-cl\/#primaryimage","url":"https:\/\/www.winespiritscollection.com\/wp-content\/uploads\/2024\/11\/P1180937-removebg-preview-1.png","contentUrl":"https:\/\/www.winespiritscollection.com\/wp-content\/uploads\/2024\/11\/P1180937-removebg-preview-1.png","width":375,"height":666},{"@type":"BreadcrumbList","@id":"https:\/\/www.winespiritscollection.com\/fr\/producto\/imperial-red-wine-reserva-2000-rioja-75-cl\/#breadcrumb","itemListElement":[{"@type":"ListItem","position":1,"name":"Portada","item":"https:\/\/www.winespiritscollection.com\/fr\/"},{"@type":"ListItem","position":2,"name":"Boutique","item":"https:\/\/www.winespiritscollection.com\/fr\/boutique-de-vins-et-spiritueux\/"},{"@type":"ListItem","position":3,"name":"Imperial red wine Reserva 2000 Rioja 75 cl."}]},{"@type":"WebSite","@id":"https:\/\/www.winespiritscollection.com\/fr\/#website","url":"https:\/\/www.winespiritscollection.com\/fr\/","name":"Wine Spirits Collection","description":"","publisher":{"@id":"https:\/\/www.winespiritscollection.com\/fr\/#organization"},"potentialAction":[{"@type":"SearchAction","target":{"@type":"EntryPoint","urlTemplate":"https:\/\/www.winespiritscollection.com\/fr\/?s={search_term_string}"},"query-input":{"@type":"PropertyValueSpecification","valueRequired":true,"valueName":"search_term_string"}}],"inLanguage":"fr-FR"},{"@type":"Organization","@id":"https:\/\/www.winespiritscollection.com\/fr\/#organization","name":"Wine Spirits Collection","url":"https:\/\/www.winespiritscollection.com\/fr\/","logo":{"@type":"ImageObject","inLanguage":"fr-FR","@id":"https:\/\/www.winespiritscollection.com\/fr\/#\/schema\/logo\/image\/","url":"https:\/\/www.winespiritscollection.com\/wp-content\/uploads\/2024\/03\/cropped-WINE_SPIRITS-LOGO-PRINCIPAL-NEGRE.png","contentUrl":"https:\/\/www.winespiritscollection.com\/wp-content\/uploads\/2024\/03\/cropped-WINE_SPIRITS-LOGO-PRINCIPAL-NEGRE.png","width":2098,"height":1368,"caption":"Wine Spirits Collection"},"image":{"@id":"https:\/\/www.winespiritscollection.com\/fr\/#\/schema\/logo\/image\/"}}]}},"_links":{"self":[{"href":"https:\/\/www.winespiritscollection.com\/fr\/wp-json\/wp\/v2\/product\/1519","targetHints":{"allow":["GET"]}}],"collection":[{"href":"https:\/\/www.winespiritscollection.com\/fr\/wp-json\/wp\/v2\/product"}],"about":[{"href":"https:\/\/www.winespiritscollection.com\/fr\/wp-json\/wp\/v2\/types\/product"}],"replies":[{"embeddable":true,"href":"https:\/\/www.winespiritscollection.com\/fr\/wp-json\/wp\/v2\/comments?post=1519"}],"wp:featuredmedia":[{"embeddable":true,"href":"https:\/\/www.winespiritscollection.com\/fr\/wp-json\/wp\/v2\/media\/1520"}],"wp:attachment":[{"href":"https:\/\/www.winespiritscollection.com\/fr\/wp-json\/wp\/v2\/media?parent=1519"}],"wp:term":[{"taxonomy":"product_brand","embeddable":true,"href":"https:\/\/www.winespiritscollection.com\/fr\/wp-json\/wp\/v2\/product_brand?post=1519"},{"taxonomy":"product_cat","embeddable":true,"href":"https:\/\/www.winespiritscollection.com\/fr\/wp-json\/wp\/v2\/product_cat?post=1519"},{"taxonomy":"product_tag","embeddable":true,"href":"https:\/\/www.winespiritscollection.com\/fr\/wp-json\/wp\/v2\/product_tag?post=1519"}],"curies":[{"name":"wp","href":"https:\/\/api.w.org\/{rel}","templated":true}]}}