{"id":1571,"date":"2024-11-14T14:06:33","date_gmt":"2024-11-14T13:06:33","guid":{"rendered":"https:\/\/www.winespiritscollection.com\/producto\/vin-rouge-matarromera-gran-reserva-2000-ribera-del-duero-75cl\/"},"modified":"2024-11-14T14:06:33","modified_gmt":"2024-11-14T13:06:33","slug":"vin-rouge-matarromera-gran-reserva-2000-ribera-del-duero-75cl","status":"publish","type":"product","link":"https:\/\/www.winespiritscollection.com\/fr\/producto\/vin-rouge-matarromera-gran-reserva-2000-ribera-del-duero-75cl\/","title":{"rendered":"Vin rouge Matarromera. Gran Reserva 2000 Ribera del Duero 75cl"},"content":{"rendered":"<p>The Matarromera Gran Reserva 2000 is a red wine from Ribera del Duero that represents the highest expression of the Matarromera winery. Made with Tempranillo grapes (Tinta del Pa\u00eds), it is a masterpiece that combines the winemaking tradition of the region with the innovative style of the winery. This Gran Reserva, the result of an exceptional vintage, stands out for its complexity, depth and ageing capacity, making it ideal for those looking for a refined wine full of character. The winemaking process for Matarromera Gran Reserva 2000 is meticulous and of high quality. After fermentation in stainless steel tanks at controlled temperatures, the wine is aged in French and American oak barrels for a period of 24 months. This long ageing gives it exceptional aromatic complexity, with notes of black fruits, spices, leather and a touch of balsamic. After ageing in barrels, the wine continues to refine in the bottle for several years, allowing it to reach its maximum expression. Our products are vintage collector&#8217;s bottles. They have been kept in a cellar, but we cannot guarantee their consumption. Responsible consumption. Only suitable for adults.  <\/p>\n","protected":false},"excerpt":{"rendered":"<p>Type de vin : Vin rouge Gran Reserva<br \/>\nDomaine viticole : Domaine viticole Matarromera<br \/>\nR\u00e9gions : D.O. Ribera du Duero<br \/>\nC\u00e9page : 100% Tempranillo<br \/>\nVigneron : F\u00e9lix A. Gonz\u00e1lez Jim\u00e9nez<br \/>\nVigneron : Carlos Moro Gonz\u00e1lez<br \/>\nType de f\u00fbt : F\u00fbts de ch\u00eane am\u00e9ricain avec chauffe moyenne et l\u00e9g\u00e8re.<br \/>\nType de bouteille : Format magnum bordelais<br \/>\nElevage en barrique : 24 mois<br \/>\nCapacit\u00e9 (cl) : 150<br \/>\nService : Temp\u00e9rature ambiante de 17 \u00baC.<br \/>\nMise en bouteille : 01\/01\/2001<br \/>\nTeneur en alcool (% vol.) : 14,00<\/p>\n","protected":false},"featured_media":1557,"comment_status":"closed","ping_status":"closed","template":"","meta":{"_acf_changed":false,"_glsr_average":0,"_glsr_ranking":0,"_glsr_reviews":0,"_joinchat":[]},"product_brand":[],"product_cat":[118],"product_tag":[],"class_list":{"0":"post-1571","1":"product","2":"type-product","3":"status-publish","4":"has-post-thumbnail","6":"product_cat-ribera-del-duero-fr","8":"first","9":"instock","10":"taxable","11":"shipping-taxable","12":"purchasable","13":"product-type-simple"},"acf":[],"yoast_head":"<!-- This site is optimized with the Yoast SEO plugin v27.2 - https:\/\/yoast.com\/product\/yoast-seo-wordpress\/ -->\n<title>Vin rouge Matarromera. Gran Reserva 2000 Ribera del Duero 75cl - Wine Spirits Collection<\/title>\n<meta name=\"description\" content=\"Matarromera 2000 Gran Reserva est un vin rouge exceptionnel de Ribera del Duero, \u00e9labor\u00e9 \u00e0 partir de raisins Tempranillo. Id\u00e9al pour accompagner les viandes rouges\" \/>\n<meta name=\"robots\" content=\"index, follow, max-snippet:-1, max-image-preview:large, max-video-preview:-1\" \/>\n<link rel=\"canonical\" href=\"https:\/\/www.winespiritscollection.com\/fr\/producto\/vin-rouge-matarromera-gran-reserva-2000-ribera-del-duero-75cl\/\" \/>\n<meta property=\"og:locale\" content=\"fr_FR\" \/>\n<meta property=\"og:type\" content=\"article\" \/>\n<meta property=\"og:title\" content=\"Vin rouge Matarromera. Gran Reserva 2000 Ribera del Duero 75cl - Wine Spirits Collection\" \/>\n<meta property=\"og:description\" content=\"Matarromera 2000 Gran Reserva est un vin rouge exceptionnel de Ribera del Duero, \u00e9labor\u00e9 \u00e0 partir de raisins Tempranillo. Id\u00e9al pour accompagner les viandes rouges\" \/>\n<meta property=\"og:url\" content=\"https:\/\/www.winespiritscollection.com\/fr\/producto\/vin-rouge-matarromera-gran-reserva-2000-ribera-del-duero-75cl\/\" \/>\n<meta property=\"og:site_name\" content=\"Wine Spirits Collection\" \/>\n<meta property=\"og:image\" content=\"https:\/\/www.winespiritscollection.com\/wp-content\/uploads\/2024\/11\/P1180956-removebg-preview.png\" \/>\n\t<meta property=\"og:image:width\" content=\"375\" \/>\n\t<meta property=\"og:image:height\" content=\"666\" \/>\n\t<meta property=\"og:image:type\" content=\"image\/png\" \/>\n<meta name=\"twitter:card\" content=\"summary_large_image\" \/>\n<meta name=\"twitter:label1\" content=\"Dur\u00e9e de lecture estim\u00e9e\" \/>\n\t<meta name=\"twitter:data1\" content=\"1 minute\" \/>\n<script type=\"application\/ld+json\" class=\"yoast-schema-graph\">{\"@context\":\"https:\/\/schema.org\",\"@graph\":[{\"@type\":\"WebPage\",\"@id\":\"https:\/\/www.winespiritscollection.com\/fr\/producto\/vin-rouge-matarromera-gran-reserva-2000-ribera-del-duero-75cl\/\",\"url\":\"https:\/\/www.winespiritscollection.com\/fr\/producto\/vin-rouge-matarromera-gran-reserva-2000-ribera-del-duero-75cl\/\",\"name\":\"Vin rouge Matarromera. Gran Reserva 2000 Ribera del Duero 75cl - Wine Spirits Collection\",\"isPartOf\":{\"@id\":\"https:\/\/www.winespiritscollection.com\/fr\/#website\"},\"primaryImageOfPage\":{\"@id\":\"https:\/\/www.winespiritscollection.com\/fr\/producto\/vin-rouge-matarromera-gran-reserva-2000-ribera-del-duero-75cl\/#primaryimage\"},\"image\":{\"@id\":\"https:\/\/www.winespiritscollection.com\/fr\/producto\/vin-rouge-matarromera-gran-reserva-2000-ribera-del-duero-75cl\/#primaryimage\"},\"thumbnailUrl\":\"https:\/\/www.winespiritscollection.com\/wp-content\/uploads\/2024\/11\/P1180956-removebg-preview.png\",\"datePublished\":\"2024-11-14T13:06:33+00:00\",\"description\":\"Matarromera 2000 Gran Reserva est un vin rouge exceptionnel de Ribera del Duero, \u00e9labor\u00e9 \u00e0 partir de raisins Tempranillo. Id\u00e9al pour accompagner les viandes rouges\",\"breadcrumb\":{\"@id\":\"https:\/\/www.winespiritscollection.com\/fr\/producto\/vin-rouge-matarromera-gran-reserva-2000-ribera-del-duero-75cl\/#breadcrumb\"},\"inLanguage\":\"fr-FR\",\"potentialAction\":[{\"@type\":\"ReadAction\",\"target\":[\"https:\/\/www.winespiritscollection.com\/fr\/producto\/vin-rouge-matarromera-gran-reserva-2000-ribera-del-duero-75cl\/\"]}]},{\"@type\":\"ImageObject\",\"inLanguage\":\"fr-FR\",\"@id\":\"https:\/\/www.winespiritscollection.com\/fr\/producto\/vin-rouge-matarromera-gran-reserva-2000-ribera-del-duero-75cl\/#primaryimage\",\"url\":\"https:\/\/www.winespiritscollection.com\/wp-content\/uploads\/2024\/11\/P1180956-removebg-preview.png\",\"contentUrl\":\"https:\/\/www.winespiritscollection.com\/wp-content\/uploads\/2024\/11\/P1180956-removebg-preview.png\",\"width\":375,\"height\":666},{\"@type\":\"BreadcrumbList\",\"@id\":\"https:\/\/www.winespiritscollection.com\/fr\/producto\/vin-rouge-matarromera-gran-reserva-2000-ribera-del-duero-75cl\/#breadcrumb\",\"itemListElement\":[{\"@type\":\"ListItem\",\"position\":1,\"name\":\"Portada\",\"item\":\"https:\/\/www.winespiritscollection.com\/fr\/\"},{\"@type\":\"ListItem\",\"position\":2,\"name\":\"Boutique\",\"item\":\"https:\/\/www.winespiritscollection.com\/fr\/boutique-de-vins-et-spiritueux\/\"},{\"@type\":\"ListItem\",\"position\":3,\"name\":\"Vin rouge Matarromera. Gran Reserva 2000 Ribera del Duero 75cl\"}]},{\"@type\":\"WebSite\",\"@id\":\"https:\/\/www.winespiritscollection.com\/fr\/#website\",\"url\":\"https:\/\/www.winespiritscollection.com\/fr\/\",\"name\":\"Wine Spirits Collection\",\"description\":\"\",\"publisher\":{\"@id\":\"https:\/\/www.winespiritscollection.com\/fr\/#organization\"},\"potentialAction\":[{\"@type\":\"SearchAction\",\"target\":{\"@type\":\"EntryPoint\",\"urlTemplate\":\"https:\/\/www.winespiritscollection.com\/fr\/?s={search_term_string}\"},\"query-input\":{\"@type\":\"PropertyValueSpecification\",\"valueRequired\":true,\"valueName\":\"search_term_string\"}}],\"inLanguage\":\"fr-FR\"},{\"@type\":\"Organization\",\"@id\":\"https:\/\/www.winespiritscollection.com\/fr\/#organization\",\"name\":\"Wine Spirits Collection\",\"url\":\"https:\/\/www.winespiritscollection.com\/fr\/\",\"logo\":{\"@type\":\"ImageObject\",\"inLanguage\":\"fr-FR\",\"@id\":\"https:\/\/www.winespiritscollection.com\/fr\/#\/schema\/logo\/image\/\",\"url\":\"https:\/\/www.winespiritscollection.com\/wp-content\/uploads\/2024\/03\/cropped-WINE_SPIRITS-LOGO-PRINCIPAL-NEGRE.png\",\"contentUrl\":\"https:\/\/www.winespiritscollection.com\/wp-content\/uploads\/2024\/03\/cropped-WINE_SPIRITS-LOGO-PRINCIPAL-NEGRE.png\",\"width\":2098,\"height\":1368,\"caption\":\"Wine Spirits Collection\"},\"image\":{\"@id\":\"https:\/\/www.winespiritscollection.com\/fr\/#\/schema\/logo\/image\/\"}}]}<\/script>\n<!-- \/ Yoast SEO plugin. -->","yoast_head_json":{"title":"Vin rouge Matarromera. Gran Reserva 2000 Ribera del Duero 75cl - Wine Spirits Collection","description":"Matarromera 2000 Gran Reserva est un vin rouge exceptionnel de Ribera del Duero, \u00e9labor\u00e9 \u00e0 partir de raisins Tempranillo. Id\u00e9al pour accompagner les viandes rouges","robots":{"index":"index","follow":"follow","max-snippet":"max-snippet:-1","max-image-preview":"max-image-preview:large","max-video-preview":"max-video-preview:-1"},"canonical":"https:\/\/www.winespiritscollection.com\/fr\/producto\/vin-rouge-matarromera-gran-reserva-2000-ribera-del-duero-75cl\/","og_locale":"fr_FR","og_type":"article","og_title":"Vin rouge Matarromera. Gran Reserva 2000 Ribera del Duero 75cl - Wine Spirits Collection","og_description":"Matarromera 2000 Gran Reserva est un vin rouge exceptionnel de Ribera del Duero, \u00e9labor\u00e9 \u00e0 partir de raisins Tempranillo. Id\u00e9al pour accompagner les viandes rouges","og_url":"https:\/\/www.winespiritscollection.com\/fr\/producto\/vin-rouge-matarromera-gran-reserva-2000-ribera-del-duero-75cl\/","og_site_name":"Wine Spirits Collection","og_image":[{"width":375,"height":666,"url":"https:\/\/www.winespiritscollection.com\/wp-content\/uploads\/2024\/11\/P1180956-removebg-preview.png","type":"image\/png"}],"twitter_card":"summary_large_image","twitter_misc":{"Dur\u00e9e de lecture estim\u00e9e":"1 minute"},"schema":{"@context":"https:\/\/schema.org","@graph":[{"@type":"WebPage","@id":"https:\/\/www.winespiritscollection.com\/fr\/producto\/vin-rouge-matarromera-gran-reserva-2000-ribera-del-duero-75cl\/","url":"https:\/\/www.winespiritscollection.com\/fr\/producto\/vin-rouge-matarromera-gran-reserva-2000-ribera-del-duero-75cl\/","name":"Vin rouge Matarromera. Gran Reserva 2000 Ribera del Duero 75cl - Wine Spirits Collection","isPartOf":{"@id":"https:\/\/www.winespiritscollection.com\/fr\/#website"},"primaryImageOfPage":{"@id":"https:\/\/www.winespiritscollection.com\/fr\/producto\/vin-rouge-matarromera-gran-reserva-2000-ribera-del-duero-75cl\/#primaryimage"},"image":{"@id":"https:\/\/www.winespiritscollection.com\/fr\/producto\/vin-rouge-matarromera-gran-reserva-2000-ribera-del-duero-75cl\/#primaryimage"},"thumbnailUrl":"https:\/\/www.winespiritscollection.com\/wp-content\/uploads\/2024\/11\/P1180956-removebg-preview.png","datePublished":"2024-11-14T13:06:33+00:00","description":"Matarromera 2000 Gran Reserva est un vin rouge exceptionnel de Ribera del Duero, \u00e9labor\u00e9 \u00e0 partir de raisins Tempranillo. Id\u00e9al pour accompagner les viandes rouges","breadcrumb":{"@id":"https:\/\/www.winespiritscollection.com\/fr\/producto\/vin-rouge-matarromera-gran-reserva-2000-ribera-del-duero-75cl\/#breadcrumb"},"inLanguage":"fr-FR","potentialAction":[{"@type":"ReadAction","target":["https:\/\/www.winespiritscollection.com\/fr\/producto\/vin-rouge-matarromera-gran-reserva-2000-ribera-del-duero-75cl\/"]}]},{"@type":"ImageObject","inLanguage":"fr-FR","@id":"https:\/\/www.winespiritscollection.com\/fr\/producto\/vin-rouge-matarromera-gran-reserva-2000-ribera-del-duero-75cl\/#primaryimage","url":"https:\/\/www.winespiritscollection.com\/wp-content\/uploads\/2024\/11\/P1180956-removebg-preview.png","contentUrl":"https:\/\/www.winespiritscollection.com\/wp-content\/uploads\/2024\/11\/P1180956-removebg-preview.png","width":375,"height":666},{"@type":"BreadcrumbList","@id":"https:\/\/www.winespiritscollection.com\/fr\/producto\/vin-rouge-matarromera-gran-reserva-2000-ribera-del-duero-75cl\/#breadcrumb","itemListElement":[{"@type":"ListItem","position":1,"name":"Portada","item":"https:\/\/www.winespiritscollection.com\/fr\/"},{"@type":"ListItem","position":2,"name":"Boutique","item":"https:\/\/www.winespiritscollection.com\/fr\/boutique-de-vins-et-spiritueux\/"},{"@type":"ListItem","position":3,"name":"Vin rouge Matarromera. Gran Reserva 2000 Ribera del Duero 75cl"}]},{"@type":"WebSite","@id":"https:\/\/www.winespiritscollection.com\/fr\/#website","url":"https:\/\/www.winespiritscollection.com\/fr\/","name":"Wine Spirits Collection","description":"","publisher":{"@id":"https:\/\/www.winespiritscollection.com\/fr\/#organization"},"potentialAction":[{"@type":"SearchAction","target":{"@type":"EntryPoint","urlTemplate":"https:\/\/www.winespiritscollection.com\/fr\/?s={search_term_string}"},"query-input":{"@type":"PropertyValueSpecification","valueRequired":true,"valueName":"search_term_string"}}],"inLanguage":"fr-FR"},{"@type":"Organization","@id":"https:\/\/www.winespiritscollection.com\/fr\/#organization","name":"Wine Spirits Collection","url":"https:\/\/www.winespiritscollection.com\/fr\/","logo":{"@type":"ImageObject","inLanguage":"fr-FR","@id":"https:\/\/www.winespiritscollection.com\/fr\/#\/schema\/logo\/image\/","url":"https:\/\/www.winespiritscollection.com\/wp-content\/uploads\/2024\/03\/cropped-WINE_SPIRITS-LOGO-PRINCIPAL-NEGRE.png","contentUrl":"https:\/\/www.winespiritscollection.com\/wp-content\/uploads\/2024\/03\/cropped-WINE_SPIRITS-LOGO-PRINCIPAL-NEGRE.png","width":2098,"height":1368,"caption":"Wine Spirits Collection"},"image":{"@id":"https:\/\/www.winespiritscollection.com\/fr\/#\/schema\/logo\/image\/"}}]}},"_links":{"self":[{"href":"https:\/\/www.winespiritscollection.com\/fr\/wp-json\/wp\/v2\/product\/1571","targetHints":{"allow":["GET"]}}],"collection":[{"href":"https:\/\/www.winespiritscollection.com\/fr\/wp-json\/wp\/v2\/product"}],"about":[{"href":"https:\/\/www.winespiritscollection.com\/fr\/wp-json\/wp\/v2\/types\/product"}],"replies":[{"embeddable":true,"href":"https:\/\/www.winespiritscollection.com\/fr\/wp-json\/wp\/v2\/comments?post=1571"}],"wp:featuredmedia":[{"embeddable":true,"href":"https:\/\/www.winespiritscollection.com\/fr\/wp-json\/wp\/v2\/media\/1557"}],"wp:attachment":[{"href":"https:\/\/www.winespiritscollection.com\/fr\/wp-json\/wp\/v2\/media?parent=1571"}],"wp:term":[{"taxonomy":"product_brand","embeddable":true,"href":"https:\/\/www.winespiritscollection.com\/fr\/wp-json\/wp\/v2\/product_brand?post=1571"},{"taxonomy":"product_cat","embeddable":true,"href":"https:\/\/www.winespiritscollection.com\/fr\/wp-json\/wp\/v2\/product_cat?post=1571"},{"taxonomy":"product_tag","embeddable":true,"href":"https:\/\/www.winespiritscollection.com\/fr\/wp-json\/wp\/v2\/product_tag?post=1571"}],"curies":[{"name":"wp","href":"https:\/\/api.w.org\/{rel}","templated":true}]}}