{"id":1662,"date":"2025-04-07T12:50:09","date_gmt":"2025-04-07T10:50:09","guid":{"rendered":"https:\/\/www.winespiritscollection.com\/producto\/vin-rouge-pesquera-reserva-1999-ribera-del-duero-75cl\/"},"modified":"2025-04-07T12:50:09","modified_gmt":"2025-04-07T10:50:09","slug":"vin-rouge-pesquera-reserva-1999-ribera-del-duero-75cl","status":"publish","type":"product","link":"https:\/\/www.winespiritscollection.com\/fr\/producto\/vin-rouge-pesquera-reserva-1999-ribera-del-duero-75cl\/","title":{"rendered":"Vin rouge Pesquera Reserva 1999. Ribera del Duero. 75cl"},"content":{"rendered":"<p>Le Pesquera Reserva 1999 est un vin embl\u00e9matique de l&#8217;appellation d&#8217;origine Ribera del Duero, produit par le domaine Pesquera. Ce vin se caract\u00e9rise par une grande complexit\u00e9 et une grande \u00e9l\u00e9gance, fruit de la grande qualit\u00e9 du c\u00e9page Tempranillo (\u00e9galement appel\u00e9 Tinto Fino en Ribera del Duero), r\u00e9colt\u00e9 dans des vignobles de plus de 30 ans. Le mill\u00e9sime 1999, exceptionnel par sa maturit\u00e9 et son \u00e9quilibre, a donn\u00e9 naissance \u00e0 un vin dot\u00e9 d&#8217;un grand potentiel de garde.<br \/>\nNos produits sont d&#8217;anciennes bouteilles de collection. Elles ont \u00e9t\u00e9 conserv\u00e9es en cave, mais nous ne pouvons garantir leur consommation. \u00c0 consommer avec mod\u00e9ration. R\u00e9serv\u00e9 aux adultes.     <\/p>\n","protected":false},"excerpt":{"rendered":"<p>C\u00e9page : Tempranillo (Tinto Fino).<\/p>\n<p>Appellation d&#8217;origine : Ribera del Duero.<\/p>\n<p>Couleur : Rubis profond aux reflets grenat.<\/p>\n<p>Ar\u00f4mes : Fruits m\u00fbrs (cerise, myrtilles).<\/p>\n<p>Notes \u00e9pic\u00e9es (poivre noir fin et cannelle).<\/p>\n<p>Notes de ch\u00eane (pain grill\u00e9, cacao, tabac).<\/p>\n<p>Complexit\u00e9 et \u00e9l\u00e9gance.<\/p>\n<p>Bouche :Large et structure robuste.<\/p>\n<p>Tanins souples et soyeux.<\/p>\n<p>\u00c9quilibre entre notes fruit\u00e9es et bois\u00e9es.<\/p>\n<p>Finale : Longue, persistante et \u00e9quilibr\u00e9e, avec une sensation de fra\u00eecheur.<\/p>\n<p>Elevage : Il passe plus de 24 mois en f\u00fbts de ch\u00eane.<\/p>\n<p>Capacit\u00e9 de stockage : \u00c9lev\u00e9e, avec une \u00e9volution continue dans le temps.<\/p>\n<p>Temp\u00e9rature de service : Recommand\u00e9e entre 16-18\u00b0C.<\/p>\n<p>Accords : Id\u00e9al avec les viandes rouges, les saucisses affin\u00e9es, les fromages affin\u00e9s et les plats en sauce \u00e0 la viande.<\/p>\n","protected":false},"featured_media":1648,"comment_status":"closed","ping_status":"closed","template":"","meta":{"_acf_changed":false,"_glsr_average":0,"_glsr_ranking":0,"_glsr_reviews":0,"_joinchat":[]},"product_brand":[],"product_cat":[118],"product_tag":[138,193,171],"class_list":{"0":"post-1662","1":"product","2":"type-product","3":"status-publish","4":"has-post-thumbnail","6":"product_cat-ribera-del-duero-fr","7":"product_tag-red-wine-fr","8":"product_tag-reserva-fr","9":"product_tag-ribera-del-duero-fr","11":"first","12":"instock","13":"taxable","14":"shipping-taxable","15":"purchasable","16":"product-type-simple"},"acf":[],"yoast_head":"<!-- This site is optimized with the Yoast SEO plugin v27.2 - https:\/\/yoast.com\/product\/yoast-seo-wordpress\/ -->\n<title>Vin rouge Pesquera Reserva 1999. Ribera del Duero. 75cl - Wine Spirits Collection<\/title>\n<meta name=\"description\" content=\"Le Pesquera Tinto 1999 Reserva est un vin de Ribera del Duero \u00e9labor\u00e9 \u00e0 partir du c\u00e9page Tempranillo. Il pr\u00e9sente une grande complexit\u00e9 aromatique et gustative.\" \/>\n<meta name=\"robots\" content=\"index, follow, max-snippet:-1, max-image-preview:large, max-video-preview:-1\" \/>\n<link rel=\"canonical\" href=\"https:\/\/www.winespiritscollection.com\/fr\/producto\/vin-rouge-pesquera-reserva-1999-ribera-del-duero-75cl\/\" \/>\n<meta property=\"og:locale\" content=\"fr_FR\" \/>\n<meta property=\"og:type\" content=\"article\" \/>\n<meta property=\"og:title\" content=\"Vin rouge Pesquera Reserva 1999. Ribera del Duero. 75cl - Wine Spirits Collection\" \/>\n<meta property=\"og:description\" content=\"Le Pesquera Tinto 1999 Reserva est un vin de Ribera del Duero \u00e9labor\u00e9 \u00e0 partir du c\u00e9page Tempranillo. Il pr\u00e9sente une grande complexit\u00e9 aromatique et gustative.\" \/>\n<meta property=\"og:url\" content=\"https:\/\/www.winespiritscollection.com\/fr\/producto\/vin-rouge-pesquera-reserva-1999-ribera-del-duero-75cl\/\" \/>\n<meta property=\"og:site_name\" content=\"Wine Spirits Collection\" \/>\n<meta property=\"og:image\" content=\"https:\/\/www.winespiritscollection.com\/wp-content\/uploads\/2025\/04\/P1190095-removebg-preview.png\" \/>\n\t<meta property=\"og:image:width\" content=\"375\" \/>\n\t<meta property=\"og:image:height\" content=\"666\" \/>\n\t<meta property=\"og:image:type\" content=\"image\/png\" \/>\n<meta name=\"twitter:card\" content=\"summary_large_image\" \/>\n<meta name=\"twitter:label1\" content=\"Dur\u00e9e de lecture estim\u00e9e\" \/>\n\t<meta name=\"twitter:data1\" content=\"1 minute\" \/>\n<script type=\"application\/ld+json\" class=\"yoast-schema-graph\">{\"@context\":\"https:\/\/schema.org\",\"@graph\":[{\"@type\":\"WebPage\",\"@id\":\"https:\/\/www.winespiritscollection.com\/fr\/producto\/vin-rouge-pesquera-reserva-1999-ribera-del-duero-75cl\/\",\"url\":\"https:\/\/www.winespiritscollection.com\/fr\/producto\/vin-rouge-pesquera-reserva-1999-ribera-del-duero-75cl\/\",\"name\":\"Vin rouge Pesquera Reserva 1999. Ribera del Duero. 75cl - Wine Spirits Collection\",\"isPartOf\":{\"@id\":\"https:\/\/www.winespiritscollection.com\/fr\/#website\"},\"primaryImageOfPage\":{\"@id\":\"https:\/\/www.winespiritscollection.com\/fr\/producto\/vin-rouge-pesquera-reserva-1999-ribera-del-duero-75cl\/#primaryimage\"},\"image\":{\"@id\":\"https:\/\/www.winespiritscollection.com\/fr\/producto\/vin-rouge-pesquera-reserva-1999-ribera-del-duero-75cl\/#primaryimage\"},\"thumbnailUrl\":\"https:\/\/www.winespiritscollection.com\/wp-content\/uploads\/2025\/04\/P1190095-removebg-preview.png\",\"datePublished\":\"2025-04-07T10:50:09+00:00\",\"description\":\"Le Pesquera Tinto 1999 Reserva est un vin de Ribera del Duero \u00e9labor\u00e9 \u00e0 partir du c\u00e9page Tempranillo. Il pr\u00e9sente une grande complexit\u00e9 aromatique et gustative.\",\"breadcrumb\":{\"@id\":\"https:\/\/www.winespiritscollection.com\/fr\/producto\/vin-rouge-pesquera-reserva-1999-ribera-del-duero-75cl\/#breadcrumb\"},\"inLanguage\":\"fr-FR\",\"potentialAction\":[{\"@type\":\"ReadAction\",\"target\":[\"https:\/\/www.winespiritscollection.com\/fr\/producto\/vin-rouge-pesquera-reserva-1999-ribera-del-duero-75cl\/\"]}]},{\"@type\":\"ImageObject\",\"inLanguage\":\"fr-FR\",\"@id\":\"https:\/\/www.winespiritscollection.com\/fr\/producto\/vin-rouge-pesquera-reserva-1999-ribera-del-duero-75cl\/#primaryimage\",\"url\":\"https:\/\/www.winespiritscollection.com\/wp-content\/uploads\/2025\/04\/P1190095-removebg-preview.png\",\"contentUrl\":\"https:\/\/www.winespiritscollection.com\/wp-content\/uploads\/2025\/04\/P1190095-removebg-preview.png\",\"width\":375,\"height\":666},{\"@type\":\"BreadcrumbList\",\"@id\":\"https:\/\/www.winespiritscollection.com\/fr\/producto\/vin-rouge-pesquera-reserva-1999-ribera-del-duero-75cl\/#breadcrumb\",\"itemListElement\":[{\"@type\":\"ListItem\",\"position\":1,\"name\":\"Portada\",\"item\":\"https:\/\/www.winespiritscollection.com\/fr\/\"},{\"@type\":\"ListItem\",\"position\":2,\"name\":\"Boutique\",\"item\":\"https:\/\/www.winespiritscollection.com\/fr\/boutique-de-vins-et-spiritueux\/\"},{\"@type\":\"ListItem\",\"position\":3,\"name\":\"Vin rouge Pesquera Reserva 1999. Ribera del Duero. 75cl\"}]},{\"@type\":\"WebSite\",\"@id\":\"https:\/\/www.winespiritscollection.com\/fr\/#website\",\"url\":\"https:\/\/www.winespiritscollection.com\/fr\/\",\"name\":\"Wine Spirits Collection\",\"description\":\"\",\"publisher\":{\"@id\":\"https:\/\/www.winespiritscollection.com\/fr\/#organization\"},\"potentialAction\":[{\"@type\":\"SearchAction\",\"target\":{\"@type\":\"EntryPoint\",\"urlTemplate\":\"https:\/\/www.winespiritscollection.com\/fr\/?s={search_term_string}\"},\"query-input\":{\"@type\":\"PropertyValueSpecification\",\"valueRequired\":true,\"valueName\":\"search_term_string\"}}],\"inLanguage\":\"fr-FR\"},{\"@type\":\"Organization\",\"@id\":\"https:\/\/www.winespiritscollection.com\/fr\/#organization\",\"name\":\"Wine Spirits Collection\",\"url\":\"https:\/\/www.winespiritscollection.com\/fr\/\",\"logo\":{\"@type\":\"ImageObject\",\"inLanguage\":\"fr-FR\",\"@id\":\"https:\/\/www.winespiritscollection.com\/fr\/#\/schema\/logo\/image\/\",\"url\":\"https:\/\/www.winespiritscollection.com\/wp-content\/uploads\/2024\/03\/cropped-WINE_SPIRITS-LOGO-PRINCIPAL-NEGRE.png\",\"contentUrl\":\"https:\/\/www.winespiritscollection.com\/wp-content\/uploads\/2024\/03\/cropped-WINE_SPIRITS-LOGO-PRINCIPAL-NEGRE.png\",\"width\":2098,\"height\":1368,\"caption\":\"Wine Spirits Collection\"},\"image\":{\"@id\":\"https:\/\/www.winespiritscollection.com\/fr\/#\/schema\/logo\/image\/\"}}]}<\/script>\n<!-- \/ Yoast SEO plugin. -->","yoast_head_json":{"title":"Vin rouge Pesquera Reserva 1999. Ribera del Duero. 75cl - Wine Spirits Collection","description":"Le Pesquera Tinto 1999 Reserva est un vin de Ribera del Duero \u00e9labor\u00e9 \u00e0 partir du c\u00e9page Tempranillo. Il pr\u00e9sente une grande complexit\u00e9 aromatique et gustative.","robots":{"index":"index","follow":"follow","max-snippet":"max-snippet:-1","max-image-preview":"max-image-preview:large","max-video-preview":"max-video-preview:-1"},"canonical":"https:\/\/www.winespiritscollection.com\/fr\/producto\/vin-rouge-pesquera-reserva-1999-ribera-del-duero-75cl\/","og_locale":"fr_FR","og_type":"article","og_title":"Vin rouge Pesquera Reserva 1999. Ribera del Duero. 75cl - Wine Spirits Collection","og_description":"Le Pesquera Tinto 1999 Reserva est un vin de Ribera del Duero \u00e9labor\u00e9 \u00e0 partir du c\u00e9page Tempranillo. Il pr\u00e9sente une grande complexit\u00e9 aromatique et gustative.","og_url":"https:\/\/www.winespiritscollection.com\/fr\/producto\/vin-rouge-pesquera-reserva-1999-ribera-del-duero-75cl\/","og_site_name":"Wine Spirits Collection","og_image":[{"width":375,"height":666,"url":"https:\/\/www.winespiritscollection.com\/wp-content\/uploads\/2025\/04\/P1190095-removebg-preview.png","type":"image\/png"}],"twitter_card":"summary_large_image","twitter_misc":{"Dur\u00e9e de lecture estim\u00e9e":"1 minute"},"schema":{"@context":"https:\/\/schema.org","@graph":[{"@type":"WebPage","@id":"https:\/\/www.winespiritscollection.com\/fr\/producto\/vin-rouge-pesquera-reserva-1999-ribera-del-duero-75cl\/","url":"https:\/\/www.winespiritscollection.com\/fr\/producto\/vin-rouge-pesquera-reserva-1999-ribera-del-duero-75cl\/","name":"Vin rouge Pesquera Reserva 1999. Ribera del Duero. 75cl - Wine Spirits Collection","isPartOf":{"@id":"https:\/\/www.winespiritscollection.com\/fr\/#website"},"primaryImageOfPage":{"@id":"https:\/\/www.winespiritscollection.com\/fr\/producto\/vin-rouge-pesquera-reserva-1999-ribera-del-duero-75cl\/#primaryimage"},"image":{"@id":"https:\/\/www.winespiritscollection.com\/fr\/producto\/vin-rouge-pesquera-reserva-1999-ribera-del-duero-75cl\/#primaryimage"},"thumbnailUrl":"https:\/\/www.winespiritscollection.com\/wp-content\/uploads\/2025\/04\/P1190095-removebg-preview.png","datePublished":"2025-04-07T10:50:09+00:00","description":"Le Pesquera Tinto 1999 Reserva est un vin de Ribera del Duero \u00e9labor\u00e9 \u00e0 partir du c\u00e9page Tempranillo. Il pr\u00e9sente une grande complexit\u00e9 aromatique et gustative.","breadcrumb":{"@id":"https:\/\/www.winespiritscollection.com\/fr\/producto\/vin-rouge-pesquera-reserva-1999-ribera-del-duero-75cl\/#breadcrumb"},"inLanguage":"fr-FR","potentialAction":[{"@type":"ReadAction","target":["https:\/\/www.winespiritscollection.com\/fr\/producto\/vin-rouge-pesquera-reserva-1999-ribera-del-duero-75cl\/"]}]},{"@type":"ImageObject","inLanguage":"fr-FR","@id":"https:\/\/www.winespiritscollection.com\/fr\/producto\/vin-rouge-pesquera-reserva-1999-ribera-del-duero-75cl\/#primaryimage","url":"https:\/\/www.winespiritscollection.com\/wp-content\/uploads\/2025\/04\/P1190095-removebg-preview.png","contentUrl":"https:\/\/www.winespiritscollection.com\/wp-content\/uploads\/2025\/04\/P1190095-removebg-preview.png","width":375,"height":666},{"@type":"BreadcrumbList","@id":"https:\/\/www.winespiritscollection.com\/fr\/producto\/vin-rouge-pesquera-reserva-1999-ribera-del-duero-75cl\/#breadcrumb","itemListElement":[{"@type":"ListItem","position":1,"name":"Portada","item":"https:\/\/www.winespiritscollection.com\/fr\/"},{"@type":"ListItem","position":2,"name":"Boutique","item":"https:\/\/www.winespiritscollection.com\/fr\/boutique-de-vins-et-spiritueux\/"},{"@type":"ListItem","position":3,"name":"Vin rouge Pesquera Reserva 1999. Ribera del Duero. 75cl"}]},{"@type":"WebSite","@id":"https:\/\/www.winespiritscollection.com\/fr\/#website","url":"https:\/\/www.winespiritscollection.com\/fr\/","name":"Wine Spirits Collection","description":"","publisher":{"@id":"https:\/\/www.winespiritscollection.com\/fr\/#organization"},"potentialAction":[{"@type":"SearchAction","target":{"@type":"EntryPoint","urlTemplate":"https:\/\/www.winespiritscollection.com\/fr\/?s={search_term_string}"},"query-input":{"@type":"PropertyValueSpecification","valueRequired":true,"valueName":"search_term_string"}}],"inLanguage":"fr-FR"},{"@type":"Organization","@id":"https:\/\/www.winespiritscollection.com\/fr\/#organization","name":"Wine Spirits Collection","url":"https:\/\/www.winespiritscollection.com\/fr\/","logo":{"@type":"ImageObject","inLanguage":"fr-FR","@id":"https:\/\/www.winespiritscollection.com\/fr\/#\/schema\/logo\/image\/","url":"https:\/\/www.winespiritscollection.com\/wp-content\/uploads\/2024\/03\/cropped-WINE_SPIRITS-LOGO-PRINCIPAL-NEGRE.png","contentUrl":"https:\/\/www.winespiritscollection.com\/wp-content\/uploads\/2024\/03\/cropped-WINE_SPIRITS-LOGO-PRINCIPAL-NEGRE.png","width":2098,"height":1368,"caption":"Wine Spirits Collection"},"image":{"@id":"https:\/\/www.winespiritscollection.com\/fr\/#\/schema\/logo\/image\/"}}]}},"_links":{"self":[{"href":"https:\/\/www.winespiritscollection.com\/fr\/wp-json\/wp\/v2\/product\/1662","targetHints":{"allow":["GET"]}}],"collection":[{"href":"https:\/\/www.winespiritscollection.com\/fr\/wp-json\/wp\/v2\/product"}],"about":[{"href":"https:\/\/www.winespiritscollection.com\/fr\/wp-json\/wp\/v2\/types\/product"}],"replies":[{"embeddable":true,"href":"https:\/\/www.winespiritscollection.com\/fr\/wp-json\/wp\/v2\/comments?post=1662"}],"wp:featuredmedia":[{"embeddable":true,"href":"https:\/\/www.winespiritscollection.com\/fr\/wp-json\/wp\/v2\/media\/1648"}],"wp:attachment":[{"href":"https:\/\/www.winespiritscollection.com\/fr\/wp-json\/wp\/v2\/media?parent=1662"}],"wp:term":[{"taxonomy":"product_brand","embeddable":true,"href":"https:\/\/www.winespiritscollection.com\/fr\/wp-json\/wp\/v2\/product_brand?post=1662"},{"taxonomy":"product_cat","embeddable":true,"href":"https:\/\/www.winespiritscollection.com\/fr\/wp-json\/wp\/v2\/product_cat?post=1662"},{"taxonomy":"product_tag","embeddable":true,"href":"https:\/\/www.winespiritscollection.com\/fr\/wp-json\/wp\/v2\/product_tag?post=1662"}],"curies":[{"name":"wp","href":"https:\/\/api.w.org\/{rel}","templated":true}]}}