{"id":1680,"date":"2025-04-07T14:26:06","date_gmt":"2025-04-07T12:26:06","guid":{"rendered":"https:\/\/www.winespiritscollection.com\/producto\/vin-rouge-pesquera-gran-reserva-2001-ribera-du-duero-75-cl\/"},"modified":"2025-04-07T14:26:06","modified_gmt":"2025-04-07T12:26:06","slug":"vin-rouge-pesquera-gran-reserva-2001-ribera-du-duero-75-cl","status":"publish","type":"product","link":"https:\/\/www.winespiritscollection.com\/fr\/producto\/vin-rouge-pesquera-gran-reserva-2001-ribera-du-duero-75-cl\/","title":{"rendered":"Vin rouge Pesquera Gran Reserva 2001 . Ribera du Duero.  75 cl."},"content":{"rendered":"<p>Le Pesquera Vino Tinto 2001 Gran Reserva est un vin d&#8217;appellation d&#8217;origine Ribera del Duero qui incarne l&#8217;essence m\u00eame du domaine Pesquera. Ce vin est \u00e9labor\u00e9 \u00e0 partir d&#8217;une s\u00e9lection de Tempranillo (Tinto Fino) issus de vieilles vignes, offrant une grande concentration de saveurs et une grande complexit\u00e9. Son \u00e9levage se caract\u00e9rise par un long vieillissement de plus de 24 mois en f\u00fbts de ch\u00eane fran\u00e7ais et am\u00e9ricain, ce qui lui conf\u00e8re une personnalit\u00e9 unique et un excellent potentiel de garde.  <\/p>\n<p>Nos produits sont d&#8217;anciennes bouteilles de collection. Elles ont \u00e9t\u00e9 conserv\u00e9es en cave, mais nous ne pouvons garantir leur consommation. \u00c0 consommer avec mod\u00e9ration. R\u00e9serv\u00e9 aux adultes.   <\/p>\n","protected":false},"excerpt":{"rendered":"<p>C\u00e9page : Tempranillo (Tinto Fino).<br \/>\nAppellation d&#8217;origine : Ribera del Duero.<br \/>\nRobe : Rubis intense aux reflets grenat.<br \/>\nAr\u00f4mes : Fruits m\u00fbrs (cerise, prune, myrtille). Notes \u00e9pic\u00e9es (poivre noir, cannelle, clou de girofle). Bois de ch\u00eane (tabac, cacao, cuir). Touches balsamiques et subtiles.<br \/>\nBouche : Belle structure et corps robuste. Tanins souples, soyeux et bien int\u00e9gr\u00e9s. \u00c9quilibre parfait entre le fruit et le bois.<br \/>\nFinition : Longue, persistante et d&#8217;une \u00e9l\u00e9gante fra\u00eecheur.<br \/>\n\u00c9levage : Plus de 24 mois en f\u00fbts de ch\u00eane fran\u00e7ais et am\u00e9ricain, suivi d&#8217;un vieillissement en bouteille.<\/p>\n","protected":false},"featured_media":1666,"comment_status":"closed","ping_status":"closed","template":"","meta":{"_acf_changed":false,"_glsr_average":0,"_glsr_ranking":0,"_glsr_reviews":0,"_joinchat":[]},"product_brand":[],"product_cat":[118],"product_tag":[172,138,162],"class_list":{"0":"post-1680","1":"product","2":"type-product","3":"status-publish","4":"has-post-thumbnail","6":"product_cat-ribera-del-duero-fr","7":"product_tag-gran-reserva-fr","8":"product_tag-red-wine-fr","9":"product_tag-rioja-fr","11":"first","12":"instock","13":"taxable","14":"shipping-taxable","15":"purchasable","16":"product-type-simple"},"acf":[],"yoast_head":"<!-- This site is optimized with the Yoast SEO plugin v27.2 - https:\/\/yoast.com\/product\/yoast-seo-wordpress\/ -->\n<title>Vin rouge Pesquera Gran Reserva 2001 . Ribera du Duero. 75 cl. - Wine Spirits Collection<\/title>\n<meta name=\"description\" content=\"Pesquera Gran Reserva 2001 est un vin de Ribera del Duero \u00e9labor\u00e9 \u00e0 partir de raisins Tempranillo, vieilli plus de 24 mois en f\u00fbts de ch\u00eane.\" \/>\n<meta name=\"robots\" content=\"index, follow, max-snippet:-1, max-image-preview:large, max-video-preview:-1\" \/>\n<link rel=\"canonical\" href=\"https:\/\/www.winespiritscollection.com\/fr\/producto\/vin-rouge-pesquera-gran-reserva-2001-ribera-du-duero-75-cl\/\" \/>\n<meta property=\"og:locale\" content=\"fr_FR\" \/>\n<meta property=\"og:type\" content=\"article\" \/>\n<meta property=\"og:title\" content=\"Vin rouge Pesquera Gran Reserva 2001 . Ribera du Duero. 75 cl. - Wine Spirits Collection\" \/>\n<meta property=\"og:description\" content=\"Pesquera Gran Reserva 2001 est un vin de Ribera del Duero \u00e9labor\u00e9 \u00e0 partir de raisins Tempranillo, vieilli plus de 24 mois en f\u00fbts de ch\u00eane.\" \/>\n<meta property=\"og:url\" content=\"https:\/\/www.winespiritscollection.com\/fr\/producto\/vin-rouge-pesquera-gran-reserva-2001-ribera-du-duero-75-cl\/\" \/>\n<meta property=\"og:site_name\" content=\"Wine Spirits Collection\" \/>\n<meta property=\"og:image\" content=\"https:\/\/www.winespiritscollection.com\/wp-content\/uploads\/2025\/04\/P1190107-removebg-preview.png\" \/>\n\t<meta property=\"og:image:width\" content=\"375\" \/>\n\t<meta property=\"og:image:height\" content=\"666\" \/>\n\t<meta property=\"og:image:type\" content=\"image\/png\" \/>\n<meta name=\"twitter:card\" content=\"summary_large_image\" \/>\n<meta name=\"twitter:label1\" content=\"Dur\u00e9e de lecture estim\u00e9e\" \/>\n\t<meta name=\"twitter:data1\" content=\"1 minute\" \/>\n<script type=\"application\/ld+json\" class=\"yoast-schema-graph\">{\"@context\":\"https:\/\/schema.org\",\"@graph\":[{\"@type\":\"WebPage\",\"@id\":\"https:\/\/www.winespiritscollection.com\/fr\/producto\/vin-rouge-pesquera-gran-reserva-2001-ribera-du-duero-75-cl\/\",\"url\":\"https:\/\/www.winespiritscollection.com\/fr\/producto\/vin-rouge-pesquera-gran-reserva-2001-ribera-du-duero-75-cl\/\",\"name\":\"Vin rouge Pesquera Gran Reserva 2001 . Ribera du Duero. 75 cl. - Wine Spirits Collection\",\"isPartOf\":{\"@id\":\"https:\/\/www.winespiritscollection.com\/fr\/#website\"},\"primaryImageOfPage\":{\"@id\":\"https:\/\/www.winespiritscollection.com\/fr\/producto\/vin-rouge-pesquera-gran-reserva-2001-ribera-du-duero-75-cl\/#primaryimage\"},\"image\":{\"@id\":\"https:\/\/www.winespiritscollection.com\/fr\/producto\/vin-rouge-pesquera-gran-reserva-2001-ribera-du-duero-75-cl\/#primaryimage\"},\"thumbnailUrl\":\"https:\/\/www.winespiritscollection.com\/wp-content\/uploads\/2025\/04\/P1190107-removebg-preview.png\",\"datePublished\":\"2025-04-07T12:26:06+00:00\",\"description\":\"Pesquera Gran Reserva 2001 est un vin de Ribera del Duero \u00e9labor\u00e9 \u00e0 partir de raisins Tempranillo, vieilli plus de 24 mois en f\u00fbts de ch\u00eane.\",\"breadcrumb\":{\"@id\":\"https:\/\/www.winespiritscollection.com\/fr\/producto\/vin-rouge-pesquera-gran-reserva-2001-ribera-du-duero-75-cl\/#breadcrumb\"},\"inLanguage\":\"fr-FR\",\"potentialAction\":[{\"@type\":\"ReadAction\",\"target\":[\"https:\/\/www.winespiritscollection.com\/fr\/producto\/vin-rouge-pesquera-gran-reserva-2001-ribera-du-duero-75-cl\/\"]}]},{\"@type\":\"ImageObject\",\"inLanguage\":\"fr-FR\",\"@id\":\"https:\/\/www.winespiritscollection.com\/fr\/producto\/vin-rouge-pesquera-gran-reserva-2001-ribera-du-duero-75-cl\/#primaryimage\",\"url\":\"https:\/\/www.winespiritscollection.com\/wp-content\/uploads\/2025\/04\/P1190107-removebg-preview.png\",\"contentUrl\":\"https:\/\/www.winespiritscollection.com\/wp-content\/uploads\/2025\/04\/P1190107-removebg-preview.png\",\"width\":375,\"height\":666},{\"@type\":\"BreadcrumbList\",\"@id\":\"https:\/\/www.winespiritscollection.com\/fr\/producto\/vin-rouge-pesquera-gran-reserva-2001-ribera-du-duero-75-cl\/#breadcrumb\",\"itemListElement\":[{\"@type\":\"ListItem\",\"position\":1,\"name\":\"Portada\",\"item\":\"https:\/\/www.winespiritscollection.com\/fr\/\"},{\"@type\":\"ListItem\",\"position\":2,\"name\":\"Boutique\",\"item\":\"https:\/\/www.winespiritscollection.com\/fr\/boutique-de-vins-et-spiritueux\/\"},{\"@type\":\"ListItem\",\"position\":3,\"name\":\"Vin rouge Pesquera Gran Reserva 2001 . Ribera du Duero. 75 cl.\"}]},{\"@type\":\"WebSite\",\"@id\":\"https:\/\/www.winespiritscollection.com\/fr\/#website\",\"url\":\"https:\/\/www.winespiritscollection.com\/fr\/\",\"name\":\"Wine Spirits Collection\",\"description\":\"\",\"publisher\":{\"@id\":\"https:\/\/www.winespiritscollection.com\/fr\/#organization\"},\"potentialAction\":[{\"@type\":\"SearchAction\",\"target\":{\"@type\":\"EntryPoint\",\"urlTemplate\":\"https:\/\/www.winespiritscollection.com\/fr\/?s={search_term_string}\"},\"query-input\":{\"@type\":\"PropertyValueSpecification\",\"valueRequired\":true,\"valueName\":\"search_term_string\"}}],\"inLanguage\":\"fr-FR\"},{\"@type\":\"Organization\",\"@id\":\"https:\/\/www.winespiritscollection.com\/fr\/#organization\",\"name\":\"Wine Spirits Collection\",\"url\":\"https:\/\/www.winespiritscollection.com\/fr\/\",\"logo\":{\"@type\":\"ImageObject\",\"inLanguage\":\"fr-FR\",\"@id\":\"https:\/\/www.winespiritscollection.com\/fr\/#\/schema\/logo\/image\/\",\"url\":\"https:\/\/www.winespiritscollection.com\/wp-content\/uploads\/2024\/03\/cropped-WINE_SPIRITS-LOGO-PRINCIPAL-NEGRE.png\",\"contentUrl\":\"https:\/\/www.winespiritscollection.com\/wp-content\/uploads\/2024\/03\/cropped-WINE_SPIRITS-LOGO-PRINCIPAL-NEGRE.png\",\"width\":2098,\"height\":1368,\"caption\":\"Wine Spirits Collection\"},\"image\":{\"@id\":\"https:\/\/www.winespiritscollection.com\/fr\/#\/schema\/logo\/image\/\"}}]}<\/script>\n<!-- \/ Yoast SEO plugin. -->","yoast_head_json":{"title":"Vin rouge Pesquera Gran Reserva 2001 . Ribera du Duero. 75 cl. - Wine Spirits Collection","description":"Pesquera Gran Reserva 2001 est un vin de Ribera del Duero \u00e9labor\u00e9 \u00e0 partir de raisins Tempranillo, vieilli plus de 24 mois en f\u00fbts de ch\u00eane.","robots":{"index":"index","follow":"follow","max-snippet":"max-snippet:-1","max-image-preview":"max-image-preview:large","max-video-preview":"max-video-preview:-1"},"canonical":"https:\/\/www.winespiritscollection.com\/fr\/producto\/vin-rouge-pesquera-gran-reserva-2001-ribera-du-duero-75-cl\/","og_locale":"fr_FR","og_type":"article","og_title":"Vin rouge Pesquera Gran Reserva 2001 . Ribera du Duero. 75 cl. - Wine Spirits Collection","og_description":"Pesquera Gran Reserva 2001 est un vin de Ribera del Duero \u00e9labor\u00e9 \u00e0 partir de raisins Tempranillo, vieilli plus de 24 mois en f\u00fbts de ch\u00eane.","og_url":"https:\/\/www.winespiritscollection.com\/fr\/producto\/vin-rouge-pesquera-gran-reserva-2001-ribera-du-duero-75-cl\/","og_site_name":"Wine Spirits Collection","og_image":[{"width":375,"height":666,"url":"https:\/\/www.winespiritscollection.com\/wp-content\/uploads\/2025\/04\/P1190107-removebg-preview.png","type":"image\/png"}],"twitter_card":"summary_large_image","twitter_misc":{"Dur\u00e9e de lecture estim\u00e9e":"1 minute"},"schema":{"@context":"https:\/\/schema.org","@graph":[{"@type":"WebPage","@id":"https:\/\/www.winespiritscollection.com\/fr\/producto\/vin-rouge-pesquera-gran-reserva-2001-ribera-du-duero-75-cl\/","url":"https:\/\/www.winespiritscollection.com\/fr\/producto\/vin-rouge-pesquera-gran-reserva-2001-ribera-du-duero-75-cl\/","name":"Vin rouge Pesquera Gran Reserva 2001 . Ribera du Duero. 75 cl. - Wine Spirits Collection","isPartOf":{"@id":"https:\/\/www.winespiritscollection.com\/fr\/#website"},"primaryImageOfPage":{"@id":"https:\/\/www.winespiritscollection.com\/fr\/producto\/vin-rouge-pesquera-gran-reserva-2001-ribera-du-duero-75-cl\/#primaryimage"},"image":{"@id":"https:\/\/www.winespiritscollection.com\/fr\/producto\/vin-rouge-pesquera-gran-reserva-2001-ribera-du-duero-75-cl\/#primaryimage"},"thumbnailUrl":"https:\/\/www.winespiritscollection.com\/wp-content\/uploads\/2025\/04\/P1190107-removebg-preview.png","datePublished":"2025-04-07T12:26:06+00:00","description":"Pesquera Gran Reserva 2001 est un vin de Ribera del Duero \u00e9labor\u00e9 \u00e0 partir de raisins Tempranillo, vieilli plus de 24 mois en f\u00fbts de ch\u00eane.","breadcrumb":{"@id":"https:\/\/www.winespiritscollection.com\/fr\/producto\/vin-rouge-pesquera-gran-reserva-2001-ribera-du-duero-75-cl\/#breadcrumb"},"inLanguage":"fr-FR","potentialAction":[{"@type":"ReadAction","target":["https:\/\/www.winespiritscollection.com\/fr\/producto\/vin-rouge-pesquera-gran-reserva-2001-ribera-du-duero-75-cl\/"]}]},{"@type":"ImageObject","inLanguage":"fr-FR","@id":"https:\/\/www.winespiritscollection.com\/fr\/producto\/vin-rouge-pesquera-gran-reserva-2001-ribera-du-duero-75-cl\/#primaryimage","url":"https:\/\/www.winespiritscollection.com\/wp-content\/uploads\/2025\/04\/P1190107-removebg-preview.png","contentUrl":"https:\/\/www.winespiritscollection.com\/wp-content\/uploads\/2025\/04\/P1190107-removebg-preview.png","width":375,"height":666},{"@type":"BreadcrumbList","@id":"https:\/\/www.winespiritscollection.com\/fr\/producto\/vin-rouge-pesquera-gran-reserva-2001-ribera-du-duero-75-cl\/#breadcrumb","itemListElement":[{"@type":"ListItem","position":1,"name":"Portada","item":"https:\/\/www.winespiritscollection.com\/fr\/"},{"@type":"ListItem","position":2,"name":"Boutique","item":"https:\/\/www.winespiritscollection.com\/fr\/boutique-de-vins-et-spiritueux\/"},{"@type":"ListItem","position":3,"name":"Vin rouge Pesquera Gran Reserva 2001 . Ribera du Duero. 75 cl."}]},{"@type":"WebSite","@id":"https:\/\/www.winespiritscollection.com\/fr\/#website","url":"https:\/\/www.winespiritscollection.com\/fr\/","name":"Wine Spirits Collection","description":"","publisher":{"@id":"https:\/\/www.winespiritscollection.com\/fr\/#organization"},"potentialAction":[{"@type":"SearchAction","target":{"@type":"EntryPoint","urlTemplate":"https:\/\/www.winespiritscollection.com\/fr\/?s={search_term_string}"},"query-input":{"@type":"PropertyValueSpecification","valueRequired":true,"valueName":"search_term_string"}}],"inLanguage":"fr-FR"},{"@type":"Organization","@id":"https:\/\/www.winespiritscollection.com\/fr\/#organization","name":"Wine Spirits Collection","url":"https:\/\/www.winespiritscollection.com\/fr\/","logo":{"@type":"ImageObject","inLanguage":"fr-FR","@id":"https:\/\/www.winespiritscollection.com\/fr\/#\/schema\/logo\/image\/","url":"https:\/\/www.winespiritscollection.com\/wp-content\/uploads\/2024\/03\/cropped-WINE_SPIRITS-LOGO-PRINCIPAL-NEGRE.png","contentUrl":"https:\/\/www.winespiritscollection.com\/wp-content\/uploads\/2024\/03\/cropped-WINE_SPIRITS-LOGO-PRINCIPAL-NEGRE.png","width":2098,"height":1368,"caption":"Wine Spirits Collection"},"image":{"@id":"https:\/\/www.winespiritscollection.com\/fr\/#\/schema\/logo\/image\/"}}]}},"_links":{"self":[{"href":"https:\/\/www.winespiritscollection.com\/fr\/wp-json\/wp\/v2\/product\/1680","targetHints":{"allow":["GET"]}}],"collection":[{"href":"https:\/\/www.winespiritscollection.com\/fr\/wp-json\/wp\/v2\/product"}],"about":[{"href":"https:\/\/www.winespiritscollection.com\/fr\/wp-json\/wp\/v2\/types\/product"}],"replies":[{"embeddable":true,"href":"https:\/\/www.winespiritscollection.com\/fr\/wp-json\/wp\/v2\/comments?post=1680"}],"wp:featuredmedia":[{"embeddable":true,"href":"https:\/\/www.winespiritscollection.com\/fr\/wp-json\/wp\/v2\/media\/1666"}],"wp:attachment":[{"href":"https:\/\/www.winespiritscollection.com\/fr\/wp-json\/wp\/v2\/media?parent=1680"}],"wp:term":[{"taxonomy":"product_brand","embeddable":true,"href":"https:\/\/www.winespiritscollection.com\/fr\/wp-json\/wp\/v2\/product_brand?post=1680"},{"taxonomy":"product_cat","embeddable":true,"href":"https:\/\/www.winespiritscollection.com\/fr\/wp-json\/wp\/v2\/product_cat?post=1680"},{"taxonomy":"product_tag","embeddable":true,"href":"https:\/\/www.winespiritscollection.com\/fr\/wp-json\/wp\/v2\/product_tag?post=1680"}],"curies":[{"name":"wp","href":"https:\/\/api.w.org\/{rel}","templated":true}]}}