{"id":1695,"date":"2025-04-07T14:49:56","date_gmt":"2025-04-07T12:49:56","guid":{"rendered":"https:\/\/www.winespiritscollection.com\/producto\/vin-rouge-marques-de-riscal-1968-crianza-75cl\/"},"modified":"2025-04-07T14:49:56","modified_gmt":"2025-04-07T12:49:56","slug":"vin-rouge-marques-de-riscal-1968-crianza-75cl","status":"publish","type":"product","link":"https:\/\/www.winespiritscollection.com\/fr\/producto\/vin-rouge-marques-de-riscal-1968-crianza-75cl\/","title":{"rendered":"Vin rouge Marques de Riscal 1968. Crianza. 75cl"},"content":{"rendered":"<p>Marqu\u00e9s de Riscal 1968 est un vin embl\u00e9matique de l&#8217;appellation d&#8217;origine Rioja, produit par la prestigieuse cave Marqu\u00e9s de Riscal, l&#8217;une des plus anciennes et des plus renomm\u00e9es de la r\u00e9gion. Ce vin, r\u00e9f\u00e9rence de la viticulture espagnole, se distingue par son \u00e2ge et son \u00e9volution, \u00e9tant un v\u00e9ritable joyau pour les amateurs de vins \u00e0 grande capacit\u00e9 de vieillissement. Marqu\u00e9s de Riscal 1968 est un classique qui a \u00e9t\u00e9 \u00e9labor\u00e9 principalement \u00e0 partir de raisins Tempranillo, bien qu&#8217;il puisse \u00e9galement contenir d&#8217;autres vari\u00e9t\u00e9s indig\u00e8nes de la r\u00e9gion telles que le Graciano et le Mazuelo.  <\/p>\n<p>Nos produits sont d&#8217;anciennes bouteilles de collection. Elles ont \u00e9t\u00e9 conserv\u00e9es en cave, mais nous ne pouvons garantir leur consommation. \u00c0 consommer avec mod\u00e9ration. R\u00e9serv\u00e9 aux adultes.   <\/p>\n","protected":false},"excerpt":{"rendered":"<p>Cave : H\u00c9RITIERS DU MARQU\u00c9S DE RISCAL<br \/>\nD.O.\/Zone : D.O.RIOJA<br \/>\nPays : Espagne<br \/>\nLocalisation : L&#8217;AVEUGLE<br \/>\nType de vin : Rouge<br \/>\nParentalit\u00e9 : Avec la parentalit\u00e9<br \/>\nGraduation (vol) : 14 %<br \/>\nCapacit\u00e9 : 75 cl<br \/>\nC\u00e9pages : Tempranillo<br \/>\nCONTIENT DU SULFITE<\/p>\n","protected":false},"featured_media":1684,"comment_status":"closed","ping_status":"closed","template":"","meta":{"_acf_changed":false,"_glsr_average":0,"_glsr_ranking":0,"_glsr_reviews":0,"_joinchat":[]},"product_brand":[],"product_cat":[119],"product_tag":[187,138,162,232],"class_list":{"0":"post-1695","1":"product","2":"type-product","3":"status-publish","4":"has-post-thumbnail","6":"product_cat-rioja-fr","7":"product_tag-crianza-fr","8":"product_tag-red-wine-fr","9":"product_tag-rioja-fr","10":"product_tag-vin-rouge","12":"first","13":"instock","14":"taxable","15":"shipping-taxable","16":"purchasable","17":"product-type-simple"},"acf":[],"yoast_head":"<!-- This site is optimized with the Yoast SEO plugin v27.2 - https:\/\/yoast.com\/product\/yoast-seo-wordpress\/ -->\n<title>Vin rouge Marques de Riscal 1968. Crianza. 75cl - Wine Spirits Collection<\/title>\n<meta name=\"description\" content=\"Marqu\u00e9s de Riscal 1968 est un vin de Rioja d&#039;une grande complexit\u00e9, \u00e9labor\u00e9 principalement \u00e0 partir de Tempranillo. Avec une maturation de plus de 50 ans,\" \/>\n<meta name=\"robots\" content=\"index, follow, max-snippet:-1, max-image-preview:large, max-video-preview:-1\" \/>\n<link rel=\"canonical\" href=\"https:\/\/www.winespiritscollection.com\/fr\/producto\/vin-rouge-marques-de-riscal-1968-crianza-75cl\/\" \/>\n<meta property=\"og:locale\" content=\"fr_FR\" \/>\n<meta property=\"og:type\" content=\"article\" \/>\n<meta property=\"og:title\" content=\"Vin rouge Marques de Riscal 1968. Crianza. 75cl - Wine Spirits Collection\" \/>\n<meta property=\"og:description\" content=\"Marqu\u00e9s de Riscal 1968 est un vin de Rioja d&#039;une grande complexit\u00e9, \u00e9labor\u00e9 principalement \u00e0 partir de Tempranillo. Avec une maturation de plus de 50 ans,\" \/>\n<meta property=\"og:url\" content=\"https:\/\/www.winespiritscollection.com\/fr\/producto\/vin-rouge-marques-de-riscal-1968-crianza-75cl\/\" \/>\n<meta property=\"og:site_name\" content=\"Wine Spirits Collection\" \/>\n<meta property=\"og:image\" content=\"https:\/\/www.winespiritscollection.com\/wp-content\/uploads\/2025\/04\/P1190112-removebg-preview.png\" \/>\n\t<meta property=\"og:image:width\" content=\"375\" \/>\n\t<meta property=\"og:image:height\" content=\"666\" \/>\n\t<meta property=\"og:image:type\" content=\"image\/png\" \/>\n<meta name=\"twitter:card\" content=\"summary_large_image\" \/>\n<meta name=\"twitter:label1\" content=\"Dur\u00e9e de lecture estim\u00e9e\" \/>\n\t<meta name=\"twitter:data1\" content=\"1 minute\" \/>\n<script type=\"application\/ld+json\" class=\"yoast-schema-graph\">{\"@context\":\"https:\/\/schema.org\",\"@graph\":[{\"@type\":\"WebPage\",\"@id\":\"https:\/\/www.winespiritscollection.com\/fr\/producto\/vin-rouge-marques-de-riscal-1968-crianza-75cl\/\",\"url\":\"https:\/\/www.winespiritscollection.com\/fr\/producto\/vin-rouge-marques-de-riscal-1968-crianza-75cl\/\",\"name\":\"Vin rouge Marques de Riscal 1968. Crianza. 75cl - Wine Spirits Collection\",\"isPartOf\":{\"@id\":\"https:\/\/www.winespiritscollection.com\/fr\/#website\"},\"primaryImageOfPage\":{\"@id\":\"https:\/\/www.winespiritscollection.com\/fr\/producto\/vin-rouge-marques-de-riscal-1968-crianza-75cl\/#primaryimage\"},\"image\":{\"@id\":\"https:\/\/www.winespiritscollection.com\/fr\/producto\/vin-rouge-marques-de-riscal-1968-crianza-75cl\/#primaryimage\"},\"thumbnailUrl\":\"https:\/\/www.winespiritscollection.com\/wp-content\/uploads\/2025\/04\/P1190112-removebg-preview.png\",\"datePublished\":\"2025-04-07T12:49:56+00:00\",\"description\":\"Marqu\u00e9s de Riscal 1968 est un vin de Rioja d'une grande complexit\u00e9, \u00e9labor\u00e9 principalement \u00e0 partir de Tempranillo. Avec une maturation de plus de 50 ans,\",\"breadcrumb\":{\"@id\":\"https:\/\/www.winespiritscollection.com\/fr\/producto\/vin-rouge-marques-de-riscal-1968-crianza-75cl\/#breadcrumb\"},\"inLanguage\":\"fr-FR\",\"potentialAction\":[{\"@type\":\"ReadAction\",\"target\":[\"https:\/\/www.winespiritscollection.com\/fr\/producto\/vin-rouge-marques-de-riscal-1968-crianza-75cl\/\"]}]},{\"@type\":\"ImageObject\",\"inLanguage\":\"fr-FR\",\"@id\":\"https:\/\/www.winespiritscollection.com\/fr\/producto\/vin-rouge-marques-de-riscal-1968-crianza-75cl\/#primaryimage\",\"url\":\"https:\/\/www.winespiritscollection.com\/wp-content\/uploads\/2025\/04\/P1190112-removebg-preview.png\",\"contentUrl\":\"https:\/\/www.winespiritscollection.com\/wp-content\/uploads\/2025\/04\/P1190112-removebg-preview.png\",\"width\":375,\"height\":666},{\"@type\":\"BreadcrumbList\",\"@id\":\"https:\/\/www.winespiritscollection.com\/fr\/producto\/vin-rouge-marques-de-riscal-1968-crianza-75cl\/#breadcrumb\",\"itemListElement\":[{\"@type\":\"ListItem\",\"position\":1,\"name\":\"Portada\",\"item\":\"https:\/\/www.winespiritscollection.com\/fr\/\"},{\"@type\":\"ListItem\",\"position\":2,\"name\":\"Boutique\",\"item\":\"https:\/\/www.winespiritscollection.com\/fr\/boutique-de-vins-et-spiritueux\/\"},{\"@type\":\"ListItem\",\"position\":3,\"name\":\"Vin rouge Marques de Riscal 1968. Crianza. 75cl\"}]},{\"@type\":\"WebSite\",\"@id\":\"https:\/\/www.winespiritscollection.com\/fr\/#website\",\"url\":\"https:\/\/www.winespiritscollection.com\/fr\/\",\"name\":\"Wine Spirits Collection\",\"description\":\"\",\"publisher\":{\"@id\":\"https:\/\/www.winespiritscollection.com\/fr\/#organization\"},\"potentialAction\":[{\"@type\":\"SearchAction\",\"target\":{\"@type\":\"EntryPoint\",\"urlTemplate\":\"https:\/\/www.winespiritscollection.com\/fr\/?s={search_term_string}\"},\"query-input\":{\"@type\":\"PropertyValueSpecification\",\"valueRequired\":true,\"valueName\":\"search_term_string\"}}],\"inLanguage\":\"fr-FR\"},{\"@type\":\"Organization\",\"@id\":\"https:\/\/www.winespiritscollection.com\/fr\/#organization\",\"name\":\"Wine Spirits Collection\",\"url\":\"https:\/\/www.winespiritscollection.com\/fr\/\",\"logo\":{\"@type\":\"ImageObject\",\"inLanguage\":\"fr-FR\",\"@id\":\"https:\/\/www.winespiritscollection.com\/fr\/#\/schema\/logo\/image\/\",\"url\":\"https:\/\/www.winespiritscollection.com\/wp-content\/uploads\/2024\/03\/cropped-WINE_SPIRITS-LOGO-PRINCIPAL-NEGRE.png\",\"contentUrl\":\"https:\/\/www.winespiritscollection.com\/wp-content\/uploads\/2024\/03\/cropped-WINE_SPIRITS-LOGO-PRINCIPAL-NEGRE.png\",\"width\":2098,\"height\":1368,\"caption\":\"Wine Spirits Collection\"},\"image\":{\"@id\":\"https:\/\/www.winespiritscollection.com\/fr\/#\/schema\/logo\/image\/\"}}]}<\/script>\n<!-- \/ Yoast SEO plugin. -->","yoast_head_json":{"title":"Vin rouge Marques de Riscal 1968. Crianza. 75cl - Wine Spirits Collection","description":"Marqu\u00e9s de Riscal 1968 est un vin de Rioja d'une grande complexit\u00e9, \u00e9labor\u00e9 principalement \u00e0 partir de Tempranillo. Avec une maturation de plus de 50 ans,","robots":{"index":"index","follow":"follow","max-snippet":"max-snippet:-1","max-image-preview":"max-image-preview:large","max-video-preview":"max-video-preview:-1"},"canonical":"https:\/\/www.winespiritscollection.com\/fr\/producto\/vin-rouge-marques-de-riscal-1968-crianza-75cl\/","og_locale":"fr_FR","og_type":"article","og_title":"Vin rouge Marques de Riscal 1968. Crianza. 75cl - Wine Spirits Collection","og_description":"Marqu\u00e9s de Riscal 1968 est un vin de Rioja d'une grande complexit\u00e9, \u00e9labor\u00e9 principalement \u00e0 partir de Tempranillo. Avec une maturation de plus de 50 ans,","og_url":"https:\/\/www.winespiritscollection.com\/fr\/producto\/vin-rouge-marques-de-riscal-1968-crianza-75cl\/","og_site_name":"Wine Spirits Collection","og_image":[{"width":375,"height":666,"url":"https:\/\/www.winespiritscollection.com\/wp-content\/uploads\/2025\/04\/P1190112-removebg-preview.png","type":"image\/png"}],"twitter_card":"summary_large_image","twitter_misc":{"Dur\u00e9e de lecture estim\u00e9e":"1 minute"},"schema":{"@context":"https:\/\/schema.org","@graph":[{"@type":"WebPage","@id":"https:\/\/www.winespiritscollection.com\/fr\/producto\/vin-rouge-marques-de-riscal-1968-crianza-75cl\/","url":"https:\/\/www.winespiritscollection.com\/fr\/producto\/vin-rouge-marques-de-riscal-1968-crianza-75cl\/","name":"Vin rouge Marques de Riscal 1968. Crianza. 75cl - Wine Spirits Collection","isPartOf":{"@id":"https:\/\/www.winespiritscollection.com\/fr\/#website"},"primaryImageOfPage":{"@id":"https:\/\/www.winespiritscollection.com\/fr\/producto\/vin-rouge-marques-de-riscal-1968-crianza-75cl\/#primaryimage"},"image":{"@id":"https:\/\/www.winespiritscollection.com\/fr\/producto\/vin-rouge-marques-de-riscal-1968-crianza-75cl\/#primaryimage"},"thumbnailUrl":"https:\/\/www.winespiritscollection.com\/wp-content\/uploads\/2025\/04\/P1190112-removebg-preview.png","datePublished":"2025-04-07T12:49:56+00:00","description":"Marqu\u00e9s de Riscal 1968 est un vin de Rioja d'une grande complexit\u00e9, \u00e9labor\u00e9 principalement \u00e0 partir de Tempranillo. Avec une maturation de plus de 50 ans,","breadcrumb":{"@id":"https:\/\/www.winespiritscollection.com\/fr\/producto\/vin-rouge-marques-de-riscal-1968-crianza-75cl\/#breadcrumb"},"inLanguage":"fr-FR","potentialAction":[{"@type":"ReadAction","target":["https:\/\/www.winespiritscollection.com\/fr\/producto\/vin-rouge-marques-de-riscal-1968-crianza-75cl\/"]}]},{"@type":"ImageObject","inLanguage":"fr-FR","@id":"https:\/\/www.winespiritscollection.com\/fr\/producto\/vin-rouge-marques-de-riscal-1968-crianza-75cl\/#primaryimage","url":"https:\/\/www.winespiritscollection.com\/wp-content\/uploads\/2025\/04\/P1190112-removebg-preview.png","contentUrl":"https:\/\/www.winespiritscollection.com\/wp-content\/uploads\/2025\/04\/P1190112-removebg-preview.png","width":375,"height":666},{"@type":"BreadcrumbList","@id":"https:\/\/www.winespiritscollection.com\/fr\/producto\/vin-rouge-marques-de-riscal-1968-crianza-75cl\/#breadcrumb","itemListElement":[{"@type":"ListItem","position":1,"name":"Portada","item":"https:\/\/www.winespiritscollection.com\/fr\/"},{"@type":"ListItem","position":2,"name":"Boutique","item":"https:\/\/www.winespiritscollection.com\/fr\/boutique-de-vins-et-spiritueux\/"},{"@type":"ListItem","position":3,"name":"Vin rouge Marques de Riscal 1968. Crianza. 75cl"}]},{"@type":"WebSite","@id":"https:\/\/www.winespiritscollection.com\/fr\/#website","url":"https:\/\/www.winespiritscollection.com\/fr\/","name":"Wine Spirits Collection","description":"","publisher":{"@id":"https:\/\/www.winespiritscollection.com\/fr\/#organization"},"potentialAction":[{"@type":"SearchAction","target":{"@type":"EntryPoint","urlTemplate":"https:\/\/www.winespiritscollection.com\/fr\/?s={search_term_string}"},"query-input":{"@type":"PropertyValueSpecification","valueRequired":true,"valueName":"search_term_string"}}],"inLanguage":"fr-FR"},{"@type":"Organization","@id":"https:\/\/www.winespiritscollection.com\/fr\/#organization","name":"Wine Spirits Collection","url":"https:\/\/www.winespiritscollection.com\/fr\/","logo":{"@type":"ImageObject","inLanguage":"fr-FR","@id":"https:\/\/www.winespiritscollection.com\/fr\/#\/schema\/logo\/image\/","url":"https:\/\/www.winespiritscollection.com\/wp-content\/uploads\/2024\/03\/cropped-WINE_SPIRITS-LOGO-PRINCIPAL-NEGRE.png","contentUrl":"https:\/\/www.winespiritscollection.com\/wp-content\/uploads\/2024\/03\/cropped-WINE_SPIRITS-LOGO-PRINCIPAL-NEGRE.png","width":2098,"height":1368,"caption":"Wine Spirits Collection"},"image":{"@id":"https:\/\/www.winespiritscollection.com\/fr\/#\/schema\/logo\/image\/"}}]}},"_links":{"self":[{"href":"https:\/\/www.winespiritscollection.com\/fr\/wp-json\/wp\/v2\/product\/1695","targetHints":{"allow":["GET"]}}],"collection":[{"href":"https:\/\/www.winespiritscollection.com\/fr\/wp-json\/wp\/v2\/product"}],"about":[{"href":"https:\/\/www.winespiritscollection.com\/fr\/wp-json\/wp\/v2\/types\/product"}],"replies":[{"embeddable":true,"href":"https:\/\/www.winespiritscollection.com\/fr\/wp-json\/wp\/v2\/comments?post=1695"}],"wp:featuredmedia":[{"embeddable":true,"href":"https:\/\/www.winespiritscollection.com\/fr\/wp-json\/wp\/v2\/media\/1684"}],"wp:attachment":[{"href":"https:\/\/www.winespiritscollection.com\/fr\/wp-json\/wp\/v2\/media?parent=1695"}],"wp:term":[{"taxonomy":"product_brand","embeddable":true,"href":"https:\/\/www.winespiritscollection.com\/fr\/wp-json\/wp\/v2\/product_brand?post=1695"},{"taxonomy":"product_cat","embeddable":true,"href":"https:\/\/www.winespiritscollection.com\/fr\/wp-json\/wp\/v2\/product_cat?post=1695"},{"taxonomy":"product_tag","embeddable":true,"href":"https:\/\/www.winespiritscollection.com\/fr\/wp-json\/wp\/v2\/product_tag?post=1695"}],"curies":[{"name":"wp","href":"https:\/\/api.w.org\/{rel}","templated":true}]}}