{"id":1770,"date":"2025-04-09T13:00:33","date_gmt":"2025-04-09T11:00:33","guid":{"rendered":"https:\/\/www.winespiritscollection.com\/producto\/marquis-de-murrieta-ygay-vin-rouge-reserve-1999-rioja-75cl\/"},"modified":"2025-04-09T13:00:33","modified_gmt":"2025-04-09T11:00:33","slug":"marquis-de-murrieta-ygay-vin-rouge-reserve-1999-rioja-75cl","status":"publish","type":"product","link":"https:\/\/www.winespiritscollection.com\/fr\/producto\/marquis-de-murrieta-ygay-vin-rouge-reserve-1999-rioja-75cl\/","title":{"rendered":"Marquis de Murrieta YGAY . vin rouge. R\u00e9serve 1999. Rioja. 75cl"},"content":{"rendered":"<p>El Castillo Ygay Reserva Especial 1999 est un vin qui refl\u00e8te l&#8217;essence la plus pure de la tradition de la Rioja et la ma\u00eetrise vinicole de Marqu\u00e9s de Murrieta, l&#8217;un des domaines viticoles les plus anciens et les plus prestigieux d&#8217;Espagne. Produit uniquement lors de mill\u00e9simes exceptionnels, ce vin est le r\u00e9sultat d&#8217;une s\u00e9lection rigoureuse de raisins provenant du vignoble historique Finca Ygay, situ\u00e9 dans la Rioja Alta, o\u00f9 le climat continental et les sols argilo-calcaires cr\u00e9ent un environnement id\u00e9al pour des vins de longue garde et complexes. Le mill\u00e9sime 1999 s&#8217;est caract\u00e9ris\u00e9 par un cycle de croissance \u00e9quilibr\u00e9 et des conditions climatiques favorables qui ont permis une maturation lente et compl\u00e8te des raisins, donnant lieu \u00e0 une r\u00e9colte d&#8217;excellente qualit\u00e9. Nos produits sont des bouteilles de collection vintage. Ils ont \u00e9t\u00e9 conserv\u00e9s en cave, mais nous ne pouvons garantir leur consommation. Consommation responsable. Convient uniquement aux adultes.    <\/p>\n","protected":false},"excerpt":{"rendered":"<ul>\n<li>Domaine viticole : Marqu\u00e9s de Murrieta, S.A.<\/li>\n<li>Appellation d&#8217;origine : D.O.Ca Rioja<\/li>\n<li>Pays : Espagne<\/li>\n<li>Type de vin : Reserva Rouge<\/li>\n<li>Mill\u00e9sime : 1999<\/li>\n<li>C\u00e9pages : 85% Tempranillo, 8% Mazuelo, 7% Garnacha Tinta<\/li>\n<li>Teneur en alcool : 13 % vol.<\/li>\n<li>Production : Agriculture conventionnelle avec un \u00e2ge moyen des vignes de 30 ans<\/li>\n<\/ul>\n","protected":false},"featured_media":1755,"comment_status":"closed","ping_status":"closed","template":"","meta":{"_acf_changed":false,"_glsr_average":0,"_glsr_ranking":0,"_glsr_reviews":0,"_joinchat":[]},"product_brand":[],"product_cat":[119],"product_tag":[],"class_list":{"0":"post-1770","1":"product","2":"type-product","3":"status-publish","4":"has-post-thumbnail","6":"product_cat-rioja-fr","8":"first","9":"instock","10":"taxable","11":"shipping-taxable","12":"purchasable","13":"product-type-simple"},"acf":[],"yoast_head":"<!-- This site is optimized with the Yoast SEO plugin v27.2 - https:\/\/yoast.com\/product\/yoast-seo-wordpress\/ -->\n<title>Marquis de Murrieta YGAY . vin rouge. R\u00e9serve 1999. Rioja. 75cl - Wine Spirits Collection<\/title>\n<meta name=\"description\" content=\"D\u00e9couvrez Marqu\u00e9s de Murrieta Reserva 1999, un vin rouge de la Rioja classique, \u00e9l\u00e9gant et complexe. \u00c9labor\u00e9 avec du Tempranillo et vieilli en f\u00fbt de ch\u00eane\" \/>\n<meta name=\"robots\" content=\"index, follow, max-snippet:-1, max-image-preview:large, max-video-preview:-1\" \/>\n<link rel=\"canonical\" href=\"https:\/\/www.winespiritscollection.com\/fr\/producto\/marquis-de-murrieta-ygay-vin-rouge-reserve-1999-rioja-75cl\/\" \/>\n<meta property=\"og:locale\" content=\"fr_FR\" \/>\n<meta property=\"og:type\" content=\"article\" \/>\n<meta property=\"og:title\" content=\"Marquis de Murrieta YGAY . vin rouge. R\u00e9serve 1999. Rioja. 75cl - Wine Spirits Collection\" \/>\n<meta property=\"og:description\" content=\"D\u00e9couvrez Marqu\u00e9s de Murrieta Reserva 1999, un vin rouge de la Rioja classique, \u00e9l\u00e9gant et complexe. \u00c9labor\u00e9 avec du Tempranillo et vieilli en f\u00fbt de ch\u00eane\" \/>\n<meta property=\"og:url\" content=\"https:\/\/www.winespiritscollection.com\/fr\/producto\/marquis-de-murrieta-ygay-vin-rouge-reserve-1999-rioja-75cl\/\" \/>\n<meta property=\"og:site_name\" content=\"Wine Spirits Collection\" \/>\n<meta property=\"og:image\" content=\"https:\/\/www.winespiritscollection.com\/wp-content\/uploads\/2025\/04\/P1190191-removebg-preview.png\" \/>\n\t<meta property=\"og:image:width\" content=\"375\" \/>\n\t<meta property=\"og:image:height\" content=\"666\" \/>\n\t<meta property=\"og:image:type\" content=\"image\/png\" \/>\n<meta name=\"twitter:card\" content=\"summary_large_image\" \/>\n<meta name=\"twitter:label1\" content=\"Dur\u00e9e de lecture estim\u00e9e\" \/>\n\t<meta name=\"twitter:data1\" content=\"1 minute\" \/>\n<script type=\"application\/ld+json\" class=\"yoast-schema-graph\">{\"@context\":\"https:\/\/schema.org\",\"@graph\":[{\"@type\":\"WebPage\",\"@id\":\"https:\/\/www.winespiritscollection.com\/fr\/producto\/marquis-de-murrieta-ygay-vin-rouge-reserve-1999-rioja-75cl\/\",\"url\":\"https:\/\/www.winespiritscollection.com\/fr\/producto\/marquis-de-murrieta-ygay-vin-rouge-reserve-1999-rioja-75cl\/\",\"name\":\"Marquis de Murrieta YGAY . vin rouge. R\u00e9serve 1999. Rioja. 75cl - Wine Spirits Collection\",\"isPartOf\":{\"@id\":\"https:\/\/www.winespiritscollection.com\/fr\/#website\"},\"primaryImageOfPage\":{\"@id\":\"https:\/\/www.winespiritscollection.com\/fr\/producto\/marquis-de-murrieta-ygay-vin-rouge-reserve-1999-rioja-75cl\/#primaryimage\"},\"image\":{\"@id\":\"https:\/\/www.winespiritscollection.com\/fr\/producto\/marquis-de-murrieta-ygay-vin-rouge-reserve-1999-rioja-75cl\/#primaryimage\"},\"thumbnailUrl\":\"https:\/\/www.winespiritscollection.com\/wp-content\/uploads\/2025\/04\/P1190191-removebg-preview.png\",\"datePublished\":\"2025-04-09T11:00:33+00:00\",\"description\":\"D\u00e9couvrez Marqu\u00e9s de Murrieta Reserva 1999, un vin rouge de la Rioja classique, \u00e9l\u00e9gant et complexe. \u00c9labor\u00e9 avec du Tempranillo et vieilli en f\u00fbt de ch\u00eane\",\"breadcrumb\":{\"@id\":\"https:\/\/www.winespiritscollection.com\/fr\/producto\/marquis-de-murrieta-ygay-vin-rouge-reserve-1999-rioja-75cl\/#breadcrumb\"},\"inLanguage\":\"fr-FR\",\"potentialAction\":[{\"@type\":\"ReadAction\",\"target\":[\"https:\/\/www.winespiritscollection.com\/fr\/producto\/marquis-de-murrieta-ygay-vin-rouge-reserve-1999-rioja-75cl\/\"]}]},{\"@type\":\"ImageObject\",\"inLanguage\":\"fr-FR\",\"@id\":\"https:\/\/www.winespiritscollection.com\/fr\/producto\/marquis-de-murrieta-ygay-vin-rouge-reserve-1999-rioja-75cl\/#primaryimage\",\"url\":\"https:\/\/www.winespiritscollection.com\/wp-content\/uploads\/2025\/04\/P1190191-removebg-preview.png\",\"contentUrl\":\"https:\/\/www.winespiritscollection.com\/wp-content\/uploads\/2025\/04\/P1190191-removebg-preview.png\",\"width\":375,\"height\":666},{\"@type\":\"BreadcrumbList\",\"@id\":\"https:\/\/www.winespiritscollection.com\/fr\/producto\/marquis-de-murrieta-ygay-vin-rouge-reserve-1999-rioja-75cl\/#breadcrumb\",\"itemListElement\":[{\"@type\":\"ListItem\",\"position\":1,\"name\":\"Portada\",\"item\":\"https:\/\/www.winespiritscollection.com\/fr\/\"},{\"@type\":\"ListItem\",\"position\":2,\"name\":\"Boutique\",\"item\":\"https:\/\/www.winespiritscollection.com\/fr\/boutique-de-vins-et-spiritueux\/\"},{\"@type\":\"ListItem\",\"position\":3,\"name\":\"Marquis de Murrieta YGAY . vin rouge. R\u00e9serve 1999. Rioja. 75cl\"}]},{\"@type\":\"WebSite\",\"@id\":\"https:\/\/www.winespiritscollection.com\/fr\/#website\",\"url\":\"https:\/\/www.winespiritscollection.com\/fr\/\",\"name\":\"Wine Spirits Collection\",\"description\":\"\",\"publisher\":{\"@id\":\"https:\/\/www.winespiritscollection.com\/fr\/#organization\"},\"potentialAction\":[{\"@type\":\"SearchAction\",\"target\":{\"@type\":\"EntryPoint\",\"urlTemplate\":\"https:\/\/www.winespiritscollection.com\/fr\/?s={search_term_string}\"},\"query-input\":{\"@type\":\"PropertyValueSpecification\",\"valueRequired\":true,\"valueName\":\"search_term_string\"}}],\"inLanguage\":\"fr-FR\"},{\"@type\":\"Organization\",\"@id\":\"https:\/\/www.winespiritscollection.com\/fr\/#organization\",\"name\":\"Wine Spirits Collection\",\"url\":\"https:\/\/www.winespiritscollection.com\/fr\/\",\"logo\":{\"@type\":\"ImageObject\",\"inLanguage\":\"fr-FR\",\"@id\":\"https:\/\/www.winespiritscollection.com\/fr\/#\/schema\/logo\/image\/\",\"url\":\"https:\/\/www.winespiritscollection.com\/wp-content\/uploads\/2024\/03\/cropped-WINE_SPIRITS-LOGO-PRINCIPAL-NEGRE.png\",\"contentUrl\":\"https:\/\/www.winespiritscollection.com\/wp-content\/uploads\/2024\/03\/cropped-WINE_SPIRITS-LOGO-PRINCIPAL-NEGRE.png\",\"width\":2098,\"height\":1368,\"caption\":\"Wine Spirits Collection\"},\"image\":{\"@id\":\"https:\/\/www.winespiritscollection.com\/fr\/#\/schema\/logo\/image\/\"}}]}<\/script>\n<!-- \/ Yoast SEO plugin. -->","yoast_head_json":{"title":"Marquis de Murrieta YGAY . vin rouge. R\u00e9serve 1999. Rioja. 75cl - Wine Spirits Collection","description":"D\u00e9couvrez Marqu\u00e9s de Murrieta Reserva 1999, un vin rouge de la Rioja classique, \u00e9l\u00e9gant et complexe. \u00c9labor\u00e9 avec du Tempranillo et vieilli en f\u00fbt de ch\u00eane","robots":{"index":"index","follow":"follow","max-snippet":"max-snippet:-1","max-image-preview":"max-image-preview:large","max-video-preview":"max-video-preview:-1"},"canonical":"https:\/\/www.winespiritscollection.com\/fr\/producto\/marquis-de-murrieta-ygay-vin-rouge-reserve-1999-rioja-75cl\/","og_locale":"fr_FR","og_type":"article","og_title":"Marquis de Murrieta YGAY . vin rouge. R\u00e9serve 1999. Rioja. 75cl - Wine Spirits Collection","og_description":"D\u00e9couvrez Marqu\u00e9s de Murrieta Reserva 1999, un vin rouge de la Rioja classique, \u00e9l\u00e9gant et complexe. \u00c9labor\u00e9 avec du Tempranillo et vieilli en f\u00fbt de ch\u00eane","og_url":"https:\/\/www.winespiritscollection.com\/fr\/producto\/marquis-de-murrieta-ygay-vin-rouge-reserve-1999-rioja-75cl\/","og_site_name":"Wine Spirits Collection","og_image":[{"width":375,"height":666,"url":"https:\/\/www.winespiritscollection.com\/wp-content\/uploads\/2025\/04\/P1190191-removebg-preview.png","type":"image\/png"}],"twitter_card":"summary_large_image","twitter_misc":{"Dur\u00e9e de lecture estim\u00e9e":"1 minute"},"schema":{"@context":"https:\/\/schema.org","@graph":[{"@type":"WebPage","@id":"https:\/\/www.winespiritscollection.com\/fr\/producto\/marquis-de-murrieta-ygay-vin-rouge-reserve-1999-rioja-75cl\/","url":"https:\/\/www.winespiritscollection.com\/fr\/producto\/marquis-de-murrieta-ygay-vin-rouge-reserve-1999-rioja-75cl\/","name":"Marquis de Murrieta YGAY . vin rouge. R\u00e9serve 1999. Rioja. 75cl - Wine Spirits Collection","isPartOf":{"@id":"https:\/\/www.winespiritscollection.com\/fr\/#website"},"primaryImageOfPage":{"@id":"https:\/\/www.winespiritscollection.com\/fr\/producto\/marquis-de-murrieta-ygay-vin-rouge-reserve-1999-rioja-75cl\/#primaryimage"},"image":{"@id":"https:\/\/www.winespiritscollection.com\/fr\/producto\/marquis-de-murrieta-ygay-vin-rouge-reserve-1999-rioja-75cl\/#primaryimage"},"thumbnailUrl":"https:\/\/www.winespiritscollection.com\/wp-content\/uploads\/2025\/04\/P1190191-removebg-preview.png","datePublished":"2025-04-09T11:00:33+00:00","description":"D\u00e9couvrez Marqu\u00e9s de Murrieta Reserva 1999, un vin rouge de la Rioja classique, \u00e9l\u00e9gant et complexe. \u00c9labor\u00e9 avec du Tempranillo et vieilli en f\u00fbt de ch\u00eane","breadcrumb":{"@id":"https:\/\/www.winespiritscollection.com\/fr\/producto\/marquis-de-murrieta-ygay-vin-rouge-reserve-1999-rioja-75cl\/#breadcrumb"},"inLanguage":"fr-FR","potentialAction":[{"@type":"ReadAction","target":["https:\/\/www.winespiritscollection.com\/fr\/producto\/marquis-de-murrieta-ygay-vin-rouge-reserve-1999-rioja-75cl\/"]}]},{"@type":"ImageObject","inLanguage":"fr-FR","@id":"https:\/\/www.winespiritscollection.com\/fr\/producto\/marquis-de-murrieta-ygay-vin-rouge-reserve-1999-rioja-75cl\/#primaryimage","url":"https:\/\/www.winespiritscollection.com\/wp-content\/uploads\/2025\/04\/P1190191-removebg-preview.png","contentUrl":"https:\/\/www.winespiritscollection.com\/wp-content\/uploads\/2025\/04\/P1190191-removebg-preview.png","width":375,"height":666},{"@type":"BreadcrumbList","@id":"https:\/\/www.winespiritscollection.com\/fr\/producto\/marquis-de-murrieta-ygay-vin-rouge-reserve-1999-rioja-75cl\/#breadcrumb","itemListElement":[{"@type":"ListItem","position":1,"name":"Portada","item":"https:\/\/www.winespiritscollection.com\/fr\/"},{"@type":"ListItem","position":2,"name":"Boutique","item":"https:\/\/www.winespiritscollection.com\/fr\/boutique-de-vins-et-spiritueux\/"},{"@type":"ListItem","position":3,"name":"Marquis de Murrieta YGAY . vin rouge. R\u00e9serve 1999. Rioja. 75cl"}]},{"@type":"WebSite","@id":"https:\/\/www.winespiritscollection.com\/fr\/#website","url":"https:\/\/www.winespiritscollection.com\/fr\/","name":"Wine Spirits Collection","description":"","publisher":{"@id":"https:\/\/www.winespiritscollection.com\/fr\/#organization"},"potentialAction":[{"@type":"SearchAction","target":{"@type":"EntryPoint","urlTemplate":"https:\/\/www.winespiritscollection.com\/fr\/?s={search_term_string}"},"query-input":{"@type":"PropertyValueSpecification","valueRequired":true,"valueName":"search_term_string"}}],"inLanguage":"fr-FR"},{"@type":"Organization","@id":"https:\/\/www.winespiritscollection.com\/fr\/#organization","name":"Wine Spirits Collection","url":"https:\/\/www.winespiritscollection.com\/fr\/","logo":{"@type":"ImageObject","inLanguage":"fr-FR","@id":"https:\/\/www.winespiritscollection.com\/fr\/#\/schema\/logo\/image\/","url":"https:\/\/www.winespiritscollection.com\/wp-content\/uploads\/2024\/03\/cropped-WINE_SPIRITS-LOGO-PRINCIPAL-NEGRE.png","contentUrl":"https:\/\/www.winespiritscollection.com\/wp-content\/uploads\/2024\/03\/cropped-WINE_SPIRITS-LOGO-PRINCIPAL-NEGRE.png","width":2098,"height":1368,"caption":"Wine Spirits Collection"},"image":{"@id":"https:\/\/www.winespiritscollection.com\/fr\/#\/schema\/logo\/image\/"}}]}},"_links":{"self":[{"href":"https:\/\/www.winespiritscollection.com\/fr\/wp-json\/wp\/v2\/product\/1770","targetHints":{"allow":["GET"]}}],"collection":[{"href":"https:\/\/www.winespiritscollection.com\/fr\/wp-json\/wp\/v2\/product"}],"about":[{"href":"https:\/\/www.winespiritscollection.com\/fr\/wp-json\/wp\/v2\/types\/product"}],"replies":[{"embeddable":true,"href":"https:\/\/www.winespiritscollection.com\/fr\/wp-json\/wp\/v2\/comments?post=1770"}],"wp:featuredmedia":[{"embeddable":true,"href":"https:\/\/www.winespiritscollection.com\/fr\/wp-json\/wp\/v2\/media\/1755"}],"wp:attachment":[{"href":"https:\/\/www.winespiritscollection.com\/fr\/wp-json\/wp\/v2\/media?parent=1770"}],"wp:term":[{"taxonomy":"product_brand","embeddable":true,"href":"https:\/\/www.winespiritscollection.com\/fr\/wp-json\/wp\/v2\/product_brand?post=1770"},{"taxonomy":"product_cat","embeddable":true,"href":"https:\/\/www.winespiritscollection.com\/fr\/wp-json\/wp\/v2\/product_cat?post=1770"},{"taxonomy":"product_tag","embeddable":true,"href":"https:\/\/www.winespiritscollection.com\/fr\/wp-json\/wp\/v2\/product_tag?post=1770"}],"curies":[{"name":"wp","href":"https:\/\/api.w.org\/{rel}","templated":true}]}}