{"id":1808,"date":"2025-04-09T13:38:48","date_gmt":"2025-04-09T11:38:48","guid":{"rendered":"https:\/\/www.winespiritscollection.com\/producto\/vin-rouge-legaris-reserve-2005-ribera-du-duero-legaris-red-wine-reserva-2005-ribera-del-duero-75-cl\/"},"modified":"2025-04-09T13:38:48","modified_gmt":"2025-04-09T11:38:48","slug":"vin-rouge-legaris-reserve-2005-ribera-du-duero-legaris-red-wine-reserva-2005-ribera-del-duero-75-cl","status":"publish","type":"product","link":"https:\/\/www.winespiritscollection.com\/fr\/producto\/vin-rouge-legaris-reserve-2005-ribera-du-duero-legaris-red-wine-reserva-2005-ribera-del-duero-75-cl\/","title":{"rendered":"Vin rouge Legaris. R\u00e9serve 2005 . Ribera du Duero.Legaris red wine . Reserva 2005 . Ribera del Duero .   75 cl"},"content":{"rendered":"<p>El Legaris Reserva 2005 est un vin rouge de l&#8217;appellation d&#8217;origine Ribera del Duero, \u00e9labor\u00e9 par Bodegas Legaris. Ce mono-c\u00e9page de Tempranillo refl\u00e8te l&#8217;essence de la r\u00e9gion et le travail m\u00e9ticuleux du domaine. Les vendanges sont effectu\u00e9es manuellement, les raisins \u00e9tant s\u00e9lectionn\u00e9s \u00e0 leur point optimal de maturation. Une mac\u00e9ration \u00e0 froid permet d&#8217;extraire les ar\u00f4mes et la couleur. La fermentation alcoolique a lieu en cuves inox \u00e0 temp\u00e9rature contr\u00f4l\u00e9e. La fermentation malolactique est ensuite r\u00e9alis\u00e9e en f\u00fbts de ch\u00eane fran\u00e7ais neufs. L&#8217;\u00e9levage se poursuit pendant 13 mois en f\u00fbts neufs robustes de diff\u00e9rentes tonalit\u00e9s, grains et degr\u00e9s de chauffe, parfaitement charg\u00e9s et structur\u00e9s. Nos produits sont des bouteilles de collection mill\u00e9sim\u00e9es. Elles ont \u00e9t\u00e9 conserv\u00e9es en cave, mais nous ne pouvons garantir leur consommation. \u00c0 consommer avec mod\u00e9ration. R\u00e9serv\u00e9 aux adultes.        <\/p>\n","protected":false},"excerpt":{"rendered":"<p>Bodega : Legaris (Grupo Codorn\u00edu)<br \/>\nAppellation d&#8217;origine : Ribera del Duero (D.O.)<br \/>\nPays : Espagne<br \/>\nType de vin : Tinto Reserva<br \/>\nCanada : 2005<br \/>\nVari\u00e9t\u00e9 d&#8217;uva : 100% Tempranillo (Tinta Fina)<br \/>\n\u00c2ge de vie : Vins vieux (plus de 40 ans)<\/p>\n","protected":false},"featured_media":1793,"comment_status":"closed","ping_status":"closed","template":"","meta":{"_acf_changed":false,"_glsr_average":0,"_glsr_ranking":0,"_glsr_reviews":0,"_joinchat":[]},"product_brand":[],"product_cat":[118],"product_tag":[],"class_list":{"0":"post-1808","1":"product","2":"type-product","3":"status-publish","4":"has-post-thumbnail","6":"product_cat-ribera-del-duero-fr","8":"first","9":"instock","10":"taxable","11":"shipping-taxable","12":"purchasable","13":"product-type-simple"},"acf":[],"yoast_head":"<!-- This site is optimized with the Yoast SEO plugin v27.2 - https:\/\/yoast.com\/product\/yoast-seo-wordpress\/ -->\n<title>Vin rouge Legaris. R\u00e9serve 2005 . Ribera du Duero.Legaris red wine . Reserva 2005 . Ribera del Duero .  75 cl - Wine Spirits Collection<\/title>\n<meta name=\"description\" content=\"Legaris Reserva 2005 est un \u00e9l\u00e9gant vino tinto de Ribera del Duero, 100% Tempranillo, avec 13 mois en f\u00fbts de roble fran\u00e7ais\" \/>\n<meta name=\"robots\" content=\"index, follow, max-snippet:-1, max-image-preview:large, max-video-preview:-1\" \/>\n<link rel=\"canonical\" href=\"https:\/\/www.winespiritscollection.com\/fr\/producto\/vin-rouge-legaris-reserve-2005-ribera-du-duero-legaris-red-wine-reserva-2005-ribera-del-duero-75-cl\/\" \/>\n<meta property=\"og:locale\" content=\"fr_FR\" \/>\n<meta property=\"og:type\" content=\"article\" \/>\n<meta property=\"og:title\" content=\"Vin rouge Legaris. R\u00e9serve 2005 . Ribera du Duero.Legaris red wine . Reserva 2005 . Ribera del Duero .  75 cl - Wine Spirits Collection\" \/>\n<meta property=\"og:description\" content=\"Legaris Reserva 2005 est un \u00e9l\u00e9gant vino tinto de Ribera del Duero, 100% Tempranillo, avec 13 mois en f\u00fbts de roble fran\u00e7ais\" \/>\n<meta property=\"og:url\" content=\"https:\/\/www.winespiritscollection.com\/fr\/producto\/vin-rouge-legaris-reserve-2005-ribera-du-duero-legaris-red-wine-reserva-2005-ribera-del-duero-75-cl\/\" \/>\n<meta property=\"og:site_name\" content=\"Wine Spirits Collection\" \/>\n<meta property=\"og:image\" content=\"https:\/\/www.winespiritscollection.com\/wp-content\/uploads\/2025\/04\/P1190172-removebg-preview.png\" \/>\n\t<meta property=\"og:image:width\" content=\"375\" \/>\n\t<meta property=\"og:image:height\" content=\"666\" \/>\n\t<meta property=\"og:image:type\" content=\"image\/png\" \/>\n<meta name=\"twitter:card\" content=\"summary_large_image\" \/>\n<meta name=\"twitter:label1\" content=\"Dur\u00e9e de lecture estim\u00e9e\" \/>\n\t<meta name=\"twitter:data1\" content=\"1 minute\" \/>\n<script type=\"application\/ld+json\" class=\"yoast-schema-graph\">{\"@context\":\"https:\/\/schema.org\",\"@graph\":[{\"@type\":\"WebPage\",\"@id\":\"https:\/\/www.winespiritscollection.com\/fr\/producto\/vin-rouge-legaris-reserve-2005-ribera-du-duero-legaris-red-wine-reserva-2005-ribera-del-duero-75-cl\/\",\"url\":\"https:\/\/www.winespiritscollection.com\/fr\/producto\/vin-rouge-legaris-reserve-2005-ribera-du-duero-legaris-red-wine-reserva-2005-ribera-del-duero-75-cl\/\",\"name\":\"Vin rouge Legaris. R\u00e9serve 2005 . Ribera du Duero.Legaris red wine . Reserva 2005 . Ribera del Duero . 75 cl - Wine Spirits Collection\",\"isPartOf\":{\"@id\":\"https:\/\/www.winespiritscollection.com\/fr\/#website\"},\"primaryImageOfPage\":{\"@id\":\"https:\/\/www.winespiritscollection.com\/fr\/producto\/vin-rouge-legaris-reserve-2005-ribera-du-duero-legaris-red-wine-reserva-2005-ribera-del-duero-75-cl\/#primaryimage\"},\"image\":{\"@id\":\"https:\/\/www.winespiritscollection.com\/fr\/producto\/vin-rouge-legaris-reserve-2005-ribera-du-duero-legaris-red-wine-reserva-2005-ribera-del-duero-75-cl\/#primaryimage\"},\"thumbnailUrl\":\"https:\/\/www.winespiritscollection.com\/wp-content\/uploads\/2025\/04\/P1190172-removebg-preview.png\",\"datePublished\":\"2025-04-09T11:38:48+00:00\",\"description\":\"Legaris Reserva 2005 est un \u00e9l\u00e9gant vino tinto de Ribera del Duero, 100% Tempranillo, avec 13 mois en f\u00fbts de roble fran\u00e7ais\",\"breadcrumb\":{\"@id\":\"https:\/\/www.winespiritscollection.com\/fr\/producto\/vin-rouge-legaris-reserve-2005-ribera-du-duero-legaris-red-wine-reserva-2005-ribera-del-duero-75-cl\/#breadcrumb\"},\"inLanguage\":\"fr-FR\",\"potentialAction\":[{\"@type\":\"ReadAction\",\"target\":[\"https:\/\/www.winespiritscollection.com\/fr\/producto\/vin-rouge-legaris-reserve-2005-ribera-du-duero-legaris-red-wine-reserva-2005-ribera-del-duero-75-cl\/\"]}]},{\"@type\":\"ImageObject\",\"inLanguage\":\"fr-FR\",\"@id\":\"https:\/\/www.winespiritscollection.com\/fr\/producto\/vin-rouge-legaris-reserve-2005-ribera-du-duero-legaris-red-wine-reserva-2005-ribera-del-duero-75-cl\/#primaryimage\",\"url\":\"https:\/\/www.winespiritscollection.com\/wp-content\/uploads\/2025\/04\/P1190172-removebg-preview.png\",\"contentUrl\":\"https:\/\/www.winespiritscollection.com\/wp-content\/uploads\/2025\/04\/P1190172-removebg-preview.png\",\"width\":375,\"height\":666},{\"@type\":\"BreadcrumbList\",\"@id\":\"https:\/\/www.winespiritscollection.com\/fr\/producto\/vin-rouge-legaris-reserve-2005-ribera-du-duero-legaris-red-wine-reserva-2005-ribera-del-duero-75-cl\/#breadcrumb\",\"itemListElement\":[{\"@type\":\"ListItem\",\"position\":1,\"name\":\"Portada\",\"item\":\"https:\/\/www.winespiritscollection.com\/fr\/\"},{\"@type\":\"ListItem\",\"position\":2,\"name\":\"Boutique\",\"item\":\"https:\/\/www.winespiritscollection.com\/fr\/boutique-de-vins-et-spiritueux\/\"},{\"@type\":\"ListItem\",\"position\":3,\"name\":\"Vin rouge Legaris. R\u00e9serve 2005 . Ribera du Duero.Legaris red wine . Reserva 2005 . Ribera del Duero . 75 cl\"}]},{\"@type\":\"WebSite\",\"@id\":\"https:\/\/www.winespiritscollection.com\/fr\/#website\",\"url\":\"https:\/\/www.winespiritscollection.com\/fr\/\",\"name\":\"Wine Spirits Collection\",\"description\":\"\",\"publisher\":{\"@id\":\"https:\/\/www.winespiritscollection.com\/fr\/#organization\"},\"potentialAction\":[{\"@type\":\"SearchAction\",\"target\":{\"@type\":\"EntryPoint\",\"urlTemplate\":\"https:\/\/www.winespiritscollection.com\/fr\/?s={search_term_string}\"},\"query-input\":{\"@type\":\"PropertyValueSpecification\",\"valueRequired\":true,\"valueName\":\"search_term_string\"}}],\"inLanguage\":\"fr-FR\"},{\"@type\":\"Organization\",\"@id\":\"https:\/\/www.winespiritscollection.com\/fr\/#organization\",\"name\":\"Wine Spirits Collection\",\"url\":\"https:\/\/www.winespiritscollection.com\/fr\/\",\"logo\":{\"@type\":\"ImageObject\",\"inLanguage\":\"fr-FR\",\"@id\":\"https:\/\/www.winespiritscollection.com\/fr\/#\/schema\/logo\/image\/\",\"url\":\"https:\/\/www.winespiritscollection.com\/wp-content\/uploads\/2024\/03\/cropped-WINE_SPIRITS-LOGO-PRINCIPAL-NEGRE.png\",\"contentUrl\":\"https:\/\/www.winespiritscollection.com\/wp-content\/uploads\/2024\/03\/cropped-WINE_SPIRITS-LOGO-PRINCIPAL-NEGRE.png\",\"width\":2098,\"height\":1368,\"caption\":\"Wine Spirits Collection\"},\"image\":{\"@id\":\"https:\/\/www.winespiritscollection.com\/fr\/#\/schema\/logo\/image\/\"}}]}<\/script>\n<!-- \/ Yoast SEO plugin. -->","yoast_head_json":{"title":"Vin rouge Legaris. R\u00e9serve 2005 . Ribera du Duero.Legaris red wine . Reserva 2005 . Ribera del Duero .  75 cl - Wine Spirits Collection","description":"Legaris Reserva 2005 est un \u00e9l\u00e9gant vino tinto de Ribera del Duero, 100% Tempranillo, avec 13 mois en f\u00fbts de roble fran\u00e7ais","robots":{"index":"index","follow":"follow","max-snippet":"max-snippet:-1","max-image-preview":"max-image-preview:large","max-video-preview":"max-video-preview:-1"},"canonical":"https:\/\/www.winespiritscollection.com\/fr\/producto\/vin-rouge-legaris-reserve-2005-ribera-du-duero-legaris-red-wine-reserva-2005-ribera-del-duero-75-cl\/","og_locale":"fr_FR","og_type":"article","og_title":"Vin rouge Legaris. R\u00e9serve 2005 . Ribera du Duero.Legaris red wine . Reserva 2005 . Ribera del Duero .  75 cl - Wine Spirits Collection","og_description":"Legaris Reserva 2005 est un \u00e9l\u00e9gant vino tinto de Ribera del Duero, 100% Tempranillo, avec 13 mois en f\u00fbts de roble fran\u00e7ais","og_url":"https:\/\/www.winespiritscollection.com\/fr\/producto\/vin-rouge-legaris-reserve-2005-ribera-du-duero-legaris-red-wine-reserva-2005-ribera-del-duero-75-cl\/","og_site_name":"Wine Spirits Collection","og_image":[{"width":375,"height":666,"url":"https:\/\/www.winespiritscollection.com\/wp-content\/uploads\/2025\/04\/P1190172-removebg-preview.png","type":"image\/png"}],"twitter_card":"summary_large_image","twitter_misc":{"Dur\u00e9e de lecture estim\u00e9e":"1 minute"},"schema":{"@context":"https:\/\/schema.org","@graph":[{"@type":"WebPage","@id":"https:\/\/www.winespiritscollection.com\/fr\/producto\/vin-rouge-legaris-reserve-2005-ribera-du-duero-legaris-red-wine-reserva-2005-ribera-del-duero-75-cl\/","url":"https:\/\/www.winespiritscollection.com\/fr\/producto\/vin-rouge-legaris-reserve-2005-ribera-du-duero-legaris-red-wine-reserva-2005-ribera-del-duero-75-cl\/","name":"Vin rouge Legaris. R\u00e9serve 2005 . Ribera du Duero.Legaris red wine . Reserva 2005 . Ribera del Duero . 75 cl - Wine Spirits Collection","isPartOf":{"@id":"https:\/\/www.winespiritscollection.com\/fr\/#website"},"primaryImageOfPage":{"@id":"https:\/\/www.winespiritscollection.com\/fr\/producto\/vin-rouge-legaris-reserve-2005-ribera-du-duero-legaris-red-wine-reserva-2005-ribera-del-duero-75-cl\/#primaryimage"},"image":{"@id":"https:\/\/www.winespiritscollection.com\/fr\/producto\/vin-rouge-legaris-reserve-2005-ribera-du-duero-legaris-red-wine-reserva-2005-ribera-del-duero-75-cl\/#primaryimage"},"thumbnailUrl":"https:\/\/www.winespiritscollection.com\/wp-content\/uploads\/2025\/04\/P1190172-removebg-preview.png","datePublished":"2025-04-09T11:38:48+00:00","description":"Legaris Reserva 2005 est un \u00e9l\u00e9gant vino tinto de Ribera del Duero, 100% Tempranillo, avec 13 mois en f\u00fbts de roble fran\u00e7ais","breadcrumb":{"@id":"https:\/\/www.winespiritscollection.com\/fr\/producto\/vin-rouge-legaris-reserve-2005-ribera-du-duero-legaris-red-wine-reserva-2005-ribera-del-duero-75-cl\/#breadcrumb"},"inLanguage":"fr-FR","potentialAction":[{"@type":"ReadAction","target":["https:\/\/www.winespiritscollection.com\/fr\/producto\/vin-rouge-legaris-reserve-2005-ribera-du-duero-legaris-red-wine-reserva-2005-ribera-del-duero-75-cl\/"]}]},{"@type":"ImageObject","inLanguage":"fr-FR","@id":"https:\/\/www.winespiritscollection.com\/fr\/producto\/vin-rouge-legaris-reserve-2005-ribera-du-duero-legaris-red-wine-reserva-2005-ribera-del-duero-75-cl\/#primaryimage","url":"https:\/\/www.winespiritscollection.com\/wp-content\/uploads\/2025\/04\/P1190172-removebg-preview.png","contentUrl":"https:\/\/www.winespiritscollection.com\/wp-content\/uploads\/2025\/04\/P1190172-removebg-preview.png","width":375,"height":666},{"@type":"BreadcrumbList","@id":"https:\/\/www.winespiritscollection.com\/fr\/producto\/vin-rouge-legaris-reserve-2005-ribera-du-duero-legaris-red-wine-reserva-2005-ribera-del-duero-75-cl\/#breadcrumb","itemListElement":[{"@type":"ListItem","position":1,"name":"Portada","item":"https:\/\/www.winespiritscollection.com\/fr\/"},{"@type":"ListItem","position":2,"name":"Boutique","item":"https:\/\/www.winespiritscollection.com\/fr\/boutique-de-vins-et-spiritueux\/"},{"@type":"ListItem","position":3,"name":"Vin rouge Legaris. R\u00e9serve 2005 . Ribera du Duero.Legaris red wine . Reserva 2005 . Ribera del Duero . 75 cl"}]},{"@type":"WebSite","@id":"https:\/\/www.winespiritscollection.com\/fr\/#website","url":"https:\/\/www.winespiritscollection.com\/fr\/","name":"Wine Spirits Collection","description":"","publisher":{"@id":"https:\/\/www.winespiritscollection.com\/fr\/#organization"},"potentialAction":[{"@type":"SearchAction","target":{"@type":"EntryPoint","urlTemplate":"https:\/\/www.winespiritscollection.com\/fr\/?s={search_term_string}"},"query-input":{"@type":"PropertyValueSpecification","valueRequired":true,"valueName":"search_term_string"}}],"inLanguage":"fr-FR"},{"@type":"Organization","@id":"https:\/\/www.winespiritscollection.com\/fr\/#organization","name":"Wine Spirits Collection","url":"https:\/\/www.winespiritscollection.com\/fr\/","logo":{"@type":"ImageObject","inLanguage":"fr-FR","@id":"https:\/\/www.winespiritscollection.com\/fr\/#\/schema\/logo\/image\/","url":"https:\/\/www.winespiritscollection.com\/wp-content\/uploads\/2024\/03\/cropped-WINE_SPIRITS-LOGO-PRINCIPAL-NEGRE.png","contentUrl":"https:\/\/www.winespiritscollection.com\/wp-content\/uploads\/2024\/03\/cropped-WINE_SPIRITS-LOGO-PRINCIPAL-NEGRE.png","width":2098,"height":1368,"caption":"Wine Spirits Collection"},"image":{"@id":"https:\/\/www.winespiritscollection.com\/fr\/#\/schema\/logo\/image\/"}}]}},"_links":{"self":[{"href":"https:\/\/www.winespiritscollection.com\/fr\/wp-json\/wp\/v2\/product\/1808","targetHints":{"allow":["GET"]}}],"collection":[{"href":"https:\/\/www.winespiritscollection.com\/fr\/wp-json\/wp\/v2\/product"}],"about":[{"href":"https:\/\/www.winespiritscollection.com\/fr\/wp-json\/wp\/v2\/types\/product"}],"replies":[{"embeddable":true,"href":"https:\/\/www.winespiritscollection.com\/fr\/wp-json\/wp\/v2\/comments?post=1808"}],"wp:featuredmedia":[{"embeddable":true,"href":"https:\/\/www.winespiritscollection.com\/fr\/wp-json\/wp\/v2\/media\/1793"}],"wp:attachment":[{"href":"https:\/\/www.winespiritscollection.com\/fr\/wp-json\/wp\/v2\/media?parent=1808"}],"wp:term":[{"taxonomy":"product_brand","embeddable":true,"href":"https:\/\/www.winespiritscollection.com\/fr\/wp-json\/wp\/v2\/product_brand?post=1808"},{"taxonomy":"product_cat","embeddable":true,"href":"https:\/\/www.winespiritscollection.com\/fr\/wp-json\/wp\/v2\/product_cat?post=1808"},{"taxonomy":"product_tag","embeddable":true,"href":"https:\/\/www.winespiritscollection.com\/fr\/wp-json\/wp\/v2\/product_tag?post=1808"}],"curies":[{"name":"wp","href":"https:\/\/api.w.org\/{rel}","templated":true}]}}