{"id":2001,"date":"2025-04-10T14:00:57","date_gmt":"2025-04-10T12:00:57","guid":{"rendered":"https:\/\/www.winespiritscollection.com\/producto\/vin-rouge-vina-tondonia-reserve-1987-rioja-75-cl\/"},"modified":"2025-04-10T14:00:57","modified_gmt":"2025-04-10T12:00:57","slug":"vin-rouge-vina-tondonia-reserve-1987-rioja-75-cl","status":"publish","type":"product","link":"https:\/\/www.winespiritscollection.com\/fr\/producto\/vin-rouge-vina-tondonia-reserve-1987-rioja-75-cl\/","title":{"rendered":"Vin rouge Vi\u00f1a tondonia. R\u00e9serve 1987 . Rioja 75 cl."},"content":{"rendered":"<p>Le Vi\u00f1a Tondonia 1987. Reserva est l&#8217;un des grands classiques de La Rioja, \u00e9labor\u00e9 par le prestigieux domaine L\u00f3pez de Heredia. Fort de plus de 30 ans d&#8217;\u00e9volution, ce vin pr\u00e9sente une harmonie exceptionnelle : des notes tertiaires de cuir, d&#8217;\u00e9pices et de fruits secs se m\u00ealent \u00e0 une acidit\u00e9 vive et \u00e0 des tanins riches. Un v\u00e9ritable bijou \u0153nologique pour les collectionneurs et les amateurs de vins empreints d&#8217;une \u00e2me et d&#8217;une histoire. Nos produits sont des bouteilles de collection mill\u00e9sim\u00e9es. Elles ont \u00e9t\u00e9 conserv\u00e9es en cave, mais nous ne pouvons garantir leur consommation. \u00c0 consommer avec mod\u00e9ration. R\u00e9serv\u00e9 aux adultes..       <\/p>\n","protected":false},"excerpt":{"rendered":"<p>Domaine viticole : R. L\u00f3pez de Heredia Vi\u00f1a Tondonia<br \/>\nAppellation d\u2019origine : DOCa Rioja, Espagne<br \/>\nMill\u00e9sime : 1987<br \/>\nType de vin : Rouge Gran Reserva<br \/>\nC\u00e9pages : Tempranillo (environ 75 %), Grenache, Graciano et Mazuelo<br \/>\n\u00c9levage : En f\u00fbts de ch\u00eane am\u00e9ricain pendant 6 ans<br \/>\nAffin\u00e9 en bouteille pendant des d\u00e9cennies<br \/>\nTitre alcoolique : ~12,5 % vol.<\/p>\n","protected":false},"featured_media":1986,"comment_status":"closed","ping_status":"closed","template":"","meta":{"_acf_changed":false,"_glsr_average":0,"_glsr_ranking":0,"_glsr_reviews":0,"_joinchat":[]},"product_brand":[],"product_cat":[119],"product_tag":[],"class_list":{"0":"post-2001","1":"product","2":"type-product","3":"status-publish","4":"has-post-thumbnail","6":"product_cat-rioja-fr","8":"first","9":"outofstock","10":"taxable","11":"shipping-taxable","12":"purchasable","13":"product-type-simple"},"acf":[],"yoast_head":"<!-- This site is optimized with the Yoast SEO plugin v27.2 - https:\/\/yoast.com\/product\/yoast-seo-wordpress\/ -->\n<title>Vin rouge Vi\u00f1a tondonia. R\u00e9serve 1987 . Rioja 75 cl. - Wine Spirits Collection<\/title>\n<meta name=\"description\" content=\"Le Vi\u00f1a Tondonia 1987, un classique de la Rioja Gran Reserva, se distingue par son \u00e9l\u00e9gance intemporelle. Ar\u00f4mes complexes, notes de fruits m\u00fbrs et de cuir.\" \/>\n<meta name=\"robots\" content=\"index, follow, max-snippet:-1, max-image-preview:large, max-video-preview:-1\" \/>\n<link rel=\"canonical\" href=\"https:\/\/www.winespiritscollection.com\/fr\/producto\/vin-rouge-vina-tondonia-reserve-1987-rioja-75-cl\/\" \/>\n<meta property=\"og:locale\" content=\"fr_FR\" \/>\n<meta property=\"og:type\" content=\"article\" \/>\n<meta property=\"og:title\" content=\"Vin rouge Vi\u00f1a tondonia. R\u00e9serve 1987 . Rioja 75 cl. - Wine Spirits Collection\" \/>\n<meta property=\"og:description\" content=\"Le Vi\u00f1a Tondonia 1987, un classique de la Rioja Gran Reserva, se distingue par son \u00e9l\u00e9gance intemporelle. Ar\u00f4mes complexes, notes de fruits m\u00fbrs et de cuir.\" \/>\n<meta property=\"og:url\" content=\"https:\/\/www.winespiritscollection.com\/fr\/producto\/vin-rouge-vina-tondonia-reserve-1987-rioja-75-cl\/\" \/>\n<meta property=\"og:site_name\" content=\"Wine Spirits Collection\" \/>\n<meta property=\"og:image\" content=\"https:\/\/www.winespiritscollection.com\/wp-content\/uploads\/2025\/04\/P1190226-removebg-preview.png\" \/>\n\t<meta property=\"og:image:width\" content=\"375\" \/>\n\t<meta property=\"og:image:height\" content=\"666\" \/>\n\t<meta property=\"og:image:type\" content=\"image\/png\" \/>\n<meta name=\"twitter:card\" content=\"summary_large_image\" \/>\n<meta name=\"twitter:label1\" content=\"Dur\u00e9e de lecture estim\u00e9e\" \/>\n\t<meta name=\"twitter:data1\" content=\"1 minute\" \/>\n<script type=\"application\/ld+json\" class=\"yoast-schema-graph\">{\"@context\":\"https:\/\/schema.org\",\"@graph\":[{\"@type\":\"WebPage\",\"@id\":\"https:\/\/www.winespiritscollection.com\/fr\/producto\/vin-rouge-vina-tondonia-reserve-1987-rioja-75-cl\/\",\"url\":\"https:\/\/www.winespiritscollection.com\/fr\/producto\/vin-rouge-vina-tondonia-reserve-1987-rioja-75-cl\/\",\"name\":\"Vin rouge Vi\u00f1a tondonia. R\u00e9serve 1987 . Rioja 75 cl. - Wine Spirits Collection\",\"isPartOf\":{\"@id\":\"https:\/\/www.winespiritscollection.com\/fr\/#website\"},\"primaryImageOfPage\":{\"@id\":\"https:\/\/www.winespiritscollection.com\/fr\/producto\/vin-rouge-vina-tondonia-reserve-1987-rioja-75-cl\/#primaryimage\"},\"image\":{\"@id\":\"https:\/\/www.winespiritscollection.com\/fr\/producto\/vin-rouge-vina-tondonia-reserve-1987-rioja-75-cl\/#primaryimage\"},\"thumbnailUrl\":\"https:\/\/www.winespiritscollection.com\/wp-content\/uploads\/2025\/04\/P1190226-removebg-preview.png\",\"datePublished\":\"2025-04-10T12:00:57+00:00\",\"description\":\"Le Vi\u00f1a Tondonia 1987, un classique de la Rioja Gran Reserva, se distingue par son \u00e9l\u00e9gance intemporelle. Ar\u00f4mes complexes, notes de fruits m\u00fbrs et de cuir.\",\"breadcrumb\":{\"@id\":\"https:\/\/www.winespiritscollection.com\/fr\/producto\/vin-rouge-vina-tondonia-reserve-1987-rioja-75-cl\/#breadcrumb\"},\"inLanguage\":\"fr-FR\",\"potentialAction\":[{\"@type\":\"ReadAction\",\"target\":[\"https:\/\/www.winespiritscollection.com\/fr\/producto\/vin-rouge-vina-tondonia-reserve-1987-rioja-75-cl\/\"]}]},{\"@type\":\"ImageObject\",\"inLanguage\":\"fr-FR\",\"@id\":\"https:\/\/www.winespiritscollection.com\/fr\/producto\/vin-rouge-vina-tondonia-reserve-1987-rioja-75-cl\/#primaryimage\",\"url\":\"https:\/\/www.winespiritscollection.com\/wp-content\/uploads\/2025\/04\/P1190226-removebg-preview.png\",\"contentUrl\":\"https:\/\/www.winespiritscollection.com\/wp-content\/uploads\/2025\/04\/P1190226-removebg-preview.png\",\"width\":375,\"height\":666},{\"@type\":\"BreadcrumbList\",\"@id\":\"https:\/\/www.winespiritscollection.com\/fr\/producto\/vin-rouge-vina-tondonia-reserve-1987-rioja-75-cl\/#breadcrumb\",\"itemListElement\":[{\"@type\":\"ListItem\",\"position\":1,\"name\":\"Portada\",\"item\":\"https:\/\/www.winespiritscollection.com\/fr\/\"},{\"@type\":\"ListItem\",\"position\":2,\"name\":\"Boutique\",\"item\":\"https:\/\/www.winespiritscollection.com\/fr\/boutique-de-vins-et-spiritueux\/\"},{\"@type\":\"ListItem\",\"position\":3,\"name\":\"Vin rouge Vi\u00f1a tondonia. R\u00e9serve 1987 . Rioja 75 cl.\"}]},{\"@type\":\"WebSite\",\"@id\":\"https:\/\/www.winespiritscollection.com\/fr\/#website\",\"url\":\"https:\/\/www.winespiritscollection.com\/fr\/\",\"name\":\"Wine Spirits Collection\",\"description\":\"\",\"publisher\":{\"@id\":\"https:\/\/www.winespiritscollection.com\/fr\/#organization\"},\"potentialAction\":[{\"@type\":\"SearchAction\",\"target\":{\"@type\":\"EntryPoint\",\"urlTemplate\":\"https:\/\/www.winespiritscollection.com\/fr\/?s={search_term_string}\"},\"query-input\":{\"@type\":\"PropertyValueSpecification\",\"valueRequired\":true,\"valueName\":\"search_term_string\"}}],\"inLanguage\":\"fr-FR\"},{\"@type\":\"Organization\",\"@id\":\"https:\/\/www.winespiritscollection.com\/fr\/#organization\",\"name\":\"Wine Spirits Collection\",\"url\":\"https:\/\/www.winespiritscollection.com\/fr\/\",\"logo\":{\"@type\":\"ImageObject\",\"inLanguage\":\"fr-FR\",\"@id\":\"https:\/\/www.winespiritscollection.com\/fr\/#\/schema\/logo\/image\/\",\"url\":\"https:\/\/www.winespiritscollection.com\/wp-content\/uploads\/2024\/03\/cropped-WINE_SPIRITS-LOGO-PRINCIPAL-NEGRE.png\",\"contentUrl\":\"https:\/\/www.winespiritscollection.com\/wp-content\/uploads\/2024\/03\/cropped-WINE_SPIRITS-LOGO-PRINCIPAL-NEGRE.png\",\"width\":2098,\"height\":1368,\"caption\":\"Wine Spirits Collection\"},\"image\":{\"@id\":\"https:\/\/www.winespiritscollection.com\/fr\/#\/schema\/logo\/image\/\"}}]}<\/script>\n<!-- \/ Yoast SEO plugin. -->","yoast_head_json":{"title":"Vin rouge Vi\u00f1a tondonia. R\u00e9serve 1987 . Rioja 75 cl. - Wine Spirits Collection","description":"Le Vi\u00f1a Tondonia 1987, un classique de la Rioja Gran Reserva, se distingue par son \u00e9l\u00e9gance intemporelle. Ar\u00f4mes complexes, notes de fruits m\u00fbrs et de cuir.","robots":{"index":"index","follow":"follow","max-snippet":"max-snippet:-1","max-image-preview":"max-image-preview:large","max-video-preview":"max-video-preview:-1"},"canonical":"https:\/\/www.winespiritscollection.com\/fr\/producto\/vin-rouge-vina-tondonia-reserve-1987-rioja-75-cl\/","og_locale":"fr_FR","og_type":"article","og_title":"Vin rouge Vi\u00f1a tondonia. R\u00e9serve 1987 . Rioja 75 cl. - Wine Spirits Collection","og_description":"Le Vi\u00f1a Tondonia 1987, un classique de la Rioja Gran Reserva, se distingue par son \u00e9l\u00e9gance intemporelle. Ar\u00f4mes complexes, notes de fruits m\u00fbrs et de cuir.","og_url":"https:\/\/www.winespiritscollection.com\/fr\/producto\/vin-rouge-vina-tondonia-reserve-1987-rioja-75-cl\/","og_site_name":"Wine Spirits Collection","og_image":[{"width":375,"height":666,"url":"https:\/\/www.winespiritscollection.com\/wp-content\/uploads\/2025\/04\/P1190226-removebg-preview.png","type":"image\/png"}],"twitter_card":"summary_large_image","twitter_misc":{"Dur\u00e9e de lecture estim\u00e9e":"1 minute"},"schema":{"@context":"https:\/\/schema.org","@graph":[{"@type":"WebPage","@id":"https:\/\/www.winespiritscollection.com\/fr\/producto\/vin-rouge-vina-tondonia-reserve-1987-rioja-75-cl\/","url":"https:\/\/www.winespiritscollection.com\/fr\/producto\/vin-rouge-vina-tondonia-reserve-1987-rioja-75-cl\/","name":"Vin rouge Vi\u00f1a tondonia. R\u00e9serve 1987 . Rioja 75 cl. - Wine Spirits Collection","isPartOf":{"@id":"https:\/\/www.winespiritscollection.com\/fr\/#website"},"primaryImageOfPage":{"@id":"https:\/\/www.winespiritscollection.com\/fr\/producto\/vin-rouge-vina-tondonia-reserve-1987-rioja-75-cl\/#primaryimage"},"image":{"@id":"https:\/\/www.winespiritscollection.com\/fr\/producto\/vin-rouge-vina-tondonia-reserve-1987-rioja-75-cl\/#primaryimage"},"thumbnailUrl":"https:\/\/www.winespiritscollection.com\/wp-content\/uploads\/2025\/04\/P1190226-removebg-preview.png","datePublished":"2025-04-10T12:00:57+00:00","description":"Le Vi\u00f1a Tondonia 1987, un classique de la Rioja Gran Reserva, se distingue par son \u00e9l\u00e9gance intemporelle. Ar\u00f4mes complexes, notes de fruits m\u00fbrs et de cuir.","breadcrumb":{"@id":"https:\/\/www.winespiritscollection.com\/fr\/producto\/vin-rouge-vina-tondonia-reserve-1987-rioja-75-cl\/#breadcrumb"},"inLanguage":"fr-FR","potentialAction":[{"@type":"ReadAction","target":["https:\/\/www.winespiritscollection.com\/fr\/producto\/vin-rouge-vina-tondonia-reserve-1987-rioja-75-cl\/"]}]},{"@type":"ImageObject","inLanguage":"fr-FR","@id":"https:\/\/www.winespiritscollection.com\/fr\/producto\/vin-rouge-vina-tondonia-reserve-1987-rioja-75-cl\/#primaryimage","url":"https:\/\/www.winespiritscollection.com\/wp-content\/uploads\/2025\/04\/P1190226-removebg-preview.png","contentUrl":"https:\/\/www.winespiritscollection.com\/wp-content\/uploads\/2025\/04\/P1190226-removebg-preview.png","width":375,"height":666},{"@type":"BreadcrumbList","@id":"https:\/\/www.winespiritscollection.com\/fr\/producto\/vin-rouge-vina-tondonia-reserve-1987-rioja-75-cl\/#breadcrumb","itemListElement":[{"@type":"ListItem","position":1,"name":"Portada","item":"https:\/\/www.winespiritscollection.com\/fr\/"},{"@type":"ListItem","position":2,"name":"Boutique","item":"https:\/\/www.winespiritscollection.com\/fr\/boutique-de-vins-et-spiritueux\/"},{"@type":"ListItem","position":3,"name":"Vin rouge Vi\u00f1a tondonia. R\u00e9serve 1987 . Rioja 75 cl."}]},{"@type":"WebSite","@id":"https:\/\/www.winespiritscollection.com\/fr\/#website","url":"https:\/\/www.winespiritscollection.com\/fr\/","name":"Wine Spirits Collection","description":"","publisher":{"@id":"https:\/\/www.winespiritscollection.com\/fr\/#organization"},"potentialAction":[{"@type":"SearchAction","target":{"@type":"EntryPoint","urlTemplate":"https:\/\/www.winespiritscollection.com\/fr\/?s={search_term_string}"},"query-input":{"@type":"PropertyValueSpecification","valueRequired":true,"valueName":"search_term_string"}}],"inLanguage":"fr-FR"},{"@type":"Organization","@id":"https:\/\/www.winespiritscollection.com\/fr\/#organization","name":"Wine Spirits Collection","url":"https:\/\/www.winespiritscollection.com\/fr\/","logo":{"@type":"ImageObject","inLanguage":"fr-FR","@id":"https:\/\/www.winespiritscollection.com\/fr\/#\/schema\/logo\/image\/","url":"https:\/\/www.winespiritscollection.com\/wp-content\/uploads\/2024\/03\/cropped-WINE_SPIRITS-LOGO-PRINCIPAL-NEGRE.png","contentUrl":"https:\/\/www.winespiritscollection.com\/wp-content\/uploads\/2024\/03\/cropped-WINE_SPIRITS-LOGO-PRINCIPAL-NEGRE.png","width":2098,"height":1368,"caption":"Wine Spirits Collection"},"image":{"@id":"https:\/\/www.winespiritscollection.com\/fr\/#\/schema\/logo\/image\/"}}]}},"_links":{"self":[{"href":"https:\/\/www.winespiritscollection.com\/fr\/wp-json\/wp\/v2\/product\/2001","targetHints":{"allow":["GET"]}}],"collection":[{"href":"https:\/\/www.winespiritscollection.com\/fr\/wp-json\/wp\/v2\/product"}],"about":[{"href":"https:\/\/www.winespiritscollection.com\/fr\/wp-json\/wp\/v2\/types\/product"}],"replies":[{"embeddable":true,"href":"https:\/\/www.winespiritscollection.com\/fr\/wp-json\/wp\/v2\/comments?post=2001"}],"wp:featuredmedia":[{"embeddable":true,"href":"https:\/\/www.winespiritscollection.com\/fr\/wp-json\/wp\/v2\/media\/1986"}],"wp:attachment":[{"href":"https:\/\/www.winespiritscollection.com\/fr\/wp-json\/wp\/v2\/media?parent=2001"}],"wp:term":[{"taxonomy":"product_brand","embeddable":true,"href":"https:\/\/www.winespiritscollection.com\/fr\/wp-json\/wp\/v2\/product_brand?post=2001"},{"taxonomy":"product_cat","embeddable":true,"href":"https:\/\/www.winespiritscollection.com\/fr\/wp-json\/wp\/v2\/product_cat?post=2001"},{"taxonomy":"product_tag","embeddable":true,"href":"https:\/\/www.winespiritscollection.com\/fr\/wp-json\/wp\/v2\/product_tag?post=2001"}],"curies":[{"name":"wp","href":"https:\/\/api.w.org\/{rel}","templated":true}]}}