{"id":2042,"date":"2025-04-29T15:04:28","date_gmt":"2025-04-29T13:04:28","guid":{"rendered":"https:\/\/www.winespiritscollection.com\/producto\/palacio-especial-vin-rouge-reserva-2000-rioja-75cl\/"},"modified":"2025-04-29T15:04:28","modified_gmt":"2025-04-29T13:04:28","slug":"palacio-especial-vin-rouge-reserva-2000-rioja-75cl","status":"publish","type":"product","link":"https:\/\/www.winespiritscollection.com\/fr\/producto\/palacio-especial-vin-rouge-reserva-2000-rioja-75cl\/","title":{"rendered":"Palacio Especial vin rouge Reserva 2000 Rioja 75cl."},"content":{"rendered":"<p>Ce vin rouge \u00e9l\u00e9gant repr\u00e9sente l&#8217;expression classique de la Rioja, soigneusement \u00e9labor\u00e9 \u00e0 partir de raisins Tempranillo s\u00e9lectionn\u00e9s et vieilli patiemment pendant plus de trois ans en f\u00fbts de ch\u00eane, suivi d&#8217;un long affinage en bouteille. Nos produits sont des bouteilles de collection vintage. Ils ont \u00e9t\u00e9 stock\u00e9s en cave, mais nous ne pouvons garantir leur consommation. Consommation responsable. Convient uniquement aux adultes.    <\/p>\n","protected":false},"excerpt":{"rendered":"<p>Nom : Bodega Especial Reserva Rioja 2000<br \/>\nAppellation d&#8217;origine : D.O.Ca. Rioja<br \/>\nType de vin : Reserva Rouge<br \/>\nAnn\u00e9e de r\u00e9colte : 2000<br \/>\nC\u00e9page : Principalement Tempranillo<br \/>\nVieillissement : Minimum 36 mois en f\u00fbts de ch\u00eane et en bouteille<br \/>\nTeneur en alcool : ~13-14% vol.<br \/>\nNotes de d\u00e9gustation : Couleur : Rouge rubis aux reflets rouge brique, signe de vieillissement.<br \/>\nNez : Ar\u00f4mes complexes de fruits m\u00fbrs, de cuir, de vanille, de tabac et d&#8217;\u00e9pices.<br \/>\nPalais : \u00c9quilibr\u00e9, avec des tanins souples, une acidit\u00e9 bien int\u00e9gr\u00e9e et une finale persistante.<br \/>\nAccords mets et vins recommand\u00e9s : Viandes rouges, gibiers, fromages affin\u00e9s, rago\u00fbts traditionnels<br \/>\nTemp\u00e9rature de service : 17\u201318\u00b0C <\/p>\n","protected":false},"featured_media":2027,"comment_status":"closed","ping_status":"closed","template":"","meta":{"_acf_changed":false,"_glsr_average":0,"_glsr_ranking":0,"_glsr_reviews":0,"_joinchat":[]},"product_brand":[],"product_cat":[119],"product_tag":[],"class_list":{"0":"post-2042","1":"product","2":"type-product","3":"status-publish","4":"has-post-thumbnail","6":"product_cat-rioja-fr","8":"first","9":"instock","10":"taxable","11":"shipping-taxable","12":"purchasable","13":"product-type-simple"},"acf":[],"yoast_head":"<!-- This site is optimized with the Yoast SEO plugin v27.2 - https:\/\/yoast.com\/product\/yoast-seo-wordpress\/ -->\n<title>Palacio Especial vin rouge Reserva 2000 Rioja 75cl. - Wine Spirits Collection<\/title>\n<meta name=\"description\" content=\"Un vin rouge \u00e9l\u00e9gant et vieilli avec des notes de fruits m\u00fbrs, de ch\u00eane et d&#039;\u00e9pices. Bodega Especial Reserva Rioja 2000 Vin : Rouge \u00e9l\u00e9gant et vieilli, avec des notes de fruits m\u00fbrs\" \/>\n<meta name=\"robots\" content=\"index, follow, max-snippet:-1, max-image-preview:large, max-video-preview:-1\" \/>\n<link rel=\"canonical\" href=\"https:\/\/www.winespiritscollection.com\/fr\/producto\/palacio-especial-vin-rouge-reserva-2000-rioja-75cl\/\" \/>\n<meta property=\"og:locale\" content=\"fr_FR\" \/>\n<meta property=\"og:type\" content=\"article\" \/>\n<meta property=\"og:title\" content=\"Palacio Especial vin rouge Reserva 2000 Rioja 75cl. - Wine Spirits Collection\" \/>\n<meta property=\"og:description\" content=\"Un vin rouge \u00e9l\u00e9gant et vieilli avec des notes de fruits m\u00fbrs, de ch\u00eane et d&#039;\u00e9pices. Bodega Especial Reserva Rioja 2000 Vin : Rouge \u00e9l\u00e9gant et vieilli, avec des notes de fruits m\u00fbrs\" \/>\n<meta property=\"og:url\" content=\"https:\/\/www.winespiritscollection.com\/fr\/producto\/palacio-especial-vin-rouge-reserva-2000-rioja-75cl\/\" \/>\n<meta property=\"og:site_name\" content=\"Wine Spirits Collection\" \/>\n<meta property=\"og:image\" content=\"https:\/\/www.winespiritscollection.com\/wp-content\/uploads\/2025\/04\/P1190240-removebg-preview.png\" \/>\n\t<meta property=\"og:image:width\" content=\"375\" \/>\n\t<meta property=\"og:image:height\" content=\"666\" \/>\n\t<meta property=\"og:image:type\" content=\"image\/png\" \/>\n<meta name=\"twitter:card\" content=\"summary_large_image\" \/>\n<script type=\"application\/ld+json\" class=\"yoast-schema-graph\">{\"@context\":\"https:\/\/schema.org\",\"@graph\":[{\"@type\":\"WebPage\",\"@id\":\"https:\/\/www.winespiritscollection.com\/fr\/producto\/palacio-especial-vin-rouge-reserva-2000-rioja-75cl\/\",\"url\":\"https:\/\/www.winespiritscollection.com\/fr\/producto\/palacio-especial-vin-rouge-reserva-2000-rioja-75cl\/\",\"name\":\"Palacio Especial vin rouge Reserva 2000 Rioja 75cl. - Wine Spirits Collection\",\"isPartOf\":{\"@id\":\"https:\/\/www.winespiritscollection.com\/fr\/#website\"},\"primaryImageOfPage\":{\"@id\":\"https:\/\/www.winespiritscollection.com\/fr\/producto\/palacio-especial-vin-rouge-reserva-2000-rioja-75cl\/#primaryimage\"},\"image\":{\"@id\":\"https:\/\/www.winespiritscollection.com\/fr\/producto\/palacio-especial-vin-rouge-reserva-2000-rioja-75cl\/#primaryimage\"},\"thumbnailUrl\":\"https:\/\/www.winespiritscollection.com\/wp-content\/uploads\/2025\/04\/P1190240-removebg-preview.png\",\"datePublished\":\"2025-04-29T13:04:28+00:00\",\"description\":\"Un vin rouge \u00e9l\u00e9gant et vieilli avec des notes de fruits m\u00fbrs, de ch\u00eane et d'\u00e9pices. Bodega Especial Reserva Rioja 2000 Vin : Rouge \u00e9l\u00e9gant et vieilli, avec des notes de fruits m\u00fbrs\",\"breadcrumb\":{\"@id\":\"https:\/\/www.winespiritscollection.com\/fr\/producto\/palacio-especial-vin-rouge-reserva-2000-rioja-75cl\/#breadcrumb\"},\"inLanguage\":\"fr-FR\",\"potentialAction\":[{\"@type\":\"ReadAction\",\"target\":[\"https:\/\/www.winespiritscollection.com\/fr\/producto\/palacio-especial-vin-rouge-reserva-2000-rioja-75cl\/\"]}]},{\"@type\":\"ImageObject\",\"inLanguage\":\"fr-FR\",\"@id\":\"https:\/\/www.winespiritscollection.com\/fr\/producto\/palacio-especial-vin-rouge-reserva-2000-rioja-75cl\/#primaryimage\",\"url\":\"https:\/\/www.winespiritscollection.com\/wp-content\/uploads\/2025\/04\/P1190240-removebg-preview.png\",\"contentUrl\":\"https:\/\/www.winespiritscollection.com\/wp-content\/uploads\/2025\/04\/P1190240-removebg-preview.png\",\"width\":375,\"height\":666},{\"@type\":\"BreadcrumbList\",\"@id\":\"https:\/\/www.winespiritscollection.com\/fr\/producto\/palacio-especial-vin-rouge-reserva-2000-rioja-75cl\/#breadcrumb\",\"itemListElement\":[{\"@type\":\"ListItem\",\"position\":1,\"name\":\"Portada\",\"item\":\"https:\/\/www.winespiritscollection.com\/fr\/\"},{\"@type\":\"ListItem\",\"position\":2,\"name\":\"Boutique\",\"item\":\"https:\/\/www.winespiritscollection.com\/fr\/boutique-de-vins-et-spiritueux\/\"},{\"@type\":\"ListItem\",\"position\":3,\"name\":\"Palacio Especial vin rouge Reserva 2000 Rioja 75cl.\"}]},{\"@type\":\"WebSite\",\"@id\":\"https:\/\/www.winespiritscollection.com\/fr\/#website\",\"url\":\"https:\/\/www.winespiritscollection.com\/fr\/\",\"name\":\"Wine Spirits Collection\",\"description\":\"\",\"publisher\":{\"@id\":\"https:\/\/www.winespiritscollection.com\/fr\/#organization\"},\"potentialAction\":[{\"@type\":\"SearchAction\",\"target\":{\"@type\":\"EntryPoint\",\"urlTemplate\":\"https:\/\/www.winespiritscollection.com\/fr\/?s={search_term_string}\"},\"query-input\":{\"@type\":\"PropertyValueSpecification\",\"valueRequired\":true,\"valueName\":\"search_term_string\"}}],\"inLanguage\":\"fr-FR\"},{\"@type\":\"Organization\",\"@id\":\"https:\/\/www.winespiritscollection.com\/fr\/#organization\",\"name\":\"Wine Spirits Collection\",\"url\":\"https:\/\/www.winespiritscollection.com\/fr\/\",\"logo\":{\"@type\":\"ImageObject\",\"inLanguage\":\"fr-FR\",\"@id\":\"https:\/\/www.winespiritscollection.com\/fr\/#\/schema\/logo\/image\/\",\"url\":\"https:\/\/www.winespiritscollection.com\/wp-content\/uploads\/2024\/03\/cropped-WINE_SPIRITS-LOGO-PRINCIPAL-NEGRE.png\",\"contentUrl\":\"https:\/\/www.winespiritscollection.com\/wp-content\/uploads\/2024\/03\/cropped-WINE_SPIRITS-LOGO-PRINCIPAL-NEGRE.png\",\"width\":2098,\"height\":1368,\"caption\":\"Wine Spirits Collection\"},\"image\":{\"@id\":\"https:\/\/www.winespiritscollection.com\/fr\/#\/schema\/logo\/image\/\"}}]}<\/script>\n<!-- \/ Yoast SEO plugin. -->","yoast_head_json":{"title":"Palacio Especial vin rouge Reserva 2000 Rioja 75cl. - Wine Spirits Collection","description":"Un vin rouge \u00e9l\u00e9gant et vieilli avec des notes de fruits m\u00fbrs, de ch\u00eane et d'\u00e9pices. Bodega Especial Reserva Rioja 2000 Vin : Rouge \u00e9l\u00e9gant et vieilli, avec des notes de fruits m\u00fbrs","robots":{"index":"index","follow":"follow","max-snippet":"max-snippet:-1","max-image-preview":"max-image-preview:large","max-video-preview":"max-video-preview:-1"},"canonical":"https:\/\/www.winespiritscollection.com\/fr\/producto\/palacio-especial-vin-rouge-reserva-2000-rioja-75cl\/","og_locale":"fr_FR","og_type":"article","og_title":"Palacio Especial vin rouge Reserva 2000 Rioja 75cl. - Wine Spirits Collection","og_description":"Un vin rouge \u00e9l\u00e9gant et vieilli avec des notes de fruits m\u00fbrs, de ch\u00eane et d'\u00e9pices. Bodega Especial Reserva Rioja 2000 Vin : Rouge \u00e9l\u00e9gant et vieilli, avec des notes de fruits m\u00fbrs","og_url":"https:\/\/www.winespiritscollection.com\/fr\/producto\/palacio-especial-vin-rouge-reserva-2000-rioja-75cl\/","og_site_name":"Wine Spirits Collection","og_image":[{"width":375,"height":666,"url":"https:\/\/www.winespiritscollection.com\/wp-content\/uploads\/2025\/04\/P1190240-removebg-preview.png","type":"image\/png"}],"twitter_card":"summary_large_image","schema":{"@context":"https:\/\/schema.org","@graph":[{"@type":"WebPage","@id":"https:\/\/www.winespiritscollection.com\/fr\/producto\/palacio-especial-vin-rouge-reserva-2000-rioja-75cl\/","url":"https:\/\/www.winespiritscollection.com\/fr\/producto\/palacio-especial-vin-rouge-reserva-2000-rioja-75cl\/","name":"Palacio Especial vin rouge Reserva 2000 Rioja 75cl. - Wine Spirits Collection","isPartOf":{"@id":"https:\/\/www.winespiritscollection.com\/fr\/#website"},"primaryImageOfPage":{"@id":"https:\/\/www.winespiritscollection.com\/fr\/producto\/palacio-especial-vin-rouge-reserva-2000-rioja-75cl\/#primaryimage"},"image":{"@id":"https:\/\/www.winespiritscollection.com\/fr\/producto\/palacio-especial-vin-rouge-reserva-2000-rioja-75cl\/#primaryimage"},"thumbnailUrl":"https:\/\/www.winespiritscollection.com\/wp-content\/uploads\/2025\/04\/P1190240-removebg-preview.png","datePublished":"2025-04-29T13:04:28+00:00","description":"Un vin rouge \u00e9l\u00e9gant et vieilli avec des notes de fruits m\u00fbrs, de ch\u00eane et d'\u00e9pices. Bodega Especial Reserva Rioja 2000 Vin : Rouge \u00e9l\u00e9gant et vieilli, avec des notes de fruits m\u00fbrs","breadcrumb":{"@id":"https:\/\/www.winespiritscollection.com\/fr\/producto\/palacio-especial-vin-rouge-reserva-2000-rioja-75cl\/#breadcrumb"},"inLanguage":"fr-FR","potentialAction":[{"@type":"ReadAction","target":["https:\/\/www.winespiritscollection.com\/fr\/producto\/palacio-especial-vin-rouge-reserva-2000-rioja-75cl\/"]}]},{"@type":"ImageObject","inLanguage":"fr-FR","@id":"https:\/\/www.winespiritscollection.com\/fr\/producto\/palacio-especial-vin-rouge-reserva-2000-rioja-75cl\/#primaryimage","url":"https:\/\/www.winespiritscollection.com\/wp-content\/uploads\/2025\/04\/P1190240-removebg-preview.png","contentUrl":"https:\/\/www.winespiritscollection.com\/wp-content\/uploads\/2025\/04\/P1190240-removebg-preview.png","width":375,"height":666},{"@type":"BreadcrumbList","@id":"https:\/\/www.winespiritscollection.com\/fr\/producto\/palacio-especial-vin-rouge-reserva-2000-rioja-75cl\/#breadcrumb","itemListElement":[{"@type":"ListItem","position":1,"name":"Portada","item":"https:\/\/www.winespiritscollection.com\/fr\/"},{"@type":"ListItem","position":2,"name":"Boutique","item":"https:\/\/www.winespiritscollection.com\/fr\/boutique-de-vins-et-spiritueux\/"},{"@type":"ListItem","position":3,"name":"Palacio Especial vin rouge Reserva 2000 Rioja 75cl."}]},{"@type":"WebSite","@id":"https:\/\/www.winespiritscollection.com\/fr\/#website","url":"https:\/\/www.winespiritscollection.com\/fr\/","name":"Wine Spirits Collection","description":"","publisher":{"@id":"https:\/\/www.winespiritscollection.com\/fr\/#organization"},"potentialAction":[{"@type":"SearchAction","target":{"@type":"EntryPoint","urlTemplate":"https:\/\/www.winespiritscollection.com\/fr\/?s={search_term_string}"},"query-input":{"@type":"PropertyValueSpecification","valueRequired":true,"valueName":"search_term_string"}}],"inLanguage":"fr-FR"},{"@type":"Organization","@id":"https:\/\/www.winespiritscollection.com\/fr\/#organization","name":"Wine Spirits Collection","url":"https:\/\/www.winespiritscollection.com\/fr\/","logo":{"@type":"ImageObject","inLanguage":"fr-FR","@id":"https:\/\/www.winespiritscollection.com\/fr\/#\/schema\/logo\/image\/","url":"https:\/\/www.winespiritscollection.com\/wp-content\/uploads\/2024\/03\/cropped-WINE_SPIRITS-LOGO-PRINCIPAL-NEGRE.png","contentUrl":"https:\/\/www.winespiritscollection.com\/wp-content\/uploads\/2024\/03\/cropped-WINE_SPIRITS-LOGO-PRINCIPAL-NEGRE.png","width":2098,"height":1368,"caption":"Wine Spirits Collection"},"image":{"@id":"https:\/\/www.winespiritscollection.com\/fr\/#\/schema\/logo\/image\/"}}]}},"_links":{"self":[{"href":"https:\/\/www.winespiritscollection.com\/fr\/wp-json\/wp\/v2\/product\/2042","targetHints":{"allow":["GET"]}}],"collection":[{"href":"https:\/\/www.winespiritscollection.com\/fr\/wp-json\/wp\/v2\/product"}],"about":[{"href":"https:\/\/www.winespiritscollection.com\/fr\/wp-json\/wp\/v2\/types\/product"}],"replies":[{"embeddable":true,"href":"https:\/\/www.winespiritscollection.com\/fr\/wp-json\/wp\/v2\/comments?post=2042"}],"wp:featuredmedia":[{"embeddable":true,"href":"https:\/\/www.winespiritscollection.com\/fr\/wp-json\/wp\/v2\/media\/2027"}],"wp:attachment":[{"href":"https:\/\/www.winespiritscollection.com\/fr\/wp-json\/wp\/v2\/media?parent=2042"}],"wp:term":[{"taxonomy":"product_brand","embeddable":true,"href":"https:\/\/www.winespiritscollection.com\/fr\/wp-json\/wp\/v2\/product_brand?post=2042"},{"taxonomy":"product_cat","embeddable":true,"href":"https:\/\/www.winespiritscollection.com\/fr\/wp-json\/wp\/v2\/product_cat?post=2042"},{"taxonomy":"product_tag","embeddable":true,"href":"https:\/\/www.winespiritscollection.com\/fr\/wp-json\/wp\/v2\/product_tag?post=2042"}],"curies":[{"name":"wp","href":"https:\/\/api.w.org\/{rel}","templated":true}]}}