{"id":2091,"date":"2025-04-30T11:08:25","date_gmt":"2025-04-30T09:08:25","guid":{"rendered":"https:\/\/www.winespiritscollection.com\/producto\/bodegas-franco-espanol-vin-rouge-reserva-especial-rioja-1962-botella-no-13\/"},"modified":"2025-04-30T11:08:25","modified_gmt":"2025-04-30T09:08:25","slug":"bodegas-franco-espanol-vin-rouge-reserva-especial-rioja-1962-botella-no-13","status":"publish","type":"product","link":"https:\/\/www.winespiritscollection.com\/fr\/producto\/bodegas-franco-espanol-vin-rouge-reserva-especial-rioja-1962-botella-no-13\/","title":{"rendered":"Bodegas Franco Espa\u00f1ol. vin rouge. Reserva Especial. rioja 1962 botella n\u00ba 13"},"content":{"rendered":"<p>Le Reserva Especial 1962 des Bodegas Franco-Espa\u00f1olas est un joyau \u0153nologique de la Rioja, symbole d&#8217;une \u00e9poque historique pour le domaine et la viticulture espagnole. Il est compos\u00e9 principalement de tempranillo, avec peut-\u00eatre des apports de mazuelo (cari\u00f1ena) et de graciano, conform\u00e9ment aux assemblages traditionnels de l&#8217;\u00e9poque. Nos produits sont des bouteilles de collection mill\u00e9sim\u00e9es. Elles ont \u00e9t\u00e9 conserv\u00e9es en cave, mais nous ne pouvons garantir leur consommation. \u00c0 consommer avec mod\u00e9ration. R\u00e9serv\u00e9 aux adultes.     <\/p>\n","protected":false},"excerpt":{"rendered":"<p>Cave : Bodegas Franco-Espa\u00f1olas<br \/>\nAppellation d\u2019origine : D.O.Ca. Rioja<br \/>\nMill\u00e9sime : 1962<br \/>\nType de vin : Rouge Reserva Especial<br \/>\nC\u00e9pages : Tempranillo (majorit\u00e9), avec des apports possibles de Graciano et de Mazuelo<br \/>\n\u00c9levage : Long vieillissement en f\u00fbts de ch\u00eane et vieillissement prolong\u00e9 en bouteille<br \/>\nRobe : Rouge brique aux reflets orang\u00e9s, typique des vins de grande \u00e9volution<br \/>\nAr\u00f4me : Notes complexes de cuir, de fruits secs, d\u2019\u00e9pices, de tabac, notes balsamiques et de feuilles<br \/>\nGo\u00fbt : \u00c9l\u00e9gant et velout\u00e9, avec des tanins souples, une acidit\u00e9 \u00e9quilibr\u00e9e et une longue finale<br \/>\n\u00c9tat : Un vin de garde, id\u00e9al pour les collectionneurs ou pour une d\u00e9gustation lors de grandes occasions (s\u2019il est bien conserv\u00e9) <\/p>\n","protected":false},"featured_media":2080,"comment_status":"closed","ping_status":"closed","template":"","meta":{"_acf_changed":false,"_glsr_average":0,"_glsr_ranking":0,"_glsr_reviews":0,"_joinchat":[]},"product_brand":[],"product_cat":[119],"product_tag":[138,193,162],"class_list":{"0":"post-2091","1":"product","2":"type-product","3":"status-publish","4":"has-post-thumbnail","6":"product_cat-rioja-fr","7":"product_tag-red-wine-fr","8":"product_tag-reserva-fr","9":"product_tag-rioja-fr","11":"first","12":"outofstock","13":"taxable","14":"shipping-taxable","15":"purchasable","16":"product-type-simple"},"acf":[],"yoast_head":"<!-- This site is optimized with the Yoast SEO plugin v27.2 - https:\/\/yoast.com\/product\/yoast-seo-wordpress\/ -->\n<title>Bodegas Franco Espa\u00f1ol. vin rouge. Reserva Especial. rioja 1962 botella n\u00ba 13 - Wine Spirits Collection<\/title>\n<meta name=\"description\" content=\"Rioja historique d&#039;une grande \u00e9l\u00e9gance et complexit\u00e9 \u00c9labor\u00e9 avec les meilleurs raisins d&#039;un mill\u00e9sime exceptionnel et vieilli pendant des d\u00e9cennies pour offrir une exp\u00e9rience unique.\" \/>\n<meta name=\"robots\" content=\"index, follow, max-snippet:-1, max-image-preview:large, max-video-preview:-1\" \/>\n<link rel=\"canonical\" href=\"https:\/\/www.winespiritscollection.com\/fr\/producto\/bodegas-franco-espanol-vin-rouge-reserva-especial-rioja-1962-botella-no-13\/\" \/>\n<meta property=\"og:locale\" content=\"fr_FR\" \/>\n<meta property=\"og:type\" content=\"article\" \/>\n<meta property=\"og:title\" content=\"Bodegas Franco Espa\u00f1ol. vin rouge. Reserva Especial. rioja 1962 botella n\u00ba 13 - Wine Spirits Collection\" \/>\n<meta property=\"og:description\" content=\"Rioja historique d&#039;une grande \u00e9l\u00e9gance et complexit\u00e9 \u00c9labor\u00e9 avec les meilleurs raisins d&#039;un mill\u00e9sime exceptionnel et vieilli pendant des d\u00e9cennies pour offrir une exp\u00e9rience unique.\" \/>\n<meta property=\"og:url\" content=\"https:\/\/www.winespiritscollection.com\/fr\/producto\/bodegas-franco-espanol-vin-rouge-reserva-especial-rioja-1962-botella-no-13\/\" \/>\n<meta property=\"og:site_name\" content=\"Wine Spirits Collection\" \/>\n<meta property=\"og:image\" content=\"https:\/\/www.winespiritscollection.com\/wp-content\/uploads\/2025\/04\/P1190255-removebg-preview.png\" \/>\n\t<meta property=\"og:image:width\" content=\"375\" \/>\n\t<meta property=\"og:image:height\" content=\"666\" \/>\n\t<meta property=\"og:image:type\" content=\"image\/png\" \/>\n<meta name=\"twitter:card\" content=\"summary_large_image\" \/>\n<script type=\"application\/ld+json\" class=\"yoast-schema-graph\">{\"@context\":\"https:\/\/schema.org\",\"@graph\":[{\"@type\":\"WebPage\",\"@id\":\"https:\/\/www.winespiritscollection.com\/fr\/producto\/bodegas-franco-espanol-vin-rouge-reserva-especial-rioja-1962-botella-no-13\/\",\"url\":\"https:\/\/www.winespiritscollection.com\/fr\/producto\/bodegas-franco-espanol-vin-rouge-reserva-especial-rioja-1962-botella-no-13\/\",\"name\":\"Bodegas Franco Espa\u00f1ol. vin rouge. Reserva Especial. rioja 1962 botella n\u00ba 13 - Wine Spirits Collection\",\"isPartOf\":{\"@id\":\"https:\/\/www.winespiritscollection.com\/fr\/#website\"},\"primaryImageOfPage\":{\"@id\":\"https:\/\/www.winespiritscollection.com\/fr\/producto\/bodegas-franco-espanol-vin-rouge-reserva-especial-rioja-1962-botella-no-13\/#primaryimage\"},\"image\":{\"@id\":\"https:\/\/www.winespiritscollection.com\/fr\/producto\/bodegas-franco-espanol-vin-rouge-reserva-especial-rioja-1962-botella-no-13\/#primaryimage\"},\"thumbnailUrl\":\"https:\/\/www.winespiritscollection.com\/wp-content\/uploads\/2025\/04\/P1190255-removebg-preview.png\",\"datePublished\":\"2025-04-30T09:08:25+00:00\",\"description\":\"Rioja historique d'une grande \u00e9l\u00e9gance et complexit\u00e9 \u00c9labor\u00e9 avec les meilleurs raisins d'un mill\u00e9sime exceptionnel et vieilli pendant des d\u00e9cennies pour offrir une exp\u00e9rience unique.\",\"breadcrumb\":{\"@id\":\"https:\/\/www.winespiritscollection.com\/fr\/producto\/bodegas-franco-espanol-vin-rouge-reserva-especial-rioja-1962-botella-no-13\/#breadcrumb\"},\"inLanguage\":\"fr-FR\",\"potentialAction\":[{\"@type\":\"ReadAction\",\"target\":[\"https:\/\/www.winespiritscollection.com\/fr\/producto\/bodegas-franco-espanol-vin-rouge-reserva-especial-rioja-1962-botella-no-13\/\"]}]},{\"@type\":\"ImageObject\",\"inLanguage\":\"fr-FR\",\"@id\":\"https:\/\/www.winespiritscollection.com\/fr\/producto\/bodegas-franco-espanol-vin-rouge-reserva-especial-rioja-1962-botella-no-13\/#primaryimage\",\"url\":\"https:\/\/www.winespiritscollection.com\/wp-content\/uploads\/2025\/04\/P1190255-removebg-preview.png\",\"contentUrl\":\"https:\/\/www.winespiritscollection.com\/wp-content\/uploads\/2025\/04\/P1190255-removebg-preview.png\",\"width\":375,\"height\":666},{\"@type\":\"BreadcrumbList\",\"@id\":\"https:\/\/www.winespiritscollection.com\/fr\/producto\/bodegas-franco-espanol-vin-rouge-reserva-especial-rioja-1962-botella-no-13\/#breadcrumb\",\"itemListElement\":[{\"@type\":\"ListItem\",\"position\":1,\"name\":\"Portada\",\"item\":\"https:\/\/www.winespiritscollection.com\/fr\/\"},{\"@type\":\"ListItem\",\"position\":2,\"name\":\"Boutique\",\"item\":\"https:\/\/www.winespiritscollection.com\/fr\/boutique-de-vins-et-spiritueux\/\"},{\"@type\":\"ListItem\",\"position\":3,\"name\":\"Bodegas Franco Espa\u00f1ol. vin rouge. Reserva Especial. rioja 1962 botella n\u00ba 13\"}]},{\"@type\":\"WebSite\",\"@id\":\"https:\/\/www.winespiritscollection.com\/fr\/#website\",\"url\":\"https:\/\/www.winespiritscollection.com\/fr\/\",\"name\":\"Wine Spirits Collection\",\"description\":\"\",\"publisher\":{\"@id\":\"https:\/\/www.winespiritscollection.com\/fr\/#organization\"},\"potentialAction\":[{\"@type\":\"SearchAction\",\"target\":{\"@type\":\"EntryPoint\",\"urlTemplate\":\"https:\/\/www.winespiritscollection.com\/fr\/?s={search_term_string}\"},\"query-input\":{\"@type\":\"PropertyValueSpecification\",\"valueRequired\":true,\"valueName\":\"search_term_string\"}}],\"inLanguage\":\"fr-FR\"},{\"@type\":\"Organization\",\"@id\":\"https:\/\/www.winespiritscollection.com\/fr\/#organization\",\"name\":\"Wine Spirits Collection\",\"url\":\"https:\/\/www.winespiritscollection.com\/fr\/\",\"logo\":{\"@type\":\"ImageObject\",\"inLanguage\":\"fr-FR\",\"@id\":\"https:\/\/www.winespiritscollection.com\/fr\/#\/schema\/logo\/image\/\",\"url\":\"https:\/\/www.winespiritscollection.com\/wp-content\/uploads\/2024\/03\/cropped-WINE_SPIRITS-LOGO-PRINCIPAL-NEGRE.png\",\"contentUrl\":\"https:\/\/www.winespiritscollection.com\/wp-content\/uploads\/2024\/03\/cropped-WINE_SPIRITS-LOGO-PRINCIPAL-NEGRE.png\",\"width\":2098,\"height\":1368,\"caption\":\"Wine Spirits Collection\"},\"image\":{\"@id\":\"https:\/\/www.winespiritscollection.com\/fr\/#\/schema\/logo\/image\/\"}}]}<\/script>\n<!-- \/ Yoast SEO plugin. -->","yoast_head_json":{"title":"Bodegas Franco Espa\u00f1ol. vin rouge. Reserva Especial. rioja 1962 botella n\u00ba 13 - Wine Spirits Collection","description":"Rioja historique d'une grande \u00e9l\u00e9gance et complexit\u00e9 \u00c9labor\u00e9 avec les meilleurs raisins d'un mill\u00e9sime exceptionnel et vieilli pendant des d\u00e9cennies pour offrir une exp\u00e9rience unique.","robots":{"index":"index","follow":"follow","max-snippet":"max-snippet:-1","max-image-preview":"max-image-preview:large","max-video-preview":"max-video-preview:-1"},"canonical":"https:\/\/www.winespiritscollection.com\/fr\/producto\/bodegas-franco-espanol-vin-rouge-reserva-especial-rioja-1962-botella-no-13\/","og_locale":"fr_FR","og_type":"article","og_title":"Bodegas Franco Espa\u00f1ol. vin rouge. Reserva Especial. rioja 1962 botella n\u00ba 13 - Wine Spirits Collection","og_description":"Rioja historique d'une grande \u00e9l\u00e9gance et complexit\u00e9 \u00c9labor\u00e9 avec les meilleurs raisins d'un mill\u00e9sime exceptionnel et vieilli pendant des d\u00e9cennies pour offrir une exp\u00e9rience unique.","og_url":"https:\/\/www.winespiritscollection.com\/fr\/producto\/bodegas-franco-espanol-vin-rouge-reserva-especial-rioja-1962-botella-no-13\/","og_site_name":"Wine Spirits Collection","og_image":[{"width":375,"height":666,"url":"https:\/\/www.winespiritscollection.com\/wp-content\/uploads\/2025\/04\/P1190255-removebg-preview.png","type":"image\/png"}],"twitter_card":"summary_large_image","schema":{"@context":"https:\/\/schema.org","@graph":[{"@type":"WebPage","@id":"https:\/\/www.winespiritscollection.com\/fr\/producto\/bodegas-franco-espanol-vin-rouge-reserva-especial-rioja-1962-botella-no-13\/","url":"https:\/\/www.winespiritscollection.com\/fr\/producto\/bodegas-franco-espanol-vin-rouge-reserva-especial-rioja-1962-botella-no-13\/","name":"Bodegas Franco Espa\u00f1ol. vin rouge. Reserva Especial. rioja 1962 botella n\u00ba 13 - Wine Spirits Collection","isPartOf":{"@id":"https:\/\/www.winespiritscollection.com\/fr\/#website"},"primaryImageOfPage":{"@id":"https:\/\/www.winespiritscollection.com\/fr\/producto\/bodegas-franco-espanol-vin-rouge-reserva-especial-rioja-1962-botella-no-13\/#primaryimage"},"image":{"@id":"https:\/\/www.winespiritscollection.com\/fr\/producto\/bodegas-franco-espanol-vin-rouge-reserva-especial-rioja-1962-botella-no-13\/#primaryimage"},"thumbnailUrl":"https:\/\/www.winespiritscollection.com\/wp-content\/uploads\/2025\/04\/P1190255-removebg-preview.png","datePublished":"2025-04-30T09:08:25+00:00","description":"Rioja historique d'une grande \u00e9l\u00e9gance et complexit\u00e9 \u00c9labor\u00e9 avec les meilleurs raisins d'un mill\u00e9sime exceptionnel et vieilli pendant des d\u00e9cennies pour offrir une exp\u00e9rience unique.","breadcrumb":{"@id":"https:\/\/www.winespiritscollection.com\/fr\/producto\/bodegas-franco-espanol-vin-rouge-reserva-especial-rioja-1962-botella-no-13\/#breadcrumb"},"inLanguage":"fr-FR","potentialAction":[{"@type":"ReadAction","target":["https:\/\/www.winespiritscollection.com\/fr\/producto\/bodegas-franco-espanol-vin-rouge-reserva-especial-rioja-1962-botella-no-13\/"]}]},{"@type":"ImageObject","inLanguage":"fr-FR","@id":"https:\/\/www.winespiritscollection.com\/fr\/producto\/bodegas-franco-espanol-vin-rouge-reserva-especial-rioja-1962-botella-no-13\/#primaryimage","url":"https:\/\/www.winespiritscollection.com\/wp-content\/uploads\/2025\/04\/P1190255-removebg-preview.png","contentUrl":"https:\/\/www.winespiritscollection.com\/wp-content\/uploads\/2025\/04\/P1190255-removebg-preview.png","width":375,"height":666},{"@type":"BreadcrumbList","@id":"https:\/\/www.winespiritscollection.com\/fr\/producto\/bodegas-franco-espanol-vin-rouge-reserva-especial-rioja-1962-botella-no-13\/#breadcrumb","itemListElement":[{"@type":"ListItem","position":1,"name":"Portada","item":"https:\/\/www.winespiritscollection.com\/fr\/"},{"@type":"ListItem","position":2,"name":"Boutique","item":"https:\/\/www.winespiritscollection.com\/fr\/boutique-de-vins-et-spiritueux\/"},{"@type":"ListItem","position":3,"name":"Bodegas Franco Espa\u00f1ol. vin rouge. Reserva Especial. rioja 1962 botella n\u00ba 13"}]},{"@type":"WebSite","@id":"https:\/\/www.winespiritscollection.com\/fr\/#website","url":"https:\/\/www.winespiritscollection.com\/fr\/","name":"Wine Spirits Collection","description":"","publisher":{"@id":"https:\/\/www.winespiritscollection.com\/fr\/#organization"},"potentialAction":[{"@type":"SearchAction","target":{"@type":"EntryPoint","urlTemplate":"https:\/\/www.winespiritscollection.com\/fr\/?s={search_term_string}"},"query-input":{"@type":"PropertyValueSpecification","valueRequired":true,"valueName":"search_term_string"}}],"inLanguage":"fr-FR"},{"@type":"Organization","@id":"https:\/\/www.winespiritscollection.com\/fr\/#organization","name":"Wine Spirits Collection","url":"https:\/\/www.winespiritscollection.com\/fr\/","logo":{"@type":"ImageObject","inLanguage":"fr-FR","@id":"https:\/\/www.winespiritscollection.com\/fr\/#\/schema\/logo\/image\/","url":"https:\/\/www.winespiritscollection.com\/wp-content\/uploads\/2024\/03\/cropped-WINE_SPIRITS-LOGO-PRINCIPAL-NEGRE.png","contentUrl":"https:\/\/www.winespiritscollection.com\/wp-content\/uploads\/2024\/03\/cropped-WINE_SPIRITS-LOGO-PRINCIPAL-NEGRE.png","width":2098,"height":1368,"caption":"Wine Spirits Collection"},"image":{"@id":"https:\/\/www.winespiritscollection.com\/fr\/#\/schema\/logo\/image\/"}}]}},"_links":{"self":[{"href":"https:\/\/www.winespiritscollection.com\/fr\/wp-json\/wp\/v2\/product\/2091","targetHints":{"allow":["GET"]}}],"collection":[{"href":"https:\/\/www.winespiritscollection.com\/fr\/wp-json\/wp\/v2\/product"}],"about":[{"href":"https:\/\/www.winespiritscollection.com\/fr\/wp-json\/wp\/v2\/types\/product"}],"replies":[{"embeddable":true,"href":"https:\/\/www.winespiritscollection.com\/fr\/wp-json\/wp\/v2\/comments?post=2091"}],"wp:featuredmedia":[{"embeddable":true,"href":"https:\/\/www.winespiritscollection.com\/fr\/wp-json\/wp\/v2\/media\/2080"}],"wp:attachment":[{"href":"https:\/\/www.winespiritscollection.com\/fr\/wp-json\/wp\/v2\/media?parent=2091"}],"wp:term":[{"taxonomy":"product_brand","embeddable":true,"href":"https:\/\/www.winespiritscollection.com\/fr\/wp-json\/wp\/v2\/product_brand?post=2091"},{"taxonomy":"product_cat","embeddable":true,"href":"https:\/\/www.winespiritscollection.com\/fr\/wp-json\/wp\/v2\/product_cat?post=2091"},{"taxonomy":"product_tag","embeddable":true,"href":"https:\/\/www.winespiritscollection.com\/fr\/wp-json\/wp\/v2\/product_tag?post=2091"}],"curies":[{"name":"wp","href":"https:\/\/api.w.org\/{rel}","templated":true}]}}