{"id":883,"date":"2024-05-16T00:27:36","date_gmt":"2024-05-15T22:27:36","guid":{"rendered":"https:\/\/www.winespiritscollection.com\/producto\/chartreuse-tarragone-jaune-1985-1989\/"},"modified":"2024-06-11T20:36:30","modified_gmt":"2024-06-11T18:36:30","slug":"chartreuse-tarragone-jaune-1985-1989","status":"publish","type":"product","link":"https:\/\/www.winespiritscollection.com\/fr\/producto\/chartreuse-tarragone-jaune-1985-1989\/","title":{"rendered":"Chartreuse Tarragone jaune 1985\/1989"},"content":{"rendered":"<p>Une liqueur de grande valeur historique produite par les P\u00e8res Chartreux \u00e0 Tarragone jusqu&#8217;en 1989, bien que ses d\u00e9buts aient eu lieu en France.<\/p>\n<p>Lorsque les moines furent expuls\u00e9s de France en 1903, ils \u00f4t\u00e8rent leur secret et implant\u00e8rent une distillerie \u00e0 Tarragone et l&#8217;appel\u00e8rent liqueur : &#8220;Tarragona&#8221;.<\/p>\n<p>La recette n&#8217;a jamais \u00e9t\u00e9 brevet\u00e9e. Seuls 3 moines connaissent un tiers de la recette, et celle-ci se transmet de g\u00e9n\u00e9ration en g\u00e9n\u00e9ration.<\/p>\n<p>La combinaison de leurs saveurs est unique, comme le disent leurs nombreux adeptes, qui disent que plus la gorg\u00e9e est conserv\u00e9e en bouche, plus on trouve de nuances de saveurs.<\/p>\n<p>La Chartreuse de Tarragone est l&#8217;une des bouteilles les plus recherch\u00e9es et appr\u00e9ci\u00e9es des collectionneurs au monde.<\/p>\n<p>Pourquoi choisir la chartreuse de Tarragone ?<\/p>\n<p>&#8211; saveur in\u00e9gal\u00e9e : notre liqueur offre un m\u00e9lange parfait de douceur et de complexit\u00e9 herbac\u00e9e<br \/>\n&#8211; histoire et tradition : avec plus de 400 ans d&#8217;histoire, la Chartreuse Tarragona est un symbole d&#8217;artisanat et de qualit\u00e9<br \/>\n&#8211; Polyvalence : \u00c0 d\u00e9guster seul, en cocktails ou comme ingr\u00e9dient dans des plats gastronomiques pour ajouter une touche distinctive.<\/p>\n","protected":false},"excerpt":{"rendered":"<p>Liqueur jaune de chartreuse tarragone &#8211; 75.cl &#8211; 40\u00ba &#8211; p\u00e9riode de fabrication 1985\/1989.<\/p>\n<p>acheter chartreuse tarragona liqueur haut de gamme la plus appr\u00e9ci\u00e9e des sommeliers des restaurants de luxe et la plus recherch\u00e9e des collectionneurs d&#8217;alcool<\/p>\n<p>Flacon d&#8217;origine non ouvert.<\/p>\n<p>&nbsp;<\/p>\n","protected":false},"featured_media":783,"comment_status":"open","ping_status":"closed","template":"","meta":{"_acf_changed":false,"_glsr_average":0,"_glsr_ranking":0,"_glsr_reviews":0,"_joinchat":[]},"product_brand":[],"product_cat":[113],"product_tag":[121,125,128,122,124,126,127,123],"class_list":{"0":"post-883","1":"product","2":"type-product","3":"status-publish","4":"has-post-thumbnail","6":"product_cat-collection-chartreuse","7":"product_tag-chartreuse-fr","8":"product_tag-cocktail-fr","9":"product_tag-elixir-fr","10":"product_tag-liqueur-fr","11":"product_tag-luxury-fr","12":"product_tag-premium-fr","13":"product_tag-sommelier-fr","14":"product_tag-tarragone-fr","16":"first","17":"outofstock","18":"taxable","19":"shipping-taxable","20":"purchasable","21":"product-type-simple"},"acf":[],"yoast_head":"<!-- This site is optimized with the Yoast SEO plugin v27.2 - https:\/\/yoast.com\/product\/yoast-seo-wordpress\/ -->\n<title>Chartreuse Tarragone jaune 1985\/1989 - Wine Spirits Collection<\/title>\n<meta name=\"description\" content=\"acheter liqueur jaune de chartreuse tarragone, p\u00e9riode 1985\/1989. Les Chartreuses sont l&#039;une des bouteilles les plus recherch\u00e9es et appr\u00e9ci\u00e9es des collectionneurs.\" \/>\n<meta name=\"robots\" content=\"index, follow, max-snippet:-1, max-image-preview:large, max-video-preview:-1\" \/>\n<link rel=\"canonical\" href=\"https:\/\/www.winespiritscollection.com\/fr\/producto\/chartreuse-tarragone-jaune-1985-1989\/\" \/>\n<meta property=\"og:locale\" content=\"fr_FR\" \/>\n<meta property=\"og:type\" content=\"article\" \/>\n<meta property=\"og:title\" content=\"Chartreuse Tarragone jaune 1985\/1989 - Wine Spirits Collection\" \/>\n<meta property=\"og:description\" content=\"acheter liqueur jaune de chartreuse tarragone, p\u00e9riode 1985\/1989. Les Chartreuses sont l&#039;une des bouteilles les plus recherch\u00e9es et appr\u00e9ci\u00e9es des collectionneurs.\" \/>\n<meta property=\"og:url\" content=\"https:\/\/www.winespiritscollection.com\/fr\/producto\/chartreuse-tarragone-jaune-1985-1989\/\" \/>\n<meta property=\"og:site_name\" content=\"Wine Spirits Collection\" \/>\n<meta property=\"article:modified_time\" content=\"2024-06-11T18:36:30+00:00\" \/>\n<meta property=\"og:image\" content=\"https:\/\/www.winespiritscollection.com\/wp-content\/uploads\/2024\/05\/IMG_8365-removebg-preview.png\" \/>\n\t<meta property=\"og:image:width\" content=\"433\" \/>\n\t<meta property=\"og:image:height\" content=\"577\" \/>\n\t<meta property=\"og:image:type\" content=\"image\/png\" \/>\n<meta name=\"twitter:card\" content=\"summary_large_image\" \/>\n<meta name=\"twitter:label1\" content=\"Dur\u00e9e de lecture estim\u00e9e\" \/>\n\t<meta name=\"twitter:data1\" content=\"1 minute\" \/>\n<script type=\"application\/ld+json\" class=\"yoast-schema-graph\">{\"@context\":\"https:\/\/schema.org\",\"@graph\":[{\"@type\":\"WebPage\",\"@id\":\"https:\/\/www.winespiritscollection.com\/fr\/producto\/chartreuse-tarragone-jaune-1985-1989\/\",\"url\":\"https:\/\/www.winespiritscollection.com\/fr\/producto\/chartreuse-tarragone-jaune-1985-1989\/\",\"name\":\"Chartreuse Tarragone jaune 1985\/1989 - Wine Spirits Collection\",\"isPartOf\":{\"@id\":\"https:\/\/www.winespiritscollection.com\/fr\/#website\"},\"primaryImageOfPage\":{\"@id\":\"https:\/\/www.winespiritscollection.com\/fr\/producto\/chartreuse-tarragone-jaune-1985-1989\/#primaryimage\"},\"image\":{\"@id\":\"https:\/\/www.winespiritscollection.com\/fr\/producto\/chartreuse-tarragone-jaune-1985-1989\/#primaryimage\"},\"thumbnailUrl\":\"https:\/\/www.winespiritscollection.com\/wp-content\/uploads\/2024\/05\/IMG_8365-removebg-preview.png\",\"datePublished\":\"2024-05-15T22:27:36+00:00\",\"dateModified\":\"2024-06-11T18:36:30+00:00\",\"description\":\"acheter liqueur jaune de chartreuse tarragone, p\u00e9riode 1985\/1989. Les Chartreuses sont l'une des bouteilles les plus recherch\u00e9es et appr\u00e9ci\u00e9es des collectionneurs.\",\"breadcrumb\":{\"@id\":\"https:\/\/www.winespiritscollection.com\/fr\/producto\/chartreuse-tarragone-jaune-1985-1989\/#breadcrumb\"},\"inLanguage\":\"fr-FR\",\"potentialAction\":[{\"@type\":\"ReadAction\",\"target\":[\"https:\/\/www.winespiritscollection.com\/fr\/producto\/chartreuse-tarragone-jaune-1985-1989\/\"]}]},{\"@type\":\"ImageObject\",\"inLanguage\":\"fr-FR\",\"@id\":\"https:\/\/www.winespiritscollection.com\/fr\/producto\/chartreuse-tarragone-jaune-1985-1989\/#primaryimage\",\"url\":\"https:\/\/www.winespiritscollection.com\/wp-content\/uploads\/2024\/05\/IMG_8365-removebg-preview.png\",\"contentUrl\":\"https:\/\/www.winespiritscollection.com\/wp-content\/uploads\/2024\/05\/IMG_8365-removebg-preview.png\",\"width\":433,\"height\":577},{\"@type\":\"BreadcrumbList\",\"@id\":\"https:\/\/www.winespiritscollection.com\/fr\/producto\/chartreuse-tarragone-jaune-1985-1989\/#breadcrumb\",\"itemListElement\":[{\"@type\":\"ListItem\",\"position\":1,\"name\":\"Portada\",\"item\":\"https:\/\/www.winespiritscollection.com\/fr\/\"},{\"@type\":\"ListItem\",\"position\":2,\"name\":\"Boutique\",\"item\":\"https:\/\/www.winespiritscollection.com\/fr\/boutique-de-vins-et-spiritueux\/\"},{\"@type\":\"ListItem\",\"position\":3,\"name\":\"Chartreuse Tarragone jaune 1985\/1989\"}]},{\"@type\":\"WebSite\",\"@id\":\"https:\/\/www.winespiritscollection.com\/fr\/#website\",\"url\":\"https:\/\/www.winespiritscollection.com\/fr\/\",\"name\":\"Wine Spirits Collection\",\"description\":\"\",\"publisher\":{\"@id\":\"https:\/\/www.winespiritscollection.com\/fr\/#organization\"},\"potentialAction\":[{\"@type\":\"SearchAction\",\"target\":{\"@type\":\"EntryPoint\",\"urlTemplate\":\"https:\/\/www.winespiritscollection.com\/fr\/?s={search_term_string}\"},\"query-input\":{\"@type\":\"PropertyValueSpecification\",\"valueRequired\":true,\"valueName\":\"search_term_string\"}}],\"inLanguage\":\"fr-FR\"},{\"@type\":\"Organization\",\"@id\":\"https:\/\/www.winespiritscollection.com\/fr\/#organization\",\"name\":\"Wine Spirits Collection\",\"url\":\"https:\/\/www.winespiritscollection.com\/fr\/\",\"logo\":{\"@type\":\"ImageObject\",\"inLanguage\":\"fr-FR\",\"@id\":\"https:\/\/www.winespiritscollection.com\/fr\/#\/schema\/logo\/image\/\",\"url\":\"https:\/\/www.winespiritscollection.com\/wp-content\/uploads\/2024\/03\/cropped-WINE_SPIRITS-LOGO-PRINCIPAL-NEGRE.png\",\"contentUrl\":\"https:\/\/www.winespiritscollection.com\/wp-content\/uploads\/2024\/03\/cropped-WINE_SPIRITS-LOGO-PRINCIPAL-NEGRE.png\",\"width\":2098,\"height\":1368,\"caption\":\"Wine Spirits Collection\"},\"image\":{\"@id\":\"https:\/\/www.winespiritscollection.com\/fr\/#\/schema\/logo\/image\/\"}}]}<\/script>\n<!-- \/ Yoast SEO plugin. -->","yoast_head_json":{"title":"Chartreuse Tarragone jaune 1985\/1989 - Wine Spirits Collection","description":"acheter liqueur jaune de chartreuse tarragone, p\u00e9riode 1985\/1989. Les Chartreuses sont l'une des bouteilles les plus recherch\u00e9es et appr\u00e9ci\u00e9es des collectionneurs.","robots":{"index":"index","follow":"follow","max-snippet":"max-snippet:-1","max-image-preview":"max-image-preview:large","max-video-preview":"max-video-preview:-1"},"canonical":"https:\/\/www.winespiritscollection.com\/fr\/producto\/chartreuse-tarragone-jaune-1985-1989\/","og_locale":"fr_FR","og_type":"article","og_title":"Chartreuse Tarragone jaune 1985\/1989 - Wine Spirits Collection","og_description":"acheter liqueur jaune de chartreuse tarragone, p\u00e9riode 1985\/1989. Les Chartreuses sont l'une des bouteilles les plus recherch\u00e9es et appr\u00e9ci\u00e9es des collectionneurs.","og_url":"https:\/\/www.winespiritscollection.com\/fr\/producto\/chartreuse-tarragone-jaune-1985-1989\/","og_site_name":"Wine Spirits Collection","article_modified_time":"2024-06-11T18:36:30+00:00","og_image":[{"width":433,"height":577,"url":"https:\/\/www.winespiritscollection.com\/wp-content\/uploads\/2024\/05\/IMG_8365-removebg-preview.png","type":"image\/png"}],"twitter_card":"summary_large_image","twitter_misc":{"Dur\u00e9e de lecture estim\u00e9e":"1 minute"},"schema":{"@context":"https:\/\/schema.org","@graph":[{"@type":"WebPage","@id":"https:\/\/www.winespiritscollection.com\/fr\/producto\/chartreuse-tarragone-jaune-1985-1989\/","url":"https:\/\/www.winespiritscollection.com\/fr\/producto\/chartreuse-tarragone-jaune-1985-1989\/","name":"Chartreuse Tarragone jaune 1985\/1989 - Wine Spirits Collection","isPartOf":{"@id":"https:\/\/www.winespiritscollection.com\/fr\/#website"},"primaryImageOfPage":{"@id":"https:\/\/www.winespiritscollection.com\/fr\/producto\/chartreuse-tarragone-jaune-1985-1989\/#primaryimage"},"image":{"@id":"https:\/\/www.winespiritscollection.com\/fr\/producto\/chartreuse-tarragone-jaune-1985-1989\/#primaryimage"},"thumbnailUrl":"https:\/\/www.winespiritscollection.com\/wp-content\/uploads\/2024\/05\/IMG_8365-removebg-preview.png","datePublished":"2024-05-15T22:27:36+00:00","dateModified":"2024-06-11T18:36:30+00:00","description":"acheter liqueur jaune de chartreuse tarragone, p\u00e9riode 1985\/1989. Les Chartreuses sont l'une des bouteilles les plus recherch\u00e9es et appr\u00e9ci\u00e9es des collectionneurs.","breadcrumb":{"@id":"https:\/\/www.winespiritscollection.com\/fr\/producto\/chartreuse-tarragone-jaune-1985-1989\/#breadcrumb"},"inLanguage":"fr-FR","potentialAction":[{"@type":"ReadAction","target":["https:\/\/www.winespiritscollection.com\/fr\/producto\/chartreuse-tarragone-jaune-1985-1989\/"]}]},{"@type":"ImageObject","inLanguage":"fr-FR","@id":"https:\/\/www.winespiritscollection.com\/fr\/producto\/chartreuse-tarragone-jaune-1985-1989\/#primaryimage","url":"https:\/\/www.winespiritscollection.com\/wp-content\/uploads\/2024\/05\/IMG_8365-removebg-preview.png","contentUrl":"https:\/\/www.winespiritscollection.com\/wp-content\/uploads\/2024\/05\/IMG_8365-removebg-preview.png","width":433,"height":577},{"@type":"BreadcrumbList","@id":"https:\/\/www.winespiritscollection.com\/fr\/producto\/chartreuse-tarragone-jaune-1985-1989\/#breadcrumb","itemListElement":[{"@type":"ListItem","position":1,"name":"Portada","item":"https:\/\/www.winespiritscollection.com\/fr\/"},{"@type":"ListItem","position":2,"name":"Boutique","item":"https:\/\/www.winespiritscollection.com\/fr\/boutique-de-vins-et-spiritueux\/"},{"@type":"ListItem","position":3,"name":"Chartreuse Tarragone jaune 1985\/1989"}]},{"@type":"WebSite","@id":"https:\/\/www.winespiritscollection.com\/fr\/#website","url":"https:\/\/www.winespiritscollection.com\/fr\/","name":"Wine Spirits Collection","description":"","publisher":{"@id":"https:\/\/www.winespiritscollection.com\/fr\/#organization"},"potentialAction":[{"@type":"SearchAction","target":{"@type":"EntryPoint","urlTemplate":"https:\/\/www.winespiritscollection.com\/fr\/?s={search_term_string}"},"query-input":{"@type":"PropertyValueSpecification","valueRequired":true,"valueName":"search_term_string"}}],"inLanguage":"fr-FR"},{"@type":"Organization","@id":"https:\/\/www.winespiritscollection.com\/fr\/#organization","name":"Wine Spirits Collection","url":"https:\/\/www.winespiritscollection.com\/fr\/","logo":{"@type":"ImageObject","inLanguage":"fr-FR","@id":"https:\/\/www.winespiritscollection.com\/fr\/#\/schema\/logo\/image\/","url":"https:\/\/www.winespiritscollection.com\/wp-content\/uploads\/2024\/03\/cropped-WINE_SPIRITS-LOGO-PRINCIPAL-NEGRE.png","contentUrl":"https:\/\/www.winespiritscollection.com\/wp-content\/uploads\/2024\/03\/cropped-WINE_SPIRITS-LOGO-PRINCIPAL-NEGRE.png","width":2098,"height":1368,"caption":"Wine Spirits Collection"},"image":{"@id":"https:\/\/www.winespiritscollection.com\/fr\/#\/schema\/logo\/image\/"}}]}},"_links":{"self":[{"href":"https:\/\/www.winespiritscollection.com\/fr\/wp-json\/wp\/v2\/product\/883","targetHints":{"allow":["GET"]}}],"collection":[{"href":"https:\/\/www.winespiritscollection.com\/fr\/wp-json\/wp\/v2\/product"}],"about":[{"href":"https:\/\/www.winespiritscollection.com\/fr\/wp-json\/wp\/v2\/types\/product"}],"replies":[{"embeddable":true,"href":"https:\/\/www.winespiritscollection.com\/fr\/wp-json\/wp\/v2\/comments?post=883"}],"wp:featuredmedia":[{"embeddable":true,"href":"https:\/\/www.winespiritscollection.com\/fr\/wp-json\/wp\/v2\/media\/783"}],"wp:attachment":[{"href":"https:\/\/www.winespiritscollection.com\/fr\/wp-json\/wp\/v2\/media?parent=883"}],"wp:term":[{"taxonomy":"product_brand","embeddable":true,"href":"https:\/\/www.winespiritscollection.com\/fr\/wp-json\/wp\/v2\/product_brand?post=883"},{"taxonomy":"product_cat","embeddable":true,"href":"https:\/\/www.winespiritscollection.com\/fr\/wp-json\/wp\/v2\/product_cat?post=883"},{"taxonomy":"product_tag","embeddable":true,"href":"https:\/\/www.winespiritscollection.com\/fr\/wp-json\/wp\/v2\/product_tag?post=883"}],"curies":[{"name":"wp","href":"https:\/\/api.w.org\/{rel}","templated":true}]}}