{"id":901,"date":"2019-01-23T00:00:00","date_gmt":"2019-01-22T23:00:00","guid":{"rendered":"https:\/\/www.winespiritscollection.com\/producto\/ancienne-bouteille-dabsinthe-sorel\/"},"modified":"2024-05-22T21:06:58","modified_gmt":"2024-05-22T19:06:58","slug":"ancienne-bouteille-dabsinthe-sorel","status":"publish","type":"product","link":"https:\/\/www.winespiritscollection.com\/fr\/producto\/ancienne-bouteille-dabsinthe-sorel\/","title":{"rendered":"Ancienne bouteille d&#8217;Absinthe Sorel"},"content":{"rendered":"<p>Ancienne bouteille d&#8217;Absinthe Sorel, 45\u00ba. Ap\u00e9ritif Anis<\/p>\n","protected":false},"excerpt":{"rendered":"<p><span class=\"tlid-translation translation\"><span title=\"\">Fabriqu\u00e9 \u00e0 Arenys de Munt, Barcelone. 45 \u00ba. 75 cl. C&#8217;est une boisson parfaite pour l&#8217;ap\u00e9ritif ou pour faire des cocktails<br \/>\n<\/span><\/span><\/p>\n","protected":false},"featured_media":635,"comment_status":"open","ping_status":"closed","template":"","meta":{"_acf_changed":false,"_glsr_average":0,"_glsr_ranking":0,"_glsr_reviews":0,"_joinchat":[]},"product_brand":[],"product_cat":[114],"product_tag":[],"class_list":{"0":"post-901","1":"product","2":"type-product","3":"status-publish","4":"has-post-thumbnail","6":"product_cat-collection-de-liqueurs","8":"first","9":"instock","10":"taxable","11":"shipping-taxable","12":"purchasable","13":"product-type-simple"},"acf":[],"yoast_head":"<!-- This site is optimized with the Yoast SEO plugin v27.2 - https:\/\/yoast.com\/product\/yoast-seo-wordpress\/ -->\n<title>Ancienne bouteille d&#039;Absinthe Sorel - Wine Spirits Collection<\/title>\n<meta name=\"description\" content=\"Ancienne bouteille d&#039;Absinthe Sorel, 45\u00ba. Aperitif Anise. C&#039;est une boisson parfaite \u00e0 l&#039;ap\u00e9ritif ou pour r\u00e9aliser des cocktails.\" \/>\n<meta name=\"robots\" content=\"index, follow, max-snippet:-1, max-image-preview:large, max-video-preview:-1\" \/>\n<link rel=\"canonical\" href=\"https:\/\/www.winespiritscollection.com\/fr\/producto\/ancienne-bouteille-dabsinthe-sorel\/\" \/>\n<meta property=\"og:locale\" content=\"fr_FR\" \/>\n<meta property=\"og:type\" content=\"article\" \/>\n<meta property=\"og:title\" content=\"Ancienne bouteille d&#039;Absinthe Sorel - Wine Spirits Collection\" \/>\n<meta property=\"og:description\" content=\"Ancienne bouteille d&#039;Absinthe Sorel, 45\u00ba. Aperitif Anise. C&#039;est une boisson parfaite \u00e0 l&#039;ap\u00e9ritif ou pour r\u00e9aliser des cocktails.\" \/>\n<meta property=\"og:url\" content=\"https:\/\/www.winespiritscollection.com\/fr\/producto\/ancienne-bouteille-dabsinthe-sorel\/\" \/>\n<meta property=\"og:site_name\" content=\"Wine Spirits Collection\" \/>\n<meta property=\"article:modified_time\" content=\"2024-05-22T19:06:58+00:00\" \/>\n<meta property=\"og:image\" content=\"https:\/\/www.winespiritscollection.com\/wp-content\/uploads\/2024\/05\/IMG_2920-scaled-1-removebg-preview.png\" \/>\n\t<meta property=\"og:image:width\" content=\"433\" \/>\n\t<meta property=\"og:image:height\" content=\"577\" \/>\n\t<meta property=\"og:image:type\" content=\"image\/png\" \/>\n<meta name=\"twitter:card\" content=\"summary_large_image\" \/>\n<script type=\"application\/ld+json\" class=\"yoast-schema-graph\">{\"@context\":\"https:\/\/schema.org\",\"@graph\":[{\"@type\":\"WebPage\",\"@id\":\"https:\/\/www.winespiritscollection.com\/fr\/producto\/ancienne-bouteille-dabsinthe-sorel\/\",\"url\":\"https:\/\/www.winespiritscollection.com\/fr\/producto\/ancienne-bouteille-dabsinthe-sorel\/\",\"name\":\"Ancienne bouteille d'Absinthe Sorel - Wine Spirits Collection\",\"isPartOf\":{\"@id\":\"https:\/\/www.winespiritscollection.com\/fr\/#website\"},\"primaryImageOfPage\":{\"@id\":\"https:\/\/www.winespiritscollection.com\/fr\/producto\/ancienne-bouteille-dabsinthe-sorel\/#primaryimage\"},\"image\":{\"@id\":\"https:\/\/www.winespiritscollection.com\/fr\/producto\/ancienne-bouteille-dabsinthe-sorel\/#primaryimage\"},\"thumbnailUrl\":\"https:\/\/www.winespiritscollection.com\/wp-content\/uploads\/2024\/05\/IMG_2920-scaled-1-removebg-preview.png\",\"datePublished\":\"2019-01-22T23:00:00+00:00\",\"dateModified\":\"2024-05-22T19:06:58+00:00\",\"description\":\"Ancienne bouteille d'Absinthe Sorel, 45\u00ba. Aperitif Anise. C'est une boisson parfaite \u00e0 l'ap\u00e9ritif ou pour r\u00e9aliser des cocktails.\",\"breadcrumb\":{\"@id\":\"https:\/\/www.winespiritscollection.com\/fr\/producto\/ancienne-bouteille-dabsinthe-sorel\/#breadcrumb\"},\"inLanguage\":\"fr-FR\",\"potentialAction\":[{\"@type\":\"ReadAction\",\"target\":[\"https:\/\/www.winespiritscollection.com\/fr\/producto\/ancienne-bouteille-dabsinthe-sorel\/\"]}]},{\"@type\":\"ImageObject\",\"inLanguage\":\"fr-FR\",\"@id\":\"https:\/\/www.winespiritscollection.com\/fr\/producto\/ancienne-bouteille-dabsinthe-sorel\/#primaryimage\",\"url\":\"https:\/\/www.winespiritscollection.com\/wp-content\/uploads\/2024\/05\/IMG_2920-scaled-1-removebg-preview.png\",\"contentUrl\":\"https:\/\/www.winespiritscollection.com\/wp-content\/uploads\/2024\/05\/IMG_2920-scaled-1-removebg-preview.png\",\"width\":433,\"height\":577},{\"@type\":\"BreadcrumbList\",\"@id\":\"https:\/\/www.winespiritscollection.com\/fr\/producto\/ancienne-bouteille-dabsinthe-sorel\/#breadcrumb\",\"itemListElement\":[{\"@type\":\"ListItem\",\"position\":1,\"name\":\"Portada\",\"item\":\"https:\/\/www.winespiritscollection.com\/fr\/\"},{\"@type\":\"ListItem\",\"position\":2,\"name\":\"Boutique\",\"item\":\"https:\/\/www.winespiritscollection.com\/fr\/boutique-de-vins-et-spiritueux\/\"},{\"@type\":\"ListItem\",\"position\":3,\"name\":\"Ancienne bouteille d&#8217;Absinthe Sorel\"}]},{\"@type\":\"WebSite\",\"@id\":\"https:\/\/www.winespiritscollection.com\/fr\/#website\",\"url\":\"https:\/\/www.winespiritscollection.com\/fr\/\",\"name\":\"Wine Spirits Collection\",\"description\":\"\",\"publisher\":{\"@id\":\"https:\/\/www.winespiritscollection.com\/fr\/#organization\"},\"potentialAction\":[{\"@type\":\"SearchAction\",\"target\":{\"@type\":\"EntryPoint\",\"urlTemplate\":\"https:\/\/www.winespiritscollection.com\/fr\/?s={search_term_string}\"},\"query-input\":{\"@type\":\"PropertyValueSpecification\",\"valueRequired\":true,\"valueName\":\"search_term_string\"}}],\"inLanguage\":\"fr-FR\"},{\"@type\":\"Organization\",\"@id\":\"https:\/\/www.winespiritscollection.com\/fr\/#organization\",\"name\":\"Wine Spirits Collection\",\"url\":\"https:\/\/www.winespiritscollection.com\/fr\/\",\"logo\":{\"@type\":\"ImageObject\",\"inLanguage\":\"fr-FR\",\"@id\":\"https:\/\/www.winespiritscollection.com\/fr\/#\/schema\/logo\/image\/\",\"url\":\"https:\/\/www.winespiritscollection.com\/wp-content\/uploads\/2024\/03\/cropped-WINE_SPIRITS-LOGO-PRINCIPAL-NEGRE.png\",\"contentUrl\":\"https:\/\/www.winespiritscollection.com\/wp-content\/uploads\/2024\/03\/cropped-WINE_SPIRITS-LOGO-PRINCIPAL-NEGRE.png\",\"width\":2098,\"height\":1368,\"caption\":\"Wine Spirits Collection\"},\"image\":{\"@id\":\"https:\/\/www.winespiritscollection.com\/fr\/#\/schema\/logo\/image\/\"}}]}<\/script>\n<!-- \/ Yoast SEO plugin. -->","yoast_head_json":{"title":"Ancienne bouteille d'Absinthe Sorel - Wine Spirits Collection","description":"Ancienne bouteille d'Absinthe Sorel, 45\u00ba. Aperitif Anise. C'est une boisson parfaite \u00e0 l'ap\u00e9ritif ou pour r\u00e9aliser des cocktails.","robots":{"index":"index","follow":"follow","max-snippet":"max-snippet:-1","max-image-preview":"max-image-preview:large","max-video-preview":"max-video-preview:-1"},"canonical":"https:\/\/www.winespiritscollection.com\/fr\/producto\/ancienne-bouteille-dabsinthe-sorel\/","og_locale":"fr_FR","og_type":"article","og_title":"Ancienne bouteille d'Absinthe Sorel - Wine Spirits Collection","og_description":"Ancienne bouteille d'Absinthe Sorel, 45\u00ba. Aperitif Anise. C'est une boisson parfaite \u00e0 l'ap\u00e9ritif ou pour r\u00e9aliser des cocktails.","og_url":"https:\/\/www.winespiritscollection.com\/fr\/producto\/ancienne-bouteille-dabsinthe-sorel\/","og_site_name":"Wine Spirits Collection","article_modified_time":"2024-05-22T19:06:58+00:00","og_image":[{"width":433,"height":577,"url":"https:\/\/www.winespiritscollection.com\/wp-content\/uploads\/2024\/05\/IMG_2920-scaled-1-removebg-preview.png","type":"image\/png"}],"twitter_card":"summary_large_image","schema":{"@context":"https:\/\/schema.org","@graph":[{"@type":"WebPage","@id":"https:\/\/www.winespiritscollection.com\/fr\/producto\/ancienne-bouteille-dabsinthe-sorel\/","url":"https:\/\/www.winespiritscollection.com\/fr\/producto\/ancienne-bouteille-dabsinthe-sorel\/","name":"Ancienne bouteille d'Absinthe Sorel - Wine Spirits Collection","isPartOf":{"@id":"https:\/\/www.winespiritscollection.com\/fr\/#website"},"primaryImageOfPage":{"@id":"https:\/\/www.winespiritscollection.com\/fr\/producto\/ancienne-bouteille-dabsinthe-sorel\/#primaryimage"},"image":{"@id":"https:\/\/www.winespiritscollection.com\/fr\/producto\/ancienne-bouteille-dabsinthe-sorel\/#primaryimage"},"thumbnailUrl":"https:\/\/www.winespiritscollection.com\/wp-content\/uploads\/2024\/05\/IMG_2920-scaled-1-removebg-preview.png","datePublished":"2019-01-22T23:00:00+00:00","dateModified":"2024-05-22T19:06:58+00:00","description":"Ancienne bouteille d'Absinthe Sorel, 45\u00ba. Aperitif Anise. C'est une boisson parfaite \u00e0 l'ap\u00e9ritif ou pour r\u00e9aliser des cocktails.","breadcrumb":{"@id":"https:\/\/www.winespiritscollection.com\/fr\/producto\/ancienne-bouteille-dabsinthe-sorel\/#breadcrumb"},"inLanguage":"fr-FR","potentialAction":[{"@type":"ReadAction","target":["https:\/\/www.winespiritscollection.com\/fr\/producto\/ancienne-bouteille-dabsinthe-sorel\/"]}]},{"@type":"ImageObject","inLanguage":"fr-FR","@id":"https:\/\/www.winespiritscollection.com\/fr\/producto\/ancienne-bouteille-dabsinthe-sorel\/#primaryimage","url":"https:\/\/www.winespiritscollection.com\/wp-content\/uploads\/2024\/05\/IMG_2920-scaled-1-removebg-preview.png","contentUrl":"https:\/\/www.winespiritscollection.com\/wp-content\/uploads\/2024\/05\/IMG_2920-scaled-1-removebg-preview.png","width":433,"height":577},{"@type":"BreadcrumbList","@id":"https:\/\/www.winespiritscollection.com\/fr\/producto\/ancienne-bouteille-dabsinthe-sorel\/#breadcrumb","itemListElement":[{"@type":"ListItem","position":1,"name":"Portada","item":"https:\/\/www.winespiritscollection.com\/fr\/"},{"@type":"ListItem","position":2,"name":"Boutique","item":"https:\/\/www.winespiritscollection.com\/fr\/boutique-de-vins-et-spiritueux\/"},{"@type":"ListItem","position":3,"name":"Ancienne bouteille d&#8217;Absinthe Sorel"}]},{"@type":"WebSite","@id":"https:\/\/www.winespiritscollection.com\/fr\/#website","url":"https:\/\/www.winespiritscollection.com\/fr\/","name":"Wine Spirits Collection","description":"","publisher":{"@id":"https:\/\/www.winespiritscollection.com\/fr\/#organization"},"potentialAction":[{"@type":"SearchAction","target":{"@type":"EntryPoint","urlTemplate":"https:\/\/www.winespiritscollection.com\/fr\/?s={search_term_string}"},"query-input":{"@type":"PropertyValueSpecification","valueRequired":true,"valueName":"search_term_string"}}],"inLanguage":"fr-FR"},{"@type":"Organization","@id":"https:\/\/www.winespiritscollection.com\/fr\/#organization","name":"Wine Spirits Collection","url":"https:\/\/www.winespiritscollection.com\/fr\/","logo":{"@type":"ImageObject","inLanguage":"fr-FR","@id":"https:\/\/www.winespiritscollection.com\/fr\/#\/schema\/logo\/image\/","url":"https:\/\/www.winespiritscollection.com\/wp-content\/uploads\/2024\/03\/cropped-WINE_SPIRITS-LOGO-PRINCIPAL-NEGRE.png","contentUrl":"https:\/\/www.winespiritscollection.com\/wp-content\/uploads\/2024\/03\/cropped-WINE_SPIRITS-LOGO-PRINCIPAL-NEGRE.png","width":2098,"height":1368,"caption":"Wine Spirits Collection"},"image":{"@id":"https:\/\/www.winespiritscollection.com\/fr\/#\/schema\/logo\/image\/"}}]}},"_links":{"self":[{"href":"https:\/\/www.winespiritscollection.com\/fr\/wp-json\/wp\/v2\/product\/901","targetHints":{"allow":["GET"]}}],"collection":[{"href":"https:\/\/www.winespiritscollection.com\/fr\/wp-json\/wp\/v2\/product"}],"about":[{"href":"https:\/\/www.winespiritscollection.com\/fr\/wp-json\/wp\/v2\/types\/product"}],"replies":[{"embeddable":true,"href":"https:\/\/www.winespiritscollection.com\/fr\/wp-json\/wp\/v2\/comments?post=901"}],"wp:featuredmedia":[{"embeddable":true,"href":"https:\/\/www.winespiritscollection.com\/fr\/wp-json\/wp\/v2\/media\/635"}],"wp:attachment":[{"href":"https:\/\/www.winespiritscollection.com\/fr\/wp-json\/wp\/v2\/media?parent=901"}],"wp:term":[{"taxonomy":"product_brand","embeddable":true,"href":"https:\/\/www.winespiritscollection.com\/fr\/wp-json\/wp\/v2\/product_brand?post=901"},{"taxonomy":"product_cat","embeddable":true,"href":"https:\/\/www.winespiritscollection.com\/fr\/wp-json\/wp\/v2\/product_cat?post=901"},{"taxonomy":"product_tag","embeddable":true,"href":"https:\/\/www.winespiritscollection.com\/fr\/wp-json\/wp\/v2\/product_tag?post=901"}],"curies":[{"name":"wp","href":"https:\/\/api.w.org\/{rel}","templated":true}]}}